{"id":14886,"date":"2025-05-14T07:05:37","date_gmt":"2025-05-14T10:05:37","guid":{"rendered":"https:\/\/unitgames.com.ar\/pc-gamer\/?post_type=product&#038;p=14886"},"modified":"2026-01-09T07:15:16","modified_gmt":"2026-01-09T10:15:16","slug":"watercooling-solarmax-wc-b360","status":"publish","type":"product","link":"https:\/\/unitgames.com.ar\/pc-gamer\/producto\/watercooling-solarmax-wc-b360\/","title":{"rendered":"WaterCooling SOLARMAX WC-B360"},"content":{"rendered":"<div class=\"p-4 sp__accordion\">\n<div class=\"ac__property gap-0 lg:gap-4\">\n<p data-start=\"0\" data-end=\"134\"><span class=\"relative -mx-px my-[-0.2rem] rounded px-px py-[0.2rem] transition-colors duration-100 ease-in-out\">El <strong data-start=\"3\" data-end=\"41\">WaterCooling Solarmax WC-B360 ARGB<\/strong> es un sistema de refrigeraci\u00f3n l\u00edquida todo en uno (AIO) de 360 mm, dise\u00f1ado para ofrecer un rendimiento eficiente y una est\u00e9tica atractiva con iluminaci\u00f3n ARGB.<\/span> A continuaci\u00f3n, se detallan sus especificaciones t\u00e9cnicas:<\/p>\n<hr data-start=\"136\" data-end=\"139\" \/>\n<h3 data-start=\"141\" data-end=\"177\"><strong data-start=\"148\" data-end=\"177\">Especificaciones T\u00e9cnicas<\/strong><\/h3>\n<p>&nbsp;<\/p>\n<ul>\n<li data-start=\"181\" data-end=\"248\"><strong data-start=\"181\" data-end=\"209\">Dimensiones del radiador<\/strong>: <span class=\"relative -mx-px my-[-0.2rem] rounded px-px py-[0.2rem] transition-colors duration-100 ease-in-out\">397 \u00d7 120 \u00d7 27 mm<\/span><\/li>\n<li data-start=\"251\" data-end=\"313\"><strong data-start=\"251\" data-end=\"274\">Tama\u00f1o del radiador<\/strong>: <span class=\"relative -mx-px my-[-0.2rem] rounded px-px py-[0.2rem] transition-colors duration-100 ease-in-out\">360 mm<\/span><\/li>\n<li data-start=\"316\" data-end=\"382\"><strong data-start=\"316\" data-end=\"341\">Material del radiador<\/strong>: <span class=\"relative -mx-px my-[-0.2rem] rounded px-px py-[0.2rem] transition-colors duration-100 ease-in-out\">Aluminio<\/span><\/li>\n<li data-start=\"385\" data-end=\"459\"><strong data-start=\"385\" data-end=\"418\">Velocidad de los ventiladores<\/strong>: <span class=\"relative -mx-px my-[-0.2rem] rounded px-px py-[0.2rem] transition-colors duration-100 ease-in-out\">2800 RPM \u00b110%<\/span><\/li>\n<li data-start=\"462\" data-end=\"520\"><strong data-start=\"462\" data-end=\"479\">Flujo de aire<\/strong>: <span class=\"relative -mx-px my-[-0.2rem] rounded px-px py-[0.2rem] transition-colors duration-100 ease-in-out\">76.6 CFM por ventilador<\/span><\/li>\n<li data-start=\"523\" data-end=\"582\"><strong data-start=\"523\" data-end=\"541\">Nivel de ruido<\/strong>: <span class=\"relative -mx-px my-[-0.2rem] rounded px-px py-[0.2rem] transition-colors duration-100 ease-in-out\">36 dB(A)<\/span><\/li>\n<li data-start=\"585\" data-end=\"655\"><strong data-start=\"585\" data-end=\"614\">Longitud de las mangueras<\/strong>: <span class=\"relative -mx-px my-[-0.2rem] rounded px-px py-[0.2rem] transition-colors duration-100 ease-in-out\">400 mm<\/span><\/li>\n<li data-start=\"658\" data-end=\"721\"><strong data-start=\"658\" data-end=\"680\">Voltaje de entrada<\/strong>: <span class=\"relative -mx-px my-[-0.2rem] rounded px-px py-[0.2rem] transition-colors duration-100 ease-in-out\">12V DC<\/span><\/li>\n<li data-start=\"724\" data-end=\"819\"><strong data-start=\"724\" data-end=\"739\">Iluminaci\u00f3n<\/strong>: <span class=\"relative -mx-px my-[-0.2rem] rounded px-px py-[0.2rem] transition-colors duration-100 ease-in-out\">ARGB (Addressable RGB)<\/span><\/li>\n<\/ul>\n<hr data-start=\"821\" data-end=\"824\" \/>\n<h3 data-start=\"826\" data-end=\"862\"><strong data-start=\"833\" data-end=\"862\">Compatibilidad de Sockets<\/strong><\/h3>\n<p>&nbsp;<\/p>\n<ul>\n<li data-start=\"866\" data-end=\"916\"><strong data-start=\"866\" data-end=\"875\">Intel<\/strong>: <span class=\"relative -mx-px my-[-0.2rem] rounded px-px py-[0.2rem] transition-colors duration-100 ease-in-out\">LGA 775, 1150, 1151, 1155, 1156, 1366, 2011, 2011-V3, 1200, 1700<\/span><\/li>\n<li data-start=\"919\" data-end=\"1006\"><strong data-start=\"919\" data-end=\"926\">AMD<\/strong>: <span class=\"relative -mx-px my-[-0.2rem] rounded px-px py-[0.2rem] transition-colors duration-100 ease-in-out\">AM3, AM4, AM5, Ryzen 3, Ryzen 5, Ryzen 7, Threadripper<\/span><\/li>\n<\/ul>\n<hr data-start=\"1008\" data-end=\"1011\" \/>\n<ul>\n<li data-start=\"1013\" data-end=\"1051\"><strong data-start=\"1020\" data-end=\"1051\">Caracter\u00edsticas Adicionales<\/strong><\/li>\n<li data-start=\"1055\" data-end=\"1116\"><strong data-start=\"1055\" data-end=\"1075\">Iluminaci\u00f3n ARGB<\/strong>: <span class=\"relative -mx-px my-[-0.2rem] rounded px-px py-[0.2rem] transition-colors duration-100 ease-in-out\">Compatible con placas madre que soportan control de iluminaci\u00f3n ARGB, permitiendo sincronizar efectos de luz con otros componentes del sistema.<\/span><\/li>\n<li data-start=\"1119\" data-end=\"1191\"><strong data-start=\"1119\" data-end=\"1150\">Dise\u00f1o de triple ventilador<\/strong>: <span class=\"relative -mx-px my-[-0.2rem] rounded px-px py-[0.2rem] transition-colors duration-100 ease-in-out\">Incluye tres ventiladores de 120 mm para una disipaci\u00f3n de calor eficiente.<\/span><\/li>\n<li data-start=\"1194\" data-end=\"1298\"><strong data-start=\"1194\" data-end=\"1218\">Construcci\u00f3n robusta<\/strong>: <span class=\"relative -mx-px my-[-0.2rem] rounded px-px py-[0.2rem] transition-colors duration-100 ease-in-out\">El radiador de aluminio y las mangueras de 400 mm ofrecen durabilidad y flexibilidad en la instalaci\u00f3n.<\/span><\/li>\n<\/ul>\n<hr data-start=\"1300\" data-end=\"1303\" \/>\n<p>&nbsp;<\/p>\n<\/div>\n<\/div>\n","protected":false},"excerpt":{"rendered":"<p>El WaterCooling Solarmax WC-B360 ARGB es un sistema de refrigeraci\u00f3n l\u00edquida todo en uno (AIO) de 360 mm, dise\u00f1ado para ofrecer un rendimiento eficiente y una est\u00e9tica atractiva con iluminaci\u00f3n ARGB. A continuaci\u00f3n, se detallan sus especificaciones t\u00e9cnicas: Especificaciones T\u00e9cnicas &nbsp; Dimensiones del radiador: 397 \u00d7 120 \u00d7 27 mm Tama\u00f1o del radiador: 360 mm Material del radiador: Aluminio Velocidad de los ventiladores: 2800 RPM \u00b110% Flujo de aire: 76.6 CFM por ventilador Nivel de ruido: 36 dB(A) Longitud de las mangueras: 400 mm Voltaje de entrada: 12V DC Iluminaci\u00f3n: ARGB (Addressable RGB) Compatibilidad de Sockets &nbsp; Intel: LGA 775, 1150, 1151, 1155, 1156, 1366, 2011, 2011-V3, 1200, 1700 AMD: AM3, AM4, AM5, Ryzen 3, Ryzen 5, Ryzen 7, Threadripper Caracter\u00edsticas Adicionales Iluminaci\u00f3n ARGB: Compatible con placas madre que soportan control de iluminaci\u00f3n ARGB, permitiendo sincronizar efectos de luz con otros componentes del sistema. Dise\u00f1o de triple ventilador: Incluye tres ventiladores de 120 mm para una disipaci\u00f3n de calor eficiente. Construcci\u00f3n robusta: El radiador de aluminio y las mangueras de 400 mm ofrecen durabilidad y flexibilidad en la instalaci\u00f3n. &nbsp;<\/p>\n","protected":false},"featured_media":15123,"template":"","meta":{"site-sidebar-layout":"default","site-content-layout":"","ast-site-content-layout":"default","site-content-style":"default","site-sidebar-style":"default","ast-global-header-display":"","ast-banner-title-visibility":"","ast-main-header-display":"","ast-hfb-above-header-display":"","ast-hfb-below-header-display":"","ast-hfb-mobile-header-display":"","site-post-title":"","ast-breadcrumbs-content":"","ast-featured-img":"","footer-sml-layout":"","theme-transparent-header-meta":"default","adv-header-id-meta":"","stick-header-meta":"","header-above-stick-meta":"","header-main-stick-meta":"","header-below-stick-meta":"","astra-migrate-meta-layouts":"set","ast-page-background-enabled":"default","ast-page-background-meta":{"desktop":{"background-color":"var(--ast-global-color-5)","background-image":"","background-repeat":"repeat","background-position":"center center","background-size":"auto","background-attachment":"scroll","background-type":"","background-media":"","overlay-type":"","overlay-color":"","overlay-opacity":"","overlay-gradient":""},"tablet":{"background-color":"","background-image":"","background-repeat":"repeat","background-position":"center center","background-size":"auto","background-attachment":"scroll","background-type":"","background-media":"","overlay-type":"","overlay-color":"","overlay-opacity":"","overlay-gradient":""},"mobile":{"background-color":"","background-image":"","background-repeat":"repeat","background-position":"center center","background-size":"auto","background-attachment":"scroll","background-type":"","background-media":"","overlay-type":"","overlay-color":"","overlay-opacity":"","overlay-gradient":""}},"ast-content-background-meta":{"desktop":{"background-color":"var(--ast-global-color-4)","background-image":"","background-repeat":"repeat","background-position":"center center","background-size":"auto","background-attachment":"scroll","background-type":"","background-media":"","overlay-type":"","overlay-color":"","overlay-opacity":"","overlay-gradient":""},"tablet":{"background-color":"var(--ast-global-color-4)","background-image":"","background-repeat":"repeat","background-position":"center center","background-size":"auto","background-attachment":"scroll","background-type":"","background-media":"","overlay-type":"","overlay-color":"","overlay-opacity":"","overlay-gradient":""},"mobile":{"background-color":"var(--ast-global-color-4)","background-image":"","background-repeat":"repeat","background-position":"center center","background-size":"auto","background-attachment":"scroll","background-type":"","background-media":"","overlay-type":"","overlay-color":"","overlay-opacity":"","overlay-gradient":""}},"_joinchat":[]},"product_brand":[],"product_cat":[100],"product_tag":[],"class_list":{"0":"post-14886","1":"product","2":"type-product","3":"status-publish","4":"has-post-thumbnail","6":"product_cat-cpu-coolers","7":"desktop-align-center","8":"tablet-align-left","9":"mobile-align-left","11":"first","12":"instock","13":"shipping-taxable","14":"purchasable","15":"product-type-simple"},"yoast_head":"<!-- This site is optimized with the Yoast SEO plugin v27.5 - https:\/\/yoast.com\/product\/yoast-seo-wordpress\/ -->\n<title>WaterCooling SOLARMAX WC-B360 - UnitGames<\/title>\n<meta name=\"robots\" content=\"index, follow, max-snippet:-1, max-image-preview:large, max-video-preview:-1\" \/>\n<link rel=\"canonical\" href=\"https:\/\/unitgames.com.ar\/pc-gamer\/producto\/watercooling-solarmax-wc-b360\/\" \/>\n<meta property=\"og:locale\" content=\"es_ES\" \/>\n<meta property=\"og:type\" content=\"article\" \/>\n<meta property=\"og:title\" content=\"WaterCooling SOLARMAX WC-B360 - UnitGames\" \/>\n<meta property=\"og:description\" content=\"El WaterCooling Solarmax WC-B360 ARGB es un sistema de refrigeraci\u00f3n l\u00edquida todo en uno (AIO) de 360 mm, dise\u00f1ado para ofrecer un rendimiento eficiente y una est\u00e9tica atractiva con iluminaci\u00f3n ARGB. A continuaci\u00f3n, se detallan sus especificaciones t\u00e9cnicas: Especificaciones T\u00e9cnicas &nbsp; Dimensiones del radiador: 397 \u00d7 120 \u00d7 27 mm Tama\u00f1o del radiador: 360 mm Material del radiador: Aluminio Velocidad de los ventiladores: 2800 RPM \u00b110% Flujo de aire: 76.6 CFM por ventilador Nivel de ruido: 36 dB(A) Longitud de las mangueras: 400 mm Voltaje de entrada: 12V DC Iluminaci\u00f3n: ARGB (Addressable RGB) Compatibilidad de Sockets &nbsp; Intel: LGA 775, 1150, 1151, 1155, 1156, 1366, 2011, 2011-V3, 1200, 1700 AMD: AM3, AM4, AM5, Ryzen 3, Ryzen 5, Ryzen 7, Threadripper Caracter\u00edsticas Adicionales Iluminaci\u00f3n ARGB: Compatible con placas madre que soportan control de iluminaci\u00f3n ARGB, permitiendo sincronizar efectos de luz con otros componentes del sistema. Dise\u00f1o de triple ventilador: Incluye tres ventiladores de 120 mm para una disipaci\u00f3n de calor eficiente. Construcci\u00f3n robusta: El radiador de aluminio y las mangueras de 400 mm ofrecen durabilidad y flexibilidad en la instalaci\u00f3n. &nbsp;\" \/>\n<meta property=\"og:url\" content=\"https:\/\/unitgames.com.ar\/pc-gamer\/producto\/watercooling-solarmax-wc-b360\/\" \/>\n<meta property=\"og:site_name\" content=\"UnitGames\" \/>\n<meta property=\"article:modified_time\" content=\"2026-01-09T10:15:16+00:00\" \/>\n<meta property=\"og:image\" content=\"https:\/\/unitgames.com.ar\/pc-gamer\/wp-content\/uploads\/2025\/05\/WaterCooling-SOLARMAX-WC-B360.png\" \/>\n\t<meta property=\"og:image:width\" content=\"1263\" \/>\n\t<meta property=\"og:image:height\" content=\"1285\" \/>\n\t<meta property=\"og:image:type\" content=\"image\/png\" \/>\n<meta name=\"twitter:card\" content=\"summary_large_image\" \/>\n<meta name=\"twitter:label1\" content=\"Tiempo de lectura\" \/>\n\t<meta name=\"twitter:data1\" content=\"2 minutos\" \/>\n<script type=\"application\/ld+json\" class=\"yoast-schema-graph\">{\"@context\":\"https:\\\/\\\/schema.org\",\"@graph\":[{\"@type\":\"WebPage\",\"@id\":\"https:\\\/\\\/unitgames.com.ar\\\/pc-gamer\\\/producto\\\/watercooling-solarmax-wc-b360\\\/\",\"url\":\"https:\\\/\\\/unitgames.com.ar\\\/pc-gamer\\\/producto\\\/watercooling-solarmax-wc-b360\\\/\",\"name\":\"WaterCooling SOLARMAX WC-B360 - UnitGames\",\"isPartOf\":{\"@id\":\"https:\\\/\\\/unitgames.com.ar\\\/pc-gamer\\\/#website\"},\"primaryImageOfPage\":{\"@id\":\"https:\\\/\\\/unitgames.com.ar\\\/pc-gamer\\\/producto\\\/watercooling-solarmax-wc-b360\\\/#primaryimage\"},\"image\":{\"@id\":\"https:\\\/\\\/unitgames.com.ar\\\/pc-gamer\\\/producto\\\/watercooling-solarmax-wc-b360\\\/#primaryimage\"},\"thumbnailUrl\":\"https:\\\/\\\/unitgames.com.ar\\\/pc-gamer\\\/wp-content\\\/uploads\\\/2025\\\/05\\\/WaterCooling-SOLARMAX-WC-B360.png\",\"datePublished\":\"2025-05-14T10:05:37+00:00\",\"dateModified\":\"2026-01-09T10:15:16+00:00\",\"breadcrumb\":{\"@id\":\"https:\\\/\\\/unitgames.com.ar\\\/pc-gamer\\\/producto\\\/watercooling-solarmax-wc-b360\\\/#breadcrumb\"},\"inLanguage\":\"es\",\"potentialAction\":[{\"@type\":\"ReadAction\",\"target\":[\"https:\\\/\\\/unitgames.com.ar\\\/pc-gamer\\\/producto\\\/watercooling-solarmax-wc-b360\\\/\"]}]},{\"@type\":\"ImageObject\",\"inLanguage\":\"es\",\"@id\":\"https:\\\/\\\/unitgames.com.ar\\\/pc-gamer\\\/producto\\\/watercooling-solarmax-wc-b360\\\/#primaryimage\",\"url\":\"https:\\\/\\\/unitgames.com.ar\\\/pc-gamer\\\/wp-content\\\/uploads\\\/2025\\\/05\\\/WaterCooling-SOLARMAX-WC-B360.png\",\"contentUrl\":\"https:\\\/\\\/unitgames.com.ar\\\/pc-gamer\\\/wp-content\\\/uploads\\\/2025\\\/05\\\/WaterCooling-SOLARMAX-WC-B360.png\",\"width\":1263,\"height\":1285},{\"@type\":\"BreadcrumbList\",\"@id\":\"https:\\\/\\\/unitgames.com.ar\\\/pc-gamer\\\/producto\\\/watercooling-solarmax-wc-b360\\\/#breadcrumb\",\"itemListElement\":[{\"@type\":\"ListItem\",\"position\":1,\"name\":\"Tienda\",\"item\":\"https:\\\/\\\/unitgames.com.ar\\\/pc-gamer\\\/tienda\\\/\"},{\"@type\":\"ListItem\",\"position\":2,\"name\":\"WaterCooling SOLARMAX WC-B360\"}]},{\"@type\":\"WebSite\",\"@id\":\"https:\\\/\\\/unitgames.com.ar\\\/pc-gamer\\\/#website\",\"url\":\"https:\\\/\\\/unitgames.com.ar\\\/pc-gamer\\\/\",\"name\":\"UnitGames\",\"description\":\"Venta de PC Gamers, Consolas , Servicio Tecnico Especializado. Todos en Accesorios Informaticos y Gamers\",\"publisher\":{\"@id\":\"https:\\\/\\\/unitgames.com.ar\\\/pc-gamer\\\/#organization\"},\"potentialAction\":[{\"@type\":\"SearchAction\",\"target\":{\"@type\":\"EntryPoint\",\"urlTemplate\":\"https:\\\/\\\/unitgames.com.ar\\\/pc-gamer\\\/?s={search_term_string}\"},\"query-input\":{\"@type\":\"PropertyValueSpecification\",\"valueRequired\":true,\"valueName\":\"search_term_string\"}}],\"inLanguage\":\"es\"},{\"@type\":\"Organization\",\"@id\":\"https:\\\/\\\/unitgames.com.ar\\\/pc-gamer\\\/#organization\",\"name\":\"UnitGames\",\"url\":\"https:\\\/\\\/unitgames.com.ar\\\/pc-gamer\\\/\",\"logo\":{\"@type\":\"ImageObject\",\"inLanguage\":\"es\",\"@id\":\"https:\\\/\\\/unitgames.com.ar\\\/pc-gamer\\\/#\\\/schema\\\/logo\\\/image\\\/\",\"url\":\"https:\\\/\\\/unitgames.com.ar\\\/pc-gamer\\\/wp-content\\\/uploads\\\/2021\\\/01\\\/cropped-logoUnitGames2.png\",\"contentUrl\":\"https:\\\/\\\/unitgames.com.ar\\\/pc-gamer\\\/wp-content\\\/uploads\\\/2021\\\/01\\\/cropped-logoUnitGames2.png\",\"width\":152,\"height\":200,\"caption\":\"UnitGames\"},\"image\":{\"@id\":\"https:\\\/\\\/unitgames.com.ar\\\/pc-gamer\\\/#\\\/schema\\\/logo\\\/image\\\/\"}}]}<\/script>\n<!-- \/ Yoast SEO plugin. -->","yoast_head_json":{"title":"WaterCooling SOLARMAX WC-B360 - UnitGames","robots":{"index":"index","follow":"follow","max-snippet":"max-snippet:-1","max-image-preview":"max-image-preview:large","max-video-preview":"max-video-preview:-1"},"canonical":"https:\/\/unitgames.com.ar\/pc-gamer\/producto\/watercooling-solarmax-wc-b360\/","og_locale":"es_ES","og_type":"article","og_title":"WaterCooling SOLARMAX WC-B360 - UnitGames","og_description":"El WaterCooling Solarmax WC-B360 ARGB es un sistema de refrigeraci\u00f3n l\u00edquida todo en uno (AIO) de 360 mm, dise\u00f1ado para ofrecer un rendimiento eficiente y una est\u00e9tica atractiva con iluminaci\u00f3n ARGB. A continuaci\u00f3n, se detallan sus especificaciones t\u00e9cnicas: Especificaciones T\u00e9cnicas &nbsp; Dimensiones del radiador: 397 \u00d7 120 \u00d7 27 mm Tama\u00f1o del radiador: 360 mm Material del radiador: Aluminio Velocidad de los ventiladores: 2800 RPM \u00b110% Flujo de aire: 76.6 CFM por ventilador Nivel de ruido: 36 dB(A) Longitud de las mangueras: 400 mm Voltaje de entrada: 12V DC Iluminaci\u00f3n: ARGB (Addressable RGB) Compatibilidad de Sockets &nbsp; Intel: LGA 775, 1150, 1151, 1155, 1156, 1366, 2011, 2011-V3, 1200, 1700 AMD: AM3, AM4, AM5, Ryzen 3, Ryzen 5, Ryzen 7, Threadripper Caracter\u00edsticas Adicionales Iluminaci\u00f3n ARGB: Compatible con placas madre que soportan control de iluminaci\u00f3n ARGB, permitiendo sincronizar efectos de luz con otros componentes del sistema. Dise\u00f1o de triple ventilador: Incluye tres ventiladores de 120 mm para una disipaci\u00f3n de calor eficiente. Construcci\u00f3n robusta: El radiador de aluminio y las mangueras de 400 mm ofrecen durabilidad y flexibilidad en la instalaci\u00f3n. &nbsp;","og_url":"https:\/\/unitgames.com.ar\/pc-gamer\/producto\/watercooling-solarmax-wc-b360\/","og_site_name":"UnitGames","article_modified_time":"2026-01-09T10:15:16+00:00","og_image":[{"width":1263,"height":1285,"url":"https:\/\/unitgames.com.ar\/pc-gamer\/wp-content\/uploads\/2025\/05\/WaterCooling-SOLARMAX-WC-B360.png","type":"image\/png"}],"twitter_card":"summary_large_image","twitter_misc":{"Tiempo de lectura":"2 minutos"},"schema":{"@context":"https:\/\/schema.org","@graph":[{"@type":"WebPage","@id":"https:\/\/unitgames.com.ar\/pc-gamer\/producto\/watercooling-solarmax-wc-b360\/","url":"https:\/\/unitgames.com.ar\/pc-gamer\/producto\/watercooling-solarmax-wc-b360\/","name":"WaterCooling SOLARMAX WC-B360 - UnitGames","isPartOf":{"@id":"https:\/\/unitgames.com.ar\/pc-gamer\/#website"},"primaryImageOfPage":{"@id":"https:\/\/unitgames.com.ar\/pc-gamer\/producto\/watercooling-solarmax-wc-b360\/#primaryimage"},"image":{"@id":"https:\/\/unitgames.com.ar\/pc-gamer\/producto\/watercooling-solarmax-wc-b360\/#primaryimage"},"thumbnailUrl":"https:\/\/unitgames.com.ar\/pc-gamer\/wp-content\/uploads\/2025\/05\/WaterCooling-SOLARMAX-WC-B360.png","datePublished":"2025-05-14T10:05:37+00:00","dateModified":"2026-01-09T10:15:16+00:00","breadcrumb":{"@id":"https:\/\/unitgames.com.ar\/pc-gamer\/producto\/watercooling-solarmax-wc-b360\/#breadcrumb"},"inLanguage":"es","potentialAction":[{"@type":"ReadAction","target":["https:\/\/unitgames.com.ar\/pc-gamer\/producto\/watercooling-solarmax-wc-b360\/"]}]},{"@type":"ImageObject","inLanguage":"es","@id":"https:\/\/unitgames.com.ar\/pc-gamer\/producto\/watercooling-solarmax-wc-b360\/#primaryimage","url":"https:\/\/unitgames.com.ar\/pc-gamer\/wp-content\/uploads\/2025\/05\/WaterCooling-SOLARMAX-WC-B360.png","contentUrl":"https:\/\/unitgames.com.ar\/pc-gamer\/wp-content\/uploads\/2025\/05\/WaterCooling-SOLARMAX-WC-B360.png","width":1263,"height":1285},{"@type":"BreadcrumbList","@id":"https:\/\/unitgames.com.ar\/pc-gamer\/producto\/watercooling-solarmax-wc-b360\/#breadcrumb","itemListElement":[{"@type":"ListItem","position":1,"name":"Tienda","item":"https:\/\/unitgames.com.ar\/pc-gamer\/tienda\/"},{"@type":"ListItem","position":2,"name":"WaterCooling SOLARMAX WC-B360"}]},{"@type":"WebSite","@id":"https:\/\/unitgames.com.ar\/pc-gamer\/#website","url":"https:\/\/unitgames.com.ar\/pc-gamer\/","name":"UnitGames","description":"Venta de PC Gamers, Consolas , Servicio Tecnico Especializado. Todos en Accesorios Informaticos y Gamers","publisher":{"@id":"https:\/\/unitgames.com.ar\/pc-gamer\/#organization"},"potentialAction":[{"@type":"SearchAction","target":{"@type":"EntryPoint","urlTemplate":"https:\/\/unitgames.com.ar\/pc-gamer\/?s={search_term_string}"},"query-input":{"@type":"PropertyValueSpecification","valueRequired":true,"valueName":"search_term_string"}}],"inLanguage":"es"},{"@type":"Organization","@id":"https:\/\/unitgames.com.ar\/pc-gamer\/#organization","name":"UnitGames","url":"https:\/\/unitgames.com.ar\/pc-gamer\/","logo":{"@type":"ImageObject","inLanguage":"es","@id":"https:\/\/unitgames.com.ar\/pc-gamer\/#\/schema\/logo\/image\/","url":"https:\/\/unitgames.com.ar\/pc-gamer\/wp-content\/uploads\/2021\/01\/cropped-logoUnitGames2.png","contentUrl":"https:\/\/unitgames.com.ar\/pc-gamer\/wp-content\/uploads\/2021\/01\/cropped-logoUnitGames2.png","width":152,"height":200,"caption":"UnitGames"},"image":{"@id":"https:\/\/unitgames.com.ar\/pc-gamer\/#\/schema\/logo\/image\/"}}]}},"_links":{"self":[{"href":"https:\/\/unitgames.com.ar\/pc-gamer\/wp-json\/wp\/v2\/product\/14886","targetHints":{"allow":["GET"]}}],"collection":[{"href":"https:\/\/unitgames.com.ar\/pc-gamer\/wp-json\/wp\/v2\/product"}],"about":[{"href":"https:\/\/unitgames.com.ar\/pc-gamer\/wp-json\/wp\/v2\/types\/product"}],"version-history":[{"count":0,"href":"https:\/\/unitgames.com.ar\/pc-gamer\/wp-json\/wp\/v2\/product\/14886\/revisions"}],"wp:featuredmedia":[{"embeddable":true,"href":"https:\/\/unitgames.com.ar\/pc-gamer\/wp-json\/wp\/v2\/media\/15123"}],"wp:attachment":[{"href":"https:\/\/unitgames.com.ar\/pc-gamer\/wp-json\/wp\/v2\/media?parent=14886"}],"wp:term":[{"taxonomy":"product_brand","embeddable":true,"href":"https:\/\/unitgames.com.ar\/pc-gamer\/wp-json\/wp\/v2\/product_brand?post=14886"},{"taxonomy":"product_cat","embeddable":true,"href":"https:\/\/unitgames.com.ar\/pc-gamer\/wp-json\/wp\/v2\/product_cat?post=14886"},{"taxonomy":"product_tag","embeddable":true,"href":"https:\/\/unitgames.com.ar\/pc-gamer\/wp-json\/wp\/v2\/product_tag?post=14886"}],"curies":[{"name":"wp","href":"https:\/\/api.w.org\/{rel}","templated":true}]}}