{"id":14959,"date":"2025-05-23T17:00:46","date_gmt":"2025-05-23T20:00:46","guid":{"rendered":"https:\/\/unitgames.com.ar\/pc-gamer\/?post_type=product&#038;p=14959"},"modified":"2026-03-30T10:29:27","modified_gmt":"2026-03-30T13:29:27","slug":"mouse-logitech-g-pro-2-lightspeed-black","status":"publish","type":"product","link":"https:\/\/unitgames.com.ar\/pc-gamer\/producto\/mouse-logitech-g-pro-2-lightspeed-black\/","title":{"rendered":"Mouse LOGITECH G Pro 2 Lightspeed Black"},"content":{"rendered":"<p data-start=\"39\" data-end=\"175\"><span class=\"relative -mx-px my-[-0.2rem] rounded px-px py-[0.2rem] transition-colors duration-100 ease-in-out\">El Mouse Logitech G Pro 2 Lightspeed Black es un dispositivo inal\u00e1mbrico de alto rendimiento, dise\u00f1ado para jugadores profesionales y entusiastas del gaming.<\/span> A continuaci\u00f3n, se detallan sus caracter\u00edsticas principales:<\/p>\n<h4 data-start=\"177\" data-end=\"199\"><strong data-start=\"177\" data-end=\"199\">Dise\u00f1o y Ergonom\u00eda<\/strong><\/h4>\n<p>&nbsp;<\/p>\n<ul data-start=\"200\" data-end=\"402\">\n<li data-start=\"200\" data-end=\"239\">\n<p data-start=\"202\" data-end=\"239\"><span class=\"relative -mx-px my-[-0.2rem] rounded px-px py-[0.2rem] transition-colors duration-100 ease-in-out\">Dise\u00f1o ambidiestro con botones laterales magn\u00e9ticos intercambiables, adapt\u00e1ndose tanto a usuarios diestros como zurdos.<\/span><\/p>\n<\/li>\n<li data-start=\"240\" data-end=\"279\">\n<p data-start=\"242\" data-end=\"279\"><span class=\"relative -mx-px my-[-0.2rem] rounded px-px py-[0.2rem] transition-colors duration-100 ease-in-out\">Dimensiones: 125 mm de largo, 63.5 mm de ancho y 40 mm de alto.<\/span><\/p>\n<\/li>\n<li data-start=\"280\" data-end=\"321\">\n<p data-start=\"282\" data-end=\"321\"><span class=\"relative -mx-px my-[-0.2rem] rounded px-px py-[0.2rem] transition-colors duration-100 ease-in-out\">Peso: 80 gramos.<\/span><\/p>\n<\/li>\n<li data-start=\"322\" data-end=\"402\">\n<p data-start=\"324\" data-end=\"402\"><span class=\"relative -mx-px my-[-0.2rem] rounded px-px py-[0.2rem] transition-colors duration-100 ease-in-out\">Acabado mate disponible en colores negro, blanco y rosa.<\/span><\/p>\n<\/li>\n<\/ul>\n<h4 data-start=\"404\" data-end=\"428\"><strong data-start=\"404\" data-end=\"428\">Sensor y Rendimiento<\/strong><\/h4>\n<p>&nbsp;<\/p>\n<ul data-start=\"429\" data-end=\"593\">\n<li data-start=\"429\" data-end=\"470\">\n<p data-start=\"431\" data-end=\"470\"><span class=\"relative -mx-px my-[-0.2rem] rounded px-px py-[0.2rem] transition-colors duration-100 ease-in-out\">Equipado con el sensor HERO 2, ofreciendo una resoluci\u00f3n ajustable desde 100 hasta 32,000 DPI.<\/span><\/p>\n<\/li>\n<li data-start=\"471\" data-end=\"512\">\n<p data-start=\"473\" data-end=\"512\"><span class=\"relative -mx-px my-[-0.2rem] rounded px-px py-[0.2rem] transition-colors duration-100 ease-in-out\">Velocidad m\u00e1xima de seguimiento superior a 500 IPS y aceleraci\u00f3n m\u00e1xima mayor a 40 G.<\/span><\/p>\n<\/li>\n<li data-start=\"513\" data-end=\"593\">\n<p data-start=\"515\" data-end=\"593\"><span class=\"relative -mx-px my-[-0.2rem] rounded px-px py-[0.2rem] transition-colors duration-100 ease-in-out\">Sin suavizado, aceleraci\u00f3n ni filtrado, garantizando una precisi\u00f3n \u00f3ptima.<\/span><\/p>\n<\/li>\n<\/ul>\n<h4 data-start=\"595\" data-end=\"621\"><strong data-start=\"595\" data-end=\"621\">Conectividad y Bater\u00eda<\/strong><\/h4>\n<p>&nbsp;<\/p>\n<ul data-start=\"622\" data-end=\"870\">\n<li data-start=\"622\" data-end=\"663\">\n<p data-start=\"624\" data-end=\"663\"><span class=\"relative -mx-px my-[-0.2rem] rounded px-px py-[0.2rem] transition-colors duration-100 ease-in-out\">Tecnolog\u00eda inal\u00e1mbrica LIGHTSPEED, proporcionando una conexi\u00f3n estable y r\u00e1pida.<\/span><\/p>\n<\/li>\n<li data-start=\"664\" data-end=\"705\">\n<p data-start=\"666\" data-end=\"705\"><span class=\"relative -mx-px my-[-0.2rem] rounded px-px py-[0.2rem] transition-colors duration-100 ease-in-out\">Alcance inal\u00e1mbrico superior a 10 metros.<\/span><\/p>\n<\/li>\n<li data-start=\"706\" data-end=\"747\">\n<p data-start=\"708\" data-end=\"747\"><span class=\"relative -mx-px my-[-0.2rem] rounded px-px py-[0.2rem] transition-colors duration-100 ease-in-out\">Tasa de reporte de 1000 Hz (1 ms).<\/span><\/p>\n<\/li>\n<li data-start=\"748\" data-end=\"789\">\n<p data-start=\"750\" data-end=\"789\"><span class=\"relative -mx-px my-[-0.2rem] rounded px-px py-[0.2rem] transition-colors duration-100 ease-in-out\">Bater\u00eda recargable de pol\u00edmero de litio con una duraci\u00f3n de hasta 95 horas sin iluminaci\u00f3n y hasta 60 horas con iluminaci\u00f3n RGB activada.<\/span><\/p>\n<\/li>\n<li data-start=\"790\" data-end=\"870\">\n<p data-start=\"792\" data-end=\"870\"><span class=\"relative -mx-px my-[-0.2rem] rounded px-px py-[0.2rem] transition-colors duration-100 ease-in-out\">Carga mediante cable USB-C y compatible con la tecnolog\u00eda de carga inal\u00e1mbrica POWERPLAY.<\/span><\/p>\n<\/li>\n<\/ul>\n<h4 data-start=\"872\" data-end=\"901\"><strong data-start=\"872\" data-end=\"901\">Botones y Personalizaci\u00f3n<\/strong><\/h4>\n<p>&nbsp;<\/p>\n<ul data-start=\"902\" data-end=\"1108\">\n<li data-start=\"902\" data-end=\"943\">\n<p data-start=\"904\" data-end=\"943\"><span class=\"relative -mx-px my-[-0.2rem] rounded px-px py-[0.2rem] transition-colors duration-100 ease-in-out\">Cuenta con 5 botones est\u00e1ndar: clic izquierdo, clic derecho, rueda de desplazamiento, y dos botones laterales.<\/span><\/p>\n<\/li>\n<li data-start=\"944\" data-end=\"985\">\n<p data-start=\"946\" data-end=\"985\"><span class=\"relative -mx-px my-[-0.2rem] rounded px-px py-[0.2rem] transition-colors duration-100 ease-in-out\">Incluye hasta 4 botones laterales magn\u00e9ticos intercambiables, permitiendo una configuraci\u00f3n de entre 4 y 8 botones seg\u00fan las preferencias del usuario.<\/span><\/p>\n<\/li>\n<li data-start=\"986\" data-end=\"1027\">\n<p data-start=\"988\" data-end=\"1027\"><span class=\"relative -mx-px my-[-0.2rem] rounded px-px py-[0.2rem] transition-colors duration-100 ease-in-out\">Interruptores h\u00edbridos LIGHTFORCE, combinando la velocidad de los interruptores \u00f3pticos con la sensaci\u00f3n t\u00e1ctil de los mec\u00e1nicos.<\/span><\/p>\n<\/li>\n<li data-start=\"1028\" data-end=\"1108\">\n<p data-start=\"1030\" data-end=\"1108\"><span class=\"relative -mx-px my-[-0.2rem] rounded px-px py-[0.2rem] transition-colors duration-100 ease-in-out\">Memoria interna para almacenar hasta 5 perfiles de configuraci\u00f3n.<\/span><\/p>\n<\/li>\n<\/ul>\n<h4 data-start=\"1110\" data-end=\"1139\"><strong data-start=\"1110\" data-end=\"1139\">Compatibilidad y Software<\/strong><\/h4>\n<p>&nbsp;<\/p>\n<ul data-start=\"1140\" data-end=\"1262\">\n<li data-start=\"1140\" data-end=\"1181\">\n<p data-start=\"1142\" data-end=\"1181\"><span class=\"relative -mx-px my-[-0.2rem] rounded px-px py-[0.2rem] transition-colors duration-100 ease-in-out\">Compatible con sistemas operativos Windows 10 o superior y macOS.<\/span><\/p>\n<\/li>\n<li data-start=\"1182\" data-end=\"1262\">\n<p data-start=\"1184\" data-end=\"1262\"><span class=\"relative -mx-px my-[-0.2rem] rounded px-px py-[0.2rem] transition-colors duration-100 ease-in-out\">Requiere un puerto USB 2.0 y conexi\u00f3n a internet para descargar el software opcional Logitech G HUB, que permite personalizar configuraciones y efectos de iluminaci\u00f3n<\/span><\/p>\n<\/li>\n<\/ul>\n","protected":false},"excerpt":{"rendered":"<p>El Mouse Logitech G Pro 2 Lightspeed Black es un dispositivo inal\u00e1mbrico de alto rendimiento, dise\u00f1ado para jugadores profesionales y entusiastas del gaming. A continuaci\u00f3n, se detallan sus caracter\u00edsticas principales: Dise\u00f1o y Ergonom\u00eda &nbsp; Dise\u00f1o ambidiestro con botones laterales magn\u00e9ticos intercambiables, adapt\u00e1ndose tanto a usuarios diestros como zurdos. Dimensiones: 125 mm de largo, 63.5 mm de ancho y 40 mm de alto. Peso: 80 gramos. Acabado mate disponible en colores negro, blanco y rosa. Sensor y Rendimiento &nbsp; Equipado con el sensor HERO 2, ofreciendo una resoluci\u00f3n ajustable desde 100 hasta 32,000 DPI. Velocidad m\u00e1xima de seguimiento superior a 500 IPS y aceleraci\u00f3n m\u00e1xima mayor a 40 G. Sin suavizado, aceleraci\u00f3n ni filtrado, garantizando una precisi\u00f3n \u00f3ptima. Conectividad y Bater\u00eda &nbsp; Tecnolog\u00eda inal\u00e1mbrica LIGHTSPEED, proporcionando una conexi\u00f3n estable y r\u00e1pida. Alcance inal\u00e1mbrico superior a 10 metros. Tasa de reporte de 1000 Hz (1 ms). Bater\u00eda recargable de pol\u00edmero de litio con una duraci\u00f3n de hasta 95 horas sin iluminaci\u00f3n y hasta 60 horas con iluminaci\u00f3n RGB activada. Carga mediante cable USB-C y compatible con la tecnolog\u00eda de carga inal\u00e1mbrica POWERPLAY. Botones y Personalizaci\u00f3n &nbsp; Cuenta con 5 botones est\u00e1ndar: clic izquierdo, clic derecho, rueda de desplazamiento, y dos botones laterales. Incluye hasta 4 botones laterales magn\u00e9ticos intercambiables, permitiendo una configuraci\u00f3n de entre 4 y 8 botones seg\u00fan las preferencias del usuario. Interruptores h\u00edbridos LIGHTFORCE, combinando la velocidad de los interruptores \u00f3pticos con la sensaci\u00f3n t\u00e1ctil de los mec\u00e1nicos. Memoria interna para almacenar hasta 5 perfiles de configuraci\u00f3n. Compatibilidad y Software &nbsp; Compatible con sistemas operativos Windows 10 o superior y macOS. Requiere un puerto USB 2.0 y conexi\u00f3n a internet para descargar el software opcional Logitech G HUB, que permite personalizar configuraciones y efectos de iluminaci\u00f3n<\/p>\n","protected":false},"featured_media":15064,"template":"","meta":{"site-sidebar-layout":"default","site-content-layout":"","ast-site-content-layout":"default","site-content-style":"default","site-sidebar-style":"default","ast-global-header-display":"","ast-banner-title-visibility":"","ast-main-header-display":"","ast-hfb-above-header-display":"","ast-hfb-below-header-display":"","ast-hfb-mobile-header-display":"","site-post-title":"","ast-breadcrumbs-content":"","ast-featured-img":"","footer-sml-layout":"","theme-transparent-header-meta":"default","adv-header-id-meta":"","stick-header-meta":"","header-above-stick-meta":"","header-main-stick-meta":"","header-below-stick-meta":"","astra-migrate-meta-layouts":"set","ast-page-background-enabled":"default","ast-page-background-meta":{"desktop":{"background-color":"var(--ast-global-color-5)","background-image":"","background-repeat":"repeat","background-position":"center center","background-size":"auto","background-attachment":"scroll","background-type":"","background-media":"","overlay-type":"","overlay-color":"","overlay-opacity":"","overlay-gradient":""},"tablet":{"background-color":"","background-image":"","background-repeat":"repeat","background-position":"center center","background-size":"auto","background-attachment":"scroll","background-type":"","background-media":"","overlay-type":"","overlay-color":"","overlay-opacity":"","overlay-gradient":""},"mobile":{"background-color":"","background-image":"","background-repeat":"repeat","background-position":"center center","background-size":"auto","background-attachment":"scroll","background-type":"","background-media":"","overlay-type":"","overlay-color":"","overlay-opacity":"","overlay-gradient":""}},"ast-content-background-meta":{"desktop":{"background-color":"var(--ast-global-color-4)","background-image":"","background-repeat":"repeat","background-position":"center center","background-size":"auto","background-attachment":"scroll","background-type":"","background-media":"","overlay-type":"","overlay-color":"","overlay-opacity":"","overlay-gradient":""},"tablet":{"background-color":"var(--ast-global-color-4)","background-image":"","background-repeat":"repeat","background-position":"center center","background-size":"auto","background-attachment":"scroll","background-type":"","background-media":"","overlay-type":"","overlay-color":"","overlay-opacity":"","overlay-gradient":""},"mobile":{"background-color":"var(--ast-global-color-4)","background-image":"","background-repeat":"repeat","background-position":"center center","background-size":"auto","background-attachment":"scroll","background-type":"","background-media":"","overlay-type":"","overlay-color":"","overlay-opacity":"","overlay-gradient":""}},"_joinchat":[]},"product_brand":[],"product_cat":[89],"product_tag":[],"class_list":{"0":"post-14959","1":"product","2":"type-product","3":"status-publish","4":"has-post-thumbnail","6":"product_cat-gamer","7":"desktop-align-center","8":"tablet-align-left","9":"mobile-align-left","11":"first","12":"instock","13":"shipping-taxable","14":"purchasable","15":"product-type-simple"},"yoast_head":"<!-- This site is optimized with the Yoast SEO plugin v27.5 - https:\/\/yoast.com\/product\/yoast-seo-wordpress\/ -->\n<title>Mouse LOGITECH G Pro 2 Lightspeed Black - UnitGames<\/title>\n<meta name=\"robots\" content=\"index, follow, max-snippet:-1, max-image-preview:large, max-video-preview:-1\" \/>\n<link rel=\"canonical\" href=\"https:\/\/unitgames.com.ar\/pc-gamer\/producto\/mouse-logitech-g-pro-2-lightspeed-black\/\" \/>\n<meta property=\"og:locale\" content=\"es_ES\" \/>\n<meta property=\"og:type\" content=\"article\" \/>\n<meta property=\"og:title\" content=\"Mouse LOGITECH G Pro 2 Lightspeed Black - UnitGames\" \/>\n<meta property=\"og:description\" content=\"El Mouse Logitech G Pro 2 Lightspeed Black es un dispositivo inal\u00e1mbrico de alto rendimiento, dise\u00f1ado para jugadores profesionales y entusiastas del gaming. A continuaci\u00f3n, se detallan sus caracter\u00edsticas principales: Dise\u00f1o y Ergonom\u00eda &nbsp; Dise\u00f1o ambidiestro con botones laterales magn\u00e9ticos intercambiables, adapt\u00e1ndose tanto a usuarios diestros como zurdos. Dimensiones: 125 mm de largo, 63.5 mm de ancho y 40 mm de alto. Peso: 80 gramos. Acabado mate disponible en colores negro, blanco y rosa. Sensor y Rendimiento &nbsp; Equipado con el sensor HERO 2, ofreciendo una resoluci\u00f3n ajustable desde 100 hasta 32,000 DPI. Velocidad m\u00e1xima de seguimiento superior a 500 IPS y aceleraci\u00f3n m\u00e1xima mayor a 40 G. Sin suavizado, aceleraci\u00f3n ni filtrado, garantizando una precisi\u00f3n \u00f3ptima. Conectividad y Bater\u00eda &nbsp; Tecnolog\u00eda inal\u00e1mbrica LIGHTSPEED, proporcionando una conexi\u00f3n estable y r\u00e1pida. Alcance inal\u00e1mbrico superior a 10 metros. Tasa de reporte de 1000 Hz (1 ms). Bater\u00eda recargable de pol\u00edmero de litio con una duraci\u00f3n de hasta 95 horas sin iluminaci\u00f3n y hasta 60 horas con iluminaci\u00f3n RGB activada. Carga mediante cable USB-C y compatible con la tecnolog\u00eda de carga inal\u00e1mbrica POWERPLAY. Botones y Personalizaci\u00f3n &nbsp; Cuenta con 5 botones est\u00e1ndar: clic izquierdo, clic derecho, rueda de desplazamiento, y dos botones laterales. Incluye hasta 4 botones laterales magn\u00e9ticos intercambiables, permitiendo una configuraci\u00f3n de entre 4 y 8 botones seg\u00fan las preferencias del usuario. Interruptores h\u00edbridos LIGHTFORCE, combinando la velocidad de los interruptores \u00f3pticos con la sensaci\u00f3n t\u00e1ctil de los mec\u00e1nicos. Memoria interna para almacenar hasta 5 perfiles de configuraci\u00f3n. Compatibilidad y Software &nbsp; Compatible con sistemas operativos Windows 10 o superior y macOS. Requiere un puerto USB 2.0 y conexi\u00f3n a internet para descargar el software opcional Logitech G HUB, que permite personalizar configuraciones y efectos de iluminaci\u00f3n\" \/>\n<meta property=\"og:url\" content=\"https:\/\/unitgames.com.ar\/pc-gamer\/producto\/mouse-logitech-g-pro-2-lightspeed-black\/\" \/>\n<meta property=\"og:site_name\" content=\"UnitGames\" \/>\n<meta property=\"article:modified_time\" content=\"2026-03-30T13:29:27+00:00\" \/>\n<meta property=\"og:image\" content=\"https:\/\/unitgames.com.ar\/pc-gamer\/wp-content\/uploads\/2025\/05\/Mouse-LOGITECH-G-Pro-2-Lightspeed-Black.png\" \/>\n\t<meta property=\"og:image:width\" content=\"1283\" \/>\n\t<meta property=\"og:image:height\" content=\"1284\" \/>\n\t<meta property=\"og:image:type\" content=\"image\/png\" \/>\n<meta name=\"twitter:card\" content=\"summary_large_image\" \/>\n<meta name=\"twitter:label1\" content=\"Tiempo de lectura\" \/>\n\t<meta name=\"twitter:data1\" content=\"2 minutos\" \/>\n<script type=\"application\/ld+json\" class=\"yoast-schema-graph\">{\"@context\":\"https:\\\/\\\/schema.org\",\"@graph\":[{\"@type\":\"WebPage\",\"@id\":\"https:\\\/\\\/unitgames.com.ar\\\/pc-gamer\\\/producto\\\/mouse-logitech-g-pro-2-lightspeed-black\\\/\",\"url\":\"https:\\\/\\\/unitgames.com.ar\\\/pc-gamer\\\/producto\\\/mouse-logitech-g-pro-2-lightspeed-black\\\/\",\"name\":\"Mouse LOGITECH G Pro 2 Lightspeed Black - UnitGames\",\"isPartOf\":{\"@id\":\"https:\\\/\\\/unitgames.com.ar\\\/pc-gamer\\\/#website\"},\"primaryImageOfPage\":{\"@id\":\"https:\\\/\\\/unitgames.com.ar\\\/pc-gamer\\\/producto\\\/mouse-logitech-g-pro-2-lightspeed-black\\\/#primaryimage\"},\"image\":{\"@id\":\"https:\\\/\\\/unitgames.com.ar\\\/pc-gamer\\\/producto\\\/mouse-logitech-g-pro-2-lightspeed-black\\\/#primaryimage\"},\"thumbnailUrl\":\"https:\\\/\\\/unitgames.com.ar\\\/pc-gamer\\\/wp-content\\\/uploads\\\/2025\\\/05\\\/Mouse-LOGITECH-G-Pro-2-Lightspeed-Black.png\",\"datePublished\":\"2025-05-23T20:00:46+00:00\",\"dateModified\":\"2026-03-30T13:29:27+00:00\",\"breadcrumb\":{\"@id\":\"https:\\\/\\\/unitgames.com.ar\\\/pc-gamer\\\/producto\\\/mouse-logitech-g-pro-2-lightspeed-black\\\/#breadcrumb\"},\"inLanguage\":\"es\",\"potentialAction\":[{\"@type\":\"ReadAction\",\"target\":[\"https:\\\/\\\/unitgames.com.ar\\\/pc-gamer\\\/producto\\\/mouse-logitech-g-pro-2-lightspeed-black\\\/\"]}]},{\"@type\":\"ImageObject\",\"inLanguage\":\"es\",\"@id\":\"https:\\\/\\\/unitgames.com.ar\\\/pc-gamer\\\/producto\\\/mouse-logitech-g-pro-2-lightspeed-black\\\/#primaryimage\",\"url\":\"https:\\\/\\\/unitgames.com.ar\\\/pc-gamer\\\/wp-content\\\/uploads\\\/2025\\\/05\\\/Mouse-LOGITECH-G-Pro-2-Lightspeed-Black.png\",\"contentUrl\":\"https:\\\/\\\/unitgames.com.ar\\\/pc-gamer\\\/wp-content\\\/uploads\\\/2025\\\/05\\\/Mouse-LOGITECH-G-Pro-2-Lightspeed-Black.png\",\"width\":1283,\"height\":1284},{\"@type\":\"BreadcrumbList\",\"@id\":\"https:\\\/\\\/unitgames.com.ar\\\/pc-gamer\\\/producto\\\/mouse-logitech-g-pro-2-lightspeed-black\\\/#breadcrumb\",\"itemListElement\":[{\"@type\":\"ListItem\",\"position\":1,\"name\":\"Tienda\",\"item\":\"https:\\\/\\\/unitgames.com.ar\\\/pc-gamer\\\/tienda\\\/\"},{\"@type\":\"ListItem\",\"position\":2,\"name\":\"Mouse LOGITECH G Pro 2 Lightspeed Black\"}]},{\"@type\":\"WebSite\",\"@id\":\"https:\\\/\\\/unitgames.com.ar\\\/pc-gamer\\\/#website\",\"url\":\"https:\\\/\\\/unitgames.com.ar\\\/pc-gamer\\\/\",\"name\":\"UnitGames\",\"description\":\"Venta de PC Gamers, Consolas , Servicio Tecnico Especializado. Todos en Accesorios Informaticos y Gamers\",\"publisher\":{\"@id\":\"https:\\\/\\\/unitgames.com.ar\\\/pc-gamer\\\/#organization\"},\"potentialAction\":[{\"@type\":\"SearchAction\",\"target\":{\"@type\":\"EntryPoint\",\"urlTemplate\":\"https:\\\/\\\/unitgames.com.ar\\\/pc-gamer\\\/?s={search_term_string}\"},\"query-input\":{\"@type\":\"PropertyValueSpecification\",\"valueRequired\":true,\"valueName\":\"search_term_string\"}}],\"inLanguage\":\"es\"},{\"@type\":\"Organization\",\"@id\":\"https:\\\/\\\/unitgames.com.ar\\\/pc-gamer\\\/#organization\",\"name\":\"UnitGames\",\"url\":\"https:\\\/\\\/unitgames.com.ar\\\/pc-gamer\\\/\",\"logo\":{\"@type\":\"ImageObject\",\"inLanguage\":\"es\",\"@id\":\"https:\\\/\\\/unitgames.com.ar\\\/pc-gamer\\\/#\\\/schema\\\/logo\\\/image\\\/\",\"url\":\"https:\\\/\\\/unitgames.com.ar\\\/pc-gamer\\\/wp-content\\\/uploads\\\/2021\\\/01\\\/cropped-logoUnitGames2.png\",\"contentUrl\":\"https:\\\/\\\/unitgames.com.ar\\\/pc-gamer\\\/wp-content\\\/uploads\\\/2021\\\/01\\\/cropped-logoUnitGames2.png\",\"width\":152,\"height\":200,\"caption\":\"UnitGames\"},\"image\":{\"@id\":\"https:\\\/\\\/unitgames.com.ar\\\/pc-gamer\\\/#\\\/schema\\\/logo\\\/image\\\/\"}}]}<\/script>\n<!-- \/ Yoast SEO plugin. -->","yoast_head_json":{"title":"Mouse LOGITECH G Pro 2 Lightspeed Black - UnitGames","robots":{"index":"index","follow":"follow","max-snippet":"max-snippet:-1","max-image-preview":"max-image-preview:large","max-video-preview":"max-video-preview:-1"},"canonical":"https:\/\/unitgames.com.ar\/pc-gamer\/producto\/mouse-logitech-g-pro-2-lightspeed-black\/","og_locale":"es_ES","og_type":"article","og_title":"Mouse LOGITECH G Pro 2 Lightspeed Black - UnitGames","og_description":"El Mouse Logitech G Pro 2 Lightspeed Black es un dispositivo inal\u00e1mbrico de alto rendimiento, dise\u00f1ado para jugadores profesionales y entusiastas del gaming. A continuaci\u00f3n, se detallan sus caracter\u00edsticas principales: Dise\u00f1o y Ergonom\u00eda &nbsp; Dise\u00f1o ambidiestro con botones laterales magn\u00e9ticos intercambiables, adapt\u00e1ndose tanto a usuarios diestros como zurdos. Dimensiones: 125 mm de largo, 63.5 mm de ancho y 40 mm de alto. Peso: 80 gramos. Acabado mate disponible en colores negro, blanco y rosa. Sensor y Rendimiento &nbsp; Equipado con el sensor HERO 2, ofreciendo una resoluci\u00f3n ajustable desde 100 hasta 32,000 DPI. Velocidad m\u00e1xima de seguimiento superior a 500 IPS y aceleraci\u00f3n m\u00e1xima mayor a 40 G. Sin suavizado, aceleraci\u00f3n ni filtrado, garantizando una precisi\u00f3n \u00f3ptima. Conectividad y Bater\u00eda &nbsp; Tecnolog\u00eda inal\u00e1mbrica LIGHTSPEED, proporcionando una conexi\u00f3n estable y r\u00e1pida. Alcance inal\u00e1mbrico superior a 10 metros. Tasa de reporte de 1000 Hz (1 ms). Bater\u00eda recargable de pol\u00edmero de litio con una duraci\u00f3n de hasta 95 horas sin iluminaci\u00f3n y hasta 60 horas con iluminaci\u00f3n RGB activada. Carga mediante cable USB-C y compatible con la tecnolog\u00eda de carga inal\u00e1mbrica POWERPLAY. Botones y Personalizaci\u00f3n &nbsp; Cuenta con 5 botones est\u00e1ndar: clic izquierdo, clic derecho, rueda de desplazamiento, y dos botones laterales. Incluye hasta 4 botones laterales magn\u00e9ticos intercambiables, permitiendo una configuraci\u00f3n de entre 4 y 8 botones seg\u00fan las preferencias del usuario. Interruptores h\u00edbridos LIGHTFORCE, combinando la velocidad de los interruptores \u00f3pticos con la sensaci\u00f3n t\u00e1ctil de los mec\u00e1nicos. Memoria interna para almacenar hasta 5 perfiles de configuraci\u00f3n. Compatibilidad y Software &nbsp; Compatible con sistemas operativos Windows 10 o superior y macOS. Requiere un puerto USB 2.0 y conexi\u00f3n a internet para descargar el software opcional Logitech G HUB, que permite personalizar configuraciones y efectos de iluminaci\u00f3n","og_url":"https:\/\/unitgames.com.ar\/pc-gamer\/producto\/mouse-logitech-g-pro-2-lightspeed-black\/","og_site_name":"UnitGames","article_modified_time":"2026-03-30T13:29:27+00:00","og_image":[{"width":1283,"height":1284,"url":"https:\/\/unitgames.com.ar\/pc-gamer\/wp-content\/uploads\/2025\/05\/Mouse-LOGITECH-G-Pro-2-Lightspeed-Black.png","type":"image\/png"}],"twitter_card":"summary_large_image","twitter_misc":{"Tiempo de lectura":"2 minutos"},"schema":{"@context":"https:\/\/schema.org","@graph":[{"@type":"WebPage","@id":"https:\/\/unitgames.com.ar\/pc-gamer\/producto\/mouse-logitech-g-pro-2-lightspeed-black\/","url":"https:\/\/unitgames.com.ar\/pc-gamer\/producto\/mouse-logitech-g-pro-2-lightspeed-black\/","name":"Mouse LOGITECH G Pro 2 Lightspeed Black - UnitGames","isPartOf":{"@id":"https:\/\/unitgames.com.ar\/pc-gamer\/#website"},"primaryImageOfPage":{"@id":"https:\/\/unitgames.com.ar\/pc-gamer\/producto\/mouse-logitech-g-pro-2-lightspeed-black\/#primaryimage"},"image":{"@id":"https:\/\/unitgames.com.ar\/pc-gamer\/producto\/mouse-logitech-g-pro-2-lightspeed-black\/#primaryimage"},"thumbnailUrl":"https:\/\/unitgames.com.ar\/pc-gamer\/wp-content\/uploads\/2025\/05\/Mouse-LOGITECH-G-Pro-2-Lightspeed-Black.png","datePublished":"2025-05-23T20:00:46+00:00","dateModified":"2026-03-30T13:29:27+00:00","breadcrumb":{"@id":"https:\/\/unitgames.com.ar\/pc-gamer\/producto\/mouse-logitech-g-pro-2-lightspeed-black\/#breadcrumb"},"inLanguage":"es","potentialAction":[{"@type":"ReadAction","target":["https:\/\/unitgames.com.ar\/pc-gamer\/producto\/mouse-logitech-g-pro-2-lightspeed-black\/"]}]},{"@type":"ImageObject","inLanguage":"es","@id":"https:\/\/unitgames.com.ar\/pc-gamer\/producto\/mouse-logitech-g-pro-2-lightspeed-black\/#primaryimage","url":"https:\/\/unitgames.com.ar\/pc-gamer\/wp-content\/uploads\/2025\/05\/Mouse-LOGITECH-G-Pro-2-Lightspeed-Black.png","contentUrl":"https:\/\/unitgames.com.ar\/pc-gamer\/wp-content\/uploads\/2025\/05\/Mouse-LOGITECH-G-Pro-2-Lightspeed-Black.png","width":1283,"height":1284},{"@type":"BreadcrumbList","@id":"https:\/\/unitgames.com.ar\/pc-gamer\/producto\/mouse-logitech-g-pro-2-lightspeed-black\/#breadcrumb","itemListElement":[{"@type":"ListItem","position":1,"name":"Tienda","item":"https:\/\/unitgames.com.ar\/pc-gamer\/tienda\/"},{"@type":"ListItem","position":2,"name":"Mouse LOGITECH G Pro 2 Lightspeed Black"}]},{"@type":"WebSite","@id":"https:\/\/unitgames.com.ar\/pc-gamer\/#website","url":"https:\/\/unitgames.com.ar\/pc-gamer\/","name":"UnitGames","description":"Venta de PC Gamers, Consolas , Servicio Tecnico Especializado. Todos en Accesorios Informaticos y Gamers","publisher":{"@id":"https:\/\/unitgames.com.ar\/pc-gamer\/#organization"},"potentialAction":[{"@type":"SearchAction","target":{"@type":"EntryPoint","urlTemplate":"https:\/\/unitgames.com.ar\/pc-gamer\/?s={search_term_string}"},"query-input":{"@type":"PropertyValueSpecification","valueRequired":true,"valueName":"search_term_string"}}],"inLanguage":"es"},{"@type":"Organization","@id":"https:\/\/unitgames.com.ar\/pc-gamer\/#organization","name":"UnitGames","url":"https:\/\/unitgames.com.ar\/pc-gamer\/","logo":{"@type":"ImageObject","inLanguage":"es","@id":"https:\/\/unitgames.com.ar\/pc-gamer\/#\/schema\/logo\/image\/","url":"https:\/\/unitgames.com.ar\/pc-gamer\/wp-content\/uploads\/2021\/01\/cropped-logoUnitGames2.png","contentUrl":"https:\/\/unitgames.com.ar\/pc-gamer\/wp-content\/uploads\/2021\/01\/cropped-logoUnitGames2.png","width":152,"height":200,"caption":"UnitGames"},"image":{"@id":"https:\/\/unitgames.com.ar\/pc-gamer\/#\/schema\/logo\/image\/"}}]}},"_links":{"self":[{"href":"https:\/\/unitgames.com.ar\/pc-gamer\/wp-json\/wp\/v2\/product\/14959","targetHints":{"allow":["GET"]}}],"collection":[{"href":"https:\/\/unitgames.com.ar\/pc-gamer\/wp-json\/wp\/v2\/product"}],"about":[{"href":"https:\/\/unitgames.com.ar\/pc-gamer\/wp-json\/wp\/v2\/types\/product"}],"version-history":[{"count":0,"href":"https:\/\/unitgames.com.ar\/pc-gamer\/wp-json\/wp\/v2\/product\/14959\/revisions"}],"wp:featuredmedia":[{"embeddable":true,"href":"https:\/\/unitgames.com.ar\/pc-gamer\/wp-json\/wp\/v2\/media\/15064"}],"wp:attachment":[{"href":"https:\/\/unitgames.com.ar\/pc-gamer\/wp-json\/wp\/v2\/media?parent=14959"}],"wp:term":[{"taxonomy":"product_brand","embeddable":true,"href":"https:\/\/unitgames.com.ar\/pc-gamer\/wp-json\/wp\/v2\/product_brand?post=14959"},{"taxonomy":"product_cat","embeddable":true,"href":"https:\/\/unitgames.com.ar\/pc-gamer\/wp-json\/wp\/v2\/product_cat?post=14959"},{"taxonomy":"product_tag","embeddable":true,"href":"https:\/\/unitgames.com.ar\/pc-gamer\/wp-json\/wp\/v2\/product_tag?post=14959"}],"curies":[{"name":"wp","href":"https:\/\/api.w.org\/{rel}","templated":true}]}}