{"id":14964,"date":"2025-05-23T17:36:02","date_gmt":"2025-05-23T20:36:02","guid":{"rendered":"https:\/\/unitgames.com.ar\/pc-gamer\/?post_type=product&#038;p=14964"},"modified":"2026-03-21T14:49:04","modified_gmt":"2026-03-21T17:49:04","slug":"mouse-razer-basilik-v3-35k","status":"publish","type":"product","link":"https:\/\/unitgames.com.ar\/pc-gamer\/producto\/mouse-razer-basilik-v3-35k\/","title":{"rendered":"Mouse Inalambrico RAZER Basilisk V3 35K"},"content":{"rendered":"<h3 data-start=\"104\" data-end=\"158\"><\/h3>\n<h4 data-start=\"160\" data-end=\"195\">&#x1f3ae; Caracter\u00edsticas Principales<\/h4>\n<p>&nbsp;<\/p>\n<ul data-start=\"196\" data-end=\"581\">\n<li data-start=\"196\" data-end=\"247\">\n<p data-start=\"198\" data-end=\"247\"><strong data-start=\"198\" data-end=\"215\">Sensor \u00f3ptico<\/strong>: Razer 5G de hasta 18,000 DPI<\/p>\n<\/li>\n<li data-start=\"248\" data-end=\"289\">\n<p data-start=\"250\" data-end=\"289\"><strong data-start=\"250\" data-end=\"278\">Velocidad de seguimiento<\/strong>: 450 IPS<\/p>\n<\/li>\n<li data-start=\"290\" data-end=\"315\">\n<p data-start=\"292\" data-end=\"315\"><strong data-start=\"292\" data-end=\"307\">Aceleraci\u00f3n<\/strong>: 40 G<\/p>\n<\/li>\n<li data-start=\"316\" data-end=\"387\">\n<p data-start=\"318\" data-end=\"387\"><strong data-start=\"318\" data-end=\"334\">Conectividad<\/strong>: Dual inal\u00e1mbrica (HyperSpeed 2.4 GHz y Bluetooth)<\/p>\n<\/li>\n<li data-start=\"388\" data-end=\"429\">\n<p data-start=\"390\" data-end=\"429\"><strong data-start=\"390\" data-end=\"401\">Botones<\/strong>: 9 controles programables<\/p>\n<\/li>\n<li data-start=\"430\" data-end=\"475\">\n<p data-start=\"432\" data-end=\"475\"><strong data-start=\"432\" data-end=\"444\">Switches<\/strong>: Mec\u00e1nicos de 2.\u00aa generaci\u00f3n<\/p>\n<\/li>\n<li data-start=\"476\" data-end=\"513\">\n<p data-start=\"478\" data-end=\"513\"><strong data-start=\"478\" data-end=\"493\">Iluminaci\u00f3n<\/strong>: Razer Chroma RGB<\/p>\n<\/li>\n<li data-start=\"514\" data-end=\"581\">\n<p data-start=\"516\" data-end=\"581\"><strong data-start=\"516\" data-end=\"537\">Dise\u00f1o ergon\u00f3mico<\/strong>: Para diestros, agarre tipo palma o garra<\/p>\n<\/li>\n<\/ul>\n<hr data-start=\"583\" data-end=\"586\" \/>\n<h4 data-start=\"588\" data-end=\"620\">&#x1f50b; Alimentaci\u00f3n y Autonom\u00eda<\/h4>\n<ul data-start=\"621\" data-end=\"748\">\n<li data-start=\"621\" data-end=\"655\">\n<p data-start=\"623\" data-end=\"655\"><strong data-start=\"623\" data-end=\"642\">Tipo de bater\u00eda<\/strong>: 1 pila AA<\/p>\n<\/li>\n<li data-start=\"656\" data-end=\"702\">\n<p data-start=\"658\" data-end=\"702\"><strong data-start=\"658\" data-end=\"683\">Duraci\u00f3n (HyperSpeed)<\/strong>: Hasta 285 horas<\/p>\n<\/li>\n<li data-start=\"703\" data-end=\"748\">\n<p data-start=\"705\" data-end=\"748\"><strong data-start=\"705\" data-end=\"729\">Duraci\u00f3n (Bluetooth)<\/strong>: Hasta 535 horas<\/p>\n<\/li>\n<\/ul>\n<hr data-start=\"750\" data-end=\"753\" \/>\n<h4 data-start=\"755\" data-end=\"781\">&#x1f4cf; Dimensiones y Peso<\/h4>\n<ul data-start=\"782\" data-end=\"883\">\n<li data-start=\"782\" data-end=\"805\">\n<p data-start=\"784\" data-end=\"805\"><strong data-start=\"784\" data-end=\"793\">Largo<\/strong>: 130.1 mm<\/p>\n<\/li>\n<li data-start=\"806\" data-end=\"828\">\n<p data-start=\"808\" data-end=\"828\"><strong data-start=\"808\" data-end=\"817\">Ancho<\/strong>: 75.1 mm<\/p>\n<\/li>\n<li data-start=\"829\" data-end=\"850\">\n<p data-start=\"831\" data-end=\"850\"><strong data-start=\"831\" data-end=\"839\">Alto<\/strong>: 42.5 mm<\/p>\n<\/li>\n<li data-start=\"851\" data-end=\"883\">\n<p data-start=\"853\" data-end=\"883\"><strong data-start=\"853\" data-end=\"875\">Peso (sin bater\u00eda)<\/strong>: 86 g<\/p>\n<\/li>\n<\/ul>\n<hr data-start=\"885\" data-end=\"888\" \/>\n<h4 data-start=\"890\" data-end=\"905\">&#x2705; Ventajas<\/h4>\n<ul data-start=\"906\" data-end=\"1087\">\n<li data-start=\"906\" data-end=\"958\">\n<p data-start=\"908\" data-end=\"958\">Conectividad flexible para m\u00faltiples plataformas<\/p>\n<\/li>\n<li data-start=\"959\" data-end=\"1012\">\n<p data-start=\"961\" data-end=\"1012\">Personalizaci\u00f3n completa de botones y efectos RGB<\/p>\n<\/li>\n<li data-start=\"1013\" data-end=\"1053\">\n<p data-start=\"1015\" data-end=\"1053\">Ligero y c\u00f3modo para largas sesiones<\/p>\n<\/li>\n<li data-start=\"1054\" data-end=\"1087\">\n<p data-start=\"1056\" data-end=\"1087\">Excelente duraci\u00f3n de bater\u00eda<\/p>\n<\/li>\n<\/ul>\n","protected":false},"excerpt":{"rendered":"<p>&#x1f3ae; Caracter\u00edsticas Principales &nbsp; Sensor \u00f3ptico: Razer 5G de hasta 18,000 DPI Velocidad de seguimiento: 450 IPS Aceleraci\u00f3n: 40 G Conectividad: Dual inal\u00e1mbrica (HyperSpeed 2.4 GHz y Bluetooth) Botones: 9 controles programables Switches: Mec\u00e1nicos de 2.\u00aa generaci\u00f3n Iluminaci\u00f3n: Razer Chroma RGB Dise\u00f1o ergon\u00f3mico: Para diestros, agarre tipo palma o garra &#x1f50b; Alimentaci\u00f3n y Autonom\u00eda Tipo de bater\u00eda: 1 pila AA Duraci\u00f3n (HyperSpeed): Hasta 285 horas Duraci\u00f3n (Bluetooth): Hasta 535 horas &#x1f4cf; Dimensiones y Peso Largo: 130.1 mm Ancho: 75.1 mm Alto: 42.5 mm Peso (sin bater\u00eda): 86 g &#x2705; Ventajas Conectividad flexible para m\u00faltiples plataformas Personalizaci\u00f3n completa de botones y efectos RGB Ligero y c\u00f3modo para largas sesiones Excelente duraci\u00f3n de bater\u00eda<\/p>\n","protected":false},"featured_media":15058,"template":"","meta":{"site-sidebar-layout":"default","site-content-layout":"","ast-site-content-layout":"default","site-content-style":"default","site-sidebar-style":"default","ast-global-header-display":"","ast-banner-title-visibility":"","ast-main-header-display":"","ast-hfb-above-header-display":"","ast-hfb-below-header-display":"","ast-hfb-mobile-header-display":"","site-post-title":"","ast-breadcrumbs-content":"","ast-featured-img":"","footer-sml-layout":"","theme-transparent-header-meta":"default","adv-header-id-meta":"","stick-header-meta":"","header-above-stick-meta":"","header-main-stick-meta":"","header-below-stick-meta":"","astra-migrate-meta-layouts":"set","ast-page-background-enabled":"default","ast-page-background-meta":{"desktop":{"background-color":"var(--ast-global-color-5)","background-image":"","background-repeat":"repeat","background-position":"center center","background-size":"auto","background-attachment":"scroll","background-type":"","background-media":"","overlay-type":"","overlay-color":"","overlay-opacity":"","overlay-gradient":""},"tablet":{"background-color":"","background-image":"","background-repeat":"repeat","background-position":"center center","background-size":"auto","background-attachment":"scroll","background-type":"","background-media":"","overlay-type":"","overlay-color":"","overlay-opacity":"","overlay-gradient":""},"mobile":{"background-color":"","background-image":"","background-repeat":"repeat","background-position":"center center","background-size":"auto","background-attachment":"scroll","background-type":"","background-media":"","overlay-type":"","overlay-color":"","overlay-opacity":"","overlay-gradient":""}},"ast-content-background-meta":{"desktop":{"background-color":"var(--ast-global-color-4)","background-image":"","background-repeat":"repeat","background-position":"center center","background-size":"auto","background-attachment":"scroll","background-type":"","background-media":"","overlay-type":"","overlay-color":"","overlay-opacity":"","overlay-gradient":""},"tablet":{"background-color":"var(--ast-global-color-4)","background-image":"","background-repeat":"repeat","background-position":"center center","background-size":"auto","background-attachment":"scroll","background-type":"","background-media":"","overlay-type":"","overlay-color":"","overlay-opacity":"","overlay-gradient":""},"mobile":{"background-color":"var(--ast-global-color-4)","background-image":"","background-repeat":"repeat","background-position":"center center","background-size":"auto","background-attachment":"scroll","background-type":"","background-media":"","overlay-type":"","overlay-color":"","overlay-opacity":"","overlay-gradient":""}},"_joinchat":[]},"product_brand":[],"product_cat":[89],"product_tag":[],"class_list":{"0":"post-14964","1":"product","2":"type-product","3":"status-publish","4":"has-post-thumbnail","6":"product_cat-gamers-competitivos","7":"desktop-align-center","8":"tablet-align-left","9":"mobile-align-left","11":"first","12":"instock","13":"shipping-taxable","14":"purchasable","15":"product-type-simple"},"yoast_head":"<!-- This site is optimized with the Yoast SEO plugin v27.5 - https:\/\/yoast.com\/product\/yoast-seo-wordpress\/ -->\n<title>Mouse Inalambrico RAZER Basilisk V3 35K - UnitGames<\/title>\n<meta name=\"robots\" content=\"index, follow, max-snippet:-1, max-image-preview:large, max-video-preview:-1\" \/>\n<link rel=\"canonical\" href=\"https:\/\/unitgames.com.ar\/pc-gamer\/producto\/mouse-razer-basilik-v3-35k\/\" \/>\n<meta property=\"og:locale\" content=\"es_ES\" \/>\n<meta property=\"og:type\" content=\"article\" \/>\n<meta property=\"og:title\" content=\"Mouse Inalambrico RAZER Basilisk V3 35K - UnitGames\" \/>\n<meta property=\"og:description\" content=\"&#x1f3ae; Caracter\u00edsticas Principales &nbsp; Sensor \u00f3ptico: Razer 5G de hasta 18,000 DPI Velocidad de seguimiento: 450 IPS Aceleraci\u00f3n: 40 G Conectividad: Dual inal\u00e1mbrica (HyperSpeed 2.4 GHz y Bluetooth) Botones: 9 controles programables Switches: Mec\u00e1nicos de 2.\u00aa generaci\u00f3n Iluminaci\u00f3n: Razer Chroma RGB Dise\u00f1o ergon\u00f3mico: Para diestros, agarre tipo palma o garra &#x1f50b; Alimentaci\u00f3n y Autonom\u00eda Tipo de bater\u00eda: 1 pila AA Duraci\u00f3n (HyperSpeed): Hasta 285 horas Duraci\u00f3n (Bluetooth): Hasta 535 horas &#x1f4cf; Dimensiones y Peso Largo: 130.1 mm Ancho: 75.1 mm Alto: 42.5 mm Peso (sin bater\u00eda): 86 g &#x2705; Ventajas Conectividad flexible para m\u00faltiples plataformas Personalizaci\u00f3n completa de botones y efectos RGB Ligero y c\u00f3modo para largas sesiones Excelente duraci\u00f3n de bater\u00eda\" \/>\n<meta property=\"og:url\" content=\"https:\/\/unitgames.com.ar\/pc-gamer\/producto\/mouse-razer-basilik-v3-35k\/\" \/>\n<meta property=\"og:site_name\" content=\"UnitGames\" \/>\n<meta property=\"article:modified_time\" content=\"2026-03-21T17:49:04+00:00\" \/>\n<meta property=\"og:image\" content=\"https:\/\/unitgames.com.ar\/pc-gamer\/wp-content\/uploads\/2025\/05\/Mouse-Inalambrico-RAZER-Basilik-V3-35K.png\" \/>\n\t<meta property=\"og:image:width\" content=\"1283\" \/>\n\t<meta property=\"og:image:height\" content=\"1284\" \/>\n\t<meta property=\"og:image:type\" content=\"image\/png\" \/>\n<meta name=\"twitter:card\" content=\"summary_large_image\" \/>\n<meta name=\"twitter:label1\" content=\"Tiempo de lectura\" \/>\n\t<meta name=\"twitter:data1\" content=\"1 minuto\" \/>\n<script type=\"application\/ld+json\" class=\"yoast-schema-graph\">{\"@context\":\"https:\\\/\\\/schema.org\",\"@graph\":[{\"@type\":\"WebPage\",\"@id\":\"https:\\\/\\\/unitgames.com.ar\\\/pc-gamer\\\/producto\\\/mouse-razer-basilik-v3-35k\\\/\",\"url\":\"https:\\\/\\\/unitgames.com.ar\\\/pc-gamer\\\/producto\\\/mouse-razer-basilik-v3-35k\\\/\",\"name\":\"Mouse Inalambrico RAZER Basilisk V3 35K - UnitGames\",\"isPartOf\":{\"@id\":\"https:\\\/\\\/unitgames.com.ar\\\/pc-gamer\\\/#website\"},\"primaryImageOfPage\":{\"@id\":\"https:\\\/\\\/unitgames.com.ar\\\/pc-gamer\\\/producto\\\/mouse-razer-basilik-v3-35k\\\/#primaryimage\"},\"image\":{\"@id\":\"https:\\\/\\\/unitgames.com.ar\\\/pc-gamer\\\/producto\\\/mouse-razer-basilik-v3-35k\\\/#primaryimage\"},\"thumbnailUrl\":\"https:\\\/\\\/unitgames.com.ar\\\/pc-gamer\\\/wp-content\\\/uploads\\\/2025\\\/05\\\/Mouse-Inalambrico-RAZER-Basilik-V3-35K.png\",\"datePublished\":\"2025-05-23T20:36:02+00:00\",\"dateModified\":\"2026-03-21T17:49:04+00:00\",\"breadcrumb\":{\"@id\":\"https:\\\/\\\/unitgames.com.ar\\\/pc-gamer\\\/producto\\\/mouse-razer-basilik-v3-35k\\\/#breadcrumb\"},\"inLanguage\":\"es\",\"potentialAction\":[{\"@type\":\"ReadAction\",\"target\":[\"https:\\\/\\\/unitgames.com.ar\\\/pc-gamer\\\/producto\\\/mouse-razer-basilik-v3-35k\\\/\"]}]},{\"@type\":\"ImageObject\",\"inLanguage\":\"es\",\"@id\":\"https:\\\/\\\/unitgames.com.ar\\\/pc-gamer\\\/producto\\\/mouse-razer-basilik-v3-35k\\\/#primaryimage\",\"url\":\"https:\\\/\\\/unitgames.com.ar\\\/pc-gamer\\\/wp-content\\\/uploads\\\/2025\\\/05\\\/Mouse-Inalambrico-RAZER-Basilik-V3-35K.png\",\"contentUrl\":\"https:\\\/\\\/unitgames.com.ar\\\/pc-gamer\\\/wp-content\\\/uploads\\\/2025\\\/05\\\/Mouse-Inalambrico-RAZER-Basilik-V3-35K.png\",\"width\":1283,\"height\":1284},{\"@type\":\"BreadcrumbList\",\"@id\":\"https:\\\/\\\/unitgames.com.ar\\\/pc-gamer\\\/producto\\\/mouse-razer-basilik-v3-35k\\\/#breadcrumb\",\"itemListElement\":[{\"@type\":\"ListItem\",\"position\":1,\"name\":\"Tienda\",\"item\":\"https:\\\/\\\/unitgames.com.ar\\\/pc-gamer\\\/tienda\\\/\"},{\"@type\":\"ListItem\",\"position\":2,\"name\":\"Mouse Inalambrico RAZER Basilisk V3 35K\"}]},{\"@type\":\"WebSite\",\"@id\":\"https:\\\/\\\/unitgames.com.ar\\\/pc-gamer\\\/#website\",\"url\":\"https:\\\/\\\/unitgames.com.ar\\\/pc-gamer\\\/\",\"name\":\"UnitGames\",\"description\":\"Venta de PC Gamers, Consolas , Servicio Tecnico Especializado. Todos en Accesorios Informaticos y Gamers\",\"publisher\":{\"@id\":\"https:\\\/\\\/unitgames.com.ar\\\/pc-gamer\\\/#organization\"},\"potentialAction\":[{\"@type\":\"SearchAction\",\"target\":{\"@type\":\"EntryPoint\",\"urlTemplate\":\"https:\\\/\\\/unitgames.com.ar\\\/pc-gamer\\\/?s={search_term_string}\"},\"query-input\":{\"@type\":\"PropertyValueSpecification\",\"valueRequired\":true,\"valueName\":\"search_term_string\"}}],\"inLanguage\":\"es\"},{\"@type\":\"Organization\",\"@id\":\"https:\\\/\\\/unitgames.com.ar\\\/pc-gamer\\\/#organization\",\"name\":\"UnitGames\",\"url\":\"https:\\\/\\\/unitgames.com.ar\\\/pc-gamer\\\/\",\"logo\":{\"@type\":\"ImageObject\",\"inLanguage\":\"es\",\"@id\":\"https:\\\/\\\/unitgames.com.ar\\\/pc-gamer\\\/#\\\/schema\\\/logo\\\/image\\\/\",\"url\":\"https:\\\/\\\/unitgames.com.ar\\\/pc-gamer\\\/wp-content\\\/uploads\\\/2021\\\/01\\\/cropped-logoUnitGames2.png\",\"contentUrl\":\"https:\\\/\\\/unitgames.com.ar\\\/pc-gamer\\\/wp-content\\\/uploads\\\/2021\\\/01\\\/cropped-logoUnitGames2.png\",\"width\":152,\"height\":200,\"caption\":\"UnitGames\"},\"image\":{\"@id\":\"https:\\\/\\\/unitgames.com.ar\\\/pc-gamer\\\/#\\\/schema\\\/logo\\\/image\\\/\"}}]}<\/script>\n<!-- \/ Yoast SEO plugin. -->","yoast_head_json":{"title":"Mouse Inalambrico RAZER Basilisk V3 35K - UnitGames","robots":{"index":"index","follow":"follow","max-snippet":"max-snippet:-1","max-image-preview":"max-image-preview:large","max-video-preview":"max-video-preview:-1"},"canonical":"https:\/\/unitgames.com.ar\/pc-gamer\/producto\/mouse-razer-basilik-v3-35k\/","og_locale":"es_ES","og_type":"article","og_title":"Mouse Inalambrico RAZER Basilisk V3 35K - UnitGames","og_description":"&#x1f3ae; Caracter\u00edsticas Principales &nbsp; Sensor \u00f3ptico: Razer 5G de hasta 18,000 DPI Velocidad de seguimiento: 450 IPS Aceleraci\u00f3n: 40 G Conectividad: Dual inal\u00e1mbrica (HyperSpeed 2.4 GHz y Bluetooth) Botones: 9 controles programables Switches: Mec\u00e1nicos de 2.\u00aa generaci\u00f3n Iluminaci\u00f3n: Razer Chroma RGB Dise\u00f1o ergon\u00f3mico: Para diestros, agarre tipo palma o garra &#x1f50b; Alimentaci\u00f3n y Autonom\u00eda Tipo de bater\u00eda: 1 pila AA Duraci\u00f3n (HyperSpeed): Hasta 285 horas Duraci\u00f3n (Bluetooth): Hasta 535 horas &#x1f4cf; Dimensiones y Peso Largo: 130.1 mm Ancho: 75.1 mm Alto: 42.5 mm Peso (sin bater\u00eda): 86 g &#x2705; Ventajas Conectividad flexible para m\u00faltiples plataformas Personalizaci\u00f3n completa de botones y efectos RGB Ligero y c\u00f3modo para largas sesiones Excelente duraci\u00f3n de bater\u00eda","og_url":"https:\/\/unitgames.com.ar\/pc-gamer\/producto\/mouse-razer-basilik-v3-35k\/","og_site_name":"UnitGames","article_modified_time":"2026-03-21T17:49:04+00:00","og_image":[{"width":1283,"height":1284,"url":"https:\/\/unitgames.com.ar\/pc-gamer\/wp-content\/uploads\/2025\/05\/Mouse-Inalambrico-RAZER-Basilik-V3-35K.png","type":"image\/png"}],"twitter_card":"summary_large_image","twitter_misc":{"Tiempo de lectura":"1 minuto"},"schema":{"@context":"https:\/\/schema.org","@graph":[{"@type":"WebPage","@id":"https:\/\/unitgames.com.ar\/pc-gamer\/producto\/mouse-razer-basilik-v3-35k\/","url":"https:\/\/unitgames.com.ar\/pc-gamer\/producto\/mouse-razer-basilik-v3-35k\/","name":"Mouse Inalambrico RAZER Basilisk V3 35K - UnitGames","isPartOf":{"@id":"https:\/\/unitgames.com.ar\/pc-gamer\/#website"},"primaryImageOfPage":{"@id":"https:\/\/unitgames.com.ar\/pc-gamer\/producto\/mouse-razer-basilik-v3-35k\/#primaryimage"},"image":{"@id":"https:\/\/unitgames.com.ar\/pc-gamer\/producto\/mouse-razer-basilik-v3-35k\/#primaryimage"},"thumbnailUrl":"https:\/\/unitgames.com.ar\/pc-gamer\/wp-content\/uploads\/2025\/05\/Mouse-Inalambrico-RAZER-Basilik-V3-35K.png","datePublished":"2025-05-23T20:36:02+00:00","dateModified":"2026-03-21T17:49:04+00:00","breadcrumb":{"@id":"https:\/\/unitgames.com.ar\/pc-gamer\/producto\/mouse-razer-basilik-v3-35k\/#breadcrumb"},"inLanguage":"es","potentialAction":[{"@type":"ReadAction","target":["https:\/\/unitgames.com.ar\/pc-gamer\/producto\/mouse-razer-basilik-v3-35k\/"]}]},{"@type":"ImageObject","inLanguage":"es","@id":"https:\/\/unitgames.com.ar\/pc-gamer\/producto\/mouse-razer-basilik-v3-35k\/#primaryimage","url":"https:\/\/unitgames.com.ar\/pc-gamer\/wp-content\/uploads\/2025\/05\/Mouse-Inalambrico-RAZER-Basilik-V3-35K.png","contentUrl":"https:\/\/unitgames.com.ar\/pc-gamer\/wp-content\/uploads\/2025\/05\/Mouse-Inalambrico-RAZER-Basilik-V3-35K.png","width":1283,"height":1284},{"@type":"BreadcrumbList","@id":"https:\/\/unitgames.com.ar\/pc-gamer\/producto\/mouse-razer-basilik-v3-35k\/#breadcrumb","itemListElement":[{"@type":"ListItem","position":1,"name":"Tienda","item":"https:\/\/unitgames.com.ar\/pc-gamer\/tienda\/"},{"@type":"ListItem","position":2,"name":"Mouse Inalambrico RAZER Basilisk V3 35K"}]},{"@type":"WebSite","@id":"https:\/\/unitgames.com.ar\/pc-gamer\/#website","url":"https:\/\/unitgames.com.ar\/pc-gamer\/","name":"UnitGames","description":"Venta de PC Gamers, Consolas , Servicio Tecnico Especializado. Todos en Accesorios Informaticos y Gamers","publisher":{"@id":"https:\/\/unitgames.com.ar\/pc-gamer\/#organization"},"potentialAction":[{"@type":"SearchAction","target":{"@type":"EntryPoint","urlTemplate":"https:\/\/unitgames.com.ar\/pc-gamer\/?s={search_term_string}"},"query-input":{"@type":"PropertyValueSpecification","valueRequired":true,"valueName":"search_term_string"}}],"inLanguage":"es"},{"@type":"Organization","@id":"https:\/\/unitgames.com.ar\/pc-gamer\/#organization","name":"UnitGames","url":"https:\/\/unitgames.com.ar\/pc-gamer\/","logo":{"@type":"ImageObject","inLanguage":"es","@id":"https:\/\/unitgames.com.ar\/pc-gamer\/#\/schema\/logo\/image\/","url":"https:\/\/unitgames.com.ar\/pc-gamer\/wp-content\/uploads\/2021\/01\/cropped-logoUnitGames2.png","contentUrl":"https:\/\/unitgames.com.ar\/pc-gamer\/wp-content\/uploads\/2021\/01\/cropped-logoUnitGames2.png","width":152,"height":200,"caption":"UnitGames"},"image":{"@id":"https:\/\/unitgames.com.ar\/pc-gamer\/#\/schema\/logo\/image\/"}}]}},"_links":{"self":[{"href":"https:\/\/unitgames.com.ar\/pc-gamer\/wp-json\/wp\/v2\/product\/14964","targetHints":{"allow":["GET"]}}],"collection":[{"href":"https:\/\/unitgames.com.ar\/pc-gamer\/wp-json\/wp\/v2\/product"}],"about":[{"href":"https:\/\/unitgames.com.ar\/pc-gamer\/wp-json\/wp\/v2\/types\/product"}],"version-history":[{"count":0,"href":"https:\/\/unitgames.com.ar\/pc-gamer\/wp-json\/wp\/v2\/product\/14964\/revisions"}],"wp:featuredmedia":[{"embeddable":true,"href":"https:\/\/unitgames.com.ar\/pc-gamer\/wp-json\/wp\/v2\/media\/15058"}],"wp:attachment":[{"href":"https:\/\/unitgames.com.ar\/pc-gamer\/wp-json\/wp\/v2\/media?parent=14964"}],"wp:term":[{"taxonomy":"product_brand","embeddable":true,"href":"https:\/\/unitgames.com.ar\/pc-gamer\/wp-json\/wp\/v2\/product_brand?post=14964"},{"taxonomy":"product_cat","embeddable":true,"href":"https:\/\/unitgames.com.ar\/pc-gamer\/wp-json\/wp\/v2\/product_cat?post=14964"},{"taxonomy":"product_tag","embeddable":true,"href":"https:\/\/unitgames.com.ar\/pc-gamer\/wp-json\/wp\/v2\/product_tag?post=14964"}],"curies":[{"name":"wp","href":"https:\/\/api.w.org\/{rel}","templated":true}]}}