{"id":14967,"date":"2025-05-23T17:56:52","date_gmt":"2025-05-23T20:56:52","guid":{"rendered":"https:\/\/unitgames.com.ar\/pc-gamer\/?post_type=product&#038;p=14967"},"modified":"2026-04-25T13:29:35","modified_gmt":"2026-04-25T16:29:35","slug":"mouse-razer-basilik-v3-x-hyperspeed","status":"publish","type":"product","link":"https:\/\/unitgames.com.ar\/pc-gamer\/producto\/mouse-razer-basilik-v3-x-hyperspeed\/","title":{"rendered":"Mouse Inalambrico RAZER Basilik V3 X HyperSpeed"},"content":{"rendered":"<h3 data-start=\"44\" data-end=\"78\">Caracter\u00edsticas Principales<\/h3>\n<p>&nbsp;<\/p>\n<ul data-start=\"80\" data-end=\"779\">\n<li data-start=\"80\" data-end=\"198\">\n<p data-start=\"82\" data-end=\"198\"><strong data-start=\"82\" data-end=\"122\">Sensor \u00f3ptico Razer 5G de 18,000 DPI<\/strong>: <span class=\"relative -mx-px my-[-0.2rem] rounded px-px py-[0.2rem] transition-colors duration-100 ease-in-out\">Ofrece una precisi\u00f3n excepcional y una velocidad de seguimiento de hasta 450 pulgadas por segundo (IPS) con una aceleraci\u00f3n de 40G.<\/span><\/p>\n<\/li>\n<li data-start=\"200\" data-end=\"311\">\n<p data-start=\"202\" data-end=\"311\"><strong data-start=\"202\" data-end=\"235\">Conectividad inal\u00e1mbrica dual<\/strong>: <span class=\"relative -mx-px my-[-0.2rem] rounded px-px py-[0.2rem] transition-colors duration-100 ease-in-out\">Compatible con Razer HyperSpeed Wireless (2.4 GHz) y Bluetooth, brindando flexibilidad para diferentes dispositivos y situaciones.<\/span><\/p>\n<\/li>\n<li data-start=\"313\" data-end=\"423\">\n<p data-start=\"315\" data-end=\"423\"><strong data-start=\"315\" data-end=\"343\">9 controles programables<\/strong>: <span class=\"relative -mx-px my-[-0.2rem] rounded px-px py-[0.2rem] transition-colors duration-100 ease-in-out\">Incluye botones personalizables mediante el software Razer Synapse, permitiendo adaptar el mouse a tus necesidades espec\u00edficas.<\/span><\/p>\n<\/li>\n<li data-start=\"425\" data-end=\"558\">\n<p data-start=\"427\" data-end=\"558\"><strong data-start=\"427\" data-end=\"478\">Interruptores mec\u00e1nicos Razer de 2.\u00aa generaci\u00f3n<\/strong>: <span class=\"relative -mx-px my-[-0.2rem] rounded px-px py-[0.2rem] transition-colors duration-100 ease-in-out\">Dise\u00f1ados para ofrecer una respuesta r\u00e1pida y una durabilidad prolongada.<\/span><\/p>\n<\/li>\n<li data-start=\"560\" data-end=\"674\">\n<p data-start=\"562\" data-end=\"674\"><strong data-start=\"562\" data-end=\"594\">Iluminaci\u00f3n Razer Chroma RGB<\/strong>: <span class=\"relative -mx-px my-[-0.2rem] rounded px-px py-[0.2rem] transition-colors duration-100 ease-in-out\">Personaliza la iluminaci\u00f3n del mouse con una amplia gama de colores y efectos.<\/span><\/p>\n<\/li>\n<li data-start=\"676\" data-end=\"779\">\n<p data-start=\"678\" data-end=\"779\"><strong data-start=\"678\" data-end=\"699\">Dise\u00f1o ergon\u00f3mico<\/strong>: <span class=\"relative -mx-px my-[-0.2rem] rounded px-px py-[0.2rem] transition-colors duration-100 ease-in-out\">Adecuado para usuarios diestros, con un dise\u00f1o que favorece los estilos de agarre tipo palma y garra.<\/span><\/p>\n<\/li>\n<\/ul>\n<hr data-start=\"781\" data-end=\"784\" \/>\n<h3 data-start=\"786\" data-end=\"817\">\u00a0Autonom\u00eda y Alimentaci\u00f3n<\/h3>\n<ul data-start=\"819\" data-end=\"1075\">\n<li data-start=\"819\" data-end=\"975\">\n<p data-start=\"821\" data-end=\"848\"><strong data-start=\"821\" data-end=\"847\">Duraci\u00f3n de la bater\u00eda<\/strong>:<\/p>\n<ul data-start=\"851\" data-end=\"975\">\n<li data-start=\"851\" data-end=\"892\">\n<p data-start=\"853\" data-end=\"892\"><span class=\"relative -mx-px my-[-0.2rem] rounded px-px py-[0.2rem] transition-colors duration-100 ease-in-out\">Hasta 285 horas utilizando Razer HyperSpeed Wireless.<\/span><\/p>\n<\/li>\n<li data-start=\"895\" data-end=\"975\">\n<p data-start=\"897\" data-end=\"975\"><span class=\"relative -mx-px my-[-0.2rem] rounded px-px py-[0.2rem] transition-colors duration-100 ease-in-out\">Hasta 535 horas mediante conexi\u00f3n Bluetooth.<\/span><\/p>\n<\/li>\n<\/ul>\n<\/li>\n<li data-start=\"977\" data-end=\"1075\">\n<p data-start=\"979\" data-end=\"1075\"><strong data-start=\"979\" data-end=\"995\">Alimentaci\u00f3n<\/strong>: <span class=\"relative -mx-px my-[-0.2rem] rounded px-px py-[0.2rem] transition-colors duration-100 ease-in-out\">Funciona con una sola bater\u00eda AA.<\/span><\/p>\n<\/li>\n<\/ul>\n<hr data-start=\"1077\" data-end=\"1080\" \/>\n<h3 data-start=\"1082\" data-end=\"1107\">\u00a0Dimensiones y Peso<\/h3>\n<ul data-start=\"1109\" data-end=\"1357\">\n<li data-start=\"1109\" data-end=\"1161\">\n<p data-start=\"1111\" data-end=\"1161\"><strong data-start=\"1111\" data-end=\"1120\">Largo<\/strong>: <span class=\"relative -mx-px my-[-0.2rem] rounded px-px py-[0.2rem] transition-colors duration-100 ease-in-out\">130.1 mm<\/span><\/p>\n<\/li>\n<li data-start=\"1162\" data-end=\"1214\">\n<p data-start=\"1164\" data-end=\"1214\"><strong data-start=\"1164\" data-end=\"1173\">Ancho<\/strong>: <span class=\"relative -mx-px my-[-0.2rem] rounded px-px py-[0.2rem] transition-colors duration-100 ease-in-out\">75.1 mm<\/span><\/p>\n<\/li>\n<li data-start=\"1215\" data-end=\"1266\">\n<p data-start=\"1217\" data-end=\"1266\"><strong data-start=\"1217\" data-end=\"1225\">Alto<\/strong>: <span class=\"relative -mx-px my-[-0.2rem] rounded px-px py-[0.2rem] transition-colors duration-100 ease-in-out\">42.5 mm<\/span><\/p>\n<\/li>\n<li data-start=\"1267\" data-end=\"1357\">\n<p data-start=\"1269\" data-end=\"1357\"><strong data-start=\"1269\" data-end=\"1277\">Peso<\/strong>: <span class=\"relative -mx-px my-[-0.2rem] rounded px-px py-[0.2rem] transition-colors duration-100 ease-in-out\">Aproximadamente 86 gramos (sin bater\u00eda<\/span><\/p>\n<\/li>\n<\/ul>\n","protected":false},"excerpt":{"rendered":"<p>Caracter\u00edsticas Principales &nbsp; Sensor \u00f3ptico Razer 5G de 18,000 DPI: Ofrece una precisi\u00f3n excepcional y una velocidad de seguimiento de hasta 450 pulgadas por segundo (IPS) con una aceleraci\u00f3n de 40G. Conectividad inal\u00e1mbrica dual: Compatible con Razer HyperSpeed Wireless (2.4 GHz) y Bluetooth, brindando flexibilidad para diferentes dispositivos y situaciones. 9 controles programables: Incluye botones personalizables mediante el software Razer Synapse, permitiendo adaptar el mouse a tus necesidades espec\u00edficas. Interruptores mec\u00e1nicos Razer de 2.\u00aa generaci\u00f3n: Dise\u00f1ados para ofrecer una respuesta r\u00e1pida y una durabilidad prolongada. Iluminaci\u00f3n Razer Chroma RGB: Personaliza la iluminaci\u00f3n del mouse con una amplia gama de colores y efectos. Dise\u00f1o ergon\u00f3mico: Adecuado para usuarios diestros, con un dise\u00f1o que favorece los estilos de agarre tipo palma y garra. \u00a0Autonom\u00eda y Alimentaci\u00f3n Duraci\u00f3n de la bater\u00eda: Hasta 285 horas utilizando Razer HyperSpeed Wireless. Hasta 535 horas mediante conexi\u00f3n Bluetooth. Alimentaci\u00f3n: Funciona con una sola bater\u00eda AA. \u00a0Dimensiones y Peso Largo: 130.1 mm Ancho: 75.1 mm Alto: 42.5 mm Peso: Aproximadamente 86 gramos (sin bater\u00eda<\/p>\n","protected":false},"featured_media":15053,"template":"","meta":{"site-sidebar-layout":"default","site-content-layout":"","ast-site-content-layout":"default","site-content-style":"default","site-sidebar-style":"default","ast-global-header-display":"","ast-banner-title-visibility":"","ast-main-header-display":"","ast-hfb-above-header-display":"","ast-hfb-below-header-display":"","ast-hfb-mobile-header-display":"","site-post-title":"","ast-breadcrumbs-content":"","ast-featured-img":"","footer-sml-layout":"","theme-transparent-header-meta":"default","adv-header-id-meta":"","stick-header-meta":"","header-above-stick-meta":"","header-main-stick-meta":"","header-below-stick-meta":"","astra-migrate-meta-layouts":"set","ast-page-background-enabled":"default","ast-page-background-meta":{"desktop":{"background-color":"var(--ast-global-color-5)","background-image":"","background-repeat":"repeat","background-position":"center center","background-size":"auto","background-attachment":"scroll","background-type":"","background-media":"","overlay-type":"","overlay-color":"","overlay-opacity":"","overlay-gradient":""},"tablet":{"background-color":"","background-image":"","background-repeat":"repeat","background-position":"center center","background-size":"auto","background-attachment":"scroll","background-type":"","background-media":"","overlay-type":"","overlay-color":"","overlay-opacity":"","overlay-gradient":""},"mobile":{"background-color":"","background-image":"","background-repeat":"repeat","background-position":"center center","background-size":"auto","background-attachment":"scroll","background-type":"","background-media":"","overlay-type":"","overlay-color":"","overlay-opacity":"","overlay-gradient":""}},"ast-content-background-meta":{"desktop":{"background-color":"var(--ast-global-color-4)","background-image":"","background-repeat":"repeat","background-position":"center center","background-size":"auto","background-attachment":"scroll","background-type":"","background-media":"","overlay-type":"","overlay-color":"","overlay-opacity":"","overlay-gradient":""},"tablet":{"background-color":"var(--ast-global-color-4)","background-image":"","background-repeat":"repeat","background-position":"center center","background-size":"auto","background-attachment":"scroll","background-type":"","background-media":"","overlay-type":"","overlay-color":"","overlay-opacity":"","overlay-gradient":""},"mobile":{"background-color":"var(--ast-global-color-4)","background-image":"","background-repeat":"repeat","background-position":"center center","background-size":"auto","background-attachment":"scroll","background-type":"","background-media":"","overlay-type":"","overlay-color":"","overlay-opacity":"","overlay-gradient":""}},"_joinchat":[]},"product_brand":[],"product_cat":[89],"product_tag":[],"class_list":{"0":"post-14967","1":"product","2":"type-product","3":"status-publish","4":"has-post-thumbnail","6":"product_cat-gamers-competitivos","7":"desktop-align-center","8":"tablet-align-left","9":"mobile-align-left","11":"first","12":"instock","13":"shipping-taxable","14":"purchasable","15":"product-type-simple"},"yoast_head":"<!-- This site is optimized with the Yoast SEO plugin v27.5 - https:\/\/yoast.com\/product\/yoast-seo-wordpress\/ -->\n<title>Mouse Inalambrico RAZER Basilik V3 X HyperSpeed - UnitGames<\/title>\n<meta name=\"robots\" content=\"index, follow, max-snippet:-1, max-image-preview:large, max-video-preview:-1\" \/>\n<link rel=\"canonical\" href=\"https:\/\/unitgames.com.ar\/pc-gamer\/producto\/mouse-razer-basilik-v3-x-hyperspeed\/\" \/>\n<meta property=\"og:locale\" content=\"es_ES\" \/>\n<meta property=\"og:type\" content=\"article\" \/>\n<meta property=\"og:title\" content=\"Mouse Inalambrico RAZER Basilik V3 X HyperSpeed - UnitGames\" \/>\n<meta property=\"og:description\" content=\"Caracter\u00edsticas Principales &nbsp; Sensor \u00f3ptico Razer 5G de 18,000 DPI: Ofrece una precisi\u00f3n excepcional y una velocidad de seguimiento de hasta 450 pulgadas por segundo (IPS) con una aceleraci\u00f3n de 40G. Conectividad inal\u00e1mbrica dual: Compatible con Razer HyperSpeed Wireless (2.4 GHz) y Bluetooth, brindando flexibilidad para diferentes dispositivos y situaciones. 9 controles programables: Incluye botones personalizables mediante el software Razer Synapse, permitiendo adaptar el mouse a tus necesidades espec\u00edficas. Interruptores mec\u00e1nicos Razer de 2.\u00aa generaci\u00f3n: Dise\u00f1ados para ofrecer una respuesta r\u00e1pida y una durabilidad prolongada. Iluminaci\u00f3n Razer Chroma RGB: Personaliza la iluminaci\u00f3n del mouse con una amplia gama de colores y efectos. Dise\u00f1o ergon\u00f3mico: Adecuado para usuarios diestros, con un dise\u00f1o que favorece los estilos de agarre tipo palma y garra. \u00a0Autonom\u00eda y Alimentaci\u00f3n Duraci\u00f3n de la bater\u00eda: Hasta 285 horas utilizando Razer HyperSpeed Wireless. Hasta 535 horas mediante conexi\u00f3n Bluetooth. Alimentaci\u00f3n: Funciona con una sola bater\u00eda AA. \u00a0Dimensiones y Peso Largo: 130.1 mm Ancho: 75.1 mm Alto: 42.5 mm Peso: Aproximadamente 86 gramos (sin bater\u00eda\" \/>\n<meta property=\"og:url\" content=\"https:\/\/unitgames.com.ar\/pc-gamer\/producto\/mouse-razer-basilik-v3-x-hyperspeed\/\" \/>\n<meta property=\"og:site_name\" content=\"UnitGames\" \/>\n<meta property=\"article:modified_time\" content=\"2026-04-25T16:29:35+00:00\" \/>\n<meta property=\"og:image\" content=\"https:\/\/unitgames.com.ar\/pc-gamer\/wp-content\/uploads\/2025\/05\/Mouse-RAZER-Basilik-V3-X-HyperSpeed.png\" \/>\n\t<meta property=\"og:image:width\" content=\"1283\" \/>\n\t<meta property=\"og:image:height\" content=\"1283\" \/>\n\t<meta property=\"og:image:type\" content=\"image\/png\" \/>\n<meta name=\"twitter:card\" content=\"summary_large_image\" \/>\n<meta name=\"twitter:label1\" content=\"Tiempo de lectura\" \/>\n\t<meta name=\"twitter:data1\" content=\"1 minuto\" \/>\n<script type=\"application\/ld+json\" class=\"yoast-schema-graph\">{\"@context\":\"https:\\\/\\\/schema.org\",\"@graph\":[{\"@type\":\"WebPage\",\"@id\":\"https:\\\/\\\/unitgames.com.ar\\\/pc-gamer\\\/producto\\\/mouse-razer-basilik-v3-x-hyperspeed\\\/\",\"url\":\"https:\\\/\\\/unitgames.com.ar\\\/pc-gamer\\\/producto\\\/mouse-razer-basilik-v3-x-hyperspeed\\\/\",\"name\":\"Mouse Inalambrico RAZER Basilik V3 X HyperSpeed - UnitGames\",\"isPartOf\":{\"@id\":\"https:\\\/\\\/unitgames.com.ar\\\/pc-gamer\\\/#website\"},\"primaryImageOfPage\":{\"@id\":\"https:\\\/\\\/unitgames.com.ar\\\/pc-gamer\\\/producto\\\/mouse-razer-basilik-v3-x-hyperspeed\\\/#primaryimage\"},\"image\":{\"@id\":\"https:\\\/\\\/unitgames.com.ar\\\/pc-gamer\\\/producto\\\/mouse-razer-basilik-v3-x-hyperspeed\\\/#primaryimage\"},\"thumbnailUrl\":\"https:\\\/\\\/unitgames.com.ar\\\/pc-gamer\\\/wp-content\\\/uploads\\\/2025\\\/05\\\/Mouse-RAZER-Basilik-V3-X-HyperSpeed.png\",\"datePublished\":\"2025-05-23T20:56:52+00:00\",\"dateModified\":\"2026-04-25T16:29:35+00:00\",\"breadcrumb\":{\"@id\":\"https:\\\/\\\/unitgames.com.ar\\\/pc-gamer\\\/producto\\\/mouse-razer-basilik-v3-x-hyperspeed\\\/#breadcrumb\"},\"inLanguage\":\"es\",\"potentialAction\":[{\"@type\":\"ReadAction\",\"target\":[\"https:\\\/\\\/unitgames.com.ar\\\/pc-gamer\\\/producto\\\/mouse-razer-basilik-v3-x-hyperspeed\\\/\"]}]},{\"@type\":\"ImageObject\",\"inLanguage\":\"es\",\"@id\":\"https:\\\/\\\/unitgames.com.ar\\\/pc-gamer\\\/producto\\\/mouse-razer-basilik-v3-x-hyperspeed\\\/#primaryimage\",\"url\":\"https:\\\/\\\/unitgames.com.ar\\\/pc-gamer\\\/wp-content\\\/uploads\\\/2025\\\/05\\\/Mouse-RAZER-Basilik-V3-X-HyperSpeed.png\",\"contentUrl\":\"https:\\\/\\\/unitgames.com.ar\\\/pc-gamer\\\/wp-content\\\/uploads\\\/2025\\\/05\\\/Mouse-RAZER-Basilik-V3-X-HyperSpeed.png\",\"width\":1283,\"height\":1283},{\"@type\":\"BreadcrumbList\",\"@id\":\"https:\\\/\\\/unitgames.com.ar\\\/pc-gamer\\\/producto\\\/mouse-razer-basilik-v3-x-hyperspeed\\\/#breadcrumb\",\"itemListElement\":[{\"@type\":\"ListItem\",\"position\":1,\"name\":\"Tienda\",\"item\":\"https:\\\/\\\/unitgames.com.ar\\\/pc-gamer\\\/tienda\\\/\"},{\"@type\":\"ListItem\",\"position\":2,\"name\":\"Mouse Inalambrico RAZER Basilik V3 X HyperSpeed\"}]},{\"@type\":\"WebSite\",\"@id\":\"https:\\\/\\\/unitgames.com.ar\\\/pc-gamer\\\/#website\",\"url\":\"https:\\\/\\\/unitgames.com.ar\\\/pc-gamer\\\/\",\"name\":\"UnitGames\",\"description\":\"Venta de PC Gamers, Consolas , Servicio Tecnico Especializado. Todos en Accesorios Informaticos y Gamers\",\"publisher\":{\"@id\":\"https:\\\/\\\/unitgames.com.ar\\\/pc-gamer\\\/#organization\"},\"potentialAction\":[{\"@type\":\"SearchAction\",\"target\":{\"@type\":\"EntryPoint\",\"urlTemplate\":\"https:\\\/\\\/unitgames.com.ar\\\/pc-gamer\\\/?s={search_term_string}\"},\"query-input\":{\"@type\":\"PropertyValueSpecification\",\"valueRequired\":true,\"valueName\":\"search_term_string\"}}],\"inLanguage\":\"es\"},{\"@type\":\"Organization\",\"@id\":\"https:\\\/\\\/unitgames.com.ar\\\/pc-gamer\\\/#organization\",\"name\":\"UnitGames\",\"url\":\"https:\\\/\\\/unitgames.com.ar\\\/pc-gamer\\\/\",\"logo\":{\"@type\":\"ImageObject\",\"inLanguage\":\"es\",\"@id\":\"https:\\\/\\\/unitgames.com.ar\\\/pc-gamer\\\/#\\\/schema\\\/logo\\\/image\\\/\",\"url\":\"https:\\\/\\\/unitgames.com.ar\\\/pc-gamer\\\/wp-content\\\/uploads\\\/2021\\\/01\\\/cropped-logoUnitGames2.png\",\"contentUrl\":\"https:\\\/\\\/unitgames.com.ar\\\/pc-gamer\\\/wp-content\\\/uploads\\\/2021\\\/01\\\/cropped-logoUnitGames2.png\",\"width\":152,\"height\":200,\"caption\":\"UnitGames\"},\"image\":{\"@id\":\"https:\\\/\\\/unitgames.com.ar\\\/pc-gamer\\\/#\\\/schema\\\/logo\\\/image\\\/\"}}]}<\/script>\n<!-- \/ Yoast SEO plugin. -->","yoast_head_json":{"title":"Mouse Inalambrico RAZER Basilik V3 X HyperSpeed - UnitGames","robots":{"index":"index","follow":"follow","max-snippet":"max-snippet:-1","max-image-preview":"max-image-preview:large","max-video-preview":"max-video-preview:-1"},"canonical":"https:\/\/unitgames.com.ar\/pc-gamer\/producto\/mouse-razer-basilik-v3-x-hyperspeed\/","og_locale":"es_ES","og_type":"article","og_title":"Mouse Inalambrico RAZER Basilik V3 X HyperSpeed - UnitGames","og_description":"Caracter\u00edsticas Principales &nbsp; Sensor \u00f3ptico Razer 5G de 18,000 DPI: Ofrece una precisi\u00f3n excepcional y una velocidad de seguimiento de hasta 450 pulgadas por segundo (IPS) con una aceleraci\u00f3n de 40G. Conectividad inal\u00e1mbrica dual: Compatible con Razer HyperSpeed Wireless (2.4 GHz) y Bluetooth, brindando flexibilidad para diferentes dispositivos y situaciones. 9 controles programables: Incluye botones personalizables mediante el software Razer Synapse, permitiendo adaptar el mouse a tus necesidades espec\u00edficas. Interruptores mec\u00e1nicos Razer de 2.\u00aa generaci\u00f3n: Dise\u00f1ados para ofrecer una respuesta r\u00e1pida y una durabilidad prolongada. Iluminaci\u00f3n Razer Chroma RGB: Personaliza la iluminaci\u00f3n del mouse con una amplia gama de colores y efectos. Dise\u00f1o ergon\u00f3mico: Adecuado para usuarios diestros, con un dise\u00f1o que favorece los estilos de agarre tipo palma y garra. \u00a0Autonom\u00eda y Alimentaci\u00f3n Duraci\u00f3n de la bater\u00eda: Hasta 285 horas utilizando Razer HyperSpeed Wireless. Hasta 535 horas mediante conexi\u00f3n Bluetooth. Alimentaci\u00f3n: Funciona con una sola bater\u00eda AA. \u00a0Dimensiones y Peso Largo: 130.1 mm Ancho: 75.1 mm Alto: 42.5 mm Peso: Aproximadamente 86 gramos (sin bater\u00eda","og_url":"https:\/\/unitgames.com.ar\/pc-gamer\/producto\/mouse-razer-basilik-v3-x-hyperspeed\/","og_site_name":"UnitGames","article_modified_time":"2026-04-25T16:29:35+00:00","og_image":[{"width":1283,"height":1283,"url":"https:\/\/unitgames.com.ar\/pc-gamer\/wp-content\/uploads\/2025\/05\/Mouse-RAZER-Basilik-V3-X-HyperSpeed.png","type":"image\/png"}],"twitter_card":"summary_large_image","twitter_misc":{"Tiempo de lectura":"1 minuto"},"schema":{"@context":"https:\/\/schema.org","@graph":[{"@type":"WebPage","@id":"https:\/\/unitgames.com.ar\/pc-gamer\/producto\/mouse-razer-basilik-v3-x-hyperspeed\/","url":"https:\/\/unitgames.com.ar\/pc-gamer\/producto\/mouse-razer-basilik-v3-x-hyperspeed\/","name":"Mouse Inalambrico RAZER Basilik V3 X HyperSpeed - UnitGames","isPartOf":{"@id":"https:\/\/unitgames.com.ar\/pc-gamer\/#website"},"primaryImageOfPage":{"@id":"https:\/\/unitgames.com.ar\/pc-gamer\/producto\/mouse-razer-basilik-v3-x-hyperspeed\/#primaryimage"},"image":{"@id":"https:\/\/unitgames.com.ar\/pc-gamer\/producto\/mouse-razer-basilik-v3-x-hyperspeed\/#primaryimage"},"thumbnailUrl":"https:\/\/unitgames.com.ar\/pc-gamer\/wp-content\/uploads\/2025\/05\/Mouse-RAZER-Basilik-V3-X-HyperSpeed.png","datePublished":"2025-05-23T20:56:52+00:00","dateModified":"2026-04-25T16:29:35+00:00","breadcrumb":{"@id":"https:\/\/unitgames.com.ar\/pc-gamer\/producto\/mouse-razer-basilik-v3-x-hyperspeed\/#breadcrumb"},"inLanguage":"es","potentialAction":[{"@type":"ReadAction","target":["https:\/\/unitgames.com.ar\/pc-gamer\/producto\/mouse-razer-basilik-v3-x-hyperspeed\/"]}]},{"@type":"ImageObject","inLanguage":"es","@id":"https:\/\/unitgames.com.ar\/pc-gamer\/producto\/mouse-razer-basilik-v3-x-hyperspeed\/#primaryimage","url":"https:\/\/unitgames.com.ar\/pc-gamer\/wp-content\/uploads\/2025\/05\/Mouse-RAZER-Basilik-V3-X-HyperSpeed.png","contentUrl":"https:\/\/unitgames.com.ar\/pc-gamer\/wp-content\/uploads\/2025\/05\/Mouse-RAZER-Basilik-V3-X-HyperSpeed.png","width":1283,"height":1283},{"@type":"BreadcrumbList","@id":"https:\/\/unitgames.com.ar\/pc-gamer\/producto\/mouse-razer-basilik-v3-x-hyperspeed\/#breadcrumb","itemListElement":[{"@type":"ListItem","position":1,"name":"Tienda","item":"https:\/\/unitgames.com.ar\/pc-gamer\/tienda\/"},{"@type":"ListItem","position":2,"name":"Mouse Inalambrico RAZER Basilik V3 X HyperSpeed"}]},{"@type":"WebSite","@id":"https:\/\/unitgames.com.ar\/pc-gamer\/#website","url":"https:\/\/unitgames.com.ar\/pc-gamer\/","name":"UnitGames","description":"Venta de PC Gamers, Consolas , Servicio Tecnico Especializado. Todos en Accesorios Informaticos y Gamers","publisher":{"@id":"https:\/\/unitgames.com.ar\/pc-gamer\/#organization"},"potentialAction":[{"@type":"SearchAction","target":{"@type":"EntryPoint","urlTemplate":"https:\/\/unitgames.com.ar\/pc-gamer\/?s={search_term_string}"},"query-input":{"@type":"PropertyValueSpecification","valueRequired":true,"valueName":"search_term_string"}}],"inLanguage":"es"},{"@type":"Organization","@id":"https:\/\/unitgames.com.ar\/pc-gamer\/#organization","name":"UnitGames","url":"https:\/\/unitgames.com.ar\/pc-gamer\/","logo":{"@type":"ImageObject","inLanguage":"es","@id":"https:\/\/unitgames.com.ar\/pc-gamer\/#\/schema\/logo\/image\/","url":"https:\/\/unitgames.com.ar\/pc-gamer\/wp-content\/uploads\/2021\/01\/cropped-logoUnitGames2.png","contentUrl":"https:\/\/unitgames.com.ar\/pc-gamer\/wp-content\/uploads\/2021\/01\/cropped-logoUnitGames2.png","width":152,"height":200,"caption":"UnitGames"},"image":{"@id":"https:\/\/unitgames.com.ar\/pc-gamer\/#\/schema\/logo\/image\/"}}]}},"_links":{"self":[{"href":"https:\/\/unitgames.com.ar\/pc-gamer\/wp-json\/wp\/v2\/product\/14967","targetHints":{"allow":["GET"]}}],"collection":[{"href":"https:\/\/unitgames.com.ar\/pc-gamer\/wp-json\/wp\/v2\/product"}],"about":[{"href":"https:\/\/unitgames.com.ar\/pc-gamer\/wp-json\/wp\/v2\/types\/product"}],"version-history":[{"count":1,"href":"https:\/\/unitgames.com.ar\/pc-gamer\/wp-json\/wp\/v2\/product\/14967\/revisions"}],"predecessor-version":[{"id":20995,"href":"https:\/\/unitgames.com.ar\/pc-gamer\/wp-json\/wp\/v2\/product\/14967\/revisions\/20995"}],"wp:featuredmedia":[{"embeddable":true,"href":"https:\/\/unitgames.com.ar\/pc-gamer\/wp-json\/wp\/v2\/media\/15053"}],"wp:attachment":[{"href":"https:\/\/unitgames.com.ar\/pc-gamer\/wp-json\/wp\/v2\/media?parent=14967"}],"wp:term":[{"taxonomy":"product_brand","embeddable":true,"href":"https:\/\/unitgames.com.ar\/pc-gamer\/wp-json\/wp\/v2\/product_brand?post=14967"},{"taxonomy":"product_cat","embeddable":true,"href":"https:\/\/unitgames.com.ar\/pc-gamer\/wp-json\/wp\/v2\/product_cat?post=14967"},{"taxonomy":"product_tag","embeddable":true,"href":"https:\/\/unitgames.com.ar\/pc-gamer\/wp-json\/wp\/v2\/product_tag?post=14967"}],"curies":[{"name":"wp","href":"https:\/\/api.w.org\/{rel}","templated":true}]}}