{"id":15164,"date":"2025-05-31T08:28:20","date_gmt":"2025-05-31T11:28:20","guid":{"rendered":"https:\/\/unitgames.com.ar\/pc-gamer\/?post_type=product&#038;p=15164"},"modified":"2026-01-09T07:15:07","modified_gmt":"2026-01-09T10:15:07","slug":"motherboard-gigabyte-b840m-d2h-am5","status":"publish","type":"product","link":"https:\/\/unitgames.com.ar\/pc-gamer\/producto\/motherboard-gigabyte-b840m-d2h-am5\/","title":{"rendered":"Motherboard GIGABYTE B840M D2H AM5"},"content":{"rendered":"<ul class=\"display-table\">\n<li class=\"display-table-row black\">\n<div class=\"display-table-cell item\">\n<div class=\"specText\">\n<h3 data-start=\"7\" data-end=\"43\"><strong data-start=\"14\" data-end=\"43\">Especificaciones T\u00e9cnicas<\/strong><\/h3>\n<p>&nbsp;<\/p>\n<ul data-start=\"45\" data-end=\"2521\">\n<li data-start=\"45\" data-end=\"171\">\n<p data-start=\"47\" data-end=\"171\"><strong data-start=\"47\" data-end=\"57\">Socket<\/strong>: <span class=\"relative -mx-px my-[-0.2rem] rounded px-px py-[0.2rem] transition-colors duration-100 ease-in-out\">AM5, compatible con procesadores AMD Ryzen&#x2122; de las series 7000, 8000 y 9000.<\/span><\/p>\n<\/li>\n<li data-start=\"173\" data-end=\"302\">\n<p data-start=\"175\" data-end=\"302\"><strong data-start=\"175\" data-end=\"186\">Chipset<\/strong>: <span class=\"relative -mx-px my-[-0.2rem] rounded px-px py-[0.2rem] transition-colors duration-100 ease-in-out\">AMD B840.<\/span><\/p>\n<\/li>\n<li data-start=\"304\" data-end=\"437\">\n<p data-start=\"306\" data-end=\"437\"><strong data-start=\"306\" data-end=\"317\">Formato<\/strong>: <span class=\"relative -mx-px my-[-0.2rem] rounded px-px py-[0.2rem] transition-colors duration-100 ease-in-out\">Micro-ATX.<\/span><\/p>\n<\/li>\n<li data-start=\"439\" data-end=\"660\">\n<p data-start=\"441\" data-end=\"453\"><strong data-start=\"441\" data-end=\"452\">Memoria<\/strong>:<\/p>\n<ul data-start=\"456\" data-end=\"660\">\n<li data-start=\"456\" data-end=\"537\">\n<p data-start=\"458\" data-end=\"537\"><span class=\"relative -mx-px my-[-0.2rem] rounded px-px py-[0.2rem] transition-colors duration-100 ease-in-out\">2 ranuras DIMM DDR5, soporta hasta 128 GB.<\/span><\/p>\n<\/li>\n<li data-start=\"540\" data-end=\"660\">\n<p data-start=\"542\" data-end=\"660\"><span class=\"relative -mx-px my-[-0.2rem] rounded px-px py-[0.2rem] transition-colors duration-100 ease-in-out\">Velocidades de hasta 7600 MHz (OC), con soporte para perfiles AMD EXPO.<\/span><\/p>\n<\/li>\n<\/ul>\n<\/li>\n<li data-start=\"662\" data-end=\"1022\">\n<p data-start=\"664\" data-end=\"683\"><strong data-start=\"664\" data-end=\"682\">Almacenamiento<\/strong>:<\/p>\n<ul data-start=\"686\" data-end=\"1022\">\n<li data-start=\"686\" data-end=\"899\">\n<p data-start=\"688\" data-end=\"727\"><span class=\"relative -mx-px my-[-0.2rem] rounded px-px py-[0.2rem] transition-colors duration-100 ease-in-out\">2 ranuras M.2:<\/span><\/p>\n<ul data-start=\"732\" data-end=\"899\">\n<li data-start=\"732\" data-end=\"813\">\n<p data-start=\"734\" data-end=\"813\"><span class=\"relative -mx-px my-[-0.2rem] rounded px-px py-[0.2rem] transition-colors duration-100 ease-in-out\">1 x PCIe 4.0 x4.<\/span><\/p>\n<\/li>\n<li data-start=\"818\" data-end=\"899\">\n<p data-start=\"820\" data-end=\"899\"><span class=\"relative -mx-px my-[-0.2rem] rounded px-px py-[0.2rem] transition-colors duration-100 ease-in-out\">1 x PCIe 3.0 x4.<\/span><\/p>\n<\/li>\n<\/ul>\n<\/li>\n<li data-start=\"902\" data-end=\"1022\">\n<p data-start=\"904\" data-end=\"1022\"><span class=\"relative -mx-px my-[-0.2rem] rounded px-px py-[0.2rem] transition-colors duration-100 ease-in-out\">4 puertos SATA III (6 Gb\/s), con soporte para RAID 0, 1 y 10.<\/span><\/p>\n<\/li>\n<\/ul>\n<\/li>\n<li data-start=\"1024\" data-end=\"1247\">\n<p data-start=\"1026\" data-end=\"1040\"><strong data-start=\"1026\" data-end=\"1039\">Expansi\u00f3n<\/strong>:<\/p>\n<ul data-start=\"1043\" data-end=\"1247\">\n<li data-start=\"1043\" data-end=\"1124\">\n<p data-start=\"1045\" data-end=\"1124\"><span class=\"relative -mx-px my-[-0.2rem] rounded px-px py-[0.2rem] transition-colors duration-100 ease-in-out\">1 ranura PCIe 4.0 x16.<\/span><\/p>\n<\/li>\n<li data-start=\"1127\" data-end=\"1247\">\n<p data-start=\"1129\" data-end=\"1247\"><span class=\"relative -mx-px my-[-0.2rem] rounded px-px py-[0.2rem] transition-colors duration-100 ease-in-out\">1 ranura PCIe 3.0 x4.<\/span><\/p>\n<\/li>\n<\/ul>\n<\/li>\n<li data-start=\"1249\" data-end=\"1442\">\n<p data-start=\"1251\" data-end=\"1275\"><strong data-start=\"1251\" data-end=\"1274\">Gr\u00e1ficos Integrados<\/strong>:<\/p>\n<ul data-start=\"1278\" data-end=\"1442\">\n<li data-start=\"1278\" data-end=\"1359\">\n<p data-start=\"1280\" data-end=\"1359\"><span class=\"relative -mx-px my-[-0.2rem] rounded px-px py-[0.2rem] transition-colors duration-100 ease-in-out\">1 salida HDMI 2.1, soporta hasta 4096&#215;2160 @60Hz.<\/span><\/p>\n<\/li>\n<li data-start=\"1362\" data-end=\"1442\">\n<p data-start=\"1364\" data-end=\"1442\"><span class=\"relative -mx-px my-[-0.2rem] rounded px-px py-[0.2rem] transition-colors duration-100 ease-in-out\">Requiere procesador con gr\u00e1ficos integrados.<\/span><\/p>\n<\/li>\n<\/ul>\n<\/li>\n<li data-start=\"1444\" data-end=\"1577\">\n<p data-start=\"1446\" data-end=\"1454\"><strong data-start=\"1446\" data-end=\"1453\">Red<\/strong>:<\/p>\n<ul data-start=\"1457\" data-end=\"1577\">\n<li data-start=\"1457\" data-end=\"1577\">\n<p data-start=\"1459\" data-end=\"1577\"><span class=\"relative -mx-px my-[-0.2rem] rounded px-px py-[0.2rem] transition-colors duration-100 ease-in-out\">Controlador Ethernet Realtek 2.5 GbE LAN.<\/span><\/p>\n<\/li>\n<\/ul>\n<\/li>\n<li data-start=\"1579\" data-end=\"1714\">\n<p data-start=\"1581\" data-end=\"1591\"><strong data-start=\"1581\" data-end=\"1590\">Audio<\/strong>:<\/p>\n<ul data-start=\"1594\" data-end=\"1714\">\n<li data-start=\"1594\" data-end=\"1714\">\n<p data-start=\"1596\" data-end=\"1714\"><span class=\"relative -mx-px my-[-0.2rem] rounded px-px py-[0.2rem] transition-colors duration-100 ease-in-out\">Codec de audio Realtek ALC897 de 7.1 canales.<\/span><\/p>\n<\/li>\n<\/ul>\n<\/li>\n<li data-start=\"1716\" data-end=\"2026\">\n<p data-start=\"1718\" data-end=\"1735\"><strong data-start=\"1718\" data-end=\"1734\">Conectividad<\/strong>:<\/p>\n<ul data-start=\"1738\" data-end=\"2026\">\n<li data-start=\"1738\" data-end=\"1819\">\n<p data-start=\"1740\" data-end=\"1819\"><span class=\"relative -mx-px my-[-0.2rem] rounded px-px py-[0.2rem] transition-colors duration-100 ease-in-out\">2 puertos USB 3.2 Gen 1.<\/span><\/p>\n<\/li>\n<li data-start=\"1822\" data-end=\"1903\">\n<p data-start=\"1824\" data-end=\"1903\"><span class=\"relative -mx-px my-[-0.2rem] rounded px-px py-[0.2rem] transition-colors duration-100 ease-in-out\">4 puertos USB 2.0.<\/span><\/p>\n<\/li>\n<li data-start=\"1906\" data-end=\"2026\">\n<p data-start=\"1908\" data-end=\"2026\"><span class=\"relative -mx-px my-[-0.2rem] rounded px-px py-[0.2rem] transition-colors duration-100 ease-in-out\">1 puerto USB 3.2 Gen 1 Tipo-C en el panel frontal.<\/span><\/p>\n<\/li>\n<\/ul>\n<\/li>\n<li data-start=\"2028\" data-end=\"2521\">\n<p data-start=\"2030\" data-end=\"2062\"><strong data-start=\"2030\" data-end=\"2061\">Caracter\u00edsticas Adicionales<\/strong>:<\/p>\n<ul data-start=\"2065\" data-end=\"2521\">\n<li data-start=\"2065\" data-end=\"2146\">\n<p data-start=\"2067\" data-end=\"2146\"><span class=\"relative -mx-px my-[-0.2rem] rounded px-px py-[0.2rem] transition-colors duration-100 ease-in-out\">Soluci\u00f3n VRM digital de 5+2+2 fases para una entrega de energ\u00eda estable.<\/span><\/p>\n<\/li>\n<li data-start=\"2149\" data-end=\"2230\">\n<p data-start=\"2151\" data-end=\"2230\"><span class=\"relative -mx-px my-[-0.2rem] rounded px-px py-[0.2rem] transition-colors duration-100 ease-in-out\">Soporte para RGB FUSION con 2 encabezados LED direccionables y 1 encabezado RGB.<\/span><\/p>\n<\/li>\n<li data-start=\"2233\" data-end=\"2314\">\n<p data-start=\"2235\" data-end=\"2314\"><span class=\"relative -mx-px my-[-0.2rem] rounded px-px py-[0.2rem] transition-colors duration-100 ease-in-out\">Tecnolog\u00eda Smart Fan 6 con 3 conectores de ventilador PWM\/DC y doble modo de curva de ventilador.<\/span><\/p>\n<\/li>\n<li data-start=\"2317\" data-end=\"2398\">\n<p data-start=\"2319\" data-end=\"2398\"><span class=\"relative -mx-px my-[-0.2rem] rounded px-px py-[0.2rem] transition-colors duration-100 ease-in-out\">Bot\u00f3n Q-Flash Plus para actualizaciones de BIOS sin necesidad de CPU o memoria instalada.<\/span><\/p>\n<\/li>\n<li data-start=\"2401\" data-end=\"2521\">\n<p data-start=\"2403\" data-end=\"2521\"><span class=\"relative -mx-px my-[-0.2rem] rounded px-px py-[0.2rem] transition-colors duration-100 ease-in-out\">Modo X3D Turbo para optimizar el rendimiento en juegos con procesadores Ryzen X3D y no-X3D.<\/span><\/p>\n<\/li>\n<\/ul>\n<\/li>\n<li><\/li>\n<\/ul>\n<\/div>\n<\/div>\n<\/li>\n<\/ul>\n","protected":false},"excerpt":{"rendered":"<p>Especificaciones T\u00e9cnicas &nbsp; Socket: AM5, compatible con procesadores AMD Ryzen&#x2122; de las series 7000, 8000 y 9000. Chipset: AMD B840. Formato: Micro-ATX. Memoria: 2 ranuras DIMM DDR5, soporta hasta 128 GB. Velocidades de hasta 7600 MHz (OC), con soporte para perfiles AMD EXPO. Almacenamiento: 2 ranuras M.2: 1 x PCIe 4.0 x4. 1 x PCIe 3.0 x4. 4 puertos SATA III (6 Gb\/s), con soporte para RAID 0, 1 y 10. Expansi\u00f3n: 1 ranura PCIe 4.0 x16. 1 ranura PCIe 3.0 x4. Gr\u00e1ficos Integrados: 1 salida HDMI 2.1, soporta hasta 4096&#215;2160 @60Hz. Requiere procesador con gr\u00e1ficos integrados. Red: Controlador Ethernet Realtek 2.5 GbE LAN. Audio: Codec de audio Realtek ALC897 de 7.1 canales. Conectividad: 2 puertos USB 3.2 Gen 1. 4 puertos USB 2.0. 1 puerto USB 3.2 Gen 1 Tipo-C en el panel frontal. Caracter\u00edsticas Adicionales: Soluci\u00f3n VRM digital de 5+2+2 fases para una entrega de energ\u00eda estable. Soporte para RGB FUSION con 2 encabezados LED direccionables y 1 encabezado RGB. Tecnolog\u00eda Smart Fan 6 con 3 conectores de ventilador PWM\/DC y doble modo de curva de ventilador. Bot\u00f3n Q-Flash Plus para actualizaciones de BIOS sin necesidad de CPU o memoria instalada. Modo X3D Turbo para optimizar el rendimiento en juegos con procesadores Ryzen X3D y no-X3D.<\/p>\n","protected":false},"featured_media":15166,"template":"","meta":{"site-sidebar-layout":"default","site-content-layout":"","ast-site-content-layout":"default","site-content-style":"default","site-sidebar-style":"default","ast-global-header-display":"","ast-banner-title-visibility":"","ast-main-header-display":"","ast-hfb-above-header-display":"","ast-hfb-below-header-display":"","ast-hfb-mobile-header-display":"","site-post-title":"","ast-breadcrumbs-content":"","ast-featured-img":"","footer-sml-layout":"","theme-transparent-header-meta":"default","adv-header-id-meta":"","stick-header-meta":"","header-above-stick-meta":"","header-main-stick-meta":"","header-below-stick-meta":"","astra-migrate-meta-layouts":"set","ast-page-background-enabled":"default","ast-page-background-meta":{"desktop":{"background-color":"var(--ast-global-color-5)","background-image":"","background-repeat":"repeat","background-position":"center center","background-size":"auto","background-attachment":"scroll","background-type":"","background-media":"","overlay-type":"","overlay-color":"","overlay-opacity":"","overlay-gradient":""},"tablet":{"background-color":"","background-image":"","background-repeat":"repeat","background-position":"center center","background-size":"auto","background-attachment":"scroll","background-type":"","background-media":"","overlay-type":"","overlay-color":"","overlay-opacity":"","overlay-gradient":""},"mobile":{"background-color":"","background-image":"","background-repeat":"repeat","background-position":"center center","background-size":"auto","background-attachment":"scroll","background-type":"","background-media":"","overlay-type":"","overlay-color":"","overlay-opacity":"","overlay-gradient":""}},"ast-content-background-meta":{"desktop":{"background-color":"var(--ast-global-color-4)","background-image":"","background-repeat":"repeat","background-position":"center center","background-size":"auto","background-attachment":"scroll","background-type":"","background-media":"","overlay-type":"","overlay-color":"","overlay-opacity":"","overlay-gradient":""},"tablet":{"background-color":"var(--ast-global-color-4)","background-image":"","background-repeat":"repeat","background-position":"center center","background-size":"auto","background-attachment":"scroll","background-type":"","background-media":"","overlay-type":"","overlay-color":"","overlay-opacity":"","overlay-gradient":""},"mobile":{"background-color":"var(--ast-global-color-4)","background-image":"","background-repeat":"repeat","background-position":"center center","background-size":"auto","background-attachment":"scroll","background-type":"","background-media":"","overlay-type":"","overlay-color":"","overlay-opacity":"","overlay-gradient":""}},"_joinchat":[]},"product_brand":[],"product_cat":[71],"product_tag":[],"class_list":{"0":"post-15164","1":"product","2":"type-product","3":"status-publish","4":"has-post-thumbnail","6":"product_cat-motherboard","7":"desktop-align-center","8":"tablet-align-left","9":"mobile-align-left","11":"first","12":"instock","13":"shipping-taxable","14":"purchasable","15":"product-type-simple"},"yoast_head":"<!-- This site is optimized with the Yoast SEO plugin v27.5 - https:\/\/yoast.com\/product\/yoast-seo-wordpress\/ -->\n<title>Motherboard GIGABYTE B840M D2H AM5 - UnitGames<\/title>\n<meta name=\"robots\" content=\"index, follow, max-snippet:-1, max-image-preview:large, max-video-preview:-1\" \/>\n<link rel=\"canonical\" href=\"https:\/\/unitgames.com.ar\/pc-gamer\/producto\/motherboard-gigabyte-b840m-d2h-am5\/\" \/>\n<meta property=\"og:locale\" content=\"es_ES\" \/>\n<meta property=\"og:type\" content=\"article\" \/>\n<meta property=\"og:title\" content=\"Motherboard GIGABYTE B840M D2H AM5 - UnitGames\" \/>\n<meta property=\"og:description\" content=\"Especificaciones T\u00e9cnicas &nbsp; Socket: AM5, compatible con procesadores AMD Ryzen&#x2122; de las series 7000, 8000 y 9000. Chipset: AMD B840. Formato: Micro-ATX. Memoria: 2 ranuras DIMM DDR5, soporta hasta 128 GB. Velocidades de hasta 7600 MHz (OC), con soporte para perfiles AMD EXPO. Almacenamiento: 2 ranuras M.2: 1 x PCIe 4.0 x4. 1 x PCIe 3.0 x4. 4 puertos SATA III (6 Gb\/s), con soporte para RAID 0, 1 y 10. Expansi\u00f3n: 1 ranura PCIe 4.0 x16. 1 ranura PCIe 3.0 x4. Gr\u00e1ficos Integrados: 1 salida HDMI 2.1, soporta hasta 4096&#215;2160 @60Hz. Requiere procesador con gr\u00e1ficos integrados. Red: Controlador Ethernet Realtek 2.5 GbE LAN. Audio: Codec de audio Realtek ALC897 de 7.1 canales. Conectividad: 2 puertos USB 3.2 Gen 1. 4 puertos USB 2.0. 1 puerto USB 3.2 Gen 1 Tipo-C en el panel frontal. Caracter\u00edsticas Adicionales: Soluci\u00f3n VRM digital de 5+2+2 fases para una entrega de energ\u00eda estable. Soporte para RGB FUSION con 2 encabezados LED direccionables y 1 encabezado RGB. Tecnolog\u00eda Smart Fan 6 con 3 conectores de ventilador PWM\/DC y doble modo de curva de ventilador. Bot\u00f3n Q-Flash Plus para actualizaciones de BIOS sin necesidad de CPU o memoria instalada. Modo X3D Turbo para optimizar el rendimiento en juegos con procesadores Ryzen X3D y no-X3D.\" \/>\n<meta property=\"og:url\" content=\"https:\/\/unitgames.com.ar\/pc-gamer\/producto\/motherboard-gigabyte-b840m-d2h-am5\/\" \/>\n<meta property=\"og:site_name\" content=\"UnitGames\" \/>\n<meta property=\"article:modified_time\" content=\"2026-01-09T10:15:07+00:00\" \/>\n<meta property=\"og:image\" content=\"https:\/\/unitgames.com.ar\/pc-gamer\/wp-content\/uploads\/2025\/05\/Motherboard-GIGABYTE-B840M-D2H-AM5.png\" \/>\n\t<meta property=\"og:image:width\" content=\"1282\" \/>\n\t<meta property=\"og:image:height\" content=\"1285\" \/>\n\t<meta property=\"og:image:type\" content=\"image\/png\" \/>\n<meta name=\"twitter:card\" content=\"summary_large_image\" \/>\n<meta name=\"twitter:label1\" content=\"Tiempo de lectura\" \/>\n\t<meta name=\"twitter:data1\" content=\"2 minutos\" \/>\n<script type=\"application\/ld+json\" class=\"yoast-schema-graph\">{\"@context\":\"https:\\\/\\\/schema.org\",\"@graph\":[{\"@type\":\"WebPage\",\"@id\":\"https:\\\/\\\/unitgames.com.ar\\\/pc-gamer\\\/producto\\\/motherboard-gigabyte-b840m-d2h-am5\\\/\",\"url\":\"https:\\\/\\\/unitgames.com.ar\\\/pc-gamer\\\/producto\\\/motherboard-gigabyte-b840m-d2h-am5\\\/\",\"name\":\"Motherboard GIGABYTE B840M D2H AM5 - UnitGames\",\"isPartOf\":{\"@id\":\"https:\\\/\\\/unitgames.com.ar\\\/pc-gamer\\\/#website\"},\"primaryImageOfPage\":{\"@id\":\"https:\\\/\\\/unitgames.com.ar\\\/pc-gamer\\\/producto\\\/motherboard-gigabyte-b840m-d2h-am5\\\/#primaryimage\"},\"image\":{\"@id\":\"https:\\\/\\\/unitgames.com.ar\\\/pc-gamer\\\/producto\\\/motherboard-gigabyte-b840m-d2h-am5\\\/#primaryimage\"},\"thumbnailUrl\":\"https:\\\/\\\/unitgames.com.ar\\\/pc-gamer\\\/wp-content\\\/uploads\\\/2025\\\/05\\\/Motherboard-GIGABYTE-B840M-D2H-AM5.png\",\"datePublished\":\"2025-05-31T11:28:20+00:00\",\"dateModified\":\"2026-01-09T10:15:07+00:00\",\"breadcrumb\":{\"@id\":\"https:\\\/\\\/unitgames.com.ar\\\/pc-gamer\\\/producto\\\/motherboard-gigabyte-b840m-d2h-am5\\\/#breadcrumb\"},\"inLanguage\":\"es\",\"potentialAction\":[{\"@type\":\"ReadAction\",\"target\":[\"https:\\\/\\\/unitgames.com.ar\\\/pc-gamer\\\/producto\\\/motherboard-gigabyte-b840m-d2h-am5\\\/\"]}]},{\"@type\":\"ImageObject\",\"inLanguage\":\"es\",\"@id\":\"https:\\\/\\\/unitgames.com.ar\\\/pc-gamer\\\/producto\\\/motherboard-gigabyte-b840m-d2h-am5\\\/#primaryimage\",\"url\":\"https:\\\/\\\/unitgames.com.ar\\\/pc-gamer\\\/wp-content\\\/uploads\\\/2025\\\/05\\\/Motherboard-GIGABYTE-B840M-D2H-AM5.png\",\"contentUrl\":\"https:\\\/\\\/unitgames.com.ar\\\/pc-gamer\\\/wp-content\\\/uploads\\\/2025\\\/05\\\/Motherboard-GIGABYTE-B840M-D2H-AM5.png\",\"width\":1282,\"height\":1285},{\"@type\":\"BreadcrumbList\",\"@id\":\"https:\\\/\\\/unitgames.com.ar\\\/pc-gamer\\\/producto\\\/motherboard-gigabyte-b840m-d2h-am5\\\/#breadcrumb\",\"itemListElement\":[{\"@type\":\"ListItem\",\"position\":1,\"name\":\"Tienda\",\"item\":\"https:\\\/\\\/unitgames.com.ar\\\/pc-gamer\\\/tienda\\\/\"},{\"@type\":\"ListItem\",\"position\":2,\"name\":\"Motherboard GIGABYTE B840M D2H AM5\"}]},{\"@type\":\"WebSite\",\"@id\":\"https:\\\/\\\/unitgames.com.ar\\\/pc-gamer\\\/#website\",\"url\":\"https:\\\/\\\/unitgames.com.ar\\\/pc-gamer\\\/\",\"name\":\"UnitGames\",\"description\":\"Venta de PC Gamers, Consolas , Servicio Tecnico Especializado. Todos en Accesorios Informaticos y Gamers\",\"publisher\":{\"@id\":\"https:\\\/\\\/unitgames.com.ar\\\/pc-gamer\\\/#organization\"},\"potentialAction\":[{\"@type\":\"SearchAction\",\"target\":{\"@type\":\"EntryPoint\",\"urlTemplate\":\"https:\\\/\\\/unitgames.com.ar\\\/pc-gamer\\\/?s={search_term_string}\"},\"query-input\":{\"@type\":\"PropertyValueSpecification\",\"valueRequired\":true,\"valueName\":\"search_term_string\"}}],\"inLanguage\":\"es\"},{\"@type\":\"Organization\",\"@id\":\"https:\\\/\\\/unitgames.com.ar\\\/pc-gamer\\\/#organization\",\"name\":\"UnitGames\",\"url\":\"https:\\\/\\\/unitgames.com.ar\\\/pc-gamer\\\/\",\"logo\":{\"@type\":\"ImageObject\",\"inLanguage\":\"es\",\"@id\":\"https:\\\/\\\/unitgames.com.ar\\\/pc-gamer\\\/#\\\/schema\\\/logo\\\/image\\\/\",\"url\":\"https:\\\/\\\/unitgames.com.ar\\\/pc-gamer\\\/wp-content\\\/uploads\\\/2021\\\/01\\\/cropped-logoUnitGames2.png\",\"contentUrl\":\"https:\\\/\\\/unitgames.com.ar\\\/pc-gamer\\\/wp-content\\\/uploads\\\/2021\\\/01\\\/cropped-logoUnitGames2.png\",\"width\":152,\"height\":200,\"caption\":\"UnitGames\"},\"image\":{\"@id\":\"https:\\\/\\\/unitgames.com.ar\\\/pc-gamer\\\/#\\\/schema\\\/logo\\\/image\\\/\"}}]}<\/script>\n<!-- \/ Yoast SEO plugin. -->","yoast_head_json":{"title":"Motherboard GIGABYTE B840M D2H AM5 - UnitGames","robots":{"index":"index","follow":"follow","max-snippet":"max-snippet:-1","max-image-preview":"max-image-preview:large","max-video-preview":"max-video-preview:-1"},"canonical":"https:\/\/unitgames.com.ar\/pc-gamer\/producto\/motherboard-gigabyte-b840m-d2h-am5\/","og_locale":"es_ES","og_type":"article","og_title":"Motherboard GIGABYTE B840M D2H AM5 - UnitGames","og_description":"Especificaciones T\u00e9cnicas &nbsp; Socket: AM5, compatible con procesadores AMD Ryzen&#x2122; de las series 7000, 8000 y 9000. Chipset: AMD B840. Formato: Micro-ATX. Memoria: 2 ranuras DIMM DDR5, soporta hasta 128 GB. Velocidades de hasta 7600 MHz (OC), con soporte para perfiles AMD EXPO. Almacenamiento: 2 ranuras M.2: 1 x PCIe 4.0 x4. 1 x PCIe 3.0 x4. 4 puertos SATA III (6 Gb\/s), con soporte para RAID 0, 1 y 10. Expansi\u00f3n: 1 ranura PCIe 4.0 x16. 1 ranura PCIe 3.0 x4. Gr\u00e1ficos Integrados: 1 salida HDMI 2.1, soporta hasta 4096&#215;2160 @60Hz. Requiere procesador con gr\u00e1ficos integrados. Red: Controlador Ethernet Realtek 2.5 GbE LAN. Audio: Codec de audio Realtek ALC897 de 7.1 canales. Conectividad: 2 puertos USB 3.2 Gen 1. 4 puertos USB 2.0. 1 puerto USB 3.2 Gen 1 Tipo-C en el panel frontal. Caracter\u00edsticas Adicionales: Soluci\u00f3n VRM digital de 5+2+2 fases para una entrega de energ\u00eda estable. Soporte para RGB FUSION con 2 encabezados LED direccionables y 1 encabezado RGB. Tecnolog\u00eda Smart Fan 6 con 3 conectores de ventilador PWM\/DC y doble modo de curva de ventilador. Bot\u00f3n Q-Flash Plus para actualizaciones de BIOS sin necesidad de CPU o memoria instalada. Modo X3D Turbo para optimizar el rendimiento en juegos con procesadores Ryzen X3D y no-X3D.","og_url":"https:\/\/unitgames.com.ar\/pc-gamer\/producto\/motherboard-gigabyte-b840m-d2h-am5\/","og_site_name":"UnitGames","article_modified_time":"2026-01-09T10:15:07+00:00","og_image":[{"width":1282,"height":1285,"url":"https:\/\/unitgames.com.ar\/pc-gamer\/wp-content\/uploads\/2025\/05\/Motherboard-GIGABYTE-B840M-D2H-AM5.png","type":"image\/png"}],"twitter_card":"summary_large_image","twitter_misc":{"Tiempo de lectura":"2 minutos"},"schema":{"@context":"https:\/\/schema.org","@graph":[{"@type":"WebPage","@id":"https:\/\/unitgames.com.ar\/pc-gamer\/producto\/motherboard-gigabyte-b840m-d2h-am5\/","url":"https:\/\/unitgames.com.ar\/pc-gamer\/producto\/motherboard-gigabyte-b840m-d2h-am5\/","name":"Motherboard GIGABYTE B840M D2H AM5 - UnitGames","isPartOf":{"@id":"https:\/\/unitgames.com.ar\/pc-gamer\/#website"},"primaryImageOfPage":{"@id":"https:\/\/unitgames.com.ar\/pc-gamer\/producto\/motherboard-gigabyte-b840m-d2h-am5\/#primaryimage"},"image":{"@id":"https:\/\/unitgames.com.ar\/pc-gamer\/producto\/motherboard-gigabyte-b840m-d2h-am5\/#primaryimage"},"thumbnailUrl":"https:\/\/unitgames.com.ar\/pc-gamer\/wp-content\/uploads\/2025\/05\/Motherboard-GIGABYTE-B840M-D2H-AM5.png","datePublished":"2025-05-31T11:28:20+00:00","dateModified":"2026-01-09T10:15:07+00:00","breadcrumb":{"@id":"https:\/\/unitgames.com.ar\/pc-gamer\/producto\/motherboard-gigabyte-b840m-d2h-am5\/#breadcrumb"},"inLanguage":"es","potentialAction":[{"@type":"ReadAction","target":["https:\/\/unitgames.com.ar\/pc-gamer\/producto\/motherboard-gigabyte-b840m-d2h-am5\/"]}]},{"@type":"ImageObject","inLanguage":"es","@id":"https:\/\/unitgames.com.ar\/pc-gamer\/producto\/motherboard-gigabyte-b840m-d2h-am5\/#primaryimage","url":"https:\/\/unitgames.com.ar\/pc-gamer\/wp-content\/uploads\/2025\/05\/Motherboard-GIGABYTE-B840M-D2H-AM5.png","contentUrl":"https:\/\/unitgames.com.ar\/pc-gamer\/wp-content\/uploads\/2025\/05\/Motherboard-GIGABYTE-B840M-D2H-AM5.png","width":1282,"height":1285},{"@type":"BreadcrumbList","@id":"https:\/\/unitgames.com.ar\/pc-gamer\/producto\/motherboard-gigabyte-b840m-d2h-am5\/#breadcrumb","itemListElement":[{"@type":"ListItem","position":1,"name":"Tienda","item":"https:\/\/unitgames.com.ar\/pc-gamer\/tienda\/"},{"@type":"ListItem","position":2,"name":"Motherboard GIGABYTE B840M D2H AM5"}]},{"@type":"WebSite","@id":"https:\/\/unitgames.com.ar\/pc-gamer\/#website","url":"https:\/\/unitgames.com.ar\/pc-gamer\/","name":"UnitGames","description":"Venta de PC Gamers, Consolas , Servicio Tecnico Especializado. Todos en Accesorios Informaticos y Gamers","publisher":{"@id":"https:\/\/unitgames.com.ar\/pc-gamer\/#organization"},"potentialAction":[{"@type":"SearchAction","target":{"@type":"EntryPoint","urlTemplate":"https:\/\/unitgames.com.ar\/pc-gamer\/?s={search_term_string}"},"query-input":{"@type":"PropertyValueSpecification","valueRequired":true,"valueName":"search_term_string"}}],"inLanguage":"es"},{"@type":"Organization","@id":"https:\/\/unitgames.com.ar\/pc-gamer\/#organization","name":"UnitGames","url":"https:\/\/unitgames.com.ar\/pc-gamer\/","logo":{"@type":"ImageObject","inLanguage":"es","@id":"https:\/\/unitgames.com.ar\/pc-gamer\/#\/schema\/logo\/image\/","url":"https:\/\/unitgames.com.ar\/pc-gamer\/wp-content\/uploads\/2021\/01\/cropped-logoUnitGames2.png","contentUrl":"https:\/\/unitgames.com.ar\/pc-gamer\/wp-content\/uploads\/2021\/01\/cropped-logoUnitGames2.png","width":152,"height":200,"caption":"UnitGames"},"image":{"@id":"https:\/\/unitgames.com.ar\/pc-gamer\/#\/schema\/logo\/image\/"}}]}},"_links":{"self":[{"href":"https:\/\/unitgames.com.ar\/pc-gamer\/wp-json\/wp\/v2\/product\/15164","targetHints":{"allow":["GET"]}}],"collection":[{"href":"https:\/\/unitgames.com.ar\/pc-gamer\/wp-json\/wp\/v2\/product"}],"about":[{"href":"https:\/\/unitgames.com.ar\/pc-gamer\/wp-json\/wp\/v2\/types\/product"}],"version-history":[{"count":0,"href":"https:\/\/unitgames.com.ar\/pc-gamer\/wp-json\/wp\/v2\/product\/15164\/revisions"}],"wp:featuredmedia":[{"embeddable":true,"href":"https:\/\/unitgames.com.ar\/pc-gamer\/wp-json\/wp\/v2\/media\/15166"}],"wp:attachment":[{"href":"https:\/\/unitgames.com.ar\/pc-gamer\/wp-json\/wp\/v2\/media?parent=15164"}],"wp:term":[{"taxonomy":"product_brand","embeddable":true,"href":"https:\/\/unitgames.com.ar\/pc-gamer\/wp-json\/wp\/v2\/product_brand?post=15164"},{"taxonomy":"product_cat","embeddable":true,"href":"https:\/\/unitgames.com.ar\/pc-gamer\/wp-json\/wp\/v2\/product_cat?post=15164"},{"taxonomy":"product_tag","embeddable":true,"href":"https:\/\/unitgames.com.ar\/pc-gamer\/wp-json\/wp\/v2\/product_tag?post=15164"}],"curies":[{"name":"wp","href":"https:\/\/api.w.org\/{rel}","templated":true}]}}