{"id":15174,"date":"2025-05-31T08:43:15","date_gmt":"2025-05-31T11:43:15","guid":{"rendered":"https:\/\/unitgames.com.ar\/pc-gamer\/?post_type=product&#038;p=15174"},"modified":"2026-05-01T10:52:28","modified_gmt":"2026-05-01T13:52:28","slug":"auricular-hyperx-cloud-stinger-2-core-ps5-white","status":"publish","type":"product","link":"https:\/\/unitgames.com.ar\/pc-gamer\/producto\/auricular-hyperx-cloud-stinger-2-core-ps5-white\/","title":{"rendered":"Auriculares HYPERX Cloud Stinger 2 Core PS5 White"},"content":{"rendered":"<h1 class=\"product-form__title h4\">Cloud Stinger 2 Core para PlayStation<\/h1>\n<div class=\"product-form__price-wrapper\"><\/div>\n<div class=\"product-form__short-desc\">\n<ul>\n<li>Confort muy ligero<\/li>\n<li>Sonido n\u00edtido y cristalino en el juego<\/li>\n<li>Experiencia de chat en el juego mejorada<\/li>\n<li>Controles de audio de f\u00e1cil acceso<\/li>\n<li>Compatibilidad: PS5, PS4, PlayStation<\/li>\n<\/ul>\n<\/div>\n<h4 class=\"product-features__content-title\">Ligeros e ideales para los juegos de PlayStation.<\/h4>\n<div class=\"product-features__content-description\">Los HyperX Cloud Stinger&#x2122; 2 Core son los auriculares b\u00e1sicos perfectos para PlayStation a un precio asequible. Los Cloud Stinger Core 2 ofrecen un sonido envolvente y una comodidad excelente; todas las prestaciones b\u00e1sicas que los jugadores de PlayStation desean tener en unos auriculares gaming. Con los controles de audio directamente incorporados en el auricular y un micr\u00f3fono que se silencia con un simple giro, no tendr\u00e1s que abandonar el juego e indagar en los men\u00fas para cambiar el volumen o silenciarlos. Los botones deslizantes ajustables y las suaves almohadillas te proporcionar\u00e1n comodidad para esas largas sesiones de juego y podr\u00e1s colocar el micr\u00f3fono donde quieras gracias a su flexibilidad. Olv\u00eddate de todo lo dem\u00e1s mientras juegas gracias al dise\u00f1o de copa cerrada y a los controladores de 40 mm direccionales con bajos ajustados.<\/div>\n<div><\/div>\n<h2 class=\"image-banner-with-text__heading h3\">Confort muy ligero<\/h2>\n<div class=\"image-banner-with-text__desc h6\">Almohadillas suaves que proporcionan un ajuste c\u00f3modo y un micr\u00f3fono flexible que puedes colocar como quieras.<\/div>\n<div><\/div>\n<div>\n<h2 class=\"image-banner-with-text__heading h3\">Sonido n\u00edtido y cristalino en el juego<\/h2>\n<div class=\"image-banner-with-text__desc h6\">Los controladores direccionales de 40\u00a0mm de los Cloud Stinger Core est\u00e1n ajustados para proporcionar bajos mejorados y optimizados para un audio de juego impactante y envolvente.<\/div>\n<div><\/div>\n<\/div>\n<div>\n<h2 class=\"image-banner-with-text__heading h3\">Experiencia de chat en el juego mejorada<\/h2>\n<div class=\"image-banner-with-text__desc h6\">Las caracter\u00edsticas de los HyperX mejorar\u00e1n tu calidad de vida gracias al micr\u00f3fono que se silencia con un simple giro y a su dise\u00f1o especial que te permitir\u00e1 resaltar la experiencia de juego. Silencia el micr\u00f3fono de manera c\u00f3moda y definitiva con solo levantarlo y apartarlo.<\/div>\n<\/div>\n<div>\n<h2><\/h2>\n<h2 class=\"image-banner-with-text__heading h3\">Controles de audio de f\u00e1cil acceso<\/h2>\n<div class=\"image-banner-with-text__desc h6\">Con los controles de audio directamente incorporados en el auricular, no tendr\u00e1s que volver a indagar en un laberinto de men\u00fas para ajustar el volumen.<\/div>\n<\/div>\n<div>\n<div><\/div>\n<\/div>\n","protected":false},"excerpt":{"rendered":"<p>Cloud Stinger 2 Core para PlayStation Confort muy ligero Sonido n\u00edtido y cristalino en el juego Experiencia de chat en el juego mejorada Controles de audio de f\u00e1cil acceso Compatibilidad: PS5, PS4, PlayStation Ligeros e ideales para los juegos de PlayStation. Los HyperX Cloud Stinger&#x2122; 2 Core son los auriculares b\u00e1sicos perfectos para PlayStation a un precio asequible. Los Cloud Stinger Core 2 ofrecen un sonido envolvente y una comodidad excelente; todas las prestaciones b\u00e1sicas que los jugadores de PlayStation desean tener en unos auriculares gaming. Con los controles de audio directamente incorporados en el auricular y un micr\u00f3fono que se silencia con un simple giro, no tendr\u00e1s que abandonar el juego e indagar en los men\u00fas para cambiar el volumen o silenciarlos. Los botones deslizantes ajustables y las suaves almohadillas te proporcionar\u00e1n comodidad para esas largas sesiones de juego y podr\u00e1s colocar el micr\u00f3fono donde quieras gracias a su flexibilidad. Olv\u00eddate de todo lo dem\u00e1s mientras juegas gracias al dise\u00f1o de copa cerrada y a los controladores de 40 mm direccionales con bajos ajustados. Confort muy ligero Almohadillas suaves que proporcionan un ajuste c\u00f3modo y un micr\u00f3fono flexible que puedes colocar como quieras. Sonido n\u00edtido y cristalino en el juego Los controladores direccionales de 40\u00a0mm de los Cloud Stinger Core est\u00e1n ajustados para proporcionar bajos mejorados y optimizados para un audio de juego impactante y envolvente. Experiencia de chat en el juego mejorada Las caracter\u00edsticas de los HyperX mejorar\u00e1n tu calidad de vida gracias al micr\u00f3fono que se silencia con un simple giro y a su dise\u00f1o especial que te permitir\u00e1 resaltar la experiencia de juego. Silencia el micr\u00f3fono de manera c\u00f3moda y definitiva con solo levantarlo y apartarlo. Controles de audio de f\u00e1cil acceso Con los controles de audio directamente incorporados en el auricular, no tendr\u00e1s que volver a indagar en un laberinto de men\u00fas para ajustar el volumen.<\/p>\n","protected":false},"featured_media":14634,"template":"","meta":{"site-sidebar-layout":"default","site-content-layout":"","ast-site-content-layout":"default","site-content-style":"default","site-sidebar-style":"default","ast-global-header-display":"","ast-banner-title-visibility":"","ast-main-header-display":"","ast-hfb-above-header-display":"","ast-hfb-below-header-display":"","ast-hfb-mobile-header-display":"","site-post-title":"","ast-breadcrumbs-content":"","ast-featured-img":"","footer-sml-layout":"","theme-transparent-header-meta":"default","adv-header-id-meta":"","stick-header-meta":"","header-above-stick-meta":"","header-main-stick-meta":"","header-below-stick-meta":"","astra-migrate-meta-layouts":"set","ast-page-background-enabled":"default","ast-page-background-meta":{"desktop":{"background-color":"var(--ast-global-color-5)","background-image":"","background-repeat":"repeat","background-position":"center center","background-size":"auto","background-attachment":"scroll","background-type":"","background-media":"","overlay-type":"","overlay-color":"","overlay-opacity":"","overlay-gradient":""},"tablet":{"background-color":"","background-image":"","background-repeat":"repeat","background-position":"center center","background-size":"auto","background-attachment":"scroll","background-type":"","background-media":"","overlay-type":"","overlay-color":"","overlay-opacity":"","overlay-gradient":""},"mobile":{"background-color":"","background-image":"","background-repeat":"repeat","background-position":"center center","background-size":"auto","background-attachment":"scroll","background-type":"","background-media":"","overlay-type":"","overlay-color":"","overlay-opacity":"","overlay-gradient":""}},"ast-content-background-meta":{"desktop":{"background-color":"var(--ast-global-color-4)","background-image":"","background-repeat":"repeat","background-position":"center center","background-size":"auto","background-attachment":"scroll","background-type":"","background-media":"","overlay-type":"","overlay-color":"","overlay-opacity":"","overlay-gradient":""},"tablet":{"background-color":"var(--ast-global-color-4)","background-image":"","background-repeat":"repeat","background-position":"center center","background-size":"auto","background-attachment":"scroll","background-type":"","background-media":"","overlay-type":"","overlay-color":"","overlay-opacity":"","overlay-gradient":""},"mobile":{"background-color":"var(--ast-global-color-4)","background-image":"","background-repeat":"repeat","background-position":"center center","background-size":"auto","background-attachment":"scroll","background-type":"","background-media":"","overlay-type":"","overlay-color":"","overlay-opacity":"","overlay-gradient":""}},"_joinchat":[]},"product_brand":[],"product_cat":[81,168],"product_tag":[],"class_list":{"0":"post-15174","1":"product","2":"type-product","3":"status-publish","4":"has-post-thumbnail","6":"product_cat-auriculares-pc-play-xbox-celular","7":"product_cat-auriculles-gamers","8":"desktop-align-center","9":"tablet-align-left","10":"mobile-align-left","12":"first","13":"instock","14":"shipping-taxable","15":"purchasable","16":"product-type-simple"},"yoast_head":"<!-- This site is optimized with the Yoast SEO plugin v27.5 - https:\/\/yoast.com\/product\/yoast-seo-wordpress\/ -->\n<title>Auriculares HYPERX Cloud Stinger 2 Core PS5 White - UnitGames<\/title>\n<meta name=\"robots\" content=\"index, follow, max-snippet:-1, max-image-preview:large, max-video-preview:-1\" \/>\n<link rel=\"canonical\" href=\"https:\/\/unitgames.com.ar\/pc-gamer\/producto\/auricular-hyperx-cloud-stinger-2-core-ps5-white\/\" \/>\n<meta property=\"og:locale\" content=\"es_ES\" \/>\n<meta property=\"og:type\" content=\"article\" \/>\n<meta property=\"og:title\" content=\"Auriculares HYPERX Cloud Stinger 2 Core PS5 White - UnitGames\" \/>\n<meta property=\"og:description\" content=\"Cloud Stinger 2 Core para PlayStation Confort muy ligero Sonido n\u00edtido y cristalino en el juego Experiencia de chat en el juego mejorada Controles de audio de f\u00e1cil acceso Compatibilidad: PS5, PS4, PlayStation Ligeros e ideales para los juegos de PlayStation. Los HyperX Cloud Stinger&#x2122; 2 Core son los auriculares b\u00e1sicos perfectos para PlayStation a un precio asequible. Los Cloud Stinger Core 2 ofrecen un sonido envolvente y una comodidad excelente; todas las prestaciones b\u00e1sicas que los jugadores de PlayStation desean tener en unos auriculares gaming. Con los controles de audio directamente incorporados en el auricular y un micr\u00f3fono que se silencia con un simple giro, no tendr\u00e1s que abandonar el juego e indagar en los men\u00fas para cambiar el volumen o silenciarlos. Los botones deslizantes ajustables y las suaves almohadillas te proporcionar\u00e1n comodidad para esas largas sesiones de juego y podr\u00e1s colocar el micr\u00f3fono donde quieras gracias a su flexibilidad. Olv\u00eddate de todo lo dem\u00e1s mientras juegas gracias al dise\u00f1o de copa cerrada y a los controladores de 40 mm direccionales con bajos ajustados. Confort muy ligero Almohadillas suaves que proporcionan un ajuste c\u00f3modo y un micr\u00f3fono flexible que puedes colocar como quieras. Sonido n\u00edtido y cristalino en el juego Los controladores direccionales de 40\u00a0mm de los Cloud Stinger Core est\u00e1n ajustados para proporcionar bajos mejorados y optimizados para un audio de juego impactante y envolvente. Experiencia de chat en el juego mejorada Las caracter\u00edsticas de los HyperX mejorar\u00e1n tu calidad de vida gracias al micr\u00f3fono que se silencia con un simple giro y a su dise\u00f1o especial que te permitir\u00e1 resaltar la experiencia de juego. Silencia el micr\u00f3fono de manera c\u00f3moda y definitiva con solo levantarlo y apartarlo. Controles de audio de f\u00e1cil acceso Con los controles de audio directamente incorporados en el auricular, no tendr\u00e1s que volver a indagar en un laberinto de men\u00fas para ajustar el volumen.\" \/>\n<meta property=\"og:url\" content=\"https:\/\/unitgames.com.ar\/pc-gamer\/producto\/auricular-hyperx-cloud-stinger-2-core-ps5-white\/\" \/>\n<meta property=\"og:site_name\" content=\"UnitGames\" \/>\n<meta property=\"article:modified_time\" content=\"2026-05-01T13:52:28+00:00\" \/>\n<meta property=\"og:image\" content=\"https:\/\/unitgames.com.ar\/pc-gamer\/wp-content\/uploads\/2025\/05\/Auricular-HYPERX-Cloud-Stinger-2-PS5-White.png\" \/>\n\t<meta property=\"og:image:width\" content=\"1282\" \/>\n\t<meta property=\"og:image:height\" content=\"1285\" \/>\n\t<meta property=\"og:image:type\" content=\"image\/png\" \/>\n<meta name=\"twitter:card\" content=\"summary_large_image\" \/>\n<meta name=\"twitter:label1\" content=\"Tiempo de lectura\" \/>\n\t<meta name=\"twitter:data1\" content=\"2 minutos\" \/>\n<script type=\"application\/ld+json\" class=\"yoast-schema-graph\">{\"@context\":\"https:\\\/\\\/schema.org\",\"@graph\":[{\"@type\":\"WebPage\",\"@id\":\"https:\\\/\\\/unitgames.com.ar\\\/pc-gamer\\\/producto\\\/auricular-hyperx-cloud-stinger-2-core-ps5-white\\\/\",\"url\":\"https:\\\/\\\/unitgames.com.ar\\\/pc-gamer\\\/producto\\\/auricular-hyperx-cloud-stinger-2-core-ps5-white\\\/\",\"name\":\"Auriculares HYPERX Cloud Stinger 2 Core PS5 White - UnitGames\",\"isPartOf\":{\"@id\":\"https:\\\/\\\/unitgames.com.ar\\\/pc-gamer\\\/#website\"},\"primaryImageOfPage\":{\"@id\":\"https:\\\/\\\/unitgames.com.ar\\\/pc-gamer\\\/producto\\\/auricular-hyperx-cloud-stinger-2-core-ps5-white\\\/#primaryimage\"},\"image\":{\"@id\":\"https:\\\/\\\/unitgames.com.ar\\\/pc-gamer\\\/producto\\\/auricular-hyperx-cloud-stinger-2-core-ps5-white\\\/#primaryimage\"},\"thumbnailUrl\":\"https:\\\/\\\/unitgames.com.ar\\\/pc-gamer\\\/wp-content\\\/uploads\\\/2025\\\/05\\\/Auricular-HYPERX-Cloud-Stinger-2-PS5-White.png\",\"datePublished\":\"2025-05-31T11:43:15+00:00\",\"dateModified\":\"2026-05-01T13:52:28+00:00\",\"breadcrumb\":{\"@id\":\"https:\\\/\\\/unitgames.com.ar\\\/pc-gamer\\\/producto\\\/auricular-hyperx-cloud-stinger-2-core-ps5-white\\\/#breadcrumb\"},\"inLanguage\":\"es\",\"potentialAction\":[{\"@type\":\"ReadAction\",\"target\":[\"https:\\\/\\\/unitgames.com.ar\\\/pc-gamer\\\/producto\\\/auricular-hyperx-cloud-stinger-2-core-ps5-white\\\/\"]}]},{\"@type\":\"ImageObject\",\"inLanguage\":\"es\",\"@id\":\"https:\\\/\\\/unitgames.com.ar\\\/pc-gamer\\\/producto\\\/auricular-hyperx-cloud-stinger-2-core-ps5-white\\\/#primaryimage\",\"url\":\"https:\\\/\\\/unitgames.com.ar\\\/pc-gamer\\\/wp-content\\\/uploads\\\/2025\\\/05\\\/Auricular-HYPERX-Cloud-Stinger-2-PS5-White.png\",\"contentUrl\":\"https:\\\/\\\/unitgames.com.ar\\\/pc-gamer\\\/wp-content\\\/uploads\\\/2025\\\/05\\\/Auricular-HYPERX-Cloud-Stinger-2-PS5-White.png\",\"width\":1282,\"height\":1285},{\"@type\":\"BreadcrumbList\",\"@id\":\"https:\\\/\\\/unitgames.com.ar\\\/pc-gamer\\\/producto\\\/auricular-hyperx-cloud-stinger-2-core-ps5-white\\\/#breadcrumb\",\"itemListElement\":[{\"@type\":\"ListItem\",\"position\":1,\"name\":\"Tienda\",\"item\":\"https:\\\/\\\/unitgames.com.ar\\\/pc-gamer\\\/tienda\\\/\"},{\"@type\":\"ListItem\",\"position\":2,\"name\":\"Auriculares HYPERX Cloud Stinger 2 Core PS5 White\"}]},{\"@type\":\"WebSite\",\"@id\":\"https:\\\/\\\/unitgames.com.ar\\\/pc-gamer\\\/#website\",\"url\":\"https:\\\/\\\/unitgames.com.ar\\\/pc-gamer\\\/\",\"name\":\"UnitGames\",\"description\":\"Venta de PC Gamers, Consolas , Servicio Tecnico Especializado. Todos en Accesorios Informaticos y Gamers\",\"publisher\":{\"@id\":\"https:\\\/\\\/unitgames.com.ar\\\/pc-gamer\\\/#organization\"},\"potentialAction\":[{\"@type\":\"SearchAction\",\"target\":{\"@type\":\"EntryPoint\",\"urlTemplate\":\"https:\\\/\\\/unitgames.com.ar\\\/pc-gamer\\\/?s={search_term_string}\"},\"query-input\":{\"@type\":\"PropertyValueSpecification\",\"valueRequired\":true,\"valueName\":\"search_term_string\"}}],\"inLanguage\":\"es\"},{\"@type\":\"Organization\",\"@id\":\"https:\\\/\\\/unitgames.com.ar\\\/pc-gamer\\\/#organization\",\"name\":\"UnitGames\",\"url\":\"https:\\\/\\\/unitgames.com.ar\\\/pc-gamer\\\/\",\"logo\":{\"@type\":\"ImageObject\",\"inLanguage\":\"es\",\"@id\":\"https:\\\/\\\/unitgames.com.ar\\\/pc-gamer\\\/#\\\/schema\\\/logo\\\/image\\\/\",\"url\":\"https:\\\/\\\/unitgames.com.ar\\\/pc-gamer\\\/wp-content\\\/uploads\\\/2021\\\/01\\\/cropped-logoUnitGames2.png\",\"contentUrl\":\"https:\\\/\\\/unitgames.com.ar\\\/pc-gamer\\\/wp-content\\\/uploads\\\/2021\\\/01\\\/cropped-logoUnitGames2.png\",\"width\":152,\"height\":200,\"caption\":\"UnitGames\"},\"image\":{\"@id\":\"https:\\\/\\\/unitgames.com.ar\\\/pc-gamer\\\/#\\\/schema\\\/logo\\\/image\\\/\"}}]}<\/script>\n<!-- \/ Yoast SEO plugin. -->","yoast_head_json":{"title":"Auriculares HYPERX Cloud Stinger 2 Core PS5 White - UnitGames","robots":{"index":"index","follow":"follow","max-snippet":"max-snippet:-1","max-image-preview":"max-image-preview:large","max-video-preview":"max-video-preview:-1"},"canonical":"https:\/\/unitgames.com.ar\/pc-gamer\/producto\/auricular-hyperx-cloud-stinger-2-core-ps5-white\/","og_locale":"es_ES","og_type":"article","og_title":"Auriculares HYPERX Cloud Stinger 2 Core PS5 White - UnitGames","og_description":"Cloud Stinger 2 Core para PlayStation Confort muy ligero Sonido n\u00edtido y cristalino en el juego Experiencia de chat en el juego mejorada Controles de audio de f\u00e1cil acceso Compatibilidad: PS5, PS4, PlayStation Ligeros e ideales para los juegos de PlayStation. Los HyperX Cloud Stinger&#x2122; 2 Core son los auriculares b\u00e1sicos perfectos para PlayStation a un precio asequible. Los Cloud Stinger Core 2 ofrecen un sonido envolvente y una comodidad excelente; todas las prestaciones b\u00e1sicas que los jugadores de PlayStation desean tener en unos auriculares gaming. Con los controles de audio directamente incorporados en el auricular y un micr\u00f3fono que se silencia con un simple giro, no tendr\u00e1s que abandonar el juego e indagar en los men\u00fas para cambiar el volumen o silenciarlos. Los botones deslizantes ajustables y las suaves almohadillas te proporcionar\u00e1n comodidad para esas largas sesiones de juego y podr\u00e1s colocar el micr\u00f3fono donde quieras gracias a su flexibilidad. Olv\u00eddate de todo lo dem\u00e1s mientras juegas gracias al dise\u00f1o de copa cerrada y a los controladores de 40 mm direccionales con bajos ajustados. Confort muy ligero Almohadillas suaves que proporcionan un ajuste c\u00f3modo y un micr\u00f3fono flexible que puedes colocar como quieras. Sonido n\u00edtido y cristalino en el juego Los controladores direccionales de 40\u00a0mm de los Cloud Stinger Core est\u00e1n ajustados para proporcionar bajos mejorados y optimizados para un audio de juego impactante y envolvente. Experiencia de chat en el juego mejorada Las caracter\u00edsticas de los HyperX mejorar\u00e1n tu calidad de vida gracias al micr\u00f3fono que se silencia con un simple giro y a su dise\u00f1o especial que te permitir\u00e1 resaltar la experiencia de juego. Silencia el micr\u00f3fono de manera c\u00f3moda y definitiva con solo levantarlo y apartarlo. Controles de audio de f\u00e1cil acceso Con los controles de audio directamente incorporados en el auricular, no tendr\u00e1s que volver a indagar en un laberinto de men\u00fas para ajustar el volumen.","og_url":"https:\/\/unitgames.com.ar\/pc-gamer\/producto\/auricular-hyperx-cloud-stinger-2-core-ps5-white\/","og_site_name":"UnitGames","article_modified_time":"2026-05-01T13:52:28+00:00","og_image":[{"width":1282,"height":1285,"url":"https:\/\/unitgames.com.ar\/pc-gamer\/wp-content\/uploads\/2025\/05\/Auricular-HYPERX-Cloud-Stinger-2-PS5-White.png","type":"image\/png"}],"twitter_card":"summary_large_image","twitter_misc":{"Tiempo de lectura":"2 minutos"},"schema":{"@context":"https:\/\/schema.org","@graph":[{"@type":"WebPage","@id":"https:\/\/unitgames.com.ar\/pc-gamer\/producto\/auricular-hyperx-cloud-stinger-2-core-ps5-white\/","url":"https:\/\/unitgames.com.ar\/pc-gamer\/producto\/auricular-hyperx-cloud-stinger-2-core-ps5-white\/","name":"Auriculares HYPERX Cloud Stinger 2 Core PS5 White - UnitGames","isPartOf":{"@id":"https:\/\/unitgames.com.ar\/pc-gamer\/#website"},"primaryImageOfPage":{"@id":"https:\/\/unitgames.com.ar\/pc-gamer\/producto\/auricular-hyperx-cloud-stinger-2-core-ps5-white\/#primaryimage"},"image":{"@id":"https:\/\/unitgames.com.ar\/pc-gamer\/producto\/auricular-hyperx-cloud-stinger-2-core-ps5-white\/#primaryimage"},"thumbnailUrl":"https:\/\/unitgames.com.ar\/pc-gamer\/wp-content\/uploads\/2025\/05\/Auricular-HYPERX-Cloud-Stinger-2-PS5-White.png","datePublished":"2025-05-31T11:43:15+00:00","dateModified":"2026-05-01T13:52:28+00:00","breadcrumb":{"@id":"https:\/\/unitgames.com.ar\/pc-gamer\/producto\/auricular-hyperx-cloud-stinger-2-core-ps5-white\/#breadcrumb"},"inLanguage":"es","potentialAction":[{"@type":"ReadAction","target":["https:\/\/unitgames.com.ar\/pc-gamer\/producto\/auricular-hyperx-cloud-stinger-2-core-ps5-white\/"]}]},{"@type":"ImageObject","inLanguage":"es","@id":"https:\/\/unitgames.com.ar\/pc-gamer\/producto\/auricular-hyperx-cloud-stinger-2-core-ps5-white\/#primaryimage","url":"https:\/\/unitgames.com.ar\/pc-gamer\/wp-content\/uploads\/2025\/05\/Auricular-HYPERX-Cloud-Stinger-2-PS5-White.png","contentUrl":"https:\/\/unitgames.com.ar\/pc-gamer\/wp-content\/uploads\/2025\/05\/Auricular-HYPERX-Cloud-Stinger-2-PS5-White.png","width":1282,"height":1285},{"@type":"BreadcrumbList","@id":"https:\/\/unitgames.com.ar\/pc-gamer\/producto\/auricular-hyperx-cloud-stinger-2-core-ps5-white\/#breadcrumb","itemListElement":[{"@type":"ListItem","position":1,"name":"Tienda","item":"https:\/\/unitgames.com.ar\/pc-gamer\/tienda\/"},{"@type":"ListItem","position":2,"name":"Auriculares HYPERX Cloud Stinger 2 Core PS5 White"}]},{"@type":"WebSite","@id":"https:\/\/unitgames.com.ar\/pc-gamer\/#website","url":"https:\/\/unitgames.com.ar\/pc-gamer\/","name":"UnitGames","description":"Venta de PC Gamers, Consolas , Servicio Tecnico Especializado. Todos en Accesorios Informaticos y Gamers","publisher":{"@id":"https:\/\/unitgames.com.ar\/pc-gamer\/#organization"},"potentialAction":[{"@type":"SearchAction","target":{"@type":"EntryPoint","urlTemplate":"https:\/\/unitgames.com.ar\/pc-gamer\/?s={search_term_string}"},"query-input":{"@type":"PropertyValueSpecification","valueRequired":true,"valueName":"search_term_string"}}],"inLanguage":"es"},{"@type":"Organization","@id":"https:\/\/unitgames.com.ar\/pc-gamer\/#organization","name":"UnitGames","url":"https:\/\/unitgames.com.ar\/pc-gamer\/","logo":{"@type":"ImageObject","inLanguage":"es","@id":"https:\/\/unitgames.com.ar\/pc-gamer\/#\/schema\/logo\/image\/","url":"https:\/\/unitgames.com.ar\/pc-gamer\/wp-content\/uploads\/2021\/01\/cropped-logoUnitGames2.png","contentUrl":"https:\/\/unitgames.com.ar\/pc-gamer\/wp-content\/uploads\/2021\/01\/cropped-logoUnitGames2.png","width":152,"height":200,"caption":"UnitGames"},"image":{"@id":"https:\/\/unitgames.com.ar\/pc-gamer\/#\/schema\/logo\/image\/"}}]}},"_links":{"self":[{"href":"https:\/\/unitgames.com.ar\/pc-gamer\/wp-json\/wp\/v2\/product\/15174","targetHints":{"allow":["GET"]}}],"collection":[{"href":"https:\/\/unitgames.com.ar\/pc-gamer\/wp-json\/wp\/v2\/product"}],"about":[{"href":"https:\/\/unitgames.com.ar\/pc-gamer\/wp-json\/wp\/v2\/types\/product"}],"version-history":[{"count":1,"href":"https:\/\/unitgames.com.ar\/pc-gamer\/wp-json\/wp\/v2\/product\/15174\/revisions"}],"predecessor-version":[{"id":21117,"href":"https:\/\/unitgames.com.ar\/pc-gamer\/wp-json\/wp\/v2\/product\/15174\/revisions\/21117"}],"wp:featuredmedia":[{"embeddable":true,"href":"https:\/\/unitgames.com.ar\/pc-gamer\/wp-json\/wp\/v2\/media\/14634"}],"wp:attachment":[{"href":"https:\/\/unitgames.com.ar\/pc-gamer\/wp-json\/wp\/v2\/media?parent=15174"}],"wp:term":[{"taxonomy":"product_brand","embeddable":true,"href":"https:\/\/unitgames.com.ar\/pc-gamer\/wp-json\/wp\/v2\/product_brand?post=15174"},{"taxonomy":"product_cat","embeddable":true,"href":"https:\/\/unitgames.com.ar\/pc-gamer\/wp-json\/wp\/v2\/product_cat?post=15174"},{"taxonomy":"product_tag","embeddable":true,"href":"https:\/\/unitgames.com.ar\/pc-gamer\/wp-json\/wp\/v2\/product_tag?post=15174"}],"curies":[{"name":"wp","href":"https:\/\/api.w.org\/{rel}","templated":true}]}}