{"id":15184,"date":"2025-05-31T10:01:39","date_gmt":"2025-05-31T13:01:39","guid":{"rendered":"https:\/\/unitgames.com.ar\/pc-gamer\/?post_type=product&#038;p=15184"},"modified":"2026-02-11T09:46:52","modified_gmt":"2026-02-11T12:46:52","slug":"parlante-genius-sp-q160-gray","status":"publish","type":"product","link":"https:\/\/unitgames.com.ar\/pc-gamer\/producto\/parlante-genius-sp-q160-gray\/","title":{"rendered":"Parlante GENIUS SP-Q160 GRAY"},"content":{"rendered":"<p data-start=\"39\" data-end=\"151\"><span class=\"relative -mx-px my-[-0.2rem] rounded px-px py-[0.2rem] transition-colors duration-100 ease-in-out\">El <strong data-start=\"3\" data-end=\"26\">Genius SP-Q160 Gray<\/strong> es un parlante est\u00e9reo compacto 2.0, ideal para usuarios que buscan una soluci\u00f3n sencilla y econ\u00f3mica para mejorar el sonido de su PC, notebook o dispositivos m\u00f3viles.<\/span> <span class=\"relative -mx-px my-[-0.2rem] rounded px-px py-[0.2rem] transition-colors duration-100 ease-in-out\">Su dise\u00f1o minimalista y tama\u00f1o reducido lo hacen f\u00e1cil de ubicar en escritorios con espacio limitado.<\/span><\/p>\n<h3 data-start=\"153\" data-end=\"185\">\u00a0Especificaciones T\u00e9cnicas<\/h3>\n<p>&nbsp;<\/p>\n<ul>\n<li data-start=\"189\" data-end=\"250\"><strong data-start=\"189\" data-end=\"211\">Potencia de salida<\/strong>: <span class=\"relative -mx-px my-[-0.2rem] rounded px-px py-[0.2rem] transition-colors duration-100 ease-in-out\">6W RMS (2 x 3W)<\/span><\/li>\n<li data-start=\"253\" data-end=\"308\"><strong data-start=\"253\" data-end=\"267\">Conexiones<\/strong>: <span class=\"relative -mx-px my-[-0.2rem] rounded px-px py-[0.2rem] transition-colors duration-100 ease-in-out\">alimentaci\u00f3n por USB tipo A y entrada de audio de 3.5 mm<\/span><\/li>\n<li data-start=\"311\" data-end=\"379\"><strong data-start=\"311\" data-end=\"338\">Respuesta de frecuencia<\/strong>: <span class=\"relative -mx-px my-[-0.2rem] rounded px-px py-[0.2rem] transition-colors duration-100 ease-in-out\">150 Hz \u2013 20 kHz<\/span><\/li>\n<li data-start=\"382\" data-end=\"447\"><strong data-start=\"382\" data-end=\"406\">Relaci\u00f3n se\u00f1al\/ruido<\/strong>:70 dB<\/li>\n<li data-start=\"450\" data-end=\"512\"><strong data-start=\"450\" data-end=\"471\">Tama\u00f1o del driver<\/strong>: <span class=\"relative -mx-px my-[-0.2rem] rounded px-px py-[0.2rem] transition-colors duration-100 ease-in-out\">2 pulgadas<\/span><\/li>\n<li data-start=\"515\" data-end=\"570\"><strong data-start=\"515\" data-end=\"529\">Impedancia<\/strong>: <span class=\"relative -mx-px my-[-0.2rem] rounded px-px py-[0.2rem] transition-colors duration-100 ease-in-out\">4 ohmios<\/span><\/li>\n<li data-start=\"573\" data-end=\"636\"><strong data-start=\"573\" data-end=\"595\">Longitud del cable<\/strong>: <span class=\"relative -mx-px my-[-0.2rem] rounded px-px py-[0.2rem] transition-colors duration-100 ease-in-out\">1.2 m<\/span><\/li>\n<li data-start=\"639\" data-end=\"695\"><strong data-start=\"639\" data-end=\"654\">Dimensiones<\/strong>: <span class=\"relative -mx-px my-[-0.2rem] rounded px-px py-[0.2rem] transition-colors duration-100 ease-in-out\">81 x 85 x 102 mm<\/span><\/li>\n<li data-start=\"698\" data-end=\"747\"><strong data-start=\"698\" data-end=\"706\">Peso<\/strong>: <span class=\"relative -mx-px my-[-0.2rem] rounded px-px py-[0.2rem] transition-colors duration-100 ease-in-out\">358 g<\/span><\/li>\n<\/ul>\n","protected":false},"excerpt":{"rendered":"<p>El Genius SP-Q160 Gray es un parlante est\u00e9reo compacto 2.0, ideal para usuarios que buscan una soluci\u00f3n sencilla y econ\u00f3mica para mejorar el sonido de su PC, notebook o dispositivos m\u00f3viles. Su dise\u00f1o minimalista y tama\u00f1o reducido lo hacen f\u00e1cil de ubicar en escritorios con espacio limitado. \u00a0Especificaciones T\u00e9cnicas &nbsp; Potencia de salida: 6W RMS (2 x 3W) Conexiones: alimentaci\u00f3n por USB tipo A y entrada de audio de 3.5 mm Respuesta de frecuencia: 150 Hz \u2013 20 kHz Relaci\u00f3n se\u00f1al\/ruido:70 dB Tama\u00f1o del driver: 2 pulgadas Impedancia: 4 ohmios Longitud del cable: 1.2 m Dimensiones: 81 x 85 x 102 mm Peso: 358 g<\/p>\n","protected":false},"featured_media":15186,"template":"","meta":{"site-sidebar-layout":"default","site-content-layout":"","ast-site-content-layout":"default","site-content-style":"default","site-sidebar-style":"default","ast-global-header-display":"","ast-banner-title-visibility":"","ast-main-header-display":"","ast-hfb-above-header-display":"","ast-hfb-below-header-display":"","ast-hfb-mobile-header-display":"","site-post-title":"","ast-breadcrumbs-content":"","ast-featured-img":"","footer-sml-layout":"","theme-transparent-header-meta":"default","adv-header-id-meta":"","stick-header-meta":"","header-above-stick-meta":"","header-main-stick-meta":"","header-below-stick-meta":"","astra-migrate-meta-layouts":"set","ast-page-background-enabled":"default","ast-page-background-meta":{"desktop":{"background-color":"var(--ast-global-color-5)","background-image":"","background-repeat":"repeat","background-position":"center center","background-size":"auto","background-attachment":"scroll","background-type":"","background-media":"","overlay-type":"","overlay-color":"","overlay-opacity":"","overlay-gradient":""},"tablet":{"background-color":"","background-image":"","background-repeat":"repeat","background-position":"center center","background-size":"auto","background-attachment":"scroll","background-type":"","background-media":"","overlay-type":"","overlay-color":"","overlay-opacity":"","overlay-gradient":""},"mobile":{"background-color":"","background-image":"","background-repeat":"repeat","background-position":"center center","background-size":"auto","background-attachment":"scroll","background-type":"","background-media":"","overlay-type":"","overlay-color":"","overlay-opacity":"","overlay-gradient":""}},"ast-content-background-meta":{"desktop":{"background-color":"var(--ast-global-color-4)","background-image":"","background-repeat":"repeat","background-position":"center center","background-size":"auto","background-attachment":"scroll","background-type":"","background-media":"","overlay-type":"","overlay-color":"","overlay-opacity":"","overlay-gradient":""},"tablet":{"background-color":"var(--ast-global-color-4)","background-image":"","background-repeat":"repeat","background-position":"center center","background-size":"auto","background-attachment":"scroll","background-type":"","background-media":"","overlay-type":"","overlay-color":"","overlay-opacity":"","overlay-gradient":""},"mobile":{"background-color":"var(--ast-global-color-4)","background-image":"","background-repeat":"repeat","background-position":"center center","background-size":"auto","background-attachment":"scroll","background-type":"","background-media":"","overlay-type":"","overlay-color":"","overlay-opacity":"","overlay-gradient":""}},"_joinchat":[]},"product_brand":[],"product_cat":[85],"product_tag":[],"class_list":{"0":"post-15184","1":"product","2":"type-product","3":"status-publish","4":"has-post-thumbnail","6":"product_cat-parlantes","7":"desktop-align-center","8":"tablet-align-left","9":"mobile-align-left","11":"first","12":"instock","13":"shipping-taxable","14":"purchasable","15":"product-type-simple"},"yoast_head":"<!-- This site is optimized with the Yoast SEO plugin v27.3 - https:\/\/yoast.com\/product\/yoast-seo-wordpress\/ -->\n<title>Parlante GENIUS SP-Q160 GRAY - UnitGames<\/title>\n<meta name=\"robots\" content=\"index, follow, max-snippet:-1, max-image-preview:large, max-video-preview:-1\" \/>\n<link rel=\"canonical\" href=\"https:\/\/unitgames.com.ar\/pc-gamer\/producto\/parlante-genius-sp-q160-gray\/\" \/>\n<meta property=\"og:locale\" content=\"es_ES\" \/>\n<meta property=\"og:type\" content=\"article\" \/>\n<meta property=\"og:title\" content=\"Parlante GENIUS SP-Q160 GRAY - UnitGames\" \/>\n<meta property=\"og:description\" content=\"El Genius SP-Q160 Gray es un parlante est\u00e9reo compacto 2.0, ideal para usuarios que buscan una soluci\u00f3n sencilla y econ\u00f3mica para mejorar el sonido de su PC, notebook o dispositivos m\u00f3viles. Su dise\u00f1o minimalista y tama\u00f1o reducido lo hacen f\u00e1cil de ubicar en escritorios con espacio limitado. \u00a0Especificaciones T\u00e9cnicas &nbsp; Potencia de salida: 6W RMS (2 x 3W) Conexiones: alimentaci\u00f3n por USB tipo A y entrada de audio de 3.5 mm Respuesta de frecuencia: 150 Hz \u2013 20 kHz Relaci\u00f3n se\u00f1al\/ruido:70 dB Tama\u00f1o del driver: 2 pulgadas Impedancia: 4 ohmios Longitud del cable: 1.2 m Dimensiones: 81 x 85 x 102 mm Peso: 358 g\" \/>\n<meta property=\"og:url\" content=\"https:\/\/unitgames.com.ar\/pc-gamer\/producto\/parlante-genius-sp-q160-gray\/\" \/>\n<meta property=\"og:site_name\" content=\"UnitGames\" \/>\n<meta property=\"article:modified_time\" content=\"2026-02-11T12:46:52+00:00\" \/>\n<meta property=\"og:image\" content=\"https:\/\/unitgames.com.ar\/pc-gamer\/wp-content\/uploads\/2025\/05\/Parlante-GENIUS-SP-Q160-GRAY.png\" \/>\n\t<meta property=\"og:image:width\" content=\"1283\" \/>\n\t<meta property=\"og:image:height\" content=\"1283\" \/>\n\t<meta property=\"og:image:type\" content=\"image\/png\" \/>\n<meta name=\"twitter:card\" content=\"summary_large_image\" \/>\n<meta name=\"twitter:label1\" content=\"Tiempo de lectura\" \/>\n\t<meta name=\"twitter:data1\" content=\"1 minuto\" \/>\n<script type=\"application\/ld+json\" class=\"yoast-schema-graph\">{\"@context\":\"https:\\\/\\\/schema.org\",\"@graph\":[{\"@type\":\"WebPage\",\"@id\":\"https:\\\/\\\/unitgames.com.ar\\\/pc-gamer\\\/producto\\\/parlante-genius-sp-q160-gray\\\/\",\"url\":\"https:\\\/\\\/unitgames.com.ar\\\/pc-gamer\\\/producto\\\/parlante-genius-sp-q160-gray\\\/\",\"name\":\"Parlante GENIUS SP-Q160 GRAY - UnitGames\",\"isPartOf\":{\"@id\":\"https:\\\/\\\/unitgames.com.ar\\\/pc-gamer\\\/#website\"},\"primaryImageOfPage\":{\"@id\":\"https:\\\/\\\/unitgames.com.ar\\\/pc-gamer\\\/producto\\\/parlante-genius-sp-q160-gray\\\/#primaryimage\"},\"image\":{\"@id\":\"https:\\\/\\\/unitgames.com.ar\\\/pc-gamer\\\/producto\\\/parlante-genius-sp-q160-gray\\\/#primaryimage\"},\"thumbnailUrl\":\"https:\\\/\\\/unitgames.com.ar\\\/pc-gamer\\\/wp-content\\\/uploads\\\/2025\\\/05\\\/Parlante-GENIUS-SP-Q160-GRAY.png\",\"datePublished\":\"2025-05-31T13:01:39+00:00\",\"dateModified\":\"2026-02-11T12:46:52+00:00\",\"breadcrumb\":{\"@id\":\"https:\\\/\\\/unitgames.com.ar\\\/pc-gamer\\\/producto\\\/parlante-genius-sp-q160-gray\\\/#breadcrumb\"},\"inLanguage\":\"es\",\"potentialAction\":[{\"@type\":\"ReadAction\",\"target\":[\"https:\\\/\\\/unitgames.com.ar\\\/pc-gamer\\\/producto\\\/parlante-genius-sp-q160-gray\\\/\"]}]},{\"@type\":\"ImageObject\",\"inLanguage\":\"es\",\"@id\":\"https:\\\/\\\/unitgames.com.ar\\\/pc-gamer\\\/producto\\\/parlante-genius-sp-q160-gray\\\/#primaryimage\",\"url\":\"https:\\\/\\\/unitgames.com.ar\\\/pc-gamer\\\/wp-content\\\/uploads\\\/2025\\\/05\\\/Parlante-GENIUS-SP-Q160-GRAY.png\",\"contentUrl\":\"https:\\\/\\\/unitgames.com.ar\\\/pc-gamer\\\/wp-content\\\/uploads\\\/2025\\\/05\\\/Parlante-GENIUS-SP-Q160-GRAY.png\",\"width\":1283,\"height\":1283},{\"@type\":\"BreadcrumbList\",\"@id\":\"https:\\\/\\\/unitgames.com.ar\\\/pc-gamer\\\/producto\\\/parlante-genius-sp-q160-gray\\\/#breadcrumb\",\"itemListElement\":[{\"@type\":\"ListItem\",\"position\":1,\"name\":\"Tienda\",\"item\":\"https:\\\/\\\/unitgames.com.ar\\\/pc-gamer\\\/tienda\\\/\"},{\"@type\":\"ListItem\",\"position\":2,\"name\":\"Parlante GENIUS SP-Q160 GRAY\"}]},{\"@type\":\"WebSite\",\"@id\":\"https:\\\/\\\/unitgames.com.ar\\\/pc-gamer\\\/#website\",\"url\":\"https:\\\/\\\/unitgames.com.ar\\\/pc-gamer\\\/\",\"name\":\"UnitGames\",\"description\":\"Venta de PC Gamers, Consolas , Servicio Tecnico Especializado. Todos en Accesorios Informaticos y Gamers\",\"publisher\":{\"@id\":\"https:\\\/\\\/unitgames.com.ar\\\/pc-gamer\\\/#organization\"},\"potentialAction\":[{\"@type\":\"SearchAction\",\"target\":{\"@type\":\"EntryPoint\",\"urlTemplate\":\"https:\\\/\\\/unitgames.com.ar\\\/pc-gamer\\\/?s={search_term_string}\"},\"query-input\":{\"@type\":\"PropertyValueSpecification\",\"valueRequired\":true,\"valueName\":\"search_term_string\"}}],\"inLanguage\":\"es\"},{\"@type\":\"Organization\",\"@id\":\"https:\\\/\\\/unitgames.com.ar\\\/pc-gamer\\\/#organization\",\"name\":\"UnitGames\",\"url\":\"https:\\\/\\\/unitgames.com.ar\\\/pc-gamer\\\/\",\"logo\":{\"@type\":\"ImageObject\",\"inLanguage\":\"es\",\"@id\":\"https:\\\/\\\/unitgames.com.ar\\\/pc-gamer\\\/#\\\/schema\\\/logo\\\/image\\\/\",\"url\":\"https:\\\/\\\/unitgames.com.ar\\\/pc-gamer\\\/wp-content\\\/uploads\\\/2021\\\/01\\\/cropped-logoUnitGames2.png\",\"contentUrl\":\"https:\\\/\\\/unitgames.com.ar\\\/pc-gamer\\\/wp-content\\\/uploads\\\/2021\\\/01\\\/cropped-logoUnitGames2.png\",\"width\":152,\"height\":200,\"caption\":\"UnitGames\"},\"image\":{\"@id\":\"https:\\\/\\\/unitgames.com.ar\\\/pc-gamer\\\/#\\\/schema\\\/logo\\\/image\\\/\"}}]}<\/script>\n<!-- \/ Yoast SEO plugin. -->","yoast_head_json":{"title":"Parlante GENIUS SP-Q160 GRAY - UnitGames","robots":{"index":"index","follow":"follow","max-snippet":"max-snippet:-1","max-image-preview":"max-image-preview:large","max-video-preview":"max-video-preview:-1"},"canonical":"https:\/\/unitgames.com.ar\/pc-gamer\/producto\/parlante-genius-sp-q160-gray\/","og_locale":"es_ES","og_type":"article","og_title":"Parlante GENIUS SP-Q160 GRAY - UnitGames","og_description":"El Genius SP-Q160 Gray es un parlante est\u00e9reo compacto 2.0, ideal para usuarios que buscan una soluci\u00f3n sencilla y econ\u00f3mica para mejorar el sonido de su PC, notebook o dispositivos m\u00f3viles. Su dise\u00f1o minimalista y tama\u00f1o reducido lo hacen f\u00e1cil de ubicar en escritorios con espacio limitado. \u00a0Especificaciones T\u00e9cnicas &nbsp; Potencia de salida: 6W RMS (2 x 3W) Conexiones: alimentaci\u00f3n por USB tipo A y entrada de audio de 3.5 mm Respuesta de frecuencia: 150 Hz \u2013 20 kHz Relaci\u00f3n se\u00f1al\/ruido:70 dB Tama\u00f1o del driver: 2 pulgadas Impedancia: 4 ohmios Longitud del cable: 1.2 m Dimensiones: 81 x 85 x 102 mm Peso: 358 g","og_url":"https:\/\/unitgames.com.ar\/pc-gamer\/producto\/parlante-genius-sp-q160-gray\/","og_site_name":"UnitGames","article_modified_time":"2026-02-11T12:46:52+00:00","og_image":[{"width":1283,"height":1283,"url":"https:\/\/unitgames.com.ar\/pc-gamer\/wp-content\/uploads\/2025\/05\/Parlante-GENIUS-SP-Q160-GRAY.png","type":"image\/png"}],"twitter_card":"summary_large_image","twitter_misc":{"Tiempo de lectura":"1 minuto"},"schema":{"@context":"https:\/\/schema.org","@graph":[{"@type":"WebPage","@id":"https:\/\/unitgames.com.ar\/pc-gamer\/producto\/parlante-genius-sp-q160-gray\/","url":"https:\/\/unitgames.com.ar\/pc-gamer\/producto\/parlante-genius-sp-q160-gray\/","name":"Parlante GENIUS SP-Q160 GRAY - UnitGames","isPartOf":{"@id":"https:\/\/unitgames.com.ar\/pc-gamer\/#website"},"primaryImageOfPage":{"@id":"https:\/\/unitgames.com.ar\/pc-gamer\/producto\/parlante-genius-sp-q160-gray\/#primaryimage"},"image":{"@id":"https:\/\/unitgames.com.ar\/pc-gamer\/producto\/parlante-genius-sp-q160-gray\/#primaryimage"},"thumbnailUrl":"https:\/\/unitgames.com.ar\/pc-gamer\/wp-content\/uploads\/2025\/05\/Parlante-GENIUS-SP-Q160-GRAY.png","datePublished":"2025-05-31T13:01:39+00:00","dateModified":"2026-02-11T12:46:52+00:00","breadcrumb":{"@id":"https:\/\/unitgames.com.ar\/pc-gamer\/producto\/parlante-genius-sp-q160-gray\/#breadcrumb"},"inLanguage":"es","potentialAction":[{"@type":"ReadAction","target":["https:\/\/unitgames.com.ar\/pc-gamer\/producto\/parlante-genius-sp-q160-gray\/"]}]},{"@type":"ImageObject","inLanguage":"es","@id":"https:\/\/unitgames.com.ar\/pc-gamer\/producto\/parlante-genius-sp-q160-gray\/#primaryimage","url":"https:\/\/unitgames.com.ar\/pc-gamer\/wp-content\/uploads\/2025\/05\/Parlante-GENIUS-SP-Q160-GRAY.png","contentUrl":"https:\/\/unitgames.com.ar\/pc-gamer\/wp-content\/uploads\/2025\/05\/Parlante-GENIUS-SP-Q160-GRAY.png","width":1283,"height":1283},{"@type":"BreadcrumbList","@id":"https:\/\/unitgames.com.ar\/pc-gamer\/producto\/parlante-genius-sp-q160-gray\/#breadcrumb","itemListElement":[{"@type":"ListItem","position":1,"name":"Tienda","item":"https:\/\/unitgames.com.ar\/pc-gamer\/tienda\/"},{"@type":"ListItem","position":2,"name":"Parlante GENIUS SP-Q160 GRAY"}]},{"@type":"WebSite","@id":"https:\/\/unitgames.com.ar\/pc-gamer\/#website","url":"https:\/\/unitgames.com.ar\/pc-gamer\/","name":"UnitGames","description":"Venta de PC Gamers, Consolas , Servicio Tecnico Especializado. Todos en Accesorios Informaticos y Gamers","publisher":{"@id":"https:\/\/unitgames.com.ar\/pc-gamer\/#organization"},"potentialAction":[{"@type":"SearchAction","target":{"@type":"EntryPoint","urlTemplate":"https:\/\/unitgames.com.ar\/pc-gamer\/?s={search_term_string}"},"query-input":{"@type":"PropertyValueSpecification","valueRequired":true,"valueName":"search_term_string"}}],"inLanguage":"es"},{"@type":"Organization","@id":"https:\/\/unitgames.com.ar\/pc-gamer\/#organization","name":"UnitGames","url":"https:\/\/unitgames.com.ar\/pc-gamer\/","logo":{"@type":"ImageObject","inLanguage":"es","@id":"https:\/\/unitgames.com.ar\/pc-gamer\/#\/schema\/logo\/image\/","url":"https:\/\/unitgames.com.ar\/pc-gamer\/wp-content\/uploads\/2021\/01\/cropped-logoUnitGames2.png","contentUrl":"https:\/\/unitgames.com.ar\/pc-gamer\/wp-content\/uploads\/2021\/01\/cropped-logoUnitGames2.png","width":152,"height":200,"caption":"UnitGames"},"image":{"@id":"https:\/\/unitgames.com.ar\/pc-gamer\/#\/schema\/logo\/image\/"}}]}},"_links":{"self":[{"href":"https:\/\/unitgames.com.ar\/pc-gamer\/wp-json\/wp\/v2\/product\/15184","targetHints":{"allow":["GET"]}}],"collection":[{"href":"https:\/\/unitgames.com.ar\/pc-gamer\/wp-json\/wp\/v2\/product"}],"about":[{"href":"https:\/\/unitgames.com.ar\/pc-gamer\/wp-json\/wp\/v2\/types\/product"}],"version-history":[{"count":0,"href":"https:\/\/unitgames.com.ar\/pc-gamer\/wp-json\/wp\/v2\/product\/15184\/revisions"}],"wp:featuredmedia":[{"embeddable":true,"href":"https:\/\/unitgames.com.ar\/pc-gamer\/wp-json\/wp\/v2\/media\/15186"}],"wp:attachment":[{"href":"https:\/\/unitgames.com.ar\/pc-gamer\/wp-json\/wp\/v2\/media?parent=15184"}],"wp:term":[{"taxonomy":"product_brand","embeddable":true,"href":"https:\/\/unitgames.com.ar\/pc-gamer\/wp-json\/wp\/v2\/product_brand?post=15184"},{"taxonomy":"product_cat","embeddable":true,"href":"https:\/\/unitgames.com.ar\/pc-gamer\/wp-json\/wp\/v2\/product_cat?post=15184"},{"taxonomy":"product_tag","embeddable":true,"href":"https:\/\/unitgames.com.ar\/pc-gamer\/wp-json\/wp\/v2\/product_tag?post=15184"}],"curies":[{"name":"wp","href":"https:\/\/api.w.org\/{rel}","templated":true}]}}