{"id":15189,"date":"2025-05-31T10:09:22","date_gmt":"2025-05-31T13:09:22","guid":{"rendered":"https:\/\/unitgames.com.ar\/pc-gamer\/?post_type=product&#038;p=15189"},"modified":"2026-01-13T12:40:12","modified_gmt":"2026-01-13T15:40:12","slug":"auriculares-logitech-g335-negro","status":"publish","type":"product","link":"https:\/\/unitgames.com.ar\/pc-gamer\/producto\/auriculares-logitech-g335-negro\/","title":{"rendered":"Auriculares LOGITECH G335 Negro"},"content":{"rendered":"<p data-start=\"0\" data-end=\"112\"><span class=\"relative -mx-px my-[-0.2rem] rounded px-px py-[0.2rem] transition-colors duration-100 ease-in-out\">Los <strong data-start=\"4\" data-end=\"21\">Logitech G335<\/strong> son auriculares con cable dise\u00f1ados para ofrecer comodidad y rendimiento en sesiones de juego prolongadas.<\/span> <span class=\"relative -mx-px my-[-0.2rem] rounded px-px py-[0.2rem] transition-colors duration-100 ease-in-out\">Con un dise\u00f1o ligero y caracter\u00edsticas pensadas para gamers,\u00a0<\/span><\/p>\n<hr data-start=\"114\" data-end=\"117\" \/>\n<h3 data-start=\"119\" data-end=\"152\"><span style=\"color: #000000;\">Caracter\u00edsticas destacadas<\/span><\/h3>\n<p>&nbsp;<\/p>\n<ul>\n<li data-start=\"156\" data-end=\"292\"><strong data-start=\"156\" data-end=\"174\">Dise\u00f1o liviano<\/strong>: <span class=\"relative -mx-px my-[-0.2rem] rounded px-px py-[0.2rem] transition-colors duration-100 ease-in-out\">Pesan solo 240 g, lo que reduce la fatiga durante largas sesiones de uso.<\/span><\/li>\n<li data-start=\"296\" data-end=\"452\"><strong data-start=\"296\" data-end=\"332\">Diadema con suspensi\u00f3n ajustable<\/strong>: <span class=\"relative -mx-px my-[-0.2rem] rounded px-px py-[0.2rem] transition-colors duration-100 ease-in-out\">La banda el\u00e1stica se adapta a diferentes tama\u00f1os de cabeza, distribuyendo el peso de manera uniforme.<\/span><\/li>\n<li data-start=\"456\" data-end=\"616\"><strong data-start=\"456\" data-end=\"496\">Almohadillas de espuma viscoel\u00e1stica<\/strong>: <span class=\"relative -mx-px my-[-0.2rem] rounded px-px py-[0.2rem] transition-colors duration-100 ease-in-out\">Proporcionan comodidad y aislamiento ac\u00fastico.<\/span><\/li>\n<li data-start=\"620\" data-end=\"769\"><strong data-start=\"620\" data-end=\"649\">Sonido est\u00e9reo envolvente<\/strong>: <span class=\"relative -mx-px my-[-0.2rem] rounded px-px py-[0.2rem] transition-colors duration-100 ease-in-out\">Equipados con transductores de 40 mm, ofrecen una experiencia de audio inmersiva.<\/span><\/li>\n<li data-start=\"773\" data-end=\"940\"><strong data-start=\"773\" data-end=\"820\">Micr\u00f3fono abatible con cancelaci\u00f3n de ruido<\/strong>: <span class=\"relative -mx-px my-[-0.2rem] rounded px-px py-[0.2rem] transition-colors duration-100 ease-in-out\">Permite una comunicaci\u00f3n clara y se puede silenciar al levantarlo.<\/span><\/li>\n<li data-start=\"944\" data-end=\"1098\"><strong data-start=\"944\" data-end=\"978\">Compatibilidad multiplataforma<\/strong>: <span class=\"relative -mx-px my-[-0.2rem] rounded px-px py-[0.2rem] transition-colors duration-100 ease-in-out\">Gracias a su conector de 3.5 mm, son compatibles con PC, PlayStation, Xbox, Nintendo Switch y dispositivos m\u00f3viles.<\/span><\/li>\n<\/ul>\n<hr data-start=\"1100\" data-end=\"1103\" \/>\n<h3><span style=\"color: #000000;\">Especificaciones t\u00e9cnicas<\/span><\/h3>\n<p>&nbsp;<\/p>\n<ul>\n<li data-start=\"1141\" data-end=\"1236\"><strong data-start=\"1141\" data-end=\"1156\">Transductor<\/strong>: <span class=\"relative -mx-px my-[-0.2rem] rounded px-px py-[0.2rem] transition-colors duration-100 ease-in-out\">40 mm<\/span><\/li>\n<li data-start=\"1240\" data-end=\"1347\"><strong data-start=\"1240\" data-end=\"1267\">Respuesta de frecuencia<\/strong>: <span class=\"relative -mx-px my-[-0.2rem] rounded px-px py-[0.2rem] transition-colors duration-100 ease-in-out\">20 Hz \u2013 20 kHz<\/span><\/li>\n<li data-start=\"1351\" data-end=\"1445\"><strong data-start=\"1351\" data-end=\"1365\">Impedancia<\/strong>: <span class=\"relative -mx-px my-[-0.2rem] rounded px-px py-[0.2rem] transition-colors duration-100 ease-in-out\">36 Ohms<\/span><\/li>\n<li data-start=\"1449\" data-end=\"1545\"><strong data-start=\"1449\" data-end=\"1465\">Sensibilidad<\/strong>: <span class=\"relative -mx-px my-[-0.2rem] rounded px-px py-[0.2rem] transition-colors duration-100 ease-in-out\">87,5 dB SPL\/mW<\/span><\/li>\n<li data-start=\"1549\" data-end=\"1642\"><strong data-start=\"1549\" data-end=\"1562\">Micr\u00f3fono<\/strong>: <span class=\"relative -mx-px my-[-0.2rem] rounded px-px py-[0.2rem] transition-colors duration-100 ease-in-out\">Cardioide (unidireccional), respuesta de 100 Hz \u2013 10 kHz<\/span><\/li>\n<li data-start=\"1646\" data-end=\"1738\"><strong data-start=\"1646\" data-end=\"1658\">Conexi\u00f3n<\/strong>: <span class=\"relative -mx-px my-[-0.2rem] rounded px-px py-[0.2rem] transition-colors duration-100 ease-in-out\">Jack de 3.5 mm<\/span><\/li>\n<li data-start=\"1740\" data-end=\"1844\">\n<p data-start=\"1742\" data-end=\"1844\"><strong data-start=\"1742\" data-end=\"1764\">Longitud del cable<\/strong>: <span class=\"relative -mx-px my-[-0.2rem] rounded px-px py-[0.2rem] transition-colors duration-100 ease-in-out\">2 metros<\/span><\/p>\n<\/li>\n<li data-start=\"1846\" data-end=\"1936\">\n<p data-start=\"1848\" data-end=\"1936\"><strong data-start=\"1848\" data-end=\"1856\">Peso<\/strong>: <span class=\"relative -mx-px my-[-0.2rem] rounded px-px py-[0.2rem] transition-colors duration-100 ease-in-out\">240 g<\/span><\/p>\n<\/li>\n<\/ul>\n","protected":false},"excerpt":{"rendered":"<p>Los Logitech G335 son auriculares con cable dise\u00f1ados para ofrecer comodidad y rendimiento en sesiones de juego prolongadas. Con un dise\u00f1o ligero y caracter\u00edsticas pensadas para gamers,\u00a0 Caracter\u00edsticas destacadas &nbsp; Dise\u00f1o liviano: Pesan solo 240 g, lo que reduce la fatiga durante largas sesiones de uso. Diadema con suspensi\u00f3n ajustable: La banda el\u00e1stica se adapta a diferentes tama\u00f1os de cabeza, distribuyendo el peso de manera uniforme. Almohadillas de espuma viscoel\u00e1stica: Proporcionan comodidad y aislamiento ac\u00fastico. Sonido est\u00e9reo envolvente: Equipados con transductores de 40 mm, ofrecen una experiencia de audio inmersiva. Micr\u00f3fono abatible con cancelaci\u00f3n de ruido: Permite una comunicaci\u00f3n clara y se puede silenciar al levantarlo. Compatibilidad multiplataforma: Gracias a su conector de 3.5 mm, son compatibles con PC, PlayStation, Xbox, Nintendo Switch y dispositivos m\u00f3viles. Especificaciones t\u00e9cnicas &nbsp; Transductor: 40 mm Respuesta de frecuencia: 20 Hz \u2013 20 kHz Impedancia: 36 Ohms Sensibilidad: 87,5 dB SPL\/mW Micr\u00f3fono: Cardioide (unidireccional), respuesta de 100 Hz \u2013 10 kHz Conexi\u00f3n: Jack de 3.5 mm Longitud del cable: 2 metros Peso: 240 g<\/p>\n","protected":false},"featured_media":15191,"template":"","meta":{"site-sidebar-layout":"default","site-content-layout":"","ast-site-content-layout":"default","site-content-style":"default","site-sidebar-style":"default","ast-global-header-display":"","ast-banner-title-visibility":"","ast-main-header-display":"","ast-hfb-above-header-display":"","ast-hfb-below-header-display":"","ast-hfb-mobile-header-display":"","site-post-title":"","ast-breadcrumbs-content":"","ast-featured-img":"","footer-sml-layout":"","theme-transparent-header-meta":"default","adv-header-id-meta":"","stick-header-meta":"","header-above-stick-meta":"","header-main-stick-meta":"","header-below-stick-meta":"","astra-migrate-meta-layouts":"set","ast-page-background-enabled":"default","ast-page-background-meta":{"desktop":{"background-color":"var(--ast-global-color-5)","background-image":"","background-repeat":"repeat","background-position":"center center","background-size":"auto","background-attachment":"scroll","background-type":"","background-media":"","overlay-type":"","overlay-color":"","overlay-opacity":"","overlay-gradient":""},"tablet":{"background-color":"","background-image":"","background-repeat":"repeat","background-position":"center center","background-size":"auto","background-attachment":"scroll","background-type":"","background-media":"","overlay-type":"","overlay-color":"","overlay-opacity":"","overlay-gradient":""},"mobile":{"background-color":"","background-image":"","background-repeat":"repeat","background-position":"center center","background-size":"auto","background-attachment":"scroll","background-type":"","background-media":"","overlay-type":"","overlay-color":"","overlay-opacity":"","overlay-gradient":""}},"ast-content-background-meta":{"desktop":{"background-color":"var(--ast-global-color-4)","background-image":"","background-repeat":"repeat","background-position":"center center","background-size":"auto","background-attachment":"scroll","background-type":"","background-media":"","overlay-type":"","overlay-color":"","overlay-opacity":"","overlay-gradient":""},"tablet":{"background-color":"var(--ast-global-color-4)","background-image":"","background-repeat":"repeat","background-position":"center center","background-size":"auto","background-attachment":"scroll","background-type":"","background-media":"","overlay-type":"","overlay-color":"","overlay-opacity":"","overlay-gradient":""},"mobile":{"background-color":"var(--ast-global-color-4)","background-image":"","background-repeat":"repeat","background-position":"center center","background-size":"auto","background-attachment":"scroll","background-type":"","background-media":"","overlay-type":"","overlay-color":"","overlay-opacity":"","overlay-gradient":""}},"_joinchat":[]},"product_brand":[],"product_cat":[81],"product_tag":[],"class_list":{"0":"post-15189","1":"product","2":"type-product","3":"status-publish","4":"has-post-thumbnail","6":"product_cat-auriculares-pc-play-y-xbox","7":"desktop-align-center","8":"tablet-align-left","9":"mobile-align-left","11":"first","12":"instock","13":"shipping-taxable","14":"purchasable","15":"product-type-simple"},"yoast_head":"<!-- This site is optimized with the Yoast SEO plugin v27.3 - https:\/\/yoast.com\/product\/yoast-seo-wordpress\/ -->\n<title>Auriculares LOGITECH G335 Negro - UnitGames<\/title>\n<meta name=\"robots\" content=\"index, follow, max-snippet:-1, max-image-preview:large, max-video-preview:-1\" \/>\n<link rel=\"canonical\" href=\"https:\/\/unitgames.com.ar\/pc-gamer\/producto\/auriculares-logitech-g335-negro\/\" \/>\n<meta property=\"og:locale\" content=\"es_ES\" \/>\n<meta property=\"og:type\" content=\"article\" \/>\n<meta property=\"og:title\" content=\"Auriculares LOGITECH G335 Negro - UnitGames\" \/>\n<meta property=\"og:description\" content=\"Los Logitech G335 son auriculares con cable dise\u00f1ados para ofrecer comodidad y rendimiento en sesiones de juego prolongadas. Con un dise\u00f1o ligero y caracter\u00edsticas pensadas para gamers,\u00a0 Caracter\u00edsticas destacadas &nbsp; Dise\u00f1o liviano: Pesan solo 240 g, lo que reduce la fatiga durante largas sesiones de uso. Diadema con suspensi\u00f3n ajustable: La banda el\u00e1stica se adapta a diferentes tama\u00f1os de cabeza, distribuyendo el peso de manera uniforme. Almohadillas de espuma viscoel\u00e1stica: Proporcionan comodidad y aislamiento ac\u00fastico. Sonido est\u00e9reo envolvente: Equipados con transductores de 40 mm, ofrecen una experiencia de audio inmersiva. Micr\u00f3fono abatible con cancelaci\u00f3n de ruido: Permite una comunicaci\u00f3n clara y se puede silenciar al levantarlo. Compatibilidad multiplataforma: Gracias a su conector de 3.5 mm, son compatibles con PC, PlayStation, Xbox, Nintendo Switch y dispositivos m\u00f3viles. Especificaciones t\u00e9cnicas &nbsp; Transductor: 40 mm Respuesta de frecuencia: 20 Hz \u2013 20 kHz Impedancia: 36 Ohms Sensibilidad: 87,5 dB SPL\/mW Micr\u00f3fono: Cardioide (unidireccional), respuesta de 100 Hz \u2013 10 kHz Conexi\u00f3n: Jack de 3.5 mm Longitud del cable: 2 metros Peso: 240 g\" \/>\n<meta property=\"og:url\" content=\"https:\/\/unitgames.com.ar\/pc-gamer\/producto\/auriculares-logitech-g335-negro\/\" \/>\n<meta property=\"og:site_name\" content=\"UnitGames\" \/>\n<meta property=\"article:modified_time\" content=\"2026-01-13T15:40:12+00:00\" \/>\n<meta property=\"og:image\" content=\"https:\/\/unitgames.com.ar\/pc-gamer\/wp-content\/uploads\/2025\/05\/Auriculares-LOGITECH-G335.png\" \/>\n\t<meta property=\"og:image:width\" content=\"1283\" \/>\n\t<meta property=\"og:image:height\" content=\"1283\" \/>\n\t<meta property=\"og:image:type\" content=\"image\/png\" \/>\n<meta name=\"twitter:card\" content=\"summary_large_image\" \/>\n<meta name=\"twitter:label1\" content=\"Tiempo de lectura\" \/>\n\t<meta name=\"twitter:data1\" content=\"1 minuto\" \/>\n<script type=\"application\/ld+json\" class=\"yoast-schema-graph\">{\"@context\":\"https:\\\/\\\/schema.org\",\"@graph\":[{\"@type\":\"WebPage\",\"@id\":\"https:\\\/\\\/unitgames.com.ar\\\/pc-gamer\\\/producto\\\/auriculares-logitech-g335-negro\\\/\",\"url\":\"https:\\\/\\\/unitgames.com.ar\\\/pc-gamer\\\/producto\\\/auriculares-logitech-g335-negro\\\/\",\"name\":\"Auriculares LOGITECH G335 Negro - UnitGames\",\"isPartOf\":{\"@id\":\"https:\\\/\\\/unitgames.com.ar\\\/pc-gamer\\\/#website\"},\"primaryImageOfPage\":{\"@id\":\"https:\\\/\\\/unitgames.com.ar\\\/pc-gamer\\\/producto\\\/auriculares-logitech-g335-negro\\\/#primaryimage\"},\"image\":{\"@id\":\"https:\\\/\\\/unitgames.com.ar\\\/pc-gamer\\\/producto\\\/auriculares-logitech-g335-negro\\\/#primaryimage\"},\"thumbnailUrl\":\"https:\\\/\\\/unitgames.com.ar\\\/pc-gamer\\\/wp-content\\\/uploads\\\/2025\\\/05\\\/Auriculares-LOGITECH-G335.png\",\"datePublished\":\"2025-05-31T13:09:22+00:00\",\"dateModified\":\"2026-01-13T15:40:12+00:00\",\"breadcrumb\":{\"@id\":\"https:\\\/\\\/unitgames.com.ar\\\/pc-gamer\\\/producto\\\/auriculares-logitech-g335-negro\\\/#breadcrumb\"},\"inLanguage\":\"es\",\"potentialAction\":[{\"@type\":\"ReadAction\",\"target\":[\"https:\\\/\\\/unitgames.com.ar\\\/pc-gamer\\\/producto\\\/auriculares-logitech-g335-negro\\\/\"]}]},{\"@type\":\"ImageObject\",\"inLanguage\":\"es\",\"@id\":\"https:\\\/\\\/unitgames.com.ar\\\/pc-gamer\\\/producto\\\/auriculares-logitech-g335-negro\\\/#primaryimage\",\"url\":\"https:\\\/\\\/unitgames.com.ar\\\/pc-gamer\\\/wp-content\\\/uploads\\\/2025\\\/05\\\/Auriculares-LOGITECH-G335.png\",\"contentUrl\":\"https:\\\/\\\/unitgames.com.ar\\\/pc-gamer\\\/wp-content\\\/uploads\\\/2025\\\/05\\\/Auriculares-LOGITECH-G335.png\",\"width\":1283,\"height\":1283},{\"@type\":\"BreadcrumbList\",\"@id\":\"https:\\\/\\\/unitgames.com.ar\\\/pc-gamer\\\/producto\\\/auriculares-logitech-g335-negro\\\/#breadcrumb\",\"itemListElement\":[{\"@type\":\"ListItem\",\"position\":1,\"name\":\"Tienda\",\"item\":\"https:\\\/\\\/unitgames.com.ar\\\/pc-gamer\\\/tienda\\\/\"},{\"@type\":\"ListItem\",\"position\":2,\"name\":\"Auriculares LOGITECH G335 Negro\"}]},{\"@type\":\"WebSite\",\"@id\":\"https:\\\/\\\/unitgames.com.ar\\\/pc-gamer\\\/#website\",\"url\":\"https:\\\/\\\/unitgames.com.ar\\\/pc-gamer\\\/\",\"name\":\"UnitGames\",\"description\":\"Venta de PC Gamers, Consolas , Servicio Tecnico Especializado. Todos en Accesorios Informaticos y Gamers\",\"publisher\":{\"@id\":\"https:\\\/\\\/unitgames.com.ar\\\/pc-gamer\\\/#organization\"},\"potentialAction\":[{\"@type\":\"SearchAction\",\"target\":{\"@type\":\"EntryPoint\",\"urlTemplate\":\"https:\\\/\\\/unitgames.com.ar\\\/pc-gamer\\\/?s={search_term_string}\"},\"query-input\":{\"@type\":\"PropertyValueSpecification\",\"valueRequired\":true,\"valueName\":\"search_term_string\"}}],\"inLanguage\":\"es\"},{\"@type\":\"Organization\",\"@id\":\"https:\\\/\\\/unitgames.com.ar\\\/pc-gamer\\\/#organization\",\"name\":\"UnitGames\",\"url\":\"https:\\\/\\\/unitgames.com.ar\\\/pc-gamer\\\/\",\"logo\":{\"@type\":\"ImageObject\",\"inLanguage\":\"es\",\"@id\":\"https:\\\/\\\/unitgames.com.ar\\\/pc-gamer\\\/#\\\/schema\\\/logo\\\/image\\\/\",\"url\":\"https:\\\/\\\/unitgames.com.ar\\\/pc-gamer\\\/wp-content\\\/uploads\\\/2021\\\/01\\\/cropped-logoUnitGames2.png\",\"contentUrl\":\"https:\\\/\\\/unitgames.com.ar\\\/pc-gamer\\\/wp-content\\\/uploads\\\/2021\\\/01\\\/cropped-logoUnitGames2.png\",\"width\":152,\"height\":200,\"caption\":\"UnitGames\"},\"image\":{\"@id\":\"https:\\\/\\\/unitgames.com.ar\\\/pc-gamer\\\/#\\\/schema\\\/logo\\\/image\\\/\"}}]}<\/script>\n<!-- \/ Yoast SEO plugin. -->","yoast_head_json":{"title":"Auriculares LOGITECH G335 Negro - UnitGames","robots":{"index":"index","follow":"follow","max-snippet":"max-snippet:-1","max-image-preview":"max-image-preview:large","max-video-preview":"max-video-preview:-1"},"canonical":"https:\/\/unitgames.com.ar\/pc-gamer\/producto\/auriculares-logitech-g335-negro\/","og_locale":"es_ES","og_type":"article","og_title":"Auriculares LOGITECH G335 Negro - UnitGames","og_description":"Los Logitech G335 son auriculares con cable dise\u00f1ados para ofrecer comodidad y rendimiento en sesiones de juego prolongadas. Con un dise\u00f1o ligero y caracter\u00edsticas pensadas para gamers,\u00a0 Caracter\u00edsticas destacadas &nbsp; Dise\u00f1o liviano: Pesan solo 240 g, lo que reduce la fatiga durante largas sesiones de uso. Diadema con suspensi\u00f3n ajustable: La banda el\u00e1stica se adapta a diferentes tama\u00f1os de cabeza, distribuyendo el peso de manera uniforme. Almohadillas de espuma viscoel\u00e1stica: Proporcionan comodidad y aislamiento ac\u00fastico. Sonido est\u00e9reo envolvente: Equipados con transductores de 40 mm, ofrecen una experiencia de audio inmersiva. Micr\u00f3fono abatible con cancelaci\u00f3n de ruido: Permite una comunicaci\u00f3n clara y se puede silenciar al levantarlo. Compatibilidad multiplataforma: Gracias a su conector de 3.5 mm, son compatibles con PC, PlayStation, Xbox, Nintendo Switch y dispositivos m\u00f3viles. Especificaciones t\u00e9cnicas &nbsp; Transductor: 40 mm Respuesta de frecuencia: 20 Hz \u2013 20 kHz Impedancia: 36 Ohms Sensibilidad: 87,5 dB SPL\/mW Micr\u00f3fono: Cardioide (unidireccional), respuesta de 100 Hz \u2013 10 kHz Conexi\u00f3n: Jack de 3.5 mm Longitud del cable: 2 metros Peso: 240 g","og_url":"https:\/\/unitgames.com.ar\/pc-gamer\/producto\/auriculares-logitech-g335-negro\/","og_site_name":"UnitGames","article_modified_time":"2026-01-13T15:40:12+00:00","og_image":[{"width":1283,"height":1283,"url":"https:\/\/unitgames.com.ar\/pc-gamer\/wp-content\/uploads\/2025\/05\/Auriculares-LOGITECH-G335.png","type":"image\/png"}],"twitter_card":"summary_large_image","twitter_misc":{"Tiempo de lectura":"1 minuto"},"schema":{"@context":"https:\/\/schema.org","@graph":[{"@type":"WebPage","@id":"https:\/\/unitgames.com.ar\/pc-gamer\/producto\/auriculares-logitech-g335-negro\/","url":"https:\/\/unitgames.com.ar\/pc-gamer\/producto\/auriculares-logitech-g335-negro\/","name":"Auriculares LOGITECH G335 Negro - UnitGames","isPartOf":{"@id":"https:\/\/unitgames.com.ar\/pc-gamer\/#website"},"primaryImageOfPage":{"@id":"https:\/\/unitgames.com.ar\/pc-gamer\/producto\/auriculares-logitech-g335-negro\/#primaryimage"},"image":{"@id":"https:\/\/unitgames.com.ar\/pc-gamer\/producto\/auriculares-logitech-g335-negro\/#primaryimage"},"thumbnailUrl":"https:\/\/unitgames.com.ar\/pc-gamer\/wp-content\/uploads\/2025\/05\/Auriculares-LOGITECH-G335.png","datePublished":"2025-05-31T13:09:22+00:00","dateModified":"2026-01-13T15:40:12+00:00","breadcrumb":{"@id":"https:\/\/unitgames.com.ar\/pc-gamer\/producto\/auriculares-logitech-g335-negro\/#breadcrumb"},"inLanguage":"es","potentialAction":[{"@type":"ReadAction","target":["https:\/\/unitgames.com.ar\/pc-gamer\/producto\/auriculares-logitech-g335-negro\/"]}]},{"@type":"ImageObject","inLanguage":"es","@id":"https:\/\/unitgames.com.ar\/pc-gamer\/producto\/auriculares-logitech-g335-negro\/#primaryimage","url":"https:\/\/unitgames.com.ar\/pc-gamer\/wp-content\/uploads\/2025\/05\/Auriculares-LOGITECH-G335.png","contentUrl":"https:\/\/unitgames.com.ar\/pc-gamer\/wp-content\/uploads\/2025\/05\/Auriculares-LOGITECH-G335.png","width":1283,"height":1283},{"@type":"BreadcrumbList","@id":"https:\/\/unitgames.com.ar\/pc-gamer\/producto\/auriculares-logitech-g335-negro\/#breadcrumb","itemListElement":[{"@type":"ListItem","position":1,"name":"Tienda","item":"https:\/\/unitgames.com.ar\/pc-gamer\/tienda\/"},{"@type":"ListItem","position":2,"name":"Auriculares LOGITECH G335 Negro"}]},{"@type":"WebSite","@id":"https:\/\/unitgames.com.ar\/pc-gamer\/#website","url":"https:\/\/unitgames.com.ar\/pc-gamer\/","name":"UnitGames","description":"Venta de PC Gamers, Consolas , Servicio Tecnico Especializado. Todos en Accesorios Informaticos y Gamers","publisher":{"@id":"https:\/\/unitgames.com.ar\/pc-gamer\/#organization"},"potentialAction":[{"@type":"SearchAction","target":{"@type":"EntryPoint","urlTemplate":"https:\/\/unitgames.com.ar\/pc-gamer\/?s={search_term_string}"},"query-input":{"@type":"PropertyValueSpecification","valueRequired":true,"valueName":"search_term_string"}}],"inLanguage":"es"},{"@type":"Organization","@id":"https:\/\/unitgames.com.ar\/pc-gamer\/#organization","name":"UnitGames","url":"https:\/\/unitgames.com.ar\/pc-gamer\/","logo":{"@type":"ImageObject","inLanguage":"es","@id":"https:\/\/unitgames.com.ar\/pc-gamer\/#\/schema\/logo\/image\/","url":"https:\/\/unitgames.com.ar\/pc-gamer\/wp-content\/uploads\/2021\/01\/cropped-logoUnitGames2.png","contentUrl":"https:\/\/unitgames.com.ar\/pc-gamer\/wp-content\/uploads\/2021\/01\/cropped-logoUnitGames2.png","width":152,"height":200,"caption":"UnitGames"},"image":{"@id":"https:\/\/unitgames.com.ar\/pc-gamer\/#\/schema\/logo\/image\/"}}]}},"_links":{"self":[{"href":"https:\/\/unitgames.com.ar\/pc-gamer\/wp-json\/wp\/v2\/product\/15189","targetHints":{"allow":["GET"]}}],"collection":[{"href":"https:\/\/unitgames.com.ar\/pc-gamer\/wp-json\/wp\/v2\/product"}],"about":[{"href":"https:\/\/unitgames.com.ar\/pc-gamer\/wp-json\/wp\/v2\/types\/product"}],"version-history":[{"count":0,"href":"https:\/\/unitgames.com.ar\/pc-gamer\/wp-json\/wp\/v2\/product\/15189\/revisions"}],"wp:featuredmedia":[{"embeddable":true,"href":"https:\/\/unitgames.com.ar\/pc-gamer\/wp-json\/wp\/v2\/media\/15191"}],"wp:attachment":[{"href":"https:\/\/unitgames.com.ar\/pc-gamer\/wp-json\/wp\/v2\/media?parent=15189"}],"wp:term":[{"taxonomy":"product_brand","embeddable":true,"href":"https:\/\/unitgames.com.ar\/pc-gamer\/wp-json\/wp\/v2\/product_brand?post=15189"},{"taxonomy":"product_cat","embeddable":true,"href":"https:\/\/unitgames.com.ar\/pc-gamer\/wp-json\/wp\/v2\/product_cat?post=15189"},{"taxonomy":"product_tag","embeddable":true,"href":"https:\/\/unitgames.com.ar\/pc-gamer\/wp-json\/wp\/v2\/product_tag?post=15189"}],"curies":[{"name":"wp","href":"https:\/\/api.w.org\/{rel}","templated":true}]}}