{"id":15221,"date":"2025-05-31T18:31:51","date_gmt":"2025-05-31T21:31:51","guid":{"rendered":"https:\/\/unitgames.com.ar\/pc-gamer\/?post_type=product&#038;p=15221"},"modified":"2026-01-13T19:24:36","modified_gmt":"2026-01-13T22:24:36","slug":"microprocesador-ryzen-5-9600x-am5","status":"publish","type":"product","link":"https:\/\/unitgames.com.ar\/pc-gamer\/producto\/microprocesador-ryzen-5-9600x-am5\/","title":{"rendered":"Microprocesador RYZEN 5 9600x AM5"},"content":{"rendered":"<p data-start=\"0\" data-end=\"151\"><span class=\"relative -mx-px my-[-0.2rem] rounded px-px py-[0.2rem] transition-colors duration-100 ease-in-out\">El <strong data-start=\"3\" data-end=\"24\">AMD Ryzen 5 9600X<\/strong> es un procesador de escritorio de gama media-alta lanzado en agosto de 2024, basado en la arquitectura Zen 5 (nombre en clave \u00abGranite Ridge\u00bb) y fabricado en un proceso de 4 nm por TSMC<\/span> . <span class=\"relative -mx-px my-[-0.2rem] rounded px-px py-[0.2rem] transition-colors duration-100 ease-in-out\">Es compatible con el socket AM5 y ofrece un equilibrio s\u00f3lido entre rendimiento y eficiencia energ\u00e9tica.<\/span><\/p>\n<hr data-start=\"153\" data-end=\"156\" \/>\n<h3 data-start=\"158\" data-end=\"190\">\u00a0Especificaciones T\u00e9cnicas<\/h3>\n<p>&nbsp;<\/p>\n<ul>\n<li data-start=\"194\" data-end=\"254\"><strong data-start=\"194\" data-end=\"213\">N\u00facleos \/ Hilos<\/strong>: <span class=\"relative -mx-px my-[-0.2rem] rounded px-px py-[0.2rem] transition-colors duration-100 ease-in-out\">6 n\u00facleos y 12 hilos<\/span><\/li>\n<li data-start=\"257\" data-end=\"317\"><strong data-start=\"257\" data-end=\"276\">Frecuencia base<\/strong>: <span class=\"relative -mx-px my-[-0.2rem] rounded px-px py-[0.2rem] transition-colors duration-100 ease-in-out\">3.9 GHz<\/span><\/li>\n<li data-start=\"320\" data-end=\"390\"><strong data-start=\"320\" data-end=\"349\">Frecuencia m\u00e1xima (Boost)<\/strong>: <span class=\"relative -mx-px my-[-0.2rem] rounded px-px py-[0.2rem] transition-colors duration-100 ease-in-out\">hasta 5.4 GHz<\/span><\/li>\n<li data-start=\"393\" data-end=\"403\"><strong data-start=\"393\" data-end=\"402\">Cach\u00e9<\/strong>:<\/li>\n<li data-start=\"408\" data-end=\"451\">L1: <span class=\"relative -mx-px my-[-0.2rem] rounded px-px py-[0.2rem] transition-colors duration-100 ease-in-out\">480 KB<\/span><\/li>\n<li data-start=\"456\" data-end=\"464\">L2: 6 MB<\/li>\n<li data-start=\"469\" data-end=\"512\">L3: <span class=\"relative -mx-px my-[-0.2rem] rounded px-px py-[0.2rem] transition-colors duration-100 ease-in-out\">32 MB<\/span><\/li>\n<li data-start=\"515\" data-end=\"528\"><strong data-start=\"515\" data-end=\"522\">TDP<\/strong>: 65 W<\/li>\n<li data-start=\"531\" data-end=\"546\"><strong data-start=\"531\" data-end=\"541\">Socket<\/strong>: AM5<\/li>\n<li data-start=\"549\" data-end=\"612\"><strong data-start=\"549\" data-end=\"571\">Memoria compatible<\/strong>: <span class=\"relative -mx-px my-[-0.2rem] rounded px-px py-[0.2rem] transition-colors duration-100 ease-in-out\">DDR5-5600 (hasta 192 GB en doble canal)<\/span><\/li>\n<li data-start=\"615\" data-end=\"679\"><strong data-start=\"615\" data-end=\"638\">Gr\u00e1ficos integrados<\/strong>: <span class=\"relative -mx-px my-[-0.2rem] rounded px-px py-[0.2rem] transition-colors duration-100 ease-in-out\">AMD Radeon Graphics (2 n\u00facleos de c\u00f3mputo RDNA 2, hasta 2.2 GHz)<\/span><\/li>\n<li data-start=\"682\" data-end=\"709\"><strong data-start=\"682\" data-end=\"708\">Soporte de tecnolog\u00edas<\/strong>:\n<ul>\n<li style=\"list-style-type: none;\">\n<ul>\n<li style=\"list-style-type: none;\">\n<ul>\n<li style=\"list-style-type: none;\">\n<ul>\n<li style=\"list-style-type: none;\">\n<ul>\n<li style=\"list-style-type: none;\">\n<ul>\n<li style=\"list-style-type: none;\">\n<ul>\n<li style=\"list-style-type: none;\">\n<ul>\n<li style=\"list-style-type: none;\">\n<ul>\n<li data-start=\"714\" data-end=\"753\"><span class=\"relative -mx-px my-[-0.2rem] rounded px-px py-[0.2rem] transition-colors duration-100 ease-in-out\">PCIe 5.0<\/span><\/li>\n<li data-start=\"758\" data-end=\"797\"><span class=\"relative -mx-px my-[-0.2rem] rounded px-px py-[0.2rem] transition-colors duration-100 ease-in-out\">AMD EXPO (perfiles de overclocking de memoria)<\/span><\/li>\n<li data-start=\"802\" data-end=\"841\"><span class=\"relative -mx-px my-[-0.2rem] rounded px-px py-[0.2rem] transition-colors duration-100 ease-in-out\">AVX-512<\/span><\/li>\n<li data-start=\"846\" data-end=\"885\"><span class=\"relative -mx-px my-[-0.2rem] rounded px-px py-[0.2rem] transition-colors duration-100 ease-in-out\">Virtualizaci\u00f3n<\/span><\/li>\n<\/ul>\n<\/li>\n<\/ul>\n<\/li>\n<\/ul>\n<\/li>\n<\/ul>\n<\/li>\n<\/ul>\n<\/li>\n<\/ul>\n<\/li>\n<\/ul>\n<\/li>\n<\/ul>\n<\/li>\n<\/ul>\n<\/li>\n<\/ul>\n<h3 data-start=\"992\" data-end=\"1017\">\u00a0Ventajas Destacadas<\/h3>\n<p>&nbsp;<\/p>\n<ul>\n<li data-start=\"888\" data-end=\"985\"><strong data-start=\"888\" data-end=\"905\">Refrigeraci\u00f3n<\/strong>: <span class=\"relative -mx-px my-[-0.2rem] rounded px-px py-[0.2rem] transition-colors duration-100 ease-in-out\">No incluye cooler; se recomienda un sistema de refrigeraci\u00f3n eficiente<\/span><\/li>\n<li data-start=\"1021\" data-end=\"1082\"><strong data-start=\"1021\" data-end=\"1041\">Alto rendimiento<\/strong>: <span class=\"relative -mx-px my-[-0.2rem] rounded px-px py-[0.2rem] transition-colors duration-100 ease-in-out\">Con 6 n\u00facleos y 12 hilos, ofrece un excelente desempe\u00f1o en tareas exigentes y multitarea.<\/span><\/li>\n<li data-start=\"1085\" data-end=\"1150\"><strong data-start=\"1085\" data-end=\"1109\">Velocidades elevadas<\/strong>: <span class=\"relative -mx-px my-[-0.2rem] rounded px-px py-[0.2rem] transition-colors duration-100 ease-in-out\">Frecuencia base de 3.9 GHz y boost de hasta 5.4 GHz para un rendimiento \u00f3ptimo.<\/span><\/li>\n<li data-start=\"1153\" data-end=\"1237\"><strong data-start=\"1153\" data-end=\"1196\">Compatibilidad con tecnolog\u00edas modernas<\/strong>: <span class=\"relative -mx-px my-[-0.2rem] rounded px-px py-[0.2rem] transition-colors duration-100 ease-in-out\">Soporte para DDR5, PCIe 5.0 y gr\u00e1ficos integrados RDNA 2.<\/span><\/li>\n<li data-start=\"1240\" data-end=\"1297\"><strong data-start=\"1240\" data-end=\"1256\">Overclocking<\/strong>: <span class=\"relative -mx-px my-[-0.2rem] rounded px-px py-[0.2rem] transition-colors duration-100 ease-in-out\">Desbloqueado para facilitar el overclocking y ajustar el rendimiento seg\u00fan las necesidades.<\/span><\/li>\n<li data-start=\"1300\" data-end=\"1405\"><strong data-start=\"1300\" data-end=\"1325\">Eficiencia energ\u00e9tica<\/strong>: <span class=\"relative -mx-px my-[-0.2rem] rounded px-px py-[0.2rem] transition-colors duration-100 ease-in-out\">Dise\u00f1ado para ofrecer un rendimiento s\u00f3lido con un consumo energ\u00e9tico moderado.<\/span><\/li>\n<\/ul>\n","protected":false},"excerpt":{"rendered":"<p>El AMD Ryzen 5 9600X es un procesador de escritorio de gama media-alta lanzado en agosto de 2024, basado en la arquitectura Zen 5 (nombre en clave \u00abGranite Ridge\u00bb) y fabricado en un proceso de 4 nm por TSMC . Es compatible con el socket AM5 y ofrece un equilibrio s\u00f3lido entre rendimiento y eficiencia energ\u00e9tica. \u00a0Especificaciones T\u00e9cnicas &nbsp; N\u00facleos \/ Hilos: 6 n\u00facleos y 12 hilos Frecuencia base: 3.9 GHz Frecuencia m\u00e1xima (Boost): hasta 5.4 GHz Cach\u00e9: L1: 480 KB L2: 6 MB L3: 32 MB TDP: 65 W Socket: AM5 Memoria compatible: DDR5-5600 (hasta 192 GB en doble canal) Gr\u00e1ficos integrados: AMD Radeon Graphics (2 n\u00facleos de c\u00f3mputo RDNA 2, hasta 2.2 GHz) Soporte de tecnolog\u00edas: PCIe 5.0 AMD EXPO (perfiles de overclocking de memoria) AVX-512 Virtualizaci\u00f3n \u00a0Ventajas Destacadas &nbsp; Refrigeraci\u00f3n: No incluye cooler; se recomienda un sistema de refrigeraci\u00f3n eficiente Alto rendimiento: Con 6 n\u00facleos y 12 hilos, ofrece un excelente desempe\u00f1o en tareas exigentes y multitarea. Velocidades elevadas: Frecuencia base de 3.9 GHz y boost de hasta 5.4 GHz para un rendimiento \u00f3ptimo. Compatibilidad con tecnolog\u00edas modernas: Soporte para DDR5, PCIe 5.0 y gr\u00e1ficos integrados RDNA 2. Overclocking: Desbloqueado para facilitar el overclocking y ajustar el rendimiento seg\u00fan las necesidades. Eficiencia energ\u00e9tica: Dise\u00f1ado para ofrecer un rendimiento s\u00f3lido con un consumo energ\u00e9tico moderado.<\/p>\n","protected":false},"featured_media":15224,"template":"","meta":{"site-sidebar-layout":"default","site-content-layout":"","ast-site-content-layout":"default","site-content-style":"default","site-sidebar-style":"default","ast-global-header-display":"","ast-banner-title-visibility":"","ast-main-header-display":"","ast-hfb-above-header-display":"","ast-hfb-below-header-display":"","ast-hfb-mobile-header-display":"","site-post-title":"","ast-breadcrumbs-content":"","ast-featured-img":"","footer-sml-layout":"","theme-transparent-header-meta":"default","adv-header-id-meta":"","stick-header-meta":"","header-above-stick-meta":"","header-main-stick-meta":"","header-below-stick-meta":"","astra-migrate-meta-layouts":"set","ast-page-background-enabled":"default","ast-page-background-meta":{"desktop":{"background-color":"var(--ast-global-color-5)","background-image":"","background-repeat":"repeat","background-position":"center center","background-size":"auto","background-attachment":"scroll","background-type":"","background-media":"","overlay-type":"","overlay-color":"","overlay-opacity":"","overlay-gradient":""},"tablet":{"background-color":"","background-image":"","background-repeat":"repeat","background-position":"center center","background-size":"auto","background-attachment":"scroll","background-type":"","background-media":"","overlay-type":"","overlay-color":"","overlay-opacity":"","overlay-gradient":""},"mobile":{"background-color":"","background-image":"","background-repeat":"repeat","background-position":"center center","background-size":"auto","background-attachment":"scroll","background-type":"","background-media":"","overlay-type":"","overlay-color":"","overlay-opacity":"","overlay-gradient":""}},"ast-content-background-meta":{"desktop":{"background-color":"var(--ast-global-color-4)","background-image":"","background-repeat":"repeat","background-position":"center center","background-size":"auto","background-attachment":"scroll","background-type":"","background-media":"","overlay-type":"","overlay-color":"","overlay-opacity":"","overlay-gradient":""},"tablet":{"background-color":"var(--ast-global-color-4)","background-image":"","background-repeat":"repeat","background-position":"center center","background-size":"auto","background-attachment":"scroll","background-type":"","background-media":"","overlay-type":"","overlay-color":"","overlay-opacity":"","overlay-gradient":""},"mobile":{"background-color":"var(--ast-global-color-4)","background-image":"","background-repeat":"repeat","background-position":"center center","background-size":"auto","background-attachment":"scroll","background-type":"","background-media":"","overlay-type":"","overlay-color":"","overlay-opacity":"","overlay-gradient":""}},"_joinchat":[]},"product_brand":[],"product_cat":[69],"product_tag":[],"class_list":{"0":"post-15221","1":"product","2":"type-product","3":"status-publish","4":"has-post-thumbnail","6":"product_cat-microprocesadores","7":"desktop-align-center","8":"tablet-align-left","9":"mobile-align-left","11":"first","12":"instock","13":"shipping-taxable","14":"purchasable","15":"product-type-simple"},"yoast_head":"<!-- This site is optimized with the Yoast SEO plugin v27.5 - https:\/\/yoast.com\/product\/yoast-seo-wordpress\/ -->\n<title>Microprocesador RYZEN 5 9600x AM5 - UnitGames<\/title>\n<meta name=\"robots\" content=\"index, follow, max-snippet:-1, max-image-preview:large, max-video-preview:-1\" \/>\n<link rel=\"canonical\" href=\"https:\/\/unitgames.com.ar\/pc-gamer\/producto\/microprocesador-ryzen-5-9600x-am5\/\" \/>\n<meta property=\"og:locale\" content=\"es_ES\" \/>\n<meta property=\"og:type\" content=\"article\" \/>\n<meta property=\"og:title\" content=\"Microprocesador RYZEN 5 9600x AM5 - UnitGames\" \/>\n<meta property=\"og:description\" content=\"El AMD Ryzen 5 9600X es un procesador de escritorio de gama media-alta lanzado en agosto de 2024, basado en la arquitectura Zen 5 (nombre en clave \u00abGranite Ridge\u00bb) y fabricado en un proceso de 4 nm por TSMC . Es compatible con el socket AM5 y ofrece un equilibrio s\u00f3lido entre rendimiento y eficiencia energ\u00e9tica. \u00a0Especificaciones T\u00e9cnicas &nbsp; N\u00facleos \/ Hilos: 6 n\u00facleos y 12 hilos Frecuencia base: 3.9 GHz Frecuencia m\u00e1xima (Boost): hasta 5.4 GHz Cach\u00e9: L1: 480 KB L2: 6 MB L3: 32 MB TDP: 65 W Socket: AM5 Memoria compatible: DDR5-5600 (hasta 192 GB en doble canal) Gr\u00e1ficos integrados: AMD Radeon Graphics (2 n\u00facleos de c\u00f3mputo RDNA 2, hasta 2.2 GHz) Soporte de tecnolog\u00edas: PCIe 5.0 AMD EXPO (perfiles de overclocking de memoria) AVX-512 Virtualizaci\u00f3n \u00a0Ventajas Destacadas &nbsp; Refrigeraci\u00f3n: No incluye cooler; se recomienda un sistema de refrigeraci\u00f3n eficiente Alto rendimiento: Con 6 n\u00facleos y 12 hilos, ofrece un excelente desempe\u00f1o en tareas exigentes y multitarea. Velocidades elevadas: Frecuencia base de 3.9 GHz y boost de hasta 5.4 GHz para un rendimiento \u00f3ptimo. Compatibilidad con tecnolog\u00edas modernas: Soporte para DDR5, PCIe 5.0 y gr\u00e1ficos integrados RDNA 2. Overclocking: Desbloqueado para facilitar el overclocking y ajustar el rendimiento seg\u00fan las necesidades. Eficiencia energ\u00e9tica: Dise\u00f1ado para ofrecer un rendimiento s\u00f3lido con un consumo energ\u00e9tico moderado.\" \/>\n<meta property=\"og:url\" content=\"https:\/\/unitgames.com.ar\/pc-gamer\/producto\/microprocesador-ryzen-5-9600x-am5\/\" \/>\n<meta property=\"og:site_name\" content=\"UnitGames\" \/>\n<meta property=\"article:modified_time\" content=\"2026-01-13T22:24:36+00:00\" \/>\n<meta property=\"og:image\" content=\"https:\/\/unitgames.com.ar\/pc-gamer\/wp-content\/uploads\/2025\/05\/Microprocesador-RYZEN-5-9600x-AM5.png\" \/>\n\t<meta property=\"og:image:width\" content=\"1282\" \/>\n\t<meta property=\"og:image:height\" content=\"1285\" \/>\n\t<meta property=\"og:image:type\" content=\"image\/png\" \/>\n<meta name=\"twitter:card\" content=\"summary_large_image\" \/>\n<meta name=\"twitter:label1\" content=\"Tiempo de lectura\" \/>\n\t<meta name=\"twitter:data1\" content=\"2 minutos\" \/>\n<script type=\"application\/ld+json\" class=\"yoast-schema-graph\">{\"@context\":\"https:\\\/\\\/schema.org\",\"@graph\":[{\"@type\":\"WebPage\",\"@id\":\"https:\\\/\\\/unitgames.com.ar\\\/pc-gamer\\\/producto\\\/microprocesador-ryzen-5-9600x-am5\\\/\",\"url\":\"https:\\\/\\\/unitgames.com.ar\\\/pc-gamer\\\/producto\\\/microprocesador-ryzen-5-9600x-am5\\\/\",\"name\":\"Microprocesador RYZEN 5 9600x AM5 - UnitGames\",\"isPartOf\":{\"@id\":\"https:\\\/\\\/unitgames.com.ar\\\/pc-gamer\\\/#website\"},\"primaryImageOfPage\":{\"@id\":\"https:\\\/\\\/unitgames.com.ar\\\/pc-gamer\\\/producto\\\/microprocesador-ryzen-5-9600x-am5\\\/#primaryimage\"},\"image\":{\"@id\":\"https:\\\/\\\/unitgames.com.ar\\\/pc-gamer\\\/producto\\\/microprocesador-ryzen-5-9600x-am5\\\/#primaryimage\"},\"thumbnailUrl\":\"https:\\\/\\\/unitgames.com.ar\\\/pc-gamer\\\/wp-content\\\/uploads\\\/2025\\\/05\\\/Microprocesador-RYZEN-5-9600x-AM5.png\",\"datePublished\":\"2025-05-31T21:31:51+00:00\",\"dateModified\":\"2026-01-13T22:24:36+00:00\",\"breadcrumb\":{\"@id\":\"https:\\\/\\\/unitgames.com.ar\\\/pc-gamer\\\/producto\\\/microprocesador-ryzen-5-9600x-am5\\\/#breadcrumb\"},\"inLanguage\":\"es\",\"potentialAction\":[{\"@type\":\"ReadAction\",\"target\":[\"https:\\\/\\\/unitgames.com.ar\\\/pc-gamer\\\/producto\\\/microprocesador-ryzen-5-9600x-am5\\\/\"]}]},{\"@type\":\"ImageObject\",\"inLanguage\":\"es\",\"@id\":\"https:\\\/\\\/unitgames.com.ar\\\/pc-gamer\\\/producto\\\/microprocesador-ryzen-5-9600x-am5\\\/#primaryimage\",\"url\":\"https:\\\/\\\/unitgames.com.ar\\\/pc-gamer\\\/wp-content\\\/uploads\\\/2025\\\/05\\\/Microprocesador-RYZEN-5-9600x-AM5.png\",\"contentUrl\":\"https:\\\/\\\/unitgames.com.ar\\\/pc-gamer\\\/wp-content\\\/uploads\\\/2025\\\/05\\\/Microprocesador-RYZEN-5-9600x-AM5.png\",\"width\":1282,\"height\":1285},{\"@type\":\"BreadcrumbList\",\"@id\":\"https:\\\/\\\/unitgames.com.ar\\\/pc-gamer\\\/producto\\\/microprocesador-ryzen-5-9600x-am5\\\/#breadcrumb\",\"itemListElement\":[{\"@type\":\"ListItem\",\"position\":1,\"name\":\"Tienda\",\"item\":\"https:\\\/\\\/unitgames.com.ar\\\/pc-gamer\\\/tienda\\\/\"},{\"@type\":\"ListItem\",\"position\":2,\"name\":\"Microprocesador RYZEN 5 9600x AM5\"}]},{\"@type\":\"WebSite\",\"@id\":\"https:\\\/\\\/unitgames.com.ar\\\/pc-gamer\\\/#website\",\"url\":\"https:\\\/\\\/unitgames.com.ar\\\/pc-gamer\\\/\",\"name\":\"UnitGames\",\"description\":\"Venta de PC Gamers, Consolas , Servicio Tecnico Especializado. Todos en Accesorios Informaticos y Gamers\",\"publisher\":{\"@id\":\"https:\\\/\\\/unitgames.com.ar\\\/pc-gamer\\\/#organization\"},\"potentialAction\":[{\"@type\":\"SearchAction\",\"target\":{\"@type\":\"EntryPoint\",\"urlTemplate\":\"https:\\\/\\\/unitgames.com.ar\\\/pc-gamer\\\/?s={search_term_string}\"},\"query-input\":{\"@type\":\"PropertyValueSpecification\",\"valueRequired\":true,\"valueName\":\"search_term_string\"}}],\"inLanguage\":\"es\"},{\"@type\":\"Organization\",\"@id\":\"https:\\\/\\\/unitgames.com.ar\\\/pc-gamer\\\/#organization\",\"name\":\"UnitGames\",\"url\":\"https:\\\/\\\/unitgames.com.ar\\\/pc-gamer\\\/\",\"logo\":{\"@type\":\"ImageObject\",\"inLanguage\":\"es\",\"@id\":\"https:\\\/\\\/unitgames.com.ar\\\/pc-gamer\\\/#\\\/schema\\\/logo\\\/image\\\/\",\"url\":\"https:\\\/\\\/unitgames.com.ar\\\/pc-gamer\\\/wp-content\\\/uploads\\\/2021\\\/01\\\/cropped-logoUnitGames2.png\",\"contentUrl\":\"https:\\\/\\\/unitgames.com.ar\\\/pc-gamer\\\/wp-content\\\/uploads\\\/2021\\\/01\\\/cropped-logoUnitGames2.png\",\"width\":152,\"height\":200,\"caption\":\"UnitGames\"},\"image\":{\"@id\":\"https:\\\/\\\/unitgames.com.ar\\\/pc-gamer\\\/#\\\/schema\\\/logo\\\/image\\\/\"}}]}<\/script>\n<!-- \/ Yoast SEO plugin. -->","yoast_head_json":{"title":"Microprocesador RYZEN 5 9600x AM5 - UnitGames","robots":{"index":"index","follow":"follow","max-snippet":"max-snippet:-1","max-image-preview":"max-image-preview:large","max-video-preview":"max-video-preview:-1"},"canonical":"https:\/\/unitgames.com.ar\/pc-gamer\/producto\/microprocesador-ryzen-5-9600x-am5\/","og_locale":"es_ES","og_type":"article","og_title":"Microprocesador RYZEN 5 9600x AM5 - UnitGames","og_description":"El AMD Ryzen 5 9600X es un procesador de escritorio de gama media-alta lanzado en agosto de 2024, basado en la arquitectura Zen 5 (nombre en clave \u00abGranite Ridge\u00bb) y fabricado en un proceso de 4 nm por TSMC . Es compatible con el socket AM5 y ofrece un equilibrio s\u00f3lido entre rendimiento y eficiencia energ\u00e9tica. \u00a0Especificaciones T\u00e9cnicas &nbsp; N\u00facleos \/ Hilos: 6 n\u00facleos y 12 hilos Frecuencia base: 3.9 GHz Frecuencia m\u00e1xima (Boost): hasta 5.4 GHz Cach\u00e9: L1: 480 KB L2: 6 MB L3: 32 MB TDP: 65 W Socket: AM5 Memoria compatible: DDR5-5600 (hasta 192 GB en doble canal) Gr\u00e1ficos integrados: AMD Radeon Graphics (2 n\u00facleos de c\u00f3mputo RDNA 2, hasta 2.2 GHz) Soporte de tecnolog\u00edas: PCIe 5.0 AMD EXPO (perfiles de overclocking de memoria) AVX-512 Virtualizaci\u00f3n \u00a0Ventajas Destacadas &nbsp; Refrigeraci\u00f3n: No incluye cooler; se recomienda un sistema de refrigeraci\u00f3n eficiente Alto rendimiento: Con 6 n\u00facleos y 12 hilos, ofrece un excelente desempe\u00f1o en tareas exigentes y multitarea. Velocidades elevadas: Frecuencia base de 3.9 GHz y boost de hasta 5.4 GHz para un rendimiento \u00f3ptimo. Compatibilidad con tecnolog\u00edas modernas: Soporte para DDR5, PCIe 5.0 y gr\u00e1ficos integrados RDNA 2. Overclocking: Desbloqueado para facilitar el overclocking y ajustar el rendimiento seg\u00fan las necesidades. Eficiencia energ\u00e9tica: Dise\u00f1ado para ofrecer un rendimiento s\u00f3lido con un consumo energ\u00e9tico moderado.","og_url":"https:\/\/unitgames.com.ar\/pc-gamer\/producto\/microprocesador-ryzen-5-9600x-am5\/","og_site_name":"UnitGames","article_modified_time":"2026-01-13T22:24:36+00:00","og_image":[{"width":1282,"height":1285,"url":"https:\/\/unitgames.com.ar\/pc-gamer\/wp-content\/uploads\/2025\/05\/Microprocesador-RYZEN-5-9600x-AM5.png","type":"image\/png"}],"twitter_card":"summary_large_image","twitter_misc":{"Tiempo de lectura":"2 minutos"},"schema":{"@context":"https:\/\/schema.org","@graph":[{"@type":"WebPage","@id":"https:\/\/unitgames.com.ar\/pc-gamer\/producto\/microprocesador-ryzen-5-9600x-am5\/","url":"https:\/\/unitgames.com.ar\/pc-gamer\/producto\/microprocesador-ryzen-5-9600x-am5\/","name":"Microprocesador RYZEN 5 9600x AM5 - UnitGames","isPartOf":{"@id":"https:\/\/unitgames.com.ar\/pc-gamer\/#website"},"primaryImageOfPage":{"@id":"https:\/\/unitgames.com.ar\/pc-gamer\/producto\/microprocesador-ryzen-5-9600x-am5\/#primaryimage"},"image":{"@id":"https:\/\/unitgames.com.ar\/pc-gamer\/producto\/microprocesador-ryzen-5-9600x-am5\/#primaryimage"},"thumbnailUrl":"https:\/\/unitgames.com.ar\/pc-gamer\/wp-content\/uploads\/2025\/05\/Microprocesador-RYZEN-5-9600x-AM5.png","datePublished":"2025-05-31T21:31:51+00:00","dateModified":"2026-01-13T22:24:36+00:00","breadcrumb":{"@id":"https:\/\/unitgames.com.ar\/pc-gamer\/producto\/microprocesador-ryzen-5-9600x-am5\/#breadcrumb"},"inLanguage":"es","potentialAction":[{"@type":"ReadAction","target":["https:\/\/unitgames.com.ar\/pc-gamer\/producto\/microprocesador-ryzen-5-9600x-am5\/"]}]},{"@type":"ImageObject","inLanguage":"es","@id":"https:\/\/unitgames.com.ar\/pc-gamer\/producto\/microprocesador-ryzen-5-9600x-am5\/#primaryimage","url":"https:\/\/unitgames.com.ar\/pc-gamer\/wp-content\/uploads\/2025\/05\/Microprocesador-RYZEN-5-9600x-AM5.png","contentUrl":"https:\/\/unitgames.com.ar\/pc-gamer\/wp-content\/uploads\/2025\/05\/Microprocesador-RYZEN-5-9600x-AM5.png","width":1282,"height":1285},{"@type":"BreadcrumbList","@id":"https:\/\/unitgames.com.ar\/pc-gamer\/producto\/microprocesador-ryzen-5-9600x-am5\/#breadcrumb","itemListElement":[{"@type":"ListItem","position":1,"name":"Tienda","item":"https:\/\/unitgames.com.ar\/pc-gamer\/tienda\/"},{"@type":"ListItem","position":2,"name":"Microprocesador RYZEN 5 9600x AM5"}]},{"@type":"WebSite","@id":"https:\/\/unitgames.com.ar\/pc-gamer\/#website","url":"https:\/\/unitgames.com.ar\/pc-gamer\/","name":"UnitGames","description":"Venta de PC Gamers, Consolas , Servicio Tecnico Especializado. Todos en Accesorios Informaticos y Gamers","publisher":{"@id":"https:\/\/unitgames.com.ar\/pc-gamer\/#organization"},"potentialAction":[{"@type":"SearchAction","target":{"@type":"EntryPoint","urlTemplate":"https:\/\/unitgames.com.ar\/pc-gamer\/?s={search_term_string}"},"query-input":{"@type":"PropertyValueSpecification","valueRequired":true,"valueName":"search_term_string"}}],"inLanguage":"es"},{"@type":"Organization","@id":"https:\/\/unitgames.com.ar\/pc-gamer\/#organization","name":"UnitGames","url":"https:\/\/unitgames.com.ar\/pc-gamer\/","logo":{"@type":"ImageObject","inLanguage":"es","@id":"https:\/\/unitgames.com.ar\/pc-gamer\/#\/schema\/logo\/image\/","url":"https:\/\/unitgames.com.ar\/pc-gamer\/wp-content\/uploads\/2021\/01\/cropped-logoUnitGames2.png","contentUrl":"https:\/\/unitgames.com.ar\/pc-gamer\/wp-content\/uploads\/2021\/01\/cropped-logoUnitGames2.png","width":152,"height":200,"caption":"UnitGames"},"image":{"@id":"https:\/\/unitgames.com.ar\/pc-gamer\/#\/schema\/logo\/image\/"}}]}},"_links":{"self":[{"href":"https:\/\/unitgames.com.ar\/pc-gamer\/wp-json\/wp\/v2\/product\/15221","targetHints":{"allow":["GET"]}}],"collection":[{"href":"https:\/\/unitgames.com.ar\/pc-gamer\/wp-json\/wp\/v2\/product"}],"about":[{"href":"https:\/\/unitgames.com.ar\/pc-gamer\/wp-json\/wp\/v2\/types\/product"}],"version-history":[{"count":0,"href":"https:\/\/unitgames.com.ar\/pc-gamer\/wp-json\/wp\/v2\/product\/15221\/revisions"}],"wp:featuredmedia":[{"embeddable":true,"href":"https:\/\/unitgames.com.ar\/pc-gamer\/wp-json\/wp\/v2\/media\/15224"}],"wp:attachment":[{"href":"https:\/\/unitgames.com.ar\/pc-gamer\/wp-json\/wp\/v2\/media?parent=15221"}],"wp:term":[{"taxonomy":"product_brand","embeddable":true,"href":"https:\/\/unitgames.com.ar\/pc-gamer\/wp-json\/wp\/v2\/product_brand?post=15221"},{"taxonomy":"product_cat","embeddable":true,"href":"https:\/\/unitgames.com.ar\/pc-gamer\/wp-json\/wp\/v2\/product_cat?post=15221"},{"taxonomy":"product_tag","embeddable":true,"href":"https:\/\/unitgames.com.ar\/pc-gamer\/wp-json\/wp\/v2\/product_tag?post=15221"}],"curies":[{"name":"wp","href":"https:\/\/api.w.org\/{rel}","templated":true}]}}