{"id":15250,"date":"2025-05-31T19:10:57","date_gmt":"2025-05-31T22:10:57","guid":{"rendered":"https:\/\/unitgames.com.ar\/pc-gamer\/?post_type=product&#038;p=15250"},"modified":"2026-01-09T07:15:02","modified_gmt":"2026-01-09T10:15:02","slug":"monitor-msi-23-8-g244f-e2","status":"publish","type":"product","link":"https:\/\/unitgames.com.ar\/pc-gamer\/producto\/monitor-msi-23-8-g244f-e2\/","title":{"rendered":"Monitor MSI 23.8&#8243; G244F E2 180hz"},"content":{"rendered":"<h3 data-start=\"138\" data-end=\"167\">Monitor MSI 23.8&#8243; G244 E2<\/h3>\n<p>&nbsp;<\/p>\n<ul>\n<li data-start=\"171\" data-end=\"187\"><strong data-start=\"171\" data-end=\"181\">Marca:<\/strong> MSI<\/li>\n<li data-start=\"190\" data-end=\"211\"><strong data-start=\"190\" data-end=\"201\">Modelo:<\/strong> G244 E2<\/li>\n<li data-start=\"214\" data-end=\"245\"><strong data-start=\"214\" data-end=\"237\">Tama\u00f1o de pantalla:<\/strong> 23.8&#8243;<\/li>\n<li data-start=\"248\" data-end=\"281\"><strong data-start=\"248\" data-end=\"271\">Tipo de resoluci\u00f3n:<\/strong> Full HD<\/li>\n<li data-start=\"284\" data-end=\"331\"><strong data-start=\"284\" data-end=\"314\">Resoluci\u00f3n de la pantalla:<\/strong> 1920 x 1080 px<\/li>\n<li data-start=\"334\" data-end=\"358\"><strong data-start=\"334\" data-end=\"352\">Tipo de panel:<\/strong> IPS<\/li>\n<li data-start=\"361\" data-end=\"408\"><strong data-start=\"361\" data-end=\"392\">Tecnolog\u00edas de la pantalla:<\/strong> Adaptive-Sync<\/li>\n<li data-start=\"411\" data-end=\"447\"><strong data-start=\"411\" data-end=\"438\">Frecuencia de refresco:<\/strong> 180 Hz<\/li>\n<li data-start=\"450\" data-end=\"485\"><strong data-start=\"450\" data-end=\"478\">Tiempo de respuesta GTG:<\/strong> 1 ms<\/li>\n<li data-start=\"488\" data-end=\"540\"><strong data-start=\"488\" data-end=\"515\">Conexiones del monitor:<\/strong> 1 DisplayPort \/ 2 HDMI<\/li>\n<li data-start=\"543\" data-end=\"577\"><strong data-start=\"543\" data-end=\"572\">Curvatura de la pantalla:<\/strong> No<\/li>\n<li data-start=\"580\" data-end=\"635\"><strong data-start=\"580\" data-end=\"619\">Cantidad de colores de la pantalla:<\/strong> 16.7 millones<\/li>\n<li data-start=\"638\" data-end=\"669\"><strong data-start=\"638\" data-end=\"662\">Relaci\u00f3n de aspecto:<\/strong> 16:9<\/li>\n<li data-start=\"672\" data-end=\"695\"><strong data-start=\"672\" data-end=\"686\">Contraste:<\/strong> 1000:1<\/li>\n<li data-start=\"698\" data-end=\"737\"><strong data-start=\"698\" data-end=\"730\">\u00c1ngulo de visi\u00f3n horizontal:<\/strong> 178\u00b0<\/li>\n<li data-start=\"740\" data-end=\"777\"><strong data-start=\"740\" data-end=\"770\">\u00c1ngulo de visi\u00f3n vertical:<\/strong> 178\u00b0<\/li>\n<li data-start=\"780\" data-end=\"803\"><strong data-start=\"780\" data-end=\"791\">Brillo:<\/strong> 250 cd\/m\u00b2<\/li>\n<li data-start=\"806\" data-end=\"830\"><strong data-start=\"806\" data-end=\"825\">Es antireflejo:<\/strong> S\u00ed<\/li>\n<li data-start=\"833\" data-end=\"863\"><strong data-start=\"833\" data-end=\"858\">Conexion Auriculares:<\/strong> S\u00ed<\/li>\n<li data-start=\"866\" data-end=\"891\"><strong data-start=\"866\" data-end=\"886\">\u00bfEs reclinable?:<\/strong> S\u00ed<\/li>\n<li data-start=\"894\" data-end=\"921\"><strong data-start=\"894\" data-end=\"915\">Tipo de pantalla:<\/strong> LED<\/li>\n<\/ul>\n","protected":false},"excerpt":{"rendered":"<p>Monitor MSI 23.8&#8243; G244 E2 &nbsp; Marca: MSI Modelo: G244 E2 Tama\u00f1o de pantalla: 23.8&#8243; Tipo de resoluci\u00f3n: Full HD Resoluci\u00f3n de la pantalla: 1920 x 1080 px Tipo de panel: IPS Tecnolog\u00edas de la pantalla: Adaptive-Sync Frecuencia de refresco: 180 Hz Tiempo de respuesta GTG: 1 ms Conexiones del monitor: 1 DisplayPort \/ 2 HDMI Curvatura de la pantalla: No Cantidad de colores de la pantalla: 16.7 millones Relaci\u00f3n de aspecto: 16:9 Contraste: 1000:1 \u00c1ngulo de visi\u00f3n horizontal: 178\u00b0 \u00c1ngulo de visi\u00f3n vertical: 178\u00b0 Brillo: 250 cd\/m\u00b2 Es antireflejo: S\u00ed Conexion Auriculares: S\u00ed \u00bfEs reclinable?: S\u00ed Tipo de pantalla: LED<\/p>\n","protected":false},"featured_media":15254,"template":"","meta":{"site-sidebar-layout":"default","site-content-layout":"","ast-site-content-layout":"default","site-content-style":"default","site-sidebar-style":"default","ast-global-header-display":"","ast-banner-title-visibility":"","ast-main-header-display":"","ast-hfb-above-header-display":"","ast-hfb-below-header-display":"","ast-hfb-mobile-header-display":"","site-post-title":"","ast-breadcrumbs-content":"","ast-featured-img":"","footer-sml-layout":"","theme-transparent-header-meta":"default","adv-header-id-meta":"","stick-header-meta":"","header-above-stick-meta":"","header-main-stick-meta":"","header-below-stick-meta":"","astra-migrate-meta-layouts":"set","ast-page-background-enabled":"default","ast-page-background-meta":{"desktop":{"background-color":"var(--ast-global-color-5)","background-image":"","background-repeat":"repeat","background-position":"center center","background-size":"auto","background-attachment":"scroll","background-type":"","background-media":"","overlay-type":"","overlay-color":"","overlay-opacity":"","overlay-gradient":""},"tablet":{"background-color":"","background-image":"","background-repeat":"repeat","background-position":"center center","background-size":"auto","background-attachment":"scroll","background-type":"","background-media":"","overlay-type":"","overlay-color":"","overlay-opacity":"","overlay-gradient":""},"mobile":{"background-color":"","background-image":"","background-repeat":"repeat","background-position":"center center","background-size":"auto","background-attachment":"scroll","background-type":"","background-media":"","overlay-type":"","overlay-color":"","overlay-opacity":"","overlay-gradient":""}},"ast-content-background-meta":{"desktop":{"background-color":"var(--ast-global-color-4)","background-image":"","background-repeat":"repeat","background-position":"center center","background-size":"auto","background-attachment":"scroll","background-type":"","background-media":"","overlay-type":"","overlay-color":"","overlay-opacity":"","overlay-gradient":""},"tablet":{"background-color":"var(--ast-global-color-4)","background-image":"","background-repeat":"repeat","background-position":"center center","background-size":"auto","background-attachment":"scroll","background-type":"","background-media":"","overlay-type":"","overlay-color":"","overlay-opacity":"","overlay-gradient":""},"mobile":{"background-color":"var(--ast-global-color-4)","background-image":"","background-repeat":"repeat","background-position":"center center","background-size":"auto","background-attachment":"scroll","background-type":"","background-media":"","overlay-type":"","overlay-color":"","overlay-opacity":"","overlay-gradient":""}},"_joinchat":[]},"product_brand":[],"product_cat":[70],"product_tag":[],"class_list":{"0":"post-15250","1":"product","2":"type-product","3":"status-publish","4":"has-post-thumbnail","6":"product_cat-monitores","7":"desktop-align-center","8":"tablet-align-left","9":"mobile-align-left","11":"first","12":"outofstock","13":"shipping-taxable","14":"purchasable","15":"product-type-simple"},"yoast_head":"<!-- This site is optimized with the Yoast SEO plugin v27.3 - https:\/\/yoast.com\/product\/yoast-seo-wordpress\/ -->\n<title>Monitor MSI 23.8&quot; G244F E2 180hz - UnitGames<\/title>\n<meta name=\"robots\" content=\"index, follow, max-snippet:-1, max-image-preview:large, max-video-preview:-1\" \/>\n<link rel=\"canonical\" href=\"https:\/\/unitgames.com.ar\/pc-gamer\/producto\/monitor-msi-23-8-g244f-e2\/\" \/>\n<meta property=\"og:locale\" content=\"es_ES\" \/>\n<meta property=\"og:type\" content=\"article\" \/>\n<meta property=\"og:title\" content=\"Monitor MSI 23.8&quot; G244F E2 180hz - UnitGames\" \/>\n<meta property=\"og:description\" content=\"Monitor MSI 23.8&#8243; G244 E2 &nbsp; Marca: MSI Modelo: G244 E2 Tama\u00f1o de pantalla: 23.8&#8243; Tipo de resoluci\u00f3n: Full HD Resoluci\u00f3n de la pantalla: 1920 x 1080 px Tipo de panel: IPS Tecnolog\u00edas de la pantalla: Adaptive-Sync Frecuencia de refresco: 180 Hz Tiempo de respuesta GTG: 1 ms Conexiones del monitor: 1 DisplayPort \/ 2 HDMI Curvatura de la pantalla: No Cantidad de colores de la pantalla: 16.7 millones Relaci\u00f3n de aspecto: 16:9 Contraste: 1000:1 \u00c1ngulo de visi\u00f3n horizontal: 178\u00b0 \u00c1ngulo de visi\u00f3n vertical: 178\u00b0 Brillo: 250 cd\/m\u00b2 Es antireflejo: S\u00ed Conexion Auriculares: S\u00ed \u00bfEs reclinable?: S\u00ed Tipo de pantalla: LED\" \/>\n<meta property=\"og:url\" content=\"https:\/\/unitgames.com.ar\/pc-gamer\/producto\/monitor-msi-23-8-g244f-e2\/\" \/>\n<meta property=\"og:site_name\" content=\"UnitGames\" \/>\n<meta property=\"article:modified_time\" content=\"2026-01-09T10:15:02+00:00\" \/>\n<meta property=\"og:image\" content=\"https:\/\/unitgames.com.ar\/pc-gamer\/wp-content\/uploads\/2025\/05\/MSI-GAMING-MONITOR-G244F-E2.png\" \/>\n\t<meta property=\"og:image:width\" content=\"1282\" \/>\n\t<meta property=\"og:image:height\" content=\"1285\" \/>\n\t<meta property=\"og:image:type\" content=\"image\/png\" \/>\n<meta name=\"twitter:card\" content=\"summary_large_image\" \/>\n<meta name=\"twitter:label1\" content=\"Tiempo de lectura\" \/>\n\t<meta name=\"twitter:data1\" content=\"1 minuto\" \/>\n<script type=\"application\/ld+json\" class=\"yoast-schema-graph\">{\"@context\":\"https:\\\/\\\/schema.org\",\"@graph\":[{\"@type\":\"WebPage\",\"@id\":\"https:\\\/\\\/unitgames.com.ar\\\/pc-gamer\\\/producto\\\/monitor-msi-23-8-g244f-e2\\\/\",\"url\":\"https:\\\/\\\/unitgames.com.ar\\\/pc-gamer\\\/producto\\\/monitor-msi-23-8-g244f-e2\\\/\",\"name\":\"Monitor MSI 23.8\\\" G244F E2 180hz - UnitGames\",\"isPartOf\":{\"@id\":\"https:\\\/\\\/unitgames.com.ar\\\/pc-gamer\\\/#website\"},\"primaryImageOfPage\":{\"@id\":\"https:\\\/\\\/unitgames.com.ar\\\/pc-gamer\\\/producto\\\/monitor-msi-23-8-g244f-e2\\\/#primaryimage\"},\"image\":{\"@id\":\"https:\\\/\\\/unitgames.com.ar\\\/pc-gamer\\\/producto\\\/monitor-msi-23-8-g244f-e2\\\/#primaryimage\"},\"thumbnailUrl\":\"https:\\\/\\\/unitgames.com.ar\\\/pc-gamer\\\/wp-content\\\/uploads\\\/2025\\\/05\\\/MSI-GAMING-MONITOR-G244F-E2.png\",\"datePublished\":\"2025-05-31T22:10:57+00:00\",\"dateModified\":\"2026-01-09T10:15:02+00:00\",\"breadcrumb\":{\"@id\":\"https:\\\/\\\/unitgames.com.ar\\\/pc-gamer\\\/producto\\\/monitor-msi-23-8-g244f-e2\\\/#breadcrumb\"},\"inLanguage\":\"es\",\"potentialAction\":[{\"@type\":\"ReadAction\",\"target\":[\"https:\\\/\\\/unitgames.com.ar\\\/pc-gamer\\\/producto\\\/monitor-msi-23-8-g244f-e2\\\/\"]}]},{\"@type\":\"ImageObject\",\"inLanguage\":\"es\",\"@id\":\"https:\\\/\\\/unitgames.com.ar\\\/pc-gamer\\\/producto\\\/monitor-msi-23-8-g244f-e2\\\/#primaryimage\",\"url\":\"https:\\\/\\\/unitgames.com.ar\\\/pc-gamer\\\/wp-content\\\/uploads\\\/2025\\\/05\\\/MSI-GAMING-MONITOR-G244F-E2.png\",\"contentUrl\":\"https:\\\/\\\/unitgames.com.ar\\\/pc-gamer\\\/wp-content\\\/uploads\\\/2025\\\/05\\\/MSI-GAMING-MONITOR-G244F-E2.png\",\"width\":1282,\"height\":1285},{\"@type\":\"BreadcrumbList\",\"@id\":\"https:\\\/\\\/unitgames.com.ar\\\/pc-gamer\\\/producto\\\/monitor-msi-23-8-g244f-e2\\\/#breadcrumb\",\"itemListElement\":[{\"@type\":\"ListItem\",\"position\":1,\"name\":\"Tienda\",\"item\":\"https:\\\/\\\/unitgames.com.ar\\\/pc-gamer\\\/tienda\\\/\"},{\"@type\":\"ListItem\",\"position\":2,\"name\":\"Monitor MSI 23.8&#8243; G244F E2 180hz\"}]},{\"@type\":\"WebSite\",\"@id\":\"https:\\\/\\\/unitgames.com.ar\\\/pc-gamer\\\/#website\",\"url\":\"https:\\\/\\\/unitgames.com.ar\\\/pc-gamer\\\/\",\"name\":\"UnitGames\",\"description\":\"Venta de PC Gamers, Consolas , Servicio Tecnico Especializado. Todos en Accesorios Informaticos y Gamers\",\"publisher\":{\"@id\":\"https:\\\/\\\/unitgames.com.ar\\\/pc-gamer\\\/#organization\"},\"potentialAction\":[{\"@type\":\"SearchAction\",\"target\":{\"@type\":\"EntryPoint\",\"urlTemplate\":\"https:\\\/\\\/unitgames.com.ar\\\/pc-gamer\\\/?s={search_term_string}\"},\"query-input\":{\"@type\":\"PropertyValueSpecification\",\"valueRequired\":true,\"valueName\":\"search_term_string\"}}],\"inLanguage\":\"es\"},{\"@type\":\"Organization\",\"@id\":\"https:\\\/\\\/unitgames.com.ar\\\/pc-gamer\\\/#organization\",\"name\":\"UnitGames\",\"url\":\"https:\\\/\\\/unitgames.com.ar\\\/pc-gamer\\\/\",\"logo\":{\"@type\":\"ImageObject\",\"inLanguage\":\"es\",\"@id\":\"https:\\\/\\\/unitgames.com.ar\\\/pc-gamer\\\/#\\\/schema\\\/logo\\\/image\\\/\",\"url\":\"https:\\\/\\\/unitgames.com.ar\\\/pc-gamer\\\/wp-content\\\/uploads\\\/2021\\\/01\\\/cropped-logoUnitGames2.png\",\"contentUrl\":\"https:\\\/\\\/unitgames.com.ar\\\/pc-gamer\\\/wp-content\\\/uploads\\\/2021\\\/01\\\/cropped-logoUnitGames2.png\",\"width\":152,\"height\":200,\"caption\":\"UnitGames\"},\"image\":{\"@id\":\"https:\\\/\\\/unitgames.com.ar\\\/pc-gamer\\\/#\\\/schema\\\/logo\\\/image\\\/\"}}]}<\/script>\n<!-- \/ Yoast SEO plugin. -->","yoast_head_json":{"title":"Monitor MSI 23.8\" G244F E2 180hz - UnitGames","robots":{"index":"index","follow":"follow","max-snippet":"max-snippet:-1","max-image-preview":"max-image-preview:large","max-video-preview":"max-video-preview:-1"},"canonical":"https:\/\/unitgames.com.ar\/pc-gamer\/producto\/monitor-msi-23-8-g244f-e2\/","og_locale":"es_ES","og_type":"article","og_title":"Monitor MSI 23.8\" G244F E2 180hz - UnitGames","og_description":"Monitor MSI 23.8&#8243; G244 E2 &nbsp; Marca: MSI Modelo: G244 E2 Tama\u00f1o de pantalla: 23.8&#8243; Tipo de resoluci\u00f3n: Full HD Resoluci\u00f3n de la pantalla: 1920 x 1080 px Tipo de panel: IPS Tecnolog\u00edas de la pantalla: Adaptive-Sync Frecuencia de refresco: 180 Hz Tiempo de respuesta GTG: 1 ms Conexiones del monitor: 1 DisplayPort \/ 2 HDMI Curvatura de la pantalla: No Cantidad de colores de la pantalla: 16.7 millones Relaci\u00f3n de aspecto: 16:9 Contraste: 1000:1 \u00c1ngulo de visi\u00f3n horizontal: 178\u00b0 \u00c1ngulo de visi\u00f3n vertical: 178\u00b0 Brillo: 250 cd\/m\u00b2 Es antireflejo: S\u00ed Conexion Auriculares: S\u00ed \u00bfEs reclinable?: S\u00ed Tipo de pantalla: LED","og_url":"https:\/\/unitgames.com.ar\/pc-gamer\/producto\/monitor-msi-23-8-g244f-e2\/","og_site_name":"UnitGames","article_modified_time":"2026-01-09T10:15:02+00:00","og_image":[{"width":1282,"height":1285,"url":"https:\/\/unitgames.com.ar\/pc-gamer\/wp-content\/uploads\/2025\/05\/MSI-GAMING-MONITOR-G244F-E2.png","type":"image\/png"}],"twitter_card":"summary_large_image","twitter_misc":{"Tiempo de lectura":"1 minuto"},"schema":{"@context":"https:\/\/schema.org","@graph":[{"@type":"WebPage","@id":"https:\/\/unitgames.com.ar\/pc-gamer\/producto\/monitor-msi-23-8-g244f-e2\/","url":"https:\/\/unitgames.com.ar\/pc-gamer\/producto\/monitor-msi-23-8-g244f-e2\/","name":"Monitor MSI 23.8\" G244F E2 180hz - UnitGames","isPartOf":{"@id":"https:\/\/unitgames.com.ar\/pc-gamer\/#website"},"primaryImageOfPage":{"@id":"https:\/\/unitgames.com.ar\/pc-gamer\/producto\/monitor-msi-23-8-g244f-e2\/#primaryimage"},"image":{"@id":"https:\/\/unitgames.com.ar\/pc-gamer\/producto\/monitor-msi-23-8-g244f-e2\/#primaryimage"},"thumbnailUrl":"https:\/\/unitgames.com.ar\/pc-gamer\/wp-content\/uploads\/2025\/05\/MSI-GAMING-MONITOR-G244F-E2.png","datePublished":"2025-05-31T22:10:57+00:00","dateModified":"2026-01-09T10:15:02+00:00","breadcrumb":{"@id":"https:\/\/unitgames.com.ar\/pc-gamer\/producto\/monitor-msi-23-8-g244f-e2\/#breadcrumb"},"inLanguage":"es","potentialAction":[{"@type":"ReadAction","target":["https:\/\/unitgames.com.ar\/pc-gamer\/producto\/monitor-msi-23-8-g244f-e2\/"]}]},{"@type":"ImageObject","inLanguage":"es","@id":"https:\/\/unitgames.com.ar\/pc-gamer\/producto\/monitor-msi-23-8-g244f-e2\/#primaryimage","url":"https:\/\/unitgames.com.ar\/pc-gamer\/wp-content\/uploads\/2025\/05\/MSI-GAMING-MONITOR-G244F-E2.png","contentUrl":"https:\/\/unitgames.com.ar\/pc-gamer\/wp-content\/uploads\/2025\/05\/MSI-GAMING-MONITOR-G244F-E2.png","width":1282,"height":1285},{"@type":"BreadcrumbList","@id":"https:\/\/unitgames.com.ar\/pc-gamer\/producto\/monitor-msi-23-8-g244f-e2\/#breadcrumb","itemListElement":[{"@type":"ListItem","position":1,"name":"Tienda","item":"https:\/\/unitgames.com.ar\/pc-gamer\/tienda\/"},{"@type":"ListItem","position":2,"name":"Monitor MSI 23.8&#8243; G244F E2 180hz"}]},{"@type":"WebSite","@id":"https:\/\/unitgames.com.ar\/pc-gamer\/#website","url":"https:\/\/unitgames.com.ar\/pc-gamer\/","name":"UnitGames","description":"Venta de PC Gamers, Consolas , Servicio Tecnico Especializado. Todos en Accesorios Informaticos y Gamers","publisher":{"@id":"https:\/\/unitgames.com.ar\/pc-gamer\/#organization"},"potentialAction":[{"@type":"SearchAction","target":{"@type":"EntryPoint","urlTemplate":"https:\/\/unitgames.com.ar\/pc-gamer\/?s={search_term_string}"},"query-input":{"@type":"PropertyValueSpecification","valueRequired":true,"valueName":"search_term_string"}}],"inLanguage":"es"},{"@type":"Organization","@id":"https:\/\/unitgames.com.ar\/pc-gamer\/#organization","name":"UnitGames","url":"https:\/\/unitgames.com.ar\/pc-gamer\/","logo":{"@type":"ImageObject","inLanguage":"es","@id":"https:\/\/unitgames.com.ar\/pc-gamer\/#\/schema\/logo\/image\/","url":"https:\/\/unitgames.com.ar\/pc-gamer\/wp-content\/uploads\/2021\/01\/cropped-logoUnitGames2.png","contentUrl":"https:\/\/unitgames.com.ar\/pc-gamer\/wp-content\/uploads\/2021\/01\/cropped-logoUnitGames2.png","width":152,"height":200,"caption":"UnitGames"},"image":{"@id":"https:\/\/unitgames.com.ar\/pc-gamer\/#\/schema\/logo\/image\/"}}]}},"_links":{"self":[{"href":"https:\/\/unitgames.com.ar\/pc-gamer\/wp-json\/wp\/v2\/product\/15250","targetHints":{"allow":["GET"]}}],"collection":[{"href":"https:\/\/unitgames.com.ar\/pc-gamer\/wp-json\/wp\/v2\/product"}],"about":[{"href":"https:\/\/unitgames.com.ar\/pc-gamer\/wp-json\/wp\/v2\/types\/product"}],"version-history":[{"count":0,"href":"https:\/\/unitgames.com.ar\/pc-gamer\/wp-json\/wp\/v2\/product\/15250\/revisions"}],"wp:featuredmedia":[{"embeddable":true,"href":"https:\/\/unitgames.com.ar\/pc-gamer\/wp-json\/wp\/v2\/media\/15254"}],"wp:attachment":[{"href":"https:\/\/unitgames.com.ar\/pc-gamer\/wp-json\/wp\/v2\/media?parent=15250"}],"wp:term":[{"taxonomy":"product_brand","embeddable":true,"href":"https:\/\/unitgames.com.ar\/pc-gamer\/wp-json\/wp\/v2\/product_brand?post=15250"},{"taxonomy":"product_cat","embeddable":true,"href":"https:\/\/unitgames.com.ar\/pc-gamer\/wp-json\/wp\/v2\/product_cat?post=15250"},{"taxonomy":"product_tag","embeddable":true,"href":"https:\/\/unitgames.com.ar\/pc-gamer\/wp-json\/wp\/v2\/product_tag?post=15250"}],"curies":[{"name":"wp","href":"https:\/\/api.w.org\/{rel}","templated":true}]}}