{"id":15270,"date":"2025-05-31T19:31:13","date_gmt":"2025-05-31T22:31:13","guid":{"rendered":"https:\/\/unitgames.com.ar\/pc-gamer\/?post_type=product&#038;p=15270"},"modified":"2026-01-09T07:15:01","modified_gmt":"2026-01-09T10:15:01","slug":"cpu-cooler-thermaltake-astria-200-argb","status":"publish","type":"product","link":"https:\/\/unitgames.com.ar\/pc-gamer\/producto\/cpu-cooler-thermaltake-astria-200-argb\/","title":{"rendered":"CPU Cooler THERMALTAKE Astria 200 ARGB"},"content":{"rendered":"<h3 data-start=\"7\" data-end=\"80\"><strong data-start=\"14\" data-end=\"80\">Especificaciones T\u00e9cnicas<\/strong><\/h3>\n<h6><\/h6>\n<ul>\n<li data-start=\"137\" data-end=\"188\">Modelo: <span class=\"relative -mx-px my-[-0.2rem] rounded px-px py-[0.2rem] transition-colors duration-100 ease-in-out\">ASTRIA 200 ARGB<\/span><\/li>\n<li data-start=\"191\" data-end=\"257\">Tipo de refrigeraci\u00f3n: <span class=\"relative -mx-px my-[-0.2rem] rounded px-px py-[0.2rem] transition-colors duration-100 ease-in-out\">Aire (single tower)<\/span><\/li>\n<li data-start=\"260\" data-end=\"320\">TDP soportado: <span class=\"relative -mx-px my-[-0.2rem] rounded px-px py-[0.2rem] transition-colors duration-100 ease-in-out\">Hasta 210W<\/span><\/li>\n<li data-start=\"323\" data-end=\"380\">Ventilador: <span class=\"relative -mx-px my-[-0.2rem] rounded px-px py-[0.2rem] transition-colors duration-100 ease-in-out\">120 mm ARGB<\/span><\/li>\n<li data-start=\"383\" data-end=\"454\">Velocidad del ventilador: <span class=\"relative -mx-px my-[-0.2rem] rounded px-px py-[0.2rem] transition-colors duration-100 ease-in-out\">500 \u2013 1800 RPM (PWM)<\/span><\/li>\n<li data-start=\"457\" data-end=\"517\">Flujo de aire: <span class=\"relative -mx-px my-[-0.2rem] rounded px-px py-[0.2rem] transition-colors duration-100 ease-in-out\">65 CFM<\/span><\/li>\n<li data-start=\"520\" data-end=\"583\">Presi\u00f3n est\u00e1tica: <span class=\"relative -mx-px my-[-0.2rem] rounded px-px py-[0.2rem] transition-colors duration-100 ease-in-out\">2.56 mm-H\u2082O<\/span><\/li>\n<li data-start=\"586\" data-end=\"647\">Nivel de ruido: <span class=\"relative -mx-px my-[-0.2rem] rounded px-px py-[0.2rem] transition-colors duration-100 ease-in-out\">26.8 dBA<\/span><\/li>\n<li data-start=\"650\" data-end=\"706\">Heatpipes: <span class=\"relative -mx-px my-[-0.2rem] rounded px-px py-[0.2rem] transition-colors duration-100 ease-in-out\">4 tubos de cobre en forma de U de \u00d86 mm con contacto directo al CPU<\/span><\/li>\n<li data-start=\"709\" data-end=\"767\">Iluminaci\u00f3n: <span class=\"relative -mx-px my-[-0.2rem] rounded px-px py-[0.2rem] transition-colors duration-100 ease-in-out\">27 LEDs ARGB (18 en la tapa superior y 9 en el ventilador)<\/span><\/li>\n<li data-start=\"770\" data-end=\"827\">Conectores: <span class=\"relative -mx-px my-[-0.2rem] rounded px-px py-[0.2rem] transition-colors duration-100 ease-in-out\">PWM de 4 pines y ARGB de 3 pines (5V)<\/span><\/li>\n<li data-start=\"830\" data-end=\"862\">Compatibilidad de sockets:<\/li>\n<li data-start=\"867\" data-end=\"919\">Intel: <span class=\"relative -mx-px my-[-0.2rem] rounded px-px py-[0.2rem] transition-colors duration-100 ease-in-out\">LGA 115X, 1200, 1366, 1700, 1851<\/span><\/li>\n<li data-start=\"924\" data-end=\"974\">AMD: <span class=\"relative -mx-px my-[-0.2rem] rounded px-px py-[0.2rem] transition-colors duration-100 ease-in-out\">AM4, AM5<\/span><\/li>\n<li data-start=\"977\" data-end=\"1035\">Dimensiones: <span class=\"relative -mx-px my-[-0.2rem] rounded px-px py-[0.2rem] transition-colors duration-100 ease-in-out\">124 x 93 x 160 mm (Largo x Ancho x Alto)<\/span><\/li>\n<\/ul>\n<hr \/>\n<hr \/>\n<h3 data-start=\"1133\" data-end=\"1169\"><strong data-start=\"1139\" data-end=\"1169\">Caracter\u00edsticas Destacadas<\/strong><\/h3>\n<h3><\/h3>\n<ul>\n<li><strong data-start=\"1173\" data-end=\"1193\">Dise\u00f1o Est\u00e9tico:<\/strong> <span class=\"relative -mx-px my-[-0.2rem] rounded px-px py-[0.2rem] transition-colors duration-100 ease-in-out\">Tapa superior con efecto de iluminaci\u00f3n \u00abMeteor Shower\u00bb, ofreciendo un aspecto visual atractivo.<\/span><\/li>\n<li><strong data-start=\"1238\" data-end=\"1264\">Compatibilidad de RAM:<\/strong> <span class=\"relative -mx-px my-[-0.2rem] rounded px-px py-[0.2rem] transition-colors duration-100 ease-in-out\">Dise\u00f1o que permite una excelente compatibilidad con m\u00f3dulos de memoria RAM de gran tama\u00f1o.<\/span><\/li>\n<li><strong data-start=\"1309\" data-end=\"1336\">Control de Iluminaci\u00f3n:<\/strong> <span class=\"relative -mx-px my-[-0.2rem] rounded px-px py-[0.2rem] transition-colors duration-100 ease-in-out\">Compatible con software de sincronizaci\u00f3n de iluminaci\u00f3n de placas madre, permitiendo personalizar los efectos ARGB.<\/span><\/li>\n<li><strong data-start=\"1381\" data-end=\"1404\">Eficiencia T\u00e9rmica:<\/strong> <span class=\"relative -mx-px my-[-0.2rem] rounded px-px py-[0.2rem] transition-colors duration-100 ease-in-out\">Capacidad de disipaci\u00f3n de hasta 210W TDP, adecuada para CPUs de alto rendimiento.<\/span><\/li>\n<li><strong data-start=\"1393\" data-end=\"1414\">Alto Rendimiento:<\/strong> <span class=\"relative -mx-px my-[-0.2rem] rounded px-px py-[0.2rem] transition-colors duration-100 ease-in-out\">Capaz de disipar hasta 200W de TDP, adecuado para CPUs de gama media y alta.<\/span><\/li>\n<\/ul>\n","protected":false},"excerpt":{"rendered":"<p>Especificaciones T\u00e9cnicas Modelo: ASTRIA 200 ARGB Tipo de refrigeraci\u00f3n: Aire (single tower) TDP soportado: Hasta 210W Ventilador: 120 mm ARGB Velocidad del ventilador: 500 \u2013 1800 RPM (PWM) Flujo de aire: 65 CFM Presi\u00f3n est\u00e1tica: 2.56 mm-H\u2082O Nivel de ruido: 26.8 dBA Heatpipes: 4 tubos de cobre en forma de U de \u00d86 mm con contacto directo al CPU Iluminaci\u00f3n: 27 LEDs ARGB (18 en la tapa superior y 9 en el ventilador) Conectores: PWM de 4 pines y ARGB de 3 pines (5V) Compatibilidad de sockets: Intel: LGA 115X, 1200, 1366, 1700, 1851 AMD: AM4, AM5 Dimensiones: 124 x 93 x 160 mm (Largo x Ancho x Alto) Caracter\u00edsticas Destacadas Dise\u00f1o Est\u00e9tico: Tapa superior con efecto de iluminaci\u00f3n \u00abMeteor Shower\u00bb, ofreciendo un aspecto visual atractivo. Compatibilidad de RAM: Dise\u00f1o que permite una excelente compatibilidad con m\u00f3dulos de memoria RAM de gran tama\u00f1o. Control de Iluminaci\u00f3n: Compatible con software de sincronizaci\u00f3n de iluminaci\u00f3n de placas madre, permitiendo personalizar los efectos ARGB. Eficiencia T\u00e9rmica: Capacidad de disipaci\u00f3n de hasta 210W TDP, adecuada para CPUs de alto rendimiento. Alto Rendimiento: Capaz de disipar hasta 200W de TDP, adecuado para CPUs de gama media y alta.<\/p>\n","protected":false},"featured_media":15292,"template":"","meta":{"site-sidebar-layout":"default","site-content-layout":"","ast-site-content-layout":"default","site-content-style":"default","site-sidebar-style":"default","ast-global-header-display":"","ast-banner-title-visibility":"","ast-main-header-display":"","ast-hfb-above-header-display":"","ast-hfb-below-header-display":"","ast-hfb-mobile-header-display":"","site-post-title":"","ast-breadcrumbs-content":"","ast-featured-img":"","footer-sml-layout":"","theme-transparent-header-meta":"default","adv-header-id-meta":"","stick-header-meta":"","header-above-stick-meta":"","header-main-stick-meta":"","header-below-stick-meta":"","astra-migrate-meta-layouts":"set","ast-page-background-enabled":"default","ast-page-background-meta":{"desktop":{"background-color":"var(--ast-global-color-5)","background-image":"","background-repeat":"repeat","background-position":"center center","background-size":"auto","background-attachment":"scroll","background-type":"","background-media":"","overlay-type":"","overlay-color":"","overlay-opacity":"","overlay-gradient":""},"tablet":{"background-color":"","background-image":"","background-repeat":"repeat","background-position":"center center","background-size":"auto","background-attachment":"scroll","background-type":"","background-media":"","overlay-type":"","overlay-color":"","overlay-opacity":"","overlay-gradient":""},"mobile":{"background-color":"","background-image":"","background-repeat":"repeat","background-position":"center center","background-size":"auto","background-attachment":"scroll","background-type":"","background-media":"","overlay-type":"","overlay-color":"","overlay-opacity":"","overlay-gradient":""}},"ast-content-background-meta":{"desktop":{"background-color":"var(--ast-global-color-4)","background-image":"","background-repeat":"repeat","background-position":"center center","background-size":"auto","background-attachment":"scroll","background-type":"","background-media":"","overlay-type":"","overlay-color":"","overlay-opacity":"","overlay-gradient":""},"tablet":{"background-color":"var(--ast-global-color-4)","background-image":"","background-repeat":"repeat","background-position":"center center","background-size":"auto","background-attachment":"scroll","background-type":"","background-media":"","overlay-type":"","overlay-color":"","overlay-opacity":"","overlay-gradient":""},"mobile":{"background-color":"var(--ast-global-color-4)","background-image":"","background-repeat":"repeat","background-position":"center center","background-size":"auto","background-attachment":"scroll","background-type":"","background-media":"","overlay-type":"","overlay-color":"","overlay-opacity":"","overlay-gradient":""}},"_joinchat":[]},"product_brand":[],"product_cat":[100],"product_tag":[],"class_list":{"0":"post-15270","1":"product","2":"type-product","3":"status-publish","4":"has-post-thumbnail","6":"product_cat-cpu-coolers","7":"desktop-align-center","8":"tablet-align-left","9":"mobile-align-left","11":"first","12":"instock","13":"shipping-taxable","14":"purchasable","15":"product-type-simple"},"yoast_head":"<!-- This site is optimized with the Yoast SEO plugin v27.5 - https:\/\/yoast.com\/product\/yoast-seo-wordpress\/ -->\n<title>CPU Cooler THERMALTAKE Astria 200 ARGB - UnitGames<\/title>\n<meta name=\"robots\" content=\"index, follow, max-snippet:-1, max-image-preview:large, max-video-preview:-1\" \/>\n<link rel=\"canonical\" href=\"https:\/\/unitgames.com.ar\/pc-gamer\/producto\/cpu-cooler-thermaltake-astria-200-argb\/\" \/>\n<meta property=\"og:locale\" content=\"es_ES\" \/>\n<meta property=\"og:type\" content=\"article\" \/>\n<meta property=\"og:title\" content=\"CPU Cooler THERMALTAKE Astria 200 ARGB - UnitGames\" \/>\n<meta property=\"og:description\" content=\"Especificaciones T\u00e9cnicas Modelo: ASTRIA 200 ARGB Tipo de refrigeraci\u00f3n: Aire (single tower) TDP soportado: Hasta 210W Ventilador: 120 mm ARGB Velocidad del ventilador: 500 \u2013 1800 RPM (PWM) Flujo de aire: 65 CFM Presi\u00f3n est\u00e1tica: 2.56 mm-H\u2082O Nivel de ruido: 26.8 dBA Heatpipes: 4 tubos de cobre en forma de U de \u00d86 mm con contacto directo al CPU Iluminaci\u00f3n: 27 LEDs ARGB (18 en la tapa superior y 9 en el ventilador) Conectores: PWM de 4 pines y ARGB de 3 pines (5V) Compatibilidad de sockets: Intel: LGA 115X, 1200, 1366, 1700, 1851 AMD: AM4, AM5 Dimensiones: 124 x 93 x 160 mm (Largo x Ancho x Alto) Caracter\u00edsticas Destacadas Dise\u00f1o Est\u00e9tico: Tapa superior con efecto de iluminaci\u00f3n \u00abMeteor Shower\u00bb, ofreciendo un aspecto visual atractivo. Compatibilidad de RAM: Dise\u00f1o que permite una excelente compatibilidad con m\u00f3dulos de memoria RAM de gran tama\u00f1o. Control de Iluminaci\u00f3n: Compatible con software de sincronizaci\u00f3n de iluminaci\u00f3n de placas madre, permitiendo personalizar los efectos ARGB. Eficiencia T\u00e9rmica: Capacidad de disipaci\u00f3n de hasta 210W TDP, adecuada para CPUs de alto rendimiento. Alto Rendimiento: Capaz de disipar hasta 200W de TDP, adecuado para CPUs de gama media y alta.\" \/>\n<meta property=\"og:url\" content=\"https:\/\/unitgames.com.ar\/pc-gamer\/producto\/cpu-cooler-thermaltake-astria-200-argb\/\" \/>\n<meta property=\"og:site_name\" content=\"UnitGames\" \/>\n<meta property=\"article:modified_time\" content=\"2026-01-09T10:15:01+00:00\" \/>\n<meta property=\"og:image\" content=\"https:\/\/unitgames.com.ar\/pc-gamer\/wp-content\/uploads\/2025\/05\/CPU-Cooler-THERMALTAKE-Astria-200-ARGB.png\" \/>\n\t<meta property=\"og:image:width\" content=\"1263\" \/>\n\t<meta property=\"og:image:height\" content=\"1285\" \/>\n\t<meta property=\"og:image:type\" content=\"image\/png\" \/>\n<meta name=\"twitter:card\" content=\"summary_large_image\" \/>\n<meta name=\"twitter:label1\" content=\"Tiempo de lectura\" \/>\n\t<meta name=\"twitter:data1\" content=\"2 minutos\" \/>\n<script type=\"application\/ld+json\" class=\"yoast-schema-graph\">{\"@context\":\"https:\\\/\\\/schema.org\",\"@graph\":[{\"@type\":\"WebPage\",\"@id\":\"https:\\\/\\\/unitgames.com.ar\\\/pc-gamer\\\/producto\\\/cpu-cooler-thermaltake-astria-200-argb\\\/\",\"url\":\"https:\\\/\\\/unitgames.com.ar\\\/pc-gamer\\\/producto\\\/cpu-cooler-thermaltake-astria-200-argb\\\/\",\"name\":\"CPU Cooler THERMALTAKE Astria 200 ARGB - UnitGames\",\"isPartOf\":{\"@id\":\"https:\\\/\\\/unitgames.com.ar\\\/pc-gamer\\\/#website\"},\"primaryImageOfPage\":{\"@id\":\"https:\\\/\\\/unitgames.com.ar\\\/pc-gamer\\\/producto\\\/cpu-cooler-thermaltake-astria-200-argb\\\/#primaryimage\"},\"image\":{\"@id\":\"https:\\\/\\\/unitgames.com.ar\\\/pc-gamer\\\/producto\\\/cpu-cooler-thermaltake-astria-200-argb\\\/#primaryimage\"},\"thumbnailUrl\":\"https:\\\/\\\/unitgames.com.ar\\\/pc-gamer\\\/wp-content\\\/uploads\\\/2025\\\/05\\\/CPU-Cooler-THERMALTAKE-Astria-200-ARGB.png\",\"datePublished\":\"2025-05-31T22:31:13+00:00\",\"dateModified\":\"2026-01-09T10:15:01+00:00\",\"breadcrumb\":{\"@id\":\"https:\\\/\\\/unitgames.com.ar\\\/pc-gamer\\\/producto\\\/cpu-cooler-thermaltake-astria-200-argb\\\/#breadcrumb\"},\"inLanguage\":\"es\",\"potentialAction\":[{\"@type\":\"ReadAction\",\"target\":[\"https:\\\/\\\/unitgames.com.ar\\\/pc-gamer\\\/producto\\\/cpu-cooler-thermaltake-astria-200-argb\\\/\"]}]},{\"@type\":\"ImageObject\",\"inLanguage\":\"es\",\"@id\":\"https:\\\/\\\/unitgames.com.ar\\\/pc-gamer\\\/producto\\\/cpu-cooler-thermaltake-astria-200-argb\\\/#primaryimage\",\"url\":\"https:\\\/\\\/unitgames.com.ar\\\/pc-gamer\\\/wp-content\\\/uploads\\\/2025\\\/05\\\/CPU-Cooler-THERMALTAKE-Astria-200-ARGB.png\",\"contentUrl\":\"https:\\\/\\\/unitgames.com.ar\\\/pc-gamer\\\/wp-content\\\/uploads\\\/2025\\\/05\\\/CPU-Cooler-THERMALTAKE-Astria-200-ARGB.png\",\"width\":1263,\"height\":1285},{\"@type\":\"BreadcrumbList\",\"@id\":\"https:\\\/\\\/unitgames.com.ar\\\/pc-gamer\\\/producto\\\/cpu-cooler-thermaltake-astria-200-argb\\\/#breadcrumb\",\"itemListElement\":[{\"@type\":\"ListItem\",\"position\":1,\"name\":\"Tienda\",\"item\":\"https:\\\/\\\/unitgames.com.ar\\\/pc-gamer\\\/tienda\\\/\"},{\"@type\":\"ListItem\",\"position\":2,\"name\":\"CPU Cooler THERMALTAKE Astria 200 ARGB\"}]},{\"@type\":\"WebSite\",\"@id\":\"https:\\\/\\\/unitgames.com.ar\\\/pc-gamer\\\/#website\",\"url\":\"https:\\\/\\\/unitgames.com.ar\\\/pc-gamer\\\/\",\"name\":\"UnitGames\",\"description\":\"Venta de PC Gamers, Consolas , Servicio Tecnico Especializado. Todos en Accesorios Informaticos y Gamers\",\"publisher\":{\"@id\":\"https:\\\/\\\/unitgames.com.ar\\\/pc-gamer\\\/#organization\"},\"potentialAction\":[{\"@type\":\"SearchAction\",\"target\":{\"@type\":\"EntryPoint\",\"urlTemplate\":\"https:\\\/\\\/unitgames.com.ar\\\/pc-gamer\\\/?s={search_term_string}\"},\"query-input\":{\"@type\":\"PropertyValueSpecification\",\"valueRequired\":true,\"valueName\":\"search_term_string\"}}],\"inLanguage\":\"es\"},{\"@type\":\"Organization\",\"@id\":\"https:\\\/\\\/unitgames.com.ar\\\/pc-gamer\\\/#organization\",\"name\":\"UnitGames\",\"url\":\"https:\\\/\\\/unitgames.com.ar\\\/pc-gamer\\\/\",\"logo\":{\"@type\":\"ImageObject\",\"inLanguage\":\"es\",\"@id\":\"https:\\\/\\\/unitgames.com.ar\\\/pc-gamer\\\/#\\\/schema\\\/logo\\\/image\\\/\",\"url\":\"https:\\\/\\\/unitgames.com.ar\\\/pc-gamer\\\/wp-content\\\/uploads\\\/2021\\\/01\\\/cropped-logoUnitGames2.png\",\"contentUrl\":\"https:\\\/\\\/unitgames.com.ar\\\/pc-gamer\\\/wp-content\\\/uploads\\\/2021\\\/01\\\/cropped-logoUnitGames2.png\",\"width\":152,\"height\":200,\"caption\":\"UnitGames\"},\"image\":{\"@id\":\"https:\\\/\\\/unitgames.com.ar\\\/pc-gamer\\\/#\\\/schema\\\/logo\\\/image\\\/\"}}]}<\/script>\n<!-- \/ Yoast SEO plugin. -->","yoast_head_json":{"title":"CPU Cooler THERMALTAKE Astria 200 ARGB - UnitGames","robots":{"index":"index","follow":"follow","max-snippet":"max-snippet:-1","max-image-preview":"max-image-preview:large","max-video-preview":"max-video-preview:-1"},"canonical":"https:\/\/unitgames.com.ar\/pc-gamer\/producto\/cpu-cooler-thermaltake-astria-200-argb\/","og_locale":"es_ES","og_type":"article","og_title":"CPU Cooler THERMALTAKE Astria 200 ARGB - UnitGames","og_description":"Especificaciones T\u00e9cnicas Modelo: ASTRIA 200 ARGB Tipo de refrigeraci\u00f3n: Aire (single tower) TDP soportado: Hasta 210W Ventilador: 120 mm ARGB Velocidad del ventilador: 500 \u2013 1800 RPM (PWM) Flujo de aire: 65 CFM Presi\u00f3n est\u00e1tica: 2.56 mm-H\u2082O Nivel de ruido: 26.8 dBA Heatpipes: 4 tubos de cobre en forma de U de \u00d86 mm con contacto directo al CPU Iluminaci\u00f3n: 27 LEDs ARGB (18 en la tapa superior y 9 en el ventilador) Conectores: PWM de 4 pines y ARGB de 3 pines (5V) Compatibilidad de sockets: Intel: LGA 115X, 1200, 1366, 1700, 1851 AMD: AM4, AM5 Dimensiones: 124 x 93 x 160 mm (Largo x Ancho x Alto) Caracter\u00edsticas Destacadas Dise\u00f1o Est\u00e9tico: Tapa superior con efecto de iluminaci\u00f3n \u00abMeteor Shower\u00bb, ofreciendo un aspecto visual atractivo. Compatibilidad de RAM: Dise\u00f1o que permite una excelente compatibilidad con m\u00f3dulos de memoria RAM de gran tama\u00f1o. Control de Iluminaci\u00f3n: Compatible con software de sincronizaci\u00f3n de iluminaci\u00f3n de placas madre, permitiendo personalizar los efectos ARGB. Eficiencia T\u00e9rmica: Capacidad de disipaci\u00f3n de hasta 210W TDP, adecuada para CPUs de alto rendimiento. Alto Rendimiento: Capaz de disipar hasta 200W de TDP, adecuado para CPUs de gama media y alta.","og_url":"https:\/\/unitgames.com.ar\/pc-gamer\/producto\/cpu-cooler-thermaltake-astria-200-argb\/","og_site_name":"UnitGames","article_modified_time":"2026-01-09T10:15:01+00:00","og_image":[{"width":1263,"height":1285,"url":"https:\/\/unitgames.com.ar\/pc-gamer\/wp-content\/uploads\/2025\/05\/CPU-Cooler-THERMALTAKE-Astria-200-ARGB.png","type":"image\/png"}],"twitter_card":"summary_large_image","twitter_misc":{"Tiempo de lectura":"2 minutos"},"schema":{"@context":"https:\/\/schema.org","@graph":[{"@type":"WebPage","@id":"https:\/\/unitgames.com.ar\/pc-gamer\/producto\/cpu-cooler-thermaltake-astria-200-argb\/","url":"https:\/\/unitgames.com.ar\/pc-gamer\/producto\/cpu-cooler-thermaltake-astria-200-argb\/","name":"CPU Cooler THERMALTAKE Astria 200 ARGB - UnitGames","isPartOf":{"@id":"https:\/\/unitgames.com.ar\/pc-gamer\/#website"},"primaryImageOfPage":{"@id":"https:\/\/unitgames.com.ar\/pc-gamer\/producto\/cpu-cooler-thermaltake-astria-200-argb\/#primaryimage"},"image":{"@id":"https:\/\/unitgames.com.ar\/pc-gamer\/producto\/cpu-cooler-thermaltake-astria-200-argb\/#primaryimage"},"thumbnailUrl":"https:\/\/unitgames.com.ar\/pc-gamer\/wp-content\/uploads\/2025\/05\/CPU-Cooler-THERMALTAKE-Astria-200-ARGB.png","datePublished":"2025-05-31T22:31:13+00:00","dateModified":"2026-01-09T10:15:01+00:00","breadcrumb":{"@id":"https:\/\/unitgames.com.ar\/pc-gamer\/producto\/cpu-cooler-thermaltake-astria-200-argb\/#breadcrumb"},"inLanguage":"es","potentialAction":[{"@type":"ReadAction","target":["https:\/\/unitgames.com.ar\/pc-gamer\/producto\/cpu-cooler-thermaltake-astria-200-argb\/"]}]},{"@type":"ImageObject","inLanguage":"es","@id":"https:\/\/unitgames.com.ar\/pc-gamer\/producto\/cpu-cooler-thermaltake-astria-200-argb\/#primaryimage","url":"https:\/\/unitgames.com.ar\/pc-gamer\/wp-content\/uploads\/2025\/05\/CPU-Cooler-THERMALTAKE-Astria-200-ARGB.png","contentUrl":"https:\/\/unitgames.com.ar\/pc-gamer\/wp-content\/uploads\/2025\/05\/CPU-Cooler-THERMALTAKE-Astria-200-ARGB.png","width":1263,"height":1285},{"@type":"BreadcrumbList","@id":"https:\/\/unitgames.com.ar\/pc-gamer\/producto\/cpu-cooler-thermaltake-astria-200-argb\/#breadcrumb","itemListElement":[{"@type":"ListItem","position":1,"name":"Tienda","item":"https:\/\/unitgames.com.ar\/pc-gamer\/tienda\/"},{"@type":"ListItem","position":2,"name":"CPU Cooler THERMALTAKE Astria 200 ARGB"}]},{"@type":"WebSite","@id":"https:\/\/unitgames.com.ar\/pc-gamer\/#website","url":"https:\/\/unitgames.com.ar\/pc-gamer\/","name":"UnitGames","description":"Venta de PC Gamers, Consolas , Servicio Tecnico Especializado. Todos en Accesorios Informaticos y Gamers","publisher":{"@id":"https:\/\/unitgames.com.ar\/pc-gamer\/#organization"},"potentialAction":[{"@type":"SearchAction","target":{"@type":"EntryPoint","urlTemplate":"https:\/\/unitgames.com.ar\/pc-gamer\/?s={search_term_string}"},"query-input":{"@type":"PropertyValueSpecification","valueRequired":true,"valueName":"search_term_string"}}],"inLanguage":"es"},{"@type":"Organization","@id":"https:\/\/unitgames.com.ar\/pc-gamer\/#organization","name":"UnitGames","url":"https:\/\/unitgames.com.ar\/pc-gamer\/","logo":{"@type":"ImageObject","inLanguage":"es","@id":"https:\/\/unitgames.com.ar\/pc-gamer\/#\/schema\/logo\/image\/","url":"https:\/\/unitgames.com.ar\/pc-gamer\/wp-content\/uploads\/2021\/01\/cropped-logoUnitGames2.png","contentUrl":"https:\/\/unitgames.com.ar\/pc-gamer\/wp-content\/uploads\/2021\/01\/cropped-logoUnitGames2.png","width":152,"height":200,"caption":"UnitGames"},"image":{"@id":"https:\/\/unitgames.com.ar\/pc-gamer\/#\/schema\/logo\/image\/"}}]}},"_links":{"self":[{"href":"https:\/\/unitgames.com.ar\/pc-gamer\/wp-json\/wp\/v2\/product\/15270","targetHints":{"allow":["GET"]}}],"collection":[{"href":"https:\/\/unitgames.com.ar\/pc-gamer\/wp-json\/wp\/v2\/product"}],"about":[{"href":"https:\/\/unitgames.com.ar\/pc-gamer\/wp-json\/wp\/v2\/types\/product"}],"version-history":[{"count":0,"href":"https:\/\/unitgames.com.ar\/pc-gamer\/wp-json\/wp\/v2\/product\/15270\/revisions"}],"wp:featuredmedia":[{"embeddable":true,"href":"https:\/\/unitgames.com.ar\/pc-gamer\/wp-json\/wp\/v2\/media\/15292"}],"wp:attachment":[{"href":"https:\/\/unitgames.com.ar\/pc-gamer\/wp-json\/wp\/v2\/media?parent=15270"}],"wp:term":[{"taxonomy":"product_brand","embeddable":true,"href":"https:\/\/unitgames.com.ar\/pc-gamer\/wp-json\/wp\/v2\/product_brand?post=15270"},{"taxonomy":"product_cat","embeddable":true,"href":"https:\/\/unitgames.com.ar\/pc-gamer\/wp-json\/wp\/v2\/product_cat?post=15270"},{"taxonomy":"product_tag","embeddable":true,"href":"https:\/\/unitgames.com.ar\/pc-gamer\/wp-json\/wp\/v2\/product_tag?post=15270"}],"curies":[{"name":"wp","href":"https:\/\/api.w.org\/{rel}","templated":true}]}}