{"id":15288,"date":"2025-06-01T09:37:46","date_gmt":"2025-06-01T12:37:46","guid":{"rendered":"https:\/\/unitgames.com.ar\/pc-gamer\/?post_type=product&#038;p=15288"},"modified":"2026-01-09T07:15:01","modified_gmt":"2026-01-09T10:15:01","slug":"fuente-thermaltake-smart-d2d-700w-80-plus-white","status":"publish","type":"product","link":"https:\/\/unitgames.com.ar\/pc-gamer\/producto\/fuente-thermaltake-smart-d2d-700w-80-plus-white\/","title":{"rendered":"Fuente THERMALTAKE SMART D2D 700W 80 Plus White"},"content":{"rendered":"<h3 data-start=\"7\" data-end=\"43\"><span style=\"color: #000000;\"><strong data-start=\"14\" data-end=\"43\">Especificaciones T\u00e9cnicas<\/strong><\/span><\/h3>\n<p>&nbsp;<\/p>\n<ul>\n<li data-start=\"47\" data-end=\"97\"><span style=\"color: #000000;\"><strong data-start=\"47\" data-end=\"57\">Marca:<\/strong> <span class=\"relative -mx-px my-[-0.2rem] rounded px-px py-[0.2rem] transition-colors duration-100 ease-in-out\">Thermaltake<\/span><\/span><\/li>\n<li data-start=\"100\" data-end=\"151\"><span style=\"color: #000000;\"><strong data-start=\"100\" data-end=\"111\">Modelo:<\/strong> <span class=\"relative -mx-px my-[-0.2rem] rounded px-px py-[0.2rem] transition-colors duration-100 ease-in-out\">Smart 700W<\/span><\/span><\/li>\n<li data-start=\"154\" data-end=\"183\"><span style=\"color: #000000;\"><strong data-start=\"154\" data-end=\"176\">Potencia continua:<\/strong> 700W<\/span><\/li>\n<li data-start=\"186\" data-end=\"286\"><span style=\"color: #000000;\"><strong data-start=\"186\" data-end=\"204\">Certificaci\u00f3n:<\/strong> <span class=\"relative -mx-px my-[-0.2rem] rounded px-px py-[0.2rem] transition-colors duration-100 ease-in-out\">80 PLUS White (eficiencia entre 80% y 87%)<\/span><\/span><\/li>\n<li data-start=\"289\" data-end=\"340\"><span style=\"color: #000000;\"><strong data-start=\"289\" data-end=\"298\">Tipo:<\/strong> <span class=\"relative -mx-px my-[-0.2rem] rounded px-px py-[0.2rem] transition-colors duration-100 ease-in-out\">No modular<\/span><\/span><\/li>\n<li data-start=\"343\" data-end=\"400\"><span style=\"color: #000000;\"><strong data-start=\"343\" data-end=\"358\">Ventilador:<\/strong> <span class=\"relative -mx-px my-[-0.2rem] rounded px-px py-[0.2rem] transition-colors duration-100 ease-in-out\">120 mm ultra silencioso<\/span><\/span><\/li>\n<li data-start=\"403\" data-end=\"453\"><span style=\"color: #000000;\"><strong data-start=\"403\" data-end=\"411\">PFC:<\/strong> <span class=\"relative -mx-px my-[-0.2rem] rounded px-px py-[0.2rem] transition-colors duration-100 ease-in-out\">Activo<\/span><\/span><\/li>\n<li data-start=\"456\" data-end=\"507\"><span style=\"color: #000000;\"><strong data-start=\"456\" data-end=\"465\">MTBF: <\/strong><\/span><span style=\"color: #000000;\">100,000 horas<\/span><\/li>\n<li data-start=\"510\" data-end=\"568\"><span style=\"color: #000000;\"><strong data-start=\"510\" data-end=\"526\">Dimensiones:<\/strong> <span class=\"relative -mx-px my-[-0.2rem] rounded px-px py-[0.2rem] transition-colors duration-100 ease-in-out\">150 x 86 x 140 mm<\/span><\/span><\/li>\n<li data-start=\"571\" data-end=\"588\"><span style=\"color: #000000;\"><strong data-start=\"571\" data-end=\"586\">Conectores:<\/strong><\/span><\/li>\n<li data-start=\"593\" data-end=\"634\"><span class=\"relative -mx-px my-[-0.2rem] rounded px-px py-[0.2rem] transition-colors duration-100 ease-in-out\" style=\"color: #000000;\">1 x 24 pines (placa madre)<\/span><\/li>\n<li data-start=\"639\" data-end=\"680\"><span class=\"relative -mx-px my-[-0.2rem] rounded px-px py-[0.2rem] transition-colors duration-100 ease-in-out\" style=\"color: #000000;\">1 x 4+4 pines (CPU)<\/span><\/li>\n<li data-start=\"685\" data-end=\"726\"><span class=\"relative -mx-px my-[-0.2rem] rounded px-px py-[0.2rem] transition-colors duration-100 ease-in-out\" style=\"color: #000000;\">2 x PCIe 6+2 pines<\/span><\/li>\n<li data-start=\"731\" data-end=\"772\"><span class=\"relative -mx-px my-[-0.2rem] rounded px-px py-[0.2rem] transition-colors duration-100 ease-in-out\" style=\"color: #000000;\">6 x SATA<\/span><\/li>\n<li data-start=\"777\" data-end=\"818\"><span class=\"relative -mx-px my-[-0.2rem] rounded px-px py-[0.2rem] transition-colors duration-100 ease-in-out\" style=\"color: #000000;\">5 x Molex<\/span><\/li>\n<li data-start=\"823\" data-end=\"901\"><span style=\"color: #000000;\"><span class=\"relative -mx-px my-[-0.2rem] rounded px-px py-[0.2rem] transition-colors duration-100 ease-in-out\">1 x Floppy<\/span><\/span><\/li>\n<\/ul>\n<hr data-start=\"903\" data-end=\"906\" \/>\n<h3 data-start=\"908\" data-end=\"944\"><span style=\"color: #000000;\"><strong data-start=\"914\" data-end=\"944\">Caracter\u00edsticas Destacadas<\/strong><\/span><\/h3>\n<p>&nbsp;<\/p>\n<ul>\n<li data-start=\"948\" data-end=\"1056\"><span style=\"color: #000000;\"><strong data-start=\"948\" data-end=\"974\">Eficiencia energ\u00e9tica:<\/strong> <span class=\"relative -mx-px my-[-0.2rem] rounded px-px py-[0.2rem] transition-colors duration-100 ease-in-out\">La certificaci\u00f3n 80 PLUS White garantiza una eficiencia de hasta el 87%, lo que contribuye a un menor consumo el\u00e9ctrico y generaci\u00f3n de calor.<\/span><\/span><\/li>\n<li data-start=\"1059\" data-end=\"1130\"><span style=\"color: #000000;\"><strong data-start=\"1059\" data-end=\"1088\">Refrigeraci\u00f3n silenciosa:<\/strong> <span class=\"relative -mx-px my-[-0.2rem] rounded px-px py-[0.2rem] transition-colors duration-100 ease-in-out\">El ventilador de 120 mm ofrece un funcionamiento silencioso y eficiente.<\/span><\/span><\/li>\n<li data-start=\"1133\" data-end=\"1202\"><span style=\"color: #000000;\"><strong data-start=\"1133\" data-end=\"1160\">Estabilidad de voltaje:<\/strong> <span class=\"relative -mx-px my-[-0.2rem] rounded px-px py-[0.2rem] transition-colors duration-100 ease-in-out\">Dise\u00f1o de riel \u00fanico de +12V que proporciona una salida de voltaje estable, ideal para sistemas con tarjetas gr\u00e1ficas de alto rendimiento.<\/span><\/span><\/li>\n<li data-start=\"1205\" data-end=\"1266\"><span style=\"color: #000000;\"><strong data-start=\"1205\" data-end=\"1224\">Compatibilidad:<\/strong> <span class=\"relative -mx-px my-[-0.2rem] rounded px-px py-[0.2rem] transition-colors duration-100 ease-in-out\">Compatible con configuraciones de m\u00faltiples GPUs gracias a sus 2 conectores PCIe 6+2 pines.<\/span><\/span><\/li>\n<li data-start=\"1269\" data-end=\"1362\"><span style=\"color: #000000;\"><strong data-start=\"1269\" data-end=\"1283\">Seguridad:<\/strong> <span class=\"relative -mx-px my-[-0.2rem] rounded px-px py-[0.2rem] transition-colors duration-100 ease-in-out\">Incluye protecciones contra sobrevoltaje, sobrecarga, cortocircuito y m\u00e1s, asegurando la protecci\u00f3n de tus componentes<\/span><\/span><\/li>\n<\/ul>\n","protected":false},"excerpt":{"rendered":"<p>Especificaciones T\u00e9cnicas &nbsp; Marca: Thermaltake Modelo: Smart 700W Potencia continua: 700W Certificaci\u00f3n: 80 PLUS White (eficiencia entre 80% y 87%) Tipo: No modular Ventilador: 120 mm ultra silencioso PFC: Activo MTBF: 100,000 horas Dimensiones: 150 x 86 x 140 mm Conectores: 1 x 24 pines (placa madre) 1 x 4+4 pines (CPU) 2 x PCIe 6+2 pines 6 x SATA 5 x Molex 1 x Floppy Caracter\u00edsticas Destacadas &nbsp; Eficiencia energ\u00e9tica: La certificaci\u00f3n 80 PLUS White garantiza una eficiencia de hasta el 87%, lo que contribuye a un menor consumo el\u00e9ctrico y generaci\u00f3n de calor. Refrigeraci\u00f3n silenciosa: El ventilador de 120 mm ofrece un funcionamiento silencioso y eficiente. Estabilidad de voltaje: Dise\u00f1o de riel \u00fanico de +12V que proporciona una salida de voltaje estable, ideal para sistemas con tarjetas gr\u00e1ficas de alto rendimiento. Compatibilidad: Compatible con configuraciones de m\u00faltiples GPUs gracias a sus 2 conectores PCIe 6+2 pines. Seguridad: Incluye protecciones contra sobrevoltaje, sobrecarga, cortocircuito y m\u00e1s, asegurando la protecci\u00f3n de tus componentes<\/p>\n","protected":false},"featured_media":11732,"template":"","meta":{"site-sidebar-layout":"default","site-content-layout":"","ast-site-content-layout":"default","site-content-style":"default","site-sidebar-style":"default","ast-global-header-display":"","ast-banner-title-visibility":"","ast-main-header-display":"","ast-hfb-above-header-display":"","ast-hfb-below-header-display":"","ast-hfb-mobile-header-display":"","site-post-title":"","ast-breadcrumbs-content":"","ast-featured-img":"","footer-sml-layout":"","theme-transparent-header-meta":"default","adv-header-id-meta":"","stick-header-meta":"","header-above-stick-meta":"","header-main-stick-meta":"","header-below-stick-meta":"","astra-migrate-meta-layouts":"set","ast-page-background-enabled":"default","ast-page-background-meta":{"desktop":{"background-color":"var(--ast-global-color-5)","background-image":"","background-repeat":"repeat","background-position":"center center","background-size":"auto","background-attachment":"scroll","background-type":"","background-media":"","overlay-type":"","overlay-color":"","overlay-opacity":"","overlay-gradient":""},"tablet":{"background-color":"","background-image":"","background-repeat":"repeat","background-position":"center center","background-size":"auto","background-attachment":"scroll","background-type":"","background-media":"","overlay-type":"","overlay-color":"","overlay-opacity":"","overlay-gradient":""},"mobile":{"background-color":"","background-image":"","background-repeat":"repeat","background-position":"center center","background-size":"auto","background-attachment":"scroll","background-type":"","background-media":"","overlay-type":"","overlay-color":"","overlay-opacity":"","overlay-gradient":""}},"ast-content-background-meta":{"desktop":{"background-color":"var(--ast-global-color-4)","background-image":"","background-repeat":"repeat","background-position":"center center","background-size":"auto","background-attachment":"scroll","background-type":"","background-media":"","overlay-type":"","overlay-color":"","overlay-opacity":"","overlay-gradient":""},"tablet":{"background-color":"var(--ast-global-color-4)","background-image":"","background-repeat":"repeat","background-position":"center center","background-size":"auto","background-attachment":"scroll","background-type":"","background-media":"","overlay-type":"","overlay-color":"","overlay-opacity":"","overlay-gradient":""},"mobile":{"background-color":"var(--ast-global-color-4)","background-image":"","background-repeat":"repeat","background-position":"center center","background-size":"auto","background-attachment":"scroll","background-type":"","background-media":"","overlay-type":"","overlay-color":"","overlay-opacity":"","overlay-gradient":""}},"_joinchat":[]},"product_brand":[],"product_cat":[65],"product_tag":[],"class_list":{"0":"post-15288","1":"product","2":"type-product","3":"status-publish","4":"has-post-thumbnail","6":"product_cat-fuentes","7":"desktop-align-center","8":"tablet-align-left","9":"mobile-align-left","11":"first","12":"instock","13":"shipping-taxable","14":"purchasable","15":"product-type-simple"},"yoast_head":"<!-- This site is optimized with the Yoast SEO plugin v27.5 - https:\/\/yoast.com\/product\/yoast-seo-wordpress\/ -->\n<title>Fuente THERMALTAKE SMART D2D 700W 80 Plus White - UnitGames<\/title>\n<meta name=\"robots\" content=\"index, follow, max-snippet:-1, max-image-preview:large, max-video-preview:-1\" \/>\n<link rel=\"canonical\" href=\"https:\/\/unitgames.com.ar\/pc-gamer\/producto\/fuente-thermaltake-smart-d2d-700w-80-plus-white\/\" \/>\n<meta property=\"og:locale\" content=\"es_ES\" \/>\n<meta property=\"og:type\" content=\"article\" \/>\n<meta property=\"og:title\" content=\"Fuente THERMALTAKE SMART D2D 700W 80 Plus White - UnitGames\" \/>\n<meta property=\"og:description\" content=\"Especificaciones T\u00e9cnicas &nbsp; Marca: Thermaltake Modelo: Smart 700W Potencia continua: 700W Certificaci\u00f3n: 80 PLUS White (eficiencia entre 80% y 87%) Tipo: No modular Ventilador: 120 mm ultra silencioso PFC: Activo MTBF: 100,000 horas Dimensiones: 150 x 86 x 140 mm Conectores: 1 x 24 pines (placa madre) 1 x 4+4 pines (CPU) 2 x PCIe 6+2 pines 6 x SATA 5 x Molex 1 x Floppy Caracter\u00edsticas Destacadas &nbsp; Eficiencia energ\u00e9tica: La certificaci\u00f3n 80 PLUS White garantiza una eficiencia de hasta el 87%, lo que contribuye a un menor consumo el\u00e9ctrico y generaci\u00f3n de calor. Refrigeraci\u00f3n silenciosa: El ventilador de 120 mm ofrece un funcionamiento silencioso y eficiente. Estabilidad de voltaje: Dise\u00f1o de riel \u00fanico de +12V que proporciona una salida de voltaje estable, ideal para sistemas con tarjetas gr\u00e1ficas de alto rendimiento. Compatibilidad: Compatible con configuraciones de m\u00faltiples GPUs gracias a sus 2 conectores PCIe 6+2 pines. Seguridad: Incluye protecciones contra sobrevoltaje, sobrecarga, cortocircuito y m\u00e1s, asegurando la protecci\u00f3n de tus componentes\" \/>\n<meta property=\"og:url\" content=\"https:\/\/unitgames.com.ar\/pc-gamer\/producto\/fuente-thermaltake-smart-d2d-700w-80-plus-white\/\" \/>\n<meta property=\"og:site_name\" content=\"UnitGames\" \/>\n<meta property=\"article:modified_time\" content=\"2026-01-09T10:15:01+00:00\" \/>\n<meta property=\"og:image\" content=\"https:\/\/unitgames.com.ar\/pc-gamer\/wp-content\/uploads\/2024\/11\/Fuente-THERMALTAKE-LITEPOWER-550W.png\" \/>\n\t<meta property=\"og:image:width\" content=\"1283\" \/>\n\t<meta property=\"og:image:height\" content=\"1284\" \/>\n\t<meta property=\"og:image:type\" content=\"image\/png\" \/>\n<meta name=\"twitter:card\" content=\"summary_large_image\" \/>\n<meta name=\"twitter:label1\" content=\"Tiempo de lectura\" \/>\n\t<meta name=\"twitter:data1\" content=\"1 minuto\" \/>\n<script type=\"application\/ld+json\" class=\"yoast-schema-graph\">{\"@context\":\"https:\\\/\\\/schema.org\",\"@graph\":[{\"@type\":\"WebPage\",\"@id\":\"https:\\\/\\\/unitgames.com.ar\\\/pc-gamer\\\/producto\\\/fuente-thermaltake-smart-d2d-700w-80-plus-white\\\/\",\"url\":\"https:\\\/\\\/unitgames.com.ar\\\/pc-gamer\\\/producto\\\/fuente-thermaltake-smart-d2d-700w-80-plus-white\\\/\",\"name\":\"Fuente THERMALTAKE SMART D2D 700W 80 Plus White - UnitGames\",\"isPartOf\":{\"@id\":\"https:\\\/\\\/unitgames.com.ar\\\/pc-gamer\\\/#website\"},\"primaryImageOfPage\":{\"@id\":\"https:\\\/\\\/unitgames.com.ar\\\/pc-gamer\\\/producto\\\/fuente-thermaltake-smart-d2d-700w-80-plus-white\\\/#primaryimage\"},\"image\":{\"@id\":\"https:\\\/\\\/unitgames.com.ar\\\/pc-gamer\\\/producto\\\/fuente-thermaltake-smart-d2d-700w-80-plus-white\\\/#primaryimage\"},\"thumbnailUrl\":\"https:\\\/\\\/unitgames.com.ar\\\/pc-gamer\\\/wp-content\\\/uploads\\\/2024\\\/11\\\/Fuente-THERMALTAKE-LITEPOWER-550W.png\",\"datePublished\":\"2025-06-01T12:37:46+00:00\",\"dateModified\":\"2026-01-09T10:15:01+00:00\",\"breadcrumb\":{\"@id\":\"https:\\\/\\\/unitgames.com.ar\\\/pc-gamer\\\/producto\\\/fuente-thermaltake-smart-d2d-700w-80-plus-white\\\/#breadcrumb\"},\"inLanguage\":\"es\",\"potentialAction\":[{\"@type\":\"ReadAction\",\"target\":[\"https:\\\/\\\/unitgames.com.ar\\\/pc-gamer\\\/producto\\\/fuente-thermaltake-smart-d2d-700w-80-plus-white\\\/\"]}]},{\"@type\":\"ImageObject\",\"inLanguage\":\"es\",\"@id\":\"https:\\\/\\\/unitgames.com.ar\\\/pc-gamer\\\/producto\\\/fuente-thermaltake-smart-d2d-700w-80-plus-white\\\/#primaryimage\",\"url\":\"https:\\\/\\\/unitgames.com.ar\\\/pc-gamer\\\/wp-content\\\/uploads\\\/2024\\\/11\\\/Fuente-THERMALTAKE-LITEPOWER-550W.png\",\"contentUrl\":\"https:\\\/\\\/unitgames.com.ar\\\/pc-gamer\\\/wp-content\\\/uploads\\\/2024\\\/11\\\/Fuente-THERMALTAKE-LITEPOWER-550W.png\",\"width\":1283,\"height\":1284},{\"@type\":\"BreadcrumbList\",\"@id\":\"https:\\\/\\\/unitgames.com.ar\\\/pc-gamer\\\/producto\\\/fuente-thermaltake-smart-d2d-700w-80-plus-white\\\/#breadcrumb\",\"itemListElement\":[{\"@type\":\"ListItem\",\"position\":1,\"name\":\"Tienda\",\"item\":\"https:\\\/\\\/unitgames.com.ar\\\/pc-gamer\\\/tienda\\\/\"},{\"@type\":\"ListItem\",\"position\":2,\"name\":\"Fuente THERMALTAKE SMART D2D 700W 80 Plus White\"}]},{\"@type\":\"WebSite\",\"@id\":\"https:\\\/\\\/unitgames.com.ar\\\/pc-gamer\\\/#website\",\"url\":\"https:\\\/\\\/unitgames.com.ar\\\/pc-gamer\\\/\",\"name\":\"UnitGames\",\"description\":\"Venta de PC Gamers, Consolas , Servicio Tecnico Especializado. Todos en Accesorios Informaticos y Gamers\",\"publisher\":{\"@id\":\"https:\\\/\\\/unitgames.com.ar\\\/pc-gamer\\\/#organization\"},\"potentialAction\":[{\"@type\":\"SearchAction\",\"target\":{\"@type\":\"EntryPoint\",\"urlTemplate\":\"https:\\\/\\\/unitgames.com.ar\\\/pc-gamer\\\/?s={search_term_string}\"},\"query-input\":{\"@type\":\"PropertyValueSpecification\",\"valueRequired\":true,\"valueName\":\"search_term_string\"}}],\"inLanguage\":\"es\"},{\"@type\":\"Organization\",\"@id\":\"https:\\\/\\\/unitgames.com.ar\\\/pc-gamer\\\/#organization\",\"name\":\"UnitGames\",\"url\":\"https:\\\/\\\/unitgames.com.ar\\\/pc-gamer\\\/\",\"logo\":{\"@type\":\"ImageObject\",\"inLanguage\":\"es\",\"@id\":\"https:\\\/\\\/unitgames.com.ar\\\/pc-gamer\\\/#\\\/schema\\\/logo\\\/image\\\/\",\"url\":\"https:\\\/\\\/unitgames.com.ar\\\/pc-gamer\\\/wp-content\\\/uploads\\\/2021\\\/01\\\/cropped-logoUnitGames2.png\",\"contentUrl\":\"https:\\\/\\\/unitgames.com.ar\\\/pc-gamer\\\/wp-content\\\/uploads\\\/2021\\\/01\\\/cropped-logoUnitGames2.png\",\"width\":152,\"height\":200,\"caption\":\"UnitGames\"},\"image\":{\"@id\":\"https:\\\/\\\/unitgames.com.ar\\\/pc-gamer\\\/#\\\/schema\\\/logo\\\/image\\\/\"}}]}<\/script>\n<!-- \/ Yoast SEO plugin. -->","yoast_head_json":{"title":"Fuente THERMALTAKE SMART D2D 700W 80 Plus White - UnitGames","robots":{"index":"index","follow":"follow","max-snippet":"max-snippet:-1","max-image-preview":"max-image-preview:large","max-video-preview":"max-video-preview:-1"},"canonical":"https:\/\/unitgames.com.ar\/pc-gamer\/producto\/fuente-thermaltake-smart-d2d-700w-80-plus-white\/","og_locale":"es_ES","og_type":"article","og_title":"Fuente THERMALTAKE SMART D2D 700W 80 Plus White - UnitGames","og_description":"Especificaciones T\u00e9cnicas &nbsp; Marca: Thermaltake Modelo: Smart 700W Potencia continua: 700W Certificaci\u00f3n: 80 PLUS White (eficiencia entre 80% y 87%) Tipo: No modular Ventilador: 120 mm ultra silencioso PFC: Activo MTBF: 100,000 horas Dimensiones: 150 x 86 x 140 mm Conectores: 1 x 24 pines (placa madre) 1 x 4+4 pines (CPU) 2 x PCIe 6+2 pines 6 x SATA 5 x Molex 1 x Floppy Caracter\u00edsticas Destacadas &nbsp; Eficiencia energ\u00e9tica: La certificaci\u00f3n 80 PLUS White garantiza una eficiencia de hasta el 87%, lo que contribuye a un menor consumo el\u00e9ctrico y generaci\u00f3n de calor. Refrigeraci\u00f3n silenciosa: El ventilador de 120 mm ofrece un funcionamiento silencioso y eficiente. Estabilidad de voltaje: Dise\u00f1o de riel \u00fanico de +12V que proporciona una salida de voltaje estable, ideal para sistemas con tarjetas gr\u00e1ficas de alto rendimiento. Compatibilidad: Compatible con configuraciones de m\u00faltiples GPUs gracias a sus 2 conectores PCIe 6+2 pines. Seguridad: Incluye protecciones contra sobrevoltaje, sobrecarga, cortocircuito y m\u00e1s, asegurando la protecci\u00f3n de tus componentes","og_url":"https:\/\/unitgames.com.ar\/pc-gamer\/producto\/fuente-thermaltake-smart-d2d-700w-80-plus-white\/","og_site_name":"UnitGames","article_modified_time":"2026-01-09T10:15:01+00:00","og_image":[{"width":1283,"height":1284,"url":"https:\/\/unitgames.com.ar\/pc-gamer\/wp-content\/uploads\/2024\/11\/Fuente-THERMALTAKE-LITEPOWER-550W.png","type":"image\/png"}],"twitter_card":"summary_large_image","twitter_misc":{"Tiempo de lectura":"1 minuto"},"schema":{"@context":"https:\/\/schema.org","@graph":[{"@type":"WebPage","@id":"https:\/\/unitgames.com.ar\/pc-gamer\/producto\/fuente-thermaltake-smart-d2d-700w-80-plus-white\/","url":"https:\/\/unitgames.com.ar\/pc-gamer\/producto\/fuente-thermaltake-smart-d2d-700w-80-plus-white\/","name":"Fuente THERMALTAKE SMART D2D 700W 80 Plus White - UnitGames","isPartOf":{"@id":"https:\/\/unitgames.com.ar\/pc-gamer\/#website"},"primaryImageOfPage":{"@id":"https:\/\/unitgames.com.ar\/pc-gamer\/producto\/fuente-thermaltake-smart-d2d-700w-80-plus-white\/#primaryimage"},"image":{"@id":"https:\/\/unitgames.com.ar\/pc-gamer\/producto\/fuente-thermaltake-smart-d2d-700w-80-plus-white\/#primaryimage"},"thumbnailUrl":"https:\/\/unitgames.com.ar\/pc-gamer\/wp-content\/uploads\/2024\/11\/Fuente-THERMALTAKE-LITEPOWER-550W.png","datePublished":"2025-06-01T12:37:46+00:00","dateModified":"2026-01-09T10:15:01+00:00","breadcrumb":{"@id":"https:\/\/unitgames.com.ar\/pc-gamer\/producto\/fuente-thermaltake-smart-d2d-700w-80-plus-white\/#breadcrumb"},"inLanguage":"es","potentialAction":[{"@type":"ReadAction","target":["https:\/\/unitgames.com.ar\/pc-gamer\/producto\/fuente-thermaltake-smart-d2d-700w-80-plus-white\/"]}]},{"@type":"ImageObject","inLanguage":"es","@id":"https:\/\/unitgames.com.ar\/pc-gamer\/producto\/fuente-thermaltake-smart-d2d-700w-80-plus-white\/#primaryimage","url":"https:\/\/unitgames.com.ar\/pc-gamer\/wp-content\/uploads\/2024\/11\/Fuente-THERMALTAKE-LITEPOWER-550W.png","contentUrl":"https:\/\/unitgames.com.ar\/pc-gamer\/wp-content\/uploads\/2024\/11\/Fuente-THERMALTAKE-LITEPOWER-550W.png","width":1283,"height":1284},{"@type":"BreadcrumbList","@id":"https:\/\/unitgames.com.ar\/pc-gamer\/producto\/fuente-thermaltake-smart-d2d-700w-80-plus-white\/#breadcrumb","itemListElement":[{"@type":"ListItem","position":1,"name":"Tienda","item":"https:\/\/unitgames.com.ar\/pc-gamer\/tienda\/"},{"@type":"ListItem","position":2,"name":"Fuente THERMALTAKE SMART D2D 700W 80 Plus White"}]},{"@type":"WebSite","@id":"https:\/\/unitgames.com.ar\/pc-gamer\/#website","url":"https:\/\/unitgames.com.ar\/pc-gamer\/","name":"UnitGames","description":"Venta de PC Gamers, Consolas , Servicio Tecnico Especializado. Todos en Accesorios Informaticos y Gamers","publisher":{"@id":"https:\/\/unitgames.com.ar\/pc-gamer\/#organization"},"potentialAction":[{"@type":"SearchAction","target":{"@type":"EntryPoint","urlTemplate":"https:\/\/unitgames.com.ar\/pc-gamer\/?s={search_term_string}"},"query-input":{"@type":"PropertyValueSpecification","valueRequired":true,"valueName":"search_term_string"}}],"inLanguage":"es"},{"@type":"Organization","@id":"https:\/\/unitgames.com.ar\/pc-gamer\/#organization","name":"UnitGames","url":"https:\/\/unitgames.com.ar\/pc-gamer\/","logo":{"@type":"ImageObject","inLanguage":"es","@id":"https:\/\/unitgames.com.ar\/pc-gamer\/#\/schema\/logo\/image\/","url":"https:\/\/unitgames.com.ar\/pc-gamer\/wp-content\/uploads\/2021\/01\/cropped-logoUnitGames2.png","contentUrl":"https:\/\/unitgames.com.ar\/pc-gamer\/wp-content\/uploads\/2021\/01\/cropped-logoUnitGames2.png","width":152,"height":200,"caption":"UnitGames"},"image":{"@id":"https:\/\/unitgames.com.ar\/pc-gamer\/#\/schema\/logo\/image\/"}}]}},"_links":{"self":[{"href":"https:\/\/unitgames.com.ar\/pc-gamer\/wp-json\/wp\/v2\/product\/15288","targetHints":{"allow":["GET"]}}],"collection":[{"href":"https:\/\/unitgames.com.ar\/pc-gamer\/wp-json\/wp\/v2\/product"}],"about":[{"href":"https:\/\/unitgames.com.ar\/pc-gamer\/wp-json\/wp\/v2\/types\/product"}],"version-history":[{"count":0,"href":"https:\/\/unitgames.com.ar\/pc-gamer\/wp-json\/wp\/v2\/product\/15288\/revisions"}],"wp:featuredmedia":[{"embeddable":true,"href":"https:\/\/unitgames.com.ar\/pc-gamer\/wp-json\/wp\/v2\/media\/11732"}],"wp:attachment":[{"href":"https:\/\/unitgames.com.ar\/pc-gamer\/wp-json\/wp\/v2\/media?parent=15288"}],"wp:term":[{"taxonomy":"product_brand","embeddable":true,"href":"https:\/\/unitgames.com.ar\/pc-gamer\/wp-json\/wp\/v2\/product_brand?post=15288"},{"taxonomy":"product_cat","embeddable":true,"href":"https:\/\/unitgames.com.ar\/pc-gamer\/wp-json\/wp\/v2\/product_cat?post=15288"},{"taxonomy":"product_tag","embeddable":true,"href":"https:\/\/unitgames.com.ar\/pc-gamer\/wp-json\/wp\/v2\/product_tag?post=15288"}],"curies":[{"name":"wp","href":"https:\/\/api.w.org\/{rel}","templated":true}]}}