{"id":15396,"date":"2025-06-03T09:08:14","date_gmt":"2025-06-03T12:08:14","guid":{"rendered":"https:\/\/unitgames.com.ar\/pc-gamer\/?post_type=product&#038;p=15396"},"modified":"2026-01-09T07:14:54","modified_gmt":"2026-01-09T10:14:54","slug":"joystick-seisa-sj-4013b-pc360-ps3-ps4-inalambrico","status":"publish","type":"product","link":"https:\/\/unitgames.com.ar\/pc-gamer\/producto\/joystick-seisa-sj-4013b-pc360-ps3-ps4-inalambrico\/","title":{"rendered":"Joystick SEISA SJ-4013B PC360 \/ PS3 \/ Inalambrico"},"content":{"rendered":"<p data-start=\"0\" data-end=\"112\"><span class=\"relative -mx-px my-[-0.2rem] rounded px-px py-[0.2rem] transition-colors duration-100 ease-in-out\">El <strong data-start=\"3\" data-end=\"30\">Joystick SEISA SJ-4013B<\/strong> es un controlador inal\u00e1mbrico vers\u00e1til, compatible con <strong data-start=\"86\" data-end=\"129\">PS3, PC y dispositivos Android\/iOS<\/strong>.<\/span> <span class=\"relative -mx-px my-[-0.2rem] rounded px-px py-[0.2rem] transition-colors duration-100 ease-in-out\">Ofrece una experiencia de juego avanzada con caracter\u00edsticas destacadas:<\/span><\/p>\n<hr data-start=\"114\" data-end=\"117\" \/>\n<h3 data-start=\"119\" data-end=\"153\">Caracter\u00edsticas principales<\/h3>\n<p>&nbsp;<\/p>\n<ul>\n<li data-start=\"157\" data-end=\"212\"><strong data-start=\"157\" data-end=\"173\">Conectividad<\/strong>: <span class=\"relative -mx-px my-[-0.2rem] rounded px-px py-[0.2rem] transition-colors duration-100 ease-in-out\">Bluetooth 4.2 con un alcance de 6 a 10 metros.<\/span><\/li>\n<li data-start=\"215\" data-end=\"274\"><strong data-start=\"215\" data-end=\"233\">Compatibilidad<\/strong>: <span class=\"relative -mx-px my-[-0.2rem] rounded px-px py-[0.2rem] transition-colors duration-100 ease-in-out\">PS3, PC y dispositivos Android\/iOS.<\/span><\/li>\n<li data-start=\"277\" data-end=\"328\"><strong data-start=\"277\" data-end=\"287\">Dise\u00f1o<\/strong>: <span class=\"relative -mx-px my-[-0.2rem] rounded px-px py-[0.2rem] transition-colors duration-100 ease-in-out\">Ergon\u00f3mico con luces LED deslumbrantes y barra luminosa.<\/span><\/li>\n<li data-start=\"331\" data-end=\"357\"><strong data-start=\"331\" data-end=\"356\">Funciones adicionales<\/strong>:\n<ul>\n<li data-start=\"362\" data-end=\"401\"><span class=\"relative -mx-px my-[-0.2rem] rounded px-px py-[0.2rem] transition-colors duration-100 ease-in-out\">Panel t\u00e1ctil (Touchpad).<\/span><\/li>\n<li data-start=\"406\" data-end=\"445\"><span class=\"relative -mx-px my-[-0.2rem] rounded px-px py-[0.2rem] transition-colors duration-100 ease-in-out\">Sensores de seis ejes para detecci\u00f3n de movimiento.<\/span><\/li>\n<li data-start=\"450\" data-end=\"489\"><span class=\"relative -mx-px my-[-0.2rem] rounded px-px py-[0.2rem] transition-colors duration-100 ease-in-out\">Motores duales para vibraci\u00f3n.<\/span><\/li>\n<li data-start=\"494\" data-end=\"533\"><span class=\"relative -mx-px my-[-0.2rem] rounded px-px py-[0.2rem] transition-colors duration-100 ease-in-out\">Botones L2 y R2 con sensores Hall.<\/span><\/li>\n<li data-start=\"538\" data-end=\"577\"><span class=\"relative -mx-px my-[-0.2rem] rounded px-px py-[0.2rem] transition-colors duration-100 ease-in-out\">Cuatro botones traseros programables (Remap).<\/span><\/li>\n<li data-start=\"582\" data-end=\"621\"><span class=\"relative -mx-px my-[-0.2rem] rounded px-px py-[0.2rem] transition-colors duration-100 ease-in-out\">Entrada de audio para auriculares.<\/span><\/li>\n<\/ul>\n<\/li>\n<li data-start=\"624\" data-end=\"715\"><strong data-start=\"624\" data-end=\"635\">Bater\u00eda<\/strong>: <span class=\"relative -mx-px my-[-0.2rem] rounded px-px py-[0.2rem] transition-colors duration-100 ease-in-out\">Incorporada de 1000mAh, recargable mediante cable USB Tipo-C de 1 metro<\/span><\/li>\n<\/ul>\n","protected":false},"excerpt":{"rendered":"<p>El Joystick SEISA SJ-4013B es un controlador inal\u00e1mbrico vers\u00e1til, compatible con PS3, PC y dispositivos Android\/iOS. Ofrece una experiencia de juego avanzada con caracter\u00edsticas destacadas: Caracter\u00edsticas principales &nbsp; Conectividad: Bluetooth 4.2 con un alcance de 6 a 10 metros. Compatibilidad: PS3, PC y dispositivos Android\/iOS. Dise\u00f1o: Ergon\u00f3mico con luces LED deslumbrantes y barra luminosa. Funciones adicionales: Panel t\u00e1ctil (Touchpad). Sensores de seis ejes para detecci\u00f3n de movimiento. Motores duales para vibraci\u00f3n. Botones L2 y R2 con sensores Hall. Cuatro botones traseros programables (Remap). Entrada de audio para auriculares. Bater\u00eda: Incorporada de 1000mAh, recargable mediante cable USB Tipo-C de 1 metro<\/p>\n","protected":false},"featured_media":15390,"template":"","meta":{"site-sidebar-layout":"default","site-content-layout":"","ast-site-content-layout":"default","site-content-style":"default","site-sidebar-style":"default","ast-global-header-display":"","ast-banner-title-visibility":"","ast-main-header-display":"","ast-hfb-above-header-display":"","ast-hfb-below-header-display":"","ast-hfb-mobile-header-display":"","site-post-title":"","ast-breadcrumbs-content":"","ast-featured-img":"","footer-sml-layout":"","theme-transparent-header-meta":"default","adv-header-id-meta":"","stick-header-meta":"","header-above-stick-meta":"","header-main-stick-meta":"","header-below-stick-meta":"","astra-migrate-meta-layouts":"set","ast-page-background-enabled":"default","ast-page-background-meta":{"desktop":{"background-color":"var(--ast-global-color-5)","background-image":"","background-repeat":"repeat","background-position":"center center","background-size":"auto","background-attachment":"scroll","background-type":"","background-media":"","overlay-type":"","overlay-color":"","overlay-opacity":"","overlay-gradient":""},"tablet":{"background-color":"","background-image":"","background-repeat":"repeat","background-position":"center center","background-size":"auto","background-attachment":"scroll","background-type":"","background-media":"","overlay-type":"","overlay-color":"","overlay-opacity":"","overlay-gradient":""},"mobile":{"background-color":"","background-image":"","background-repeat":"repeat","background-position":"center center","background-size":"auto","background-attachment":"scroll","background-type":"","background-media":"","overlay-type":"","overlay-color":"","overlay-opacity":"","overlay-gradient":""}},"ast-content-background-meta":{"desktop":{"background-color":"var(--ast-global-color-4)","background-image":"","background-repeat":"repeat","background-position":"center center","background-size":"auto","background-attachment":"scroll","background-type":"","background-media":"","overlay-type":"","overlay-color":"","overlay-opacity":"","overlay-gradient":""},"tablet":{"background-color":"var(--ast-global-color-4)","background-image":"","background-repeat":"repeat","background-position":"center center","background-size":"auto","background-attachment":"scroll","background-type":"","background-media":"","overlay-type":"","overlay-color":"","overlay-opacity":"","overlay-gradient":""},"mobile":{"background-color":"var(--ast-global-color-4)","background-image":"","background-repeat":"repeat","background-position":"center center","background-size":"auto","background-attachment":"scroll","background-type":"","background-media":"","overlay-type":"","overlay-color":"","overlay-opacity":"","overlay-gradient":""}},"_joinchat":[]},"product_brand":[],"product_cat":[82],"product_tag":[],"class_list":{"0":"post-15396","1":"product","2":"type-product","3":"status-publish","4":"has-post-thumbnail","6":"product_cat-joysticks","7":"desktop-align-center","8":"tablet-align-left","9":"mobile-align-left","11":"first","12":"instock","13":"shipping-taxable","14":"purchasable","15":"product-type-simple"},"yoast_head":"<!-- This site is optimized with the Yoast SEO plugin v27.5 - https:\/\/yoast.com\/product\/yoast-seo-wordpress\/ -->\n<title>Joystick SEISA SJ-4013B PC360 \/ PS3 \/ Inalambrico - UnitGames<\/title>\n<meta name=\"robots\" content=\"index, follow, max-snippet:-1, max-image-preview:large, max-video-preview:-1\" \/>\n<link rel=\"canonical\" href=\"https:\/\/unitgames.com.ar\/pc-gamer\/producto\/joystick-seisa-sj-4013b-pc360-ps3-ps4-inalambrico\/\" \/>\n<meta property=\"og:locale\" content=\"es_ES\" \/>\n<meta property=\"og:type\" content=\"article\" \/>\n<meta property=\"og:title\" content=\"Joystick SEISA SJ-4013B PC360 \/ PS3 \/ Inalambrico - UnitGames\" \/>\n<meta property=\"og:description\" content=\"El Joystick SEISA SJ-4013B es un controlador inal\u00e1mbrico vers\u00e1til, compatible con PS3, PC y dispositivos Android\/iOS. Ofrece una experiencia de juego avanzada con caracter\u00edsticas destacadas: Caracter\u00edsticas principales &nbsp; Conectividad: Bluetooth 4.2 con un alcance de 6 a 10 metros. Compatibilidad: PS3, PC y dispositivos Android\/iOS. Dise\u00f1o: Ergon\u00f3mico con luces LED deslumbrantes y barra luminosa. Funciones adicionales: Panel t\u00e1ctil (Touchpad). Sensores de seis ejes para detecci\u00f3n de movimiento. Motores duales para vibraci\u00f3n. Botones L2 y R2 con sensores Hall. Cuatro botones traseros programables (Remap). Entrada de audio para auriculares. Bater\u00eda: Incorporada de 1000mAh, recargable mediante cable USB Tipo-C de 1 metro\" \/>\n<meta property=\"og:url\" content=\"https:\/\/unitgames.com.ar\/pc-gamer\/producto\/joystick-seisa-sj-4013b-pc360-ps3-ps4-inalambrico\/\" \/>\n<meta property=\"og:site_name\" content=\"UnitGames\" \/>\n<meta property=\"article:modified_time\" content=\"2026-01-09T10:14:54+00:00\" \/>\n<meta property=\"og:image\" content=\"https:\/\/unitgames.com.ar\/pc-gamer\/wp-content\/uploads\/2025\/06\/Joystick-SEISA-SJ-4016B-PC360-PS3-PS4-Inalambrico.png\" \/>\n\t<meta property=\"og:image:width\" content=\"1283\" \/>\n\t<meta property=\"og:image:height\" content=\"1284\" \/>\n\t<meta property=\"og:image:type\" content=\"image\/png\" \/>\n<meta name=\"twitter:card\" content=\"summary_large_image\" \/>\n<meta name=\"twitter:label1\" content=\"Tiempo de lectura\" \/>\n\t<meta name=\"twitter:data1\" content=\"1 minuto\" \/>\n<script type=\"application\/ld+json\" class=\"yoast-schema-graph\">{\"@context\":\"https:\\\/\\\/schema.org\",\"@graph\":[{\"@type\":\"WebPage\",\"@id\":\"https:\\\/\\\/unitgames.com.ar\\\/pc-gamer\\\/producto\\\/joystick-seisa-sj-4013b-pc360-ps3-ps4-inalambrico\\\/\",\"url\":\"https:\\\/\\\/unitgames.com.ar\\\/pc-gamer\\\/producto\\\/joystick-seisa-sj-4013b-pc360-ps3-ps4-inalambrico\\\/\",\"name\":\"Joystick SEISA SJ-4013B PC360 \\\/ PS3 \\\/ Inalambrico - UnitGames\",\"isPartOf\":{\"@id\":\"https:\\\/\\\/unitgames.com.ar\\\/pc-gamer\\\/#website\"},\"primaryImageOfPage\":{\"@id\":\"https:\\\/\\\/unitgames.com.ar\\\/pc-gamer\\\/producto\\\/joystick-seisa-sj-4013b-pc360-ps3-ps4-inalambrico\\\/#primaryimage\"},\"image\":{\"@id\":\"https:\\\/\\\/unitgames.com.ar\\\/pc-gamer\\\/producto\\\/joystick-seisa-sj-4013b-pc360-ps3-ps4-inalambrico\\\/#primaryimage\"},\"thumbnailUrl\":\"https:\\\/\\\/unitgames.com.ar\\\/pc-gamer\\\/wp-content\\\/uploads\\\/2025\\\/06\\\/Joystick-SEISA-SJ-4016B-PC360-PS3-PS4-Inalambrico.png\",\"datePublished\":\"2025-06-03T12:08:14+00:00\",\"dateModified\":\"2026-01-09T10:14:54+00:00\",\"breadcrumb\":{\"@id\":\"https:\\\/\\\/unitgames.com.ar\\\/pc-gamer\\\/producto\\\/joystick-seisa-sj-4013b-pc360-ps3-ps4-inalambrico\\\/#breadcrumb\"},\"inLanguage\":\"es\",\"potentialAction\":[{\"@type\":\"ReadAction\",\"target\":[\"https:\\\/\\\/unitgames.com.ar\\\/pc-gamer\\\/producto\\\/joystick-seisa-sj-4013b-pc360-ps3-ps4-inalambrico\\\/\"]}]},{\"@type\":\"ImageObject\",\"inLanguage\":\"es\",\"@id\":\"https:\\\/\\\/unitgames.com.ar\\\/pc-gamer\\\/producto\\\/joystick-seisa-sj-4013b-pc360-ps3-ps4-inalambrico\\\/#primaryimage\",\"url\":\"https:\\\/\\\/unitgames.com.ar\\\/pc-gamer\\\/wp-content\\\/uploads\\\/2025\\\/06\\\/Joystick-SEISA-SJ-4016B-PC360-PS3-PS4-Inalambrico.png\",\"contentUrl\":\"https:\\\/\\\/unitgames.com.ar\\\/pc-gamer\\\/wp-content\\\/uploads\\\/2025\\\/06\\\/Joystick-SEISA-SJ-4016B-PC360-PS3-PS4-Inalambrico.png\",\"width\":1283,\"height\":1284},{\"@type\":\"BreadcrumbList\",\"@id\":\"https:\\\/\\\/unitgames.com.ar\\\/pc-gamer\\\/producto\\\/joystick-seisa-sj-4013b-pc360-ps3-ps4-inalambrico\\\/#breadcrumb\",\"itemListElement\":[{\"@type\":\"ListItem\",\"position\":1,\"name\":\"Tienda\",\"item\":\"https:\\\/\\\/unitgames.com.ar\\\/pc-gamer\\\/tienda\\\/\"},{\"@type\":\"ListItem\",\"position\":2,\"name\":\"Joystick SEISA SJ-4013B PC360 \\\/ PS3 \\\/ Inalambrico\"}]},{\"@type\":\"WebSite\",\"@id\":\"https:\\\/\\\/unitgames.com.ar\\\/pc-gamer\\\/#website\",\"url\":\"https:\\\/\\\/unitgames.com.ar\\\/pc-gamer\\\/\",\"name\":\"UnitGames\",\"description\":\"Venta de PC Gamers, Consolas , Servicio Tecnico Especializado. Todos en Accesorios Informaticos y Gamers\",\"publisher\":{\"@id\":\"https:\\\/\\\/unitgames.com.ar\\\/pc-gamer\\\/#organization\"},\"potentialAction\":[{\"@type\":\"SearchAction\",\"target\":{\"@type\":\"EntryPoint\",\"urlTemplate\":\"https:\\\/\\\/unitgames.com.ar\\\/pc-gamer\\\/?s={search_term_string}\"},\"query-input\":{\"@type\":\"PropertyValueSpecification\",\"valueRequired\":true,\"valueName\":\"search_term_string\"}}],\"inLanguage\":\"es\"},{\"@type\":\"Organization\",\"@id\":\"https:\\\/\\\/unitgames.com.ar\\\/pc-gamer\\\/#organization\",\"name\":\"UnitGames\",\"url\":\"https:\\\/\\\/unitgames.com.ar\\\/pc-gamer\\\/\",\"logo\":{\"@type\":\"ImageObject\",\"inLanguage\":\"es\",\"@id\":\"https:\\\/\\\/unitgames.com.ar\\\/pc-gamer\\\/#\\\/schema\\\/logo\\\/image\\\/\",\"url\":\"https:\\\/\\\/unitgames.com.ar\\\/pc-gamer\\\/wp-content\\\/uploads\\\/2021\\\/01\\\/cropped-logoUnitGames2.png\",\"contentUrl\":\"https:\\\/\\\/unitgames.com.ar\\\/pc-gamer\\\/wp-content\\\/uploads\\\/2021\\\/01\\\/cropped-logoUnitGames2.png\",\"width\":152,\"height\":200,\"caption\":\"UnitGames\"},\"image\":{\"@id\":\"https:\\\/\\\/unitgames.com.ar\\\/pc-gamer\\\/#\\\/schema\\\/logo\\\/image\\\/\"}}]}<\/script>\n<!-- \/ Yoast SEO plugin. -->","yoast_head_json":{"title":"Joystick SEISA SJ-4013B PC360 \/ PS3 \/ Inalambrico - UnitGames","robots":{"index":"index","follow":"follow","max-snippet":"max-snippet:-1","max-image-preview":"max-image-preview:large","max-video-preview":"max-video-preview:-1"},"canonical":"https:\/\/unitgames.com.ar\/pc-gamer\/producto\/joystick-seisa-sj-4013b-pc360-ps3-ps4-inalambrico\/","og_locale":"es_ES","og_type":"article","og_title":"Joystick SEISA SJ-4013B PC360 \/ PS3 \/ Inalambrico - UnitGames","og_description":"El Joystick SEISA SJ-4013B es un controlador inal\u00e1mbrico vers\u00e1til, compatible con PS3, PC y dispositivos Android\/iOS. Ofrece una experiencia de juego avanzada con caracter\u00edsticas destacadas: Caracter\u00edsticas principales &nbsp; Conectividad: Bluetooth 4.2 con un alcance de 6 a 10 metros. Compatibilidad: PS3, PC y dispositivos Android\/iOS. Dise\u00f1o: Ergon\u00f3mico con luces LED deslumbrantes y barra luminosa. Funciones adicionales: Panel t\u00e1ctil (Touchpad). Sensores de seis ejes para detecci\u00f3n de movimiento. Motores duales para vibraci\u00f3n. Botones L2 y R2 con sensores Hall. Cuatro botones traseros programables (Remap). Entrada de audio para auriculares. Bater\u00eda: Incorporada de 1000mAh, recargable mediante cable USB Tipo-C de 1 metro","og_url":"https:\/\/unitgames.com.ar\/pc-gamer\/producto\/joystick-seisa-sj-4013b-pc360-ps3-ps4-inalambrico\/","og_site_name":"UnitGames","article_modified_time":"2026-01-09T10:14:54+00:00","og_image":[{"width":1283,"height":1284,"url":"https:\/\/unitgames.com.ar\/pc-gamer\/wp-content\/uploads\/2025\/06\/Joystick-SEISA-SJ-4016B-PC360-PS3-PS4-Inalambrico.png","type":"image\/png"}],"twitter_card":"summary_large_image","twitter_misc":{"Tiempo de lectura":"1 minuto"},"schema":{"@context":"https:\/\/schema.org","@graph":[{"@type":"WebPage","@id":"https:\/\/unitgames.com.ar\/pc-gamer\/producto\/joystick-seisa-sj-4013b-pc360-ps3-ps4-inalambrico\/","url":"https:\/\/unitgames.com.ar\/pc-gamer\/producto\/joystick-seisa-sj-4013b-pc360-ps3-ps4-inalambrico\/","name":"Joystick SEISA SJ-4013B PC360 \/ PS3 \/ Inalambrico - UnitGames","isPartOf":{"@id":"https:\/\/unitgames.com.ar\/pc-gamer\/#website"},"primaryImageOfPage":{"@id":"https:\/\/unitgames.com.ar\/pc-gamer\/producto\/joystick-seisa-sj-4013b-pc360-ps3-ps4-inalambrico\/#primaryimage"},"image":{"@id":"https:\/\/unitgames.com.ar\/pc-gamer\/producto\/joystick-seisa-sj-4013b-pc360-ps3-ps4-inalambrico\/#primaryimage"},"thumbnailUrl":"https:\/\/unitgames.com.ar\/pc-gamer\/wp-content\/uploads\/2025\/06\/Joystick-SEISA-SJ-4016B-PC360-PS3-PS4-Inalambrico.png","datePublished":"2025-06-03T12:08:14+00:00","dateModified":"2026-01-09T10:14:54+00:00","breadcrumb":{"@id":"https:\/\/unitgames.com.ar\/pc-gamer\/producto\/joystick-seisa-sj-4013b-pc360-ps3-ps4-inalambrico\/#breadcrumb"},"inLanguage":"es","potentialAction":[{"@type":"ReadAction","target":["https:\/\/unitgames.com.ar\/pc-gamer\/producto\/joystick-seisa-sj-4013b-pc360-ps3-ps4-inalambrico\/"]}]},{"@type":"ImageObject","inLanguage":"es","@id":"https:\/\/unitgames.com.ar\/pc-gamer\/producto\/joystick-seisa-sj-4013b-pc360-ps3-ps4-inalambrico\/#primaryimage","url":"https:\/\/unitgames.com.ar\/pc-gamer\/wp-content\/uploads\/2025\/06\/Joystick-SEISA-SJ-4016B-PC360-PS3-PS4-Inalambrico.png","contentUrl":"https:\/\/unitgames.com.ar\/pc-gamer\/wp-content\/uploads\/2025\/06\/Joystick-SEISA-SJ-4016B-PC360-PS3-PS4-Inalambrico.png","width":1283,"height":1284},{"@type":"BreadcrumbList","@id":"https:\/\/unitgames.com.ar\/pc-gamer\/producto\/joystick-seisa-sj-4013b-pc360-ps3-ps4-inalambrico\/#breadcrumb","itemListElement":[{"@type":"ListItem","position":1,"name":"Tienda","item":"https:\/\/unitgames.com.ar\/pc-gamer\/tienda\/"},{"@type":"ListItem","position":2,"name":"Joystick SEISA SJ-4013B PC360 \/ PS3 \/ Inalambrico"}]},{"@type":"WebSite","@id":"https:\/\/unitgames.com.ar\/pc-gamer\/#website","url":"https:\/\/unitgames.com.ar\/pc-gamer\/","name":"UnitGames","description":"Venta de PC Gamers, Consolas , Servicio Tecnico Especializado. Todos en Accesorios Informaticos y Gamers","publisher":{"@id":"https:\/\/unitgames.com.ar\/pc-gamer\/#organization"},"potentialAction":[{"@type":"SearchAction","target":{"@type":"EntryPoint","urlTemplate":"https:\/\/unitgames.com.ar\/pc-gamer\/?s={search_term_string}"},"query-input":{"@type":"PropertyValueSpecification","valueRequired":true,"valueName":"search_term_string"}}],"inLanguage":"es"},{"@type":"Organization","@id":"https:\/\/unitgames.com.ar\/pc-gamer\/#organization","name":"UnitGames","url":"https:\/\/unitgames.com.ar\/pc-gamer\/","logo":{"@type":"ImageObject","inLanguage":"es","@id":"https:\/\/unitgames.com.ar\/pc-gamer\/#\/schema\/logo\/image\/","url":"https:\/\/unitgames.com.ar\/pc-gamer\/wp-content\/uploads\/2021\/01\/cropped-logoUnitGames2.png","contentUrl":"https:\/\/unitgames.com.ar\/pc-gamer\/wp-content\/uploads\/2021\/01\/cropped-logoUnitGames2.png","width":152,"height":200,"caption":"UnitGames"},"image":{"@id":"https:\/\/unitgames.com.ar\/pc-gamer\/#\/schema\/logo\/image\/"}}]}},"_links":{"self":[{"href":"https:\/\/unitgames.com.ar\/pc-gamer\/wp-json\/wp\/v2\/product\/15396","targetHints":{"allow":["GET"]}}],"collection":[{"href":"https:\/\/unitgames.com.ar\/pc-gamer\/wp-json\/wp\/v2\/product"}],"about":[{"href":"https:\/\/unitgames.com.ar\/pc-gamer\/wp-json\/wp\/v2\/types\/product"}],"version-history":[{"count":0,"href":"https:\/\/unitgames.com.ar\/pc-gamer\/wp-json\/wp\/v2\/product\/15396\/revisions"}],"wp:featuredmedia":[{"embeddable":true,"href":"https:\/\/unitgames.com.ar\/pc-gamer\/wp-json\/wp\/v2\/media\/15390"}],"wp:attachment":[{"href":"https:\/\/unitgames.com.ar\/pc-gamer\/wp-json\/wp\/v2\/media?parent=15396"}],"wp:term":[{"taxonomy":"product_brand","embeddable":true,"href":"https:\/\/unitgames.com.ar\/pc-gamer\/wp-json\/wp\/v2\/product_brand?post=15396"},{"taxonomy":"product_cat","embeddable":true,"href":"https:\/\/unitgames.com.ar\/pc-gamer\/wp-json\/wp\/v2\/product_cat?post=15396"},{"taxonomy":"product_tag","embeddable":true,"href":"https:\/\/unitgames.com.ar\/pc-gamer\/wp-json\/wp\/v2\/product_tag?post=15396"}],"curies":[{"name":"wp","href":"https:\/\/api.w.org\/{rel}","templated":true}]}}