{"id":15402,"date":"2025-06-03T09:14:38","date_gmt":"2025-06-03T12:14:38","guid":{"rendered":"https:\/\/unitgames.com.ar\/pc-gamer\/?post_type=product&#038;p=15402"},"modified":"2026-01-09T07:14:53","modified_gmt":"2026-01-09T10:14:53","slug":"switch-seisa-lm-511-2-port-10-100-mbps","status":"publish","type":"product","link":"https:\/\/unitgames.com.ar\/pc-gamer\/producto\/switch-seisa-lm-511-2-port-10-100-mbps\/","title":{"rendered":"Switch SEISA  LM-511 2-Port 10\/100 mbps"},"content":{"rendered":"<p data-start=\"0\" data-end=\"112\"><span class=\"relative -mx-px my-[-0.2rem] rounded px-px py-[0.2rem] transition-colors duration-100 ease-in-out\">El <strong data-start=\"3\" data-end=\"26\">Divisor RJ45 LM-511<\/strong> es un adaptador que permite conectar una \u00fanica entrada LAN a dos salidas RJ45, facilitando la distribuci\u00f3n de la se\u00f1al de red a m\u00faltiples dispositivos.<\/span> <span class=\"relative -mx-px my-[-0.2rem] rounded px-px py-[0.2rem] transition-colors duration-100 ease-in-out\">Es una soluci\u00f3n pr\u00e1ctica para ampliar la conectividad en entornos dom\u00e9sticos o de oficina sin necesidad de configuraciones complejas<\/span><\/p>\n<hr data-start=\"114\" data-end=\"117\" \/>\n<h3 data-start=\"119\" data-end=\"153\">Caracter\u00edsticas principales<\/h3>\n<p>&nbsp;<\/p>\n<ul>\n<li data-start=\"157\" data-end=\"206\"><strong data-start=\"157\" data-end=\"167\">Modelo<\/strong>: <span class=\"relative -mx-px my-[-0.2rem] rounded px-px py-[0.2rem] transition-colors duration-100 ease-in-out\">LM-511<\/span><\/li>\n<li data-start=\"209\" data-end=\"266\"><strong data-start=\"209\" data-end=\"225\">Conectividad<\/strong>: <span class=\"relative -mx-px my-[-0.2rem] rounded px-px py-[0.2rem] transition-colors duration-100 ease-in-out\">1 entrada LAN a 2 salidas RJ45<\/span><\/li>\n<li data-start=\"269\" data-end=\"322\"><strong data-start=\"269\" data-end=\"281\">Material<\/strong>: <span class=\"relative -mx-px my-[-0.2rem] rounded px-px py-[0.2rem] transition-colors duration-100 ease-in-out\">Pl\u00e1stico resistente<\/span><\/li>\n<li data-start=\"325\" data-end=\"375\"><strong data-start=\"325\" data-end=\"334\">Color<\/strong>: <span class=\"relative -mx-px my-[-0.2rem] rounded px-px py-[0.2rem] transition-colors duration-100 ease-in-out\">Negro<\/span><\/li>\n<li data-start=\"378\" data-end=\"434\"><strong data-start=\"378\" data-end=\"393\">Instalaci\u00f3n<\/strong>: <span class=\"relative -mx-px my-[-0.2rem] rounded px-px py-[0.2rem] transition-colors duration-100 ease-in-out\">Plug and play, sin necesidad de software adicional<\/span><\/li>\n<li data-start=\"437\" data-end=\"536\"><strong data-start=\"437\" data-end=\"456\">Uso recomendado<\/strong>: <span class=\"relative -mx-px my-[-0.2rem] rounded px-px py-[0.2rem] transition-colors duration-100 ease-in-out\">Hogares, oficinas y espacios de trabajo compartido<\/span><\/li>\n<\/ul>\n","protected":false},"excerpt":{"rendered":"<p>El Divisor RJ45 LM-511 es un adaptador que permite conectar una \u00fanica entrada LAN a dos salidas RJ45, facilitando la distribuci\u00f3n de la se\u00f1al de red a m\u00faltiples dispositivos. Es una soluci\u00f3n pr\u00e1ctica para ampliar la conectividad en entornos dom\u00e9sticos o de oficina sin necesidad de configuraciones complejas Caracter\u00edsticas principales &nbsp; Modelo: LM-511 Conectividad: 1 entrada LAN a 2 salidas RJ45 Material: Pl\u00e1stico resistente Color: Negro Instalaci\u00f3n: Plug and play, sin necesidad de software adicional Uso recomendado: Hogares, oficinas y espacios de trabajo compartido<\/p>\n","protected":false},"featured_media":15404,"template":"","meta":{"site-sidebar-layout":"default","site-content-layout":"","ast-site-content-layout":"default","site-content-style":"default","site-sidebar-style":"default","ast-global-header-display":"","ast-banner-title-visibility":"","ast-main-header-display":"","ast-hfb-above-header-display":"","ast-hfb-below-header-display":"","ast-hfb-mobile-header-display":"","site-post-title":"","ast-breadcrumbs-content":"","ast-featured-img":"","footer-sml-layout":"","theme-transparent-header-meta":"default","adv-header-id-meta":"","stick-header-meta":"","header-above-stick-meta":"","header-main-stick-meta":"","header-below-stick-meta":"","astra-migrate-meta-layouts":"set","ast-page-background-enabled":"default","ast-page-background-meta":{"desktop":{"background-color":"var(--ast-global-color-5)","background-image":"","background-repeat":"repeat","background-position":"center center","background-size":"auto","background-attachment":"scroll","background-type":"","background-media":"","overlay-type":"","overlay-color":"","overlay-opacity":"","overlay-gradient":""},"tablet":{"background-color":"","background-image":"","background-repeat":"repeat","background-position":"center center","background-size":"auto","background-attachment":"scroll","background-type":"","background-media":"","overlay-type":"","overlay-color":"","overlay-opacity":"","overlay-gradient":""},"mobile":{"background-color":"","background-image":"","background-repeat":"repeat","background-position":"center center","background-size":"auto","background-attachment":"scroll","background-type":"","background-media":"","overlay-type":"","overlay-color":"","overlay-opacity":"","overlay-gradient":""}},"ast-content-background-meta":{"desktop":{"background-color":"var(--ast-global-color-4)","background-image":"","background-repeat":"repeat","background-position":"center center","background-size":"auto","background-attachment":"scroll","background-type":"","background-media":"","overlay-type":"","overlay-color":"","overlay-opacity":"","overlay-gradient":""},"tablet":{"background-color":"var(--ast-global-color-4)","background-image":"","background-repeat":"repeat","background-position":"center center","background-size":"auto","background-attachment":"scroll","background-type":"","background-media":"","overlay-type":"","overlay-color":"","overlay-opacity":"","overlay-gradient":""},"mobile":{"background-color":"var(--ast-global-color-4)","background-image":"","background-repeat":"repeat","background-position":"center center","background-size":"auto","background-attachment":"scroll","background-type":"","background-media":"","overlay-type":"","overlay-color":"","overlay-opacity":"","overlay-gradient":""}},"_joinchat":[]},"product_brand":[],"product_cat":[73,143],"product_tag":[],"class_list":{"0":"post-15402","1":"product","2":"type-product","3":"status-publish","4":"has-post-thumbnail","6":"product_cat-conectividad","7":"product_cat-router-y-switch","8":"desktop-align-center","9":"tablet-align-left","10":"mobile-align-left","12":"first","13":"instock","14":"shipping-taxable","15":"purchasable","16":"product-type-simple"},"yoast_head":"<!-- This site is optimized with the Yoast SEO plugin v27.3 - https:\/\/yoast.com\/product\/yoast-seo-wordpress\/ -->\n<title>Switch SEISA LM-511 2-Port 10\/100 mbps - UnitGames<\/title>\n<meta name=\"robots\" content=\"index, follow, max-snippet:-1, max-image-preview:large, max-video-preview:-1\" \/>\n<link rel=\"canonical\" href=\"https:\/\/unitgames.com.ar\/pc-gamer\/producto\/switch-seisa-lm-511-2-port-10-100-mbps\/\" \/>\n<meta property=\"og:locale\" content=\"es_ES\" \/>\n<meta property=\"og:type\" content=\"article\" \/>\n<meta property=\"og:title\" content=\"Switch SEISA LM-511 2-Port 10\/100 mbps - UnitGames\" \/>\n<meta property=\"og:description\" content=\"El Divisor RJ45 LM-511 es un adaptador que permite conectar una \u00fanica entrada LAN a dos salidas RJ45, facilitando la distribuci\u00f3n de la se\u00f1al de red a m\u00faltiples dispositivos. Es una soluci\u00f3n pr\u00e1ctica para ampliar la conectividad en entornos dom\u00e9sticos o de oficina sin necesidad de configuraciones complejas Caracter\u00edsticas principales &nbsp; Modelo: LM-511 Conectividad: 1 entrada LAN a 2 salidas RJ45 Material: Pl\u00e1stico resistente Color: Negro Instalaci\u00f3n: Plug and play, sin necesidad de software adicional Uso recomendado: Hogares, oficinas y espacios de trabajo compartido\" \/>\n<meta property=\"og:url\" content=\"https:\/\/unitgames.com.ar\/pc-gamer\/producto\/switch-seisa-lm-511-2-port-10-100-mbps\/\" \/>\n<meta property=\"og:site_name\" content=\"UnitGames\" \/>\n<meta property=\"article:modified_time\" content=\"2026-01-09T10:14:53+00:00\" \/>\n<meta property=\"og:image\" content=\"https:\/\/unitgames.com.ar\/pc-gamer\/wp-content\/uploads\/2025\/06\/Switch-SEISA-LM-511-2-Port.png\" \/>\n\t<meta property=\"og:image:width\" content=\"1283\" \/>\n\t<meta property=\"og:image:height\" content=\"1284\" \/>\n\t<meta property=\"og:image:type\" content=\"image\/png\" \/>\n<meta name=\"twitter:card\" content=\"summary_large_image\" \/>\n<meta name=\"twitter:label1\" content=\"Tiempo de lectura\" \/>\n\t<meta name=\"twitter:data1\" content=\"1 minuto\" \/>\n<script type=\"application\/ld+json\" class=\"yoast-schema-graph\">{\"@context\":\"https:\\\/\\\/schema.org\",\"@graph\":[{\"@type\":\"WebPage\",\"@id\":\"https:\\\/\\\/unitgames.com.ar\\\/pc-gamer\\\/producto\\\/switch-seisa-lm-511-2-port-10-100-mbps\\\/\",\"url\":\"https:\\\/\\\/unitgames.com.ar\\\/pc-gamer\\\/producto\\\/switch-seisa-lm-511-2-port-10-100-mbps\\\/\",\"name\":\"Switch SEISA LM-511 2-Port 10\\\/100 mbps - UnitGames\",\"isPartOf\":{\"@id\":\"https:\\\/\\\/unitgames.com.ar\\\/pc-gamer\\\/#website\"},\"primaryImageOfPage\":{\"@id\":\"https:\\\/\\\/unitgames.com.ar\\\/pc-gamer\\\/producto\\\/switch-seisa-lm-511-2-port-10-100-mbps\\\/#primaryimage\"},\"image\":{\"@id\":\"https:\\\/\\\/unitgames.com.ar\\\/pc-gamer\\\/producto\\\/switch-seisa-lm-511-2-port-10-100-mbps\\\/#primaryimage\"},\"thumbnailUrl\":\"https:\\\/\\\/unitgames.com.ar\\\/pc-gamer\\\/wp-content\\\/uploads\\\/2025\\\/06\\\/Switch-SEISA-LM-511-2-Port.png\",\"datePublished\":\"2025-06-03T12:14:38+00:00\",\"dateModified\":\"2026-01-09T10:14:53+00:00\",\"breadcrumb\":{\"@id\":\"https:\\\/\\\/unitgames.com.ar\\\/pc-gamer\\\/producto\\\/switch-seisa-lm-511-2-port-10-100-mbps\\\/#breadcrumb\"},\"inLanguage\":\"es\",\"potentialAction\":[{\"@type\":\"ReadAction\",\"target\":[\"https:\\\/\\\/unitgames.com.ar\\\/pc-gamer\\\/producto\\\/switch-seisa-lm-511-2-port-10-100-mbps\\\/\"]}]},{\"@type\":\"ImageObject\",\"inLanguage\":\"es\",\"@id\":\"https:\\\/\\\/unitgames.com.ar\\\/pc-gamer\\\/producto\\\/switch-seisa-lm-511-2-port-10-100-mbps\\\/#primaryimage\",\"url\":\"https:\\\/\\\/unitgames.com.ar\\\/pc-gamer\\\/wp-content\\\/uploads\\\/2025\\\/06\\\/Switch-SEISA-LM-511-2-Port.png\",\"contentUrl\":\"https:\\\/\\\/unitgames.com.ar\\\/pc-gamer\\\/wp-content\\\/uploads\\\/2025\\\/06\\\/Switch-SEISA-LM-511-2-Port.png\",\"width\":1283,\"height\":1284},{\"@type\":\"BreadcrumbList\",\"@id\":\"https:\\\/\\\/unitgames.com.ar\\\/pc-gamer\\\/producto\\\/switch-seisa-lm-511-2-port-10-100-mbps\\\/#breadcrumb\",\"itemListElement\":[{\"@type\":\"ListItem\",\"position\":1,\"name\":\"Tienda\",\"item\":\"https:\\\/\\\/unitgames.com.ar\\\/pc-gamer\\\/tienda\\\/\"},{\"@type\":\"ListItem\",\"position\":2,\"name\":\"Switch SEISA LM-511 2-Port 10\\\/100 mbps\"}]},{\"@type\":\"WebSite\",\"@id\":\"https:\\\/\\\/unitgames.com.ar\\\/pc-gamer\\\/#website\",\"url\":\"https:\\\/\\\/unitgames.com.ar\\\/pc-gamer\\\/\",\"name\":\"UnitGames\",\"description\":\"Venta de PC Gamers, Consolas , Servicio Tecnico Especializado. Todos en Accesorios Informaticos y Gamers\",\"publisher\":{\"@id\":\"https:\\\/\\\/unitgames.com.ar\\\/pc-gamer\\\/#organization\"},\"potentialAction\":[{\"@type\":\"SearchAction\",\"target\":{\"@type\":\"EntryPoint\",\"urlTemplate\":\"https:\\\/\\\/unitgames.com.ar\\\/pc-gamer\\\/?s={search_term_string}\"},\"query-input\":{\"@type\":\"PropertyValueSpecification\",\"valueRequired\":true,\"valueName\":\"search_term_string\"}}],\"inLanguage\":\"es\"},{\"@type\":\"Organization\",\"@id\":\"https:\\\/\\\/unitgames.com.ar\\\/pc-gamer\\\/#organization\",\"name\":\"UnitGames\",\"url\":\"https:\\\/\\\/unitgames.com.ar\\\/pc-gamer\\\/\",\"logo\":{\"@type\":\"ImageObject\",\"inLanguage\":\"es\",\"@id\":\"https:\\\/\\\/unitgames.com.ar\\\/pc-gamer\\\/#\\\/schema\\\/logo\\\/image\\\/\",\"url\":\"https:\\\/\\\/unitgames.com.ar\\\/pc-gamer\\\/wp-content\\\/uploads\\\/2021\\\/01\\\/cropped-logoUnitGames2.png\",\"contentUrl\":\"https:\\\/\\\/unitgames.com.ar\\\/pc-gamer\\\/wp-content\\\/uploads\\\/2021\\\/01\\\/cropped-logoUnitGames2.png\",\"width\":152,\"height\":200,\"caption\":\"UnitGames\"},\"image\":{\"@id\":\"https:\\\/\\\/unitgames.com.ar\\\/pc-gamer\\\/#\\\/schema\\\/logo\\\/image\\\/\"}}]}<\/script>\n<!-- \/ Yoast SEO plugin. -->","yoast_head_json":{"title":"Switch SEISA LM-511 2-Port 10\/100 mbps - UnitGames","robots":{"index":"index","follow":"follow","max-snippet":"max-snippet:-1","max-image-preview":"max-image-preview:large","max-video-preview":"max-video-preview:-1"},"canonical":"https:\/\/unitgames.com.ar\/pc-gamer\/producto\/switch-seisa-lm-511-2-port-10-100-mbps\/","og_locale":"es_ES","og_type":"article","og_title":"Switch SEISA LM-511 2-Port 10\/100 mbps - UnitGames","og_description":"El Divisor RJ45 LM-511 es un adaptador que permite conectar una \u00fanica entrada LAN a dos salidas RJ45, facilitando la distribuci\u00f3n de la se\u00f1al de red a m\u00faltiples dispositivos. Es una soluci\u00f3n pr\u00e1ctica para ampliar la conectividad en entornos dom\u00e9sticos o de oficina sin necesidad de configuraciones complejas Caracter\u00edsticas principales &nbsp; Modelo: LM-511 Conectividad: 1 entrada LAN a 2 salidas RJ45 Material: Pl\u00e1stico resistente Color: Negro Instalaci\u00f3n: Plug and play, sin necesidad de software adicional Uso recomendado: Hogares, oficinas y espacios de trabajo compartido","og_url":"https:\/\/unitgames.com.ar\/pc-gamer\/producto\/switch-seisa-lm-511-2-port-10-100-mbps\/","og_site_name":"UnitGames","article_modified_time":"2026-01-09T10:14:53+00:00","og_image":[{"width":1283,"height":1284,"url":"https:\/\/unitgames.com.ar\/pc-gamer\/wp-content\/uploads\/2025\/06\/Switch-SEISA-LM-511-2-Port.png","type":"image\/png"}],"twitter_card":"summary_large_image","twitter_misc":{"Tiempo de lectura":"1 minuto"},"schema":{"@context":"https:\/\/schema.org","@graph":[{"@type":"WebPage","@id":"https:\/\/unitgames.com.ar\/pc-gamer\/producto\/switch-seisa-lm-511-2-port-10-100-mbps\/","url":"https:\/\/unitgames.com.ar\/pc-gamer\/producto\/switch-seisa-lm-511-2-port-10-100-mbps\/","name":"Switch SEISA LM-511 2-Port 10\/100 mbps - UnitGames","isPartOf":{"@id":"https:\/\/unitgames.com.ar\/pc-gamer\/#website"},"primaryImageOfPage":{"@id":"https:\/\/unitgames.com.ar\/pc-gamer\/producto\/switch-seisa-lm-511-2-port-10-100-mbps\/#primaryimage"},"image":{"@id":"https:\/\/unitgames.com.ar\/pc-gamer\/producto\/switch-seisa-lm-511-2-port-10-100-mbps\/#primaryimage"},"thumbnailUrl":"https:\/\/unitgames.com.ar\/pc-gamer\/wp-content\/uploads\/2025\/06\/Switch-SEISA-LM-511-2-Port.png","datePublished":"2025-06-03T12:14:38+00:00","dateModified":"2026-01-09T10:14:53+00:00","breadcrumb":{"@id":"https:\/\/unitgames.com.ar\/pc-gamer\/producto\/switch-seisa-lm-511-2-port-10-100-mbps\/#breadcrumb"},"inLanguage":"es","potentialAction":[{"@type":"ReadAction","target":["https:\/\/unitgames.com.ar\/pc-gamer\/producto\/switch-seisa-lm-511-2-port-10-100-mbps\/"]}]},{"@type":"ImageObject","inLanguage":"es","@id":"https:\/\/unitgames.com.ar\/pc-gamer\/producto\/switch-seisa-lm-511-2-port-10-100-mbps\/#primaryimage","url":"https:\/\/unitgames.com.ar\/pc-gamer\/wp-content\/uploads\/2025\/06\/Switch-SEISA-LM-511-2-Port.png","contentUrl":"https:\/\/unitgames.com.ar\/pc-gamer\/wp-content\/uploads\/2025\/06\/Switch-SEISA-LM-511-2-Port.png","width":1283,"height":1284},{"@type":"BreadcrumbList","@id":"https:\/\/unitgames.com.ar\/pc-gamer\/producto\/switch-seisa-lm-511-2-port-10-100-mbps\/#breadcrumb","itemListElement":[{"@type":"ListItem","position":1,"name":"Tienda","item":"https:\/\/unitgames.com.ar\/pc-gamer\/tienda\/"},{"@type":"ListItem","position":2,"name":"Switch SEISA LM-511 2-Port 10\/100 mbps"}]},{"@type":"WebSite","@id":"https:\/\/unitgames.com.ar\/pc-gamer\/#website","url":"https:\/\/unitgames.com.ar\/pc-gamer\/","name":"UnitGames","description":"Venta de PC Gamers, Consolas , Servicio Tecnico Especializado. Todos en Accesorios Informaticos y Gamers","publisher":{"@id":"https:\/\/unitgames.com.ar\/pc-gamer\/#organization"},"potentialAction":[{"@type":"SearchAction","target":{"@type":"EntryPoint","urlTemplate":"https:\/\/unitgames.com.ar\/pc-gamer\/?s={search_term_string}"},"query-input":{"@type":"PropertyValueSpecification","valueRequired":true,"valueName":"search_term_string"}}],"inLanguage":"es"},{"@type":"Organization","@id":"https:\/\/unitgames.com.ar\/pc-gamer\/#organization","name":"UnitGames","url":"https:\/\/unitgames.com.ar\/pc-gamer\/","logo":{"@type":"ImageObject","inLanguage":"es","@id":"https:\/\/unitgames.com.ar\/pc-gamer\/#\/schema\/logo\/image\/","url":"https:\/\/unitgames.com.ar\/pc-gamer\/wp-content\/uploads\/2021\/01\/cropped-logoUnitGames2.png","contentUrl":"https:\/\/unitgames.com.ar\/pc-gamer\/wp-content\/uploads\/2021\/01\/cropped-logoUnitGames2.png","width":152,"height":200,"caption":"UnitGames"},"image":{"@id":"https:\/\/unitgames.com.ar\/pc-gamer\/#\/schema\/logo\/image\/"}}]}},"_links":{"self":[{"href":"https:\/\/unitgames.com.ar\/pc-gamer\/wp-json\/wp\/v2\/product\/15402","targetHints":{"allow":["GET"]}}],"collection":[{"href":"https:\/\/unitgames.com.ar\/pc-gamer\/wp-json\/wp\/v2\/product"}],"about":[{"href":"https:\/\/unitgames.com.ar\/pc-gamer\/wp-json\/wp\/v2\/types\/product"}],"version-history":[{"count":0,"href":"https:\/\/unitgames.com.ar\/pc-gamer\/wp-json\/wp\/v2\/product\/15402\/revisions"}],"wp:featuredmedia":[{"embeddable":true,"href":"https:\/\/unitgames.com.ar\/pc-gamer\/wp-json\/wp\/v2\/media\/15404"}],"wp:attachment":[{"href":"https:\/\/unitgames.com.ar\/pc-gamer\/wp-json\/wp\/v2\/media?parent=15402"}],"wp:term":[{"taxonomy":"product_brand","embeddable":true,"href":"https:\/\/unitgames.com.ar\/pc-gamer\/wp-json\/wp\/v2\/product_brand?post=15402"},{"taxonomy":"product_cat","embeddable":true,"href":"https:\/\/unitgames.com.ar\/pc-gamer\/wp-json\/wp\/v2\/product_cat?post=15402"},{"taxonomy":"product_tag","embeddable":true,"href":"https:\/\/unitgames.com.ar\/pc-gamer\/wp-json\/wp\/v2\/product_tag?post=15402"}],"curies":[{"name":"wp","href":"https:\/\/api.w.org\/{rel}","templated":true}]}}