{"id":15482,"date":"2025-06-07T18:42:29","date_gmt":"2025-06-07T21:42:29","guid":{"rendered":"https:\/\/unitgames.com.ar\/pc-gamer\/?post_type=product&#038;p=15482"},"modified":"2026-03-21T14:44:17","modified_gmt":"2026-03-21T17:44:17","slug":"monitor-gigabyte-25-gs25f2-ips-200hz","status":"publish","type":"product","link":"https:\/\/unitgames.com.ar\/pc-gamer\/producto\/monitor-gigabyte-25-gs25f2-ips-200hz\/","title":{"rendered":"Monitor GIGABYTE 25\u00b4\u00b4 GS25F2 IPS 200Hz"},"content":{"rendered":"<h3 data-start=\"136\" data-end=\"169\">Especificaciones T\u00e9cnicas<\/h3>\n<p>&nbsp;<\/p>\n<ul>\n<li data-start=\"173\" data-end=\"194\"><strong data-start=\"173\" data-end=\"183\">Marca:<\/strong> GIGABYTE<\/li>\n<li data-start=\"197\" data-end=\"217\"><strong data-start=\"197\" data-end=\"208\">Modelo:<\/strong> GS25F2<\/li>\n<li data-start=\"220\" data-end=\"251\"><strong data-start=\"220\" data-end=\"243\">Tama\u00f1o de pantalla:<\/strong> 24.5&#8243;<\/li>\n<li data-start=\"254\" data-end=\"287\"><strong data-start=\"254\" data-end=\"277\">Tipo de resoluci\u00f3n:<\/strong> Full HD<\/li>\n<li data-start=\"290\" data-end=\"337\"><strong data-start=\"290\" data-end=\"320\">Resoluci\u00f3n de la pantalla:<\/strong> 1920 x 1080 px<\/li>\n<li data-start=\"340\" data-end=\"382\"><strong data-start=\"340\" data-end=\"358\">Tipo de panel:<\/strong> IPS (Super Speed IPS)<\/li>\n<li data-start=\"385\" data-end=\"559\"><strong data-start=\"385\" data-end=\"416\">Tecnolog\u00edas de la pantalla:<\/strong> Adaptive-Sync, FreeSync Premium, Black Equalizer, Flicker-Free, Low Blue Light, Smart OD, GameAssist (crosshair, temporizador, contador FPS)<\/li>\n<li data-start=\"562\" data-end=\"598\"><strong data-start=\"562\" data-end=\"589\">Frecuencia de refresco:<\/strong> 200 Hz<\/li>\n<li data-start=\"601\" data-end=\"638\"><strong data-start=\"601\" data-end=\"625\">Tiempo de respuesta:<\/strong> 1 ms (GtG)<\/li>\n<li data-start=\"641\" data-end=\"735\"><strong data-start=\"641\" data-end=\"668\">Conexiones del monitor:<\/strong> 2 HDMI 2.0, 1 DisplayPort 1.4, 1 salida de auriculares de 3.5 mm<\/li>\n<li data-start=\"738\" data-end=\"772\"><strong data-start=\"738\" data-end=\"767\">Curvatura de la pantalla:<\/strong> No<\/li>\n<li data-start=\"775\" data-end=\"839\"><strong data-start=\"775\" data-end=\"814\">Cantidad de colores de la pantalla:<\/strong> 16.7 millones (8 bits)<\/li>\n<li data-start=\"842\" data-end=\"873\"><strong data-start=\"842\" data-end=\"866\">Relaci\u00f3n de aspecto:<\/strong> 16:9<\/li>\n<li data-start=\"876\" data-end=\"899\"><strong data-start=\"876\" data-end=\"890\">Contraste:<\/strong> 1000:1<\/li>\n<li data-start=\"902\" data-end=\"941\"><strong data-start=\"902\" data-end=\"934\">\u00c1ngulo de visi\u00f3n horizontal:<\/strong> 178\u00b0<\/li>\n<li data-start=\"944\" data-end=\"981\"><strong data-start=\"944\" data-end=\"974\">\u00c1ngulo de visi\u00f3n vertical:<\/strong> 178\u00b0<\/li>\n<li data-start=\"984\" data-end=\"1029\"><strong data-start=\"984\" data-end=\"995\">Brillo:<\/strong> 300 a 375 cd\/m\u00b2 (t\u00edpico\/m\u00e1ximo)<\/li>\n<li data-start=\"1032\" data-end=\"1057\"><strong data-start=\"1032\" data-end=\"1052\">Es antirreflejo:<\/strong> S\u00ed<\/li>\n<li data-start=\"1060\" data-end=\"1095\"><strong data-start=\"1060\" data-end=\"1090\">Conexi\u00f3n para auriculares:<\/strong> S\u00ed<\/li>\n<li data-start=\"1098\" data-end=\"1150\"><strong data-start=\"1098\" data-end=\"1118\">\u00bfEs reclinable?:<\/strong> S\u00ed (inclinaci\u00f3n de -5\u00b0 a 20\u00b0)<\/li>\n<li data-start=\"1153\" data-end=\"1188\"><strong data-start=\"1153\" data-end=\"1174\">Tipo de pantalla:<\/strong> LED (W-LED)<\/li>\n<li data-start=\"1191\" data-end=\"1231\"><strong data-start=\"1191\" data-end=\"1216\">Altavoces integrados:<\/strong> S\u00ed (2 x 2 W)<\/li>\n<li data-start=\"1234\" data-end=\"1271\"><strong data-start=\"1234\" data-end=\"1251\">Montaje VESA:<\/strong> S\u00ed (100 x 100 mm)<\/li>\n<li data-start=\"1274\" data-end=\"1326\"><strong data-start=\"1274\" data-end=\"1296\">Dise\u00f1o sin bordes:<\/strong> S\u00ed (marco delgado en 3 lados)<\/li>\n<\/ul>\n<p>&nbsp;<\/p>\n<p>&nbsp;<\/p>\n","protected":false},"excerpt":{"rendered":"<p>Especificaciones T\u00e9cnicas &nbsp; Marca: GIGABYTE Modelo: GS25F2 Tama\u00f1o de pantalla: 24.5&#8243; Tipo de resoluci\u00f3n: Full HD Resoluci\u00f3n de la pantalla: 1920 x 1080 px Tipo de panel: IPS (Super Speed IPS) Tecnolog\u00edas de la pantalla: Adaptive-Sync, FreeSync Premium, Black Equalizer, Flicker-Free, Low Blue Light, Smart OD, GameAssist (crosshair, temporizador, contador FPS) Frecuencia de refresco: 200 Hz Tiempo de respuesta: 1 ms (GtG) Conexiones del monitor: 2 HDMI 2.0, 1 DisplayPort 1.4, 1 salida de auriculares de 3.5 mm Curvatura de la pantalla: No Cantidad de colores de la pantalla: 16.7 millones (8 bits) Relaci\u00f3n de aspecto: 16:9 Contraste: 1000:1 \u00c1ngulo de visi\u00f3n horizontal: 178\u00b0 \u00c1ngulo de visi\u00f3n vertical: 178\u00b0 Brillo: 300 a 375 cd\/m\u00b2 (t\u00edpico\/m\u00e1ximo) Es antirreflejo: S\u00ed Conexi\u00f3n para auriculares: S\u00ed \u00bfEs reclinable?: S\u00ed (inclinaci\u00f3n de -5\u00b0 a 20\u00b0) Tipo de pantalla: LED (W-LED) Altavoces integrados: S\u00ed (2 x 2 W) Montaje VESA: S\u00ed (100 x 100 mm) Dise\u00f1o sin bordes: S\u00ed (marco delgado en 3 lados) &nbsp; &nbsp;<\/p>\n","protected":false},"featured_media":15490,"template":"","meta":{"site-sidebar-layout":"default","site-content-layout":"","ast-site-content-layout":"default","site-content-style":"default","site-sidebar-style":"default","ast-global-header-display":"","ast-banner-title-visibility":"","ast-main-header-display":"","ast-hfb-above-header-display":"","ast-hfb-below-header-display":"","ast-hfb-mobile-header-display":"","site-post-title":"","ast-breadcrumbs-content":"","ast-featured-img":"","footer-sml-layout":"","theme-transparent-header-meta":"default","adv-header-id-meta":"","stick-header-meta":"","header-above-stick-meta":"","header-main-stick-meta":"","header-below-stick-meta":"","astra-migrate-meta-layouts":"set","ast-page-background-enabled":"default","ast-page-background-meta":{"desktop":{"background-color":"var(--ast-global-color-5)","background-image":"","background-repeat":"repeat","background-position":"center center","background-size":"auto","background-attachment":"scroll","background-type":"","background-media":"","overlay-type":"","overlay-color":"","overlay-opacity":"","overlay-gradient":""},"tablet":{"background-color":"","background-image":"","background-repeat":"repeat","background-position":"center center","background-size":"auto","background-attachment":"scroll","background-type":"","background-media":"","overlay-type":"","overlay-color":"","overlay-opacity":"","overlay-gradient":""},"mobile":{"background-color":"","background-image":"","background-repeat":"repeat","background-position":"center center","background-size":"auto","background-attachment":"scroll","background-type":"","background-media":"","overlay-type":"","overlay-color":"","overlay-opacity":"","overlay-gradient":""}},"ast-content-background-meta":{"desktop":{"background-color":"var(--ast-global-color-4)","background-image":"","background-repeat":"repeat","background-position":"center center","background-size":"auto","background-attachment":"scroll","background-type":"","background-media":"","overlay-type":"","overlay-color":"","overlay-opacity":"","overlay-gradient":""},"tablet":{"background-color":"var(--ast-global-color-4)","background-image":"","background-repeat":"repeat","background-position":"center center","background-size":"auto","background-attachment":"scroll","background-type":"","background-media":"","overlay-type":"","overlay-color":"","overlay-opacity":"","overlay-gradient":""},"mobile":{"background-color":"var(--ast-global-color-4)","background-image":"","background-repeat":"repeat","background-position":"center center","background-size":"auto","background-attachment":"scroll","background-type":"","background-media":"","overlay-type":"","overlay-color":"","overlay-opacity":"","overlay-gradient":""}},"_joinchat":[]},"product_brand":[],"product_cat":[70],"product_tag":[],"class_list":{"0":"post-15482","1":"product","2":"type-product","3":"status-publish","4":"has-post-thumbnail","6":"product_cat-monitores","7":"desktop-align-center","8":"tablet-align-left","9":"mobile-align-left","11":"first","12":"instock","13":"shipping-taxable","14":"purchasable","15":"product-type-simple"},"yoast_head":"<!-- This site is optimized with the Yoast SEO plugin v27.5 - https:\/\/yoast.com\/product\/yoast-seo-wordpress\/ -->\n<title>Monitor GIGABYTE 25\u00b4\u00b4 GS25F2 IPS 200Hz - UnitGames<\/title>\n<meta name=\"robots\" content=\"index, follow, max-snippet:-1, max-image-preview:large, max-video-preview:-1\" \/>\n<link rel=\"canonical\" href=\"https:\/\/unitgames.com.ar\/pc-gamer\/producto\/monitor-gigabyte-25-gs25f2-ips-200hz\/\" \/>\n<meta property=\"og:locale\" content=\"es_ES\" \/>\n<meta property=\"og:type\" content=\"article\" \/>\n<meta property=\"og:title\" content=\"Monitor GIGABYTE 25\u00b4\u00b4 GS25F2 IPS 200Hz - UnitGames\" \/>\n<meta property=\"og:description\" content=\"Especificaciones T\u00e9cnicas &nbsp; Marca: GIGABYTE Modelo: GS25F2 Tama\u00f1o de pantalla: 24.5&#8243; Tipo de resoluci\u00f3n: Full HD Resoluci\u00f3n de la pantalla: 1920 x 1080 px Tipo de panel: IPS (Super Speed IPS) Tecnolog\u00edas de la pantalla: Adaptive-Sync, FreeSync Premium, Black Equalizer, Flicker-Free, Low Blue Light, Smart OD, GameAssist (crosshair, temporizador, contador FPS) Frecuencia de refresco: 200 Hz Tiempo de respuesta: 1 ms (GtG) Conexiones del monitor: 2 HDMI 2.0, 1 DisplayPort 1.4, 1 salida de auriculares de 3.5 mm Curvatura de la pantalla: No Cantidad de colores de la pantalla: 16.7 millones (8 bits) Relaci\u00f3n de aspecto: 16:9 Contraste: 1000:1 \u00c1ngulo de visi\u00f3n horizontal: 178\u00b0 \u00c1ngulo de visi\u00f3n vertical: 178\u00b0 Brillo: 300 a 375 cd\/m\u00b2 (t\u00edpico\/m\u00e1ximo) Es antirreflejo: S\u00ed Conexi\u00f3n para auriculares: S\u00ed \u00bfEs reclinable?: S\u00ed (inclinaci\u00f3n de -5\u00b0 a 20\u00b0) Tipo de pantalla: LED (W-LED) Altavoces integrados: S\u00ed (2 x 2 W) Montaje VESA: S\u00ed (100 x 100 mm) Dise\u00f1o sin bordes: S\u00ed (marco delgado en 3 lados) &nbsp; &nbsp;\" \/>\n<meta property=\"og:url\" content=\"https:\/\/unitgames.com.ar\/pc-gamer\/producto\/monitor-gigabyte-25-gs25f2-ips-200hz\/\" \/>\n<meta property=\"og:site_name\" content=\"UnitGames\" \/>\n<meta property=\"article:modified_time\" content=\"2026-03-21T17:44:17+00:00\" \/>\n<meta property=\"og:image\" content=\"https:\/\/unitgames.com.ar\/pc-gamer\/wp-content\/uploads\/2025\/06\/Monitor-GIGABYTE-25-GS25F2-IPS-200Hz-1.png\" \/>\n\t<meta property=\"og:image:width\" content=\"1283\" \/>\n\t<meta property=\"og:image:height\" content=\"1283\" \/>\n\t<meta property=\"og:image:type\" content=\"image\/png\" \/>\n<meta name=\"twitter:card\" content=\"summary_large_image\" \/>\n<meta name=\"twitter:label1\" content=\"Tiempo de lectura\" \/>\n\t<meta name=\"twitter:data1\" content=\"1 minuto\" \/>\n<script type=\"application\/ld+json\" class=\"yoast-schema-graph\">{\"@context\":\"https:\\\/\\\/schema.org\",\"@graph\":[{\"@type\":\"WebPage\",\"@id\":\"https:\\\/\\\/unitgames.com.ar\\\/pc-gamer\\\/producto\\\/monitor-gigabyte-25-gs25f2-ips-200hz\\\/\",\"url\":\"https:\\\/\\\/unitgames.com.ar\\\/pc-gamer\\\/producto\\\/monitor-gigabyte-25-gs25f2-ips-200hz\\\/\",\"name\":\"Monitor GIGABYTE 25\u00b4\u00b4 GS25F2 IPS 200Hz - UnitGames\",\"isPartOf\":{\"@id\":\"https:\\\/\\\/unitgames.com.ar\\\/pc-gamer\\\/#website\"},\"primaryImageOfPage\":{\"@id\":\"https:\\\/\\\/unitgames.com.ar\\\/pc-gamer\\\/producto\\\/monitor-gigabyte-25-gs25f2-ips-200hz\\\/#primaryimage\"},\"image\":{\"@id\":\"https:\\\/\\\/unitgames.com.ar\\\/pc-gamer\\\/producto\\\/monitor-gigabyte-25-gs25f2-ips-200hz\\\/#primaryimage\"},\"thumbnailUrl\":\"https:\\\/\\\/unitgames.com.ar\\\/pc-gamer\\\/wp-content\\\/uploads\\\/2025\\\/06\\\/Monitor-GIGABYTE-25-GS25F2-IPS-200Hz-1.png\",\"datePublished\":\"2025-06-07T21:42:29+00:00\",\"dateModified\":\"2026-03-21T17:44:17+00:00\",\"breadcrumb\":{\"@id\":\"https:\\\/\\\/unitgames.com.ar\\\/pc-gamer\\\/producto\\\/monitor-gigabyte-25-gs25f2-ips-200hz\\\/#breadcrumb\"},\"inLanguage\":\"es\",\"potentialAction\":[{\"@type\":\"ReadAction\",\"target\":[\"https:\\\/\\\/unitgames.com.ar\\\/pc-gamer\\\/producto\\\/monitor-gigabyte-25-gs25f2-ips-200hz\\\/\"]}]},{\"@type\":\"ImageObject\",\"inLanguage\":\"es\",\"@id\":\"https:\\\/\\\/unitgames.com.ar\\\/pc-gamer\\\/producto\\\/monitor-gigabyte-25-gs25f2-ips-200hz\\\/#primaryimage\",\"url\":\"https:\\\/\\\/unitgames.com.ar\\\/pc-gamer\\\/wp-content\\\/uploads\\\/2025\\\/06\\\/Monitor-GIGABYTE-25-GS25F2-IPS-200Hz-1.png\",\"contentUrl\":\"https:\\\/\\\/unitgames.com.ar\\\/pc-gamer\\\/wp-content\\\/uploads\\\/2025\\\/06\\\/Monitor-GIGABYTE-25-GS25F2-IPS-200Hz-1.png\",\"width\":1283,\"height\":1283},{\"@type\":\"BreadcrumbList\",\"@id\":\"https:\\\/\\\/unitgames.com.ar\\\/pc-gamer\\\/producto\\\/monitor-gigabyte-25-gs25f2-ips-200hz\\\/#breadcrumb\",\"itemListElement\":[{\"@type\":\"ListItem\",\"position\":1,\"name\":\"Tienda\",\"item\":\"https:\\\/\\\/unitgames.com.ar\\\/pc-gamer\\\/tienda\\\/\"},{\"@type\":\"ListItem\",\"position\":2,\"name\":\"Monitor GIGABYTE 25\u00b4\u00b4 GS25F2 IPS 200Hz\"}]},{\"@type\":\"WebSite\",\"@id\":\"https:\\\/\\\/unitgames.com.ar\\\/pc-gamer\\\/#website\",\"url\":\"https:\\\/\\\/unitgames.com.ar\\\/pc-gamer\\\/\",\"name\":\"UnitGames\",\"description\":\"Venta de PC Gamers, Consolas , Servicio Tecnico Especializado. Todos en Accesorios Informaticos y Gamers\",\"publisher\":{\"@id\":\"https:\\\/\\\/unitgames.com.ar\\\/pc-gamer\\\/#organization\"},\"potentialAction\":[{\"@type\":\"SearchAction\",\"target\":{\"@type\":\"EntryPoint\",\"urlTemplate\":\"https:\\\/\\\/unitgames.com.ar\\\/pc-gamer\\\/?s={search_term_string}\"},\"query-input\":{\"@type\":\"PropertyValueSpecification\",\"valueRequired\":true,\"valueName\":\"search_term_string\"}}],\"inLanguage\":\"es\"},{\"@type\":\"Organization\",\"@id\":\"https:\\\/\\\/unitgames.com.ar\\\/pc-gamer\\\/#organization\",\"name\":\"UnitGames\",\"url\":\"https:\\\/\\\/unitgames.com.ar\\\/pc-gamer\\\/\",\"logo\":{\"@type\":\"ImageObject\",\"inLanguage\":\"es\",\"@id\":\"https:\\\/\\\/unitgames.com.ar\\\/pc-gamer\\\/#\\\/schema\\\/logo\\\/image\\\/\",\"url\":\"https:\\\/\\\/unitgames.com.ar\\\/pc-gamer\\\/wp-content\\\/uploads\\\/2021\\\/01\\\/cropped-logoUnitGames2.png\",\"contentUrl\":\"https:\\\/\\\/unitgames.com.ar\\\/pc-gamer\\\/wp-content\\\/uploads\\\/2021\\\/01\\\/cropped-logoUnitGames2.png\",\"width\":152,\"height\":200,\"caption\":\"UnitGames\"},\"image\":{\"@id\":\"https:\\\/\\\/unitgames.com.ar\\\/pc-gamer\\\/#\\\/schema\\\/logo\\\/image\\\/\"}}]}<\/script>\n<!-- \/ Yoast SEO plugin. -->","yoast_head_json":{"title":"Monitor GIGABYTE 25\u00b4\u00b4 GS25F2 IPS 200Hz - UnitGames","robots":{"index":"index","follow":"follow","max-snippet":"max-snippet:-1","max-image-preview":"max-image-preview:large","max-video-preview":"max-video-preview:-1"},"canonical":"https:\/\/unitgames.com.ar\/pc-gamer\/producto\/monitor-gigabyte-25-gs25f2-ips-200hz\/","og_locale":"es_ES","og_type":"article","og_title":"Monitor GIGABYTE 25\u00b4\u00b4 GS25F2 IPS 200Hz - UnitGames","og_description":"Especificaciones T\u00e9cnicas &nbsp; Marca: GIGABYTE Modelo: GS25F2 Tama\u00f1o de pantalla: 24.5&#8243; Tipo de resoluci\u00f3n: Full HD Resoluci\u00f3n de la pantalla: 1920 x 1080 px Tipo de panel: IPS (Super Speed IPS) Tecnolog\u00edas de la pantalla: Adaptive-Sync, FreeSync Premium, Black Equalizer, Flicker-Free, Low Blue Light, Smart OD, GameAssist (crosshair, temporizador, contador FPS) Frecuencia de refresco: 200 Hz Tiempo de respuesta: 1 ms (GtG) Conexiones del monitor: 2 HDMI 2.0, 1 DisplayPort 1.4, 1 salida de auriculares de 3.5 mm Curvatura de la pantalla: No Cantidad de colores de la pantalla: 16.7 millones (8 bits) Relaci\u00f3n de aspecto: 16:9 Contraste: 1000:1 \u00c1ngulo de visi\u00f3n horizontal: 178\u00b0 \u00c1ngulo de visi\u00f3n vertical: 178\u00b0 Brillo: 300 a 375 cd\/m\u00b2 (t\u00edpico\/m\u00e1ximo) Es antirreflejo: S\u00ed Conexi\u00f3n para auriculares: S\u00ed \u00bfEs reclinable?: S\u00ed (inclinaci\u00f3n de -5\u00b0 a 20\u00b0) Tipo de pantalla: LED (W-LED) Altavoces integrados: S\u00ed (2 x 2 W) Montaje VESA: S\u00ed (100 x 100 mm) Dise\u00f1o sin bordes: S\u00ed (marco delgado en 3 lados) &nbsp; &nbsp;","og_url":"https:\/\/unitgames.com.ar\/pc-gamer\/producto\/monitor-gigabyte-25-gs25f2-ips-200hz\/","og_site_name":"UnitGames","article_modified_time":"2026-03-21T17:44:17+00:00","og_image":[{"width":1283,"height":1283,"url":"https:\/\/unitgames.com.ar\/pc-gamer\/wp-content\/uploads\/2025\/06\/Monitor-GIGABYTE-25-GS25F2-IPS-200Hz-1.png","type":"image\/png"}],"twitter_card":"summary_large_image","twitter_misc":{"Tiempo de lectura":"1 minuto"},"schema":{"@context":"https:\/\/schema.org","@graph":[{"@type":"WebPage","@id":"https:\/\/unitgames.com.ar\/pc-gamer\/producto\/monitor-gigabyte-25-gs25f2-ips-200hz\/","url":"https:\/\/unitgames.com.ar\/pc-gamer\/producto\/monitor-gigabyte-25-gs25f2-ips-200hz\/","name":"Monitor GIGABYTE 25\u00b4\u00b4 GS25F2 IPS 200Hz - UnitGames","isPartOf":{"@id":"https:\/\/unitgames.com.ar\/pc-gamer\/#website"},"primaryImageOfPage":{"@id":"https:\/\/unitgames.com.ar\/pc-gamer\/producto\/monitor-gigabyte-25-gs25f2-ips-200hz\/#primaryimage"},"image":{"@id":"https:\/\/unitgames.com.ar\/pc-gamer\/producto\/monitor-gigabyte-25-gs25f2-ips-200hz\/#primaryimage"},"thumbnailUrl":"https:\/\/unitgames.com.ar\/pc-gamer\/wp-content\/uploads\/2025\/06\/Monitor-GIGABYTE-25-GS25F2-IPS-200Hz-1.png","datePublished":"2025-06-07T21:42:29+00:00","dateModified":"2026-03-21T17:44:17+00:00","breadcrumb":{"@id":"https:\/\/unitgames.com.ar\/pc-gamer\/producto\/monitor-gigabyte-25-gs25f2-ips-200hz\/#breadcrumb"},"inLanguage":"es","potentialAction":[{"@type":"ReadAction","target":["https:\/\/unitgames.com.ar\/pc-gamer\/producto\/monitor-gigabyte-25-gs25f2-ips-200hz\/"]}]},{"@type":"ImageObject","inLanguage":"es","@id":"https:\/\/unitgames.com.ar\/pc-gamer\/producto\/monitor-gigabyte-25-gs25f2-ips-200hz\/#primaryimage","url":"https:\/\/unitgames.com.ar\/pc-gamer\/wp-content\/uploads\/2025\/06\/Monitor-GIGABYTE-25-GS25F2-IPS-200Hz-1.png","contentUrl":"https:\/\/unitgames.com.ar\/pc-gamer\/wp-content\/uploads\/2025\/06\/Monitor-GIGABYTE-25-GS25F2-IPS-200Hz-1.png","width":1283,"height":1283},{"@type":"BreadcrumbList","@id":"https:\/\/unitgames.com.ar\/pc-gamer\/producto\/monitor-gigabyte-25-gs25f2-ips-200hz\/#breadcrumb","itemListElement":[{"@type":"ListItem","position":1,"name":"Tienda","item":"https:\/\/unitgames.com.ar\/pc-gamer\/tienda\/"},{"@type":"ListItem","position":2,"name":"Monitor GIGABYTE 25\u00b4\u00b4 GS25F2 IPS 200Hz"}]},{"@type":"WebSite","@id":"https:\/\/unitgames.com.ar\/pc-gamer\/#website","url":"https:\/\/unitgames.com.ar\/pc-gamer\/","name":"UnitGames","description":"Venta de PC Gamers, Consolas , Servicio Tecnico Especializado. Todos en Accesorios Informaticos y Gamers","publisher":{"@id":"https:\/\/unitgames.com.ar\/pc-gamer\/#organization"},"potentialAction":[{"@type":"SearchAction","target":{"@type":"EntryPoint","urlTemplate":"https:\/\/unitgames.com.ar\/pc-gamer\/?s={search_term_string}"},"query-input":{"@type":"PropertyValueSpecification","valueRequired":true,"valueName":"search_term_string"}}],"inLanguage":"es"},{"@type":"Organization","@id":"https:\/\/unitgames.com.ar\/pc-gamer\/#organization","name":"UnitGames","url":"https:\/\/unitgames.com.ar\/pc-gamer\/","logo":{"@type":"ImageObject","inLanguage":"es","@id":"https:\/\/unitgames.com.ar\/pc-gamer\/#\/schema\/logo\/image\/","url":"https:\/\/unitgames.com.ar\/pc-gamer\/wp-content\/uploads\/2021\/01\/cropped-logoUnitGames2.png","contentUrl":"https:\/\/unitgames.com.ar\/pc-gamer\/wp-content\/uploads\/2021\/01\/cropped-logoUnitGames2.png","width":152,"height":200,"caption":"UnitGames"},"image":{"@id":"https:\/\/unitgames.com.ar\/pc-gamer\/#\/schema\/logo\/image\/"}}]}},"_links":{"self":[{"href":"https:\/\/unitgames.com.ar\/pc-gamer\/wp-json\/wp\/v2\/product\/15482","targetHints":{"allow":["GET"]}}],"collection":[{"href":"https:\/\/unitgames.com.ar\/pc-gamer\/wp-json\/wp\/v2\/product"}],"about":[{"href":"https:\/\/unitgames.com.ar\/pc-gamer\/wp-json\/wp\/v2\/types\/product"}],"version-history":[{"count":0,"href":"https:\/\/unitgames.com.ar\/pc-gamer\/wp-json\/wp\/v2\/product\/15482\/revisions"}],"wp:featuredmedia":[{"embeddable":true,"href":"https:\/\/unitgames.com.ar\/pc-gamer\/wp-json\/wp\/v2\/media\/15490"}],"wp:attachment":[{"href":"https:\/\/unitgames.com.ar\/pc-gamer\/wp-json\/wp\/v2\/media?parent=15482"}],"wp:term":[{"taxonomy":"product_brand","embeddable":true,"href":"https:\/\/unitgames.com.ar\/pc-gamer\/wp-json\/wp\/v2\/product_brand?post=15482"},{"taxonomy":"product_cat","embeddable":true,"href":"https:\/\/unitgames.com.ar\/pc-gamer\/wp-json\/wp\/v2\/product_cat?post=15482"},{"taxonomy":"product_tag","embeddable":true,"href":"https:\/\/unitgames.com.ar\/pc-gamer\/wp-json\/wp\/v2\/product_tag?post=15482"}],"curies":[{"name":"wp","href":"https:\/\/api.w.org\/{rel}","templated":true}]}}