{"id":15492,"date":"2025-06-07T19:53:37","date_gmt":"2025-06-07T22:53:37","guid":{"rendered":"https:\/\/unitgames.com.ar\/pc-gamer\/?post_type=product&#038;p=15492"},"modified":"2026-04-22T06:56:04","modified_gmt":"2026-04-22T09:56:04","slug":"monitor-arkham-25-ips-200hz","status":"publish","type":"product","link":"https:\/\/unitgames.com.ar\/pc-gamer\/producto\/monitor-arkham-25-ips-200hz\/","title":{"rendered":"Monitor ARKHAM GAMING 25\u00b4\u00b4 IPS 210Hz"},"content":{"rendered":"<h3 data-start=\"137\" data-end=\"170\">\u00a0Especificaciones T\u00e9cnicas<\/h3>\n<p>&nbsp;<\/p>\n<ul>\n<li style=\"list-style-type: none;\">\n<ul data-start=\"172\" data-end=\"1307\">\n<li data-start=\"172\" data-end=\"193\">\n<p data-start=\"174\" data-end=\"193\"><strong data-start=\"174\" data-end=\"184\">Marca:<\/strong> Arkham<\/p>\n<\/li>\n<li data-start=\"194\" data-end=\"221\"><strong data-start=\"224\" data-end=\"247\">Tama\u00f1o de pantalla:<\/strong> 24.5\u2033<\/li>\n<li data-start=\"256\" data-end=\"291\">\n<p data-start=\"258\" data-end=\"291\"><strong data-start=\"258\" data-end=\"281\">Tipo de resoluci\u00f3n:<\/strong> Full HD<\/p>\n<\/li>\n<li data-start=\"292\" data-end=\"341\">\n<p data-start=\"294\" data-end=\"341\"><strong data-start=\"294\" data-end=\"324\">Resoluci\u00f3n de la pantalla:<\/strong> 1920 x 1080 px<\/p>\n<\/li>\n<li data-start=\"342\" data-end=\"368\">\n<p data-start=\"344\" data-end=\"368\"><strong data-start=\"344\" data-end=\"362\">Tipo de panel:<\/strong> IPS<\/p>\n<\/li>\n<li data-start=\"369\" data-end=\"511\">\n<p data-start=\"371\" data-end=\"511\"><strong data-start=\"371\" data-end=\"402\">Tecnolog\u00edas de la pantalla:<\/strong> FreeSync, HDR Ready, Flicker-Free, Low Blue Light, MPRT 1\u202fms, modos de juego (FPS\/RTS), contraste din\u00e1mico<\/p>\n<\/li>\n<li data-start=\"512\" data-end=\"618\">\n<p data-start=\"514\" data-end=\"618\"><strong data-start=\"514\" data-end=\"541\">Frecuencia de refresco:<\/strong> 210 Hz (requiere DisplayPort para los 210 Hz; por HDMI llega hasta 144 Hz)<\/p>\n<\/li>\n<li data-start=\"619\" data-end=\"652\">\n<p data-start=\"621\" data-end=\"652\"><strong data-start=\"621\" data-end=\"645\">Tiempo de respuesta:<\/strong> 1 ms<\/p>\n<\/li>\n<li data-start=\"653\" data-end=\"741\">\n<p data-start=\"655\" data-end=\"741\"><strong data-start=\"655\" data-end=\"682\">Conexiones del monitor:<\/strong> 2 HDMI, 1 DisplayPort, 1 salida de auriculares de 3.5 mm<\/p>\n<\/li>\n<li data-start=\"742\" data-end=\"778\">\n<p data-start=\"744\" data-end=\"778\"><strong data-start=\"744\" data-end=\"773\">Curvatura de la pantalla:<\/strong> No<\/p>\n<\/li>\n<li data-start=\"779\" data-end=\"845\">\n<p data-start=\"781\" data-end=\"845\"><strong data-start=\"781\" data-end=\"820\">Cantidad de colores de la pantalla:<\/strong> 16.7 millones (8 bits)<\/p>\n<\/li>\n<li data-start=\"846\" data-end=\"879\">\n<p data-start=\"848\" data-end=\"879\"><strong data-start=\"848\" data-end=\"872\">Relaci\u00f3n de aspecto:<\/strong> 16:9<\/p>\n<\/li>\n<li data-start=\"880\" data-end=\"905\">\n<p data-start=\"882\" data-end=\"905\"><strong data-start=\"882\" data-end=\"896\">Contraste:<\/strong> 1000:1<\/p>\n<\/li>\n<li data-start=\"906\" data-end=\"947\">\n<p data-start=\"908\" data-end=\"947\"><strong data-start=\"908\" data-end=\"940\">\u00c1ngulo de visi\u00f3n horizontal:<\/strong> 178\u00b0<\/p>\n<\/li>\n<li data-start=\"948\" data-end=\"987\">\n<p data-start=\"950\" data-end=\"987\"><strong data-start=\"950\" data-end=\"980\">\u00c1ngulo de visi\u00f3n vertical:<\/strong> 178\u00b0<\/p>\n<\/li>\n<li data-start=\"988\" data-end=\"1013\">\n<p data-start=\"990\" data-end=\"1013\"><strong data-start=\"990\" data-end=\"1001\">Brillo:<\/strong> 400 cd\/m\u00b2<\/p>\n<\/li>\n<li data-start=\"1014\" data-end=\"1041\">\n<p data-start=\"1016\" data-end=\"1041\"><strong data-start=\"1016\" data-end=\"1036\">Es antirreflejo:<\/strong> S\u00ed<\/p>\n<\/li>\n<li data-start=\"1042\" data-end=\"1079\">\n<p data-start=\"1044\" data-end=\"1079\"><strong data-start=\"1044\" data-end=\"1074\">Conexi\u00f3n para auriculares:<\/strong> S\u00ed<\/p>\n<\/li>\n<li data-start=\"1080\" data-end=\"1135\">\n<p data-start=\"1082\" data-end=\"1135\"><strong data-start=\"1082\" data-end=\"1102\">\u00bfEs reclinable?:<\/strong> S\u00ed (inclinaci\u00f3n de \u20135\u00b0 a +15\u00b0)<\/p>\n<\/li>\n<li data-start=\"1136\" data-end=\"1165\">\n<p data-start=\"1138\" data-end=\"1165\"><strong data-start=\"1138\" data-end=\"1159\">Tipo de pantalla:<\/strong> LED<\/p>\n<\/li>\n<li data-start=\"1166\" data-end=\"1208\">\n<p data-start=\"1168\" data-end=\"1208\"><strong data-start=\"1168\" data-end=\"1193\">Altavoces integrados:<\/strong> S\u00ed (2 x 3 W)<\/p>\n<\/li>\n<li data-start=\"1209\" data-end=\"1248\">\n<p data-start=\"1211\" data-end=\"1248\"><strong data-start=\"1211\" data-end=\"1228\">Montaje VESA:<\/strong> S\u00ed (100 x 100 mm)<\/p>\n<\/li>\n<li data-start=\"1249\" data-end=\"1307\">\n<p data-start=\"1251\" data-end=\"1307\"><strong data-start=\"1251\" data-end=\"1273\">Dise\u00f1o sin bordes:<\/strong> S\u00ed (marcos delgados en 3 lados)<\/p>\n<\/li>\n<\/ul>\n<\/li>\n<\/ul>\n","protected":false},"excerpt":{"rendered":"<p>\u00a0Especificaciones T\u00e9cnicas &nbsp; Marca: Arkham Tama\u00f1o de pantalla: 24.5\u2033 Tipo de resoluci\u00f3n: Full HD Resoluci\u00f3n de la pantalla: 1920 x 1080 px Tipo de panel: IPS Tecnolog\u00edas de la pantalla: FreeSync, HDR Ready, Flicker-Free, Low Blue Light, MPRT 1\u202fms, modos de juego (FPS\/RTS), contraste din\u00e1mico Frecuencia de refresco: 210 Hz (requiere DisplayPort para los 210 Hz; por HDMI llega hasta 144 Hz) Tiempo de respuesta: 1 ms Conexiones del monitor: 2 HDMI, 1 DisplayPort, 1 salida de auriculares de 3.5 mm Curvatura de la pantalla: No Cantidad de colores de la pantalla: 16.7 millones (8 bits) Relaci\u00f3n de aspecto: 16:9 Contraste: 1000:1 \u00c1ngulo de visi\u00f3n horizontal: 178\u00b0 \u00c1ngulo de visi\u00f3n vertical: 178\u00b0 Brillo: 400 cd\/m\u00b2 Es antirreflejo: S\u00ed Conexi\u00f3n para auriculares: S\u00ed \u00bfEs reclinable?: S\u00ed (inclinaci\u00f3n de \u20135\u00b0 a +15\u00b0) Tipo de pantalla: LED Altavoces integrados: S\u00ed (2 x 3 W) Montaje VESA: S\u00ed (100 x 100 mm) Dise\u00f1o sin bordes: S\u00ed (marcos delgados en 3 lados)<\/p>\n","protected":false},"featured_media":20948,"template":"","meta":{"site-sidebar-layout":"default","site-content-layout":"","ast-site-content-layout":"default","site-content-style":"default","site-sidebar-style":"default","ast-global-header-display":"","ast-banner-title-visibility":"","ast-main-header-display":"","ast-hfb-above-header-display":"","ast-hfb-below-header-display":"","ast-hfb-mobile-header-display":"","site-post-title":"","ast-breadcrumbs-content":"","ast-featured-img":"","footer-sml-layout":"","theme-transparent-header-meta":"default","adv-header-id-meta":"","stick-header-meta":"","header-above-stick-meta":"","header-main-stick-meta":"","header-below-stick-meta":"","astra-migrate-meta-layouts":"set","ast-page-background-enabled":"default","ast-page-background-meta":{"desktop":{"background-color":"var(--ast-global-color-5)","background-image":"","background-repeat":"repeat","background-position":"center center","background-size":"auto","background-attachment":"scroll","background-type":"","background-media":"","overlay-type":"","overlay-color":"","overlay-opacity":"","overlay-gradient":""},"tablet":{"background-color":"","background-image":"","background-repeat":"repeat","background-position":"center center","background-size":"auto","background-attachment":"scroll","background-type":"","background-media":"","overlay-type":"","overlay-color":"","overlay-opacity":"","overlay-gradient":""},"mobile":{"background-color":"","background-image":"","background-repeat":"repeat","background-position":"center center","background-size":"auto","background-attachment":"scroll","background-type":"","background-media":"","overlay-type":"","overlay-color":"","overlay-opacity":"","overlay-gradient":""}},"ast-content-background-meta":{"desktop":{"background-color":"var(--ast-global-color-4)","background-image":"","background-repeat":"repeat","background-position":"center center","background-size":"auto","background-attachment":"scroll","background-type":"","background-media":"","overlay-type":"","overlay-color":"","overlay-opacity":"","overlay-gradient":""},"tablet":{"background-color":"var(--ast-global-color-4)","background-image":"","background-repeat":"repeat","background-position":"center center","background-size":"auto","background-attachment":"scroll","background-type":"","background-media":"","overlay-type":"","overlay-color":"","overlay-opacity":"","overlay-gradient":""},"mobile":{"background-color":"var(--ast-global-color-4)","background-image":"","background-repeat":"repeat","background-position":"center center","background-size":"auto","background-attachment":"scroll","background-type":"","background-media":"","overlay-type":"","overlay-color":"","overlay-opacity":"","overlay-gradient":""}},"_joinchat":[]},"product_brand":[],"product_cat":[70],"product_tag":[],"class_list":{"0":"post-15492","1":"product","2":"type-product","3":"status-publish","4":"has-post-thumbnail","6":"product_cat-monitores","7":"desktop-align-center","8":"tablet-align-left","9":"mobile-align-left","11":"first","12":"instock","13":"shipping-taxable","14":"purchasable","15":"product-type-simple"},"yoast_head":"<!-- This site is optimized with the Yoast SEO plugin v27.5 - https:\/\/yoast.com\/product\/yoast-seo-wordpress\/ -->\n<title>Monitor ARKHAM GAMING 25\u00b4\u00b4 IPS 210Hz - UnitGames<\/title>\n<meta name=\"robots\" content=\"index, follow, max-snippet:-1, max-image-preview:large, max-video-preview:-1\" \/>\n<link rel=\"canonical\" href=\"https:\/\/unitgames.com.ar\/pc-gamer\/producto\/monitor-arkham-25-ips-200hz\/\" \/>\n<meta property=\"og:locale\" content=\"es_ES\" \/>\n<meta property=\"og:type\" content=\"article\" \/>\n<meta property=\"og:title\" content=\"Monitor ARKHAM GAMING 25\u00b4\u00b4 IPS 210Hz - UnitGames\" \/>\n<meta property=\"og:description\" content=\"\u00a0Especificaciones T\u00e9cnicas &nbsp; Marca: Arkham Tama\u00f1o de pantalla: 24.5\u2033 Tipo de resoluci\u00f3n: Full HD Resoluci\u00f3n de la pantalla: 1920 x 1080 px Tipo de panel: IPS Tecnolog\u00edas de la pantalla: FreeSync, HDR Ready, Flicker-Free, Low Blue Light, MPRT 1\u202fms, modos de juego (FPS\/RTS), contraste din\u00e1mico Frecuencia de refresco: 210 Hz (requiere DisplayPort para los 210 Hz; por HDMI llega hasta 144 Hz) Tiempo de respuesta: 1 ms Conexiones del monitor: 2 HDMI, 1 DisplayPort, 1 salida de auriculares de 3.5 mm Curvatura de la pantalla: No Cantidad de colores de la pantalla: 16.7 millones (8 bits) Relaci\u00f3n de aspecto: 16:9 Contraste: 1000:1 \u00c1ngulo de visi\u00f3n horizontal: 178\u00b0 \u00c1ngulo de visi\u00f3n vertical: 178\u00b0 Brillo: 400 cd\/m\u00b2 Es antirreflejo: S\u00ed Conexi\u00f3n para auriculares: S\u00ed \u00bfEs reclinable?: S\u00ed (inclinaci\u00f3n de \u20135\u00b0 a +15\u00b0) Tipo de pantalla: LED Altavoces integrados: S\u00ed (2 x 3 W) Montaje VESA: S\u00ed (100 x 100 mm) Dise\u00f1o sin bordes: S\u00ed (marcos delgados en 3 lados)\" \/>\n<meta property=\"og:url\" content=\"https:\/\/unitgames.com.ar\/pc-gamer\/producto\/monitor-arkham-25-ips-200hz\/\" \/>\n<meta property=\"og:site_name\" content=\"UnitGames\" \/>\n<meta property=\"article:modified_time\" content=\"2026-04-22T09:56:04+00:00\" \/>\n<meta property=\"og:image\" content=\"https:\/\/unitgames.com.ar\/pc-gamer\/wp-content\/uploads\/2025\/06\/Monitor-ARKHAM-GAMING-25\u00b4\u00b4-IPS-210Hz.png\" \/>\n\t<meta property=\"og:image:width\" content=\"1390\" \/>\n\t<meta property=\"og:image:height\" content=\"1414\" \/>\n\t<meta property=\"og:image:type\" content=\"image\/png\" \/>\n<meta name=\"twitter:card\" content=\"summary_large_image\" \/>\n<meta name=\"twitter:label1\" content=\"Tiempo de lectura\" \/>\n\t<meta name=\"twitter:data1\" content=\"1 minuto\" \/>\n<script type=\"application\/ld+json\" class=\"yoast-schema-graph\">{\"@context\":\"https:\\\/\\\/schema.org\",\"@graph\":[{\"@type\":\"WebPage\",\"@id\":\"https:\\\/\\\/unitgames.com.ar\\\/pc-gamer\\\/producto\\\/monitor-arkham-25-ips-200hz\\\/\",\"url\":\"https:\\\/\\\/unitgames.com.ar\\\/pc-gamer\\\/producto\\\/monitor-arkham-25-ips-200hz\\\/\",\"name\":\"Monitor ARKHAM GAMING 25\u00b4\u00b4 IPS 210Hz - UnitGames\",\"isPartOf\":{\"@id\":\"https:\\\/\\\/unitgames.com.ar\\\/pc-gamer\\\/#website\"},\"primaryImageOfPage\":{\"@id\":\"https:\\\/\\\/unitgames.com.ar\\\/pc-gamer\\\/producto\\\/monitor-arkham-25-ips-200hz\\\/#primaryimage\"},\"image\":{\"@id\":\"https:\\\/\\\/unitgames.com.ar\\\/pc-gamer\\\/producto\\\/monitor-arkham-25-ips-200hz\\\/#primaryimage\"},\"thumbnailUrl\":\"https:\\\/\\\/unitgames.com.ar\\\/pc-gamer\\\/wp-content\\\/uploads\\\/2025\\\/06\\\/Monitor-ARKHAM-GAMING-25\u00b4\u00b4-IPS-210Hz.png\",\"datePublished\":\"2025-06-07T22:53:37+00:00\",\"dateModified\":\"2026-04-22T09:56:04+00:00\",\"breadcrumb\":{\"@id\":\"https:\\\/\\\/unitgames.com.ar\\\/pc-gamer\\\/producto\\\/monitor-arkham-25-ips-200hz\\\/#breadcrumb\"},\"inLanguage\":\"es\",\"potentialAction\":[{\"@type\":\"ReadAction\",\"target\":[\"https:\\\/\\\/unitgames.com.ar\\\/pc-gamer\\\/producto\\\/monitor-arkham-25-ips-200hz\\\/\"]}]},{\"@type\":\"ImageObject\",\"inLanguage\":\"es\",\"@id\":\"https:\\\/\\\/unitgames.com.ar\\\/pc-gamer\\\/producto\\\/monitor-arkham-25-ips-200hz\\\/#primaryimage\",\"url\":\"https:\\\/\\\/unitgames.com.ar\\\/pc-gamer\\\/wp-content\\\/uploads\\\/2025\\\/06\\\/Monitor-ARKHAM-GAMING-25\u00b4\u00b4-IPS-210Hz.png\",\"contentUrl\":\"https:\\\/\\\/unitgames.com.ar\\\/pc-gamer\\\/wp-content\\\/uploads\\\/2025\\\/06\\\/Monitor-ARKHAM-GAMING-25\u00b4\u00b4-IPS-210Hz.png\",\"width\":1390,\"height\":1414},{\"@type\":\"BreadcrumbList\",\"@id\":\"https:\\\/\\\/unitgames.com.ar\\\/pc-gamer\\\/producto\\\/monitor-arkham-25-ips-200hz\\\/#breadcrumb\",\"itemListElement\":[{\"@type\":\"ListItem\",\"position\":1,\"name\":\"Tienda\",\"item\":\"https:\\\/\\\/unitgames.com.ar\\\/pc-gamer\\\/tienda\\\/\"},{\"@type\":\"ListItem\",\"position\":2,\"name\":\"Monitor ARKHAM GAMING 25\u00b4\u00b4 IPS 210Hz\"}]},{\"@type\":\"WebSite\",\"@id\":\"https:\\\/\\\/unitgames.com.ar\\\/pc-gamer\\\/#website\",\"url\":\"https:\\\/\\\/unitgames.com.ar\\\/pc-gamer\\\/\",\"name\":\"UnitGames\",\"description\":\"Venta de PC Gamers, Consolas , Servicio Tecnico Especializado. Todos en Accesorios Informaticos y Gamers\",\"publisher\":{\"@id\":\"https:\\\/\\\/unitgames.com.ar\\\/pc-gamer\\\/#organization\"},\"potentialAction\":[{\"@type\":\"SearchAction\",\"target\":{\"@type\":\"EntryPoint\",\"urlTemplate\":\"https:\\\/\\\/unitgames.com.ar\\\/pc-gamer\\\/?s={search_term_string}\"},\"query-input\":{\"@type\":\"PropertyValueSpecification\",\"valueRequired\":true,\"valueName\":\"search_term_string\"}}],\"inLanguage\":\"es\"},{\"@type\":\"Organization\",\"@id\":\"https:\\\/\\\/unitgames.com.ar\\\/pc-gamer\\\/#organization\",\"name\":\"UnitGames\",\"url\":\"https:\\\/\\\/unitgames.com.ar\\\/pc-gamer\\\/\",\"logo\":{\"@type\":\"ImageObject\",\"inLanguage\":\"es\",\"@id\":\"https:\\\/\\\/unitgames.com.ar\\\/pc-gamer\\\/#\\\/schema\\\/logo\\\/image\\\/\",\"url\":\"https:\\\/\\\/unitgames.com.ar\\\/pc-gamer\\\/wp-content\\\/uploads\\\/2021\\\/01\\\/cropped-logoUnitGames2.png\",\"contentUrl\":\"https:\\\/\\\/unitgames.com.ar\\\/pc-gamer\\\/wp-content\\\/uploads\\\/2021\\\/01\\\/cropped-logoUnitGames2.png\",\"width\":152,\"height\":200,\"caption\":\"UnitGames\"},\"image\":{\"@id\":\"https:\\\/\\\/unitgames.com.ar\\\/pc-gamer\\\/#\\\/schema\\\/logo\\\/image\\\/\"}}]}<\/script>\n<!-- \/ Yoast SEO plugin. -->","yoast_head_json":{"title":"Monitor ARKHAM GAMING 25\u00b4\u00b4 IPS 210Hz - UnitGames","robots":{"index":"index","follow":"follow","max-snippet":"max-snippet:-1","max-image-preview":"max-image-preview:large","max-video-preview":"max-video-preview:-1"},"canonical":"https:\/\/unitgames.com.ar\/pc-gamer\/producto\/monitor-arkham-25-ips-200hz\/","og_locale":"es_ES","og_type":"article","og_title":"Monitor ARKHAM GAMING 25\u00b4\u00b4 IPS 210Hz - UnitGames","og_description":"\u00a0Especificaciones T\u00e9cnicas &nbsp; Marca: Arkham Tama\u00f1o de pantalla: 24.5\u2033 Tipo de resoluci\u00f3n: Full HD Resoluci\u00f3n de la pantalla: 1920 x 1080 px Tipo de panel: IPS Tecnolog\u00edas de la pantalla: FreeSync, HDR Ready, Flicker-Free, Low Blue Light, MPRT 1\u202fms, modos de juego (FPS\/RTS), contraste din\u00e1mico Frecuencia de refresco: 210 Hz (requiere DisplayPort para los 210 Hz; por HDMI llega hasta 144 Hz) Tiempo de respuesta: 1 ms Conexiones del monitor: 2 HDMI, 1 DisplayPort, 1 salida de auriculares de 3.5 mm Curvatura de la pantalla: No Cantidad de colores de la pantalla: 16.7 millones (8 bits) Relaci\u00f3n de aspecto: 16:9 Contraste: 1000:1 \u00c1ngulo de visi\u00f3n horizontal: 178\u00b0 \u00c1ngulo de visi\u00f3n vertical: 178\u00b0 Brillo: 400 cd\/m\u00b2 Es antirreflejo: S\u00ed Conexi\u00f3n para auriculares: S\u00ed \u00bfEs reclinable?: S\u00ed (inclinaci\u00f3n de \u20135\u00b0 a +15\u00b0) Tipo de pantalla: LED Altavoces integrados: S\u00ed (2 x 3 W) Montaje VESA: S\u00ed (100 x 100 mm) Dise\u00f1o sin bordes: S\u00ed (marcos delgados en 3 lados)","og_url":"https:\/\/unitgames.com.ar\/pc-gamer\/producto\/monitor-arkham-25-ips-200hz\/","og_site_name":"UnitGames","article_modified_time":"2026-04-22T09:56:04+00:00","og_image":[{"width":1390,"height":1414,"url":"https:\/\/unitgames.com.ar\/pc-gamer\/wp-content\/uploads\/2025\/06\/Monitor-ARKHAM-GAMING-25\u00b4\u00b4-IPS-210Hz.png","type":"image\/png"}],"twitter_card":"summary_large_image","twitter_misc":{"Tiempo de lectura":"1 minuto"},"schema":{"@context":"https:\/\/schema.org","@graph":[{"@type":"WebPage","@id":"https:\/\/unitgames.com.ar\/pc-gamer\/producto\/monitor-arkham-25-ips-200hz\/","url":"https:\/\/unitgames.com.ar\/pc-gamer\/producto\/monitor-arkham-25-ips-200hz\/","name":"Monitor ARKHAM GAMING 25\u00b4\u00b4 IPS 210Hz - UnitGames","isPartOf":{"@id":"https:\/\/unitgames.com.ar\/pc-gamer\/#website"},"primaryImageOfPage":{"@id":"https:\/\/unitgames.com.ar\/pc-gamer\/producto\/monitor-arkham-25-ips-200hz\/#primaryimage"},"image":{"@id":"https:\/\/unitgames.com.ar\/pc-gamer\/producto\/monitor-arkham-25-ips-200hz\/#primaryimage"},"thumbnailUrl":"https:\/\/unitgames.com.ar\/pc-gamer\/wp-content\/uploads\/2025\/06\/Monitor-ARKHAM-GAMING-25\u00b4\u00b4-IPS-210Hz.png","datePublished":"2025-06-07T22:53:37+00:00","dateModified":"2026-04-22T09:56:04+00:00","breadcrumb":{"@id":"https:\/\/unitgames.com.ar\/pc-gamer\/producto\/monitor-arkham-25-ips-200hz\/#breadcrumb"},"inLanguage":"es","potentialAction":[{"@type":"ReadAction","target":["https:\/\/unitgames.com.ar\/pc-gamer\/producto\/monitor-arkham-25-ips-200hz\/"]}]},{"@type":"ImageObject","inLanguage":"es","@id":"https:\/\/unitgames.com.ar\/pc-gamer\/producto\/monitor-arkham-25-ips-200hz\/#primaryimage","url":"https:\/\/unitgames.com.ar\/pc-gamer\/wp-content\/uploads\/2025\/06\/Monitor-ARKHAM-GAMING-25\u00b4\u00b4-IPS-210Hz.png","contentUrl":"https:\/\/unitgames.com.ar\/pc-gamer\/wp-content\/uploads\/2025\/06\/Monitor-ARKHAM-GAMING-25\u00b4\u00b4-IPS-210Hz.png","width":1390,"height":1414},{"@type":"BreadcrumbList","@id":"https:\/\/unitgames.com.ar\/pc-gamer\/producto\/monitor-arkham-25-ips-200hz\/#breadcrumb","itemListElement":[{"@type":"ListItem","position":1,"name":"Tienda","item":"https:\/\/unitgames.com.ar\/pc-gamer\/tienda\/"},{"@type":"ListItem","position":2,"name":"Monitor ARKHAM GAMING 25\u00b4\u00b4 IPS 210Hz"}]},{"@type":"WebSite","@id":"https:\/\/unitgames.com.ar\/pc-gamer\/#website","url":"https:\/\/unitgames.com.ar\/pc-gamer\/","name":"UnitGames","description":"Venta de PC Gamers, Consolas , Servicio Tecnico Especializado. Todos en Accesorios Informaticos y Gamers","publisher":{"@id":"https:\/\/unitgames.com.ar\/pc-gamer\/#organization"},"potentialAction":[{"@type":"SearchAction","target":{"@type":"EntryPoint","urlTemplate":"https:\/\/unitgames.com.ar\/pc-gamer\/?s={search_term_string}"},"query-input":{"@type":"PropertyValueSpecification","valueRequired":true,"valueName":"search_term_string"}}],"inLanguage":"es"},{"@type":"Organization","@id":"https:\/\/unitgames.com.ar\/pc-gamer\/#organization","name":"UnitGames","url":"https:\/\/unitgames.com.ar\/pc-gamer\/","logo":{"@type":"ImageObject","inLanguage":"es","@id":"https:\/\/unitgames.com.ar\/pc-gamer\/#\/schema\/logo\/image\/","url":"https:\/\/unitgames.com.ar\/pc-gamer\/wp-content\/uploads\/2021\/01\/cropped-logoUnitGames2.png","contentUrl":"https:\/\/unitgames.com.ar\/pc-gamer\/wp-content\/uploads\/2021\/01\/cropped-logoUnitGames2.png","width":152,"height":200,"caption":"UnitGames"},"image":{"@id":"https:\/\/unitgames.com.ar\/pc-gamer\/#\/schema\/logo\/image\/"}}]}},"_links":{"self":[{"href":"https:\/\/unitgames.com.ar\/pc-gamer\/wp-json\/wp\/v2\/product\/15492","targetHints":{"allow":["GET"]}}],"collection":[{"href":"https:\/\/unitgames.com.ar\/pc-gamer\/wp-json\/wp\/v2\/product"}],"about":[{"href":"https:\/\/unitgames.com.ar\/pc-gamer\/wp-json\/wp\/v2\/types\/product"}],"version-history":[{"count":1,"href":"https:\/\/unitgames.com.ar\/pc-gamer\/wp-json\/wp\/v2\/product\/15492\/revisions"}],"predecessor-version":[{"id":20974,"href":"https:\/\/unitgames.com.ar\/pc-gamer\/wp-json\/wp\/v2\/product\/15492\/revisions\/20974"}],"wp:featuredmedia":[{"embeddable":true,"href":"https:\/\/unitgames.com.ar\/pc-gamer\/wp-json\/wp\/v2\/media\/20948"}],"wp:attachment":[{"href":"https:\/\/unitgames.com.ar\/pc-gamer\/wp-json\/wp\/v2\/media?parent=15492"}],"wp:term":[{"taxonomy":"product_brand","embeddable":true,"href":"https:\/\/unitgames.com.ar\/pc-gamer\/wp-json\/wp\/v2\/product_brand?post=15492"},{"taxonomy":"product_cat","embeddable":true,"href":"https:\/\/unitgames.com.ar\/pc-gamer\/wp-json\/wp\/v2\/product_cat?post=15492"},{"taxonomy":"product_tag","embeddable":true,"href":"https:\/\/unitgames.com.ar\/pc-gamer\/wp-json\/wp\/v2\/product_tag?post=15492"}],"curies":[{"name":"wp","href":"https:\/\/api.w.org\/{rel}","templated":true}]}}