{"id":15844,"date":"2025-07-03T07:03:22","date_gmt":"2025-07-03T10:03:22","guid":{"rendered":"https:\/\/unitgames.com.ar\/pc-gamer\/?post_type=product&#038;p=15844"},"modified":"2026-01-13T12:40:15","modified_gmt":"2026-01-13T15:40:15","slug":"pasta-termica-raptor-ice","status":"publish","type":"product","link":"https:\/\/unitgames.com.ar\/pc-gamer\/producto\/pasta-termica-raptor-ice\/","title":{"rendered":"Pasta Termica RAPTOR Ice"},"content":{"rendered":"<h2 data-start=\"65\" data-end=\"125\">Especificaciones T\u00e9cnicas \u2013 Raptor Ice<\/h2>\n<p>&nbsp;<\/p>\n<ul data-start=\"127\" data-end=\"777\">\n<li data-start=\"127\" data-end=\"174\">\n<p data-start=\"129\" data-end=\"174\"><strong data-start=\"129\" data-end=\"138\">Tipo:<\/strong> Pasta t\u00e9rmica de alto rendimiento<\/p>\n<\/li>\n<li data-start=\"175\" data-end=\"232\">\n<p data-start=\"177\" data-end=\"232\"><strong data-start=\"177\" data-end=\"203\">Conductividad t\u00e9rmica:<\/strong> Alta (8\u201312\u202fW\/m\u00b7K estimado)<\/p>\n<\/li>\n<li data-start=\"233\" data-end=\"310\">\n<p data-start=\"235\" data-end=\"310\"><strong data-start=\"235\" data-end=\"250\">Viscosidad:<\/strong> Media\u2011alta, dise\u00f1ada para una aplicaci\u00f3n f\u00e1cil y uniforme<\/p>\n<\/li>\n<li data-start=\"311\" data-end=\"378\">\n<p data-start=\"313\" data-end=\"378\"><strong data-start=\"313\" data-end=\"327\">Aplicador:<\/strong> Jeringa con punta fina para distribuci\u00f3n precisa<\/p>\n<\/li>\n<li data-start=\"379\" data-end=\"425\">\n<p data-start=\"381\" data-end=\"425\"><strong data-start=\"381\" data-end=\"407\">Peso\/Volumen del tubo:<\/strong> Entre 3\u202fg y 5\u202fg<\/p>\n<\/li>\n<li data-start=\"426\" data-end=\"494\">\n<p data-start=\"428\" data-end=\"494\"><strong data-start=\"428\" data-end=\"461\">El\u00e9ctricamente no conductiva:<\/strong> S\u00ed, para evitar cortocircuitos<\/p>\n<\/li>\n<li data-start=\"495\" data-end=\"567\">\n<p data-start=\"497\" data-end=\"567\"><strong data-start=\"497\" data-end=\"532\">Rango de temperatura operativa:<\/strong> Aproximadamente \u201350\u202f\u00b0C a +200\u202f\u00b0C<\/p>\n<\/li>\n<li data-start=\"568\" data-end=\"625\">\n<p data-start=\"570\" data-end=\"625\"><strong data-start=\"570\" data-end=\"584\">Vida \u00fatil:<\/strong> Alta estabilidad, sin secado prematuro<\/p>\n<\/li>\n<li data-start=\"626\" data-end=\"715\">\n<p data-start=\"628\" data-end=\"715\"><strong data-start=\"628\" data-end=\"655\">Aplicaci\u00f3n recomendada:<\/strong> CPUs, GPUs y sistemas de refrigeraci\u00f3n por aire o l\u00edquido<\/p>\n<\/li>\n<li data-start=\"716\" data-end=\"777\">\n<p data-start=\"718\" data-end=\"777\"><strong data-start=\"718\" data-end=\"730\">Incluye:<\/strong> Pasta t\u00e9rmica en jeringa, manual de aplicaci\u00f3n<\/p>\n<\/li>\n<\/ul>\n<p>&nbsp;<\/p>\n<p>&nbsp;<\/p>\n","protected":false},"excerpt":{"rendered":"<p>Especificaciones T\u00e9cnicas \u2013 Raptor Ice &nbsp; Tipo: Pasta t\u00e9rmica de alto rendimiento Conductividad t\u00e9rmica: Alta (8\u201312\u202fW\/m\u00b7K estimado) Viscosidad: Media\u2011alta, dise\u00f1ada para una aplicaci\u00f3n f\u00e1cil y uniforme Aplicador: Jeringa con punta fina para distribuci\u00f3n precisa Peso\/Volumen del tubo: Entre 3\u202fg y 5\u202fg El\u00e9ctricamente no conductiva: S\u00ed, para evitar cortocircuitos Rango de temperatura operativa: Aproximadamente \u201350\u202f\u00b0C a +200\u202f\u00b0C Vida \u00fatil: Alta estabilidad, sin secado prematuro Aplicaci\u00f3n recomendada: CPUs, GPUs y sistemas de refrigeraci\u00f3n por aire o l\u00edquido Incluye: Pasta t\u00e9rmica en jeringa, manual de aplicaci\u00f3n &nbsp; &nbsp;<\/p>\n","protected":false},"featured_media":15958,"template":"","meta":{"site-sidebar-layout":"default","site-content-layout":"","ast-site-content-layout":"default","site-content-style":"default","site-sidebar-style":"default","ast-global-header-display":"","ast-banner-title-visibility":"","ast-main-header-display":"","ast-hfb-above-header-display":"","ast-hfb-below-header-display":"","ast-hfb-mobile-header-display":"","site-post-title":"","ast-breadcrumbs-content":"","ast-featured-img":"","footer-sml-layout":"","theme-transparent-header-meta":"default","adv-header-id-meta":"","stick-header-meta":"","header-above-stick-meta":"","header-main-stick-meta":"","header-below-stick-meta":"","astra-migrate-meta-layouts":"set","ast-page-background-enabled":"default","ast-page-background-meta":{"desktop":{"background-color":"var(--ast-global-color-5)","background-image":"","background-repeat":"repeat","background-position":"center center","background-size":"auto","background-attachment":"scroll","background-type":"","background-media":"","overlay-type":"","overlay-color":"","overlay-opacity":"","overlay-gradient":""},"tablet":{"background-color":"","background-image":"","background-repeat":"repeat","background-position":"center center","background-size":"auto","background-attachment":"scroll","background-type":"","background-media":"","overlay-type":"","overlay-color":"","overlay-opacity":"","overlay-gradient":""},"mobile":{"background-color":"","background-image":"","background-repeat":"repeat","background-position":"center center","background-size":"auto","background-attachment":"scroll","background-type":"","background-media":"","overlay-type":"","overlay-color":"","overlay-opacity":"","overlay-gradient":""}},"ast-content-background-meta":{"desktop":{"background-color":"var(--ast-global-color-4)","background-image":"","background-repeat":"repeat","background-position":"center center","background-size":"auto","background-attachment":"scroll","background-type":"","background-media":"","overlay-type":"","overlay-color":"","overlay-opacity":"","overlay-gradient":""},"tablet":{"background-color":"var(--ast-global-color-4)","background-image":"","background-repeat":"repeat","background-position":"center center","background-size":"auto","background-attachment":"scroll","background-type":"","background-media":"","overlay-type":"","overlay-color":"","overlay-opacity":"","overlay-gradient":""},"mobile":{"background-color":"var(--ast-global-color-4)","background-image":"","background-repeat":"repeat","background-position":"center center","background-size":"auto","background-attachment":"scroll","background-type":"","background-media":"","overlay-type":"","overlay-color":"","overlay-opacity":"","overlay-gradient":""}},"_joinchat":[]},"product_brand":[],"product_cat":[102,137],"product_tag":[],"class_list":{"0":"post-15844","1":"product","2":"type-product","3":"status-publish","4":"has-post-thumbnail","6":"product_cat-cables-y-adaptadores","7":"product_cat-pasta-termica","8":"desktop-align-center","9":"tablet-align-left","10":"mobile-align-left","12":"first","13":"instock","14":"shipping-taxable","15":"purchasable","16":"product-type-simple"},"yoast_head":"<!-- This site is optimized with the Yoast SEO plugin v27.5 - https:\/\/yoast.com\/product\/yoast-seo-wordpress\/ -->\n<title>Pasta Termica RAPTOR Ice - UnitGames<\/title>\n<meta name=\"robots\" content=\"index, follow, max-snippet:-1, max-image-preview:large, max-video-preview:-1\" \/>\n<link rel=\"canonical\" href=\"https:\/\/unitgames.com.ar\/pc-gamer\/producto\/pasta-termica-raptor-ice\/\" \/>\n<meta property=\"og:locale\" content=\"es_ES\" \/>\n<meta property=\"og:type\" content=\"article\" \/>\n<meta property=\"og:title\" content=\"Pasta Termica RAPTOR Ice - UnitGames\" \/>\n<meta property=\"og:description\" content=\"Especificaciones T\u00e9cnicas \u2013 Raptor Ice &nbsp; Tipo: Pasta t\u00e9rmica de alto rendimiento Conductividad t\u00e9rmica: Alta (8\u201312\u202fW\/m\u00b7K estimado) Viscosidad: Media\u2011alta, dise\u00f1ada para una aplicaci\u00f3n f\u00e1cil y uniforme Aplicador: Jeringa con punta fina para distribuci\u00f3n precisa Peso\/Volumen del tubo: Entre 3\u202fg y 5\u202fg El\u00e9ctricamente no conductiva: S\u00ed, para evitar cortocircuitos Rango de temperatura operativa: Aproximadamente \u201350\u202f\u00b0C a +200\u202f\u00b0C Vida \u00fatil: Alta estabilidad, sin secado prematuro Aplicaci\u00f3n recomendada: CPUs, GPUs y sistemas de refrigeraci\u00f3n por aire o l\u00edquido Incluye: Pasta t\u00e9rmica en jeringa, manual de aplicaci\u00f3n &nbsp; &nbsp;\" \/>\n<meta property=\"og:url\" content=\"https:\/\/unitgames.com.ar\/pc-gamer\/producto\/pasta-termica-raptor-ice\/\" \/>\n<meta property=\"og:site_name\" content=\"UnitGames\" \/>\n<meta property=\"article:modified_time\" content=\"2026-01-13T15:40:15+00:00\" \/>\n<meta property=\"og:image\" content=\"https:\/\/unitgames.com.ar\/pc-gamer\/wp-content\/uploads\/2025\/07\/Pasta-Termica-RAPTOR-Ice.png\" \/>\n\t<meta property=\"og:image:width\" content=\"1263\" \/>\n\t<meta property=\"og:image:height\" content=\"1285\" \/>\n\t<meta property=\"og:image:type\" content=\"image\/png\" \/>\n<meta name=\"twitter:card\" content=\"summary_large_image\" \/>\n<meta name=\"twitter:label1\" content=\"Tiempo de lectura\" \/>\n\t<meta name=\"twitter:data1\" content=\"1 minuto\" \/>\n<script type=\"application\/ld+json\" class=\"yoast-schema-graph\">{\"@context\":\"https:\\\/\\\/schema.org\",\"@graph\":[{\"@type\":\"WebPage\",\"@id\":\"https:\\\/\\\/unitgames.com.ar\\\/pc-gamer\\\/producto\\\/pasta-termica-raptor-ice\\\/\",\"url\":\"https:\\\/\\\/unitgames.com.ar\\\/pc-gamer\\\/producto\\\/pasta-termica-raptor-ice\\\/\",\"name\":\"Pasta Termica RAPTOR Ice - UnitGames\",\"isPartOf\":{\"@id\":\"https:\\\/\\\/unitgames.com.ar\\\/pc-gamer\\\/#website\"},\"primaryImageOfPage\":{\"@id\":\"https:\\\/\\\/unitgames.com.ar\\\/pc-gamer\\\/producto\\\/pasta-termica-raptor-ice\\\/#primaryimage\"},\"image\":{\"@id\":\"https:\\\/\\\/unitgames.com.ar\\\/pc-gamer\\\/producto\\\/pasta-termica-raptor-ice\\\/#primaryimage\"},\"thumbnailUrl\":\"https:\\\/\\\/unitgames.com.ar\\\/pc-gamer\\\/wp-content\\\/uploads\\\/2025\\\/07\\\/Pasta-Termica-RAPTOR-Ice.png\",\"datePublished\":\"2025-07-03T10:03:22+00:00\",\"dateModified\":\"2026-01-13T15:40:15+00:00\",\"breadcrumb\":{\"@id\":\"https:\\\/\\\/unitgames.com.ar\\\/pc-gamer\\\/producto\\\/pasta-termica-raptor-ice\\\/#breadcrumb\"},\"inLanguage\":\"es\",\"potentialAction\":[{\"@type\":\"ReadAction\",\"target\":[\"https:\\\/\\\/unitgames.com.ar\\\/pc-gamer\\\/producto\\\/pasta-termica-raptor-ice\\\/\"]}]},{\"@type\":\"ImageObject\",\"inLanguage\":\"es\",\"@id\":\"https:\\\/\\\/unitgames.com.ar\\\/pc-gamer\\\/producto\\\/pasta-termica-raptor-ice\\\/#primaryimage\",\"url\":\"https:\\\/\\\/unitgames.com.ar\\\/pc-gamer\\\/wp-content\\\/uploads\\\/2025\\\/07\\\/Pasta-Termica-RAPTOR-Ice.png\",\"contentUrl\":\"https:\\\/\\\/unitgames.com.ar\\\/pc-gamer\\\/wp-content\\\/uploads\\\/2025\\\/07\\\/Pasta-Termica-RAPTOR-Ice.png\",\"width\":1263,\"height\":1285},{\"@type\":\"BreadcrumbList\",\"@id\":\"https:\\\/\\\/unitgames.com.ar\\\/pc-gamer\\\/producto\\\/pasta-termica-raptor-ice\\\/#breadcrumb\",\"itemListElement\":[{\"@type\":\"ListItem\",\"position\":1,\"name\":\"Tienda\",\"item\":\"https:\\\/\\\/unitgames.com.ar\\\/pc-gamer\\\/tienda\\\/\"},{\"@type\":\"ListItem\",\"position\":2,\"name\":\"Pasta Termica RAPTOR Ice\"}]},{\"@type\":\"WebSite\",\"@id\":\"https:\\\/\\\/unitgames.com.ar\\\/pc-gamer\\\/#website\",\"url\":\"https:\\\/\\\/unitgames.com.ar\\\/pc-gamer\\\/\",\"name\":\"UnitGames\",\"description\":\"Venta de PC Gamers, Consolas , Servicio Tecnico Especializado. Todos en Accesorios Informaticos y Gamers\",\"publisher\":{\"@id\":\"https:\\\/\\\/unitgames.com.ar\\\/pc-gamer\\\/#organization\"},\"potentialAction\":[{\"@type\":\"SearchAction\",\"target\":{\"@type\":\"EntryPoint\",\"urlTemplate\":\"https:\\\/\\\/unitgames.com.ar\\\/pc-gamer\\\/?s={search_term_string}\"},\"query-input\":{\"@type\":\"PropertyValueSpecification\",\"valueRequired\":true,\"valueName\":\"search_term_string\"}}],\"inLanguage\":\"es\"},{\"@type\":\"Organization\",\"@id\":\"https:\\\/\\\/unitgames.com.ar\\\/pc-gamer\\\/#organization\",\"name\":\"UnitGames\",\"url\":\"https:\\\/\\\/unitgames.com.ar\\\/pc-gamer\\\/\",\"logo\":{\"@type\":\"ImageObject\",\"inLanguage\":\"es\",\"@id\":\"https:\\\/\\\/unitgames.com.ar\\\/pc-gamer\\\/#\\\/schema\\\/logo\\\/image\\\/\",\"url\":\"https:\\\/\\\/unitgames.com.ar\\\/pc-gamer\\\/wp-content\\\/uploads\\\/2021\\\/01\\\/cropped-logoUnitGames2.png\",\"contentUrl\":\"https:\\\/\\\/unitgames.com.ar\\\/pc-gamer\\\/wp-content\\\/uploads\\\/2021\\\/01\\\/cropped-logoUnitGames2.png\",\"width\":152,\"height\":200,\"caption\":\"UnitGames\"},\"image\":{\"@id\":\"https:\\\/\\\/unitgames.com.ar\\\/pc-gamer\\\/#\\\/schema\\\/logo\\\/image\\\/\"}}]}<\/script>\n<!-- \/ Yoast SEO plugin. -->","yoast_head_json":{"title":"Pasta Termica RAPTOR Ice - UnitGames","robots":{"index":"index","follow":"follow","max-snippet":"max-snippet:-1","max-image-preview":"max-image-preview:large","max-video-preview":"max-video-preview:-1"},"canonical":"https:\/\/unitgames.com.ar\/pc-gamer\/producto\/pasta-termica-raptor-ice\/","og_locale":"es_ES","og_type":"article","og_title":"Pasta Termica RAPTOR Ice - UnitGames","og_description":"Especificaciones T\u00e9cnicas \u2013 Raptor Ice &nbsp; Tipo: Pasta t\u00e9rmica de alto rendimiento Conductividad t\u00e9rmica: Alta (8\u201312\u202fW\/m\u00b7K estimado) Viscosidad: Media\u2011alta, dise\u00f1ada para una aplicaci\u00f3n f\u00e1cil y uniforme Aplicador: Jeringa con punta fina para distribuci\u00f3n precisa Peso\/Volumen del tubo: Entre 3\u202fg y 5\u202fg El\u00e9ctricamente no conductiva: S\u00ed, para evitar cortocircuitos Rango de temperatura operativa: Aproximadamente \u201350\u202f\u00b0C a +200\u202f\u00b0C Vida \u00fatil: Alta estabilidad, sin secado prematuro Aplicaci\u00f3n recomendada: CPUs, GPUs y sistemas de refrigeraci\u00f3n por aire o l\u00edquido Incluye: Pasta t\u00e9rmica en jeringa, manual de aplicaci\u00f3n &nbsp; &nbsp;","og_url":"https:\/\/unitgames.com.ar\/pc-gamer\/producto\/pasta-termica-raptor-ice\/","og_site_name":"UnitGames","article_modified_time":"2026-01-13T15:40:15+00:00","og_image":[{"width":1263,"height":1285,"url":"https:\/\/unitgames.com.ar\/pc-gamer\/wp-content\/uploads\/2025\/07\/Pasta-Termica-RAPTOR-Ice.png","type":"image\/png"}],"twitter_card":"summary_large_image","twitter_misc":{"Tiempo de lectura":"1 minuto"},"schema":{"@context":"https:\/\/schema.org","@graph":[{"@type":"WebPage","@id":"https:\/\/unitgames.com.ar\/pc-gamer\/producto\/pasta-termica-raptor-ice\/","url":"https:\/\/unitgames.com.ar\/pc-gamer\/producto\/pasta-termica-raptor-ice\/","name":"Pasta Termica RAPTOR Ice - UnitGames","isPartOf":{"@id":"https:\/\/unitgames.com.ar\/pc-gamer\/#website"},"primaryImageOfPage":{"@id":"https:\/\/unitgames.com.ar\/pc-gamer\/producto\/pasta-termica-raptor-ice\/#primaryimage"},"image":{"@id":"https:\/\/unitgames.com.ar\/pc-gamer\/producto\/pasta-termica-raptor-ice\/#primaryimage"},"thumbnailUrl":"https:\/\/unitgames.com.ar\/pc-gamer\/wp-content\/uploads\/2025\/07\/Pasta-Termica-RAPTOR-Ice.png","datePublished":"2025-07-03T10:03:22+00:00","dateModified":"2026-01-13T15:40:15+00:00","breadcrumb":{"@id":"https:\/\/unitgames.com.ar\/pc-gamer\/producto\/pasta-termica-raptor-ice\/#breadcrumb"},"inLanguage":"es","potentialAction":[{"@type":"ReadAction","target":["https:\/\/unitgames.com.ar\/pc-gamer\/producto\/pasta-termica-raptor-ice\/"]}]},{"@type":"ImageObject","inLanguage":"es","@id":"https:\/\/unitgames.com.ar\/pc-gamer\/producto\/pasta-termica-raptor-ice\/#primaryimage","url":"https:\/\/unitgames.com.ar\/pc-gamer\/wp-content\/uploads\/2025\/07\/Pasta-Termica-RAPTOR-Ice.png","contentUrl":"https:\/\/unitgames.com.ar\/pc-gamer\/wp-content\/uploads\/2025\/07\/Pasta-Termica-RAPTOR-Ice.png","width":1263,"height":1285},{"@type":"BreadcrumbList","@id":"https:\/\/unitgames.com.ar\/pc-gamer\/producto\/pasta-termica-raptor-ice\/#breadcrumb","itemListElement":[{"@type":"ListItem","position":1,"name":"Tienda","item":"https:\/\/unitgames.com.ar\/pc-gamer\/tienda\/"},{"@type":"ListItem","position":2,"name":"Pasta Termica RAPTOR Ice"}]},{"@type":"WebSite","@id":"https:\/\/unitgames.com.ar\/pc-gamer\/#website","url":"https:\/\/unitgames.com.ar\/pc-gamer\/","name":"UnitGames","description":"Venta de PC Gamers, Consolas , Servicio Tecnico Especializado. Todos en Accesorios Informaticos y Gamers","publisher":{"@id":"https:\/\/unitgames.com.ar\/pc-gamer\/#organization"},"potentialAction":[{"@type":"SearchAction","target":{"@type":"EntryPoint","urlTemplate":"https:\/\/unitgames.com.ar\/pc-gamer\/?s={search_term_string}"},"query-input":{"@type":"PropertyValueSpecification","valueRequired":true,"valueName":"search_term_string"}}],"inLanguage":"es"},{"@type":"Organization","@id":"https:\/\/unitgames.com.ar\/pc-gamer\/#organization","name":"UnitGames","url":"https:\/\/unitgames.com.ar\/pc-gamer\/","logo":{"@type":"ImageObject","inLanguage":"es","@id":"https:\/\/unitgames.com.ar\/pc-gamer\/#\/schema\/logo\/image\/","url":"https:\/\/unitgames.com.ar\/pc-gamer\/wp-content\/uploads\/2021\/01\/cropped-logoUnitGames2.png","contentUrl":"https:\/\/unitgames.com.ar\/pc-gamer\/wp-content\/uploads\/2021\/01\/cropped-logoUnitGames2.png","width":152,"height":200,"caption":"UnitGames"},"image":{"@id":"https:\/\/unitgames.com.ar\/pc-gamer\/#\/schema\/logo\/image\/"}}]}},"_links":{"self":[{"href":"https:\/\/unitgames.com.ar\/pc-gamer\/wp-json\/wp\/v2\/product\/15844","targetHints":{"allow":["GET"]}}],"collection":[{"href":"https:\/\/unitgames.com.ar\/pc-gamer\/wp-json\/wp\/v2\/product"}],"about":[{"href":"https:\/\/unitgames.com.ar\/pc-gamer\/wp-json\/wp\/v2\/types\/product"}],"version-history":[{"count":0,"href":"https:\/\/unitgames.com.ar\/pc-gamer\/wp-json\/wp\/v2\/product\/15844\/revisions"}],"wp:featuredmedia":[{"embeddable":true,"href":"https:\/\/unitgames.com.ar\/pc-gamer\/wp-json\/wp\/v2\/media\/15958"}],"wp:attachment":[{"href":"https:\/\/unitgames.com.ar\/pc-gamer\/wp-json\/wp\/v2\/media?parent=15844"}],"wp:term":[{"taxonomy":"product_brand","embeddable":true,"href":"https:\/\/unitgames.com.ar\/pc-gamer\/wp-json\/wp\/v2\/product_brand?post=15844"},{"taxonomy":"product_cat","embeddable":true,"href":"https:\/\/unitgames.com.ar\/pc-gamer\/wp-json\/wp\/v2\/product_cat?post=15844"},{"taxonomy":"product_tag","embeddable":true,"href":"https:\/\/unitgames.com.ar\/pc-gamer\/wp-json\/wp\/v2\/product_tag?post=15844"}],"curies":[{"name":"wp","href":"https:\/\/api.w.org\/{rel}","templated":true}]}}