{"id":15857,"date":"2025-07-03T07:14:03","date_gmt":"2025-07-03T10:14:03","guid":{"rendered":"https:\/\/unitgames.com.ar\/pc-gamer\/?post_type=product&#038;p=15857"},"modified":"2026-01-09T07:14:27","modified_gmt":"2026-01-09T10:14:27","slug":"mouse-inalambrico-logitech-g903-lightspeed","status":"publish","type":"product","link":"https:\/\/unitgames.com.ar\/pc-gamer\/producto\/mouse-inalambrico-logitech-g903-lightspeed\/","title":{"rendered":"Mouse Inalambrico LOGITECH G903 Lightspeed"},"content":{"rendered":"<div class=\"hotspot_even hotspot_specs_table_row\">\n<div class=\"hotspot_column\">\n<h2 data-start=\"136\" data-end=\"203\">Especificaciones T\u00e9cnicas \u2013 Logitech G903 Lightspeed Wireless<\/h2>\n<p>&nbsp;<\/p>\n<ul data-start=\"205\" data-end=\"1292\">\n<li data-start=\"205\" data-end=\"282\">\n<p data-start=\"207\" data-end=\"282\"><strong data-start=\"207\" data-end=\"216\">Tipo:<\/strong> Mouse inal\u00e1mbrico ambidiestro con hasta 11 botones programables<\/p>\n<\/li>\n<li data-start=\"283\" data-end=\"383\">\n<p data-start=\"285\" data-end=\"383\"><strong data-start=\"285\" data-end=\"296\">Sensor:<\/strong> HERO 25K, rango de DPI de 100 a 25.600, seguimiento 1:1 sin suavizado ni aceleraci\u00f3n<\/p>\n<\/li>\n<li data-start=\"384\" data-end=\"514\">\n<p data-start=\"386\" data-end=\"514\"><strong data-start=\"386\" data-end=\"403\">Conectividad:<\/strong> LIGHTSPEED inal\u00e1mbrico 2.4\u202fGHz con tasa de sondeo de 1000\u202fHz (1\u202fms), tambi\u00e9n se puede utilizar con cable USB<\/p>\n<\/li>\n<li data-start=\"515\" data-end=\"577\">\n<p data-start=\"517\" data-end=\"577\"><strong data-start=\"517\" data-end=\"526\">Peso:<\/strong> 110\u202fg sin cable, incluye m\u00f3dulo opcional de 10\u202fg<\/p>\n<\/li>\n<li data-start=\"578\" data-end=\"660\">\n<p data-start=\"580\" data-end=\"660\"><strong data-start=\"580\" data-end=\"592\">Bater\u00eda:<\/strong> Hasta 140\u202fh con iluminaci\u00f3n activada, hasta 180\u202fh sin iluminaci\u00f3n<\/p>\n<\/li>\n<li data-start=\"661\" data-end=\"741\">\n<p data-start=\"663\" data-end=\"741\"><strong data-start=\"663\" data-end=\"685\">Carga inal\u00e1mbrica:<\/strong> Compatible con base PowerPlay (se vende por separado)<\/p>\n<\/li>\n<li data-start=\"742\" data-end=\"823\">\n<p data-start=\"744\" data-end=\"823\"><strong data-start=\"744\" data-end=\"755\">Dise\u00f1o:<\/strong> Ambidiestro, con botones laterales desmontables y personalizables<\/p>\n<\/li>\n<li data-start=\"824\" data-end=\"921\">\n<p data-start=\"826\" data-end=\"921\"><strong data-start=\"826\" data-end=\"844\">Interruptores:<\/strong> Con sistema mec\u00e1nico de tensi\u00f3n con resortes para clics r\u00e1pidos y precisos<\/p>\n<\/li>\n<li data-start=\"922\" data-end=\"1000\">\n<p data-start=\"924\" data-end=\"1000\"><strong data-start=\"924\" data-end=\"952\">Rueda de desplazamiento:<\/strong> Doble modo (desplazamiento libre o con pasos)<\/p>\n<\/li>\n<li data-start=\"1001\" data-end=\"1040\">\n<p data-start=\"1003\" data-end=\"1040\"><strong data-start=\"1003\" data-end=\"1019\">Iluminaci\u00f3n:<\/strong> RGB personalizable<\/p>\n<\/li>\n<li data-start=\"1041\" data-end=\"1124\">\n<p data-start=\"1043\" data-end=\"1124\"><strong data-start=\"1043\" data-end=\"1056\">Software:<\/strong> Logitech G Hub (configuraci\u00f3n DPI, macros, perfiles, iluminaci\u00f3n)<\/p>\n<\/li>\n<li data-start=\"1125\" data-end=\"1163\">\n<p data-start=\"1127\" data-end=\"1163\"><strong data-start=\"1127\" data-end=\"1146\">Compatibilidad:<\/strong> Windows, macOS<\/p>\n<\/li>\n<li data-start=\"1164\" data-end=\"1292\">\n<p data-start=\"1166\" data-end=\"1292\"><strong data-start=\"1166\" data-end=\"1191\">Contenido de la caja:<\/strong> Mouse, cable USB, receptor inal\u00e1mbrico, adaptadores para personalizaci\u00f3n, m\u00f3dulo de peso adicional<\/p>\n<\/li>\n<\/ul>\n<\/div>\n<\/div>\n","protected":false},"excerpt":{"rendered":"<p>Especificaciones T\u00e9cnicas \u2013 Logitech G903 Lightspeed Wireless &nbsp; Tipo: Mouse inal\u00e1mbrico ambidiestro con hasta 11 botones programables Sensor: HERO 25K, rango de DPI de 100 a 25.600, seguimiento 1:1 sin suavizado ni aceleraci\u00f3n Conectividad: LIGHTSPEED inal\u00e1mbrico 2.4\u202fGHz con tasa de sondeo de 1000\u202fHz (1\u202fms), tambi\u00e9n se puede utilizar con cable USB Peso: 110\u202fg sin cable, incluye m\u00f3dulo opcional de 10\u202fg Bater\u00eda: Hasta 140\u202fh con iluminaci\u00f3n activada, hasta 180\u202fh sin iluminaci\u00f3n Carga inal\u00e1mbrica: Compatible con base PowerPlay (se vende por separado) Dise\u00f1o: Ambidiestro, con botones laterales desmontables y personalizables Interruptores: Con sistema mec\u00e1nico de tensi\u00f3n con resortes para clics r\u00e1pidos y precisos Rueda de desplazamiento: Doble modo (desplazamiento libre o con pasos) Iluminaci\u00f3n: RGB personalizable Software: Logitech G Hub (configuraci\u00f3n DPI, macros, perfiles, iluminaci\u00f3n) Compatibilidad: Windows, macOS Contenido de la caja: Mouse, cable USB, receptor inal\u00e1mbrico, adaptadores para personalizaci\u00f3n, m\u00f3dulo de peso adicional<\/p>\n","protected":false},"featured_media":15986,"template":"","meta":{"site-sidebar-layout":"default","site-content-layout":"","ast-site-content-layout":"default","site-content-style":"default","site-sidebar-style":"default","ast-global-header-display":"","ast-banner-title-visibility":"","ast-main-header-display":"","ast-hfb-above-header-display":"","ast-hfb-below-header-display":"","ast-hfb-mobile-header-display":"","site-post-title":"","ast-breadcrumbs-content":"","ast-featured-img":"","footer-sml-layout":"","theme-transparent-header-meta":"default","adv-header-id-meta":"","stick-header-meta":"","header-above-stick-meta":"","header-main-stick-meta":"","header-below-stick-meta":"","astra-migrate-meta-layouts":"set","ast-page-background-enabled":"default","ast-page-background-meta":{"desktop":{"background-color":"var(--ast-global-color-5)","background-image":"","background-repeat":"repeat","background-position":"center center","background-size":"auto","background-attachment":"scroll","background-type":"","background-media":"","overlay-type":"","overlay-color":"","overlay-opacity":"","overlay-gradient":""},"tablet":{"background-color":"","background-image":"","background-repeat":"repeat","background-position":"center center","background-size":"auto","background-attachment":"scroll","background-type":"","background-media":"","overlay-type":"","overlay-color":"","overlay-opacity":"","overlay-gradient":""},"mobile":{"background-color":"","background-image":"","background-repeat":"repeat","background-position":"center center","background-size":"auto","background-attachment":"scroll","background-type":"","background-media":"","overlay-type":"","overlay-color":"","overlay-opacity":"","overlay-gradient":""}},"ast-content-background-meta":{"desktop":{"background-color":"var(--ast-global-color-4)","background-image":"","background-repeat":"repeat","background-position":"center center","background-size":"auto","background-attachment":"scroll","background-type":"","background-media":"","overlay-type":"","overlay-color":"","overlay-opacity":"","overlay-gradient":""},"tablet":{"background-color":"var(--ast-global-color-4)","background-image":"","background-repeat":"repeat","background-position":"center center","background-size":"auto","background-attachment":"scroll","background-type":"","background-media":"","overlay-type":"","overlay-color":"","overlay-opacity":"","overlay-gradient":""},"mobile":{"background-color":"var(--ast-global-color-4)","background-image":"","background-repeat":"repeat","background-position":"center center","background-size":"auto","background-attachment":"scroll","background-type":"","background-media":"","overlay-type":"","overlay-color":"","overlay-opacity":"","overlay-gradient":""}},"_joinchat":[]},"product_brand":[],"product_cat":[89],"product_tag":[],"class_list":{"0":"post-15857","1":"product","2":"type-product","3":"status-publish","4":"has-post-thumbnail","6":"product_cat-gamers-competitivos","7":"desktop-align-center","8":"tablet-align-left","9":"mobile-align-left","11":"first","12":"instock","13":"shipping-taxable","14":"purchasable","15":"product-type-simple"},"yoast_head":"<!-- This site is optimized with the Yoast SEO plugin v27.5 - https:\/\/yoast.com\/product\/yoast-seo-wordpress\/ -->\n<title>Mouse Inalambrico LOGITECH G903 Lightspeed - UnitGames<\/title>\n<meta name=\"robots\" content=\"index, follow, max-snippet:-1, max-image-preview:large, max-video-preview:-1\" \/>\n<link rel=\"canonical\" href=\"https:\/\/unitgames.com.ar\/pc-gamer\/producto\/mouse-inalambrico-logitech-g903-lightspeed\/\" \/>\n<meta property=\"og:locale\" content=\"es_ES\" \/>\n<meta property=\"og:type\" content=\"article\" \/>\n<meta property=\"og:title\" content=\"Mouse Inalambrico LOGITECH G903 Lightspeed - UnitGames\" \/>\n<meta property=\"og:description\" content=\"Especificaciones T\u00e9cnicas \u2013 Logitech G903 Lightspeed Wireless &nbsp; Tipo: Mouse inal\u00e1mbrico ambidiestro con hasta 11 botones programables Sensor: HERO 25K, rango de DPI de 100 a 25.600, seguimiento 1:1 sin suavizado ni aceleraci\u00f3n Conectividad: LIGHTSPEED inal\u00e1mbrico 2.4\u202fGHz con tasa de sondeo de 1000\u202fHz (1\u202fms), tambi\u00e9n se puede utilizar con cable USB Peso: 110\u202fg sin cable, incluye m\u00f3dulo opcional de 10\u202fg Bater\u00eda: Hasta 140\u202fh con iluminaci\u00f3n activada, hasta 180\u202fh sin iluminaci\u00f3n Carga inal\u00e1mbrica: Compatible con base PowerPlay (se vende por separado) Dise\u00f1o: Ambidiestro, con botones laterales desmontables y personalizables Interruptores: Con sistema mec\u00e1nico de tensi\u00f3n con resortes para clics r\u00e1pidos y precisos Rueda de desplazamiento: Doble modo (desplazamiento libre o con pasos) Iluminaci\u00f3n: RGB personalizable Software: Logitech G Hub (configuraci\u00f3n DPI, macros, perfiles, iluminaci\u00f3n) Compatibilidad: Windows, macOS Contenido de la caja: Mouse, cable USB, receptor inal\u00e1mbrico, adaptadores para personalizaci\u00f3n, m\u00f3dulo de peso adicional\" \/>\n<meta property=\"og:url\" content=\"https:\/\/unitgames.com.ar\/pc-gamer\/producto\/mouse-inalambrico-logitech-g903-lightspeed\/\" \/>\n<meta property=\"og:site_name\" content=\"UnitGames\" \/>\n<meta property=\"article:modified_time\" content=\"2026-01-09T10:14:27+00:00\" \/>\n<meta property=\"og:image\" content=\"https:\/\/unitgames.com.ar\/pc-gamer\/wp-content\/uploads\/2025\/07\/Mouse-Inalambrico-LOGITECH-G903-Lightspeed.png\" \/>\n\t<meta property=\"og:image:width\" content=\"1282\" \/>\n\t<meta property=\"og:image:height\" content=\"1285\" \/>\n\t<meta property=\"og:image:type\" content=\"image\/png\" \/>\n<meta name=\"twitter:card\" content=\"summary_large_image\" \/>\n<meta name=\"twitter:label1\" content=\"Tiempo de lectura\" \/>\n\t<meta name=\"twitter:data1\" content=\"1 minuto\" \/>\n<script type=\"application\/ld+json\" class=\"yoast-schema-graph\">{\"@context\":\"https:\\\/\\\/schema.org\",\"@graph\":[{\"@type\":\"WebPage\",\"@id\":\"https:\\\/\\\/unitgames.com.ar\\\/pc-gamer\\\/producto\\\/mouse-inalambrico-logitech-g903-lightspeed\\\/\",\"url\":\"https:\\\/\\\/unitgames.com.ar\\\/pc-gamer\\\/producto\\\/mouse-inalambrico-logitech-g903-lightspeed\\\/\",\"name\":\"Mouse Inalambrico LOGITECH G903 Lightspeed - UnitGames\",\"isPartOf\":{\"@id\":\"https:\\\/\\\/unitgames.com.ar\\\/pc-gamer\\\/#website\"},\"primaryImageOfPage\":{\"@id\":\"https:\\\/\\\/unitgames.com.ar\\\/pc-gamer\\\/producto\\\/mouse-inalambrico-logitech-g903-lightspeed\\\/#primaryimage\"},\"image\":{\"@id\":\"https:\\\/\\\/unitgames.com.ar\\\/pc-gamer\\\/producto\\\/mouse-inalambrico-logitech-g903-lightspeed\\\/#primaryimage\"},\"thumbnailUrl\":\"https:\\\/\\\/unitgames.com.ar\\\/pc-gamer\\\/wp-content\\\/uploads\\\/2025\\\/07\\\/Mouse-Inalambrico-LOGITECH-G903-Lightspeed.png\",\"datePublished\":\"2025-07-03T10:14:03+00:00\",\"dateModified\":\"2026-01-09T10:14:27+00:00\",\"breadcrumb\":{\"@id\":\"https:\\\/\\\/unitgames.com.ar\\\/pc-gamer\\\/producto\\\/mouse-inalambrico-logitech-g903-lightspeed\\\/#breadcrumb\"},\"inLanguage\":\"es\",\"potentialAction\":[{\"@type\":\"ReadAction\",\"target\":[\"https:\\\/\\\/unitgames.com.ar\\\/pc-gamer\\\/producto\\\/mouse-inalambrico-logitech-g903-lightspeed\\\/\"]}]},{\"@type\":\"ImageObject\",\"inLanguage\":\"es\",\"@id\":\"https:\\\/\\\/unitgames.com.ar\\\/pc-gamer\\\/producto\\\/mouse-inalambrico-logitech-g903-lightspeed\\\/#primaryimage\",\"url\":\"https:\\\/\\\/unitgames.com.ar\\\/pc-gamer\\\/wp-content\\\/uploads\\\/2025\\\/07\\\/Mouse-Inalambrico-LOGITECH-G903-Lightspeed.png\",\"contentUrl\":\"https:\\\/\\\/unitgames.com.ar\\\/pc-gamer\\\/wp-content\\\/uploads\\\/2025\\\/07\\\/Mouse-Inalambrico-LOGITECH-G903-Lightspeed.png\",\"width\":1282,\"height\":1285},{\"@type\":\"BreadcrumbList\",\"@id\":\"https:\\\/\\\/unitgames.com.ar\\\/pc-gamer\\\/producto\\\/mouse-inalambrico-logitech-g903-lightspeed\\\/#breadcrumb\",\"itemListElement\":[{\"@type\":\"ListItem\",\"position\":1,\"name\":\"Tienda\",\"item\":\"https:\\\/\\\/unitgames.com.ar\\\/pc-gamer\\\/tienda\\\/\"},{\"@type\":\"ListItem\",\"position\":2,\"name\":\"Mouse Inalambrico LOGITECH G903 Lightspeed\"}]},{\"@type\":\"WebSite\",\"@id\":\"https:\\\/\\\/unitgames.com.ar\\\/pc-gamer\\\/#website\",\"url\":\"https:\\\/\\\/unitgames.com.ar\\\/pc-gamer\\\/\",\"name\":\"UnitGames\",\"description\":\"Venta de PC Gamers, Consolas , Servicio Tecnico Especializado. Todos en Accesorios Informaticos y Gamers\",\"publisher\":{\"@id\":\"https:\\\/\\\/unitgames.com.ar\\\/pc-gamer\\\/#organization\"},\"potentialAction\":[{\"@type\":\"SearchAction\",\"target\":{\"@type\":\"EntryPoint\",\"urlTemplate\":\"https:\\\/\\\/unitgames.com.ar\\\/pc-gamer\\\/?s={search_term_string}\"},\"query-input\":{\"@type\":\"PropertyValueSpecification\",\"valueRequired\":true,\"valueName\":\"search_term_string\"}}],\"inLanguage\":\"es\"},{\"@type\":\"Organization\",\"@id\":\"https:\\\/\\\/unitgames.com.ar\\\/pc-gamer\\\/#organization\",\"name\":\"UnitGames\",\"url\":\"https:\\\/\\\/unitgames.com.ar\\\/pc-gamer\\\/\",\"logo\":{\"@type\":\"ImageObject\",\"inLanguage\":\"es\",\"@id\":\"https:\\\/\\\/unitgames.com.ar\\\/pc-gamer\\\/#\\\/schema\\\/logo\\\/image\\\/\",\"url\":\"https:\\\/\\\/unitgames.com.ar\\\/pc-gamer\\\/wp-content\\\/uploads\\\/2021\\\/01\\\/cropped-logoUnitGames2.png\",\"contentUrl\":\"https:\\\/\\\/unitgames.com.ar\\\/pc-gamer\\\/wp-content\\\/uploads\\\/2021\\\/01\\\/cropped-logoUnitGames2.png\",\"width\":152,\"height\":200,\"caption\":\"UnitGames\"},\"image\":{\"@id\":\"https:\\\/\\\/unitgames.com.ar\\\/pc-gamer\\\/#\\\/schema\\\/logo\\\/image\\\/\"}}]}<\/script>\n<!-- \/ Yoast SEO plugin. -->","yoast_head_json":{"title":"Mouse Inalambrico LOGITECH G903 Lightspeed - UnitGames","robots":{"index":"index","follow":"follow","max-snippet":"max-snippet:-1","max-image-preview":"max-image-preview:large","max-video-preview":"max-video-preview:-1"},"canonical":"https:\/\/unitgames.com.ar\/pc-gamer\/producto\/mouse-inalambrico-logitech-g903-lightspeed\/","og_locale":"es_ES","og_type":"article","og_title":"Mouse Inalambrico LOGITECH G903 Lightspeed - UnitGames","og_description":"Especificaciones T\u00e9cnicas \u2013 Logitech G903 Lightspeed Wireless &nbsp; Tipo: Mouse inal\u00e1mbrico ambidiestro con hasta 11 botones programables Sensor: HERO 25K, rango de DPI de 100 a 25.600, seguimiento 1:1 sin suavizado ni aceleraci\u00f3n Conectividad: LIGHTSPEED inal\u00e1mbrico 2.4\u202fGHz con tasa de sondeo de 1000\u202fHz (1\u202fms), tambi\u00e9n se puede utilizar con cable USB Peso: 110\u202fg sin cable, incluye m\u00f3dulo opcional de 10\u202fg Bater\u00eda: Hasta 140\u202fh con iluminaci\u00f3n activada, hasta 180\u202fh sin iluminaci\u00f3n Carga inal\u00e1mbrica: Compatible con base PowerPlay (se vende por separado) Dise\u00f1o: Ambidiestro, con botones laterales desmontables y personalizables Interruptores: Con sistema mec\u00e1nico de tensi\u00f3n con resortes para clics r\u00e1pidos y precisos Rueda de desplazamiento: Doble modo (desplazamiento libre o con pasos) Iluminaci\u00f3n: RGB personalizable Software: Logitech G Hub (configuraci\u00f3n DPI, macros, perfiles, iluminaci\u00f3n) Compatibilidad: Windows, macOS Contenido de la caja: Mouse, cable USB, receptor inal\u00e1mbrico, adaptadores para personalizaci\u00f3n, m\u00f3dulo de peso adicional","og_url":"https:\/\/unitgames.com.ar\/pc-gamer\/producto\/mouse-inalambrico-logitech-g903-lightspeed\/","og_site_name":"UnitGames","article_modified_time":"2026-01-09T10:14:27+00:00","og_image":[{"width":1282,"height":1285,"url":"https:\/\/unitgames.com.ar\/pc-gamer\/wp-content\/uploads\/2025\/07\/Mouse-Inalambrico-LOGITECH-G903-Lightspeed.png","type":"image\/png"}],"twitter_card":"summary_large_image","twitter_misc":{"Tiempo de lectura":"1 minuto"},"schema":{"@context":"https:\/\/schema.org","@graph":[{"@type":"WebPage","@id":"https:\/\/unitgames.com.ar\/pc-gamer\/producto\/mouse-inalambrico-logitech-g903-lightspeed\/","url":"https:\/\/unitgames.com.ar\/pc-gamer\/producto\/mouse-inalambrico-logitech-g903-lightspeed\/","name":"Mouse Inalambrico LOGITECH G903 Lightspeed - UnitGames","isPartOf":{"@id":"https:\/\/unitgames.com.ar\/pc-gamer\/#website"},"primaryImageOfPage":{"@id":"https:\/\/unitgames.com.ar\/pc-gamer\/producto\/mouse-inalambrico-logitech-g903-lightspeed\/#primaryimage"},"image":{"@id":"https:\/\/unitgames.com.ar\/pc-gamer\/producto\/mouse-inalambrico-logitech-g903-lightspeed\/#primaryimage"},"thumbnailUrl":"https:\/\/unitgames.com.ar\/pc-gamer\/wp-content\/uploads\/2025\/07\/Mouse-Inalambrico-LOGITECH-G903-Lightspeed.png","datePublished":"2025-07-03T10:14:03+00:00","dateModified":"2026-01-09T10:14:27+00:00","breadcrumb":{"@id":"https:\/\/unitgames.com.ar\/pc-gamer\/producto\/mouse-inalambrico-logitech-g903-lightspeed\/#breadcrumb"},"inLanguage":"es","potentialAction":[{"@type":"ReadAction","target":["https:\/\/unitgames.com.ar\/pc-gamer\/producto\/mouse-inalambrico-logitech-g903-lightspeed\/"]}]},{"@type":"ImageObject","inLanguage":"es","@id":"https:\/\/unitgames.com.ar\/pc-gamer\/producto\/mouse-inalambrico-logitech-g903-lightspeed\/#primaryimage","url":"https:\/\/unitgames.com.ar\/pc-gamer\/wp-content\/uploads\/2025\/07\/Mouse-Inalambrico-LOGITECH-G903-Lightspeed.png","contentUrl":"https:\/\/unitgames.com.ar\/pc-gamer\/wp-content\/uploads\/2025\/07\/Mouse-Inalambrico-LOGITECH-G903-Lightspeed.png","width":1282,"height":1285},{"@type":"BreadcrumbList","@id":"https:\/\/unitgames.com.ar\/pc-gamer\/producto\/mouse-inalambrico-logitech-g903-lightspeed\/#breadcrumb","itemListElement":[{"@type":"ListItem","position":1,"name":"Tienda","item":"https:\/\/unitgames.com.ar\/pc-gamer\/tienda\/"},{"@type":"ListItem","position":2,"name":"Mouse Inalambrico LOGITECH G903 Lightspeed"}]},{"@type":"WebSite","@id":"https:\/\/unitgames.com.ar\/pc-gamer\/#website","url":"https:\/\/unitgames.com.ar\/pc-gamer\/","name":"UnitGames","description":"Venta de PC Gamers, Consolas , Servicio Tecnico Especializado. Todos en Accesorios Informaticos y Gamers","publisher":{"@id":"https:\/\/unitgames.com.ar\/pc-gamer\/#organization"},"potentialAction":[{"@type":"SearchAction","target":{"@type":"EntryPoint","urlTemplate":"https:\/\/unitgames.com.ar\/pc-gamer\/?s={search_term_string}"},"query-input":{"@type":"PropertyValueSpecification","valueRequired":true,"valueName":"search_term_string"}}],"inLanguage":"es"},{"@type":"Organization","@id":"https:\/\/unitgames.com.ar\/pc-gamer\/#organization","name":"UnitGames","url":"https:\/\/unitgames.com.ar\/pc-gamer\/","logo":{"@type":"ImageObject","inLanguage":"es","@id":"https:\/\/unitgames.com.ar\/pc-gamer\/#\/schema\/logo\/image\/","url":"https:\/\/unitgames.com.ar\/pc-gamer\/wp-content\/uploads\/2021\/01\/cropped-logoUnitGames2.png","contentUrl":"https:\/\/unitgames.com.ar\/pc-gamer\/wp-content\/uploads\/2021\/01\/cropped-logoUnitGames2.png","width":152,"height":200,"caption":"UnitGames"},"image":{"@id":"https:\/\/unitgames.com.ar\/pc-gamer\/#\/schema\/logo\/image\/"}}]}},"_links":{"self":[{"href":"https:\/\/unitgames.com.ar\/pc-gamer\/wp-json\/wp\/v2\/product\/15857","targetHints":{"allow":["GET"]}}],"collection":[{"href":"https:\/\/unitgames.com.ar\/pc-gamer\/wp-json\/wp\/v2\/product"}],"about":[{"href":"https:\/\/unitgames.com.ar\/pc-gamer\/wp-json\/wp\/v2\/types\/product"}],"version-history":[{"count":0,"href":"https:\/\/unitgames.com.ar\/pc-gamer\/wp-json\/wp\/v2\/product\/15857\/revisions"}],"wp:featuredmedia":[{"embeddable":true,"href":"https:\/\/unitgames.com.ar\/pc-gamer\/wp-json\/wp\/v2\/media\/15986"}],"wp:attachment":[{"href":"https:\/\/unitgames.com.ar\/pc-gamer\/wp-json\/wp\/v2\/media?parent=15857"}],"wp:term":[{"taxonomy":"product_brand","embeddable":true,"href":"https:\/\/unitgames.com.ar\/pc-gamer\/wp-json\/wp\/v2\/product_brand?post=15857"},{"taxonomy":"product_cat","embeddable":true,"href":"https:\/\/unitgames.com.ar\/pc-gamer\/wp-json\/wp\/v2\/product_cat?post=15857"},{"taxonomy":"product_tag","embeddable":true,"href":"https:\/\/unitgames.com.ar\/pc-gamer\/wp-json\/wp\/v2\/product_tag?post=15857"}],"curies":[{"name":"wp","href":"https:\/\/api.w.org\/{rel}","templated":true}]}}