{"id":15872,"date":"2025-07-05T19:11:24","date_gmt":"2025-07-05T22:11:24","guid":{"rendered":"https:\/\/unitgames.com.ar\/pc-gamer\/?post_type=product&#038;p=15872"},"modified":"2026-01-09T07:14:25","modified_gmt":"2026-01-09T10:14:25","slug":"joystick-hyperx-gladiate-rgb-xbox-series-s-x-pc","status":"publish","type":"product","link":"https:\/\/unitgames.com.ar\/pc-gamer\/producto\/joystick-hyperx-gladiate-rgb-xbox-series-s-x-pc\/","title":{"rendered":"Joystick HYPERX Gladiate RGB XBOX Series S\/X \/ PC"},"content":{"rendered":"<h3 data-start=\"138\" data-end=\"170\">Especificaciones T\u00e9cnicas<\/h3>\n<p>&nbsp;<\/p>\n<ul data-start=\"172\" data-end=\"951\">\n<li data-start=\"172\" data-end=\"193\">\n<p data-start=\"174\" data-end=\"193\"><strong data-start=\"174\" data-end=\"184\">Marca:<\/strong> HyperX<\/p>\n<\/li>\n<li data-start=\"194\" data-end=\"222\">\n<p data-start=\"196\" data-end=\"222\"><strong data-start=\"196\" data-end=\"207\">Modelo:<\/strong> Gladiate RGB<\/p>\n<\/li>\n<li data-start=\"223\" data-end=\"305\">\n<p data-start=\"225\" data-end=\"305\"><strong data-start=\"225\" data-end=\"244\">Compatibilidad:<\/strong> Xbox Series X, Xbox Series S, Xbox One, PC (Windows 10\/11)<\/p>\n<\/li>\n<li data-start=\"306\" data-end=\"367\">\n<p data-start=\"308\" data-end=\"367\"><strong data-start=\"308\" data-end=\"321\">Conexi\u00f3n:<\/strong> Cable USB-C a USB-A (controlador con cable)<\/p>\n<\/li>\n<li data-start=\"368\" data-end=\"420\">\n<p data-start=\"370\" data-end=\"420\"><strong data-start=\"370\" data-end=\"393\">Longitud del cable:<\/strong> Aproximadamente 3 metros<\/p>\n<\/li>\n<li data-start=\"421\" data-end=\"504\">\n<p data-start=\"423\" data-end=\"504\"><strong data-start=\"423\" data-end=\"439\">Iluminaci\u00f3n:<\/strong> RGB personalizable en los sticks anal\u00f3gicos y el bot\u00f3n central<\/p>\n<\/li>\n<li data-start=\"505\" data-end=\"654\">\n<p data-start=\"507\" data-end=\"521\"><strong data-start=\"507\" data-end=\"519\">Botones:<\/strong><\/p>\n<ul data-start=\"524\" data-end=\"654\">\n<li data-start=\"524\" data-end=\"549\">\n<p data-start=\"526\" data-end=\"549\">Botones est\u00e1ndar Xbox<\/p>\n<\/li>\n<li data-start=\"552\" data-end=\"585\">\n<p data-start=\"554\" data-end=\"585\">Gatillos anal\u00f3gicos (LT y RT)<\/p>\n<\/li>\n<li data-start=\"588\" data-end=\"625\">\n<p data-start=\"590\" data-end=\"625\">Dos botones traseros programables<\/p>\n<\/li>\n<li data-start=\"628\" data-end=\"654\">\n<p data-start=\"630\" data-end=\"654\">D-Pad de 8 direcciones<\/p>\n<\/li>\n<\/ul>\n<\/li>\n<li data-start=\"655\" data-end=\"700\">\n<p data-start=\"657\" data-end=\"700\"><strong data-start=\"657\" data-end=\"670\">Gatillos:<\/strong> Gatillos con tope ajustable<\/p>\n<\/li>\n<li data-start=\"701\" data-end=\"744\">\n<p data-start=\"703\" data-end=\"744\"><strong data-start=\"703\" data-end=\"717\">Vibraci\u00f3n:<\/strong> Doble motor de vibraci\u00f3n<\/p>\n<\/li>\n<li data-start=\"745\" data-end=\"800\">\n<p data-start=\"747\" data-end=\"800\"><strong data-start=\"747\" data-end=\"766\">Tomas de audio:<\/strong> Jack de 3,5 mm para auriculares<\/p>\n<\/li>\n<li data-start=\"801\" data-end=\"841\">\n<p data-start=\"803\" data-end=\"841\"><strong data-start=\"803\" data-end=\"812\">Peso:<\/strong> Aproximadamente 280 gramos<\/p>\n<\/li>\n<li data-start=\"842\" data-end=\"951\">\n<p data-start=\"844\" data-end=\"951\"><strong data-start=\"844\" data-end=\"875\">Compatibilidad de software:<\/strong> Compatible con la personalizaci\u00f3n de botones y perfiles en Xbox y Windows<\/p>\n<\/li>\n<\/ul>\n","protected":false},"excerpt":{"rendered":"<p>Especificaciones T\u00e9cnicas &nbsp; Marca: HyperX Modelo: Gladiate RGB Compatibilidad: Xbox Series X, Xbox Series S, Xbox One, PC (Windows 10\/11) Conexi\u00f3n: Cable USB-C a USB-A (controlador con cable) Longitud del cable: Aproximadamente 3 metros Iluminaci\u00f3n: RGB personalizable en los sticks anal\u00f3gicos y el bot\u00f3n central Botones: Botones est\u00e1ndar Xbox Gatillos anal\u00f3gicos (LT y RT) Dos botones traseros programables D-Pad de 8 direcciones Gatillos: Gatillos con tope ajustable Vibraci\u00f3n: Doble motor de vibraci\u00f3n Tomas de audio: Jack de 3,5 mm para auriculares Peso: Aproximadamente 280 gramos Compatibilidad de software: Compatible con la personalizaci\u00f3n de botones y perfiles en Xbox y Windows<\/p>\n","protected":false},"featured_media":15940,"template":"","meta":{"site-sidebar-layout":"default","site-content-layout":"","ast-site-content-layout":"default","site-content-style":"default","site-sidebar-style":"default","ast-global-header-display":"","ast-banner-title-visibility":"","ast-main-header-display":"","ast-hfb-above-header-display":"","ast-hfb-below-header-display":"","ast-hfb-mobile-header-display":"","site-post-title":"","ast-breadcrumbs-content":"","ast-featured-img":"","footer-sml-layout":"","theme-transparent-header-meta":"default","adv-header-id-meta":"","stick-header-meta":"","header-above-stick-meta":"","header-main-stick-meta":"","header-below-stick-meta":"","astra-migrate-meta-layouts":"set","ast-page-background-enabled":"default","ast-page-background-meta":{"desktop":{"background-color":"var(--ast-global-color-5)","background-image":"","background-repeat":"repeat","background-position":"center center","background-size":"auto","background-attachment":"scroll","background-type":"","background-media":"","overlay-type":"","overlay-color":"","overlay-opacity":"","overlay-gradient":""},"tablet":{"background-color":"","background-image":"","background-repeat":"repeat","background-position":"center center","background-size":"auto","background-attachment":"scroll","background-type":"","background-media":"","overlay-type":"","overlay-color":"","overlay-opacity":"","overlay-gradient":""},"mobile":{"background-color":"","background-image":"","background-repeat":"repeat","background-position":"center center","background-size":"auto","background-attachment":"scroll","background-type":"","background-media":"","overlay-type":"","overlay-color":"","overlay-opacity":"","overlay-gradient":""}},"ast-content-background-meta":{"desktop":{"background-color":"var(--ast-global-color-4)","background-image":"","background-repeat":"repeat","background-position":"center center","background-size":"auto","background-attachment":"scroll","background-type":"","background-media":"","overlay-type":"","overlay-color":"","overlay-opacity":"","overlay-gradient":""},"tablet":{"background-color":"var(--ast-global-color-4)","background-image":"","background-repeat":"repeat","background-position":"center center","background-size":"auto","background-attachment":"scroll","background-type":"","background-media":"","overlay-type":"","overlay-color":"","overlay-opacity":"","overlay-gradient":""},"mobile":{"background-color":"var(--ast-global-color-4)","background-image":"","background-repeat":"repeat","background-position":"center center","background-size":"auto","background-attachment":"scroll","background-type":"","background-media":"","overlay-type":"","overlay-color":"","overlay-opacity":"","overlay-gradient":""}},"_joinchat":[]},"product_brand":[],"product_cat":[82],"product_tag":[],"class_list":{"0":"post-15872","1":"product","2":"type-product","3":"status-publish","4":"has-post-thumbnail","6":"product_cat-joysticks","7":"desktop-align-center","8":"tablet-align-left","9":"mobile-align-left","11":"first","12":"instock","13":"shipping-taxable","14":"purchasable","15":"product-type-simple"},"yoast_head":"<!-- This site is optimized with the Yoast SEO plugin v27.5 - https:\/\/yoast.com\/product\/yoast-seo-wordpress\/ -->\n<title>Joystick HYPERX Gladiate RGB XBOX Series S\/X \/ PC - UnitGames<\/title>\n<meta name=\"robots\" content=\"index, follow, max-snippet:-1, max-image-preview:large, max-video-preview:-1\" \/>\n<link rel=\"canonical\" href=\"https:\/\/unitgames.com.ar\/pc-gamer\/producto\/joystick-hyperx-gladiate-rgb-xbox-series-s-x-pc\/\" \/>\n<meta property=\"og:locale\" content=\"es_ES\" \/>\n<meta property=\"og:type\" content=\"article\" \/>\n<meta property=\"og:title\" content=\"Joystick HYPERX Gladiate RGB XBOX Series S\/X \/ PC - UnitGames\" \/>\n<meta property=\"og:description\" content=\"Especificaciones T\u00e9cnicas &nbsp; Marca: HyperX Modelo: Gladiate RGB Compatibilidad: Xbox Series X, Xbox Series S, Xbox One, PC (Windows 10\/11) Conexi\u00f3n: Cable USB-C a USB-A (controlador con cable) Longitud del cable: Aproximadamente 3 metros Iluminaci\u00f3n: RGB personalizable en los sticks anal\u00f3gicos y el bot\u00f3n central Botones: Botones est\u00e1ndar Xbox Gatillos anal\u00f3gicos (LT y RT) Dos botones traseros programables D-Pad de 8 direcciones Gatillos: Gatillos con tope ajustable Vibraci\u00f3n: Doble motor de vibraci\u00f3n Tomas de audio: Jack de 3,5 mm para auriculares Peso: Aproximadamente 280 gramos Compatibilidad de software: Compatible con la personalizaci\u00f3n de botones y perfiles en Xbox y Windows\" \/>\n<meta property=\"og:url\" content=\"https:\/\/unitgames.com.ar\/pc-gamer\/producto\/joystick-hyperx-gladiate-rgb-xbox-series-s-x-pc\/\" \/>\n<meta property=\"og:site_name\" content=\"UnitGames\" \/>\n<meta property=\"article:modified_time\" content=\"2026-01-09T10:14:25+00:00\" \/>\n<meta property=\"og:image\" content=\"https:\/\/unitgames.com.ar\/pc-gamer\/wp-content\/uploads\/2025\/07\/Joystick-HYPERX-Gladiate-RGB-XBOX-Series.png\" \/>\n\t<meta property=\"og:image:width\" content=\"1263\" \/>\n\t<meta property=\"og:image:height\" content=\"1285\" \/>\n\t<meta property=\"og:image:type\" content=\"image\/png\" \/>\n<meta name=\"twitter:card\" content=\"summary_large_image\" \/>\n<meta name=\"twitter:label1\" content=\"Tiempo de lectura\" \/>\n\t<meta name=\"twitter:data1\" content=\"1 minuto\" \/>\n<script type=\"application\/ld+json\" class=\"yoast-schema-graph\">{\"@context\":\"https:\\\/\\\/schema.org\",\"@graph\":[{\"@type\":\"WebPage\",\"@id\":\"https:\\\/\\\/unitgames.com.ar\\\/pc-gamer\\\/producto\\\/joystick-hyperx-gladiate-rgb-xbox-series-s-x-pc\\\/\",\"url\":\"https:\\\/\\\/unitgames.com.ar\\\/pc-gamer\\\/producto\\\/joystick-hyperx-gladiate-rgb-xbox-series-s-x-pc\\\/\",\"name\":\"Joystick HYPERX Gladiate RGB XBOX Series S\\\/X \\\/ PC - UnitGames\",\"isPartOf\":{\"@id\":\"https:\\\/\\\/unitgames.com.ar\\\/pc-gamer\\\/#website\"},\"primaryImageOfPage\":{\"@id\":\"https:\\\/\\\/unitgames.com.ar\\\/pc-gamer\\\/producto\\\/joystick-hyperx-gladiate-rgb-xbox-series-s-x-pc\\\/#primaryimage\"},\"image\":{\"@id\":\"https:\\\/\\\/unitgames.com.ar\\\/pc-gamer\\\/producto\\\/joystick-hyperx-gladiate-rgb-xbox-series-s-x-pc\\\/#primaryimage\"},\"thumbnailUrl\":\"https:\\\/\\\/unitgames.com.ar\\\/pc-gamer\\\/wp-content\\\/uploads\\\/2025\\\/07\\\/Joystick-HYPERX-Gladiate-RGB-XBOX-Series.png\",\"datePublished\":\"2025-07-05T22:11:24+00:00\",\"dateModified\":\"2026-01-09T10:14:25+00:00\",\"breadcrumb\":{\"@id\":\"https:\\\/\\\/unitgames.com.ar\\\/pc-gamer\\\/producto\\\/joystick-hyperx-gladiate-rgb-xbox-series-s-x-pc\\\/#breadcrumb\"},\"inLanguage\":\"es\",\"potentialAction\":[{\"@type\":\"ReadAction\",\"target\":[\"https:\\\/\\\/unitgames.com.ar\\\/pc-gamer\\\/producto\\\/joystick-hyperx-gladiate-rgb-xbox-series-s-x-pc\\\/\"]}]},{\"@type\":\"ImageObject\",\"inLanguage\":\"es\",\"@id\":\"https:\\\/\\\/unitgames.com.ar\\\/pc-gamer\\\/producto\\\/joystick-hyperx-gladiate-rgb-xbox-series-s-x-pc\\\/#primaryimage\",\"url\":\"https:\\\/\\\/unitgames.com.ar\\\/pc-gamer\\\/wp-content\\\/uploads\\\/2025\\\/07\\\/Joystick-HYPERX-Gladiate-RGB-XBOX-Series.png\",\"contentUrl\":\"https:\\\/\\\/unitgames.com.ar\\\/pc-gamer\\\/wp-content\\\/uploads\\\/2025\\\/07\\\/Joystick-HYPERX-Gladiate-RGB-XBOX-Series.png\",\"width\":1263,\"height\":1285},{\"@type\":\"BreadcrumbList\",\"@id\":\"https:\\\/\\\/unitgames.com.ar\\\/pc-gamer\\\/producto\\\/joystick-hyperx-gladiate-rgb-xbox-series-s-x-pc\\\/#breadcrumb\",\"itemListElement\":[{\"@type\":\"ListItem\",\"position\":1,\"name\":\"Tienda\",\"item\":\"https:\\\/\\\/unitgames.com.ar\\\/pc-gamer\\\/tienda\\\/\"},{\"@type\":\"ListItem\",\"position\":2,\"name\":\"Joystick HYPERX Gladiate RGB XBOX Series S\\\/X \\\/ PC\"}]},{\"@type\":\"WebSite\",\"@id\":\"https:\\\/\\\/unitgames.com.ar\\\/pc-gamer\\\/#website\",\"url\":\"https:\\\/\\\/unitgames.com.ar\\\/pc-gamer\\\/\",\"name\":\"UnitGames\",\"description\":\"Venta de PC Gamers, Consolas , Servicio Tecnico Especializado. Todos en Accesorios Informaticos y Gamers\",\"publisher\":{\"@id\":\"https:\\\/\\\/unitgames.com.ar\\\/pc-gamer\\\/#organization\"},\"potentialAction\":[{\"@type\":\"SearchAction\",\"target\":{\"@type\":\"EntryPoint\",\"urlTemplate\":\"https:\\\/\\\/unitgames.com.ar\\\/pc-gamer\\\/?s={search_term_string}\"},\"query-input\":{\"@type\":\"PropertyValueSpecification\",\"valueRequired\":true,\"valueName\":\"search_term_string\"}}],\"inLanguage\":\"es\"},{\"@type\":\"Organization\",\"@id\":\"https:\\\/\\\/unitgames.com.ar\\\/pc-gamer\\\/#organization\",\"name\":\"UnitGames\",\"url\":\"https:\\\/\\\/unitgames.com.ar\\\/pc-gamer\\\/\",\"logo\":{\"@type\":\"ImageObject\",\"inLanguage\":\"es\",\"@id\":\"https:\\\/\\\/unitgames.com.ar\\\/pc-gamer\\\/#\\\/schema\\\/logo\\\/image\\\/\",\"url\":\"https:\\\/\\\/unitgames.com.ar\\\/pc-gamer\\\/wp-content\\\/uploads\\\/2021\\\/01\\\/cropped-logoUnitGames2.png\",\"contentUrl\":\"https:\\\/\\\/unitgames.com.ar\\\/pc-gamer\\\/wp-content\\\/uploads\\\/2021\\\/01\\\/cropped-logoUnitGames2.png\",\"width\":152,\"height\":200,\"caption\":\"UnitGames\"},\"image\":{\"@id\":\"https:\\\/\\\/unitgames.com.ar\\\/pc-gamer\\\/#\\\/schema\\\/logo\\\/image\\\/\"}}]}<\/script>\n<!-- \/ Yoast SEO plugin. -->","yoast_head_json":{"title":"Joystick HYPERX Gladiate RGB XBOX Series S\/X \/ PC - UnitGames","robots":{"index":"index","follow":"follow","max-snippet":"max-snippet:-1","max-image-preview":"max-image-preview:large","max-video-preview":"max-video-preview:-1"},"canonical":"https:\/\/unitgames.com.ar\/pc-gamer\/producto\/joystick-hyperx-gladiate-rgb-xbox-series-s-x-pc\/","og_locale":"es_ES","og_type":"article","og_title":"Joystick HYPERX Gladiate RGB XBOX Series S\/X \/ PC - UnitGames","og_description":"Especificaciones T\u00e9cnicas &nbsp; Marca: HyperX Modelo: Gladiate RGB Compatibilidad: Xbox Series X, Xbox Series S, Xbox One, PC (Windows 10\/11) Conexi\u00f3n: Cable USB-C a USB-A (controlador con cable) Longitud del cable: Aproximadamente 3 metros Iluminaci\u00f3n: RGB personalizable en los sticks anal\u00f3gicos y el bot\u00f3n central Botones: Botones est\u00e1ndar Xbox Gatillos anal\u00f3gicos (LT y RT) Dos botones traseros programables D-Pad de 8 direcciones Gatillos: Gatillos con tope ajustable Vibraci\u00f3n: Doble motor de vibraci\u00f3n Tomas de audio: Jack de 3,5 mm para auriculares Peso: Aproximadamente 280 gramos Compatibilidad de software: Compatible con la personalizaci\u00f3n de botones y perfiles en Xbox y Windows","og_url":"https:\/\/unitgames.com.ar\/pc-gamer\/producto\/joystick-hyperx-gladiate-rgb-xbox-series-s-x-pc\/","og_site_name":"UnitGames","article_modified_time":"2026-01-09T10:14:25+00:00","og_image":[{"width":1263,"height":1285,"url":"https:\/\/unitgames.com.ar\/pc-gamer\/wp-content\/uploads\/2025\/07\/Joystick-HYPERX-Gladiate-RGB-XBOX-Series.png","type":"image\/png"}],"twitter_card":"summary_large_image","twitter_misc":{"Tiempo de lectura":"1 minuto"},"schema":{"@context":"https:\/\/schema.org","@graph":[{"@type":"WebPage","@id":"https:\/\/unitgames.com.ar\/pc-gamer\/producto\/joystick-hyperx-gladiate-rgb-xbox-series-s-x-pc\/","url":"https:\/\/unitgames.com.ar\/pc-gamer\/producto\/joystick-hyperx-gladiate-rgb-xbox-series-s-x-pc\/","name":"Joystick HYPERX Gladiate RGB XBOX Series S\/X \/ PC - UnitGames","isPartOf":{"@id":"https:\/\/unitgames.com.ar\/pc-gamer\/#website"},"primaryImageOfPage":{"@id":"https:\/\/unitgames.com.ar\/pc-gamer\/producto\/joystick-hyperx-gladiate-rgb-xbox-series-s-x-pc\/#primaryimage"},"image":{"@id":"https:\/\/unitgames.com.ar\/pc-gamer\/producto\/joystick-hyperx-gladiate-rgb-xbox-series-s-x-pc\/#primaryimage"},"thumbnailUrl":"https:\/\/unitgames.com.ar\/pc-gamer\/wp-content\/uploads\/2025\/07\/Joystick-HYPERX-Gladiate-RGB-XBOX-Series.png","datePublished":"2025-07-05T22:11:24+00:00","dateModified":"2026-01-09T10:14:25+00:00","breadcrumb":{"@id":"https:\/\/unitgames.com.ar\/pc-gamer\/producto\/joystick-hyperx-gladiate-rgb-xbox-series-s-x-pc\/#breadcrumb"},"inLanguage":"es","potentialAction":[{"@type":"ReadAction","target":["https:\/\/unitgames.com.ar\/pc-gamer\/producto\/joystick-hyperx-gladiate-rgb-xbox-series-s-x-pc\/"]}]},{"@type":"ImageObject","inLanguage":"es","@id":"https:\/\/unitgames.com.ar\/pc-gamer\/producto\/joystick-hyperx-gladiate-rgb-xbox-series-s-x-pc\/#primaryimage","url":"https:\/\/unitgames.com.ar\/pc-gamer\/wp-content\/uploads\/2025\/07\/Joystick-HYPERX-Gladiate-RGB-XBOX-Series.png","contentUrl":"https:\/\/unitgames.com.ar\/pc-gamer\/wp-content\/uploads\/2025\/07\/Joystick-HYPERX-Gladiate-RGB-XBOX-Series.png","width":1263,"height":1285},{"@type":"BreadcrumbList","@id":"https:\/\/unitgames.com.ar\/pc-gamer\/producto\/joystick-hyperx-gladiate-rgb-xbox-series-s-x-pc\/#breadcrumb","itemListElement":[{"@type":"ListItem","position":1,"name":"Tienda","item":"https:\/\/unitgames.com.ar\/pc-gamer\/tienda\/"},{"@type":"ListItem","position":2,"name":"Joystick HYPERX Gladiate RGB XBOX Series S\/X \/ PC"}]},{"@type":"WebSite","@id":"https:\/\/unitgames.com.ar\/pc-gamer\/#website","url":"https:\/\/unitgames.com.ar\/pc-gamer\/","name":"UnitGames","description":"Venta de PC Gamers, Consolas , Servicio Tecnico Especializado. Todos en Accesorios Informaticos y Gamers","publisher":{"@id":"https:\/\/unitgames.com.ar\/pc-gamer\/#organization"},"potentialAction":[{"@type":"SearchAction","target":{"@type":"EntryPoint","urlTemplate":"https:\/\/unitgames.com.ar\/pc-gamer\/?s={search_term_string}"},"query-input":{"@type":"PropertyValueSpecification","valueRequired":true,"valueName":"search_term_string"}}],"inLanguage":"es"},{"@type":"Organization","@id":"https:\/\/unitgames.com.ar\/pc-gamer\/#organization","name":"UnitGames","url":"https:\/\/unitgames.com.ar\/pc-gamer\/","logo":{"@type":"ImageObject","inLanguage":"es","@id":"https:\/\/unitgames.com.ar\/pc-gamer\/#\/schema\/logo\/image\/","url":"https:\/\/unitgames.com.ar\/pc-gamer\/wp-content\/uploads\/2021\/01\/cropped-logoUnitGames2.png","contentUrl":"https:\/\/unitgames.com.ar\/pc-gamer\/wp-content\/uploads\/2021\/01\/cropped-logoUnitGames2.png","width":152,"height":200,"caption":"UnitGames"},"image":{"@id":"https:\/\/unitgames.com.ar\/pc-gamer\/#\/schema\/logo\/image\/"}}]}},"_links":{"self":[{"href":"https:\/\/unitgames.com.ar\/pc-gamer\/wp-json\/wp\/v2\/product\/15872","targetHints":{"allow":["GET"]}}],"collection":[{"href":"https:\/\/unitgames.com.ar\/pc-gamer\/wp-json\/wp\/v2\/product"}],"about":[{"href":"https:\/\/unitgames.com.ar\/pc-gamer\/wp-json\/wp\/v2\/types\/product"}],"version-history":[{"count":0,"href":"https:\/\/unitgames.com.ar\/pc-gamer\/wp-json\/wp\/v2\/product\/15872\/revisions"}],"wp:featuredmedia":[{"embeddable":true,"href":"https:\/\/unitgames.com.ar\/pc-gamer\/wp-json\/wp\/v2\/media\/15940"}],"wp:attachment":[{"href":"https:\/\/unitgames.com.ar\/pc-gamer\/wp-json\/wp\/v2\/media?parent=15872"}],"wp:term":[{"taxonomy":"product_brand","embeddable":true,"href":"https:\/\/unitgames.com.ar\/pc-gamer\/wp-json\/wp\/v2\/product_brand?post=15872"},{"taxonomy":"product_cat","embeddable":true,"href":"https:\/\/unitgames.com.ar\/pc-gamer\/wp-json\/wp\/v2\/product_cat?post=15872"},{"taxonomy":"product_tag","embeddable":true,"href":"https:\/\/unitgames.com.ar\/pc-gamer\/wp-json\/wp\/v2\/product_tag?post=15872"}],"curies":[{"name":"wp","href":"https:\/\/api.w.org\/{rel}","templated":true}]}}