{"id":16060,"date":"2025-07-06T11:38:46","date_gmt":"2025-07-06T14:38:46","guid":{"rendered":"https:\/\/unitgames.com.ar\/pc-gamer\/?post_type=product&#038;p=16060"},"modified":"2026-05-01T10:52:26","modified_gmt":"2026-05-01T13:52:26","slug":"auriculares-aureox-equify","status":"publish","type":"product","link":"https:\/\/unitgames.com.ar\/pc-gamer\/producto\/auriculares-aureox-equify\/","title":{"rendered":"Auriculares AUREOX Equify"},"content":{"rendered":"<h3 data-start=\"214\" data-end=\"246\">\u00a0Especificaciones T\u00e9cnicas<\/h3>\n<p>&nbsp;<\/p>\n<ul data-start=\"248\" data-end=\"1096\">\n<li data-start=\"248\" data-end=\"269\">\n<p data-start=\"250\" data-end=\"269\"><strong data-start=\"250\" data-end=\"260\">Marca:<\/strong> Aureox<\/p>\n<\/li>\n<li data-start=\"270\" data-end=\"298\">\n<p data-start=\"272\" data-end=\"298\"><strong data-start=\"272\" data-end=\"283\">Modelo:<\/strong> Equify GH200<\/p>\n<\/li>\n<li data-start=\"299\" data-end=\"345\">\n<p data-start=\"301\" data-end=\"345\"><strong data-start=\"301\" data-end=\"310\">Tipo:<\/strong> Auriculares cerrados para gaming<\/p>\n<\/li>\n<li data-start=\"346\" data-end=\"386\">\n<p data-start=\"348\" data-end=\"386\"><strong data-start=\"348\" data-end=\"360\">Drivers:<\/strong> 50\u202fmm din\u00e1micos est\u00e9reo<\/p>\n<\/li>\n<li data-start=\"387\" data-end=\"425\">\n<p data-start=\"389\" data-end=\"425\"><strong data-start=\"389\" data-end=\"419\">Sonido envolvente virtual:<\/strong> 7.1<\/p>\n<\/li>\n<li data-start=\"426\" data-end=\"484\">\n<p data-start=\"428\" data-end=\"484\"><strong data-start=\"428\" data-end=\"442\">Micr\u00f3fono:<\/strong> Omnidireccional ajustable y retractable<\/p>\n<\/li>\n<li data-start=\"485\" data-end=\"564\">\n<p data-start=\"487\" data-end=\"564\"><strong data-start=\"487\" data-end=\"504\">Conectividad:<\/strong> Cable jack 3.5\u202fmm (compatible con PC, PS4, Xbox, m\u00f3viles)<\/p>\n<\/li>\n<li data-start=\"565\" data-end=\"645\">\n<p data-start=\"567\" data-end=\"645\"><strong data-start=\"567\" data-end=\"589\">Control integrado:<\/strong> Bot\u00f3n de volumen giratorio y bot\u00f3n de silencio (mute)<\/p>\n<\/li>\n<li data-start=\"646\" data-end=\"695\">\n<p data-start=\"648\" data-end=\"695\"><strong data-start=\"648\" data-end=\"664\">Iluminaci\u00f3n:<\/strong> RGB envolvente, configurable<\/p>\n<\/li>\n<li data-start=\"696\" data-end=\"751\">\n<p data-start=\"698\" data-end=\"751\"><strong data-start=\"698\" data-end=\"717\">Compatibilidad:<\/strong> PC y consolas con puerto 3.5\u202fmm<\/p>\n<\/li>\n<li data-start=\"752\" data-end=\"828\">\n<p data-start=\"754\" data-end=\"828\"><strong data-start=\"754\" data-end=\"774\">Tipo de diadema:<\/strong> Ajustable con \u201calas\u201d 3D y almohadillas acolchonadas<\/p>\n<\/li>\n<li data-start=\"829\" data-end=\"860\">\n<p data-start=\"831\" data-end=\"860\"><strong data-start=\"831\" data-end=\"852\">Color disponible:<\/strong> Negro<\/p>\n<\/li>\n<li data-start=\"861\" data-end=\"915\">\n<p data-start=\"863\" data-end=\"915\"><strong data-start=\"863\" data-end=\"884\">Formato de canal:<\/strong> Est\u00e9reo (2.0) con bass\u2011boost<\/p>\n<\/li>\n<li data-start=\"916\" data-end=\"995\">\n<p data-start=\"918\" data-end=\"995\"><strong data-start=\"918\" data-end=\"931\">Software:<\/strong> Incluye app de configuraci\u00f3n Aureox (perfiles, RGB, surround)<\/p>\n<\/li>\n<li data-start=\"996\" data-end=\"1069\">\n<p data-start=\"998\" data-end=\"1069\"><strong data-start=\"998\" data-end=\"1009\">Dise\u00f1o:<\/strong> Estructura robusta, pensada para sesiones largas de juego<\/p>\n<\/li>\n<\/ul>\n<hr data-start=\"626\" data-end=\"629\" \/>\n<p data-start=\"657\" data-end=\"698\">\n","protected":false},"excerpt":{"rendered":"<p>\u00a0Especificaciones T\u00e9cnicas &nbsp; Marca: Aureox Modelo: Equify GH200 Tipo: Auriculares cerrados para gaming Drivers: 50\u202fmm din\u00e1micos est\u00e9reo Sonido envolvente virtual: 7.1 Micr\u00f3fono: Omnidireccional ajustable y retractable Conectividad: Cable jack 3.5\u202fmm (compatible con PC, PS4, Xbox, m\u00f3viles) Control integrado: Bot\u00f3n de volumen giratorio y bot\u00f3n de silencio (mute) Iluminaci\u00f3n: RGB envolvente, configurable Compatibilidad: PC y consolas con puerto 3.5\u202fmm Tipo de diadema: Ajustable con \u201calas\u201d 3D y almohadillas acolchonadas Color disponible: Negro Formato de canal: Est\u00e9reo (2.0) con bass\u2011boost Software: Incluye app de configuraci\u00f3n Aureox (perfiles, RGB, surround) Dise\u00f1o: Estructura robusta, pensada para sesiones largas de juego<\/p>\n","protected":false},"featured_media":16064,"template":"","meta":{"site-sidebar-layout":"default","site-content-layout":"","ast-site-content-layout":"default","site-content-style":"default","site-sidebar-style":"default","ast-global-header-display":"","ast-banner-title-visibility":"","ast-main-header-display":"","ast-hfb-above-header-display":"","ast-hfb-below-header-display":"","ast-hfb-mobile-header-display":"","site-post-title":"","ast-breadcrumbs-content":"","ast-featured-img":"","footer-sml-layout":"","theme-transparent-header-meta":"default","adv-header-id-meta":"","stick-header-meta":"","header-above-stick-meta":"","header-main-stick-meta":"","header-below-stick-meta":"","astra-migrate-meta-layouts":"set","ast-page-background-enabled":"default","ast-page-background-meta":{"desktop":{"background-color":"var(--ast-global-color-5)","background-image":"","background-repeat":"repeat","background-position":"center center","background-size":"auto","background-attachment":"scroll","background-type":"","background-media":"","overlay-type":"","overlay-color":"","overlay-opacity":"","overlay-gradient":""},"tablet":{"background-color":"","background-image":"","background-repeat":"repeat","background-position":"center center","background-size":"auto","background-attachment":"scroll","background-type":"","background-media":"","overlay-type":"","overlay-color":"","overlay-opacity":"","overlay-gradient":""},"mobile":{"background-color":"","background-image":"","background-repeat":"repeat","background-position":"center center","background-size":"auto","background-attachment":"scroll","background-type":"","background-media":"","overlay-type":"","overlay-color":"","overlay-opacity":"","overlay-gradient":""}},"ast-content-background-meta":{"desktop":{"background-color":"var(--ast-global-color-4)","background-image":"","background-repeat":"repeat","background-position":"center center","background-size":"auto","background-attachment":"scroll","background-type":"","background-media":"","overlay-type":"","overlay-color":"","overlay-opacity":"","overlay-gradient":""},"tablet":{"background-color":"var(--ast-global-color-4)","background-image":"","background-repeat":"repeat","background-position":"center center","background-size":"auto","background-attachment":"scroll","background-type":"","background-media":"","overlay-type":"","overlay-color":"","overlay-opacity":"","overlay-gradient":""},"mobile":{"background-color":"var(--ast-global-color-4)","background-image":"","background-repeat":"repeat","background-position":"center center","background-size":"auto","background-attachment":"scroll","background-type":"","background-media":"","overlay-type":"","overlay-color":"","overlay-opacity":"","overlay-gradient":""}},"_joinchat":[]},"product_brand":[],"product_cat":[81,168],"product_tag":[],"class_list":{"0":"post-16060","1":"product","2":"type-product","3":"status-publish","4":"has-post-thumbnail","6":"product_cat-auriculares-pc-play-xbox-celular","7":"product_cat-auriculles-gamers","8":"desktop-align-center","9":"tablet-align-left","10":"mobile-align-left","12":"first","13":"instock","14":"shipping-taxable","15":"purchasable","16":"product-type-simple"},"yoast_head":"<!-- This site is optimized with the Yoast SEO plugin v27.5 - https:\/\/yoast.com\/product\/yoast-seo-wordpress\/ -->\n<title>Auriculares AUREOX Equify - UnitGames<\/title>\n<meta name=\"robots\" content=\"index, follow, max-snippet:-1, max-image-preview:large, max-video-preview:-1\" \/>\n<link rel=\"canonical\" href=\"https:\/\/unitgames.com.ar\/pc-gamer\/producto\/auriculares-aureox-equify\/\" \/>\n<meta property=\"og:locale\" content=\"es_ES\" \/>\n<meta property=\"og:type\" content=\"article\" \/>\n<meta property=\"og:title\" content=\"Auriculares AUREOX Equify - UnitGames\" \/>\n<meta property=\"og:description\" content=\"\u00a0Especificaciones T\u00e9cnicas &nbsp; Marca: Aureox Modelo: Equify GH200 Tipo: Auriculares cerrados para gaming Drivers: 50\u202fmm din\u00e1micos est\u00e9reo Sonido envolvente virtual: 7.1 Micr\u00f3fono: Omnidireccional ajustable y retractable Conectividad: Cable jack 3.5\u202fmm (compatible con PC, PS4, Xbox, m\u00f3viles) Control integrado: Bot\u00f3n de volumen giratorio y bot\u00f3n de silencio (mute) Iluminaci\u00f3n: RGB envolvente, configurable Compatibilidad: PC y consolas con puerto 3.5\u202fmm Tipo de diadema: Ajustable con \u201calas\u201d 3D y almohadillas acolchonadas Color disponible: Negro Formato de canal: Est\u00e9reo (2.0) con bass\u2011boost Software: Incluye app de configuraci\u00f3n Aureox (perfiles, RGB, surround) Dise\u00f1o: Estructura robusta, pensada para sesiones largas de juego\" \/>\n<meta property=\"og:url\" content=\"https:\/\/unitgames.com.ar\/pc-gamer\/producto\/auriculares-aureox-equify\/\" \/>\n<meta property=\"og:site_name\" content=\"UnitGames\" \/>\n<meta property=\"article:modified_time\" content=\"2026-05-01T13:52:26+00:00\" \/>\n<meta property=\"og:image\" content=\"https:\/\/unitgames.com.ar\/pc-gamer\/wp-content\/uploads\/2025\/07\/Auriculares-AUREOX-Equify.png\" \/>\n\t<meta property=\"og:image:width\" content=\"1263\" \/>\n\t<meta property=\"og:image:height\" content=\"1285\" \/>\n\t<meta property=\"og:image:type\" content=\"image\/png\" \/>\n<meta name=\"twitter:card\" content=\"summary_large_image\" \/>\n<meta name=\"twitter:label1\" content=\"Tiempo de lectura\" \/>\n\t<meta name=\"twitter:data1\" content=\"1 minuto\" \/>\n<script type=\"application\/ld+json\" class=\"yoast-schema-graph\">{\"@context\":\"https:\\\/\\\/schema.org\",\"@graph\":[{\"@type\":\"WebPage\",\"@id\":\"https:\\\/\\\/unitgames.com.ar\\\/pc-gamer\\\/producto\\\/auriculares-aureox-equify\\\/\",\"url\":\"https:\\\/\\\/unitgames.com.ar\\\/pc-gamer\\\/producto\\\/auriculares-aureox-equify\\\/\",\"name\":\"Auriculares AUREOX Equify - UnitGames\",\"isPartOf\":{\"@id\":\"https:\\\/\\\/unitgames.com.ar\\\/pc-gamer\\\/#website\"},\"primaryImageOfPage\":{\"@id\":\"https:\\\/\\\/unitgames.com.ar\\\/pc-gamer\\\/producto\\\/auriculares-aureox-equify\\\/#primaryimage\"},\"image\":{\"@id\":\"https:\\\/\\\/unitgames.com.ar\\\/pc-gamer\\\/producto\\\/auriculares-aureox-equify\\\/#primaryimage\"},\"thumbnailUrl\":\"https:\\\/\\\/unitgames.com.ar\\\/pc-gamer\\\/wp-content\\\/uploads\\\/2025\\\/07\\\/Auriculares-AUREOX-Equify.png\",\"datePublished\":\"2025-07-06T14:38:46+00:00\",\"dateModified\":\"2026-05-01T13:52:26+00:00\",\"breadcrumb\":{\"@id\":\"https:\\\/\\\/unitgames.com.ar\\\/pc-gamer\\\/producto\\\/auriculares-aureox-equify\\\/#breadcrumb\"},\"inLanguage\":\"es\",\"potentialAction\":[{\"@type\":\"ReadAction\",\"target\":[\"https:\\\/\\\/unitgames.com.ar\\\/pc-gamer\\\/producto\\\/auriculares-aureox-equify\\\/\"]}]},{\"@type\":\"ImageObject\",\"inLanguage\":\"es\",\"@id\":\"https:\\\/\\\/unitgames.com.ar\\\/pc-gamer\\\/producto\\\/auriculares-aureox-equify\\\/#primaryimage\",\"url\":\"https:\\\/\\\/unitgames.com.ar\\\/pc-gamer\\\/wp-content\\\/uploads\\\/2025\\\/07\\\/Auriculares-AUREOX-Equify.png\",\"contentUrl\":\"https:\\\/\\\/unitgames.com.ar\\\/pc-gamer\\\/wp-content\\\/uploads\\\/2025\\\/07\\\/Auriculares-AUREOX-Equify.png\",\"width\":1263,\"height\":1285},{\"@type\":\"BreadcrumbList\",\"@id\":\"https:\\\/\\\/unitgames.com.ar\\\/pc-gamer\\\/producto\\\/auriculares-aureox-equify\\\/#breadcrumb\",\"itemListElement\":[{\"@type\":\"ListItem\",\"position\":1,\"name\":\"Tienda\",\"item\":\"https:\\\/\\\/unitgames.com.ar\\\/pc-gamer\\\/tienda\\\/\"},{\"@type\":\"ListItem\",\"position\":2,\"name\":\"Auriculares AUREOX Equify\"}]},{\"@type\":\"WebSite\",\"@id\":\"https:\\\/\\\/unitgames.com.ar\\\/pc-gamer\\\/#website\",\"url\":\"https:\\\/\\\/unitgames.com.ar\\\/pc-gamer\\\/\",\"name\":\"UnitGames\",\"description\":\"Venta de PC Gamers, Consolas , Servicio Tecnico Especializado. Todos en Accesorios Informaticos y Gamers\",\"publisher\":{\"@id\":\"https:\\\/\\\/unitgames.com.ar\\\/pc-gamer\\\/#organization\"},\"potentialAction\":[{\"@type\":\"SearchAction\",\"target\":{\"@type\":\"EntryPoint\",\"urlTemplate\":\"https:\\\/\\\/unitgames.com.ar\\\/pc-gamer\\\/?s={search_term_string}\"},\"query-input\":{\"@type\":\"PropertyValueSpecification\",\"valueRequired\":true,\"valueName\":\"search_term_string\"}}],\"inLanguage\":\"es\"},{\"@type\":\"Organization\",\"@id\":\"https:\\\/\\\/unitgames.com.ar\\\/pc-gamer\\\/#organization\",\"name\":\"UnitGames\",\"url\":\"https:\\\/\\\/unitgames.com.ar\\\/pc-gamer\\\/\",\"logo\":{\"@type\":\"ImageObject\",\"inLanguage\":\"es\",\"@id\":\"https:\\\/\\\/unitgames.com.ar\\\/pc-gamer\\\/#\\\/schema\\\/logo\\\/image\\\/\",\"url\":\"https:\\\/\\\/unitgames.com.ar\\\/pc-gamer\\\/wp-content\\\/uploads\\\/2021\\\/01\\\/cropped-logoUnitGames2.png\",\"contentUrl\":\"https:\\\/\\\/unitgames.com.ar\\\/pc-gamer\\\/wp-content\\\/uploads\\\/2021\\\/01\\\/cropped-logoUnitGames2.png\",\"width\":152,\"height\":200,\"caption\":\"UnitGames\"},\"image\":{\"@id\":\"https:\\\/\\\/unitgames.com.ar\\\/pc-gamer\\\/#\\\/schema\\\/logo\\\/image\\\/\"}}]}<\/script>\n<!-- \/ Yoast SEO plugin. -->","yoast_head_json":{"title":"Auriculares AUREOX Equify - UnitGames","robots":{"index":"index","follow":"follow","max-snippet":"max-snippet:-1","max-image-preview":"max-image-preview:large","max-video-preview":"max-video-preview:-1"},"canonical":"https:\/\/unitgames.com.ar\/pc-gamer\/producto\/auriculares-aureox-equify\/","og_locale":"es_ES","og_type":"article","og_title":"Auriculares AUREOX Equify - UnitGames","og_description":"\u00a0Especificaciones T\u00e9cnicas &nbsp; Marca: Aureox Modelo: Equify GH200 Tipo: Auriculares cerrados para gaming Drivers: 50\u202fmm din\u00e1micos est\u00e9reo Sonido envolvente virtual: 7.1 Micr\u00f3fono: Omnidireccional ajustable y retractable Conectividad: Cable jack 3.5\u202fmm (compatible con PC, PS4, Xbox, m\u00f3viles) Control integrado: Bot\u00f3n de volumen giratorio y bot\u00f3n de silencio (mute) Iluminaci\u00f3n: RGB envolvente, configurable Compatibilidad: PC y consolas con puerto 3.5\u202fmm Tipo de diadema: Ajustable con \u201calas\u201d 3D y almohadillas acolchonadas Color disponible: Negro Formato de canal: Est\u00e9reo (2.0) con bass\u2011boost Software: Incluye app de configuraci\u00f3n Aureox (perfiles, RGB, surround) Dise\u00f1o: Estructura robusta, pensada para sesiones largas de juego","og_url":"https:\/\/unitgames.com.ar\/pc-gamer\/producto\/auriculares-aureox-equify\/","og_site_name":"UnitGames","article_modified_time":"2026-05-01T13:52:26+00:00","og_image":[{"width":1263,"height":1285,"url":"https:\/\/unitgames.com.ar\/pc-gamer\/wp-content\/uploads\/2025\/07\/Auriculares-AUREOX-Equify.png","type":"image\/png"}],"twitter_card":"summary_large_image","twitter_misc":{"Tiempo de lectura":"1 minuto"},"schema":{"@context":"https:\/\/schema.org","@graph":[{"@type":"WebPage","@id":"https:\/\/unitgames.com.ar\/pc-gamer\/producto\/auriculares-aureox-equify\/","url":"https:\/\/unitgames.com.ar\/pc-gamer\/producto\/auriculares-aureox-equify\/","name":"Auriculares AUREOX Equify - UnitGames","isPartOf":{"@id":"https:\/\/unitgames.com.ar\/pc-gamer\/#website"},"primaryImageOfPage":{"@id":"https:\/\/unitgames.com.ar\/pc-gamer\/producto\/auriculares-aureox-equify\/#primaryimage"},"image":{"@id":"https:\/\/unitgames.com.ar\/pc-gamer\/producto\/auriculares-aureox-equify\/#primaryimage"},"thumbnailUrl":"https:\/\/unitgames.com.ar\/pc-gamer\/wp-content\/uploads\/2025\/07\/Auriculares-AUREOX-Equify.png","datePublished":"2025-07-06T14:38:46+00:00","dateModified":"2026-05-01T13:52:26+00:00","breadcrumb":{"@id":"https:\/\/unitgames.com.ar\/pc-gamer\/producto\/auriculares-aureox-equify\/#breadcrumb"},"inLanguage":"es","potentialAction":[{"@type":"ReadAction","target":["https:\/\/unitgames.com.ar\/pc-gamer\/producto\/auriculares-aureox-equify\/"]}]},{"@type":"ImageObject","inLanguage":"es","@id":"https:\/\/unitgames.com.ar\/pc-gamer\/producto\/auriculares-aureox-equify\/#primaryimage","url":"https:\/\/unitgames.com.ar\/pc-gamer\/wp-content\/uploads\/2025\/07\/Auriculares-AUREOX-Equify.png","contentUrl":"https:\/\/unitgames.com.ar\/pc-gamer\/wp-content\/uploads\/2025\/07\/Auriculares-AUREOX-Equify.png","width":1263,"height":1285},{"@type":"BreadcrumbList","@id":"https:\/\/unitgames.com.ar\/pc-gamer\/producto\/auriculares-aureox-equify\/#breadcrumb","itemListElement":[{"@type":"ListItem","position":1,"name":"Tienda","item":"https:\/\/unitgames.com.ar\/pc-gamer\/tienda\/"},{"@type":"ListItem","position":2,"name":"Auriculares AUREOX Equify"}]},{"@type":"WebSite","@id":"https:\/\/unitgames.com.ar\/pc-gamer\/#website","url":"https:\/\/unitgames.com.ar\/pc-gamer\/","name":"UnitGames","description":"Venta de PC Gamers, Consolas , Servicio Tecnico Especializado. Todos en Accesorios Informaticos y Gamers","publisher":{"@id":"https:\/\/unitgames.com.ar\/pc-gamer\/#organization"},"potentialAction":[{"@type":"SearchAction","target":{"@type":"EntryPoint","urlTemplate":"https:\/\/unitgames.com.ar\/pc-gamer\/?s={search_term_string}"},"query-input":{"@type":"PropertyValueSpecification","valueRequired":true,"valueName":"search_term_string"}}],"inLanguage":"es"},{"@type":"Organization","@id":"https:\/\/unitgames.com.ar\/pc-gamer\/#organization","name":"UnitGames","url":"https:\/\/unitgames.com.ar\/pc-gamer\/","logo":{"@type":"ImageObject","inLanguage":"es","@id":"https:\/\/unitgames.com.ar\/pc-gamer\/#\/schema\/logo\/image\/","url":"https:\/\/unitgames.com.ar\/pc-gamer\/wp-content\/uploads\/2021\/01\/cropped-logoUnitGames2.png","contentUrl":"https:\/\/unitgames.com.ar\/pc-gamer\/wp-content\/uploads\/2021\/01\/cropped-logoUnitGames2.png","width":152,"height":200,"caption":"UnitGames"},"image":{"@id":"https:\/\/unitgames.com.ar\/pc-gamer\/#\/schema\/logo\/image\/"}}]}},"_links":{"self":[{"href":"https:\/\/unitgames.com.ar\/pc-gamer\/wp-json\/wp\/v2\/product\/16060","targetHints":{"allow":["GET"]}}],"collection":[{"href":"https:\/\/unitgames.com.ar\/pc-gamer\/wp-json\/wp\/v2\/product"}],"about":[{"href":"https:\/\/unitgames.com.ar\/pc-gamer\/wp-json\/wp\/v2\/types\/product"}],"version-history":[{"count":1,"href":"https:\/\/unitgames.com.ar\/pc-gamer\/wp-json\/wp\/v2\/product\/16060\/revisions"}],"predecessor-version":[{"id":21110,"href":"https:\/\/unitgames.com.ar\/pc-gamer\/wp-json\/wp\/v2\/product\/16060\/revisions\/21110"}],"wp:featuredmedia":[{"embeddable":true,"href":"https:\/\/unitgames.com.ar\/pc-gamer\/wp-json\/wp\/v2\/media\/16064"}],"wp:attachment":[{"href":"https:\/\/unitgames.com.ar\/pc-gamer\/wp-json\/wp\/v2\/media?parent=16060"}],"wp:term":[{"taxonomy":"product_brand","embeddable":true,"href":"https:\/\/unitgames.com.ar\/pc-gamer\/wp-json\/wp\/v2\/product_brand?post=16060"},{"taxonomy":"product_cat","embeddable":true,"href":"https:\/\/unitgames.com.ar\/pc-gamer\/wp-json\/wp\/v2\/product_cat?post=16060"},{"taxonomy":"product_tag","embeddable":true,"href":"https:\/\/unitgames.com.ar\/pc-gamer\/wp-json\/wp\/v2\/product_tag?post=16060"}],"curies":[{"name":"wp","href":"https:\/\/api.w.org\/{rel}","templated":true}]}}