{"id":16108,"date":"2025-07-06T21:04:50","date_gmt":"2025-07-07T00:04:50","guid":{"rendered":"https:\/\/unitgames.com.ar\/pc-gamer\/?post_type=product&#038;p=16108"},"modified":"2026-03-21T14:44:18","modified_gmt":"2026-03-21T17:44:18","slug":"monitor-gigabyte-27-gs27fa-180mhz-ips","status":"publish","type":"product","link":"https:\/\/unitgames.com.ar\/pc-gamer\/producto\/monitor-gigabyte-27-gs27fa-180mhz-ips\/","title":{"rendered":"Monitor GIGABYTE 27\u00b4\u00b4 GS27FA 180Hz IPS"},"content":{"rendered":"<p data-start=\"42\" data-end=\"79\"><span class=\"relative -mx-px my-[-0.2rem] rounded px-px py-[0.2rem] transition-colors duration-100 ease-in-out\">La <strong data-start=\"3\" data-end=\"22\">GIGABYTE GS27FA<\/strong> es un monitor gaming de 27\u2033 FHD de alto rendimiento pensado para jugadores que buscan fluidez y precisi\u00f3n sin gastar mucho. Su panel IPS de alta frecuencia proporciona una experiencia \u00e1gil en juegos competitivos y diario.<\/span><\/p>\n<hr data-start=\"81\" data-end=\"84\" \/>\n<h2 data-start=\"86\" data-end=\"118\">\u00a0Especificaciones T\u00e9cnicas<\/h2>\n<div class=\"_tableContainer_80l1q_1\">\n<div class=\"_tableWrapper_80l1q_14 group flex w-fit flex-col-reverse\" tabindex=\"-1\">\n<table class=\"w-fit min-w-(--thread-content-width)\" data-start=\"120\" data-end=\"2412\">\n<thead data-start=\"120\" data-end=\"236\">\n<tr data-start=\"120\" data-end=\"236\">\n<th data-start=\"120\" data-end=\"153\" data-col-size=\"sm\">Caracter\u00edstica<\/th>\n<th data-start=\"153\" data-end=\"236\" data-col-size=\"lg\">Detalle t\u00e9cnico<\/th>\n<\/tr>\n<\/thead>\n<tbody data-start=\"353\" data-end=\"2412\">\n<tr data-start=\"353\" data-end=\"504\">\n<td data-start=\"353\" data-end=\"399\" data-col-size=\"sm\"><span class=\"relative -mx-px my-[-0.2rem] rounded px-px py-[0.2rem] transition-colors duration-100 ease-in-out\"><strong data-start=\"0\" data-end=\"22\" data-is-last-node=\"\" data-is-only-node=\"\">Tama\u00f1o de pantalla<\/strong><\/span><\/td>\n<td data-start=\"399\" data-end=\"504\" data-col-size=\"lg\"><span class=\"relative -mx-px my-[-0.2rem] rounded px-px py-[0.2rem] transition-colors duration-100 ease-in-out\">27\u2033 (Super Speed IPS)<\/span><\/td>\n<\/tr>\n<tr data-start=\"505\" data-end=\"625\">\n<td data-start=\"505\" data-end=\"536\" data-col-size=\"sm\"><strong data-start=\"507\" data-end=\"521\">Resoluci\u00f3n<\/strong><\/td>\n<td data-start=\"536\" data-end=\"625\" data-col-size=\"lg\">1920 \u00d7 1080 (Full HD)<\/td>\n<\/tr>\n<tr data-start=\"626\" data-end=\"747\">\n<td data-start=\"626\" data-end=\"657\" data-col-size=\"sm\"><strong data-start=\"628\" data-end=\"654\">Frecuencia de refresco<\/strong><\/td>\n<td data-col-size=\"lg\" data-start=\"657\" data-end=\"747\">180\u202fHz nativo (OC a 190\u202fHz)<\/td>\n<\/tr>\n<tr data-start=\"748\" data-end=\"868\">\n<td data-start=\"748\" data-end=\"779\" data-col-size=\"sm\"><strong data-start=\"750\" data-end=\"773\">Tiempo de respuesta<\/strong><\/td>\n<td data-start=\"779\" data-end=\"868\" data-col-size=\"lg\">1\u202fms MPRT<\/td>\n<\/tr>\n<tr data-start=\"869\" data-end=\"989\">\n<td data-start=\"869\" data-end=\"900\" data-col-size=\"sm\"><strong data-start=\"871\" data-end=\"881\">Brillo<\/strong><\/td>\n<td data-start=\"900\" data-end=\"989\" data-col-size=\"lg\">300\u202fcd\/m\u00b2 (t\u00edpico)<\/td>\n<\/tr>\n<tr data-start=\"990\" data-end=\"1110\">\n<td data-start=\"990\" data-end=\"1021\" data-col-size=\"sm\"><strong data-start=\"992\" data-end=\"1014\">Contraste est\u00e1tico<\/strong><\/td>\n<td data-start=\"1021\" data-end=\"1110\" data-col-size=\"lg\">1000:1<\/td>\n<\/tr>\n<tr data-start=\"1111\" data-end=\"1233\">\n<td data-start=\"1111\" data-end=\"1142\" data-col-size=\"sm\"><strong data-start=\"1113\" data-end=\"1132\">Colores \/ gamut<\/strong><\/td>\n<td data-start=\"1142\" data-end=\"1233\" data-col-size=\"lg\">16.7\u202fM, 105% sRGB<\/td>\n<\/tr>\n<tr data-start=\"1234\" data-end=\"1356\">\n<td data-start=\"1234\" data-end=\"1265\" data-col-size=\"sm\"><strong data-start=\"1236\" data-end=\"1257\">\u00c1ngulos de visi\u00f3n<\/strong><\/td>\n<td data-col-size=\"lg\" data-start=\"1265\" data-end=\"1356\">178\u00b0 \/ 178\u00b0<\/td>\n<\/tr>\n<tr data-start=\"1357\" data-end=\"1480\">\n<td data-start=\"1357\" data-end=\"1388\" data-col-size=\"sm\"><strong data-start=\"1359\" data-end=\"1373\">Superficie<\/strong><\/td>\n<td data-col-size=\"lg\" data-start=\"1388\" data-end=\"1480\">Antirreflejo (non-glare)<\/td>\n<\/tr>\n<tr data-start=\"1481\" data-end=\"1605\">\n<td data-start=\"1481\" data-end=\"1512\" data-col-size=\"sm\"><strong data-start=\"1483\" data-end=\"1492\">Panel<\/strong><\/td>\n<td data-start=\"1512\" data-end=\"1605\" data-col-size=\"lg\">W-LED IPS<\/td>\n<\/tr>\n<tr data-start=\"1606\" data-end=\"1821\">\n<td data-start=\"1606\" data-end=\"1637\" data-col-size=\"sm\"><strong data-start=\"1608\" data-end=\"1633\">Tecnolog\u00edas incluidas<\/strong><\/td>\n<td data-start=\"1637\" data-end=\"1821\" data-col-size=\"lg\">HDR Ready, Adaptive-Sync (FreeSync 48\u2013180\u202fHz), Flicker\u2011Free, Low Blue Light, Black Equalizer, Aim Stabilizer, Crosshair, Timer, OSD Sidekick<\/td>\n<\/tr>\n<tr data-start=\"1822\" data-end=\"1964\">\n<td data-start=\"1822\" data-end=\"1853\" data-col-size=\"sm\"><strong data-start=\"1824\" data-end=\"1840\">Conectividad<\/strong><\/td>\n<td data-start=\"1853\" data-end=\"1964\" data-col-size=\"lg\">2\u00d7 HDMI 2.0, 1\u00d7 DisplayPort 1.4, 1\u00d7 salida de auriculares de 3.5 mm<\/td>\n<\/tr>\n<tr data-start=\"1965\" data-end=\"2130\">\n<td data-start=\"1965\" data-end=\"1996\" data-col-size=\"sm\"><strong data-start=\"1967\" data-end=\"1990\">Ajustes ergon\u00f3micos<\/strong><\/td>\n<td data-start=\"1996\" data-end=\"2130\" data-col-size=\"lg\">Inclinaci\u00f3n: \u20135\u00b0 \/ +20\u00b0, base resistente, compatible VESA 100\u202f\u00d7\u202f100 mm, bloqueo Kensington<\/td>\n<\/tr>\n<tr data-start=\"2131\" data-end=\"2256\">\n<td data-start=\"2131\" data-end=\"2162\" data-col-size=\"sm\"><strong data-start=\"2133\" data-end=\"2154\">Consumo el\u00e9ctrico<\/strong><\/td>\n<td data-start=\"2162\" data-end=\"2256\" data-col-size=\"lg\">~23\u202fW en uso, 0.5\u202fW ahorro, 0.3\u202fW apagado<\/td>\n<\/tr>\n<tr data-start=\"2257\" data-end=\"2412\">\n<td data-start=\"2257\" data-end=\"2288\" data-col-size=\"sm\"><strong data-start=\"2259\" data-end=\"2282\">Dimensiones y peso:<\/strong><\/td>\n<td data-col-size=\"lg\" data-start=\"2288\" data-end=\"2412\">Con base: 619\u202f\u00d7\u202f447\u202f\u00d7\u202f172\u202fmm (5.02\u202fkg); sin base: 619\u202f\u00d7\u202f365.5\u202f\u00d7\u202f50.2\u202fmm (4.1\u202fkg)<\/td>\n<\/tr>\n<\/tbody>\n<\/table>\n<div class=\"sticky end-(--thread-content-margin) h-0 self-end select-none\">\n<div class=\"absolute end-0 flex items-end\"><\/div>\n<\/div>\n<\/div>\n<\/div>\n<hr data-start=\"2414\" data-end=\"2417\" \/>\n<h2 data-start=\"2419\" data-end=\"2446\">&#x1f680; Rendimiento destacado<\/h2>\n<ul data-start=\"2448\" data-end=\"2783\">\n<li data-start=\"2448\" data-end=\"2531\">\n<p data-start=\"2450\" data-end=\"2531\"><span class=\"relative -mx-px my-[-0.2rem] rounded px-px py-[0.2rem] transition-colors duration-100 ease-in-out\">Ideal para gaming r\u00e1pido con 180\u202fHz y 1\u202fms, adem\u00e1s de bajo input lag<\/span><\/p>\n<\/li>\n<li data-start=\"2532\" data-end=\"2615\">\n<p data-start=\"2534\" data-end=\"2615\"><span class=\"relative -mx-px my-[-0.2rem] rounded px-px py-[0.2rem] transition-colors duration-100 ease-in-out\">Excelente calidad de imagen por panel IPS y 105\u202f% sRGB<\/span><\/p>\n<\/li>\n<li data-start=\"2616\" data-end=\"2699\">\n<p data-start=\"2618\" data-end=\"2699\"><span class=\"relative -mx-px my-[-0.2rem] rounded px-px py-[0.2rem] transition-colors duration-100 ease-in-out\">Buen equilibrio para uso general: ojos menos cansados gracias a Flicker-Free y Low Blue Light<\/span><\/p>\n<\/li>\n<li data-start=\"2700\" data-end=\"2783\">\n<p data-start=\"2702\" data-end=\"2783\"><span class=\"relative -mx-px my-[-0.2rem] rounded px-px py-[0.2rem] transition-colors duration-100 ease-in-out\">Caracter\u00edsticas gaming \u00fatiles (crosshair, temporizador, etc.) para mejorar experiencia competitiva<\/span><\/p>\n<\/li>\n<\/ul>\n","protected":false},"excerpt":{"rendered":"<p>La GIGABYTE GS27FA es un monitor gaming de 27\u2033 FHD de alto rendimiento pensado para jugadores que buscan fluidez y precisi\u00f3n sin gastar mucho. Su panel IPS de alta frecuencia proporciona una experiencia \u00e1gil en juegos competitivos y diario. \u00a0Especificaciones T\u00e9cnicas Caracter\u00edstica Detalle t\u00e9cnico Tama\u00f1o de pantalla 27\u2033 (Super Speed IPS) Resoluci\u00f3n 1920 \u00d7 1080 (Full HD) Frecuencia de refresco 180\u202fHz nativo (OC a 190\u202fHz) Tiempo de respuesta 1\u202fms MPRT Brillo 300\u202fcd\/m\u00b2 (t\u00edpico) Contraste est\u00e1tico 1000:1 Colores \/ gamut 16.7\u202fM, 105% sRGB \u00c1ngulos de visi\u00f3n 178\u00b0 \/ 178\u00b0 Superficie Antirreflejo (non-glare) Panel W-LED IPS Tecnolog\u00edas incluidas HDR Ready, Adaptive-Sync (FreeSync 48\u2013180\u202fHz), Flicker\u2011Free, Low Blue Light, Black Equalizer, Aim Stabilizer, Crosshair, Timer, OSD Sidekick Conectividad 2\u00d7 HDMI 2.0, 1\u00d7 DisplayPort 1.4, 1\u00d7 salida de auriculares de 3.5 mm Ajustes ergon\u00f3micos Inclinaci\u00f3n: \u20135\u00b0 \/ +20\u00b0, base resistente, compatible VESA 100\u202f\u00d7\u202f100 mm, bloqueo Kensington Consumo el\u00e9ctrico ~23\u202fW en uso, 0.5\u202fW ahorro, 0.3\u202fW apagado Dimensiones y peso: Con base: 619\u202f\u00d7\u202f447\u202f\u00d7\u202f172\u202fmm (5.02\u202fkg); sin base: 619\u202f\u00d7\u202f365.5\u202f\u00d7\u202f50.2\u202fmm (4.1\u202fkg) &#x1f680; Rendimiento destacado Ideal para gaming r\u00e1pido con 180\u202fHz y 1\u202fms, adem\u00e1s de bajo input lag Excelente calidad de imagen por panel IPS y 105\u202f% sRGB Buen equilibrio para uso general: ojos menos cansados gracias a Flicker-Free y Low Blue Light Caracter\u00edsticas gaming \u00fatiles (crosshair, temporizador, etc.) para mejorar experiencia competitiva<\/p>\n","protected":false},"featured_media":16110,"template":"","meta":{"site-sidebar-layout":"default","site-content-layout":"","ast-site-content-layout":"default","site-content-style":"default","site-sidebar-style":"default","ast-global-header-display":"","ast-banner-title-visibility":"","ast-main-header-display":"","ast-hfb-above-header-display":"","ast-hfb-below-header-display":"","ast-hfb-mobile-header-display":"","site-post-title":"","ast-breadcrumbs-content":"","ast-featured-img":"","footer-sml-layout":"","theme-transparent-header-meta":"default","adv-header-id-meta":"","stick-header-meta":"","header-above-stick-meta":"","header-main-stick-meta":"","header-below-stick-meta":"","astra-migrate-meta-layouts":"set","ast-page-background-enabled":"default","ast-page-background-meta":{"desktop":{"background-color":"var(--ast-global-color-5)","background-image":"","background-repeat":"repeat","background-position":"center center","background-size":"auto","background-attachment":"scroll","background-type":"","background-media":"","overlay-type":"","overlay-color":"","overlay-opacity":"","overlay-gradient":""},"tablet":{"background-color":"","background-image":"","background-repeat":"repeat","background-position":"center center","background-size":"auto","background-attachment":"scroll","background-type":"","background-media":"","overlay-type":"","overlay-color":"","overlay-opacity":"","overlay-gradient":""},"mobile":{"background-color":"","background-image":"","background-repeat":"repeat","background-position":"center center","background-size":"auto","background-attachment":"scroll","background-type":"","background-media":"","overlay-type":"","overlay-color":"","overlay-opacity":"","overlay-gradient":""}},"ast-content-background-meta":{"desktop":{"background-color":"var(--ast-global-color-4)","background-image":"","background-repeat":"repeat","background-position":"center center","background-size":"auto","background-attachment":"scroll","background-type":"","background-media":"","overlay-type":"","overlay-color":"","overlay-opacity":"","overlay-gradient":""},"tablet":{"background-color":"var(--ast-global-color-4)","background-image":"","background-repeat":"repeat","background-position":"center center","background-size":"auto","background-attachment":"scroll","background-type":"","background-media":"","overlay-type":"","overlay-color":"","overlay-opacity":"","overlay-gradient":""},"mobile":{"background-color":"var(--ast-global-color-4)","background-image":"","background-repeat":"repeat","background-position":"center center","background-size":"auto","background-attachment":"scroll","background-type":"","background-media":"","overlay-type":"","overlay-color":"","overlay-opacity":"","overlay-gradient":""}},"_joinchat":[]},"product_brand":[],"product_cat":[70],"product_tag":[],"class_list":{"0":"post-16108","1":"product","2":"type-product","3":"status-publish","4":"has-post-thumbnail","6":"product_cat-monitores","7":"desktop-align-center","8":"tablet-align-left","9":"mobile-align-left","11":"first","12":"instock","13":"shipping-taxable","14":"purchasable","15":"product-type-simple"},"yoast_head":"<!-- This site is optimized with the Yoast SEO plugin v27.5 - https:\/\/yoast.com\/product\/yoast-seo-wordpress\/ -->\n<title>Monitor GIGABYTE 27\u00b4\u00b4 GS27FA 180Hz IPS - UnitGames<\/title>\n<meta name=\"robots\" content=\"index, follow, max-snippet:-1, max-image-preview:large, max-video-preview:-1\" \/>\n<link rel=\"canonical\" href=\"https:\/\/unitgames.com.ar\/pc-gamer\/producto\/monitor-gigabyte-27-gs27fa-180mhz-ips\/\" \/>\n<meta property=\"og:locale\" content=\"es_ES\" \/>\n<meta property=\"og:type\" content=\"article\" \/>\n<meta property=\"og:title\" content=\"Monitor GIGABYTE 27\u00b4\u00b4 GS27FA 180Hz IPS - UnitGames\" \/>\n<meta property=\"og:description\" content=\"La GIGABYTE GS27FA es un monitor gaming de 27\u2033 FHD de alto rendimiento pensado para jugadores que buscan fluidez y precisi\u00f3n sin gastar mucho. Su panel IPS de alta frecuencia proporciona una experiencia \u00e1gil en juegos competitivos y diario. \u00a0Especificaciones T\u00e9cnicas Caracter\u00edstica Detalle t\u00e9cnico Tama\u00f1o de pantalla 27\u2033 (Super Speed IPS) Resoluci\u00f3n 1920 \u00d7 1080 (Full HD) Frecuencia de refresco 180\u202fHz nativo (OC a 190\u202fHz) Tiempo de respuesta 1\u202fms MPRT Brillo 300\u202fcd\/m\u00b2 (t\u00edpico) Contraste est\u00e1tico 1000:1 Colores \/ gamut 16.7\u202fM, 105% sRGB \u00c1ngulos de visi\u00f3n 178\u00b0 \/ 178\u00b0 Superficie Antirreflejo (non-glare) Panel W-LED IPS Tecnolog\u00edas incluidas HDR Ready, Adaptive-Sync (FreeSync 48\u2013180\u202fHz), Flicker\u2011Free, Low Blue Light, Black Equalizer, Aim Stabilizer, Crosshair, Timer, OSD Sidekick Conectividad 2\u00d7 HDMI 2.0, 1\u00d7 DisplayPort 1.4, 1\u00d7 salida de auriculares de 3.5 mm Ajustes ergon\u00f3micos Inclinaci\u00f3n: \u20135\u00b0 \/ +20\u00b0, base resistente, compatible VESA 100\u202f\u00d7\u202f100 mm, bloqueo Kensington Consumo el\u00e9ctrico ~23\u202fW en uso, 0.5\u202fW ahorro, 0.3\u202fW apagado Dimensiones y peso: Con base: 619\u202f\u00d7\u202f447\u202f\u00d7\u202f172\u202fmm (5.02\u202fkg); sin base: 619\u202f\u00d7\u202f365.5\u202f\u00d7\u202f50.2\u202fmm (4.1\u202fkg) &#x1f680; Rendimiento destacado Ideal para gaming r\u00e1pido con 180\u202fHz y 1\u202fms, adem\u00e1s de bajo input lag Excelente calidad de imagen por panel IPS y 105\u202f% sRGB Buen equilibrio para uso general: ojos menos cansados gracias a Flicker-Free y Low Blue Light Caracter\u00edsticas gaming \u00fatiles (crosshair, temporizador, etc.) para mejorar experiencia competitiva\" \/>\n<meta property=\"og:url\" content=\"https:\/\/unitgames.com.ar\/pc-gamer\/producto\/monitor-gigabyte-27-gs27fa-180mhz-ips\/\" \/>\n<meta property=\"og:site_name\" content=\"UnitGames\" \/>\n<meta property=\"article:modified_time\" content=\"2026-03-21T17:44:18+00:00\" \/>\n<meta property=\"og:image\" content=\"https:\/\/unitgames.com.ar\/pc-gamer\/wp-content\/uploads\/2025\/07\/Monitor-GIGABYTE-27\u00b4\u00b4-GS27FA-180Mhz-IPS.png\" \/>\n\t<meta property=\"og:image:width\" content=\"1283\" \/>\n\t<meta property=\"og:image:height\" content=\"1284\" \/>\n\t<meta property=\"og:image:type\" content=\"image\/png\" \/>\n<meta name=\"twitter:card\" content=\"summary_large_image\" \/>\n<meta name=\"twitter:label1\" content=\"Tiempo de lectura\" \/>\n\t<meta name=\"twitter:data1\" content=\"2 minutos\" \/>\n<script type=\"application\/ld+json\" class=\"yoast-schema-graph\">{\"@context\":\"https:\\\/\\\/schema.org\",\"@graph\":[{\"@type\":\"WebPage\",\"@id\":\"https:\\\/\\\/unitgames.com.ar\\\/pc-gamer\\\/producto\\\/monitor-gigabyte-27-gs27fa-180mhz-ips\\\/\",\"url\":\"https:\\\/\\\/unitgames.com.ar\\\/pc-gamer\\\/producto\\\/monitor-gigabyte-27-gs27fa-180mhz-ips\\\/\",\"name\":\"Monitor GIGABYTE 27\u00b4\u00b4 GS27FA 180Hz IPS - UnitGames\",\"isPartOf\":{\"@id\":\"https:\\\/\\\/unitgames.com.ar\\\/pc-gamer\\\/#website\"},\"primaryImageOfPage\":{\"@id\":\"https:\\\/\\\/unitgames.com.ar\\\/pc-gamer\\\/producto\\\/monitor-gigabyte-27-gs27fa-180mhz-ips\\\/#primaryimage\"},\"image\":{\"@id\":\"https:\\\/\\\/unitgames.com.ar\\\/pc-gamer\\\/producto\\\/monitor-gigabyte-27-gs27fa-180mhz-ips\\\/#primaryimage\"},\"thumbnailUrl\":\"https:\\\/\\\/unitgames.com.ar\\\/pc-gamer\\\/wp-content\\\/uploads\\\/2025\\\/07\\\/Monitor-GIGABYTE-27\u00b4\u00b4-GS27FA-180Mhz-IPS.png\",\"datePublished\":\"2025-07-07T00:04:50+00:00\",\"dateModified\":\"2026-03-21T17:44:18+00:00\",\"breadcrumb\":{\"@id\":\"https:\\\/\\\/unitgames.com.ar\\\/pc-gamer\\\/producto\\\/monitor-gigabyte-27-gs27fa-180mhz-ips\\\/#breadcrumb\"},\"inLanguage\":\"es\",\"potentialAction\":[{\"@type\":\"ReadAction\",\"target\":[\"https:\\\/\\\/unitgames.com.ar\\\/pc-gamer\\\/producto\\\/monitor-gigabyte-27-gs27fa-180mhz-ips\\\/\"]}]},{\"@type\":\"ImageObject\",\"inLanguage\":\"es\",\"@id\":\"https:\\\/\\\/unitgames.com.ar\\\/pc-gamer\\\/producto\\\/monitor-gigabyte-27-gs27fa-180mhz-ips\\\/#primaryimage\",\"url\":\"https:\\\/\\\/unitgames.com.ar\\\/pc-gamer\\\/wp-content\\\/uploads\\\/2025\\\/07\\\/Monitor-GIGABYTE-27\u00b4\u00b4-GS27FA-180Mhz-IPS.png\",\"contentUrl\":\"https:\\\/\\\/unitgames.com.ar\\\/pc-gamer\\\/wp-content\\\/uploads\\\/2025\\\/07\\\/Monitor-GIGABYTE-27\u00b4\u00b4-GS27FA-180Mhz-IPS.png\",\"width\":1283,\"height\":1284},{\"@type\":\"BreadcrumbList\",\"@id\":\"https:\\\/\\\/unitgames.com.ar\\\/pc-gamer\\\/producto\\\/monitor-gigabyte-27-gs27fa-180mhz-ips\\\/#breadcrumb\",\"itemListElement\":[{\"@type\":\"ListItem\",\"position\":1,\"name\":\"Tienda\",\"item\":\"https:\\\/\\\/unitgames.com.ar\\\/pc-gamer\\\/tienda\\\/\"},{\"@type\":\"ListItem\",\"position\":2,\"name\":\"Monitor GIGABYTE 27\u00b4\u00b4 GS27FA 180Hz IPS\"}]},{\"@type\":\"WebSite\",\"@id\":\"https:\\\/\\\/unitgames.com.ar\\\/pc-gamer\\\/#website\",\"url\":\"https:\\\/\\\/unitgames.com.ar\\\/pc-gamer\\\/\",\"name\":\"UnitGames\",\"description\":\"Venta de PC Gamers, Consolas , Servicio Tecnico Especializado. Todos en Accesorios Informaticos y Gamers\",\"publisher\":{\"@id\":\"https:\\\/\\\/unitgames.com.ar\\\/pc-gamer\\\/#organization\"},\"potentialAction\":[{\"@type\":\"SearchAction\",\"target\":{\"@type\":\"EntryPoint\",\"urlTemplate\":\"https:\\\/\\\/unitgames.com.ar\\\/pc-gamer\\\/?s={search_term_string}\"},\"query-input\":{\"@type\":\"PropertyValueSpecification\",\"valueRequired\":true,\"valueName\":\"search_term_string\"}}],\"inLanguage\":\"es\"},{\"@type\":\"Organization\",\"@id\":\"https:\\\/\\\/unitgames.com.ar\\\/pc-gamer\\\/#organization\",\"name\":\"UnitGames\",\"url\":\"https:\\\/\\\/unitgames.com.ar\\\/pc-gamer\\\/\",\"logo\":{\"@type\":\"ImageObject\",\"inLanguage\":\"es\",\"@id\":\"https:\\\/\\\/unitgames.com.ar\\\/pc-gamer\\\/#\\\/schema\\\/logo\\\/image\\\/\",\"url\":\"https:\\\/\\\/unitgames.com.ar\\\/pc-gamer\\\/wp-content\\\/uploads\\\/2021\\\/01\\\/cropped-logoUnitGames2.png\",\"contentUrl\":\"https:\\\/\\\/unitgames.com.ar\\\/pc-gamer\\\/wp-content\\\/uploads\\\/2021\\\/01\\\/cropped-logoUnitGames2.png\",\"width\":152,\"height\":200,\"caption\":\"UnitGames\"},\"image\":{\"@id\":\"https:\\\/\\\/unitgames.com.ar\\\/pc-gamer\\\/#\\\/schema\\\/logo\\\/image\\\/\"}}]}<\/script>\n<!-- \/ Yoast SEO plugin. -->","yoast_head_json":{"title":"Monitor GIGABYTE 27\u00b4\u00b4 GS27FA 180Hz IPS - UnitGames","robots":{"index":"index","follow":"follow","max-snippet":"max-snippet:-1","max-image-preview":"max-image-preview:large","max-video-preview":"max-video-preview:-1"},"canonical":"https:\/\/unitgames.com.ar\/pc-gamer\/producto\/monitor-gigabyte-27-gs27fa-180mhz-ips\/","og_locale":"es_ES","og_type":"article","og_title":"Monitor GIGABYTE 27\u00b4\u00b4 GS27FA 180Hz IPS - UnitGames","og_description":"La GIGABYTE GS27FA es un monitor gaming de 27\u2033 FHD de alto rendimiento pensado para jugadores que buscan fluidez y precisi\u00f3n sin gastar mucho. Su panel IPS de alta frecuencia proporciona una experiencia \u00e1gil en juegos competitivos y diario. \u00a0Especificaciones T\u00e9cnicas Caracter\u00edstica Detalle t\u00e9cnico Tama\u00f1o de pantalla 27\u2033 (Super Speed IPS) Resoluci\u00f3n 1920 \u00d7 1080 (Full HD) Frecuencia de refresco 180\u202fHz nativo (OC a 190\u202fHz) Tiempo de respuesta 1\u202fms MPRT Brillo 300\u202fcd\/m\u00b2 (t\u00edpico) Contraste est\u00e1tico 1000:1 Colores \/ gamut 16.7\u202fM, 105% sRGB \u00c1ngulos de visi\u00f3n 178\u00b0 \/ 178\u00b0 Superficie Antirreflejo (non-glare) Panel W-LED IPS Tecnolog\u00edas incluidas HDR Ready, Adaptive-Sync (FreeSync 48\u2013180\u202fHz), Flicker\u2011Free, Low Blue Light, Black Equalizer, Aim Stabilizer, Crosshair, Timer, OSD Sidekick Conectividad 2\u00d7 HDMI 2.0, 1\u00d7 DisplayPort 1.4, 1\u00d7 salida de auriculares de 3.5 mm Ajustes ergon\u00f3micos Inclinaci\u00f3n: \u20135\u00b0 \/ +20\u00b0, base resistente, compatible VESA 100\u202f\u00d7\u202f100 mm, bloqueo Kensington Consumo el\u00e9ctrico ~23\u202fW en uso, 0.5\u202fW ahorro, 0.3\u202fW apagado Dimensiones y peso: Con base: 619\u202f\u00d7\u202f447\u202f\u00d7\u202f172\u202fmm (5.02\u202fkg); sin base: 619\u202f\u00d7\u202f365.5\u202f\u00d7\u202f50.2\u202fmm (4.1\u202fkg) &#x1f680; Rendimiento destacado Ideal para gaming r\u00e1pido con 180\u202fHz y 1\u202fms, adem\u00e1s de bajo input lag Excelente calidad de imagen por panel IPS y 105\u202f% sRGB Buen equilibrio para uso general: ojos menos cansados gracias a Flicker-Free y Low Blue Light Caracter\u00edsticas gaming \u00fatiles (crosshair, temporizador, etc.) para mejorar experiencia competitiva","og_url":"https:\/\/unitgames.com.ar\/pc-gamer\/producto\/monitor-gigabyte-27-gs27fa-180mhz-ips\/","og_site_name":"UnitGames","article_modified_time":"2026-03-21T17:44:18+00:00","og_image":[{"width":1283,"height":1284,"url":"https:\/\/unitgames.com.ar\/pc-gamer\/wp-content\/uploads\/2025\/07\/Monitor-GIGABYTE-27\u00b4\u00b4-GS27FA-180Mhz-IPS.png","type":"image\/png"}],"twitter_card":"summary_large_image","twitter_misc":{"Tiempo de lectura":"2 minutos"},"schema":{"@context":"https:\/\/schema.org","@graph":[{"@type":"WebPage","@id":"https:\/\/unitgames.com.ar\/pc-gamer\/producto\/monitor-gigabyte-27-gs27fa-180mhz-ips\/","url":"https:\/\/unitgames.com.ar\/pc-gamer\/producto\/monitor-gigabyte-27-gs27fa-180mhz-ips\/","name":"Monitor GIGABYTE 27\u00b4\u00b4 GS27FA 180Hz IPS - UnitGames","isPartOf":{"@id":"https:\/\/unitgames.com.ar\/pc-gamer\/#website"},"primaryImageOfPage":{"@id":"https:\/\/unitgames.com.ar\/pc-gamer\/producto\/monitor-gigabyte-27-gs27fa-180mhz-ips\/#primaryimage"},"image":{"@id":"https:\/\/unitgames.com.ar\/pc-gamer\/producto\/monitor-gigabyte-27-gs27fa-180mhz-ips\/#primaryimage"},"thumbnailUrl":"https:\/\/unitgames.com.ar\/pc-gamer\/wp-content\/uploads\/2025\/07\/Monitor-GIGABYTE-27\u00b4\u00b4-GS27FA-180Mhz-IPS.png","datePublished":"2025-07-07T00:04:50+00:00","dateModified":"2026-03-21T17:44:18+00:00","breadcrumb":{"@id":"https:\/\/unitgames.com.ar\/pc-gamer\/producto\/monitor-gigabyte-27-gs27fa-180mhz-ips\/#breadcrumb"},"inLanguage":"es","potentialAction":[{"@type":"ReadAction","target":["https:\/\/unitgames.com.ar\/pc-gamer\/producto\/monitor-gigabyte-27-gs27fa-180mhz-ips\/"]}]},{"@type":"ImageObject","inLanguage":"es","@id":"https:\/\/unitgames.com.ar\/pc-gamer\/producto\/monitor-gigabyte-27-gs27fa-180mhz-ips\/#primaryimage","url":"https:\/\/unitgames.com.ar\/pc-gamer\/wp-content\/uploads\/2025\/07\/Monitor-GIGABYTE-27\u00b4\u00b4-GS27FA-180Mhz-IPS.png","contentUrl":"https:\/\/unitgames.com.ar\/pc-gamer\/wp-content\/uploads\/2025\/07\/Monitor-GIGABYTE-27\u00b4\u00b4-GS27FA-180Mhz-IPS.png","width":1283,"height":1284},{"@type":"BreadcrumbList","@id":"https:\/\/unitgames.com.ar\/pc-gamer\/producto\/monitor-gigabyte-27-gs27fa-180mhz-ips\/#breadcrumb","itemListElement":[{"@type":"ListItem","position":1,"name":"Tienda","item":"https:\/\/unitgames.com.ar\/pc-gamer\/tienda\/"},{"@type":"ListItem","position":2,"name":"Monitor GIGABYTE 27\u00b4\u00b4 GS27FA 180Hz IPS"}]},{"@type":"WebSite","@id":"https:\/\/unitgames.com.ar\/pc-gamer\/#website","url":"https:\/\/unitgames.com.ar\/pc-gamer\/","name":"UnitGames","description":"Venta de PC Gamers, Consolas , Servicio Tecnico Especializado. Todos en Accesorios Informaticos y Gamers","publisher":{"@id":"https:\/\/unitgames.com.ar\/pc-gamer\/#organization"},"potentialAction":[{"@type":"SearchAction","target":{"@type":"EntryPoint","urlTemplate":"https:\/\/unitgames.com.ar\/pc-gamer\/?s={search_term_string}"},"query-input":{"@type":"PropertyValueSpecification","valueRequired":true,"valueName":"search_term_string"}}],"inLanguage":"es"},{"@type":"Organization","@id":"https:\/\/unitgames.com.ar\/pc-gamer\/#organization","name":"UnitGames","url":"https:\/\/unitgames.com.ar\/pc-gamer\/","logo":{"@type":"ImageObject","inLanguage":"es","@id":"https:\/\/unitgames.com.ar\/pc-gamer\/#\/schema\/logo\/image\/","url":"https:\/\/unitgames.com.ar\/pc-gamer\/wp-content\/uploads\/2021\/01\/cropped-logoUnitGames2.png","contentUrl":"https:\/\/unitgames.com.ar\/pc-gamer\/wp-content\/uploads\/2021\/01\/cropped-logoUnitGames2.png","width":152,"height":200,"caption":"UnitGames"},"image":{"@id":"https:\/\/unitgames.com.ar\/pc-gamer\/#\/schema\/logo\/image\/"}}]}},"_links":{"self":[{"href":"https:\/\/unitgames.com.ar\/pc-gamer\/wp-json\/wp\/v2\/product\/16108","targetHints":{"allow":["GET"]}}],"collection":[{"href":"https:\/\/unitgames.com.ar\/pc-gamer\/wp-json\/wp\/v2\/product"}],"about":[{"href":"https:\/\/unitgames.com.ar\/pc-gamer\/wp-json\/wp\/v2\/types\/product"}],"version-history":[{"count":0,"href":"https:\/\/unitgames.com.ar\/pc-gamer\/wp-json\/wp\/v2\/product\/16108\/revisions"}],"wp:featuredmedia":[{"embeddable":true,"href":"https:\/\/unitgames.com.ar\/pc-gamer\/wp-json\/wp\/v2\/media\/16110"}],"wp:attachment":[{"href":"https:\/\/unitgames.com.ar\/pc-gamer\/wp-json\/wp\/v2\/media?parent=16108"}],"wp:term":[{"taxonomy":"product_brand","embeddable":true,"href":"https:\/\/unitgames.com.ar\/pc-gamer\/wp-json\/wp\/v2\/product_brand?post=16108"},{"taxonomy":"product_cat","embeddable":true,"href":"https:\/\/unitgames.com.ar\/pc-gamer\/wp-json\/wp\/v2\/product_cat?post=16108"},{"taxonomy":"product_tag","embeddable":true,"href":"https:\/\/unitgames.com.ar\/pc-gamer\/wp-json\/wp\/v2\/product_tag?post=16108"}],"curies":[{"name":"wp","href":"https:\/\/api.w.org\/{rel}","templated":true}]}}