{"id":16131,"date":"2025-07-07T10:06:23","date_gmt":"2025-07-07T13:06:23","guid":{"rendered":"https:\/\/unitgames.com.ar\/pc-gamer\/?post_type=product&#038;p=16131"},"modified":"2026-02-01T11:20:02","modified_gmt":"2026-02-01T14:20:02","slug":"auricular-havit-h2002e-bn","status":"publish","type":"product","link":"https:\/\/unitgames.com.ar\/pc-gamer\/producto\/auricular-havit-h2002e-bn\/","title":{"rendered":"Auriculares HAVIT H2002E-BN"},"content":{"rendered":"<h2 data-start=\"86\" data-end=\"117\">Especificaciones t\u00e9cnicas<\/h2>\n<ul data-start=\"119\" data-end=\"1026\">\n<li data-start=\"119\" data-end=\"198\">\n<p data-start=\"121\" data-end=\"198\"><span class=\"relative -mx-px my-[-0.2rem] rounded px-px py-[0.2rem] transition-colors duration-100 ease-in-out\"><strong data-start=\"0\" data-end=\"8\" data-is-only-node=\"\">Tipo<\/strong>: Over\u2011ear con micr\u00f3fono omni\u2011direccional, comunicaci\u00f3n por cable (jack 3.5\u202fmm)<\/span><\/p>\n<\/li>\n<li data-start=\"199\" data-end=\"278\">\n<p data-start=\"201\" data-end=\"278\"><span class=\"relative -mx-px my-[-0.2rem] rounded px-px py-[0.2rem] transition-colors duration-100 ease-in-out\"><strong data-start=\"0\" data-end=\"11\" data-is-only-node=\"\">Drivers<\/strong>: 50\u202fmm (algunos listados mencionan hasta 53\u202fmm)<\/span><\/p>\n<\/li>\n<li data-start=\"279\" data-end=\"358\">\n<p data-start=\"281\" data-end=\"358\"><span class=\"relative -mx-px my-[-0.2rem] rounded px-px py-[0.2rem] transition-colors duration-100 ease-in-out\"><strong data-start=\"0\" data-end=\"27\" data-is-only-node=\"\">Respuesta de frecuencia<\/strong>: 20\u202fHz \u2013 20\u202fkHz<\/span><\/p>\n<\/li>\n<li data-start=\"359\" data-end=\"438\">\n<p data-start=\"361\" data-end=\"438\"><span class=\"relative -mx-px my-[-0.2rem] rounded px-px py-[0.2rem] transition-colors duration-100 ease-in-out\"><strong data-start=\"0\" data-end=\"14\" data-is-only-node=\"\">Impedancia<\/strong>: 64\u202f\u03a9 \u00b115\u202f%<\/span><\/p>\n<\/li>\n<li data-start=\"439\" data-end=\"522\">\n<p data-start=\"441\" data-end=\"522\"><span class=\"relative -mx-px my-[-0.2rem] rounded px-px py-[0.2rem] transition-colors duration-100 ease-in-out\"><strong data-start=\"0\" data-end=\"16\" data-is-only-node=\"\">Sensibilidad<\/strong>: 95\u202fdB \u00b13\u202fdB (otras fuentes indican ~110\u202fdB)<\/span><\/p>\n<\/li>\n<li data-start=\"523\" data-end=\"606\">\n<p data-start=\"525\" data-end=\"606\"><span class=\"relative -mx-px my-[-0.2rem] rounded px-px py-[0.2rem] transition-colors duration-100 ease-in-out\"><strong data-start=\"0\" data-end=\"13\" data-is-only-node=\"\">Micr\u00f3fono<\/strong>: \u00d8 6.0\u202f\u00d7\u202f2.7\u202fmm, desmontable, sensibilidad ~\u201342\u202fdB<\/span><\/p>\n<\/li>\n<li data-start=\"607\" data-end=\"690\">\n<p data-start=\"609\" data-end=\"690\"><span class=\"relative -mx-px my-[-0.2rem] rounded px-px py-[0.2rem] transition-colors duration-100 ease-in-out\"><strong data-start=\"0\" data-end=\"14\" data-is-only-node=\"\">Materiales<\/strong>: ABS + metal + almohadillas de algod\u00f3n\/tela<\/span><\/p>\n<\/li>\n<li data-start=\"691\" data-end=\"774\">\n<p data-start=\"693\" data-end=\"774\"><span class=\"relative -mx-px my-[-0.2rem] rounded px-px py-[0.2rem] transition-colors duration-100 ease-in-out\"><strong data-start=\"0\" data-end=\"21\" data-is-only-node=\"\">Longitud de cable<\/strong>: ~2.1\u202fm<\/span><\/p>\n<\/li>\n<li data-start=\"775\" data-end=\"858\">\n<p data-start=\"777\" data-end=\"858\"><span class=\"relative -mx-px my-[-0.2rem] rounded px-px py-[0.2rem] transition-colors duration-100 ease-in-out\"><strong data-start=\"0\" data-end=\"12\" data-is-only-node=\"\">Conector<\/strong>: Jack 3.5\u202fmm TRS (compatible con PC, consolas, m\u00f3viles)<\/span><\/p>\n<\/li>\n<li data-start=\"859\" data-end=\"942\">\n<p data-start=\"861\" data-end=\"942\"><span class=\"relative -mx-px my-[-0.2rem] rounded px-px py-[0.2rem] transition-colors duration-100 ease-in-out\"><strong data-start=\"0\" data-end=\"8\" data-is-only-node=\"\">Peso<\/strong>: ~259\u202fg (algunos indican 298\u202fg)<\/span><\/p>\n<\/li>\n<li data-start=\"943\" data-end=\"1026\">\n<p data-start=\"945\" data-end=\"1026\"><span class=\"relative -mx-px my-[-0.2rem] rounded px-px py-[0.2rem] transition-colors duration-100 ease-in-out\"><strong data-start=\"0\" data-end=\"27\" data-is-only-node=\"\">Dimensiones aproximadas<\/strong>: entre 92\u202f\u00d7\u202f155\u202f\u00d7\u202f192\u202fmm y 93\u202f\u00d7\u202f153\u202f\u00d7\u202f196\u202fmm<\/span><\/p>\n<\/li>\n<\/ul>\n<hr data-start=\"1028\" data-end=\"1031\" \/>\n<h2 data-start=\"1033\" data-end=\"1064\">&#x2705; Caracter\u00edsticas destacadas<\/h2>\n<ul data-start=\"1066\" data-end=\"1361\">\n<li data-start=\"1066\" data-end=\"1149\">\n<p data-start=\"1068\" data-end=\"1149\"><span class=\"relative -mx-px my-[-0.2rem] rounded px-px py-[0.2rem] transition-colors duration-100 ease-in-out\"><strong data-start=\"0\" data-end=\"21\" data-is-only-node=\"\">Sonido envolvente<\/strong>: drivers de gran di\u00e1metro con buena sensibilidad para una experiencia inmersiva<\/span><\/p>\n<\/li>\n<li data-start=\"1150\" data-end=\"1193\">\n<p data-start=\"1152\" data-end=\"1193\"><span class=\"relative -mx-px my-[-0.2rem] rounded px-px py-[0.2rem] transition-colors duration-100 ease-in-out\"><strong data-start=\"0\" data-end=\"25\" data-is-only-node=\"\">Micr\u00f3fono desmontable<\/strong> y de buena captaci\u00f3n, ideal para juegos online.<\/span><\/p>\n<\/li>\n<li data-start=\"1194\" data-end=\"1277\">\n<p data-start=\"1196\" data-end=\"1277\"><span class=\"relative -mx-px my-[-0.2rem] rounded px-px py-[0.2rem] transition-colors duration-100 ease-in-out\"><strong data-start=\"0\" data-end=\"34\" data-is-only-node=\"\">Dise\u00f1o ergon\u00f3mico y resistente<\/strong>: mezcla de aluminio\/metal y pl\u00e1stico, con diadema ajustable y almohadillas acolchadas<\/span><\/p>\n<\/li>\n<li data-start=\"1278\" data-end=\"1361\">\n<p data-start=\"1280\" data-end=\"1361\"><span class=\"relative -mx-px my-[-0.2rem] rounded px-px py-[0.2rem] transition-colors duration-100 ease-in-out\"><strong data-start=\"0\" data-end=\"34\" data-is-only-node=\"\">Compatibilidad multiplataforma<\/strong>: funciona con PS4\/PS5, Xbox, PC y dispositivos m\u00f3viles<\/span><\/p>\n<\/li>\n<\/ul>\n<ul>\n<li>\n<div><\/div>\n<\/li>\n<\/ul>\n","protected":false},"excerpt":{"rendered":"<p>Especificaciones t\u00e9cnicas Tipo: Over\u2011ear con micr\u00f3fono omni\u2011direccional, comunicaci\u00f3n por cable (jack 3.5\u202fmm) Drivers: 50\u202fmm (algunos listados mencionan hasta 53\u202fmm) Respuesta de frecuencia: 20\u202fHz \u2013 20\u202fkHz Impedancia: 64\u202f\u03a9 \u00b115\u202f% Sensibilidad: 95\u202fdB \u00b13\u202fdB (otras fuentes indican ~110\u202fdB) Micr\u00f3fono: \u00d8 6.0\u202f\u00d7\u202f2.7\u202fmm, desmontable, sensibilidad ~\u201342\u202fdB Materiales: ABS + metal + almohadillas de algod\u00f3n\/tela Longitud de cable: ~2.1\u202fm Conector: Jack 3.5\u202fmm TRS (compatible con PC, consolas, m\u00f3viles) Peso: ~259\u202fg (algunos indican 298\u202fg) Dimensiones aproximadas: entre 92\u202f\u00d7\u202f155\u202f\u00d7\u202f192\u202fmm y 93\u202f\u00d7\u202f153\u202f\u00d7\u202f196\u202fmm &#x2705; Caracter\u00edsticas destacadas Sonido envolvente: drivers de gran di\u00e1metro con buena sensibilidad para una experiencia inmersiva Micr\u00f3fono desmontable y de buena captaci\u00f3n, ideal para juegos online. Dise\u00f1o ergon\u00f3mico y resistente: mezcla de aluminio\/metal y pl\u00e1stico, con diadema ajustable y almohadillas acolchadas Compatibilidad multiplataforma: funciona con PS4\/PS5, Xbox, PC y dispositivos m\u00f3viles<\/p>\n","protected":false},"featured_media":16278,"template":"","meta":{"site-sidebar-layout":"default","site-content-layout":"","ast-site-content-layout":"default","site-content-style":"default","site-sidebar-style":"default","ast-global-header-display":"","ast-banner-title-visibility":"","ast-main-header-display":"","ast-hfb-above-header-display":"","ast-hfb-below-header-display":"","ast-hfb-mobile-header-display":"","site-post-title":"","ast-breadcrumbs-content":"","ast-featured-img":"","footer-sml-layout":"","theme-transparent-header-meta":"default","adv-header-id-meta":"","stick-header-meta":"","header-above-stick-meta":"","header-main-stick-meta":"","header-below-stick-meta":"","astra-migrate-meta-layouts":"set","ast-page-background-enabled":"default","ast-page-background-meta":{"desktop":{"background-color":"var(--ast-global-color-5)","background-image":"","background-repeat":"repeat","background-position":"center center","background-size":"auto","background-attachment":"scroll","background-type":"","background-media":"","overlay-type":"","overlay-color":"","overlay-opacity":"","overlay-gradient":""},"tablet":{"background-color":"","background-image":"","background-repeat":"repeat","background-position":"center center","background-size":"auto","background-attachment":"scroll","background-type":"","background-media":"","overlay-type":"","overlay-color":"","overlay-opacity":"","overlay-gradient":""},"mobile":{"background-color":"","background-image":"","background-repeat":"repeat","background-position":"center center","background-size":"auto","background-attachment":"scroll","background-type":"","background-media":"","overlay-type":"","overlay-color":"","overlay-opacity":"","overlay-gradient":""}},"ast-content-background-meta":{"desktop":{"background-color":"var(--ast-global-color-4)","background-image":"","background-repeat":"repeat","background-position":"center center","background-size":"auto","background-attachment":"scroll","background-type":"","background-media":"","overlay-type":"","overlay-color":"","overlay-opacity":"","overlay-gradient":""},"tablet":{"background-color":"var(--ast-global-color-4)","background-image":"","background-repeat":"repeat","background-position":"center center","background-size":"auto","background-attachment":"scroll","background-type":"","background-media":"","overlay-type":"","overlay-color":"","overlay-opacity":"","overlay-gradient":""},"mobile":{"background-color":"var(--ast-global-color-4)","background-image":"","background-repeat":"repeat","background-position":"center center","background-size":"auto","background-attachment":"scroll","background-type":"","background-media":"","overlay-type":"","overlay-color":"","overlay-opacity":"","overlay-gradient":""}},"_joinchat":[]},"product_brand":[],"product_cat":[81],"product_tag":[],"class_list":{"0":"post-16131","1":"product","2":"type-product","3":"status-publish","4":"has-post-thumbnail","6":"product_cat-auriculares-pc-play-y-xbox","7":"desktop-align-center","8":"tablet-align-left","9":"mobile-align-left","11":"first","12":"instock","13":"shipping-taxable","14":"purchasable","15":"product-type-simple"},"yoast_head":"<!-- This site is optimized with the Yoast SEO plugin v27.5 - https:\/\/yoast.com\/product\/yoast-seo-wordpress\/ -->\n<title>Auriculares HAVIT H2002E-BN - UnitGames<\/title>\n<meta name=\"robots\" content=\"index, follow, max-snippet:-1, max-image-preview:large, max-video-preview:-1\" \/>\n<link rel=\"canonical\" href=\"https:\/\/unitgames.com.ar\/pc-gamer\/producto\/auricular-havit-h2002e-bn\/\" \/>\n<meta property=\"og:locale\" content=\"es_ES\" \/>\n<meta property=\"og:type\" content=\"article\" \/>\n<meta property=\"og:title\" content=\"Auriculares HAVIT H2002E-BN - UnitGames\" \/>\n<meta property=\"og:description\" content=\"Especificaciones t\u00e9cnicas Tipo: Over\u2011ear con micr\u00f3fono omni\u2011direccional, comunicaci\u00f3n por cable (jack 3.5\u202fmm) Drivers: 50\u202fmm (algunos listados mencionan hasta 53\u202fmm) Respuesta de frecuencia: 20\u202fHz \u2013 20\u202fkHz Impedancia: 64\u202f\u03a9 \u00b115\u202f% Sensibilidad: 95\u202fdB \u00b13\u202fdB (otras fuentes indican ~110\u202fdB) Micr\u00f3fono: \u00d8 6.0\u202f\u00d7\u202f2.7\u202fmm, desmontable, sensibilidad ~\u201342\u202fdB Materiales: ABS + metal + almohadillas de algod\u00f3n\/tela Longitud de cable: ~2.1\u202fm Conector: Jack 3.5\u202fmm TRS (compatible con PC, consolas, m\u00f3viles) Peso: ~259\u202fg (algunos indican 298\u202fg) Dimensiones aproximadas: entre 92\u202f\u00d7\u202f155\u202f\u00d7\u202f192\u202fmm y 93\u202f\u00d7\u202f153\u202f\u00d7\u202f196\u202fmm &#x2705; Caracter\u00edsticas destacadas Sonido envolvente: drivers de gran di\u00e1metro con buena sensibilidad para una experiencia inmersiva Micr\u00f3fono desmontable y de buena captaci\u00f3n, ideal para juegos online. Dise\u00f1o ergon\u00f3mico y resistente: mezcla de aluminio\/metal y pl\u00e1stico, con diadema ajustable y almohadillas acolchadas Compatibilidad multiplataforma: funciona con PS4\/PS5, Xbox, PC y dispositivos m\u00f3viles\" \/>\n<meta property=\"og:url\" content=\"https:\/\/unitgames.com.ar\/pc-gamer\/producto\/auricular-havit-h2002e-bn\/\" \/>\n<meta property=\"og:site_name\" content=\"UnitGames\" \/>\n<meta property=\"article:modified_time\" content=\"2026-02-01T14:20:02+00:00\" \/>\n<meta property=\"og:image\" content=\"https:\/\/unitgames.com.ar\/pc-gamer\/wp-content\/uploads\/2025\/07\/Auricular-HAVIT-H2002E-BN.png\" \/>\n\t<meta property=\"og:image:width\" content=\"1263\" \/>\n\t<meta property=\"og:image:height\" content=\"1285\" \/>\n\t<meta property=\"og:image:type\" content=\"image\/png\" \/>\n<meta name=\"twitter:card\" content=\"summary_large_image\" \/>\n<meta name=\"twitter:label1\" content=\"Tiempo de lectura\" \/>\n\t<meta name=\"twitter:data1\" content=\"1 minuto\" \/>\n<script type=\"application\/ld+json\" class=\"yoast-schema-graph\">{\"@context\":\"https:\\\/\\\/schema.org\",\"@graph\":[{\"@type\":\"WebPage\",\"@id\":\"https:\\\/\\\/unitgames.com.ar\\\/pc-gamer\\\/producto\\\/auricular-havit-h2002e-bn\\\/\",\"url\":\"https:\\\/\\\/unitgames.com.ar\\\/pc-gamer\\\/producto\\\/auricular-havit-h2002e-bn\\\/\",\"name\":\"Auriculares HAVIT H2002E-BN - UnitGames\",\"isPartOf\":{\"@id\":\"https:\\\/\\\/unitgames.com.ar\\\/pc-gamer\\\/#website\"},\"primaryImageOfPage\":{\"@id\":\"https:\\\/\\\/unitgames.com.ar\\\/pc-gamer\\\/producto\\\/auricular-havit-h2002e-bn\\\/#primaryimage\"},\"image\":{\"@id\":\"https:\\\/\\\/unitgames.com.ar\\\/pc-gamer\\\/producto\\\/auricular-havit-h2002e-bn\\\/#primaryimage\"},\"thumbnailUrl\":\"https:\\\/\\\/unitgames.com.ar\\\/pc-gamer\\\/wp-content\\\/uploads\\\/2025\\\/07\\\/Auricular-HAVIT-H2002E-BN.png\",\"datePublished\":\"2025-07-07T13:06:23+00:00\",\"dateModified\":\"2026-02-01T14:20:02+00:00\",\"breadcrumb\":{\"@id\":\"https:\\\/\\\/unitgames.com.ar\\\/pc-gamer\\\/producto\\\/auricular-havit-h2002e-bn\\\/#breadcrumb\"},\"inLanguage\":\"es\",\"potentialAction\":[{\"@type\":\"ReadAction\",\"target\":[\"https:\\\/\\\/unitgames.com.ar\\\/pc-gamer\\\/producto\\\/auricular-havit-h2002e-bn\\\/\"]}]},{\"@type\":\"ImageObject\",\"inLanguage\":\"es\",\"@id\":\"https:\\\/\\\/unitgames.com.ar\\\/pc-gamer\\\/producto\\\/auricular-havit-h2002e-bn\\\/#primaryimage\",\"url\":\"https:\\\/\\\/unitgames.com.ar\\\/pc-gamer\\\/wp-content\\\/uploads\\\/2025\\\/07\\\/Auricular-HAVIT-H2002E-BN.png\",\"contentUrl\":\"https:\\\/\\\/unitgames.com.ar\\\/pc-gamer\\\/wp-content\\\/uploads\\\/2025\\\/07\\\/Auricular-HAVIT-H2002E-BN.png\",\"width\":1263,\"height\":1285},{\"@type\":\"BreadcrumbList\",\"@id\":\"https:\\\/\\\/unitgames.com.ar\\\/pc-gamer\\\/producto\\\/auricular-havit-h2002e-bn\\\/#breadcrumb\",\"itemListElement\":[{\"@type\":\"ListItem\",\"position\":1,\"name\":\"Tienda\",\"item\":\"https:\\\/\\\/unitgames.com.ar\\\/pc-gamer\\\/tienda\\\/\"},{\"@type\":\"ListItem\",\"position\":2,\"name\":\"Auriculares HAVIT H2002E-BN\"}]},{\"@type\":\"WebSite\",\"@id\":\"https:\\\/\\\/unitgames.com.ar\\\/pc-gamer\\\/#website\",\"url\":\"https:\\\/\\\/unitgames.com.ar\\\/pc-gamer\\\/\",\"name\":\"UnitGames\",\"description\":\"Venta de PC Gamers, Consolas , Servicio Tecnico Especializado. Todos en Accesorios Informaticos y Gamers\",\"publisher\":{\"@id\":\"https:\\\/\\\/unitgames.com.ar\\\/pc-gamer\\\/#organization\"},\"potentialAction\":[{\"@type\":\"SearchAction\",\"target\":{\"@type\":\"EntryPoint\",\"urlTemplate\":\"https:\\\/\\\/unitgames.com.ar\\\/pc-gamer\\\/?s={search_term_string}\"},\"query-input\":{\"@type\":\"PropertyValueSpecification\",\"valueRequired\":true,\"valueName\":\"search_term_string\"}}],\"inLanguage\":\"es\"},{\"@type\":\"Organization\",\"@id\":\"https:\\\/\\\/unitgames.com.ar\\\/pc-gamer\\\/#organization\",\"name\":\"UnitGames\",\"url\":\"https:\\\/\\\/unitgames.com.ar\\\/pc-gamer\\\/\",\"logo\":{\"@type\":\"ImageObject\",\"inLanguage\":\"es\",\"@id\":\"https:\\\/\\\/unitgames.com.ar\\\/pc-gamer\\\/#\\\/schema\\\/logo\\\/image\\\/\",\"url\":\"https:\\\/\\\/unitgames.com.ar\\\/pc-gamer\\\/wp-content\\\/uploads\\\/2021\\\/01\\\/cropped-logoUnitGames2.png\",\"contentUrl\":\"https:\\\/\\\/unitgames.com.ar\\\/pc-gamer\\\/wp-content\\\/uploads\\\/2021\\\/01\\\/cropped-logoUnitGames2.png\",\"width\":152,\"height\":200,\"caption\":\"UnitGames\"},\"image\":{\"@id\":\"https:\\\/\\\/unitgames.com.ar\\\/pc-gamer\\\/#\\\/schema\\\/logo\\\/image\\\/\"}}]}<\/script>\n<!-- \/ Yoast SEO plugin. -->","yoast_head_json":{"title":"Auriculares HAVIT H2002E-BN - UnitGames","robots":{"index":"index","follow":"follow","max-snippet":"max-snippet:-1","max-image-preview":"max-image-preview:large","max-video-preview":"max-video-preview:-1"},"canonical":"https:\/\/unitgames.com.ar\/pc-gamer\/producto\/auricular-havit-h2002e-bn\/","og_locale":"es_ES","og_type":"article","og_title":"Auriculares HAVIT H2002E-BN - UnitGames","og_description":"Especificaciones t\u00e9cnicas Tipo: Over\u2011ear con micr\u00f3fono omni\u2011direccional, comunicaci\u00f3n por cable (jack 3.5\u202fmm) Drivers: 50\u202fmm (algunos listados mencionan hasta 53\u202fmm) Respuesta de frecuencia: 20\u202fHz \u2013 20\u202fkHz Impedancia: 64\u202f\u03a9 \u00b115\u202f% Sensibilidad: 95\u202fdB \u00b13\u202fdB (otras fuentes indican ~110\u202fdB) Micr\u00f3fono: \u00d8 6.0\u202f\u00d7\u202f2.7\u202fmm, desmontable, sensibilidad ~\u201342\u202fdB Materiales: ABS + metal + almohadillas de algod\u00f3n\/tela Longitud de cable: ~2.1\u202fm Conector: Jack 3.5\u202fmm TRS (compatible con PC, consolas, m\u00f3viles) Peso: ~259\u202fg (algunos indican 298\u202fg) Dimensiones aproximadas: entre 92\u202f\u00d7\u202f155\u202f\u00d7\u202f192\u202fmm y 93\u202f\u00d7\u202f153\u202f\u00d7\u202f196\u202fmm &#x2705; Caracter\u00edsticas destacadas Sonido envolvente: drivers de gran di\u00e1metro con buena sensibilidad para una experiencia inmersiva Micr\u00f3fono desmontable y de buena captaci\u00f3n, ideal para juegos online. Dise\u00f1o ergon\u00f3mico y resistente: mezcla de aluminio\/metal y pl\u00e1stico, con diadema ajustable y almohadillas acolchadas Compatibilidad multiplataforma: funciona con PS4\/PS5, Xbox, PC y dispositivos m\u00f3viles","og_url":"https:\/\/unitgames.com.ar\/pc-gamer\/producto\/auricular-havit-h2002e-bn\/","og_site_name":"UnitGames","article_modified_time":"2026-02-01T14:20:02+00:00","og_image":[{"width":1263,"height":1285,"url":"https:\/\/unitgames.com.ar\/pc-gamer\/wp-content\/uploads\/2025\/07\/Auricular-HAVIT-H2002E-BN.png","type":"image\/png"}],"twitter_card":"summary_large_image","twitter_misc":{"Tiempo de lectura":"1 minuto"},"schema":{"@context":"https:\/\/schema.org","@graph":[{"@type":"WebPage","@id":"https:\/\/unitgames.com.ar\/pc-gamer\/producto\/auricular-havit-h2002e-bn\/","url":"https:\/\/unitgames.com.ar\/pc-gamer\/producto\/auricular-havit-h2002e-bn\/","name":"Auriculares HAVIT H2002E-BN - UnitGames","isPartOf":{"@id":"https:\/\/unitgames.com.ar\/pc-gamer\/#website"},"primaryImageOfPage":{"@id":"https:\/\/unitgames.com.ar\/pc-gamer\/producto\/auricular-havit-h2002e-bn\/#primaryimage"},"image":{"@id":"https:\/\/unitgames.com.ar\/pc-gamer\/producto\/auricular-havit-h2002e-bn\/#primaryimage"},"thumbnailUrl":"https:\/\/unitgames.com.ar\/pc-gamer\/wp-content\/uploads\/2025\/07\/Auricular-HAVIT-H2002E-BN.png","datePublished":"2025-07-07T13:06:23+00:00","dateModified":"2026-02-01T14:20:02+00:00","breadcrumb":{"@id":"https:\/\/unitgames.com.ar\/pc-gamer\/producto\/auricular-havit-h2002e-bn\/#breadcrumb"},"inLanguage":"es","potentialAction":[{"@type":"ReadAction","target":["https:\/\/unitgames.com.ar\/pc-gamer\/producto\/auricular-havit-h2002e-bn\/"]}]},{"@type":"ImageObject","inLanguage":"es","@id":"https:\/\/unitgames.com.ar\/pc-gamer\/producto\/auricular-havit-h2002e-bn\/#primaryimage","url":"https:\/\/unitgames.com.ar\/pc-gamer\/wp-content\/uploads\/2025\/07\/Auricular-HAVIT-H2002E-BN.png","contentUrl":"https:\/\/unitgames.com.ar\/pc-gamer\/wp-content\/uploads\/2025\/07\/Auricular-HAVIT-H2002E-BN.png","width":1263,"height":1285},{"@type":"BreadcrumbList","@id":"https:\/\/unitgames.com.ar\/pc-gamer\/producto\/auricular-havit-h2002e-bn\/#breadcrumb","itemListElement":[{"@type":"ListItem","position":1,"name":"Tienda","item":"https:\/\/unitgames.com.ar\/pc-gamer\/tienda\/"},{"@type":"ListItem","position":2,"name":"Auriculares HAVIT H2002E-BN"}]},{"@type":"WebSite","@id":"https:\/\/unitgames.com.ar\/pc-gamer\/#website","url":"https:\/\/unitgames.com.ar\/pc-gamer\/","name":"UnitGames","description":"Venta de PC Gamers, Consolas , Servicio Tecnico Especializado. Todos en Accesorios Informaticos y Gamers","publisher":{"@id":"https:\/\/unitgames.com.ar\/pc-gamer\/#organization"},"potentialAction":[{"@type":"SearchAction","target":{"@type":"EntryPoint","urlTemplate":"https:\/\/unitgames.com.ar\/pc-gamer\/?s={search_term_string}"},"query-input":{"@type":"PropertyValueSpecification","valueRequired":true,"valueName":"search_term_string"}}],"inLanguage":"es"},{"@type":"Organization","@id":"https:\/\/unitgames.com.ar\/pc-gamer\/#organization","name":"UnitGames","url":"https:\/\/unitgames.com.ar\/pc-gamer\/","logo":{"@type":"ImageObject","inLanguage":"es","@id":"https:\/\/unitgames.com.ar\/pc-gamer\/#\/schema\/logo\/image\/","url":"https:\/\/unitgames.com.ar\/pc-gamer\/wp-content\/uploads\/2021\/01\/cropped-logoUnitGames2.png","contentUrl":"https:\/\/unitgames.com.ar\/pc-gamer\/wp-content\/uploads\/2021\/01\/cropped-logoUnitGames2.png","width":152,"height":200,"caption":"UnitGames"},"image":{"@id":"https:\/\/unitgames.com.ar\/pc-gamer\/#\/schema\/logo\/image\/"}}]}},"_links":{"self":[{"href":"https:\/\/unitgames.com.ar\/pc-gamer\/wp-json\/wp\/v2\/product\/16131","targetHints":{"allow":["GET"]}}],"collection":[{"href":"https:\/\/unitgames.com.ar\/pc-gamer\/wp-json\/wp\/v2\/product"}],"about":[{"href":"https:\/\/unitgames.com.ar\/pc-gamer\/wp-json\/wp\/v2\/types\/product"}],"version-history":[{"count":0,"href":"https:\/\/unitgames.com.ar\/pc-gamer\/wp-json\/wp\/v2\/product\/16131\/revisions"}],"wp:featuredmedia":[{"embeddable":true,"href":"https:\/\/unitgames.com.ar\/pc-gamer\/wp-json\/wp\/v2\/media\/16278"}],"wp:attachment":[{"href":"https:\/\/unitgames.com.ar\/pc-gamer\/wp-json\/wp\/v2\/media?parent=16131"}],"wp:term":[{"taxonomy":"product_brand","embeddable":true,"href":"https:\/\/unitgames.com.ar\/pc-gamer\/wp-json\/wp\/v2\/product_brand?post=16131"},{"taxonomy":"product_cat","embeddable":true,"href":"https:\/\/unitgames.com.ar\/pc-gamer\/wp-json\/wp\/v2\/product_cat?post=16131"},{"taxonomy":"product_tag","embeddable":true,"href":"https:\/\/unitgames.com.ar\/pc-gamer\/wp-json\/wp\/v2\/product_tag?post=16131"}],"curies":[{"name":"wp","href":"https:\/\/api.w.org\/{rel}","templated":true}]}}