{"id":16206,"date":"2025-07-24T08:30:02","date_gmt":"2025-07-24T11:30:02","guid":{"rendered":"https:\/\/unitgames.com.ar\/pc-gamer\/?post_type=product&#038;p=16206"},"modified":"2026-01-09T07:14:12","modified_gmt":"2026-01-09T10:14:12","slug":"mouse-inalambrico-logitech-g705-aurora-white-gaming","status":"publish","type":"product","link":"https:\/\/unitgames.com.ar\/pc-gamer\/producto\/mouse-inalambrico-logitech-g705-aurora-white-gaming\/","title":{"rendered":"Mouse Inalambrico LOGITECH G705 Aurora White Gaming"},"content":{"rendered":"<p data-start=\"207\" data-end=\"517\">Dise\u00f1ado especialmente para ofrecer comodidad y rendimiento en sesiones prolongadas, el <strong data-start=\"295\" data-end=\"319\">LOGITECH G705 Aurora<\/strong> combina un dise\u00f1o compacto, ergonom\u00eda para manos peque\u00f1as y tecnolog\u00eda inal\u00e1mbrica de alta velocidad. Forma parte de la colecci\u00f3n Logitech Aurora, con est\u00e9tica blanca y toques de iluminaci\u00f3n suave.<\/p>\n<hr data-start=\"519\" data-end=\"522\" \/>\n<h3 data-start=\"524\" data-end=\"553\"><\/h3>\n<h3 data-start=\"524\" data-end=\"553\">Especificaciones T\u00e9cnicas<\/h3>\n<ul data-start=\"555\" data-end=\"1385\">\n<li data-start=\"555\" data-end=\"578\">\n<p data-start=\"557\" data-end=\"578\"><strong data-start=\"557\" data-end=\"567\">Marca:<\/strong> Logitech<\/p>\n<\/li>\n<li data-start=\"579\" data-end=\"617\">\n<p data-start=\"581\" data-end=\"617\"><strong data-start=\"581\" data-end=\"592\">Modelo:<\/strong> G705 Aurora Collection<\/p>\n<\/li>\n<li data-start=\"618\" data-end=\"639\">\n<p data-start=\"620\" data-end=\"639\"><strong data-start=\"620\" data-end=\"630\">Color:<\/strong> Blanco<\/p>\n<\/li>\n<li data-start=\"640\" data-end=\"683\">\n<p data-start=\"642\" data-end=\"683\"><strong data-start=\"642\" data-end=\"661\">Tipo de sensor:<\/strong> \u00d3ptico Gaming-Grade<\/p>\n<\/li>\n<li data-start=\"684\" data-end=\"728\">\n<p data-start=\"686\" data-end=\"728\"><strong data-start=\"686\" data-end=\"708\">Resoluci\u00f3n de DPI:<\/strong> De 100 a 8200 DPI<\/p>\n<\/li>\n<li data-start=\"729\" data-end=\"767\">\n<p data-start=\"731\" data-end=\"767\"><strong data-start=\"731\" data-end=\"750\">Tasa de sondeo:<\/strong> 1000 Hz (1 ms)<\/p>\n<\/li>\n<li data-start=\"768\" data-end=\"887\">\n<p data-start=\"770\" data-end=\"789\"><strong data-start=\"770\" data-end=\"787\">Conectividad:<\/strong><\/p>\n<ul data-start=\"792\" data-end=\"887\">\n<li data-start=\"792\" data-end=\"828\">\n<p data-start=\"794\" data-end=\"828\">Inal\u00e1mbrica LIGHTSPEED (2.4\u202fGHz)<\/p>\n<\/li>\n<li data-start=\"831\" data-end=\"844\">\n<p data-start=\"833\" data-end=\"844\">Bluetooth<\/p>\n<\/li>\n<li data-start=\"847\" data-end=\"887\">\n<p data-start=\"849\" data-end=\"887\">Cable USB-C a USB-A para carga y uso<\/p>\n<\/li>\n<\/ul>\n<\/li>\n<li data-start=\"888\" data-end=\"919\">\n<p data-start=\"890\" data-end=\"919\"><strong data-start=\"890\" data-end=\"915\">Botones programables:<\/strong> 6<\/p>\n<\/li>\n<li data-start=\"920\" data-end=\"982\">\n<p data-start=\"922\" data-end=\"982\"><strong data-start=\"922\" data-end=\"938\">Iluminaci\u00f3n:<\/strong> RGB LIGHTSYNC con 3 zonas personalizables<\/p>\n<\/li>\n<li data-start=\"983\" data-end=\"1085\">\n<p data-start=\"985\" data-end=\"999\"><strong data-start=\"985\" data-end=\"997\">Bater\u00eda:<\/strong><\/p>\n<ul data-start=\"1002\" data-end=\"1085\">\n<li data-start=\"1002\" data-end=\"1058\">\n<p data-start=\"1004\" data-end=\"1058\">Hasta 40 horas de duraci\u00f3n con iluminaci\u00f3n encendida<\/p>\n<\/li>\n<li data-start=\"1061\" data-end=\"1085\">\n<p data-start=\"1063\" data-end=\"1085\">Recargable por USB-C<\/p>\n<\/li>\n<\/ul>\n<\/li>\n<li data-start=\"1086\" data-end=\"1201\">\n<p data-start=\"1088\" data-end=\"1101\"><strong data-start=\"1088\" data-end=\"1099\">Dise\u00f1o:<\/strong><\/p>\n<ul data-start=\"1104\" data-end=\"1201\">\n<li data-start=\"1104\" data-end=\"1129\">\n<p data-start=\"1106\" data-end=\"1129\">Compacto y ergon\u00f3mico<\/p>\n<\/li>\n<li data-start=\"1132\" data-end=\"1166\">\n<p data-start=\"1134\" data-end=\"1166\">Optimizado para manos peque\u00f1as<\/p>\n<\/li>\n<li data-start=\"1169\" data-end=\"1201\">\n<p data-start=\"1171\" data-end=\"1201\">Botones laterales accesibles<\/p>\n<\/li>\n<\/ul>\n<\/li>\n<li data-start=\"1202\" data-end=\"1225\">\n<p data-start=\"1204\" data-end=\"1225\"><strong data-start=\"1204\" data-end=\"1213\">Peso:<\/strong> 85 gramos<\/p>\n<\/li>\n<li data-start=\"1226\" data-end=\"1288\">\n<p data-start=\"1228\" data-end=\"1288\"><strong data-start=\"1228\" data-end=\"1247\">Compatibilidad:<\/strong> Windows, macOS, dispositivos Bluetooth<\/p>\n<\/li>\n<li data-start=\"1289\" data-end=\"1385\">\n<p data-start=\"1291\" data-end=\"1385\"><strong data-start=\"1291\" data-end=\"1304\">Software:<\/strong> Compatible con Logitech G HUB para personalizaci\u00f3n de DPI, iluminaci\u00f3n y botones<\/p>\n<\/li>\n<\/ul>\n","protected":false},"excerpt":{"rendered":"<p>Dise\u00f1ado especialmente para ofrecer comodidad y rendimiento en sesiones prolongadas, el LOGITECH G705 Aurora combina un dise\u00f1o compacto, ergonom\u00eda para manos peque\u00f1as y tecnolog\u00eda inal\u00e1mbrica de alta velocidad. Forma parte de la colecci\u00f3n Logitech Aurora, con est\u00e9tica blanca y toques de iluminaci\u00f3n suave. Especificaciones T\u00e9cnicas Marca: Logitech Modelo: G705 Aurora Collection Color: Blanco Tipo de sensor: \u00d3ptico Gaming-Grade Resoluci\u00f3n de DPI: De 100 a 8200 DPI Tasa de sondeo: 1000 Hz (1 ms) Conectividad: Inal\u00e1mbrica LIGHTSPEED (2.4\u202fGHz) Bluetooth Cable USB-C a USB-A para carga y uso Botones programables: 6 Iluminaci\u00f3n: RGB LIGHTSYNC con 3 zonas personalizables Bater\u00eda: Hasta 40 horas de duraci\u00f3n con iluminaci\u00f3n encendida Recargable por USB-C Dise\u00f1o: Compacto y ergon\u00f3mico Optimizado para manos peque\u00f1as Botones laterales accesibles Peso: 85 gramos Compatibilidad: Windows, macOS, dispositivos Bluetooth Software: Compatible con Logitech G HUB para personalizaci\u00f3n de DPI, iluminaci\u00f3n y botones<\/p>\n","protected":false},"featured_media":16923,"template":"","meta":{"site-sidebar-layout":"default","site-content-layout":"","ast-site-content-layout":"default","site-content-style":"default","site-sidebar-style":"default","ast-global-header-display":"","ast-banner-title-visibility":"","ast-main-header-display":"","ast-hfb-above-header-display":"","ast-hfb-below-header-display":"","ast-hfb-mobile-header-display":"","site-post-title":"","ast-breadcrumbs-content":"","ast-featured-img":"","footer-sml-layout":"","theme-transparent-header-meta":"default","adv-header-id-meta":"","stick-header-meta":"","header-above-stick-meta":"","header-main-stick-meta":"","header-below-stick-meta":"","astra-migrate-meta-layouts":"set","ast-page-background-enabled":"default","ast-page-background-meta":{"desktop":{"background-color":"var(--ast-global-color-5)","background-image":"","background-repeat":"repeat","background-position":"center center","background-size":"auto","background-attachment":"scroll","background-type":"","background-media":"","overlay-type":"","overlay-color":"","overlay-opacity":"","overlay-gradient":""},"tablet":{"background-color":"","background-image":"","background-repeat":"repeat","background-position":"center center","background-size":"auto","background-attachment":"scroll","background-type":"","background-media":"","overlay-type":"","overlay-color":"","overlay-opacity":"","overlay-gradient":""},"mobile":{"background-color":"","background-image":"","background-repeat":"repeat","background-position":"center center","background-size":"auto","background-attachment":"scroll","background-type":"","background-media":"","overlay-type":"","overlay-color":"","overlay-opacity":"","overlay-gradient":""}},"ast-content-background-meta":{"desktop":{"background-color":"var(--ast-global-color-4)","background-image":"","background-repeat":"repeat","background-position":"center center","background-size":"auto","background-attachment":"scroll","background-type":"","background-media":"","overlay-type":"","overlay-color":"","overlay-opacity":"","overlay-gradient":""},"tablet":{"background-color":"var(--ast-global-color-4)","background-image":"","background-repeat":"repeat","background-position":"center center","background-size":"auto","background-attachment":"scroll","background-type":"","background-media":"","overlay-type":"","overlay-color":"","overlay-opacity":"","overlay-gradient":""},"mobile":{"background-color":"var(--ast-global-color-4)","background-image":"","background-repeat":"repeat","background-position":"center center","background-size":"auto","background-attachment":"scroll","background-type":"","background-media":"","overlay-type":"","overlay-color":"","overlay-opacity":"","overlay-gradient":""}},"_joinchat":[]},"product_brand":[],"product_cat":[89],"product_tag":[],"class_list":{"0":"post-16206","1":"product","2":"type-product","3":"status-publish","4":"has-post-thumbnail","6":"product_cat-gamers-competitivos","7":"desktop-align-center","8":"tablet-align-left","9":"mobile-align-left","11":"first","12":"instock","13":"shipping-taxable","14":"purchasable","15":"product-type-simple"},"yoast_head":"<!-- This site is optimized with the Yoast SEO plugin v27.5 - https:\/\/yoast.com\/product\/yoast-seo-wordpress\/ -->\n<title>Mouse Inalambrico LOGITECH G705 Aurora White Gaming - UnitGames<\/title>\n<meta name=\"robots\" content=\"index, follow, max-snippet:-1, max-image-preview:large, max-video-preview:-1\" \/>\n<link rel=\"canonical\" href=\"https:\/\/unitgames.com.ar\/pc-gamer\/producto\/mouse-inalambrico-logitech-g705-aurora-white-gaming\/\" \/>\n<meta property=\"og:locale\" content=\"es_ES\" \/>\n<meta property=\"og:type\" content=\"article\" \/>\n<meta property=\"og:title\" content=\"Mouse Inalambrico LOGITECH G705 Aurora White Gaming - UnitGames\" \/>\n<meta property=\"og:description\" content=\"Dise\u00f1ado especialmente para ofrecer comodidad y rendimiento en sesiones prolongadas, el LOGITECH G705 Aurora combina un dise\u00f1o compacto, ergonom\u00eda para manos peque\u00f1as y tecnolog\u00eda inal\u00e1mbrica de alta velocidad. Forma parte de la colecci\u00f3n Logitech Aurora, con est\u00e9tica blanca y toques de iluminaci\u00f3n suave. Especificaciones T\u00e9cnicas Marca: Logitech Modelo: G705 Aurora Collection Color: Blanco Tipo de sensor: \u00d3ptico Gaming-Grade Resoluci\u00f3n de DPI: De 100 a 8200 DPI Tasa de sondeo: 1000 Hz (1 ms) Conectividad: Inal\u00e1mbrica LIGHTSPEED (2.4\u202fGHz) Bluetooth Cable USB-C a USB-A para carga y uso Botones programables: 6 Iluminaci\u00f3n: RGB LIGHTSYNC con 3 zonas personalizables Bater\u00eda: Hasta 40 horas de duraci\u00f3n con iluminaci\u00f3n encendida Recargable por USB-C Dise\u00f1o: Compacto y ergon\u00f3mico Optimizado para manos peque\u00f1as Botones laterales accesibles Peso: 85 gramos Compatibilidad: Windows, macOS, dispositivos Bluetooth Software: Compatible con Logitech G HUB para personalizaci\u00f3n de DPI, iluminaci\u00f3n y botones\" \/>\n<meta property=\"og:url\" content=\"https:\/\/unitgames.com.ar\/pc-gamer\/producto\/mouse-inalambrico-logitech-g705-aurora-white-gaming\/\" \/>\n<meta property=\"og:site_name\" content=\"UnitGames\" \/>\n<meta property=\"article:modified_time\" content=\"2026-01-09T10:14:12+00:00\" \/>\n<meta property=\"og:image\" content=\"https:\/\/unitgames.com.ar\/pc-gamer\/wp-content\/uploads\/2025\/07\/Mouse-Inalambrico-LOGITECH-G705-Aurora-White-Gaming.png\" \/>\n\t<meta property=\"og:image:width\" content=\"1282\" \/>\n\t<meta property=\"og:image:height\" content=\"1285\" \/>\n\t<meta property=\"og:image:type\" content=\"image\/png\" \/>\n<meta name=\"twitter:card\" content=\"summary_large_image\" \/>\n<meta name=\"twitter:label1\" content=\"Tiempo de lectura\" \/>\n\t<meta name=\"twitter:data1\" content=\"1 minuto\" \/>\n<script type=\"application\/ld+json\" class=\"yoast-schema-graph\">{\"@context\":\"https:\\\/\\\/schema.org\",\"@graph\":[{\"@type\":\"WebPage\",\"@id\":\"https:\\\/\\\/unitgames.com.ar\\\/pc-gamer\\\/producto\\\/mouse-inalambrico-logitech-g705-aurora-white-gaming\\\/\",\"url\":\"https:\\\/\\\/unitgames.com.ar\\\/pc-gamer\\\/producto\\\/mouse-inalambrico-logitech-g705-aurora-white-gaming\\\/\",\"name\":\"Mouse Inalambrico LOGITECH G705 Aurora White Gaming - UnitGames\",\"isPartOf\":{\"@id\":\"https:\\\/\\\/unitgames.com.ar\\\/pc-gamer\\\/#website\"},\"primaryImageOfPage\":{\"@id\":\"https:\\\/\\\/unitgames.com.ar\\\/pc-gamer\\\/producto\\\/mouse-inalambrico-logitech-g705-aurora-white-gaming\\\/#primaryimage\"},\"image\":{\"@id\":\"https:\\\/\\\/unitgames.com.ar\\\/pc-gamer\\\/producto\\\/mouse-inalambrico-logitech-g705-aurora-white-gaming\\\/#primaryimage\"},\"thumbnailUrl\":\"https:\\\/\\\/unitgames.com.ar\\\/pc-gamer\\\/wp-content\\\/uploads\\\/2025\\\/07\\\/Mouse-Inalambrico-LOGITECH-G705-Aurora-White-Gaming.png\",\"datePublished\":\"2025-07-24T11:30:02+00:00\",\"dateModified\":\"2026-01-09T10:14:12+00:00\",\"breadcrumb\":{\"@id\":\"https:\\\/\\\/unitgames.com.ar\\\/pc-gamer\\\/producto\\\/mouse-inalambrico-logitech-g705-aurora-white-gaming\\\/#breadcrumb\"},\"inLanguage\":\"es\",\"potentialAction\":[{\"@type\":\"ReadAction\",\"target\":[\"https:\\\/\\\/unitgames.com.ar\\\/pc-gamer\\\/producto\\\/mouse-inalambrico-logitech-g705-aurora-white-gaming\\\/\"]}]},{\"@type\":\"ImageObject\",\"inLanguage\":\"es\",\"@id\":\"https:\\\/\\\/unitgames.com.ar\\\/pc-gamer\\\/producto\\\/mouse-inalambrico-logitech-g705-aurora-white-gaming\\\/#primaryimage\",\"url\":\"https:\\\/\\\/unitgames.com.ar\\\/pc-gamer\\\/wp-content\\\/uploads\\\/2025\\\/07\\\/Mouse-Inalambrico-LOGITECH-G705-Aurora-White-Gaming.png\",\"contentUrl\":\"https:\\\/\\\/unitgames.com.ar\\\/pc-gamer\\\/wp-content\\\/uploads\\\/2025\\\/07\\\/Mouse-Inalambrico-LOGITECH-G705-Aurora-White-Gaming.png\",\"width\":1282,\"height\":1285},{\"@type\":\"BreadcrumbList\",\"@id\":\"https:\\\/\\\/unitgames.com.ar\\\/pc-gamer\\\/producto\\\/mouse-inalambrico-logitech-g705-aurora-white-gaming\\\/#breadcrumb\",\"itemListElement\":[{\"@type\":\"ListItem\",\"position\":1,\"name\":\"Tienda\",\"item\":\"https:\\\/\\\/unitgames.com.ar\\\/pc-gamer\\\/tienda\\\/\"},{\"@type\":\"ListItem\",\"position\":2,\"name\":\"Mouse Inalambrico LOGITECH G705 Aurora White Gaming\"}]},{\"@type\":\"WebSite\",\"@id\":\"https:\\\/\\\/unitgames.com.ar\\\/pc-gamer\\\/#website\",\"url\":\"https:\\\/\\\/unitgames.com.ar\\\/pc-gamer\\\/\",\"name\":\"UnitGames\",\"description\":\"Venta de PC Gamers, Consolas , Servicio Tecnico Especializado. Todos en Accesorios Informaticos y Gamers\",\"publisher\":{\"@id\":\"https:\\\/\\\/unitgames.com.ar\\\/pc-gamer\\\/#organization\"},\"potentialAction\":[{\"@type\":\"SearchAction\",\"target\":{\"@type\":\"EntryPoint\",\"urlTemplate\":\"https:\\\/\\\/unitgames.com.ar\\\/pc-gamer\\\/?s={search_term_string}\"},\"query-input\":{\"@type\":\"PropertyValueSpecification\",\"valueRequired\":true,\"valueName\":\"search_term_string\"}}],\"inLanguage\":\"es\"},{\"@type\":\"Organization\",\"@id\":\"https:\\\/\\\/unitgames.com.ar\\\/pc-gamer\\\/#organization\",\"name\":\"UnitGames\",\"url\":\"https:\\\/\\\/unitgames.com.ar\\\/pc-gamer\\\/\",\"logo\":{\"@type\":\"ImageObject\",\"inLanguage\":\"es\",\"@id\":\"https:\\\/\\\/unitgames.com.ar\\\/pc-gamer\\\/#\\\/schema\\\/logo\\\/image\\\/\",\"url\":\"https:\\\/\\\/unitgames.com.ar\\\/pc-gamer\\\/wp-content\\\/uploads\\\/2021\\\/01\\\/cropped-logoUnitGames2.png\",\"contentUrl\":\"https:\\\/\\\/unitgames.com.ar\\\/pc-gamer\\\/wp-content\\\/uploads\\\/2021\\\/01\\\/cropped-logoUnitGames2.png\",\"width\":152,\"height\":200,\"caption\":\"UnitGames\"},\"image\":{\"@id\":\"https:\\\/\\\/unitgames.com.ar\\\/pc-gamer\\\/#\\\/schema\\\/logo\\\/image\\\/\"}}]}<\/script>\n<!-- \/ Yoast SEO plugin. -->","yoast_head_json":{"title":"Mouse Inalambrico LOGITECH G705 Aurora White Gaming - UnitGames","robots":{"index":"index","follow":"follow","max-snippet":"max-snippet:-1","max-image-preview":"max-image-preview:large","max-video-preview":"max-video-preview:-1"},"canonical":"https:\/\/unitgames.com.ar\/pc-gamer\/producto\/mouse-inalambrico-logitech-g705-aurora-white-gaming\/","og_locale":"es_ES","og_type":"article","og_title":"Mouse Inalambrico LOGITECH G705 Aurora White Gaming - UnitGames","og_description":"Dise\u00f1ado especialmente para ofrecer comodidad y rendimiento en sesiones prolongadas, el LOGITECH G705 Aurora combina un dise\u00f1o compacto, ergonom\u00eda para manos peque\u00f1as y tecnolog\u00eda inal\u00e1mbrica de alta velocidad. Forma parte de la colecci\u00f3n Logitech Aurora, con est\u00e9tica blanca y toques de iluminaci\u00f3n suave. Especificaciones T\u00e9cnicas Marca: Logitech Modelo: G705 Aurora Collection Color: Blanco Tipo de sensor: \u00d3ptico Gaming-Grade Resoluci\u00f3n de DPI: De 100 a 8200 DPI Tasa de sondeo: 1000 Hz (1 ms) Conectividad: Inal\u00e1mbrica LIGHTSPEED (2.4\u202fGHz) Bluetooth Cable USB-C a USB-A para carga y uso Botones programables: 6 Iluminaci\u00f3n: RGB LIGHTSYNC con 3 zonas personalizables Bater\u00eda: Hasta 40 horas de duraci\u00f3n con iluminaci\u00f3n encendida Recargable por USB-C Dise\u00f1o: Compacto y ergon\u00f3mico Optimizado para manos peque\u00f1as Botones laterales accesibles Peso: 85 gramos Compatibilidad: Windows, macOS, dispositivos Bluetooth Software: Compatible con Logitech G HUB para personalizaci\u00f3n de DPI, iluminaci\u00f3n y botones","og_url":"https:\/\/unitgames.com.ar\/pc-gamer\/producto\/mouse-inalambrico-logitech-g705-aurora-white-gaming\/","og_site_name":"UnitGames","article_modified_time":"2026-01-09T10:14:12+00:00","og_image":[{"width":1282,"height":1285,"url":"https:\/\/unitgames.com.ar\/pc-gamer\/wp-content\/uploads\/2025\/07\/Mouse-Inalambrico-LOGITECH-G705-Aurora-White-Gaming.png","type":"image\/png"}],"twitter_card":"summary_large_image","twitter_misc":{"Tiempo de lectura":"1 minuto"},"schema":{"@context":"https:\/\/schema.org","@graph":[{"@type":"WebPage","@id":"https:\/\/unitgames.com.ar\/pc-gamer\/producto\/mouse-inalambrico-logitech-g705-aurora-white-gaming\/","url":"https:\/\/unitgames.com.ar\/pc-gamer\/producto\/mouse-inalambrico-logitech-g705-aurora-white-gaming\/","name":"Mouse Inalambrico LOGITECH G705 Aurora White Gaming - UnitGames","isPartOf":{"@id":"https:\/\/unitgames.com.ar\/pc-gamer\/#website"},"primaryImageOfPage":{"@id":"https:\/\/unitgames.com.ar\/pc-gamer\/producto\/mouse-inalambrico-logitech-g705-aurora-white-gaming\/#primaryimage"},"image":{"@id":"https:\/\/unitgames.com.ar\/pc-gamer\/producto\/mouse-inalambrico-logitech-g705-aurora-white-gaming\/#primaryimage"},"thumbnailUrl":"https:\/\/unitgames.com.ar\/pc-gamer\/wp-content\/uploads\/2025\/07\/Mouse-Inalambrico-LOGITECH-G705-Aurora-White-Gaming.png","datePublished":"2025-07-24T11:30:02+00:00","dateModified":"2026-01-09T10:14:12+00:00","breadcrumb":{"@id":"https:\/\/unitgames.com.ar\/pc-gamer\/producto\/mouse-inalambrico-logitech-g705-aurora-white-gaming\/#breadcrumb"},"inLanguage":"es","potentialAction":[{"@type":"ReadAction","target":["https:\/\/unitgames.com.ar\/pc-gamer\/producto\/mouse-inalambrico-logitech-g705-aurora-white-gaming\/"]}]},{"@type":"ImageObject","inLanguage":"es","@id":"https:\/\/unitgames.com.ar\/pc-gamer\/producto\/mouse-inalambrico-logitech-g705-aurora-white-gaming\/#primaryimage","url":"https:\/\/unitgames.com.ar\/pc-gamer\/wp-content\/uploads\/2025\/07\/Mouse-Inalambrico-LOGITECH-G705-Aurora-White-Gaming.png","contentUrl":"https:\/\/unitgames.com.ar\/pc-gamer\/wp-content\/uploads\/2025\/07\/Mouse-Inalambrico-LOGITECH-G705-Aurora-White-Gaming.png","width":1282,"height":1285},{"@type":"BreadcrumbList","@id":"https:\/\/unitgames.com.ar\/pc-gamer\/producto\/mouse-inalambrico-logitech-g705-aurora-white-gaming\/#breadcrumb","itemListElement":[{"@type":"ListItem","position":1,"name":"Tienda","item":"https:\/\/unitgames.com.ar\/pc-gamer\/tienda\/"},{"@type":"ListItem","position":2,"name":"Mouse Inalambrico LOGITECH G705 Aurora White Gaming"}]},{"@type":"WebSite","@id":"https:\/\/unitgames.com.ar\/pc-gamer\/#website","url":"https:\/\/unitgames.com.ar\/pc-gamer\/","name":"UnitGames","description":"Venta de PC Gamers, Consolas , Servicio Tecnico Especializado. Todos en Accesorios Informaticos y Gamers","publisher":{"@id":"https:\/\/unitgames.com.ar\/pc-gamer\/#organization"},"potentialAction":[{"@type":"SearchAction","target":{"@type":"EntryPoint","urlTemplate":"https:\/\/unitgames.com.ar\/pc-gamer\/?s={search_term_string}"},"query-input":{"@type":"PropertyValueSpecification","valueRequired":true,"valueName":"search_term_string"}}],"inLanguage":"es"},{"@type":"Organization","@id":"https:\/\/unitgames.com.ar\/pc-gamer\/#organization","name":"UnitGames","url":"https:\/\/unitgames.com.ar\/pc-gamer\/","logo":{"@type":"ImageObject","inLanguage":"es","@id":"https:\/\/unitgames.com.ar\/pc-gamer\/#\/schema\/logo\/image\/","url":"https:\/\/unitgames.com.ar\/pc-gamer\/wp-content\/uploads\/2021\/01\/cropped-logoUnitGames2.png","contentUrl":"https:\/\/unitgames.com.ar\/pc-gamer\/wp-content\/uploads\/2021\/01\/cropped-logoUnitGames2.png","width":152,"height":200,"caption":"UnitGames"},"image":{"@id":"https:\/\/unitgames.com.ar\/pc-gamer\/#\/schema\/logo\/image\/"}}]}},"_links":{"self":[{"href":"https:\/\/unitgames.com.ar\/pc-gamer\/wp-json\/wp\/v2\/product\/16206","targetHints":{"allow":["GET"]}}],"collection":[{"href":"https:\/\/unitgames.com.ar\/pc-gamer\/wp-json\/wp\/v2\/product"}],"about":[{"href":"https:\/\/unitgames.com.ar\/pc-gamer\/wp-json\/wp\/v2\/types\/product"}],"version-history":[{"count":0,"href":"https:\/\/unitgames.com.ar\/pc-gamer\/wp-json\/wp\/v2\/product\/16206\/revisions"}],"wp:featuredmedia":[{"embeddable":true,"href":"https:\/\/unitgames.com.ar\/pc-gamer\/wp-json\/wp\/v2\/media\/16923"}],"wp:attachment":[{"href":"https:\/\/unitgames.com.ar\/pc-gamer\/wp-json\/wp\/v2\/media?parent=16206"}],"wp:term":[{"taxonomy":"product_brand","embeddable":true,"href":"https:\/\/unitgames.com.ar\/pc-gamer\/wp-json\/wp\/v2\/product_brand?post=16206"},{"taxonomy":"product_cat","embeddable":true,"href":"https:\/\/unitgames.com.ar\/pc-gamer\/wp-json\/wp\/v2\/product_cat?post=16206"},{"taxonomy":"product_tag","embeddable":true,"href":"https:\/\/unitgames.com.ar\/pc-gamer\/wp-json\/wp\/v2\/product_tag?post=16206"}],"curies":[{"name":"wp","href":"https:\/\/api.w.org\/{rel}","templated":true}]}}