{"id":16239,"date":"2025-07-24T10:03:02","date_gmt":"2025-07-24T13:03:02","guid":{"rendered":"https:\/\/unitgames.com.ar\/pc-gamer\/?post_type=product&#038;p=16239"},"modified":"2026-01-09T07:14:07","modified_gmt":"2026-01-09T10:14:07","slug":"pasta-termica-aerocool-baraf-s-3-5g","status":"publish","type":"product","link":"https:\/\/unitgames.com.ar\/pc-gamer\/producto\/pasta-termica-aerocool-baraf-s-3-5g\/","title":{"rendered":"Pasta Termica AEROCOOL BARAF-S 3.5G"},"content":{"rendered":"<h3 data-start=\"92\" data-end=\"133\">Pasta T\u00e9rmica AEROCOOL BARAF\u2011S 3.5G<\/h3>\n<p>&nbsp;<\/p>\n<ul data-start=\"135\" data-end=\"542\">\n<li data-start=\"135\" data-end=\"178\">\n<p data-start=\"137\" data-end=\"178\"><strong data-start=\"137\" data-end=\"162\">Conductividad t\u00e9rmica<\/strong>: &gt;\u202f5.15\u202fW\/m\u2011K<\/p>\n<\/li>\n<li data-start=\"179\" data-end=\"228\">\n<p data-start=\"181\" data-end=\"228\"><strong data-start=\"181\" data-end=\"206\">Temperatura operativa<\/strong>: de \u201330\u202f\u00b0C a 280\u202f\u00b0C<\/p>\n<\/li>\n<li data-start=\"229\" data-end=\"307\">\n<p data-start=\"231\" data-end=\"307\"><strong data-start=\"231\" data-end=\"263\">No conductiva el\u00e9ctricamente<\/strong>: segura para CPU, GPU y otros componentes<\/p>\n<\/li>\n<li data-start=\"308\" data-end=\"368\">\n<p data-start=\"310\" data-end=\"368\"><strong data-start=\"310\" data-end=\"329\">Alta viscosidad<\/strong>: facilita la aplicaci\u00f3n sin derrames<\/p>\n<\/li>\n<li data-start=\"369\" data-end=\"404\">\n<p data-start=\"371\" data-end=\"404\"><strong data-start=\"371\" data-end=\"402\">Incluye esp\u00e1tula aplicadora<\/strong><\/p>\n<\/li>\n<li data-start=\"405\" data-end=\"433\">\n<p data-start=\"407\" data-end=\"433\"><strong data-start=\"407\" data-end=\"419\">Cantidad<\/strong>: 3.5 gramos<\/p>\n<\/li>\n<li data-start=\"434\" data-end=\"453\">\n<p data-start=\"436\" data-end=\"453\"><strong data-start=\"436\" data-end=\"445\">Color<\/strong>: Gris<\/p>\n<\/li>\n<li data-start=\"454\" data-end=\"542\">\n<p data-start=\"456\" data-end=\"542\"><strong data-start=\"456\" data-end=\"471\">Tipo de uso<\/strong>: Ideal para PCs de escritorio, notebooks y equipos de alto rendimiento<\/p>\n<\/li>\n<\/ul>\n","protected":false},"excerpt":{"rendered":"<p>Pasta T\u00e9rmica AEROCOOL BARAF\u2011S 3.5G &nbsp; Conductividad t\u00e9rmica: &gt;\u202f5.15\u202fW\/m\u2011K Temperatura operativa: de \u201330\u202f\u00b0C a 280\u202f\u00b0C No conductiva el\u00e9ctricamente: segura para CPU, GPU y otros componentes Alta viscosidad: facilita la aplicaci\u00f3n sin derrames Incluye esp\u00e1tula aplicadora Cantidad: 3.5 gramos Color: Gris Tipo de uso: Ideal para PCs de escritorio, notebooks y equipos de alto rendimiento<\/p>\n","protected":false},"featured_media":16311,"template":"","meta":{"site-sidebar-layout":"default","site-content-layout":"","ast-site-content-layout":"default","site-content-style":"default","site-sidebar-style":"default","ast-global-header-display":"","ast-banner-title-visibility":"","ast-main-header-display":"","ast-hfb-above-header-display":"","ast-hfb-below-header-display":"","ast-hfb-mobile-header-display":"","site-post-title":"","ast-breadcrumbs-content":"","ast-featured-img":"","footer-sml-layout":"","theme-transparent-header-meta":"default","adv-header-id-meta":"","stick-header-meta":"","header-above-stick-meta":"","header-main-stick-meta":"","header-below-stick-meta":"","astra-migrate-meta-layouts":"set","ast-page-background-enabled":"default","ast-page-background-meta":{"desktop":{"background-color":"var(--ast-global-color-5)","background-image":"","background-repeat":"repeat","background-position":"center center","background-size":"auto","background-attachment":"scroll","background-type":"","background-media":"","overlay-type":"","overlay-color":"","overlay-opacity":"","overlay-gradient":""},"tablet":{"background-color":"","background-image":"","background-repeat":"repeat","background-position":"center center","background-size":"auto","background-attachment":"scroll","background-type":"","background-media":"","overlay-type":"","overlay-color":"","overlay-opacity":"","overlay-gradient":""},"mobile":{"background-color":"","background-image":"","background-repeat":"repeat","background-position":"center center","background-size":"auto","background-attachment":"scroll","background-type":"","background-media":"","overlay-type":"","overlay-color":"","overlay-opacity":"","overlay-gradient":""}},"ast-content-background-meta":{"desktop":{"background-color":"var(--ast-global-color-4)","background-image":"","background-repeat":"repeat","background-position":"center center","background-size":"auto","background-attachment":"scroll","background-type":"","background-media":"","overlay-type":"","overlay-color":"","overlay-opacity":"","overlay-gradient":""},"tablet":{"background-color":"var(--ast-global-color-4)","background-image":"","background-repeat":"repeat","background-position":"center center","background-size":"auto","background-attachment":"scroll","background-type":"","background-media":"","overlay-type":"","overlay-color":"","overlay-opacity":"","overlay-gradient":""},"mobile":{"background-color":"var(--ast-global-color-4)","background-image":"","background-repeat":"repeat","background-position":"center center","background-size":"auto","background-attachment":"scroll","background-type":"","background-media":"","overlay-type":"","overlay-color":"","overlay-opacity":"","overlay-gradient":""}},"_joinchat":[]},"product_brand":[],"product_cat":[102,137],"product_tag":[],"class_list":{"0":"post-16239","1":"product","2":"type-product","3":"status-publish","4":"has-post-thumbnail","6":"product_cat-cables-y-adaptadores","7":"product_cat-pasta-termica","8":"desktop-align-center","9":"tablet-align-left","10":"mobile-align-left","12":"first","13":"instock","14":"shipping-taxable","15":"purchasable","16":"product-type-simple"},"yoast_head":"<!-- This site is optimized with the Yoast SEO plugin v27.5 - https:\/\/yoast.com\/product\/yoast-seo-wordpress\/ -->\n<title>Pasta Termica AEROCOOL BARAF-S 3.5G - UnitGames<\/title>\n<meta name=\"robots\" content=\"index, follow, max-snippet:-1, max-image-preview:large, max-video-preview:-1\" \/>\n<link rel=\"canonical\" href=\"https:\/\/unitgames.com.ar\/pc-gamer\/producto\/pasta-termica-aerocool-baraf-s-3-5g\/\" \/>\n<meta property=\"og:locale\" content=\"es_ES\" \/>\n<meta property=\"og:type\" content=\"article\" \/>\n<meta property=\"og:title\" content=\"Pasta Termica AEROCOOL BARAF-S 3.5G - UnitGames\" \/>\n<meta property=\"og:description\" content=\"Pasta T\u00e9rmica AEROCOOL BARAF\u2011S 3.5G &nbsp; Conductividad t\u00e9rmica: &gt;\u202f5.15\u202fW\/m\u2011K Temperatura operativa: de \u201330\u202f\u00b0C a 280\u202f\u00b0C No conductiva el\u00e9ctricamente: segura para CPU, GPU y otros componentes Alta viscosidad: facilita la aplicaci\u00f3n sin derrames Incluye esp\u00e1tula aplicadora Cantidad: 3.5 gramos Color: Gris Tipo de uso: Ideal para PCs de escritorio, notebooks y equipos de alto rendimiento\" \/>\n<meta property=\"og:url\" content=\"https:\/\/unitgames.com.ar\/pc-gamer\/producto\/pasta-termica-aerocool-baraf-s-3-5g\/\" \/>\n<meta property=\"og:site_name\" content=\"UnitGames\" \/>\n<meta property=\"article:modified_time\" content=\"2026-01-09T10:14:07+00:00\" \/>\n<meta property=\"og:image\" content=\"https:\/\/unitgames.com.ar\/pc-gamer\/wp-content\/uploads\/2025\/07\/Pasta-Termica-AEROCOOL-BARAF-S-3.5G.png\" \/>\n\t<meta property=\"og:image:width\" content=\"1263\" \/>\n\t<meta property=\"og:image:height\" content=\"1285\" \/>\n\t<meta property=\"og:image:type\" content=\"image\/png\" \/>\n<meta name=\"twitter:card\" content=\"summary_large_image\" \/>\n<meta name=\"twitter:label1\" content=\"Tiempo de lectura\" \/>\n\t<meta name=\"twitter:data1\" content=\"1 minuto\" \/>\n<script type=\"application\/ld+json\" class=\"yoast-schema-graph\">{\"@context\":\"https:\\\/\\\/schema.org\",\"@graph\":[{\"@type\":\"WebPage\",\"@id\":\"https:\\\/\\\/unitgames.com.ar\\\/pc-gamer\\\/producto\\\/pasta-termica-aerocool-baraf-s-3-5g\\\/\",\"url\":\"https:\\\/\\\/unitgames.com.ar\\\/pc-gamer\\\/producto\\\/pasta-termica-aerocool-baraf-s-3-5g\\\/\",\"name\":\"Pasta Termica AEROCOOL BARAF-S 3.5G - UnitGames\",\"isPartOf\":{\"@id\":\"https:\\\/\\\/unitgames.com.ar\\\/pc-gamer\\\/#website\"},\"primaryImageOfPage\":{\"@id\":\"https:\\\/\\\/unitgames.com.ar\\\/pc-gamer\\\/producto\\\/pasta-termica-aerocool-baraf-s-3-5g\\\/#primaryimage\"},\"image\":{\"@id\":\"https:\\\/\\\/unitgames.com.ar\\\/pc-gamer\\\/producto\\\/pasta-termica-aerocool-baraf-s-3-5g\\\/#primaryimage\"},\"thumbnailUrl\":\"https:\\\/\\\/unitgames.com.ar\\\/pc-gamer\\\/wp-content\\\/uploads\\\/2025\\\/07\\\/Pasta-Termica-AEROCOOL-BARAF-S-3.5G.png\",\"datePublished\":\"2025-07-24T13:03:02+00:00\",\"dateModified\":\"2026-01-09T10:14:07+00:00\",\"breadcrumb\":{\"@id\":\"https:\\\/\\\/unitgames.com.ar\\\/pc-gamer\\\/producto\\\/pasta-termica-aerocool-baraf-s-3-5g\\\/#breadcrumb\"},\"inLanguage\":\"es\",\"potentialAction\":[{\"@type\":\"ReadAction\",\"target\":[\"https:\\\/\\\/unitgames.com.ar\\\/pc-gamer\\\/producto\\\/pasta-termica-aerocool-baraf-s-3-5g\\\/\"]}]},{\"@type\":\"ImageObject\",\"inLanguage\":\"es\",\"@id\":\"https:\\\/\\\/unitgames.com.ar\\\/pc-gamer\\\/producto\\\/pasta-termica-aerocool-baraf-s-3-5g\\\/#primaryimage\",\"url\":\"https:\\\/\\\/unitgames.com.ar\\\/pc-gamer\\\/wp-content\\\/uploads\\\/2025\\\/07\\\/Pasta-Termica-AEROCOOL-BARAF-S-3.5G.png\",\"contentUrl\":\"https:\\\/\\\/unitgames.com.ar\\\/pc-gamer\\\/wp-content\\\/uploads\\\/2025\\\/07\\\/Pasta-Termica-AEROCOOL-BARAF-S-3.5G.png\",\"width\":1263,\"height\":1285},{\"@type\":\"BreadcrumbList\",\"@id\":\"https:\\\/\\\/unitgames.com.ar\\\/pc-gamer\\\/producto\\\/pasta-termica-aerocool-baraf-s-3-5g\\\/#breadcrumb\",\"itemListElement\":[{\"@type\":\"ListItem\",\"position\":1,\"name\":\"Tienda\",\"item\":\"https:\\\/\\\/unitgames.com.ar\\\/pc-gamer\\\/tienda\\\/\"},{\"@type\":\"ListItem\",\"position\":2,\"name\":\"Pasta Termica AEROCOOL BARAF-S 3.5G\"}]},{\"@type\":\"WebSite\",\"@id\":\"https:\\\/\\\/unitgames.com.ar\\\/pc-gamer\\\/#website\",\"url\":\"https:\\\/\\\/unitgames.com.ar\\\/pc-gamer\\\/\",\"name\":\"UnitGames\",\"description\":\"Venta de PC Gamers, Consolas , Servicio Tecnico Especializado. Todos en Accesorios Informaticos y Gamers\",\"publisher\":{\"@id\":\"https:\\\/\\\/unitgames.com.ar\\\/pc-gamer\\\/#organization\"},\"potentialAction\":[{\"@type\":\"SearchAction\",\"target\":{\"@type\":\"EntryPoint\",\"urlTemplate\":\"https:\\\/\\\/unitgames.com.ar\\\/pc-gamer\\\/?s={search_term_string}\"},\"query-input\":{\"@type\":\"PropertyValueSpecification\",\"valueRequired\":true,\"valueName\":\"search_term_string\"}}],\"inLanguage\":\"es\"},{\"@type\":\"Organization\",\"@id\":\"https:\\\/\\\/unitgames.com.ar\\\/pc-gamer\\\/#organization\",\"name\":\"UnitGames\",\"url\":\"https:\\\/\\\/unitgames.com.ar\\\/pc-gamer\\\/\",\"logo\":{\"@type\":\"ImageObject\",\"inLanguage\":\"es\",\"@id\":\"https:\\\/\\\/unitgames.com.ar\\\/pc-gamer\\\/#\\\/schema\\\/logo\\\/image\\\/\",\"url\":\"https:\\\/\\\/unitgames.com.ar\\\/pc-gamer\\\/wp-content\\\/uploads\\\/2021\\\/01\\\/cropped-logoUnitGames2.png\",\"contentUrl\":\"https:\\\/\\\/unitgames.com.ar\\\/pc-gamer\\\/wp-content\\\/uploads\\\/2021\\\/01\\\/cropped-logoUnitGames2.png\",\"width\":152,\"height\":200,\"caption\":\"UnitGames\"},\"image\":{\"@id\":\"https:\\\/\\\/unitgames.com.ar\\\/pc-gamer\\\/#\\\/schema\\\/logo\\\/image\\\/\"}}]}<\/script>\n<!-- \/ Yoast SEO plugin. -->","yoast_head_json":{"title":"Pasta Termica AEROCOOL BARAF-S 3.5G - UnitGames","robots":{"index":"index","follow":"follow","max-snippet":"max-snippet:-1","max-image-preview":"max-image-preview:large","max-video-preview":"max-video-preview:-1"},"canonical":"https:\/\/unitgames.com.ar\/pc-gamer\/producto\/pasta-termica-aerocool-baraf-s-3-5g\/","og_locale":"es_ES","og_type":"article","og_title":"Pasta Termica AEROCOOL BARAF-S 3.5G - UnitGames","og_description":"Pasta T\u00e9rmica AEROCOOL BARAF\u2011S 3.5G &nbsp; Conductividad t\u00e9rmica: &gt;\u202f5.15\u202fW\/m\u2011K Temperatura operativa: de \u201330\u202f\u00b0C a 280\u202f\u00b0C No conductiva el\u00e9ctricamente: segura para CPU, GPU y otros componentes Alta viscosidad: facilita la aplicaci\u00f3n sin derrames Incluye esp\u00e1tula aplicadora Cantidad: 3.5 gramos Color: Gris Tipo de uso: Ideal para PCs de escritorio, notebooks y equipos de alto rendimiento","og_url":"https:\/\/unitgames.com.ar\/pc-gamer\/producto\/pasta-termica-aerocool-baraf-s-3-5g\/","og_site_name":"UnitGames","article_modified_time":"2026-01-09T10:14:07+00:00","og_image":[{"width":1263,"height":1285,"url":"https:\/\/unitgames.com.ar\/pc-gamer\/wp-content\/uploads\/2025\/07\/Pasta-Termica-AEROCOOL-BARAF-S-3.5G.png","type":"image\/png"}],"twitter_card":"summary_large_image","twitter_misc":{"Tiempo de lectura":"1 minuto"},"schema":{"@context":"https:\/\/schema.org","@graph":[{"@type":"WebPage","@id":"https:\/\/unitgames.com.ar\/pc-gamer\/producto\/pasta-termica-aerocool-baraf-s-3-5g\/","url":"https:\/\/unitgames.com.ar\/pc-gamer\/producto\/pasta-termica-aerocool-baraf-s-3-5g\/","name":"Pasta Termica AEROCOOL BARAF-S 3.5G - UnitGames","isPartOf":{"@id":"https:\/\/unitgames.com.ar\/pc-gamer\/#website"},"primaryImageOfPage":{"@id":"https:\/\/unitgames.com.ar\/pc-gamer\/producto\/pasta-termica-aerocool-baraf-s-3-5g\/#primaryimage"},"image":{"@id":"https:\/\/unitgames.com.ar\/pc-gamer\/producto\/pasta-termica-aerocool-baraf-s-3-5g\/#primaryimage"},"thumbnailUrl":"https:\/\/unitgames.com.ar\/pc-gamer\/wp-content\/uploads\/2025\/07\/Pasta-Termica-AEROCOOL-BARAF-S-3.5G.png","datePublished":"2025-07-24T13:03:02+00:00","dateModified":"2026-01-09T10:14:07+00:00","breadcrumb":{"@id":"https:\/\/unitgames.com.ar\/pc-gamer\/producto\/pasta-termica-aerocool-baraf-s-3-5g\/#breadcrumb"},"inLanguage":"es","potentialAction":[{"@type":"ReadAction","target":["https:\/\/unitgames.com.ar\/pc-gamer\/producto\/pasta-termica-aerocool-baraf-s-3-5g\/"]}]},{"@type":"ImageObject","inLanguage":"es","@id":"https:\/\/unitgames.com.ar\/pc-gamer\/producto\/pasta-termica-aerocool-baraf-s-3-5g\/#primaryimage","url":"https:\/\/unitgames.com.ar\/pc-gamer\/wp-content\/uploads\/2025\/07\/Pasta-Termica-AEROCOOL-BARAF-S-3.5G.png","contentUrl":"https:\/\/unitgames.com.ar\/pc-gamer\/wp-content\/uploads\/2025\/07\/Pasta-Termica-AEROCOOL-BARAF-S-3.5G.png","width":1263,"height":1285},{"@type":"BreadcrumbList","@id":"https:\/\/unitgames.com.ar\/pc-gamer\/producto\/pasta-termica-aerocool-baraf-s-3-5g\/#breadcrumb","itemListElement":[{"@type":"ListItem","position":1,"name":"Tienda","item":"https:\/\/unitgames.com.ar\/pc-gamer\/tienda\/"},{"@type":"ListItem","position":2,"name":"Pasta Termica AEROCOOL BARAF-S 3.5G"}]},{"@type":"WebSite","@id":"https:\/\/unitgames.com.ar\/pc-gamer\/#website","url":"https:\/\/unitgames.com.ar\/pc-gamer\/","name":"UnitGames","description":"Venta de PC Gamers, Consolas , Servicio Tecnico Especializado. Todos en Accesorios Informaticos y Gamers","publisher":{"@id":"https:\/\/unitgames.com.ar\/pc-gamer\/#organization"},"potentialAction":[{"@type":"SearchAction","target":{"@type":"EntryPoint","urlTemplate":"https:\/\/unitgames.com.ar\/pc-gamer\/?s={search_term_string}"},"query-input":{"@type":"PropertyValueSpecification","valueRequired":true,"valueName":"search_term_string"}}],"inLanguage":"es"},{"@type":"Organization","@id":"https:\/\/unitgames.com.ar\/pc-gamer\/#organization","name":"UnitGames","url":"https:\/\/unitgames.com.ar\/pc-gamer\/","logo":{"@type":"ImageObject","inLanguage":"es","@id":"https:\/\/unitgames.com.ar\/pc-gamer\/#\/schema\/logo\/image\/","url":"https:\/\/unitgames.com.ar\/pc-gamer\/wp-content\/uploads\/2021\/01\/cropped-logoUnitGames2.png","contentUrl":"https:\/\/unitgames.com.ar\/pc-gamer\/wp-content\/uploads\/2021\/01\/cropped-logoUnitGames2.png","width":152,"height":200,"caption":"UnitGames"},"image":{"@id":"https:\/\/unitgames.com.ar\/pc-gamer\/#\/schema\/logo\/image\/"}}]}},"_links":{"self":[{"href":"https:\/\/unitgames.com.ar\/pc-gamer\/wp-json\/wp\/v2\/product\/16239","targetHints":{"allow":["GET"]}}],"collection":[{"href":"https:\/\/unitgames.com.ar\/pc-gamer\/wp-json\/wp\/v2\/product"}],"about":[{"href":"https:\/\/unitgames.com.ar\/pc-gamer\/wp-json\/wp\/v2\/types\/product"}],"version-history":[{"count":0,"href":"https:\/\/unitgames.com.ar\/pc-gamer\/wp-json\/wp\/v2\/product\/16239\/revisions"}],"wp:featuredmedia":[{"embeddable":true,"href":"https:\/\/unitgames.com.ar\/pc-gamer\/wp-json\/wp\/v2\/media\/16311"}],"wp:attachment":[{"href":"https:\/\/unitgames.com.ar\/pc-gamer\/wp-json\/wp\/v2\/media?parent=16239"}],"wp:term":[{"taxonomy":"product_brand","embeddable":true,"href":"https:\/\/unitgames.com.ar\/pc-gamer\/wp-json\/wp\/v2\/product_brand?post=16239"},{"taxonomy":"product_cat","embeddable":true,"href":"https:\/\/unitgames.com.ar\/pc-gamer\/wp-json\/wp\/v2\/product_cat?post=16239"},{"taxonomy":"product_tag","embeddable":true,"href":"https:\/\/unitgames.com.ar\/pc-gamer\/wp-json\/wp\/v2\/product_tag?post=16239"}],"curies":[{"name":"wp","href":"https:\/\/api.w.org\/{rel}","templated":true}]}}