{"id":16267,"date":"2025-07-25T17:25:26","date_gmt":"2025-07-25T20:25:26","guid":{"rendered":"https:\/\/unitgames.com.ar\/pc-gamer\/?post_type=product&#038;p=16267"},"modified":"2026-02-17T18:11:10","modified_gmt":"2026-02-17T21:11:10","slug":"parlante-havit-sk764","status":"publish","type":"product","link":"https:\/\/unitgames.com.ar\/pc-gamer\/producto\/parlante-havit-sk764\/","title":{"rendered":"Parlante HAVIT SK764"},"content":{"rendered":"<div class=\"ui-pdp-container__row ui-pdp-container__row--description\">\n<div class=\"ui-pdp-description\">\n<p data-start=\"107\" data-end=\"144\"><span class=\"relative -mx-px my-[-0.2rem] rounded px-px py-[0.2rem] transition-colors duration-100 ease-in-out\">Un sistema de altavoces <strong data-start=\"24\" data-end=\"63\">2.0\u202fbluetooth con carcasa de madera<\/strong>, ideal para escritorios, notebooks o smart TV. Combina <strong data-start=\"119\" data-end=\"136\">Bluetooth\u202f5.0<\/strong>, conexi\u00f3n por cable de 3.5\u202fmm y alimentaci\u00f3n por USB, ofreciendo comodidad y buen sonido para espacios compactos.<\/span><\/p>\n<hr data-start=\"146\" data-end=\"149\" \/>\n<h3 data-start=\"151\" data-end=\"183\">\u00a0Especificaciones T\u00e9cnicas<\/h3>\n<p>&nbsp;<\/p>\n<ul data-start=\"185\" data-end=\"1012\">\n<li data-start=\"185\" data-end=\"226\">\n<p data-start=\"187\" data-end=\"226\"><span class=\"relative -mx-px my-[-0.2rem] rounded px-px py-[0.2rem] transition-colors duration-100 ease-in-out\"><strong data-start=\"0\" data-end=\"18\" data-is-only-node=\"\">Configuraci\u00f3n:<\/strong> 2.0 canales (dos sat\u00e9lites)<\/span><\/p>\n<\/li>\n<li data-start=\"227\" data-end=\"268\">\n<p data-start=\"229\" data-end=\"268\"><span class=\"relative -mx-px my-[-0.2rem] rounded px-px py-[0.2rem] transition-colors duration-100 ease-in-out\"><strong data-start=\"0\" data-end=\"17\" data-is-only-node=\"\">Conectividad:<\/strong> Bluetooth\u202f5.0 y entrada de l\u00ednea de 3.5\u202fmm<\/span><\/p>\n<\/li>\n<li data-start=\"269\" data-end=\"348\">\n<p data-start=\"271\" data-end=\"348\"><span class=\"relative -mx-px my-[-0.2rem] rounded px-px py-[0.2rem] transition-colors duration-100 ease-in-out\"><strong data-start=\"0\" data-end=\"19\" data-is-only-node=\"\">Potencia total:<\/strong> 4\u202fW RMS (2\u202fW por altavoz)<\/span><\/p>\n<\/li>\n<li data-start=\"349\" data-end=\"428\">\n<p data-start=\"351\" data-end=\"428\"><span class=\"relative -mx-px my-[-0.2rem] rounded px-px py-[0.2rem] transition-colors duration-100 ease-in-out\"><strong data-start=\"0\" data-end=\"12\" data-is-only-node=\"\">Drivers:<\/strong> 3\u2033, 4\u202f\u03a9 por altavoz<\/span><\/p>\n<\/li>\n<li data-start=\"429\" data-end=\"508\">\n<p data-start=\"431\" data-end=\"508\"><span class=\"relative -mx-px my-[-0.2rem] rounded px-px py-[0.2rem] transition-colors duration-100 ease-in-out\"><strong data-start=\"0\" data-end=\"28\" data-is-only-node=\"\">Respuesta de frecuencia:<\/strong> 150\u202fHz \u2013 20\u202fkHz<\/span><\/p>\n<\/li>\n<li data-start=\"509\" data-end=\"592\">\n<p data-start=\"511\" data-end=\"592\"><span class=\"relative -mx-px my-[-0.2rem] rounded px-px py-[0.2rem] transition-colors duration-100 ease-in-out\"><strong data-start=\"0\" data-end=\"25\" data-is-only-node=\"\">Relaci\u00f3n se\u00f1al\/ruido:<\/strong> \u2265\u202f75\u202fdB<\/span><\/p>\n<\/li>\n<li data-start=\"593\" data-end=\"676\">\n<p data-start=\"595\" data-end=\"676\"><span class=\"relative -mx-px my-[-0.2rem] rounded px-px py-[0.2rem] transition-colors duration-100 ease-in-out\"><strong data-start=\"0\" data-end=\"14\" data-is-only-node=\"\">Controles:<\/strong> Inline control para volumen, play\/pause y cambio de pista<\/span><\/p>\n<\/li>\n<li data-start=\"677\" data-end=\"760\">\n<p data-start=\"679\" data-end=\"760\"><span class=\"relative -mx-px my-[-0.2rem] rounded px-px py-[0.2rem] transition-colors duration-100 ease-in-out\"><strong data-start=\"0\" data-end=\"17\" data-is-only-node=\"\">Alimentaci\u00f3n:<\/strong> USB 5\u202fV (se recomienda adaptador de 5\u202fV\/1\u202fA)<\/span><\/p>\n<\/li>\n<li data-start=\"761\" data-end=\"844\">\n<p data-start=\"763\" data-end=\"844\"><span class=\"relative -mx-px my-[-0.2rem] rounded px-px py-[0.2rem] transition-colors duration-100 ease-in-out\"><strong data-start=\"0\" data-end=\"32\" data-is-only-node=\"\">Dimensiones (cada sat\u00e9lite):<\/strong> 102.8 \u00d7 142.3 \u00d7 99.8\u202fmm<\/span><\/p>\n<\/li>\n<li data-start=\"845\" data-end=\"928\">\n<p data-start=\"847\" data-end=\"928\"><span class=\"relative -mx-px my-[-0.2rem] rounded px-px py-[0.2rem] transition-colors duration-100 ease-in-out\"><strong data-start=\"0\" data-end=\"15\" data-is-only-node=\"\">Peso total:<\/strong> ~707\u202fg<\/span><\/p>\n<\/li>\n<li data-start=\"929\" data-end=\"1012\">\n<p data-start=\"931\" data-end=\"1012\"><span class=\"relative -mx-px my-[-0.2rem] rounded px-px py-[0.2rem] transition-colors duration-100 ease-in-out\"><strong data-start=\"0\" data-end=\"25\" data-is-only-node=\"\">Accesorios incluidos:<\/strong> Sat\u00e9lites, cable USB, cable de audio, control remoto o inline, gu\u00eda r\u00e1pida<\/span><\/p>\n<\/li>\n<\/ul>\n<hr data-start=\"1014\" data-end=\"1017\" \/>\n<h3 data-start=\"1019\" data-end=\"1047\">\u00a0Caracter\u00edsticas clave<\/h3>\n<p>&nbsp;<\/p>\n<ul data-start=\"1049\" data-end=\"1283\">\n<li data-start=\"1049\" data-end=\"1104\">\n<p data-start=\"1051\" data-end=\"1104\">Dise\u00f1o compacto y elegante con acabado tipo madera.<\/p>\n<\/li>\n<li data-start=\"1105\" data-end=\"1168\">\n<p data-start=\"1107\" data-end=\"1168\">Cambio r\u00e1pido entre audio por <strong data-start=\"1137\" data-end=\"1165\">Bluetooth o cable 3.5\u202fmm<\/strong>.<\/p>\n<\/li>\n<li data-start=\"1169\" data-end=\"1231\">\n<p data-start=\"1171\" data-end=\"1231\">Alimentaci\u00f3n por USB, ideal para setups sin fuente dedicada.<\/p>\n<\/li>\n<li data-start=\"1232\" data-end=\"1283\">\n<p data-start=\"1234\" data-end=\"1283\">Controles integrados para f\u00e1cil manejo de m\u00fasica.<\/p>\n<\/li>\n<\/ul>\n<\/div>\n<\/div>\n","protected":false},"excerpt":{"rendered":"<p>Un sistema de altavoces 2.0\u202fbluetooth con carcasa de madera, ideal para escritorios, notebooks o smart TV. Combina Bluetooth\u202f5.0, conexi\u00f3n por cable de 3.5\u202fmm y alimentaci\u00f3n por USB, ofreciendo comodidad y buen sonido para espacios compactos. \u00a0Especificaciones T\u00e9cnicas &nbsp; Configuraci\u00f3n: 2.0 canales (dos sat\u00e9lites) Conectividad: Bluetooth\u202f5.0 y entrada de l\u00ednea de 3.5\u202fmm Potencia total: 4\u202fW RMS (2\u202fW por altavoz) Drivers: 3\u2033, 4\u202f\u03a9 por altavoz Respuesta de frecuencia: 150\u202fHz \u2013 20\u202fkHz Relaci\u00f3n se\u00f1al\/ruido: \u2265\u202f75\u202fdB Controles: Inline control para volumen, play\/pause y cambio de pista Alimentaci\u00f3n: USB 5\u202fV (se recomienda adaptador de 5\u202fV\/1\u202fA) Dimensiones (cada sat\u00e9lite): 102.8 \u00d7 142.3 \u00d7 99.8\u202fmm Peso total: ~707\u202fg Accesorios incluidos: Sat\u00e9lites, cable USB, cable de audio, control remoto o inline, gu\u00eda r\u00e1pida \u00a0Caracter\u00edsticas clave &nbsp; Dise\u00f1o compacto y elegante con acabado tipo madera. Cambio r\u00e1pido entre audio por Bluetooth o cable 3.5\u202fmm. Alimentaci\u00f3n por USB, ideal para setups sin fuente dedicada. Controles integrados para f\u00e1cil manejo de m\u00fasica.<\/p>\n","protected":false},"featured_media":16888,"template":"","meta":{"site-sidebar-layout":"default","site-content-layout":"","ast-site-content-layout":"default","site-content-style":"default","site-sidebar-style":"default","ast-global-header-display":"","ast-banner-title-visibility":"","ast-main-header-display":"","ast-hfb-above-header-display":"","ast-hfb-below-header-display":"","ast-hfb-mobile-header-display":"","site-post-title":"","ast-breadcrumbs-content":"","ast-featured-img":"","footer-sml-layout":"","theme-transparent-header-meta":"default","adv-header-id-meta":"","stick-header-meta":"","header-above-stick-meta":"","header-main-stick-meta":"","header-below-stick-meta":"","astra-migrate-meta-layouts":"set","ast-page-background-enabled":"default","ast-page-background-meta":{"desktop":{"background-color":"var(--ast-global-color-5)","background-image":"","background-repeat":"repeat","background-position":"center center","background-size":"auto","background-attachment":"scroll","background-type":"","background-media":"","overlay-type":"","overlay-color":"","overlay-opacity":"","overlay-gradient":""},"tablet":{"background-color":"","background-image":"","background-repeat":"repeat","background-position":"center center","background-size":"auto","background-attachment":"scroll","background-type":"","background-media":"","overlay-type":"","overlay-color":"","overlay-opacity":"","overlay-gradient":""},"mobile":{"background-color":"","background-image":"","background-repeat":"repeat","background-position":"center center","background-size":"auto","background-attachment":"scroll","background-type":"","background-media":"","overlay-type":"","overlay-color":"","overlay-opacity":"","overlay-gradient":""}},"ast-content-background-meta":{"desktop":{"background-color":"var(--ast-global-color-4)","background-image":"","background-repeat":"repeat","background-position":"center center","background-size":"auto","background-attachment":"scroll","background-type":"","background-media":"","overlay-type":"","overlay-color":"","overlay-opacity":"","overlay-gradient":""},"tablet":{"background-color":"var(--ast-global-color-4)","background-image":"","background-repeat":"repeat","background-position":"center center","background-size":"auto","background-attachment":"scroll","background-type":"","background-media":"","overlay-type":"","overlay-color":"","overlay-opacity":"","overlay-gradient":""},"mobile":{"background-color":"var(--ast-global-color-4)","background-image":"","background-repeat":"repeat","background-position":"center center","background-size":"auto","background-attachment":"scroll","background-type":"","background-media":"","overlay-type":"","overlay-color":"","overlay-opacity":"","overlay-gradient":""}},"_joinchat":[]},"product_brand":[],"product_cat":[85],"product_tag":[],"class_list":{"0":"post-16267","1":"product","2":"type-product","3":"status-publish","4":"has-post-thumbnail","6":"product_cat-parlantes","7":"desktop-align-center","8":"tablet-align-left","9":"mobile-align-left","11":"first","12":"instock","13":"shipping-taxable","14":"purchasable","15":"product-type-simple"},"yoast_head":"<!-- This site is optimized with the Yoast SEO plugin v27.3 - https:\/\/yoast.com\/product\/yoast-seo-wordpress\/ -->\n<title>Parlante HAVIT SK764 - UnitGames<\/title>\n<meta name=\"robots\" content=\"index, follow, max-snippet:-1, max-image-preview:large, max-video-preview:-1\" \/>\n<link rel=\"canonical\" href=\"https:\/\/unitgames.com.ar\/pc-gamer\/producto\/parlante-havit-sk764\/\" \/>\n<meta property=\"og:locale\" content=\"es_ES\" \/>\n<meta property=\"og:type\" content=\"article\" \/>\n<meta property=\"og:title\" content=\"Parlante HAVIT SK764 - UnitGames\" \/>\n<meta property=\"og:description\" content=\"Un sistema de altavoces 2.0\u202fbluetooth con carcasa de madera, ideal para escritorios, notebooks o smart TV. Combina Bluetooth\u202f5.0, conexi\u00f3n por cable de 3.5\u202fmm y alimentaci\u00f3n por USB, ofreciendo comodidad y buen sonido para espacios compactos. \u00a0Especificaciones T\u00e9cnicas &nbsp; Configuraci\u00f3n: 2.0 canales (dos sat\u00e9lites) Conectividad: Bluetooth\u202f5.0 y entrada de l\u00ednea de 3.5\u202fmm Potencia total: 4\u202fW RMS (2\u202fW por altavoz) Drivers: 3\u2033, 4\u202f\u03a9 por altavoz Respuesta de frecuencia: 150\u202fHz \u2013 20\u202fkHz Relaci\u00f3n se\u00f1al\/ruido: \u2265\u202f75\u202fdB Controles: Inline control para volumen, play\/pause y cambio de pista Alimentaci\u00f3n: USB 5\u202fV (se recomienda adaptador de 5\u202fV\/1\u202fA) Dimensiones (cada sat\u00e9lite): 102.8 \u00d7 142.3 \u00d7 99.8\u202fmm Peso total: ~707\u202fg Accesorios incluidos: Sat\u00e9lites, cable USB, cable de audio, control remoto o inline, gu\u00eda r\u00e1pida \u00a0Caracter\u00edsticas clave &nbsp; Dise\u00f1o compacto y elegante con acabado tipo madera. Cambio r\u00e1pido entre audio por Bluetooth o cable 3.5\u202fmm. Alimentaci\u00f3n por USB, ideal para setups sin fuente dedicada. Controles integrados para f\u00e1cil manejo de m\u00fasica.\" \/>\n<meta property=\"og:url\" content=\"https:\/\/unitgames.com.ar\/pc-gamer\/producto\/parlante-havit-sk764\/\" \/>\n<meta property=\"og:site_name\" content=\"UnitGames\" \/>\n<meta property=\"article:modified_time\" content=\"2026-02-17T21:11:10+00:00\" \/>\n<meta property=\"og:image\" content=\"https:\/\/unitgames.com.ar\/pc-gamer\/wp-content\/uploads\/2025\/07\/Parlante-HAVIT-SK764.png\" \/>\n\t<meta property=\"og:image:width\" content=\"1282\" \/>\n\t<meta property=\"og:image:height\" content=\"1285\" \/>\n\t<meta property=\"og:image:type\" content=\"image\/png\" \/>\n<meta name=\"twitter:card\" content=\"summary_large_image\" \/>\n<meta name=\"twitter:label1\" content=\"Tiempo de lectura\" \/>\n\t<meta name=\"twitter:data1\" content=\"1 minuto\" \/>\n<script type=\"application\/ld+json\" class=\"yoast-schema-graph\">{\"@context\":\"https:\\\/\\\/schema.org\",\"@graph\":[{\"@type\":\"WebPage\",\"@id\":\"https:\\\/\\\/unitgames.com.ar\\\/pc-gamer\\\/producto\\\/parlante-havit-sk764\\\/\",\"url\":\"https:\\\/\\\/unitgames.com.ar\\\/pc-gamer\\\/producto\\\/parlante-havit-sk764\\\/\",\"name\":\"Parlante HAVIT SK764 - UnitGames\",\"isPartOf\":{\"@id\":\"https:\\\/\\\/unitgames.com.ar\\\/pc-gamer\\\/#website\"},\"primaryImageOfPage\":{\"@id\":\"https:\\\/\\\/unitgames.com.ar\\\/pc-gamer\\\/producto\\\/parlante-havit-sk764\\\/#primaryimage\"},\"image\":{\"@id\":\"https:\\\/\\\/unitgames.com.ar\\\/pc-gamer\\\/producto\\\/parlante-havit-sk764\\\/#primaryimage\"},\"thumbnailUrl\":\"https:\\\/\\\/unitgames.com.ar\\\/pc-gamer\\\/wp-content\\\/uploads\\\/2025\\\/07\\\/Parlante-HAVIT-SK764.png\",\"datePublished\":\"2025-07-25T20:25:26+00:00\",\"dateModified\":\"2026-02-17T21:11:10+00:00\",\"breadcrumb\":{\"@id\":\"https:\\\/\\\/unitgames.com.ar\\\/pc-gamer\\\/producto\\\/parlante-havit-sk764\\\/#breadcrumb\"},\"inLanguage\":\"es\",\"potentialAction\":[{\"@type\":\"ReadAction\",\"target\":[\"https:\\\/\\\/unitgames.com.ar\\\/pc-gamer\\\/producto\\\/parlante-havit-sk764\\\/\"]}]},{\"@type\":\"ImageObject\",\"inLanguage\":\"es\",\"@id\":\"https:\\\/\\\/unitgames.com.ar\\\/pc-gamer\\\/producto\\\/parlante-havit-sk764\\\/#primaryimage\",\"url\":\"https:\\\/\\\/unitgames.com.ar\\\/pc-gamer\\\/wp-content\\\/uploads\\\/2025\\\/07\\\/Parlante-HAVIT-SK764.png\",\"contentUrl\":\"https:\\\/\\\/unitgames.com.ar\\\/pc-gamer\\\/wp-content\\\/uploads\\\/2025\\\/07\\\/Parlante-HAVIT-SK764.png\",\"width\":1282,\"height\":1285},{\"@type\":\"BreadcrumbList\",\"@id\":\"https:\\\/\\\/unitgames.com.ar\\\/pc-gamer\\\/producto\\\/parlante-havit-sk764\\\/#breadcrumb\",\"itemListElement\":[{\"@type\":\"ListItem\",\"position\":1,\"name\":\"Tienda\",\"item\":\"https:\\\/\\\/unitgames.com.ar\\\/pc-gamer\\\/tienda\\\/\"},{\"@type\":\"ListItem\",\"position\":2,\"name\":\"Parlante HAVIT SK764\"}]},{\"@type\":\"WebSite\",\"@id\":\"https:\\\/\\\/unitgames.com.ar\\\/pc-gamer\\\/#website\",\"url\":\"https:\\\/\\\/unitgames.com.ar\\\/pc-gamer\\\/\",\"name\":\"UnitGames\",\"description\":\"Venta de PC Gamers, Consolas , Servicio Tecnico Especializado. Todos en Accesorios Informaticos y Gamers\",\"publisher\":{\"@id\":\"https:\\\/\\\/unitgames.com.ar\\\/pc-gamer\\\/#organization\"},\"potentialAction\":[{\"@type\":\"SearchAction\",\"target\":{\"@type\":\"EntryPoint\",\"urlTemplate\":\"https:\\\/\\\/unitgames.com.ar\\\/pc-gamer\\\/?s={search_term_string}\"},\"query-input\":{\"@type\":\"PropertyValueSpecification\",\"valueRequired\":true,\"valueName\":\"search_term_string\"}}],\"inLanguage\":\"es\"},{\"@type\":\"Organization\",\"@id\":\"https:\\\/\\\/unitgames.com.ar\\\/pc-gamer\\\/#organization\",\"name\":\"UnitGames\",\"url\":\"https:\\\/\\\/unitgames.com.ar\\\/pc-gamer\\\/\",\"logo\":{\"@type\":\"ImageObject\",\"inLanguage\":\"es\",\"@id\":\"https:\\\/\\\/unitgames.com.ar\\\/pc-gamer\\\/#\\\/schema\\\/logo\\\/image\\\/\",\"url\":\"https:\\\/\\\/unitgames.com.ar\\\/pc-gamer\\\/wp-content\\\/uploads\\\/2021\\\/01\\\/cropped-logoUnitGames2.png\",\"contentUrl\":\"https:\\\/\\\/unitgames.com.ar\\\/pc-gamer\\\/wp-content\\\/uploads\\\/2021\\\/01\\\/cropped-logoUnitGames2.png\",\"width\":152,\"height\":200,\"caption\":\"UnitGames\"},\"image\":{\"@id\":\"https:\\\/\\\/unitgames.com.ar\\\/pc-gamer\\\/#\\\/schema\\\/logo\\\/image\\\/\"}}]}<\/script>\n<!-- \/ Yoast SEO plugin. -->","yoast_head_json":{"title":"Parlante HAVIT SK764 - UnitGames","robots":{"index":"index","follow":"follow","max-snippet":"max-snippet:-1","max-image-preview":"max-image-preview:large","max-video-preview":"max-video-preview:-1"},"canonical":"https:\/\/unitgames.com.ar\/pc-gamer\/producto\/parlante-havit-sk764\/","og_locale":"es_ES","og_type":"article","og_title":"Parlante HAVIT SK764 - UnitGames","og_description":"Un sistema de altavoces 2.0\u202fbluetooth con carcasa de madera, ideal para escritorios, notebooks o smart TV. Combina Bluetooth\u202f5.0, conexi\u00f3n por cable de 3.5\u202fmm y alimentaci\u00f3n por USB, ofreciendo comodidad y buen sonido para espacios compactos. \u00a0Especificaciones T\u00e9cnicas &nbsp; Configuraci\u00f3n: 2.0 canales (dos sat\u00e9lites) Conectividad: Bluetooth\u202f5.0 y entrada de l\u00ednea de 3.5\u202fmm Potencia total: 4\u202fW RMS (2\u202fW por altavoz) Drivers: 3\u2033, 4\u202f\u03a9 por altavoz Respuesta de frecuencia: 150\u202fHz \u2013 20\u202fkHz Relaci\u00f3n se\u00f1al\/ruido: \u2265\u202f75\u202fdB Controles: Inline control para volumen, play\/pause y cambio de pista Alimentaci\u00f3n: USB 5\u202fV (se recomienda adaptador de 5\u202fV\/1\u202fA) Dimensiones (cada sat\u00e9lite): 102.8 \u00d7 142.3 \u00d7 99.8\u202fmm Peso total: ~707\u202fg Accesorios incluidos: Sat\u00e9lites, cable USB, cable de audio, control remoto o inline, gu\u00eda r\u00e1pida \u00a0Caracter\u00edsticas clave &nbsp; Dise\u00f1o compacto y elegante con acabado tipo madera. Cambio r\u00e1pido entre audio por Bluetooth o cable 3.5\u202fmm. Alimentaci\u00f3n por USB, ideal para setups sin fuente dedicada. Controles integrados para f\u00e1cil manejo de m\u00fasica.","og_url":"https:\/\/unitgames.com.ar\/pc-gamer\/producto\/parlante-havit-sk764\/","og_site_name":"UnitGames","article_modified_time":"2026-02-17T21:11:10+00:00","og_image":[{"width":1282,"height":1285,"url":"https:\/\/unitgames.com.ar\/pc-gamer\/wp-content\/uploads\/2025\/07\/Parlante-HAVIT-SK764.png","type":"image\/png"}],"twitter_card":"summary_large_image","twitter_misc":{"Tiempo de lectura":"1 minuto"},"schema":{"@context":"https:\/\/schema.org","@graph":[{"@type":"WebPage","@id":"https:\/\/unitgames.com.ar\/pc-gamer\/producto\/parlante-havit-sk764\/","url":"https:\/\/unitgames.com.ar\/pc-gamer\/producto\/parlante-havit-sk764\/","name":"Parlante HAVIT SK764 - UnitGames","isPartOf":{"@id":"https:\/\/unitgames.com.ar\/pc-gamer\/#website"},"primaryImageOfPage":{"@id":"https:\/\/unitgames.com.ar\/pc-gamer\/producto\/parlante-havit-sk764\/#primaryimage"},"image":{"@id":"https:\/\/unitgames.com.ar\/pc-gamer\/producto\/parlante-havit-sk764\/#primaryimage"},"thumbnailUrl":"https:\/\/unitgames.com.ar\/pc-gamer\/wp-content\/uploads\/2025\/07\/Parlante-HAVIT-SK764.png","datePublished":"2025-07-25T20:25:26+00:00","dateModified":"2026-02-17T21:11:10+00:00","breadcrumb":{"@id":"https:\/\/unitgames.com.ar\/pc-gamer\/producto\/parlante-havit-sk764\/#breadcrumb"},"inLanguage":"es","potentialAction":[{"@type":"ReadAction","target":["https:\/\/unitgames.com.ar\/pc-gamer\/producto\/parlante-havit-sk764\/"]}]},{"@type":"ImageObject","inLanguage":"es","@id":"https:\/\/unitgames.com.ar\/pc-gamer\/producto\/parlante-havit-sk764\/#primaryimage","url":"https:\/\/unitgames.com.ar\/pc-gamer\/wp-content\/uploads\/2025\/07\/Parlante-HAVIT-SK764.png","contentUrl":"https:\/\/unitgames.com.ar\/pc-gamer\/wp-content\/uploads\/2025\/07\/Parlante-HAVIT-SK764.png","width":1282,"height":1285},{"@type":"BreadcrumbList","@id":"https:\/\/unitgames.com.ar\/pc-gamer\/producto\/parlante-havit-sk764\/#breadcrumb","itemListElement":[{"@type":"ListItem","position":1,"name":"Tienda","item":"https:\/\/unitgames.com.ar\/pc-gamer\/tienda\/"},{"@type":"ListItem","position":2,"name":"Parlante HAVIT SK764"}]},{"@type":"WebSite","@id":"https:\/\/unitgames.com.ar\/pc-gamer\/#website","url":"https:\/\/unitgames.com.ar\/pc-gamer\/","name":"UnitGames","description":"Venta de PC Gamers, Consolas , Servicio Tecnico Especializado. Todos en Accesorios Informaticos y Gamers","publisher":{"@id":"https:\/\/unitgames.com.ar\/pc-gamer\/#organization"},"potentialAction":[{"@type":"SearchAction","target":{"@type":"EntryPoint","urlTemplate":"https:\/\/unitgames.com.ar\/pc-gamer\/?s={search_term_string}"},"query-input":{"@type":"PropertyValueSpecification","valueRequired":true,"valueName":"search_term_string"}}],"inLanguage":"es"},{"@type":"Organization","@id":"https:\/\/unitgames.com.ar\/pc-gamer\/#organization","name":"UnitGames","url":"https:\/\/unitgames.com.ar\/pc-gamer\/","logo":{"@type":"ImageObject","inLanguage":"es","@id":"https:\/\/unitgames.com.ar\/pc-gamer\/#\/schema\/logo\/image\/","url":"https:\/\/unitgames.com.ar\/pc-gamer\/wp-content\/uploads\/2021\/01\/cropped-logoUnitGames2.png","contentUrl":"https:\/\/unitgames.com.ar\/pc-gamer\/wp-content\/uploads\/2021\/01\/cropped-logoUnitGames2.png","width":152,"height":200,"caption":"UnitGames"},"image":{"@id":"https:\/\/unitgames.com.ar\/pc-gamer\/#\/schema\/logo\/image\/"}}]}},"_links":{"self":[{"href":"https:\/\/unitgames.com.ar\/pc-gamer\/wp-json\/wp\/v2\/product\/16267","targetHints":{"allow":["GET"]}}],"collection":[{"href":"https:\/\/unitgames.com.ar\/pc-gamer\/wp-json\/wp\/v2\/product"}],"about":[{"href":"https:\/\/unitgames.com.ar\/pc-gamer\/wp-json\/wp\/v2\/types\/product"}],"version-history":[{"count":0,"href":"https:\/\/unitgames.com.ar\/pc-gamer\/wp-json\/wp\/v2\/product\/16267\/revisions"}],"wp:featuredmedia":[{"embeddable":true,"href":"https:\/\/unitgames.com.ar\/pc-gamer\/wp-json\/wp\/v2\/media\/16888"}],"wp:attachment":[{"href":"https:\/\/unitgames.com.ar\/pc-gamer\/wp-json\/wp\/v2\/media?parent=16267"}],"wp:term":[{"taxonomy":"product_brand","embeddable":true,"href":"https:\/\/unitgames.com.ar\/pc-gamer\/wp-json\/wp\/v2\/product_brand?post=16267"},{"taxonomy":"product_cat","embeddable":true,"href":"https:\/\/unitgames.com.ar\/pc-gamer\/wp-json\/wp\/v2\/product_cat?post=16267"},{"taxonomy":"product_tag","embeddable":true,"href":"https:\/\/unitgames.com.ar\/pc-gamer\/wp-json\/wp\/v2\/product_tag?post=16267"}],"curies":[{"name":"wp","href":"https:\/\/api.w.org\/{rel}","templated":true}]}}