{"id":16617,"date":"2025-08-13T00:09:31","date_gmt":"2025-08-13T03:09:31","guid":{"rendered":"https:\/\/unitgames.com.ar\/pc-gamer\/?post_type=product&#038;p=16617"},"modified":"2026-02-27T17:05:07","modified_gmt":"2026-02-27T20:05:07","slug":"monitor-msi-mag-27-274f-200hz","status":"publish","type":"product","link":"https:\/\/unitgames.com.ar\/pc-gamer\/producto\/monitor-msi-mag-27-274f-200hz\/","title":{"rendered":"Monitor MSI MAG 27&#8243; 274F 200Hz"},"content":{"rendered":"<p data-start=\"92\" data-end=\"132\"><strong data-start=\"96\" data-end=\"130\">Monitor MSI MAG 27&#8243; 274F 200Hz<\/strong><\/p>\n<p data-start=\"134\" data-end=\"505\">El MSI MAG 274F es un monitor gamer de <strong data-start=\"173\" data-end=\"188\">27 pulgadas<\/strong> dise\u00f1ado para jugadores competitivos que buscan m\u00e1xima fluidez y precisi\u00f3n. Con su panel IPS de alta calidad, resoluci\u00f3n Full HD y frecuencia de actualizaci\u00f3n de <strong data-start=\"351\" data-end=\"360\">200Hz<\/strong>, ofrece im\u00e1genes n\u00edtidas, colores vibrantes y tiempos de respuesta ultrarr\u00e1pidos para una experiencia de juego inmersiva y sin interrupciones.<\/p>\n<hr data-start=\"507\" data-end=\"510\" \/>\n<p data-start=\"512\" data-end=\"546\"><strong data-start=\"515\" data-end=\"544\">Especificaciones T\u00e9cnicas<\/strong><\/p>\n<ul data-start=\"548\" data-end=\"1135\">\n<li data-start=\"548\" data-end=\"580\">\n<p data-start=\"550\" data-end=\"580\">Marca \/ Modelo: MSI MAG 274F<\/p>\n<\/li>\n<li data-start=\"581\" data-end=\"609\">\n<p data-start=\"583\" data-end=\"609\">Tama\u00f1o de pantalla: 27\u2019\u2019<\/p>\n<\/li>\n<li data-start=\"610\" data-end=\"653\">\n<p data-start=\"612\" data-end=\"653\">Resoluci\u00f3n: Full HD 1920 \u00d7 1080 p\u00edxeles<\/p>\n<\/li>\n<li data-start=\"654\" data-end=\"668\">\n<p data-start=\"656\" data-end=\"668\">Panel: Rapid IPS<\/p>\n<\/li>\n<li data-start=\"669\" data-end=\"696\">\n<p data-start=\"671\" data-end=\"696\">Tasa de refresco: 200Hz<\/p>\n<\/li>\n<li data-start=\"697\" data-end=\"729\">\n<p data-start=\"699\" data-end=\"729\">Tiempo de respuesta: 0.5ms GtG<\/p>\n<\/li>\n<li data-start=\"730\" data-end=\"750\">\n<p data-start=\"732\" data-end=\"750\">Brillo: 300 nits<\/p>\n<\/li>\n<li data-start=\"751\" data-end=\"784\">\n<p data-start=\"753\" data-end=\"784\">Relaci\u00f3n de contraste: 1000:1<\/p>\n<\/li>\n<li data-start=\"785\" data-end=\"818\">\n<p data-start=\"787\" data-end=\"818\">\u00c1ngulos de visi\u00f3n: 178\u00b0 (H\/V)<\/p>\n<\/li>\n<li data-start=\"819\" data-end=\"859\">\n<p data-start=\"821\" data-end=\"859\">Colores: 16.7M, 99% sRGB, 93% DCI-P3<\/p>\n<\/li>\n<li data-start=\"860\" data-end=\"1021\">\n<p data-start=\"862\" data-end=\"877\">Conectividad:<\/p>\n<ul data-start=\"880\" data-end=\"1021\">\n<li data-start=\"880\" data-end=\"896\">\n<p data-start=\"882\" data-end=\"896\">2 \u00d7 HDMI 2.0<\/p>\n<\/li>\n<li data-start=\"899\" data-end=\"923\">\n<p data-start=\"901\" data-end=\"923\">1 \u00d7 DisplayPort 1.2a<\/p>\n<\/li>\n<li data-start=\"926\" data-end=\"970\">\n<p data-start=\"928\" data-end=\"970\">1 \u00d7 USB-C (Display + Power Delivery 15W)<\/p>\n<\/li>\n<li data-start=\"973\" data-end=\"990\">\n<p data-start=\"975\" data-end=\"990\">2 \u00d7 USB-A 3.2<\/p>\n<\/li>\n<li data-start=\"993\" data-end=\"1021\">\n<p data-start=\"995\" data-end=\"1021\">1 \u00d7 Jack 3.5mm audio out<\/p>\n<\/li>\n<\/ul>\n<\/li>\n<li data-start=\"1022\" data-end=\"1081\">\n<p data-start=\"1024\" data-end=\"1081\">Ajustes ergon\u00f3micos: Altura, giro, pivote e inclinaci\u00f3n<\/p>\n<\/li>\n<li data-start=\"1082\" data-end=\"1135\">\n<p data-start=\"1084\" data-end=\"1135\">Montaje: Compatible con soporte VESA 100 \u00d7 100 mm<\/p>\n<\/li>\n<\/ul>\n<hr data-start=\"1137\" data-end=\"1140\" \/>\n<p data-start=\"1142\" data-end=\"1176\"><strong data-start=\"1144\" data-end=\"1174\">Caracter\u00edsticas destacadas<\/strong><\/p>\n<ul data-start=\"1178\" data-end=\"1577\">\n<li data-start=\"1178\" data-end=\"1238\">\n<p data-start=\"1180\" data-end=\"1238\">Pantalla <strong data-start=\"1189\" data-end=\"1208\">IPS de 27\u2019\u2019 FHD<\/strong> con gran precisi\u00f3n de color<\/p>\n<\/li>\n<li data-start=\"1239\" data-end=\"1304\">\n<p data-start=\"1241\" data-end=\"1304\"><strong data-start=\"1241\" data-end=\"1260\">200Hz y 0.5ms GtG<\/strong> para m\u00e1xima fluidez y respuesta inmediata<\/p>\n<\/li>\n<li data-start=\"1305\" data-end=\"1374\">\n<p data-start=\"1307\" data-end=\"1374\">Compatible con <strong data-start=\"1322\" data-end=\"1339\">Adaptive Sync<\/strong> para eliminar cortes y desgarros<\/p>\n<\/li>\n<li data-start=\"1375\" data-end=\"1434\">\n<p data-start=\"1377\" data-end=\"1434\">Conectividad completa con <strong data-start=\"1403\" data-end=\"1422\">USB-C y HUB USB<\/strong> integrado<\/p>\n<\/li>\n<li data-start=\"1435\" data-end=\"1508\">\n<p data-start=\"1437\" data-end=\"1508\">Ajustes ergon\u00f3micos completos para mayor comodidad en largas sesiones<\/p>\n<\/li>\n<li data-start=\"1509\" data-end=\"1577\">\n<p data-start=\"1511\" data-end=\"1577\">Ideal para <strong data-start=\"1522\" data-end=\"1555\">gaming competitivo en eSports<\/strong> y multitarea fluida<\/p>\n<\/li>\n<\/ul>\n","protected":false},"excerpt":{"rendered":"<p>Monitor MSI MAG 27&#8243; 274F 200Hz El MSI MAG 274F es un monitor gamer de 27 pulgadas dise\u00f1ado para jugadores competitivos que buscan m\u00e1xima fluidez y precisi\u00f3n. Con su panel IPS de alta calidad, resoluci\u00f3n Full HD y frecuencia de actualizaci\u00f3n de 200Hz, ofrece im\u00e1genes n\u00edtidas, colores vibrantes y tiempos de respuesta ultrarr\u00e1pidos para una experiencia de juego inmersiva y sin interrupciones. Especificaciones T\u00e9cnicas Marca \/ Modelo: MSI MAG 274F Tama\u00f1o de pantalla: 27\u2019\u2019 Resoluci\u00f3n: Full HD 1920 \u00d7 1080 p\u00edxeles Panel: Rapid IPS Tasa de refresco: 200Hz Tiempo de respuesta: 0.5ms GtG Brillo: 300 nits Relaci\u00f3n de contraste: 1000:1 \u00c1ngulos de visi\u00f3n: 178\u00b0 (H\/V) Colores: 16.7M, 99% sRGB, 93% DCI-P3 Conectividad: 2 \u00d7 HDMI 2.0 1 \u00d7 DisplayPort 1.2a 1 \u00d7 USB-C (Display + Power Delivery 15W) 2 \u00d7 USB-A 3.2 1 \u00d7 Jack 3.5mm audio out Ajustes ergon\u00f3micos: Altura, giro, pivote e inclinaci\u00f3n Montaje: Compatible con soporte VESA 100 \u00d7 100 mm Caracter\u00edsticas destacadas Pantalla IPS de 27\u2019\u2019 FHD con gran precisi\u00f3n de color 200Hz y 0.5ms GtG para m\u00e1xima fluidez y respuesta inmediata Compatible con Adaptive Sync para eliminar cortes y desgarros Conectividad completa con USB-C y HUB USB integrado Ajustes ergon\u00f3micos completos para mayor comodidad en largas sesiones Ideal para gaming competitivo en eSports y multitarea fluida<\/p>\n","protected":false},"featured_media":16748,"template":"","meta":{"site-sidebar-layout":"default","site-content-layout":"","ast-site-content-layout":"default","site-content-style":"default","site-sidebar-style":"default","ast-global-header-display":"","ast-banner-title-visibility":"","ast-main-header-display":"","ast-hfb-above-header-display":"","ast-hfb-below-header-display":"","ast-hfb-mobile-header-display":"","site-post-title":"","ast-breadcrumbs-content":"","ast-featured-img":"","footer-sml-layout":"","theme-transparent-header-meta":"default","adv-header-id-meta":"","stick-header-meta":"","header-above-stick-meta":"","header-main-stick-meta":"","header-below-stick-meta":"","astra-migrate-meta-layouts":"set","ast-page-background-enabled":"default","ast-page-background-meta":{"desktop":{"background-color":"var(--ast-global-color-5)","background-image":"","background-repeat":"repeat","background-position":"center center","background-size":"auto","background-attachment":"scroll","background-type":"","background-media":"","overlay-type":"","overlay-color":"","overlay-opacity":"","overlay-gradient":""},"tablet":{"background-color":"","background-image":"","background-repeat":"repeat","background-position":"center center","background-size":"auto","background-attachment":"scroll","background-type":"","background-media":"","overlay-type":"","overlay-color":"","overlay-opacity":"","overlay-gradient":""},"mobile":{"background-color":"","background-image":"","background-repeat":"repeat","background-position":"center center","background-size":"auto","background-attachment":"scroll","background-type":"","background-media":"","overlay-type":"","overlay-color":"","overlay-opacity":"","overlay-gradient":""}},"ast-content-background-meta":{"desktop":{"background-color":"var(--ast-global-color-4)","background-image":"","background-repeat":"repeat","background-position":"center center","background-size":"auto","background-attachment":"scroll","background-type":"","background-media":"","overlay-type":"","overlay-color":"","overlay-opacity":"","overlay-gradient":""},"tablet":{"background-color":"var(--ast-global-color-4)","background-image":"","background-repeat":"repeat","background-position":"center center","background-size":"auto","background-attachment":"scroll","background-type":"","background-media":"","overlay-type":"","overlay-color":"","overlay-opacity":"","overlay-gradient":""},"mobile":{"background-color":"var(--ast-global-color-4)","background-image":"","background-repeat":"repeat","background-position":"center center","background-size":"auto","background-attachment":"scroll","background-type":"","background-media":"","overlay-type":"","overlay-color":"","overlay-opacity":"","overlay-gradient":""}},"_joinchat":[]},"product_brand":[],"product_cat":[70],"product_tag":[],"class_list":{"0":"post-16617","1":"product","2":"type-product","3":"status-publish","4":"has-post-thumbnail","6":"product_cat-monitores","7":"desktop-align-center","8":"tablet-align-left","9":"mobile-align-left","11":"first","12":"instock","13":"shipping-taxable","14":"purchasable","15":"product-type-simple"},"yoast_head":"<!-- This site is optimized with the Yoast SEO plugin v27.5 - https:\/\/yoast.com\/product\/yoast-seo-wordpress\/ -->\n<title>Monitor MSI MAG 27&quot; 274F 200Hz - UnitGames<\/title>\n<meta name=\"robots\" content=\"index, follow, max-snippet:-1, max-image-preview:large, max-video-preview:-1\" \/>\n<link rel=\"canonical\" href=\"https:\/\/unitgames.com.ar\/pc-gamer\/producto\/monitor-msi-mag-27-274f-200hz\/\" \/>\n<meta property=\"og:locale\" content=\"es_ES\" \/>\n<meta property=\"og:type\" content=\"article\" \/>\n<meta property=\"og:title\" content=\"Monitor MSI MAG 27&quot; 274F 200Hz - UnitGames\" \/>\n<meta property=\"og:description\" content=\"Monitor MSI MAG 27&#8243; 274F 200Hz El MSI MAG 274F es un monitor gamer de 27 pulgadas dise\u00f1ado para jugadores competitivos que buscan m\u00e1xima fluidez y precisi\u00f3n. Con su panel IPS de alta calidad, resoluci\u00f3n Full HD y frecuencia de actualizaci\u00f3n de 200Hz, ofrece im\u00e1genes n\u00edtidas, colores vibrantes y tiempos de respuesta ultrarr\u00e1pidos para una experiencia de juego inmersiva y sin interrupciones. Especificaciones T\u00e9cnicas Marca \/ Modelo: MSI MAG 274F Tama\u00f1o de pantalla: 27\u2019\u2019 Resoluci\u00f3n: Full HD 1920 \u00d7 1080 p\u00edxeles Panel: Rapid IPS Tasa de refresco: 200Hz Tiempo de respuesta: 0.5ms GtG Brillo: 300 nits Relaci\u00f3n de contraste: 1000:1 \u00c1ngulos de visi\u00f3n: 178\u00b0 (H\/V) Colores: 16.7M, 99% sRGB, 93% DCI-P3 Conectividad: 2 \u00d7 HDMI 2.0 1 \u00d7 DisplayPort 1.2a 1 \u00d7 USB-C (Display + Power Delivery 15W) 2 \u00d7 USB-A 3.2 1 \u00d7 Jack 3.5mm audio out Ajustes ergon\u00f3micos: Altura, giro, pivote e inclinaci\u00f3n Montaje: Compatible con soporte VESA 100 \u00d7 100 mm Caracter\u00edsticas destacadas Pantalla IPS de 27\u2019\u2019 FHD con gran precisi\u00f3n de color 200Hz y 0.5ms GtG para m\u00e1xima fluidez y respuesta inmediata Compatible con Adaptive Sync para eliminar cortes y desgarros Conectividad completa con USB-C y HUB USB integrado Ajustes ergon\u00f3micos completos para mayor comodidad en largas sesiones Ideal para gaming competitivo en eSports y multitarea fluida\" \/>\n<meta property=\"og:url\" content=\"https:\/\/unitgames.com.ar\/pc-gamer\/producto\/monitor-msi-mag-27-274f-200hz\/\" \/>\n<meta property=\"og:site_name\" content=\"UnitGames\" \/>\n<meta property=\"article:modified_time\" content=\"2026-02-27T20:05:07+00:00\" \/>\n<meta property=\"og:image\" content=\"https:\/\/unitgames.com.ar\/pc-gamer\/wp-content\/uploads\/2025\/08\/Monitor-MSI-MAG-27-274F-200Hz.png\" \/>\n\t<meta property=\"og:image:width\" content=\"1263\" \/>\n\t<meta property=\"og:image:height\" content=\"1285\" \/>\n\t<meta property=\"og:image:type\" content=\"image\/png\" \/>\n<meta name=\"twitter:card\" content=\"summary_large_image\" \/>\n<meta name=\"twitter:label1\" content=\"Tiempo de lectura\" \/>\n\t<meta name=\"twitter:data1\" content=\"2 minutos\" \/>\n<script type=\"application\/ld+json\" class=\"yoast-schema-graph\">{\"@context\":\"https:\\\/\\\/schema.org\",\"@graph\":[{\"@type\":\"WebPage\",\"@id\":\"https:\\\/\\\/unitgames.com.ar\\\/pc-gamer\\\/producto\\\/monitor-msi-mag-27-274f-200hz\\\/\",\"url\":\"https:\\\/\\\/unitgames.com.ar\\\/pc-gamer\\\/producto\\\/monitor-msi-mag-27-274f-200hz\\\/\",\"name\":\"Monitor MSI MAG 27\\\" 274F 200Hz - UnitGames\",\"isPartOf\":{\"@id\":\"https:\\\/\\\/unitgames.com.ar\\\/pc-gamer\\\/#website\"},\"primaryImageOfPage\":{\"@id\":\"https:\\\/\\\/unitgames.com.ar\\\/pc-gamer\\\/producto\\\/monitor-msi-mag-27-274f-200hz\\\/#primaryimage\"},\"image\":{\"@id\":\"https:\\\/\\\/unitgames.com.ar\\\/pc-gamer\\\/producto\\\/monitor-msi-mag-27-274f-200hz\\\/#primaryimage\"},\"thumbnailUrl\":\"https:\\\/\\\/unitgames.com.ar\\\/pc-gamer\\\/wp-content\\\/uploads\\\/2025\\\/08\\\/Monitor-MSI-MAG-27-274F-200Hz.png\",\"datePublished\":\"2025-08-13T03:09:31+00:00\",\"dateModified\":\"2026-02-27T20:05:07+00:00\",\"breadcrumb\":{\"@id\":\"https:\\\/\\\/unitgames.com.ar\\\/pc-gamer\\\/producto\\\/monitor-msi-mag-27-274f-200hz\\\/#breadcrumb\"},\"inLanguage\":\"es\",\"potentialAction\":[{\"@type\":\"ReadAction\",\"target\":[\"https:\\\/\\\/unitgames.com.ar\\\/pc-gamer\\\/producto\\\/monitor-msi-mag-27-274f-200hz\\\/\"]}]},{\"@type\":\"ImageObject\",\"inLanguage\":\"es\",\"@id\":\"https:\\\/\\\/unitgames.com.ar\\\/pc-gamer\\\/producto\\\/monitor-msi-mag-27-274f-200hz\\\/#primaryimage\",\"url\":\"https:\\\/\\\/unitgames.com.ar\\\/pc-gamer\\\/wp-content\\\/uploads\\\/2025\\\/08\\\/Monitor-MSI-MAG-27-274F-200Hz.png\",\"contentUrl\":\"https:\\\/\\\/unitgames.com.ar\\\/pc-gamer\\\/wp-content\\\/uploads\\\/2025\\\/08\\\/Monitor-MSI-MAG-27-274F-200Hz.png\",\"width\":1263,\"height\":1285},{\"@type\":\"BreadcrumbList\",\"@id\":\"https:\\\/\\\/unitgames.com.ar\\\/pc-gamer\\\/producto\\\/monitor-msi-mag-27-274f-200hz\\\/#breadcrumb\",\"itemListElement\":[{\"@type\":\"ListItem\",\"position\":1,\"name\":\"Tienda\",\"item\":\"https:\\\/\\\/unitgames.com.ar\\\/pc-gamer\\\/tienda\\\/\"},{\"@type\":\"ListItem\",\"position\":2,\"name\":\"Monitor MSI MAG 27&#8243; 274F 200Hz\"}]},{\"@type\":\"WebSite\",\"@id\":\"https:\\\/\\\/unitgames.com.ar\\\/pc-gamer\\\/#website\",\"url\":\"https:\\\/\\\/unitgames.com.ar\\\/pc-gamer\\\/\",\"name\":\"UnitGames\",\"description\":\"Venta de PC Gamers, Consolas , Servicio Tecnico Especializado. Todos en Accesorios Informaticos y Gamers\",\"publisher\":{\"@id\":\"https:\\\/\\\/unitgames.com.ar\\\/pc-gamer\\\/#organization\"},\"potentialAction\":[{\"@type\":\"SearchAction\",\"target\":{\"@type\":\"EntryPoint\",\"urlTemplate\":\"https:\\\/\\\/unitgames.com.ar\\\/pc-gamer\\\/?s={search_term_string}\"},\"query-input\":{\"@type\":\"PropertyValueSpecification\",\"valueRequired\":true,\"valueName\":\"search_term_string\"}}],\"inLanguage\":\"es\"},{\"@type\":\"Organization\",\"@id\":\"https:\\\/\\\/unitgames.com.ar\\\/pc-gamer\\\/#organization\",\"name\":\"UnitGames\",\"url\":\"https:\\\/\\\/unitgames.com.ar\\\/pc-gamer\\\/\",\"logo\":{\"@type\":\"ImageObject\",\"inLanguage\":\"es\",\"@id\":\"https:\\\/\\\/unitgames.com.ar\\\/pc-gamer\\\/#\\\/schema\\\/logo\\\/image\\\/\",\"url\":\"https:\\\/\\\/unitgames.com.ar\\\/pc-gamer\\\/wp-content\\\/uploads\\\/2021\\\/01\\\/cropped-logoUnitGames2.png\",\"contentUrl\":\"https:\\\/\\\/unitgames.com.ar\\\/pc-gamer\\\/wp-content\\\/uploads\\\/2021\\\/01\\\/cropped-logoUnitGames2.png\",\"width\":152,\"height\":200,\"caption\":\"UnitGames\"},\"image\":{\"@id\":\"https:\\\/\\\/unitgames.com.ar\\\/pc-gamer\\\/#\\\/schema\\\/logo\\\/image\\\/\"}}]}<\/script>\n<!-- \/ Yoast SEO plugin. -->","yoast_head_json":{"title":"Monitor MSI MAG 27\" 274F 200Hz - UnitGames","robots":{"index":"index","follow":"follow","max-snippet":"max-snippet:-1","max-image-preview":"max-image-preview:large","max-video-preview":"max-video-preview:-1"},"canonical":"https:\/\/unitgames.com.ar\/pc-gamer\/producto\/monitor-msi-mag-27-274f-200hz\/","og_locale":"es_ES","og_type":"article","og_title":"Monitor MSI MAG 27\" 274F 200Hz - UnitGames","og_description":"Monitor MSI MAG 27&#8243; 274F 200Hz El MSI MAG 274F es un monitor gamer de 27 pulgadas dise\u00f1ado para jugadores competitivos que buscan m\u00e1xima fluidez y precisi\u00f3n. Con su panel IPS de alta calidad, resoluci\u00f3n Full HD y frecuencia de actualizaci\u00f3n de 200Hz, ofrece im\u00e1genes n\u00edtidas, colores vibrantes y tiempos de respuesta ultrarr\u00e1pidos para una experiencia de juego inmersiva y sin interrupciones. Especificaciones T\u00e9cnicas Marca \/ Modelo: MSI MAG 274F Tama\u00f1o de pantalla: 27\u2019\u2019 Resoluci\u00f3n: Full HD 1920 \u00d7 1080 p\u00edxeles Panel: Rapid IPS Tasa de refresco: 200Hz Tiempo de respuesta: 0.5ms GtG Brillo: 300 nits Relaci\u00f3n de contraste: 1000:1 \u00c1ngulos de visi\u00f3n: 178\u00b0 (H\/V) Colores: 16.7M, 99% sRGB, 93% DCI-P3 Conectividad: 2 \u00d7 HDMI 2.0 1 \u00d7 DisplayPort 1.2a 1 \u00d7 USB-C (Display + Power Delivery 15W) 2 \u00d7 USB-A 3.2 1 \u00d7 Jack 3.5mm audio out Ajustes ergon\u00f3micos: Altura, giro, pivote e inclinaci\u00f3n Montaje: Compatible con soporte VESA 100 \u00d7 100 mm Caracter\u00edsticas destacadas Pantalla IPS de 27\u2019\u2019 FHD con gran precisi\u00f3n de color 200Hz y 0.5ms GtG para m\u00e1xima fluidez y respuesta inmediata Compatible con Adaptive Sync para eliminar cortes y desgarros Conectividad completa con USB-C y HUB USB integrado Ajustes ergon\u00f3micos completos para mayor comodidad en largas sesiones Ideal para gaming competitivo en eSports y multitarea fluida","og_url":"https:\/\/unitgames.com.ar\/pc-gamer\/producto\/monitor-msi-mag-27-274f-200hz\/","og_site_name":"UnitGames","article_modified_time":"2026-02-27T20:05:07+00:00","og_image":[{"width":1263,"height":1285,"url":"https:\/\/unitgames.com.ar\/pc-gamer\/wp-content\/uploads\/2025\/08\/Monitor-MSI-MAG-27-274F-200Hz.png","type":"image\/png"}],"twitter_card":"summary_large_image","twitter_misc":{"Tiempo de lectura":"2 minutos"},"schema":{"@context":"https:\/\/schema.org","@graph":[{"@type":"WebPage","@id":"https:\/\/unitgames.com.ar\/pc-gamer\/producto\/monitor-msi-mag-27-274f-200hz\/","url":"https:\/\/unitgames.com.ar\/pc-gamer\/producto\/monitor-msi-mag-27-274f-200hz\/","name":"Monitor MSI MAG 27\" 274F 200Hz - UnitGames","isPartOf":{"@id":"https:\/\/unitgames.com.ar\/pc-gamer\/#website"},"primaryImageOfPage":{"@id":"https:\/\/unitgames.com.ar\/pc-gamer\/producto\/monitor-msi-mag-27-274f-200hz\/#primaryimage"},"image":{"@id":"https:\/\/unitgames.com.ar\/pc-gamer\/producto\/monitor-msi-mag-27-274f-200hz\/#primaryimage"},"thumbnailUrl":"https:\/\/unitgames.com.ar\/pc-gamer\/wp-content\/uploads\/2025\/08\/Monitor-MSI-MAG-27-274F-200Hz.png","datePublished":"2025-08-13T03:09:31+00:00","dateModified":"2026-02-27T20:05:07+00:00","breadcrumb":{"@id":"https:\/\/unitgames.com.ar\/pc-gamer\/producto\/monitor-msi-mag-27-274f-200hz\/#breadcrumb"},"inLanguage":"es","potentialAction":[{"@type":"ReadAction","target":["https:\/\/unitgames.com.ar\/pc-gamer\/producto\/monitor-msi-mag-27-274f-200hz\/"]}]},{"@type":"ImageObject","inLanguage":"es","@id":"https:\/\/unitgames.com.ar\/pc-gamer\/producto\/monitor-msi-mag-27-274f-200hz\/#primaryimage","url":"https:\/\/unitgames.com.ar\/pc-gamer\/wp-content\/uploads\/2025\/08\/Monitor-MSI-MAG-27-274F-200Hz.png","contentUrl":"https:\/\/unitgames.com.ar\/pc-gamer\/wp-content\/uploads\/2025\/08\/Monitor-MSI-MAG-27-274F-200Hz.png","width":1263,"height":1285},{"@type":"BreadcrumbList","@id":"https:\/\/unitgames.com.ar\/pc-gamer\/producto\/monitor-msi-mag-27-274f-200hz\/#breadcrumb","itemListElement":[{"@type":"ListItem","position":1,"name":"Tienda","item":"https:\/\/unitgames.com.ar\/pc-gamer\/tienda\/"},{"@type":"ListItem","position":2,"name":"Monitor MSI MAG 27&#8243; 274F 200Hz"}]},{"@type":"WebSite","@id":"https:\/\/unitgames.com.ar\/pc-gamer\/#website","url":"https:\/\/unitgames.com.ar\/pc-gamer\/","name":"UnitGames","description":"Venta de PC Gamers, Consolas , Servicio Tecnico Especializado. Todos en Accesorios Informaticos y Gamers","publisher":{"@id":"https:\/\/unitgames.com.ar\/pc-gamer\/#organization"},"potentialAction":[{"@type":"SearchAction","target":{"@type":"EntryPoint","urlTemplate":"https:\/\/unitgames.com.ar\/pc-gamer\/?s={search_term_string}"},"query-input":{"@type":"PropertyValueSpecification","valueRequired":true,"valueName":"search_term_string"}}],"inLanguage":"es"},{"@type":"Organization","@id":"https:\/\/unitgames.com.ar\/pc-gamer\/#organization","name":"UnitGames","url":"https:\/\/unitgames.com.ar\/pc-gamer\/","logo":{"@type":"ImageObject","inLanguage":"es","@id":"https:\/\/unitgames.com.ar\/pc-gamer\/#\/schema\/logo\/image\/","url":"https:\/\/unitgames.com.ar\/pc-gamer\/wp-content\/uploads\/2021\/01\/cropped-logoUnitGames2.png","contentUrl":"https:\/\/unitgames.com.ar\/pc-gamer\/wp-content\/uploads\/2021\/01\/cropped-logoUnitGames2.png","width":152,"height":200,"caption":"UnitGames"},"image":{"@id":"https:\/\/unitgames.com.ar\/pc-gamer\/#\/schema\/logo\/image\/"}}]}},"_links":{"self":[{"href":"https:\/\/unitgames.com.ar\/pc-gamer\/wp-json\/wp\/v2\/product\/16617","targetHints":{"allow":["GET"]}}],"collection":[{"href":"https:\/\/unitgames.com.ar\/pc-gamer\/wp-json\/wp\/v2\/product"}],"about":[{"href":"https:\/\/unitgames.com.ar\/pc-gamer\/wp-json\/wp\/v2\/types\/product"}],"version-history":[{"count":0,"href":"https:\/\/unitgames.com.ar\/pc-gamer\/wp-json\/wp\/v2\/product\/16617\/revisions"}],"wp:featuredmedia":[{"embeddable":true,"href":"https:\/\/unitgames.com.ar\/pc-gamer\/wp-json\/wp\/v2\/media\/16748"}],"wp:attachment":[{"href":"https:\/\/unitgames.com.ar\/pc-gamer\/wp-json\/wp\/v2\/media?parent=16617"}],"wp:term":[{"taxonomy":"product_brand","embeddable":true,"href":"https:\/\/unitgames.com.ar\/pc-gamer\/wp-json\/wp\/v2\/product_brand?post=16617"},{"taxonomy":"product_cat","embeddable":true,"href":"https:\/\/unitgames.com.ar\/pc-gamer\/wp-json\/wp\/v2\/product_cat?post=16617"},{"taxonomy":"product_tag","embeddable":true,"href":"https:\/\/unitgames.com.ar\/pc-gamer\/wp-json\/wp\/v2\/product_tag?post=16617"}],"curies":[{"name":"wp","href":"https:\/\/api.w.org\/{rel}","templated":true}]}}