{"id":16624,"date":"2025-08-13T00:17:04","date_gmt":"2025-08-13T03:17:04","guid":{"rendered":"https:\/\/unitgames.com.ar\/pc-gamer\/?post_type=product&#038;p=16624"},"modified":"2026-03-21T14:44:17","modified_gmt":"2026-03-21T17:44:17","slug":"monitor-gigabyte-27-gs27qca-qhd-180hz-curvo","status":"publish","type":"product","link":"https:\/\/unitgames.com.ar\/pc-gamer\/producto\/monitor-gigabyte-27-gs27qca-qhd-180hz-curvo\/","title":{"rendered":"Monitor GIGABYTE 27\u00b4\u00b4 GS27QCA QHD 180Hz Curvo"},"content":{"rendered":"<p data-start=\"107\" data-end=\"162\"><strong data-start=\"111\" data-end=\"160\">Monitor GIGABYTE 27\u00bb GS27QCA QHD 180Hz Curvo<\/strong><\/p>\n<p data-start=\"164\" data-end=\"485\">El monitor GIGABYTE GS27QCA de 27\u2019\u2019 ofrece una experiencia de juego inmersiva gracias a su <strong data-start=\"255\" data-end=\"277\">pantalla curva QHD<\/strong> y frecuencia de actualizaci\u00f3n de <strong data-start=\"311\" data-end=\"320\">180Hz<\/strong>. Dise\u00f1ado para gamers competitivos, combina alta resoluci\u00f3n, fluidez extrema y tecnolog\u00edas que mejoran la calidad visual y la comodidad en largas sesiones de uso.<\/p>\n<hr data-start=\"487\" data-end=\"490\" \/>\n<p data-start=\"492\" data-end=\"526\"><strong data-start=\"495\" data-end=\"524\">Especificaciones T\u00e9cnicas<\/strong><\/p>\n<ul data-start=\"528\" data-end=\"1069\">\n<li data-start=\"528\" data-end=\"564\">\n<p data-start=\"530\" data-end=\"564\">Marca \/ Modelo: GIGABYTE GS27QCA<\/p>\n<\/li>\n<li data-start=\"565\" data-end=\"599\">\n<p data-start=\"567\" data-end=\"599\">Tama\u00f1o de pantalla: 27\u2019\u2019 curvo<\/p>\n<\/li>\n<li data-start=\"600\" data-end=\"620\">\n<p data-start=\"602\" data-end=\"620\">Curvatura: 1500R<\/p>\n<\/li>\n<li data-start=\"621\" data-end=\"660\">\n<p data-start=\"623\" data-end=\"660\">Resoluci\u00f3n: QHD 2560 \u00d7 1440 p\u00edxeles<\/p>\n<\/li>\n<li data-start=\"661\" data-end=\"674\">\n<p data-start=\"663\" data-end=\"674\">Panel: VA<\/p>\n<\/li>\n<li data-start=\"675\" data-end=\"702\">\n<p data-start=\"677\" data-end=\"702\">Tasa de refresco: 180Hz<\/p>\n<\/li>\n<li data-start=\"703\" data-end=\"736\">\n<p data-start=\"705\" data-end=\"736\">Tiempo de respuesta: 1ms MPRT<\/p>\n<\/li>\n<li data-start=\"737\" data-end=\"758\">\n<p data-start=\"739\" data-end=\"758\">Brillo: 250 cd\/m\u00b2<\/p>\n<\/li>\n<li data-start=\"759\" data-end=\"792\">\n<p data-start=\"761\" data-end=\"792\">Relaci\u00f3n de contraste: 4000:1<\/p>\n<\/li>\n<li data-start=\"793\" data-end=\"833\">\n<p data-start=\"795\" data-end=\"833\">\u00c1ngulos de visi\u00f3n: 178\u00b0(H) \/ 178\u00b0(V)<\/p>\n<\/li>\n<li data-start=\"834\" data-end=\"875\">\n<p data-start=\"836\" data-end=\"875\">Colores: 16.7M, 90% DCI-P3, 120% sRGB<\/p>\n<\/li>\n<li data-start=\"876\" data-end=\"969\">\n<p data-start=\"878\" data-end=\"893\">Conectividad:<\/p>\n<ul data-start=\"896\" data-end=\"969\">\n<li data-start=\"896\" data-end=\"912\">\n<p data-start=\"898\" data-end=\"912\">2 \u00d7 HDMI 2.0<\/p>\n<\/li>\n<li data-start=\"915\" data-end=\"938\">\n<p data-start=\"917\" data-end=\"938\">1 \u00d7 DisplayPort 1.4<\/p>\n<\/li>\n<li data-start=\"941\" data-end=\"969\">\n<p data-start=\"943\" data-end=\"969\">1 \u00d7 Jack 3.5mm audio out<\/p>\n<\/li>\n<\/ul>\n<\/li>\n<li data-start=\"970\" data-end=\"1023\">\n<p data-start=\"972\" data-end=\"1023\">Montaje: Compatible con soporte VESA 100 \u00d7 100 mm<\/p>\n<\/li>\n<li data-start=\"1024\" data-end=\"1069\">\n<p data-start=\"1026\" data-end=\"1069\">Ajustes ergon\u00f3micos: Inclinaci\u00f3n -5\u00b0~+20\u00b0<\/p>\n<\/li>\n<\/ul>\n<hr data-start=\"1071\" data-end=\"1074\" \/>\n<p data-start=\"1076\" data-end=\"1110\"><strong data-start=\"1078\" data-end=\"1108\">Caracter\u00edsticas destacadas<\/strong><\/p>\n<ul data-start=\"1112\" data-end=\"1524\">\n<li data-start=\"1112\" data-end=\"1167\">\n<p data-start=\"1114\" data-end=\"1167\">Pantalla <strong data-start=\"1123\" data-end=\"1144\">curva de 27\u2019\u2019 QHD<\/strong> para mayor inmersi\u00f3n<\/p>\n<\/li>\n<li data-start=\"1168\" data-end=\"1238\">\n<p data-start=\"1170\" data-end=\"1238\"><strong data-start=\"1170\" data-end=\"1185\">180Hz y 1ms<\/strong>: m\u00e1xima fluidez y respuesta en juegos competitivos<\/p>\n<\/li>\n<li data-start=\"1239\" data-end=\"1321\">\n<p data-start=\"1241\" data-end=\"1321\">Tecnolog\u00eda <strong data-start=\"1252\" data-end=\"1276\">AMD FreeSync Premium<\/strong> para eliminar cortes y desgarros de imagen<\/p>\n<\/li>\n<li data-start=\"1322\" data-end=\"1387\">\n<p data-start=\"1324\" data-end=\"1387\">Amplia gama de colores con 90% DCI-P3 para im\u00e1genes vibrantes<\/p>\n<\/li>\n<li data-start=\"1388\" data-end=\"1445\">\n<p data-start=\"1390\" data-end=\"1445\">Dise\u00f1o gamer con conectividad completa y soporte VESA<\/p>\n<\/li>\n<li data-start=\"1446\" data-end=\"1524\">\n<p data-start=\"1448\" data-end=\"1524\">Ideal para gaming competitivo y experiencias inmersivas en alta resoluci\u00f3n<\/p>\n<\/li>\n<\/ul>\n","protected":false},"excerpt":{"rendered":"<p>Monitor GIGABYTE 27\u00bb GS27QCA QHD 180Hz Curvo El monitor GIGABYTE GS27QCA de 27\u2019\u2019 ofrece una experiencia de juego inmersiva gracias a su pantalla curva QHD y frecuencia de actualizaci\u00f3n de 180Hz. Dise\u00f1ado para gamers competitivos, combina alta resoluci\u00f3n, fluidez extrema y tecnolog\u00edas que mejoran la calidad visual y la comodidad en largas sesiones de uso. Especificaciones T\u00e9cnicas Marca \/ Modelo: GIGABYTE GS27QCA Tama\u00f1o de pantalla: 27\u2019\u2019 curvo Curvatura: 1500R Resoluci\u00f3n: QHD 2560 \u00d7 1440 p\u00edxeles Panel: VA Tasa de refresco: 180Hz Tiempo de respuesta: 1ms MPRT Brillo: 250 cd\/m\u00b2 Relaci\u00f3n de contraste: 4000:1 \u00c1ngulos de visi\u00f3n: 178\u00b0(H) \/ 178\u00b0(V) Colores: 16.7M, 90% DCI-P3, 120% sRGB Conectividad: 2 \u00d7 HDMI 2.0 1 \u00d7 DisplayPort 1.4 1 \u00d7 Jack 3.5mm audio out Montaje: Compatible con soporte VESA 100 \u00d7 100 mm Ajustes ergon\u00f3micos: Inclinaci\u00f3n -5\u00b0~+20\u00b0 Caracter\u00edsticas destacadas Pantalla curva de 27\u2019\u2019 QHD para mayor inmersi\u00f3n 180Hz y 1ms: m\u00e1xima fluidez y respuesta en juegos competitivos Tecnolog\u00eda AMD FreeSync Premium para eliminar cortes y desgarros de imagen Amplia gama de colores con 90% DCI-P3 para im\u00e1genes vibrantes Dise\u00f1o gamer con conectividad completa y soporte VESA Ideal para gaming competitivo y experiencias inmersivas en alta resoluci\u00f3n<\/p>\n","protected":false},"featured_media":16741,"template":"","meta":{"site-sidebar-layout":"default","site-content-layout":"","ast-site-content-layout":"default","site-content-style":"default","site-sidebar-style":"default","ast-global-header-display":"","ast-banner-title-visibility":"","ast-main-header-display":"","ast-hfb-above-header-display":"","ast-hfb-below-header-display":"","ast-hfb-mobile-header-display":"","site-post-title":"","ast-breadcrumbs-content":"","ast-featured-img":"","footer-sml-layout":"","theme-transparent-header-meta":"default","adv-header-id-meta":"","stick-header-meta":"","header-above-stick-meta":"","header-main-stick-meta":"","header-below-stick-meta":"","astra-migrate-meta-layouts":"set","ast-page-background-enabled":"default","ast-page-background-meta":{"desktop":{"background-color":"var(--ast-global-color-5)","background-image":"","background-repeat":"repeat","background-position":"center center","background-size":"auto","background-attachment":"scroll","background-type":"","background-media":"","overlay-type":"","overlay-color":"","overlay-opacity":"","overlay-gradient":""},"tablet":{"background-color":"","background-image":"","background-repeat":"repeat","background-position":"center center","background-size":"auto","background-attachment":"scroll","background-type":"","background-media":"","overlay-type":"","overlay-color":"","overlay-opacity":"","overlay-gradient":""},"mobile":{"background-color":"","background-image":"","background-repeat":"repeat","background-position":"center center","background-size":"auto","background-attachment":"scroll","background-type":"","background-media":"","overlay-type":"","overlay-color":"","overlay-opacity":"","overlay-gradient":""}},"ast-content-background-meta":{"desktop":{"background-color":"var(--ast-global-color-4)","background-image":"","background-repeat":"repeat","background-position":"center center","background-size":"auto","background-attachment":"scroll","background-type":"","background-media":"","overlay-type":"","overlay-color":"","overlay-opacity":"","overlay-gradient":""},"tablet":{"background-color":"var(--ast-global-color-4)","background-image":"","background-repeat":"repeat","background-position":"center center","background-size":"auto","background-attachment":"scroll","background-type":"","background-media":"","overlay-type":"","overlay-color":"","overlay-opacity":"","overlay-gradient":""},"mobile":{"background-color":"var(--ast-global-color-4)","background-image":"","background-repeat":"repeat","background-position":"center center","background-size":"auto","background-attachment":"scroll","background-type":"","background-media":"","overlay-type":"","overlay-color":"","overlay-opacity":"","overlay-gradient":""}},"_joinchat":[]},"product_brand":[],"product_cat":[70],"product_tag":[],"class_list":{"0":"post-16624","1":"product","2":"type-product","3":"status-publish","4":"has-post-thumbnail","6":"product_cat-monitores","7":"desktop-align-center","8":"tablet-align-left","9":"mobile-align-left","11":"first","12":"instock","13":"shipping-taxable","14":"purchasable","15":"product-type-simple"},"yoast_head":"<!-- This site is optimized with the Yoast SEO plugin v27.5 - https:\/\/yoast.com\/product\/yoast-seo-wordpress\/ -->\n<title>Monitor GIGABYTE 27\u00b4\u00b4 GS27QCA QHD 180Hz Curvo - UnitGames<\/title>\n<meta name=\"robots\" content=\"index, follow, max-snippet:-1, max-image-preview:large, max-video-preview:-1\" \/>\n<link rel=\"canonical\" href=\"https:\/\/unitgames.com.ar\/pc-gamer\/producto\/monitor-gigabyte-27-gs27qca-qhd-180hz-curvo\/\" \/>\n<meta property=\"og:locale\" content=\"es_ES\" \/>\n<meta property=\"og:type\" content=\"article\" \/>\n<meta property=\"og:title\" content=\"Monitor GIGABYTE 27\u00b4\u00b4 GS27QCA QHD 180Hz Curvo - UnitGames\" \/>\n<meta property=\"og:description\" content=\"Monitor GIGABYTE 27\u00bb GS27QCA QHD 180Hz Curvo El monitor GIGABYTE GS27QCA de 27\u2019\u2019 ofrece una experiencia de juego inmersiva gracias a su pantalla curva QHD y frecuencia de actualizaci\u00f3n de 180Hz. Dise\u00f1ado para gamers competitivos, combina alta resoluci\u00f3n, fluidez extrema y tecnolog\u00edas que mejoran la calidad visual y la comodidad en largas sesiones de uso. Especificaciones T\u00e9cnicas Marca \/ Modelo: GIGABYTE GS27QCA Tama\u00f1o de pantalla: 27\u2019\u2019 curvo Curvatura: 1500R Resoluci\u00f3n: QHD 2560 \u00d7 1440 p\u00edxeles Panel: VA Tasa de refresco: 180Hz Tiempo de respuesta: 1ms MPRT Brillo: 250 cd\/m\u00b2 Relaci\u00f3n de contraste: 4000:1 \u00c1ngulos de visi\u00f3n: 178\u00b0(H) \/ 178\u00b0(V) Colores: 16.7M, 90% DCI-P3, 120% sRGB Conectividad: 2 \u00d7 HDMI 2.0 1 \u00d7 DisplayPort 1.4 1 \u00d7 Jack 3.5mm audio out Montaje: Compatible con soporte VESA 100 \u00d7 100 mm Ajustes ergon\u00f3micos: Inclinaci\u00f3n -5\u00b0~+20\u00b0 Caracter\u00edsticas destacadas Pantalla curva de 27\u2019\u2019 QHD para mayor inmersi\u00f3n 180Hz y 1ms: m\u00e1xima fluidez y respuesta en juegos competitivos Tecnolog\u00eda AMD FreeSync Premium para eliminar cortes y desgarros de imagen Amplia gama de colores con 90% DCI-P3 para im\u00e1genes vibrantes Dise\u00f1o gamer con conectividad completa y soporte VESA Ideal para gaming competitivo y experiencias inmersivas en alta resoluci\u00f3n\" \/>\n<meta property=\"og:url\" content=\"https:\/\/unitgames.com.ar\/pc-gamer\/producto\/monitor-gigabyte-27-gs27qca-qhd-180hz-curvo\/\" \/>\n<meta property=\"og:site_name\" content=\"UnitGames\" \/>\n<meta property=\"article:modified_time\" content=\"2026-03-21T17:44:17+00:00\" \/>\n<meta property=\"og:image\" content=\"https:\/\/unitgames.com.ar\/pc-gamer\/wp-content\/uploads\/2025\/08\/Monitor-GIGABYTE-27\u00b4\u00b4-GS27QCA-QHD-180Hz-Curvo.png\" \/>\n\t<meta property=\"og:image:width\" content=\"1282\" \/>\n\t<meta property=\"og:image:height\" content=\"1285\" \/>\n\t<meta property=\"og:image:type\" content=\"image\/png\" \/>\n<meta name=\"twitter:card\" content=\"summary_large_image\" \/>\n<meta name=\"twitter:label1\" content=\"Tiempo de lectura\" \/>\n\t<meta name=\"twitter:data1\" content=\"2 minutos\" \/>\n<script type=\"application\/ld+json\" class=\"yoast-schema-graph\">{\"@context\":\"https:\\\/\\\/schema.org\",\"@graph\":[{\"@type\":\"WebPage\",\"@id\":\"https:\\\/\\\/unitgames.com.ar\\\/pc-gamer\\\/producto\\\/monitor-gigabyte-27-gs27qca-qhd-180hz-curvo\\\/\",\"url\":\"https:\\\/\\\/unitgames.com.ar\\\/pc-gamer\\\/producto\\\/monitor-gigabyte-27-gs27qca-qhd-180hz-curvo\\\/\",\"name\":\"Monitor GIGABYTE 27\u00b4\u00b4 GS27QCA QHD 180Hz Curvo - UnitGames\",\"isPartOf\":{\"@id\":\"https:\\\/\\\/unitgames.com.ar\\\/pc-gamer\\\/#website\"},\"primaryImageOfPage\":{\"@id\":\"https:\\\/\\\/unitgames.com.ar\\\/pc-gamer\\\/producto\\\/monitor-gigabyte-27-gs27qca-qhd-180hz-curvo\\\/#primaryimage\"},\"image\":{\"@id\":\"https:\\\/\\\/unitgames.com.ar\\\/pc-gamer\\\/producto\\\/monitor-gigabyte-27-gs27qca-qhd-180hz-curvo\\\/#primaryimage\"},\"thumbnailUrl\":\"https:\\\/\\\/unitgames.com.ar\\\/pc-gamer\\\/wp-content\\\/uploads\\\/2025\\\/08\\\/Monitor-GIGABYTE-27\u00b4\u00b4-GS27QCA-QHD-180Hz-Curvo.png\",\"datePublished\":\"2025-08-13T03:17:04+00:00\",\"dateModified\":\"2026-03-21T17:44:17+00:00\",\"breadcrumb\":{\"@id\":\"https:\\\/\\\/unitgames.com.ar\\\/pc-gamer\\\/producto\\\/monitor-gigabyte-27-gs27qca-qhd-180hz-curvo\\\/#breadcrumb\"},\"inLanguage\":\"es\",\"potentialAction\":[{\"@type\":\"ReadAction\",\"target\":[\"https:\\\/\\\/unitgames.com.ar\\\/pc-gamer\\\/producto\\\/monitor-gigabyte-27-gs27qca-qhd-180hz-curvo\\\/\"]}]},{\"@type\":\"ImageObject\",\"inLanguage\":\"es\",\"@id\":\"https:\\\/\\\/unitgames.com.ar\\\/pc-gamer\\\/producto\\\/monitor-gigabyte-27-gs27qca-qhd-180hz-curvo\\\/#primaryimage\",\"url\":\"https:\\\/\\\/unitgames.com.ar\\\/pc-gamer\\\/wp-content\\\/uploads\\\/2025\\\/08\\\/Monitor-GIGABYTE-27\u00b4\u00b4-GS27QCA-QHD-180Hz-Curvo.png\",\"contentUrl\":\"https:\\\/\\\/unitgames.com.ar\\\/pc-gamer\\\/wp-content\\\/uploads\\\/2025\\\/08\\\/Monitor-GIGABYTE-27\u00b4\u00b4-GS27QCA-QHD-180Hz-Curvo.png\",\"width\":1282,\"height\":1285},{\"@type\":\"BreadcrumbList\",\"@id\":\"https:\\\/\\\/unitgames.com.ar\\\/pc-gamer\\\/producto\\\/monitor-gigabyte-27-gs27qca-qhd-180hz-curvo\\\/#breadcrumb\",\"itemListElement\":[{\"@type\":\"ListItem\",\"position\":1,\"name\":\"Tienda\",\"item\":\"https:\\\/\\\/unitgames.com.ar\\\/pc-gamer\\\/tienda\\\/\"},{\"@type\":\"ListItem\",\"position\":2,\"name\":\"Monitor GIGABYTE 27\u00b4\u00b4 GS27QCA QHD 180Hz Curvo\"}]},{\"@type\":\"WebSite\",\"@id\":\"https:\\\/\\\/unitgames.com.ar\\\/pc-gamer\\\/#website\",\"url\":\"https:\\\/\\\/unitgames.com.ar\\\/pc-gamer\\\/\",\"name\":\"UnitGames\",\"description\":\"Venta de PC Gamers, Consolas , Servicio Tecnico Especializado. Todos en Accesorios Informaticos y Gamers\",\"publisher\":{\"@id\":\"https:\\\/\\\/unitgames.com.ar\\\/pc-gamer\\\/#organization\"},\"potentialAction\":[{\"@type\":\"SearchAction\",\"target\":{\"@type\":\"EntryPoint\",\"urlTemplate\":\"https:\\\/\\\/unitgames.com.ar\\\/pc-gamer\\\/?s={search_term_string}\"},\"query-input\":{\"@type\":\"PropertyValueSpecification\",\"valueRequired\":true,\"valueName\":\"search_term_string\"}}],\"inLanguage\":\"es\"},{\"@type\":\"Organization\",\"@id\":\"https:\\\/\\\/unitgames.com.ar\\\/pc-gamer\\\/#organization\",\"name\":\"UnitGames\",\"url\":\"https:\\\/\\\/unitgames.com.ar\\\/pc-gamer\\\/\",\"logo\":{\"@type\":\"ImageObject\",\"inLanguage\":\"es\",\"@id\":\"https:\\\/\\\/unitgames.com.ar\\\/pc-gamer\\\/#\\\/schema\\\/logo\\\/image\\\/\",\"url\":\"https:\\\/\\\/unitgames.com.ar\\\/pc-gamer\\\/wp-content\\\/uploads\\\/2021\\\/01\\\/cropped-logoUnitGames2.png\",\"contentUrl\":\"https:\\\/\\\/unitgames.com.ar\\\/pc-gamer\\\/wp-content\\\/uploads\\\/2021\\\/01\\\/cropped-logoUnitGames2.png\",\"width\":152,\"height\":200,\"caption\":\"UnitGames\"},\"image\":{\"@id\":\"https:\\\/\\\/unitgames.com.ar\\\/pc-gamer\\\/#\\\/schema\\\/logo\\\/image\\\/\"}}]}<\/script>\n<!-- \/ Yoast SEO plugin. -->","yoast_head_json":{"title":"Monitor GIGABYTE 27\u00b4\u00b4 GS27QCA QHD 180Hz Curvo - UnitGames","robots":{"index":"index","follow":"follow","max-snippet":"max-snippet:-1","max-image-preview":"max-image-preview:large","max-video-preview":"max-video-preview:-1"},"canonical":"https:\/\/unitgames.com.ar\/pc-gamer\/producto\/monitor-gigabyte-27-gs27qca-qhd-180hz-curvo\/","og_locale":"es_ES","og_type":"article","og_title":"Monitor GIGABYTE 27\u00b4\u00b4 GS27QCA QHD 180Hz Curvo - UnitGames","og_description":"Monitor GIGABYTE 27\u00bb GS27QCA QHD 180Hz Curvo El monitor GIGABYTE GS27QCA de 27\u2019\u2019 ofrece una experiencia de juego inmersiva gracias a su pantalla curva QHD y frecuencia de actualizaci\u00f3n de 180Hz. Dise\u00f1ado para gamers competitivos, combina alta resoluci\u00f3n, fluidez extrema y tecnolog\u00edas que mejoran la calidad visual y la comodidad en largas sesiones de uso. Especificaciones T\u00e9cnicas Marca \/ Modelo: GIGABYTE GS27QCA Tama\u00f1o de pantalla: 27\u2019\u2019 curvo Curvatura: 1500R Resoluci\u00f3n: QHD 2560 \u00d7 1440 p\u00edxeles Panel: VA Tasa de refresco: 180Hz Tiempo de respuesta: 1ms MPRT Brillo: 250 cd\/m\u00b2 Relaci\u00f3n de contraste: 4000:1 \u00c1ngulos de visi\u00f3n: 178\u00b0(H) \/ 178\u00b0(V) Colores: 16.7M, 90% DCI-P3, 120% sRGB Conectividad: 2 \u00d7 HDMI 2.0 1 \u00d7 DisplayPort 1.4 1 \u00d7 Jack 3.5mm audio out Montaje: Compatible con soporte VESA 100 \u00d7 100 mm Ajustes ergon\u00f3micos: Inclinaci\u00f3n -5\u00b0~+20\u00b0 Caracter\u00edsticas destacadas Pantalla curva de 27\u2019\u2019 QHD para mayor inmersi\u00f3n 180Hz y 1ms: m\u00e1xima fluidez y respuesta en juegos competitivos Tecnolog\u00eda AMD FreeSync Premium para eliminar cortes y desgarros de imagen Amplia gama de colores con 90% DCI-P3 para im\u00e1genes vibrantes Dise\u00f1o gamer con conectividad completa y soporte VESA Ideal para gaming competitivo y experiencias inmersivas en alta resoluci\u00f3n","og_url":"https:\/\/unitgames.com.ar\/pc-gamer\/producto\/monitor-gigabyte-27-gs27qca-qhd-180hz-curvo\/","og_site_name":"UnitGames","article_modified_time":"2026-03-21T17:44:17+00:00","og_image":[{"width":1282,"height":1285,"url":"https:\/\/unitgames.com.ar\/pc-gamer\/wp-content\/uploads\/2025\/08\/Monitor-GIGABYTE-27\u00b4\u00b4-GS27QCA-QHD-180Hz-Curvo.png","type":"image\/png"}],"twitter_card":"summary_large_image","twitter_misc":{"Tiempo de lectura":"2 minutos"},"schema":{"@context":"https:\/\/schema.org","@graph":[{"@type":"WebPage","@id":"https:\/\/unitgames.com.ar\/pc-gamer\/producto\/monitor-gigabyte-27-gs27qca-qhd-180hz-curvo\/","url":"https:\/\/unitgames.com.ar\/pc-gamer\/producto\/monitor-gigabyte-27-gs27qca-qhd-180hz-curvo\/","name":"Monitor GIGABYTE 27\u00b4\u00b4 GS27QCA QHD 180Hz Curvo - UnitGames","isPartOf":{"@id":"https:\/\/unitgames.com.ar\/pc-gamer\/#website"},"primaryImageOfPage":{"@id":"https:\/\/unitgames.com.ar\/pc-gamer\/producto\/monitor-gigabyte-27-gs27qca-qhd-180hz-curvo\/#primaryimage"},"image":{"@id":"https:\/\/unitgames.com.ar\/pc-gamer\/producto\/monitor-gigabyte-27-gs27qca-qhd-180hz-curvo\/#primaryimage"},"thumbnailUrl":"https:\/\/unitgames.com.ar\/pc-gamer\/wp-content\/uploads\/2025\/08\/Monitor-GIGABYTE-27\u00b4\u00b4-GS27QCA-QHD-180Hz-Curvo.png","datePublished":"2025-08-13T03:17:04+00:00","dateModified":"2026-03-21T17:44:17+00:00","breadcrumb":{"@id":"https:\/\/unitgames.com.ar\/pc-gamer\/producto\/monitor-gigabyte-27-gs27qca-qhd-180hz-curvo\/#breadcrumb"},"inLanguage":"es","potentialAction":[{"@type":"ReadAction","target":["https:\/\/unitgames.com.ar\/pc-gamer\/producto\/monitor-gigabyte-27-gs27qca-qhd-180hz-curvo\/"]}]},{"@type":"ImageObject","inLanguage":"es","@id":"https:\/\/unitgames.com.ar\/pc-gamer\/producto\/monitor-gigabyte-27-gs27qca-qhd-180hz-curvo\/#primaryimage","url":"https:\/\/unitgames.com.ar\/pc-gamer\/wp-content\/uploads\/2025\/08\/Monitor-GIGABYTE-27\u00b4\u00b4-GS27QCA-QHD-180Hz-Curvo.png","contentUrl":"https:\/\/unitgames.com.ar\/pc-gamer\/wp-content\/uploads\/2025\/08\/Monitor-GIGABYTE-27\u00b4\u00b4-GS27QCA-QHD-180Hz-Curvo.png","width":1282,"height":1285},{"@type":"BreadcrumbList","@id":"https:\/\/unitgames.com.ar\/pc-gamer\/producto\/monitor-gigabyte-27-gs27qca-qhd-180hz-curvo\/#breadcrumb","itemListElement":[{"@type":"ListItem","position":1,"name":"Tienda","item":"https:\/\/unitgames.com.ar\/pc-gamer\/tienda\/"},{"@type":"ListItem","position":2,"name":"Monitor GIGABYTE 27\u00b4\u00b4 GS27QCA QHD 180Hz Curvo"}]},{"@type":"WebSite","@id":"https:\/\/unitgames.com.ar\/pc-gamer\/#website","url":"https:\/\/unitgames.com.ar\/pc-gamer\/","name":"UnitGames","description":"Venta de PC Gamers, Consolas , Servicio Tecnico Especializado. Todos en Accesorios Informaticos y Gamers","publisher":{"@id":"https:\/\/unitgames.com.ar\/pc-gamer\/#organization"},"potentialAction":[{"@type":"SearchAction","target":{"@type":"EntryPoint","urlTemplate":"https:\/\/unitgames.com.ar\/pc-gamer\/?s={search_term_string}"},"query-input":{"@type":"PropertyValueSpecification","valueRequired":true,"valueName":"search_term_string"}}],"inLanguage":"es"},{"@type":"Organization","@id":"https:\/\/unitgames.com.ar\/pc-gamer\/#organization","name":"UnitGames","url":"https:\/\/unitgames.com.ar\/pc-gamer\/","logo":{"@type":"ImageObject","inLanguage":"es","@id":"https:\/\/unitgames.com.ar\/pc-gamer\/#\/schema\/logo\/image\/","url":"https:\/\/unitgames.com.ar\/pc-gamer\/wp-content\/uploads\/2021\/01\/cropped-logoUnitGames2.png","contentUrl":"https:\/\/unitgames.com.ar\/pc-gamer\/wp-content\/uploads\/2021\/01\/cropped-logoUnitGames2.png","width":152,"height":200,"caption":"UnitGames"},"image":{"@id":"https:\/\/unitgames.com.ar\/pc-gamer\/#\/schema\/logo\/image\/"}}]}},"_links":{"self":[{"href":"https:\/\/unitgames.com.ar\/pc-gamer\/wp-json\/wp\/v2\/product\/16624","targetHints":{"allow":["GET"]}}],"collection":[{"href":"https:\/\/unitgames.com.ar\/pc-gamer\/wp-json\/wp\/v2\/product"}],"about":[{"href":"https:\/\/unitgames.com.ar\/pc-gamer\/wp-json\/wp\/v2\/types\/product"}],"version-history":[{"count":0,"href":"https:\/\/unitgames.com.ar\/pc-gamer\/wp-json\/wp\/v2\/product\/16624\/revisions"}],"wp:featuredmedia":[{"embeddable":true,"href":"https:\/\/unitgames.com.ar\/pc-gamer\/wp-json\/wp\/v2\/media\/16741"}],"wp:attachment":[{"href":"https:\/\/unitgames.com.ar\/pc-gamer\/wp-json\/wp\/v2\/media?parent=16624"}],"wp:term":[{"taxonomy":"product_brand","embeddable":true,"href":"https:\/\/unitgames.com.ar\/pc-gamer\/wp-json\/wp\/v2\/product_brand?post=16624"},{"taxonomy":"product_cat","embeddable":true,"href":"https:\/\/unitgames.com.ar\/pc-gamer\/wp-json\/wp\/v2\/product_cat?post=16624"},{"taxonomy":"product_tag","embeddable":true,"href":"https:\/\/unitgames.com.ar\/pc-gamer\/wp-json\/wp\/v2\/product_tag?post=16624"}],"curies":[{"name":"wp","href":"https:\/\/api.w.org\/{rel}","templated":true}]}}