{"id":16640,"date":"2025-08-15T11:58:29","date_gmt":"2025-08-15T14:58:29","guid":{"rendered":"https:\/\/unitgames.com.ar\/pc-gamer\/?post_type=product&#038;p=16640"},"modified":"2026-02-02T16:57:02","modified_gmt":"2026-02-02T19:57:02","slug":"memoria-merx-8gb-ddr3l-1600mhz-notebook","status":"publish","type":"product","link":"https:\/\/unitgames.com.ar\/pc-gamer\/producto\/memoria-merx-8gb-ddr3l-1600mhz-notebook\/","title":{"rendered":"Memoria MERX 8GB DDR3L 1600Mhz Notebook"},"content":{"rendered":"<p data-start=\"119\" data-end=\"166\"><strong data-start=\"121\" data-end=\"164\">Memoria MERX 8GB DDR3L 1600MHz Notebook<\/strong><\/p>\n<p data-start=\"168\" data-end=\"455\">La memoria MERX DDR3L de 8GB para notebooks ofrece un rendimiento estable y confiable, ideal para actualizar port\u00e1tiles y mejorar su velocidad de respuesta. Con frecuencia de 1600MHz y bajo voltaje (1.35V), asegura eficiencia energ\u00e9tica y compatibilidad con una amplia gama de equipos.<\/p>\n<hr data-start=\"457\" data-end=\"460\" \/>\n<p data-start=\"462\" data-end=\"496\"><strong data-start=\"465\" data-end=\"494\">Especificaciones T\u00e9cnicas<\/strong><\/p>\n<ul data-start=\"498\" data-end=\"872\">\n<li data-start=\"498\" data-end=\"513\">\n<p data-start=\"500\" data-end=\"513\">Marca: MERX<\/p>\n<\/li>\n<li data-start=\"514\" data-end=\"532\">\n<p data-start=\"516\" data-end=\"532\">Capacidad: 8GB<\/p>\n<\/li>\n<li data-start=\"533\" data-end=\"562\">\n<p data-start=\"535\" data-end=\"562\">Tipo: DDR3L (Low Voltage)<\/p>\n<\/li>\n<li data-start=\"563\" data-end=\"586\">\n<p data-start=\"565\" data-end=\"586\">Frecuencia: 1600MHz<\/p>\n<\/li>\n<li data-start=\"587\" data-end=\"632\">\n<p data-start=\"589\" data-end=\"632\">Voltaje: 1.35V (retrocompatible con 1.5V)<\/p>\n<\/li>\n<li data-start=\"633\" data-end=\"669\">\n<p data-start=\"635\" data-end=\"669\">Formato: SODIMM (para notebooks)<\/p>\n<\/li>\n<li data-start=\"670\" data-end=\"709\">\n<p data-start=\"672\" data-end=\"709\">Latencia: CL11 (aprox., seg\u00fan lote)<\/p>\n<\/li>\n<li data-start=\"710\" data-end=\"794\">\n<p data-start=\"712\" data-end=\"794\">Canales: Single Channel (se puede usar en Dual si se instalan 2 m\u00f3dulos iguales)<\/p>\n<\/li>\n<li data-start=\"795\" data-end=\"872\">\n<p data-start=\"797\" data-end=\"872\">Compatibilidad: Compatible con la mayor\u00eda de notebooks que soporten DDR3L<\/p>\n<\/li>\n<\/ul>\n","protected":false},"excerpt":{"rendered":"<p>Memoria MERX 8GB DDR3L 1600MHz Notebook La memoria MERX DDR3L de 8GB para notebooks ofrece un rendimiento estable y confiable, ideal para actualizar port\u00e1tiles y mejorar su velocidad de respuesta. Con frecuencia de 1600MHz y bajo voltaje (1.35V), asegura eficiencia energ\u00e9tica y compatibilidad con una amplia gama de equipos. Especificaciones T\u00e9cnicas Marca: MERX Capacidad: 8GB Tipo: DDR3L (Low Voltage) Frecuencia: 1600MHz Voltaje: 1.35V (retrocompatible con 1.5V) Formato: SODIMM (para notebooks) Latencia: CL11 (aprox., seg\u00fan lote) Canales: Single Channel (se puede usar en Dual si se instalan 2 m\u00f3dulos iguales) Compatibilidad: Compatible con la mayor\u00eda de notebooks que soporten DDR3L<\/p>\n","protected":false},"featured_media":11324,"template":"","meta":{"site-sidebar-layout":"default","site-content-layout":"","ast-site-content-layout":"default","site-content-style":"default","site-sidebar-style":"default","ast-global-header-display":"","ast-banner-title-visibility":"","ast-main-header-display":"","ast-hfb-above-header-display":"","ast-hfb-below-header-display":"","ast-hfb-mobile-header-display":"","site-post-title":"","ast-breadcrumbs-content":"","ast-featured-img":"","footer-sml-layout":"","theme-transparent-header-meta":"default","adv-header-id-meta":"","stick-header-meta":"","header-above-stick-meta":"","header-main-stick-meta":"","header-below-stick-meta":"","astra-migrate-meta-layouts":"set","ast-page-background-enabled":"default","ast-page-background-meta":{"desktop":{"background-color":"var(--ast-global-color-5)","background-image":"","background-repeat":"repeat","background-position":"center center","background-size":"auto","background-attachment":"scroll","background-type":"","background-media":"","overlay-type":"","overlay-color":"","overlay-opacity":"","overlay-gradient":""},"tablet":{"background-color":"","background-image":"","background-repeat":"repeat","background-position":"center center","background-size":"auto","background-attachment":"scroll","background-type":"","background-media":"","overlay-type":"","overlay-color":"","overlay-opacity":"","overlay-gradient":""},"mobile":{"background-color":"","background-image":"","background-repeat":"repeat","background-position":"center center","background-size":"auto","background-attachment":"scroll","background-type":"","background-media":"","overlay-type":"","overlay-color":"","overlay-opacity":"","overlay-gradient":""}},"ast-content-background-meta":{"desktop":{"background-color":"var(--ast-global-color-4)","background-image":"","background-repeat":"repeat","background-position":"center center","background-size":"auto","background-attachment":"scroll","background-type":"","background-media":"","overlay-type":"","overlay-color":"","overlay-opacity":"","overlay-gradient":""},"tablet":{"background-color":"var(--ast-global-color-4)","background-image":"","background-repeat":"repeat","background-position":"center center","background-size":"auto","background-attachment":"scroll","background-type":"","background-media":"","overlay-type":"","overlay-color":"","overlay-opacity":"","overlay-gradient":""},"mobile":{"background-color":"var(--ast-global-color-4)","background-image":"","background-repeat":"repeat","background-position":"center center","background-size":"auto","background-attachment":"scroll","background-type":"","background-media":"","overlay-type":"","overlay-color":"","overlay-opacity":"","overlay-gradient":""}},"_joinchat":[]},"product_brand":[],"product_cat":[67],"product_tag":[],"class_list":{"0":"post-16640","1":"product","2":"type-product","3":"status-publish","4":"has-post-thumbnail","6":"product_cat-memorias-pc","7":"desktop-align-center","8":"tablet-align-left","9":"mobile-align-left","11":"first","12":"instock","13":"shipping-taxable","14":"purchasable","15":"product-type-simple"},"yoast_head":"<!-- This site is optimized with the Yoast SEO plugin v27.5 - https:\/\/yoast.com\/product\/yoast-seo-wordpress\/ -->\n<title>Memoria MERX 8GB DDR3L 1600Mhz Notebook - UnitGames<\/title>\n<meta name=\"robots\" content=\"index, follow, max-snippet:-1, max-image-preview:large, max-video-preview:-1\" \/>\n<link rel=\"canonical\" href=\"https:\/\/unitgames.com.ar\/pc-gamer\/producto\/memoria-merx-8gb-ddr3l-1600mhz-notebook\/\" \/>\n<meta property=\"og:locale\" content=\"es_ES\" \/>\n<meta property=\"og:type\" content=\"article\" \/>\n<meta property=\"og:title\" content=\"Memoria MERX 8GB DDR3L 1600Mhz Notebook - UnitGames\" \/>\n<meta property=\"og:description\" content=\"Memoria MERX 8GB DDR3L 1600MHz Notebook La memoria MERX DDR3L de 8GB para notebooks ofrece un rendimiento estable y confiable, ideal para actualizar port\u00e1tiles y mejorar su velocidad de respuesta. Con frecuencia de 1600MHz y bajo voltaje (1.35V), asegura eficiencia energ\u00e9tica y compatibilidad con una amplia gama de equipos. Especificaciones T\u00e9cnicas Marca: MERX Capacidad: 8GB Tipo: DDR3L (Low Voltage) Frecuencia: 1600MHz Voltaje: 1.35V (retrocompatible con 1.5V) Formato: SODIMM (para notebooks) Latencia: CL11 (aprox., seg\u00fan lote) Canales: Single Channel (se puede usar en Dual si se instalan 2 m\u00f3dulos iguales) Compatibilidad: Compatible con la mayor\u00eda de notebooks que soporten DDR3L\" \/>\n<meta property=\"og:url\" content=\"https:\/\/unitgames.com.ar\/pc-gamer\/producto\/memoria-merx-8gb-ddr3l-1600mhz-notebook\/\" \/>\n<meta property=\"og:site_name\" content=\"UnitGames\" \/>\n<meta property=\"article:modified_time\" content=\"2026-02-02T19:57:02+00:00\" \/>\n<meta property=\"og:image\" content=\"https:\/\/unitgames.com.ar\/pc-gamer\/wp-content\/uploads\/2024\/10\/Memoria-HIKSEMI-Hiker-8GB-DDR3-1600Mhz-Notebook.png\" \/>\n\t<meta property=\"og:image:width\" content=\"1283\" \/>\n\t<meta property=\"og:image:height\" content=\"1284\" \/>\n\t<meta property=\"og:image:type\" content=\"image\/png\" \/>\n<meta name=\"twitter:card\" content=\"summary_large_image\" \/>\n<meta name=\"twitter:label1\" content=\"Tiempo de lectura\" \/>\n\t<meta name=\"twitter:data1\" content=\"1 minuto\" \/>\n<script type=\"application\/ld+json\" class=\"yoast-schema-graph\">{\"@context\":\"https:\\\/\\\/schema.org\",\"@graph\":[{\"@type\":\"WebPage\",\"@id\":\"https:\\\/\\\/unitgames.com.ar\\\/pc-gamer\\\/producto\\\/memoria-merx-8gb-ddr3l-1600mhz-notebook\\\/\",\"url\":\"https:\\\/\\\/unitgames.com.ar\\\/pc-gamer\\\/producto\\\/memoria-merx-8gb-ddr3l-1600mhz-notebook\\\/\",\"name\":\"Memoria MERX 8GB DDR3L 1600Mhz Notebook - UnitGames\",\"isPartOf\":{\"@id\":\"https:\\\/\\\/unitgames.com.ar\\\/pc-gamer\\\/#website\"},\"primaryImageOfPage\":{\"@id\":\"https:\\\/\\\/unitgames.com.ar\\\/pc-gamer\\\/producto\\\/memoria-merx-8gb-ddr3l-1600mhz-notebook\\\/#primaryimage\"},\"image\":{\"@id\":\"https:\\\/\\\/unitgames.com.ar\\\/pc-gamer\\\/producto\\\/memoria-merx-8gb-ddr3l-1600mhz-notebook\\\/#primaryimage\"},\"thumbnailUrl\":\"https:\\\/\\\/unitgames.com.ar\\\/pc-gamer\\\/wp-content\\\/uploads\\\/2024\\\/10\\\/Memoria-HIKSEMI-Hiker-8GB-DDR3-1600Mhz-Notebook.png\",\"datePublished\":\"2025-08-15T14:58:29+00:00\",\"dateModified\":\"2026-02-02T19:57:02+00:00\",\"breadcrumb\":{\"@id\":\"https:\\\/\\\/unitgames.com.ar\\\/pc-gamer\\\/producto\\\/memoria-merx-8gb-ddr3l-1600mhz-notebook\\\/#breadcrumb\"},\"inLanguage\":\"es\",\"potentialAction\":[{\"@type\":\"ReadAction\",\"target\":[\"https:\\\/\\\/unitgames.com.ar\\\/pc-gamer\\\/producto\\\/memoria-merx-8gb-ddr3l-1600mhz-notebook\\\/\"]}]},{\"@type\":\"ImageObject\",\"inLanguage\":\"es\",\"@id\":\"https:\\\/\\\/unitgames.com.ar\\\/pc-gamer\\\/producto\\\/memoria-merx-8gb-ddr3l-1600mhz-notebook\\\/#primaryimage\",\"url\":\"https:\\\/\\\/unitgames.com.ar\\\/pc-gamer\\\/wp-content\\\/uploads\\\/2024\\\/10\\\/Memoria-HIKSEMI-Hiker-8GB-DDR3-1600Mhz-Notebook.png\",\"contentUrl\":\"https:\\\/\\\/unitgames.com.ar\\\/pc-gamer\\\/wp-content\\\/uploads\\\/2024\\\/10\\\/Memoria-HIKSEMI-Hiker-8GB-DDR3-1600Mhz-Notebook.png\",\"width\":1283,\"height\":1284},{\"@type\":\"BreadcrumbList\",\"@id\":\"https:\\\/\\\/unitgames.com.ar\\\/pc-gamer\\\/producto\\\/memoria-merx-8gb-ddr3l-1600mhz-notebook\\\/#breadcrumb\",\"itemListElement\":[{\"@type\":\"ListItem\",\"position\":1,\"name\":\"Tienda\",\"item\":\"https:\\\/\\\/unitgames.com.ar\\\/pc-gamer\\\/tienda\\\/\"},{\"@type\":\"ListItem\",\"position\":2,\"name\":\"Memoria MERX 8GB DDR3L 1600Mhz Notebook\"}]},{\"@type\":\"WebSite\",\"@id\":\"https:\\\/\\\/unitgames.com.ar\\\/pc-gamer\\\/#website\",\"url\":\"https:\\\/\\\/unitgames.com.ar\\\/pc-gamer\\\/\",\"name\":\"UnitGames\",\"description\":\"Venta de PC Gamers, Consolas , Servicio Tecnico Especializado. Todos en Accesorios Informaticos y Gamers\",\"publisher\":{\"@id\":\"https:\\\/\\\/unitgames.com.ar\\\/pc-gamer\\\/#organization\"},\"potentialAction\":[{\"@type\":\"SearchAction\",\"target\":{\"@type\":\"EntryPoint\",\"urlTemplate\":\"https:\\\/\\\/unitgames.com.ar\\\/pc-gamer\\\/?s={search_term_string}\"},\"query-input\":{\"@type\":\"PropertyValueSpecification\",\"valueRequired\":true,\"valueName\":\"search_term_string\"}}],\"inLanguage\":\"es\"},{\"@type\":\"Organization\",\"@id\":\"https:\\\/\\\/unitgames.com.ar\\\/pc-gamer\\\/#organization\",\"name\":\"UnitGames\",\"url\":\"https:\\\/\\\/unitgames.com.ar\\\/pc-gamer\\\/\",\"logo\":{\"@type\":\"ImageObject\",\"inLanguage\":\"es\",\"@id\":\"https:\\\/\\\/unitgames.com.ar\\\/pc-gamer\\\/#\\\/schema\\\/logo\\\/image\\\/\",\"url\":\"https:\\\/\\\/unitgames.com.ar\\\/pc-gamer\\\/wp-content\\\/uploads\\\/2021\\\/01\\\/cropped-logoUnitGames2.png\",\"contentUrl\":\"https:\\\/\\\/unitgames.com.ar\\\/pc-gamer\\\/wp-content\\\/uploads\\\/2021\\\/01\\\/cropped-logoUnitGames2.png\",\"width\":152,\"height\":200,\"caption\":\"UnitGames\"},\"image\":{\"@id\":\"https:\\\/\\\/unitgames.com.ar\\\/pc-gamer\\\/#\\\/schema\\\/logo\\\/image\\\/\"}}]}<\/script>\n<!-- \/ Yoast SEO plugin. -->","yoast_head_json":{"title":"Memoria MERX 8GB DDR3L 1600Mhz Notebook - UnitGames","robots":{"index":"index","follow":"follow","max-snippet":"max-snippet:-1","max-image-preview":"max-image-preview:large","max-video-preview":"max-video-preview:-1"},"canonical":"https:\/\/unitgames.com.ar\/pc-gamer\/producto\/memoria-merx-8gb-ddr3l-1600mhz-notebook\/","og_locale":"es_ES","og_type":"article","og_title":"Memoria MERX 8GB DDR3L 1600Mhz Notebook - UnitGames","og_description":"Memoria MERX 8GB DDR3L 1600MHz Notebook La memoria MERX DDR3L de 8GB para notebooks ofrece un rendimiento estable y confiable, ideal para actualizar port\u00e1tiles y mejorar su velocidad de respuesta. Con frecuencia de 1600MHz y bajo voltaje (1.35V), asegura eficiencia energ\u00e9tica y compatibilidad con una amplia gama de equipos. Especificaciones T\u00e9cnicas Marca: MERX Capacidad: 8GB Tipo: DDR3L (Low Voltage) Frecuencia: 1600MHz Voltaje: 1.35V (retrocompatible con 1.5V) Formato: SODIMM (para notebooks) Latencia: CL11 (aprox., seg\u00fan lote) Canales: Single Channel (se puede usar en Dual si se instalan 2 m\u00f3dulos iguales) Compatibilidad: Compatible con la mayor\u00eda de notebooks que soporten DDR3L","og_url":"https:\/\/unitgames.com.ar\/pc-gamer\/producto\/memoria-merx-8gb-ddr3l-1600mhz-notebook\/","og_site_name":"UnitGames","article_modified_time":"2026-02-02T19:57:02+00:00","og_image":[{"width":1283,"height":1284,"url":"https:\/\/unitgames.com.ar\/pc-gamer\/wp-content\/uploads\/2024\/10\/Memoria-HIKSEMI-Hiker-8GB-DDR3-1600Mhz-Notebook.png","type":"image\/png"}],"twitter_card":"summary_large_image","twitter_misc":{"Tiempo de lectura":"1 minuto"},"schema":{"@context":"https:\/\/schema.org","@graph":[{"@type":"WebPage","@id":"https:\/\/unitgames.com.ar\/pc-gamer\/producto\/memoria-merx-8gb-ddr3l-1600mhz-notebook\/","url":"https:\/\/unitgames.com.ar\/pc-gamer\/producto\/memoria-merx-8gb-ddr3l-1600mhz-notebook\/","name":"Memoria MERX 8GB DDR3L 1600Mhz Notebook - UnitGames","isPartOf":{"@id":"https:\/\/unitgames.com.ar\/pc-gamer\/#website"},"primaryImageOfPage":{"@id":"https:\/\/unitgames.com.ar\/pc-gamer\/producto\/memoria-merx-8gb-ddr3l-1600mhz-notebook\/#primaryimage"},"image":{"@id":"https:\/\/unitgames.com.ar\/pc-gamer\/producto\/memoria-merx-8gb-ddr3l-1600mhz-notebook\/#primaryimage"},"thumbnailUrl":"https:\/\/unitgames.com.ar\/pc-gamer\/wp-content\/uploads\/2024\/10\/Memoria-HIKSEMI-Hiker-8GB-DDR3-1600Mhz-Notebook.png","datePublished":"2025-08-15T14:58:29+00:00","dateModified":"2026-02-02T19:57:02+00:00","breadcrumb":{"@id":"https:\/\/unitgames.com.ar\/pc-gamer\/producto\/memoria-merx-8gb-ddr3l-1600mhz-notebook\/#breadcrumb"},"inLanguage":"es","potentialAction":[{"@type":"ReadAction","target":["https:\/\/unitgames.com.ar\/pc-gamer\/producto\/memoria-merx-8gb-ddr3l-1600mhz-notebook\/"]}]},{"@type":"ImageObject","inLanguage":"es","@id":"https:\/\/unitgames.com.ar\/pc-gamer\/producto\/memoria-merx-8gb-ddr3l-1600mhz-notebook\/#primaryimage","url":"https:\/\/unitgames.com.ar\/pc-gamer\/wp-content\/uploads\/2024\/10\/Memoria-HIKSEMI-Hiker-8GB-DDR3-1600Mhz-Notebook.png","contentUrl":"https:\/\/unitgames.com.ar\/pc-gamer\/wp-content\/uploads\/2024\/10\/Memoria-HIKSEMI-Hiker-8GB-DDR3-1600Mhz-Notebook.png","width":1283,"height":1284},{"@type":"BreadcrumbList","@id":"https:\/\/unitgames.com.ar\/pc-gamer\/producto\/memoria-merx-8gb-ddr3l-1600mhz-notebook\/#breadcrumb","itemListElement":[{"@type":"ListItem","position":1,"name":"Tienda","item":"https:\/\/unitgames.com.ar\/pc-gamer\/tienda\/"},{"@type":"ListItem","position":2,"name":"Memoria MERX 8GB DDR3L 1600Mhz Notebook"}]},{"@type":"WebSite","@id":"https:\/\/unitgames.com.ar\/pc-gamer\/#website","url":"https:\/\/unitgames.com.ar\/pc-gamer\/","name":"UnitGames","description":"Venta de PC Gamers, Consolas , Servicio Tecnico Especializado. Todos en Accesorios Informaticos y Gamers","publisher":{"@id":"https:\/\/unitgames.com.ar\/pc-gamer\/#organization"},"potentialAction":[{"@type":"SearchAction","target":{"@type":"EntryPoint","urlTemplate":"https:\/\/unitgames.com.ar\/pc-gamer\/?s={search_term_string}"},"query-input":{"@type":"PropertyValueSpecification","valueRequired":true,"valueName":"search_term_string"}}],"inLanguage":"es"},{"@type":"Organization","@id":"https:\/\/unitgames.com.ar\/pc-gamer\/#organization","name":"UnitGames","url":"https:\/\/unitgames.com.ar\/pc-gamer\/","logo":{"@type":"ImageObject","inLanguage":"es","@id":"https:\/\/unitgames.com.ar\/pc-gamer\/#\/schema\/logo\/image\/","url":"https:\/\/unitgames.com.ar\/pc-gamer\/wp-content\/uploads\/2021\/01\/cropped-logoUnitGames2.png","contentUrl":"https:\/\/unitgames.com.ar\/pc-gamer\/wp-content\/uploads\/2021\/01\/cropped-logoUnitGames2.png","width":152,"height":200,"caption":"UnitGames"},"image":{"@id":"https:\/\/unitgames.com.ar\/pc-gamer\/#\/schema\/logo\/image\/"}}]}},"_links":{"self":[{"href":"https:\/\/unitgames.com.ar\/pc-gamer\/wp-json\/wp\/v2\/product\/16640","targetHints":{"allow":["GET"]}}],"collection":[{"href":"https:\/\/unitgames.com.ar\/pc-gamer\/wp-json\/wp\/v2\/product"}],"about":[{"href":"https:\/\/unitgames.com.ar\/pc-gamer\/wp-json\/wp\/v2\/types\/product"}],"version-history":[{"count":0,"href":"https:\/\/unitgames.com.ar\/pc-gamer\/wp-json\/wp\/v2\/product\/16640\/revisions"}],"wp:featuredmedia":[{"embeddable":true,"href":"https:\/\/unitgames.com.ar\/pc-gamer\/wp-json\/wp\/v2\/media\/11324"}],"wp:attachment":[{"href":"https:\/\/unitgames.com.ar\/pc-gamer\/wp-json\/wp\/v2\/media?parent=16640"}],"wp:term":[{"taxonomy":"product_brand","embeddable":true,"href":"https:\/\/unitgames.com.ar\/pc-gamer\/wp-json\/wp\/v2\/product_brand?post=16640"},{"taxonomy":"product_cat","embeddable":true,"href":"https:\/\/unitgames.com.ar\/pc-gamer\/wp-json\/wp\/v2\/product_cat?post=16640"},{"taxonomy":"product_tag","embeddable":true,"href":"https:\/\/unitgames.com.ar\/pc-gamer\/wp-json\/wp\/v2\/product_tag?post=16640"}],"curies":[{"name":"wp","href":"https:\/\/api.w.org\/{rel}","templated":true}]}}