{"id":16714,"date":"2025-08-19T10:59:06","date_gmt":"2025-08-19T13:59:06","guid":{"rendered":"https:\/\/unitgames.com.ar\/pc-gamer\/?post_type=product&#038;p=16714"},"modified":"2026-05-01T09:38:46","modified_gmt":"2026-05-01T12:38:46","slug":"mouse-inalambrico-redragon-star-pro-celeste","status":"publish","type":"product","link":"https:\/\/unitgames.com.ar\/pc-gamer\/producto\/mouse-inalambrico-redragon-star-pro-celeste\/","title":{"rendered":"Mouse Inalambrico REDRAGON Star Pro Celeste"},"content":{"rendered":"<p data-start=\"121\" data-end=\"173\">&#x1f3ae; <strong data-start=\"124\" data-end=\"171\">Mouse Inal\u00e1mbrico REDRAGON Star Pro Celeste<\/strong><\/p>\n<p data-start=\"175\" data-end=\"467\">El Redragon Star Pro Celeste es un mouse inal\u00e1mbrico dise\u00f1ado para brindar precisi\u00f3n y comodidad en largas sesiones de juego. Con un dise\u00f1o ergon\u00f3mico, sensor de alto rendimiento y retroiluminaci\u00f3n RGB personalizable, ofrece una experiencia gaming completa con total libertad de movimiento.<\/p>\n<hr data-start=\"469\" data-end=\"472\" \/>\n<p data-start=\"474\" data-end=\"508\"><strong data-start=\"477\" data-end=\"506\">\u00a0Especificaciones T\u00e9cnicas<\/strong><\/p>\n<ul data-start=\"510\" data-end=\"1027\">\n<li data-start=\"510\" data-end=\"564\">\n<p data-start=\"512\" data-end=\"564\">Sensor \u00f3ptico de alta precisi\u00f3n (hasta 12.000 DPI)<\/p>\n<\/li>\n<li data-start=\"565\" data-end=\"595\">\n<p data-start=\"567\" data-end=\"595\">DPI ajustable en 5 niveles<\/p>\n<\/li>\n<li data-start=\"596\" data-end=\"623\">\n<p data-start=\"598\" data-end=\"623\">Botones programables: 7<\/p>\n<\/li>\n<li data-start=\"624\" data-end=\"689\">\n<p data-start=\"626\" data-end=\"689\">Switches mec\u00e1nicos de alta durabilidad (20 millones de clics)<\/p>\n<\/li>\n<li data-start=\"690\" data-end=\"740\">\n<p data-start=\"692\" data-end=\"740\">Conexi\u00f3n: Inal\u00e1mbrica 2.4 GHz con receptor USB<\/p>\n<\/li>\n<li data-start=\"741\" data-end=\"829\">\n<p data-start=\"743\" data-end=\"829\">Bater\u00eda recargable integrada (duraci\u00f3n aproximada: hasta 45 horas con RGB encendido)<\/p>\n<\/li>\n<li data-start=\"830\" data-end=\"877\">\n<p data-start=\"832\" data-end=\"877\">Retroiluminaci\u00f3n: RGB Chroma personalizable<\/p>\n<\/li>\n<li data-start=\"878\" data-end=\"914\">\n<p data-start=\"880\" data-end=\"914\">Frecuencia de respuesta: 1000 Hz<\/p>\n<\/li>\n<li data-start=\"915\" data-end=\"978\">\n<p data-start=\"917\" data-end=\"978\">Cable USB-C para carga y uso h\u00edbrido (cableado\/inal\u00e1mbrico)<\/p>\n<\/li>\n<li data-start=\"979\" data-end=\"1012\">\n<p data-start=\"981\" data-end=\"1012\">Dimensiones: 125 x 67 x 40 mm<\/p>\n<\/li>\n<li data-start=\"1013\" data-end=\"1027\">\n<p data-start=\"1015\" data-end=\"1027\">Peso: 96 g<\/p>\n<\/li>\n<\/ul>\n<hr data-start=\"1029\" data-end=\"1032\" \/>\n<p data-start=\"1034\" data-end=\"1068\"><strong data-start=\"1036\" data-end=\"1066\">Caracter\u00edsticas destacadas<\/strong><\/p>\n<ul data-start=\"1070\" data-end=\"1346\">\n<li data-start=\"1070\" data-end=\"1119\">\n<p data-start=\"1072\" data-end=\"1119\">Libertad de uso inal\u00e1mbrico con baja latencia<\/p>\n<\/li>\n<li data-start=\"1120\" data-end=\"1176\">\n<p data-start=\"1122\" data-end=\"1176\">Dise\u00f1o ergon\u00f3mico para sesiones de juego prolongadas<\/p>\n<\/li>\n<li data-start=\"1177\" data-end=\"1234\">\n<p data-start=\"1179\" data-end=\"1234\">Iluminaci\u00f3n RGB con m\u00faltiples efectos personalizables<\/p>\n<\/li>\n<li data-start=\"1235\" data-end=\"1291\">\n<p data-start=\"1237\" data-end=\"1291\">Bater\u00eda de larga duraci\u00f3n con carga r\u00e1pida v\u00eda USB-C<\/p>\n<\/li>\n<li data-start=\"1292\" data-end=\"1346\">\n<p data-start=\"1294\" data-end=\"1346\">Switches de alta durabilidad para un uso intensivo<\/p>\n<\/li>\n<\/ul>\n","protected":false},"excerpt":{"rendered":"<p>&#x1f3ae; Mouse Inal\u00e1mbrico REDRAGON Star Pro Celeste El Redragon Star Pro Celeste es un mouse inal\u00e1mbrico dise\u00f1ado para brindar precisi\u00f3n y comodidad en largas sesiones de juego. Con un dise\u00f1o ergon\u00f3mico, sensor de alto rendimiento y retroiluminaci\u00f3n RGB personalizable, ofrece una experiencia gaming completa con total libertad de movimiento. \u00a0Especificaciones T\u00e9cnicas Sensor \u00f3ptico de alta precisi\u00f3n (hasta 12.000 DPI) DPI ajustable en 5 niveles Botones programables: 7 Switches mec\u00e1nicos de alta durabilidad (20 millones de clics) Conexi\u00f3n: Inal\u00e1mbrica 2.4 GHz con receptor USB Bater\u00eda recargable integrada (duraci\u00f3n aproximada: hasta 45 horas con RGB encendido) Retroiluminaci\u00f3n: RGB Chroma personalizable Frecuencia de respuesta: 1000 Hz Cable USB-C para carga y uso h\u00edbrido (cableado\/inal\u00e1mbrico) Dimensiones: 125 x 67 x 40 mm Peso: 96 g Caracter\u00edsticas destacadas Libertad de uso inal\u00e1mbrico con baja latencia Dise\u00f1o ergon\u00f3mico para sesiones de juego prolongadas Iluminaci\u00f3n RGB con m\u00faltiples efectos personalizables Bater\u00eda de larga duraci\u00f3n con carga r\u00e1pida v\u00eda USB-C Switches de alta durabilidad para un uso intensivo<\/p>\n","protected":false},"featured_media":16728,"template":"","meta":{"site-sidebar-layout":"default","site-content-layout":"","ast-site-content-layout":"default","site-content-style":"default","site-sidebar-style":"default","ast-global-header-display":"","ast-banner-title-visibility":"","ast-main-header-display":"","ast-hfb-above-header-display":"","ast-hfb-below-header-display":"","ast-hfb-mobile-header-display":"","site-post-title":"","ast-breadcrumbs-content":"","ast-featured-img":"","footer-sml-layout":"","theme-transparent-header-meta":"default","adv-header-id-meta":"","stick-header-meta":"","header-above-stick-meta":"","header-main-stick-meta":"","header-below-stick-meta":"","astra-migrate-meta-layouts":"set","ast-page-background-enabled":"default","ast-page-background-meta":{"desktop":{"background-color":"var(--ast-global-color-5)","background-image":"","background-repeat":"repeat","background-position":"center center","background-size":"auto","background-attachment":"scroll","background-type":"","background-media":"","overlay-type":"","overlay-color":"","overlay-opacity":"","overlay-gradient":""},"tablet":{"background-color":"","background-image":"","background-repeat":"repeat","background-position":"center center","background-size":"auto","background-attachment":"scroll","background-type":"","background-media":"","overlay-type":"","overlay-color":"","overlay-opacity":"","overlay-gradient":""},"mobile":{"background-color":"","background-image":"","background-repeat":"repeat","background-position":"center center","background-size":"auto","background-attachment":"scroll","background-type":"","background-media":"","overlay-type":"","overlay-color":"","overlay-opacity":"","overlay-gradient":""}},"ast-content-background-meta":{"desktop":{"background-color":"var(--ast-global-color-4)","background-image":"","background-repeat":"repeat","background-position":"center center","background-size":"auto","background-attachment":"scroll","background-type":"","background-media":"","overlay-type":"","overlay-color":"","overlay-opacity":"","overlay-gradient":""},"tablet":{"background-color":"var(--ast-global-color-4)","background-image":"","background-repeat":"repeat","background-position":"center center","background-size":"auto","background-attachment":"scroll","background-type":"","background-media":"","overlay-type":"","overlay-color":"","overlay-opacity":"","overlay-gradient":""},"mobile":{"background-color":"var(--ast-global-color-4)","background-image":"","background-repeat":"repeat","background-position":"center center","background-size":"auto","background-attachment":"scroll","background-type":"","background-media":"","overlay-type":"","overlay-color":"","overlay-opacity":"","overlay-gradient":""}},"_joinchat":[]},"product_brand":[],"product_cat":[89],"product_tag":[],"class_list":{"0":"post-16714","1":"product","2":"type-product","3":"status-publish","4":"has-post-thumbnail","6":"product_cat-gamers-competitivos","7":"desktop-align-center","8":"tablet-align-left","9":"mobile-align-left","11":"first","12":"instock","13":"shipping-taxable","14":"purchasable","15":"product-type-simple"},"yoast_head":"<!-- This site is optimized with the Yoast SEO plugin v27.5 - https:\/\/yoast.com\/product\/yoast-seo-wordpress\/ -->\n<title>Mouse Inalambrico REDRAGON Star Pro Celeste - UnitGames<\/title>\n<meta name=\"robots\" content=\"index, follow, max-snippet:-1, max-image-preview:large, max-video-preview:-1\" \/>\n<link rel=\"canonical\" href=\"https:\/\/unitgames.com.ar\/pc-gamer\/producto\/mouse-inalambrico-redragon-star-pro-celeste\/\" \/>\n<meta property=\"og:locale\" content=\"es_ES\" \/>\n<meta property=\"og:type\" content=\"article\" \/>\n<meta property=\"og:title\" content=\"Mouse Inalambrico REDRAGON Star Pro Celeste - UnitGames\" \/>\n<meta property=\"og:description\" content=\"&#x1f3ae; Mouse Inal\u00e1mbrico REDRAGON Star Pro Celeste El Redragon Star Pro Celeste es un mouse inal\u00e1mbrico dise\u00f1ado para brindar precisi\u00f3n y comodidad en largas sesiones de juego. Con un dise\u00f1o ergon\u00f3mico, sensor de alto rendimiento y retroiluminaci\u00f3n RGB personalizable, ofrece una experiencia gaming completa con total libertad de movimiento. \u00a0Especificaciones T\u00e9cnicas Sensor \u00f3ptico de alta precisi\u00f3n (hasta 12.000 DPI) DPI ajustable en 5 niveles Botones programables: 7 Switches mec\u00e1nicos de alta durabilidad (20 millones de clics) Conexi\u00f3n: Inal\u00e1mbrica 2.4 GHz con receptor USB Bater\u00eda recargable integrada (duraci\u00f3n aproximada: hasta 45 horas con RGB encendido) Retroiluminaci\u00f3n: RGB Chroma personalizable Frecuencia de respuesta: 1000 Hz Cable USB-C para carga y uso h\u00edbrido (cableado\/inal\u00e1mbrico) Dimensiones: 125 x 67 x 40 mm Peso: 96 g Caracter\u00edsticas destacadas Libertad de uso inal\u00e1mbrico con baja latencia Dise\u00f1o ergon\u00f3mico para sesiones de juego prolongadas Iluminaci\u00f3n RGB con m\u00faltiples efectos personalizables Bater\u00eda de larga duraci\u00f3n con carga r\u00e1pida v\u00eda USB-C Switches de alta durabilidad para un uso intensivo\" \/>\n<meta property=\"og:url\" content=\"https:\/\/unitgames.com.ar\/pc-gamer\/producto\/mouse-inalambrico-redragon-star-pro-celeste\/\" \/>\n<meta property=\"og:site_name\" content=\"UnitGames\" \/>\n<meta property=\"article:modified_time\" content=\"2026-05-01T12:38:46+00:00\" \/>\n<meta property=\"og:image\" content=\"https:\/\/unitgames.com.ar\/pc-gamer\/wp-content\/uploads\/2025\/08\/Mouse-Inalambrico-REDRAGON-Star-Pro-Celeste.png\" \/>\n\t<meta property=\"og:image:width\" content=\"1263\" \/>\n\t<meta property=\"og:image:height\" content=\"1285\" \/>\n\t<meta property=\"og:image:type\" content=\"image\/png\" \/>\n<meta name=\"twitter:card\" content=\"summary_large_image\" \/>\n<meta name=\"twitter:label1\" content=\"Tiempo de lectura\" \/>\n\t<meta name=\"twitter:data1\" content=\"1 minuto\" \/>\n<script type=\"application\/ld+json\" class=\"yoast-schema-graph\">{\"@context\":\"https:\\\/\\\/schema.org\",\"@graph\":[{\"@type\":\"WebPage\",\"@id\":\"https:\\\/\\\/unitgames.com.ar\\\/pc-gamer\\\/producto\\\/mouse-inalambrico-redragon-star-pro-celeste\\\/\",\"url\":\"https:\\\/\\\/unitgames.com.ar\\\/pc-gamer\\\/producto\\\/mouse-inalambrico-redragon-star-pro-celeste\\\/\",\"name\":\"Mouse Inalambrico REDRAGON Star Pro Celeste - UnitGames\",\"isPartOf\":{\"@id\":\"https:\\\/\\\/unitgames.com.ar\\\/pc-gamer\\\/#website\"},\"primaryImageOfPage\":{\"@id\":\"https:\\\/\\\/unitgames.com.ar\\\/pc-gamer\\\/producto\\\/mouse-inalambrico-redragon-star-pro-celeste\\\/#primaryimage\"},\"image\":{\"@id\":\"https:\\\/\\\/unitgames.com.ar\\\/pc-gamer\\\/producto\\\/mouse-inalambrico-redragon-star-pro-celeste\\\/#primaryimage\"},\"thumbnailUrl\":\"https:\\\/\\\/unitgames.com.ar\\\/pc-gamer\\\/wp-content\\\/uploads\\\/2025\\\/08\\\/Mouse-Inalambrico-REDRAGON-Star-Pro-Celeste.png\",\"datePublished\":\"2025-08-19T13:59:06+00:00\",\"dateModified\":\"2026-05-01T12:38:46+00:00\",\"breadcrumb\":{\"@id\":\"https:\\\/\\\/unitgames.com.ar\\\/pc-gamer\\\/producto\\\/mouse-inalambrico-redragon-star-pro-celeste\\\/#breadcrumb\"},\"inLanguage\":\"es\",\"potentialAction\":[{\"@type\":\"ReadAction\",\"target\":[\"https:\\\/\\\/unitgames.com.ar\\\/pc-gamer\\\/producto\\\/mouse-inalambrico-redragon-star-pro-celeste\\\/\"]}]},{\"@type\":\"ImageObject\",\"inLanguage\":\"es\",\"@id\":\"https:\\\/\\\/unitgames.com.ar\\\/pc-gamer\\\/producto\\\/mouse-inalambrico-redragon-star-pro-celeste\\\/#primaryimage\",\"url\":\"https:\\\/\\\/unitgames.com.ar\\\/pc-gamer\\\/wp-content\\\/uploads\\\/2025\\\/08\\\/Mouse-Inalambrico-REDRAGON-Star-Pro-Celeste.png\",\"contentUrl\":\"https:\\\/\\\/unitgames.com.ar\\\/pc-gamer\\\/wp-content\\\/uploads\\\/2025\\\/08\\\/Mouse-Inalambrico-REDRAGON-Star-Pro-Celeste.png\",\"width\":1263,\"height\":1285},{\"@type\":\"BreadcrumbList\",\"@id\":\"https:\\\/\\\/unitgames.com.ar\\\/pc-gamer\\\/producto\\\/mouse-inalambrico-redragon-star-pro-celeste\\\/#breadcrumb\",\"itemListElement\":[{\"@type\":\"ListItem\",\"position\":1,\"name\":\"Tienda\",\"item\":\"https:\\\/\\\/unitgames.com.ar\\\/pc-gamer\\\/tienda\\\/\"},{\"@type\":\"ListItem\",\"position\":2,\"name\":\"Mouse Inalambrico REDRAGON Star Pro Celeste\"}]},{\"@type\":\"WebSite\",\"@id\":\"https:\\\/\\\/unitgames.com.ar\\\/pc-gamer\\\/#website\",\"url\":\"https:\\\/\\\/unitgames.com.ar\\\/pc-gamer\\\/\",\"name\":\"UnitGames\",\"description\":\"Venta de PC Gamers, Consolas , Servicio Tecnico Especializado. Todos en Accesorios Informaticos y Gamers\",\"publisher\":{\"@id\":\"https:\\\/\\\/unitgames.com.ar\\\/pc-gamer\\\/#organization\"},\"potentialAction\":[{\"@type\":\"SearchAction\",\"target\":{\"@type\":\"EntryPoint\",\"urlTemplate\":\"https:\\\/\\\/unitgames.com.ar\\\/pc-gamer\\\/?s={search_term_string}\"},\"query-input\":{\"@type\":\"PropertyValueSpecification\",\"valueRequired\":true,\"valueName\":\"search_term_string\"}}],\"inLanguage\":\"es\"},{\"@type\":\"Organization\",\"@id\":\"https:\\\/\\\/unitgames.com.ar\\\/pc-gamer\\\/#organization\",\"name\":\"UnitGames\",\"url\":\"https:\\\/\\\/unitgames.com.ar\\\/pc-gamer\\\/\",\"logo\":{\"@type\":\"ImageObject\",\"inLanguage\":\"es\",\"@id\":\"https:\\\/\\\/unitgames.com.ar\\\/pc-gamer\\\/#\\\/schema\\\/logo\\\/image\\\/\",\"url\":\"https:\\\/\\\/unitgames.com.ar\\\/pc-gamer\\\/wp-content\\\/uploads\\\/2021\\\/01\\\/cropped-logoUnitGames2.png\",\"contentUrl\":\"https:\\\/\\\/unitgames.com.ar\\\/pc-gamer\\\/wp-content\\\/uploads\\\/2021\\\/01\\\/cropped-logoUnitGames2.png\",\"width\":152,\"height\":200,\"caption\":\"UnitGames\"},\"image\":{\"@id\":\"https:\\\/\\\/unitgames.com.ar\\\/pc-gamer\\\/#\\\/schema\\\/logo\\\/image\\\/\"}}]}<\/script>\n<!-- \/ Yoast SEO plugin. -->","yoast_head_json":{"title":"Mouse Inalambrico REDRAGON Star Pro Celeste - UnitGames","robots":{"index":"index","follow":"follow","max-snippet":"max-snippet:-1","max-image-preview":"max-image-preview:large","max-video-preview":"max-video-preview:-1"},"canonical":"https:\/\/unitgames.com.ar\/pc-gamer\/producto\/mouse-inalambrico-redragon-star-pro-celeste\/","og_locale":"es_ES","og_type":"article","og_title":"Mouse Inalambrico REDRAGON Star Pro Celeste - UnitGames","og_description":"&#x1f3ae; Mouse Inal\u00e1mbrico REDRAGON Star Pro Celeste El Redragon Star Pro Celeste es un mouse inal\u00e1mbrico dise\u00f1ado para brindar precisi\u00f3n y comodidad en largas sesiones de juego. Con un dise\u00f1o ergon\u00f3mico, sensor de alto rendimiento y retroiluminaci\u00f3n RGB personalizable, ofrece una experiencia gaming completa con total libertad de movimiento. \u00a0Especificaciones T\u00e9cnicas Sensor \u00f3ptico de alta precisi\u00f3n (hasta 12.000 DPI) DPI ajustable en 5 niveles Botones programables: 7 Switches mec\u00e1nicos de alta durabilidad (20 millones de clics) Conexi\u00f3n: Inal\u00e1mbrica 2.4 GHz con receptor USB Bater\u00eda recargable integrada (duraci\u00f3n aproximada: hasta 45 horas con RGB encendido) Retroiluminaci\u00f3n: RGB Chroma personalizable Frecuencia de respuesta: 1000 Hz Cable USB-C para carga y uso h\u00edbrido (cableado\/inal\u00e1mbrico) Dimensiones: 125 x 67 x 40 mm Peso: 96 g Caracter\u00edsticas destacadas Libertad de uso inal\u00e1mbrico con baja latencia Dise\u00f1o ergon\u00f3mico para sesiones de juego prolongadas Iluminaci\u00f3n RGB con m\u00faltiples efectos personalizables Bater\u00eda de larga duraci\u00f3n con carga r\u00e1pida v\u00eda USB-C Switches de alta durabilidad para un uso intensivo","og_url":"https:\/\/unitgames.com.ar\/pc-gamer\/producto\/mouse-inalambrico-redragon-star-pro-celeste\/","og_site_name":"UnitGames","article_modified_time":"2026-05-01T12:38:46+00:00","og_image":[{"width":1263,"height":1285,"url":"https:\/\/unitgames.com.ar\/pc-gamer\/wp-content\/uploads\/2025\/08\/Mouse-Inalambrico-REDRAGON-Star-Pro-Celeste.png","type":"image\/png"}],"twitter_card":"summary_large_image","twitter_misc":{"Tiempo de lectura":"1 minuto"},"schema":{"@context":"https:\/\/schema.org","@graph":[{"@type":"WebPage","@id":"https:\/\/unitgames.com.ar\/pc-gamer\/producto\/mouse-inalambrico-redragon-star-pro-celeste\/","url":"https:\/\/unitgames.com.ar\/pc-gamer\/producto\/mouse-inalambrico-redragon-star-pro-celeste\/","name":"Mouse Inalambrico REDRAGON Star Pro Celeste - UnitGames","isPartOf":{"@id":"https:\/\/unitgames.com.ar\/pc-gamer\/#website"},"primaryImageOfPage":{"@id":"https:\/\/unitgames.com.ar\/pc-gamer\/producto\/mouse-inalambrico-redragon-star-pro-celeste\/#primaryimage"},"image":{"@id":"https:\/\/unitgames.com.ar\/pc-gamer\/producto\/mouse-inalambrico-redragon-star-pro-celeste\/#primaryimage"},"thumbnailUrl":"https:\/\/unitgames.com.ar\/pc-gamer\/wp-content\/uploads\/2025\/08\/Mouse-Inalambrico-REDRAGON-Star-Pro-Celeste.png","datePublished":"2025-08-19T13:59:06+00:00","dateModified":"2026-05-01T12:38:46+00:00","breadcrumb":{"@id":"https:\/\/unitgames.com.ar\/pc-gamer\/producto\/mouse-inalambrico-redragon-star-pro-celeste\/#breadcrumb"},"inLanguage":"es","potentialAction":[{"@type":"ReadAction","target":["https:\/\/unitgames.com.ar\/pc-gamer\/producto\/mouse-inalambrico-redragon-star-pro-celeste\/"]}]},{"@type":"ImageObject","inLanguage":"es","@id":"https:\/\/unitgames.com.ar\/pc-gamer\/producto\/mouse-inalambrico-redragon-star-pro-celeste\/#primaryimage","url":"https:\/\/unitgames.com.ar\/pc-gamer\/wp-content\/uploads\/2025\/08\/Mouse-Inalambrico-REDRAGON-Star-Pro-Celeste.png","contentUrl":"https:\/\/unitgames.com.ar\/pc-gamer\/wp-content\/uploads\/2025\/08\/Mouse-Inalambrico-REDRAGON-Star-Pro-Celeste.png","width":1263,"height":1285},{"@type":"BreadcrumbList","@id":"https:\/\/unitgames.com.ar\/pc-gamer\/producto\/mouse-inalambrico-redragon-star-pro-celeste\/#breadcrumb","itemListElement":[{"@type":"ListItem","position":1,"name":"Tienda","item":"https:\/\/unitgames.com.ar\/pc-gamer\/tienda\/"},{"@type":"ListItem","position":2,"name":"Mouse Inalambrico REDRAGON Star Pro Celeste"}]},{"@type":"WebSite","@id":"https:\/\/unitgames.com.ar\/pc-gamer\/#website","url":"https:\/\/unitgames.com.ar\/pc-gamer\/","name":"UnitGames","description":"Venta de PC Gamers, Consolas , Servicio Tecnico Especializado. Todos en Accesorios Informaticos y Gamers","publisher":{"@id":"https:\/\/unitgames.com.ar\/pc-gamer\/#organization"},"potentialAction":[{"@type":"SearchAction","target":{"@type":"EntryPoint","urlTemplate":"https:\/\/unitgames.com.ar\/pc-gamer\/?s={search_term_string}"},"query-input":{"@type":"PropertyValueSpecification","valueRequired":true,"valueName":"search_term_string"}}],"inLanguage":"es"},{"@type":"Organization","@id":"https:\/\/unitgames.com.ar\/pc-gamer\/#organization","name":"UnitGames","url":"https:\/\/unitgames.com.ar\/pc-gamer\/","logo":{"@type":"ImageObject","inLanguage":"es","@id":"https:\/\/unitgames.com.ar\/pc-gamer\/#\/schema\/logo\/image\/","url":"https:\/\/unitgames.com.ar\/pc-gamer\/wp-content\/uploads\/2021\/01\/cropped-logoUnitGames2.png","contentUrl":"https:\/\/unitgames.com.ar\/pc-gamer\/wp-content\/uploads\/2021\/01\/cropped-logoUnitGames2.png","width":152,"height":200,"caption":"UnitGames"},"image":{"@id":"https:\/\/unitgames.com.ar\/pc-gamer\/#\/schema\/logo\/image\/"}}]}},"_links":{"self":[{"href":"https:\/\/unitgames.com.ar\/pc-gamer\/wp-json\/wp\/v2\/product\/16714","targetHints":{"allow":["GET"]}}],"collection":[{"href":"https:\/\/unitgames.com.ar\/pc-gamer\/wp-json\/wp\/v2\/product"}],"about":[{"href":"https:\/\/unitgames.com.ar\/pc-gamer\/wp-json\/wp\/v2\/types\/product"}],"version-history":[{"count":1,"href":"https:\/\/unitgames.com.ar\/pc-gamer\/wp-json\/wp\/v2\/product\/16714\/revisions"}],"predecessor-version":[{"id":21059,"href":"https:\/\/unitgames.com.ar\/pc-gamer\/wp-json\/wp\/v2\/product\/16714\/revisions\/21059"}],"wp:featuredmedia":[{"embeddable":true,"href":"https:\/\/unitgames.com.ar\/pc-gamer\/wp-json\/wp\/v2\/media\/16728"}],"wp:attachment":[{"href":"https:\/\/unitgames.com.ar\/pc-gamer\/wp-json\/wp\/v2\/media?parent=16714"}],"wp:term":[{"taxonomy":"product_brand","embeddable":true,"href":"https:\/\/unitgames.com.ar\/pc-gamer\/wp-json\/wp\/v2\/product_brand?post=16714"},{"taxonomy":"product_cat","embeddable":true,"href":"https:\/\/unitgames.com.ar\/pc-gamer\/wp-json\/wp\/v2\/product_cat?post=16714"},{"taxonomy":"product_tag","embeddable":true,"href":"https:\/\/unitgames.com.ar\/pc-gamer\/wp-json\/wp\/v2\/product_tag?post=16714"}],"curies":[{"name":"wp","href":"https:\/\/api.w.org\/{rel}","templated":true}]}}