{"id":16969,"date":"2025-08-21T19:23:47","date_gmt":"2025-08-21T22:23:47","guid":{"rendered":"https:\/\/unitgames.com.ar\/pc-gamer\/?post_type=product&#038;p=16969"},"modified":"2026-04-29T18:47:22","modified_gmt":"2026-04-29T21:47:22","slug":"tira-neon-rgb-smd-5050-kit-5-mts","status":"publish","type":"product","link":"https:\/\/unitgames.com.ar\/pc-gamer\/producto\/tira-neon-rgb-smd-5050-kit-5-mts\/","title":{"rendered":"TIRA NEON RGB SMD 5050 Kit 5 mts"},"content":{"rendered":"<p>Tira NEON LED es ultra flexible, lo que permite crear dise\u00f1os y ambientes \u00fanicos. Elaborada con tecnolog\u00eda LED, su consumo es mucho menor, por lo que es el reemplazo perfecto para las luminarias de ne\u00f3n tradicionales. Gracias a su grado de protecci\u00f3n IP65 y a que es Anti-UV, es ideal tanto para decoraciones e instalaciones en interiores como en exteriores, carteler\u00eda, dise\u00f1os creativos y otros ambientes luminosos en general. Es un Kit completo con Fuente de 12V y Controladora lista para usar.<\/p>\n<p>Caracter\u00edsticas<\/p>\n<p>\u2022 Tipo de LED: SMD5050<br \/>\n\u2022 Color: RGB<br \/>\n\u2022 Tensi\u00f3n de entrada: 12V<br \/>\n\u2022 Potencia: 6 W\/m<br \/>\n\u2022 Angulo de apertura: 120\u00b0<br \/>\n\u2022 CRI: 80<br \/>\n\u2022 Dimensiones: 5 m Largo x 12 mm Alto x 5 mm Ancho<br \/>\n\u2022 Protecci\u00f3n: IP65<br \/>\n\u2022 Vida \u00fatil: 30.000 h<br \/>\n\u2022 Origen: China<\/p>\n<p>Producto Incluye<\/p>\n<p>Tira de Ne\u00f3n LED Flex 5M RGB Kit Completo<\/p>\n","protected":false},"excerpt":{"rendered":"<p>Tira NEON LED es ultra flexible, lo que permite crear dise\u00f1os y ambientes \u00fanicos. Elaborada con tecnolog\u00eda LED, su consumo es mucho menor, por lo que es el reemplazo perfecto para las luminarias de ne\u00f3n tradicionales. Gracias a su grado de protecci\u00f3n IP65 y a que es Anti-UV, es ideal tanto para decoraciones e instalaciones en interiores como en exteriores, carteler\u00eda, dise\u00f1os creativos y otros ambientes luminosos en general. Es un Kit completo con Fuente de 12V y Controladora lista para usar. Caracter\u00edsticas \u2022 Tipo de LED: SMD5050 \u2022 Color: RGB \u2022 Tensi\u00f3n de entrada: 12V \u2022 Potencia: 6 W\/m \u2022 Angulo de apertura: 120\u00b0 \u2022 CRI: 80 \u2022 Dimensiones: 5 m Largo x 12 mm Alto x 5 mm Ancho \u2022 Protecci\u00f3n: IP65 \u2022 Vida \u00fatil: 30.000 h \u2022 Origen: China Producto Incluye Tira de Ne\u00f3n LED Flex 5M RGB Kit Completo<\/p>\n","protected":false},"featured_media":10990,"template":"","meta":{"site-sidebar-layout":"default","site-content-layout":"","ast-site-content-layout":"default","site-content-style":"default","site-sidebar-style":"default","ast-global-header-display":"","ast-banner-title-visibility":"","ast-main-header-display":"","ast-hfb-above-header-display":"","ast-hfb-below-header-display":"","ast-hfb-mobile-header-display":"","site-post-title":"","ast-breadcrumbs-content":"","ast-featured-img":"","footer-sml-layout":"","theme-transparent-header-meta":"default","adv-header-id-meta":"","stick-header-meta":"","header-above-stick-meta":"","header-main-stick-meta":"","header-below-stick-meta":"","astra-migrate-meta-layouts":"set","ast-page-background-enabled":"default","ast-page-background-meta":{"desktop":{"background-color":"var(--ast-global-color-5)","background-image":"","background-repeat":"repeat","background-position":"center center","background-size":"auto","background-attachment":"scroll","background-type":"","background-media":"","overlay-type":"","overlay-color":"","overlay-opacity":"","overlay-gradient":""},"tablet":{"background-color":"","background-image":"","background-repeat":"repeat","background-position":"center center","background-size":"auto","background-attachment":"scroll","background-type":"","background-media":"","overlay-type":"","overlay-color":"","overlay-opacity":"","overlay-gradient":""},"mobile":{"background-color":"","background-image":"","background-repeat":"repeat","background-position":"center center","background-size":"auto","background-attachment":"scroll","background-type":"","background-media":"","overlay-type":"","overlay-color":"","overlay-opacity":"","overlay-gradient":""}},"ast-content-background-meta":{"desktop":{"background-color":"var(--ast-global-color-4)","background-image":"","background-repeat":"repeat","background-position":"center center","background-size":"auto","background-attachment":"scroll","background-type":"","background-media":"","overlay-type":"","overlay-color":"","overlay-opacity":"","overlay-gradient":""},"tablet":{"background-color":"var(--ast-global-color-4)","background-image":"","background-repeat":"repeat","background-position":"center center","background-size":"auto","background-attachment":"scroll","background-type":"","background-media":"","overlay-type":"","overlay-color":"","overlay-opacity":"","overlay-gradient":""},"mobile":{"background-color":"var(--ast-global-color-4)","background-image":"","background-repeat":"repeat","background-position":"center center","background-size":"auto","background-attachment":"scroll","background-type":"","background-media":"","overlay-type":"","overlay-color":"","overlay-opacity":"","overlay-gradient":""}},"_joinchat":[]},"product_brand":[],"product_cat":[148,94],"product_tag":[],"class_list":{"0":"post-16969","1":"product","2":"type-product","3":"status-publish","4":"has-post-thumbnail","6":"product_cat-lucesycontroladores","7":"product_cat-varios","8":"desktop-align-center","9":"tablet-align-left","10":"mobile-align-left","12":"first","13":"instock","14":"shipping-taxable","15":"purchasable","16":"product-type-simple"},"yoast_head":"<!-- This site is optimized with the Yoast SEO plugin v27.5 - https:\/\/yoast.com\/product\/yoast-seo-wordpress\/ -->\n<title>TIRA NEON RGB SMD 5050 Kit 5 mts - UnitGames<\/title>\n<meta name=\"robots\" content=\"index, follow, max-snippet:-1, max-image-preview:large, max-video-preview:-1\" \/>\n<link rel=\"canonical\" href=\"https:\/\/unitgames.com.ar\/pc-gamer\/producto\/tira-neon-rgb-smd-5050-kit-5-mts\/\" \/>\n<meta property=\"og:locale\" content=\"es_ES\" \/>\n<meta property=\"og:type\" content=\"article\" \/>\n<meta property=\"og:title\" content=\"TIRA NEON RGB SMD 5050 Kit 5 mts - UnitGames\" \/>\n<meta property=\"og:description\" content=\"Tira NEON LED es ultra flexible, lo que permite crear dise\u00f1os y ambientes \u00fanicos. Elaborada con tecnolog\u00eda LED, su consumo es mucho menor, por lo que es el reemplazo perfecto para las luminarias de ne\u00f3n tradicionales. Gracias a su grado de protecci\u00f3n IP65 y a que es Anti-UV, es ideal tanto para decoraciones e instalaciones en interiores como en exteriores, carteler\u00eda, dise\u00f1os creativos y otros ambientes luminosos en general. Es un Kit completo con Fuente de 12V y Controladora lista para usar. Caracter\u00edsticas \u2022 Tipo de LED: SMD5050 \u2022 Color: RGB \u2022 Tensi\u00f3n de entrada: 12V \u2022 Potencia: 6 W\/m \u2022 Angulo de apertura: 120\u00b0 \u2022 CRI: 80 \u2022 Dimensiones: 5 m Largo x 12 mm Alto x 5 mm Ancho \u2022 Protecci\u00f3n: IP65 \u2022 Vida \u00fatil: 30.000 h \u2022 Origen: China Producto Incluye Tira de Ne\u00f3n LED Flex 5M RGB Kit Completo\" \/>\n<meta property=\"og:url\" content=\"https:\/\/unitgames.com.ar\/pc-gamer\/producto\/tira-neon-rgb-smd-5050-kit-5-mts\/\" \/>\n<meta property=\"og:site_name\" content=\"UnitGames\" \/>\n<meta property=\"article:modified_time\" content=\"2026-04-29T21:47:22+00:00\" \/>\n<meta property=\"og:image\" content=\"https:\/\/unitgames.com.ar\/pc-gamer\/wp-content\/uploads\/2024\/06\/TIRA-NEON-RGB-Kit-5-mts.png\" \/>\n\t<meta property=\"og:image:width\" content=\"1282\" \/>\n\t<meta property=\"og:image:height\" content=\"1285\" \/>\n\t<meta property=\"og:image:type\" content=\"image\/png\" \/>\n<meta name=\"twitter:card\" content=\"summary_large_image\" \/>\n<meta name=\"twitter:label1\" content=\"Tiempo de lectura\" \/>\n\t<meta name=\"twitter:data1\" content=\"1 minuto\" \/>\n<script type=\"application\/ld+json\" class=\"yoast-schema-graph\">{\"@context\":\"https:\\\/\\\/schema.org\",\"@graph\":[{\"@type\":\"WebPage\",\"@id\":\"https:\\\/\\\/unitgames.com.ar\\\/pc-gamer\\\/producto\\\/tira-neon-rgb-smd-5050-kit-5-mts\\\/\",\"url\":\"https:\\\/\\\/unitgames.com.ar\\\/pc-gamer\\\/producto\\\/tira-neon-rgb-smd-5050-kit-5-mts\\\/\",\"name\":\"TIRA NEON RGB SMD 5050 Kit 5 mts - UnitGames\",\"isPartOf\":{\"@id\":\"https:\\\/\\\/unitgames.com.ar\\\/pc-gamer\\\/#website\"},\"primaryImageOfPage\":{\"@id\":\"https:\\\/\\\/unitgames.com.ar\\\/pc-gamer\\\/producto\\\/tira-neon-rgb-smd-5050-kit-5-mts\\\/#primaryimage\"},\"image\":{\"@id\":\"https:\\\/\\\/unitgames.com.ar\\\/pc-gamer\\\/producto\\\/tira-neon-rgb-smd-5050-kit-5-mts\\\/#primaryimage\"},\"thumbnailUrl\":\"https:\\\/\\\/unitgames.com.ar\\\/pc-gamer\\\/wp-content\\\/uploads\\\/2024\\\/06\\\/TIRA-NEON-RGB-Kit-5-mts.png\",\"datePublished\":\"2025-08-21T22:23:47+00:00\",\"dateModified\":\"2026-04-29T21:47:22+00:00\",\"breadcrumb\":{\"@id\":\"https:\\\/\\\/unitgames.com.ar\\\/pc-gamer\\\/producto\\\/tira-neon-rgb-smd-5050-kit-5-mts\\\/#breadcrumb\"},\"inLanguage\":\"es\",\"potentialAction\":[{\"@type\":\"ReadAction\",\"target\":[\"https:\\\/\\\/unitgames.com.ar\\\/pc-gamer\\\/producto\\\/tira-neon-rgb-smd-5050-kit-5-mts\\\/\"]}]},{\"@type\":\"ImageObject\",\"inLanguage\":\"es\",\"@id\":\"https:\\\/\\\/unitgames.com.ar\\\/pc-gamer\\\/producto\\\/tira-neon-rgb-smd-5050-kit-5-mts\\\/#primaryimage\",\"url\":\"https:\\\/\\\/unitgames.com.ar\\\/pc-gamer\\\/wp-content\\\/uploads\\\/2024\\\/06\\\/TIRA-NEON-RGB-Kit-5-mts.png\",\"contentUrl\":\"https:\\\/\\\/unitgames.com.ar\\\/pc-gamer\\\/wp-content\\\/uploads\\\/2024\\\/06\\\/TIRA-NEON-RGB-Kit-5-mts.png\",\"width\":1282,\"height\":1285},{\"@type\":\"BreadcrumbList\",\"@id\":\"https:\\\/\\\/unitgames.com.ar\\\/pc-gamer\\\/producto\\\/tira-neon-rgb-smd-5050-kit-5-mts\\\/#breadcrumb\",\"itemListElement\":[{\"@type\":\"ListItem\",\"position\":1,\"name\":\"Tienda\",\"item\":\"https:\\\/\\\/unitgames.com.ar\\\/pc-gamer\\\/tienda\\\/\"},{\"@type\":\"ListItem\",\"position\":2,\"name\":\"TIRA NEON RGB SMD 5050 Kit 5 mts\"}]},{\"@type\":\"WebSite\",\"@id\":\"https:\\\/\\\/unitgames.com.ar\\\/pc-gamer\\\/#website\",\"url\":\"https:\\\/\\\/unitgames.com.ar\\\/pc-gamer\\\/\",\"name\":\"UnitGames\",\"description\":\"Venta de PC Gamers, Consolas , Servicio Tecnico Especializado. Todos en Accesorios Informaticos y Gamers\",\"publisher\":{\"@id\":\"https:\\\/\\\/unitgames.com.ar\\\/pc-gamer\\\/#organization\"},\"potentialAction\":[{\"@type\":\"SearchAction\",\"target\":{\"@type\":\"EntryPoint\",\"urlTemplate\":\"https:\\\/\\\/unitgames.com.ar\\\/pc-gamer\\\/?s={search_term_string}\"},\"query-input\":{\"@type\":\"PropertyValueSpecification\",\"valueRequired\":true,\"valueName\":\"search_term_string\"}}],\"inLanguage\":\"es\"},{\"@type\":\"Organization\",\"@id\":\"https:\\\/\\\/unitgames.com.ar\\\/pc-gamer\\\/#organization\",\"name\":\"UnitGames\",\"url\":\"https:\\\/\\\/unitgames.com.ar\\\/pc-gamer\\\/\",\"logo\":{\"@type\":\"ImageObject\",\"inLanguage\":\"es\",\"@id\":\"https:\\\/\\\/unitgames.com.ar\\\/pc-gamer\\\/#\\\/schema\\\/logo\\\/image\\\/\",\"url\":\"https:\\\/\\\/unitgames.com.ar\\\/pc-gamer\\\/wp-content\\\/uploads\\\/2021\\\/01\\\/cropped-logoUnitGames2.png\",\"contentUrl\":\"https:\\\/\\\/unitgames.com.ar\\\/pc-gamer\\\/wp-content\\\/uploads\\\/2021\\\/01\\\/cropped-logoUnitGames2.png\",\"width\":152,\"height\":200,\"caption\":\"UnitGames\"},\"image\":{\"@id\":\"https:\\\/\\\/unitgames.com.ar\\\/pc-gamer\\\/#\\\/schema\\\/logo\\\/image\\\/\"}}]}<\/script>\n<!-- \/ Yoast SEO plugin. -->","yoast_head_json":{"title":"TIRA NEON RGB SMD 5050 Kit 5 mts - UnitGames","robots":{"index":"index","follow":"follow","max-snippet":"max-snippet:-1","max-image-preview":"max-image-preview:large","max-video-preview":"max-video-preview:-1"},"canonical":"https:\/\/unitgames.com.ar\/pc-gamer\/producto\/tira-neon-rgb-smd-5050-kit-5-mts\/","og_locale":"es_ES","og_type":"article","og_title":"TIRA NEON RGB SMD 5050 Kit 5 mts - UnitGames","og_description":"Tira NEON LED es ultra flexible, lo que permite crear dise\u00f1os y ambientes \u00fanicos. Elaborada con tecnolog\u00eda LED, su consumo es mucho menor, por lo que es el reemplazo perfecto para las luminarias de ne\u00f3n tradicionales. Gracias a su grado de protecci\u00f3n IP65 y a que es Anti-UV, es ideal tanto para decoraciones e instalaciones en interiores como en exteriores, carteler\u00eda, dise\u00f1os creativos y otros ambientes luminosos en general. Es un Kit completo con Fuente de 12V y Controladora lista para usar. Caracter\u00edsticas \u2022 Tipo de LED: SMD5050 \u2022 Color: RGB \u2022 Tensi\u00f3n de entrada: 12V \u2022 Potencia: 6 W\/m \u2022 Angulo de apertura: 120\u00b0 \u2022 CRI: 80 \u2022 Dimensiones: 5 m Largo x 12 mm Alto x 5 mm Ancho \u2022 Protecci\u00f3n: IP65 \u2022 Vida \u00fatil: 30.000 h \u2022 Origen: China Producto Incluye Tira de Ne\u00f3n LED Flex 5M RGB Kit Completo","og_url":"https:\/\/unitgames.com.ar\/pc-gamer\/producto\/tira-neon-rgb-smd-5050-kit-5-mts\/","og_site_name":"UnitGames","article_modified_time":"2026-04-29T21:47:22+00:00","og_image":[{"width":1282,"height":1285,"url":"https:\/\/unitgames.com.ar\/pc-gamer\/wp-content\/uploads\/2024\/06\/TIRA-NEON-RGB-Kit-5-mts.png","type":"image\/png"}],"twitter_card":"summary_large_image","twitter_misc":{"Tiempo de lectura":"1 minuto"},"schema":{"@context":"https:\/\/schema.org","@graph":[{"@type":"WebPage","@id":"https:\/\/unitgames.com.ar\/pc-gamer\/producto\/tira-neon-rgb-smd-5050-kit-5-mts\/","url":"https:\/\/unitgames.com.ar\/pc-gamer\/producto\/tira-neon-rgb-smd-5050-kit-5-mts\/","name":"TIRA NEON RGB SMD 5050 Kit 5 mts - UnitGames","isPartOf":{"@id":"https:\/\/unitgames.com.ar\/pc-gamer\/#website"},"primaryImageOfPage":{"@id":"https:\/\/unitgames.com.ar\/pc-gamer\/producto\/tira-neon-rgb-smd-5050-kit-5-mts\/#primaryimage"},"image":{"@id":"https:\/\/unitgames.com.ar\/pc-gamer\/producto\/tira-neon-rgb-smd-5050-kit-5-mts\/#primaryimage"},"thumbnailUrl":"https:\/\/unitgames.com.ar\/pc-gamer\/wp-content\/uploads\/2024\/06\/TIRA-NEON-RGB-Kit-5-mts.png","datePublished":"2025-08-21T22:23:47+00:00","dateModified":"2026-04-29T21:47:22+00:00","breadcrumb":{"@id":"https:\/\/unitgames.com.ar\/pc-gamer\/producto\/tira-neon-rgb-smd-5050-kit-5-mts\/#breadcrumb"},"inLanguage":"es","potentialAction":[{"@type":"ReadAction","target":["https:\/\/unitgames.com.ar\/pc-gamer\/producto\/tira-neon-rgb-smd-5050-kit-5-mts\/"]}]},{"@type":"ImageObject","inLanguage":"es","@id":"https:\/\/unitgames.com.ar\/pc-gamer\/producto\/tira-neon-rgb-smd-5050-kit-5-mts\/#primaryimage","url":"https:\/\/unitgames.com.ar\/pc-gamer\/wp-content\/uploads\/2024\/06\/TIRA-NEON-RGB-Kit-5-mts.png","contentUrl":"https:\/\/unitgames.com.ar\/pc-gamer\/wp-content\/uploads\/2024\/06\/TIRA-NEON-RGB-Kit-5-mts.png","width":1282,"height":1285},{"@type":"BreadcrumbList","@id":"https:\/\/unitgames.com.ar\/pc-gamer\/producto\/tira-neon-rgb-smd-5050-kit-5-mts\/#breadcrumb","itemListElement":[{"@type":"ListItem","position":1,"name":"Tienda","item":"https:\/\/unitgames.com.ar\/pc-gamer\/tienda\/"},{"@type":"ListItem","position":2,"name":"TIRA NEON RGB SMD 5050 Kit 5 mts"}]},{"@type":"WebSite","@id":"https:\/\/unitgames.com.ar\/pc-gamer\/#website","url":"https:\/\/unitgames.com.ar\/pc-gamer\/","name":"UnitGames","description":"Venta de PC Gamers, Consolas , Servicio Tecnico Especializado. Todos en Accesorios Informaticos y Gamers","publisher":{"@id":"https:\/\/unitgames.com.ar\/pc-gamer\/#organization"},"potentialAction":[{"@type":"SearchAction","target":{"@type":"EntryPoint","urlTemplate":"https:\/\/unitgames.com.ar\/pc-gamer\/?s={search_term_string}"},"query-input":{"@type":"PropertyValueSpecification","valueRequired":true,"valueName":"search_term_string"}}],"inLanguage":"es"},{"@type":"Organization","@id":"https:\/\/unitgames.com.ar\/pc-gamer\/#organization","name":"UnitGames","url":"https:\/\/unitgames.com.ar\/pc-gamer\/","logo":{"@type":"ImageObject","inLanguage":"es","@id":"https:\/\/unitgames.com.ar\/pc-gamer\/#\/schema\/logo\/image\/","url":"https:\/\/unitgames.com.ar\/pc-gamer\/wp-content\/uploads\/2021\/01\/cropped-logoUnitGames2.png","contentUrl":"https:\/\/unitgames.com.ar\/pc-gamer\/wp-content\/uploads\/2021\/01\/cropped-logoUnitGames2.png","width":152,"height":200,"caption":"UnitGames"},"image":{"@id":"https:\/\/unitgames.com.ar\/pc-gamer\/#\/schema\/logo\/image\/"}}]}},"_links":{"self":[{"href":"https:\/\/unitgames.com.ar\/pc-gamer\/wp-json\/wp\/v2\/product\/16969","targetHints":{"allow":["GET"]}}],"collection":[{"href":"https:\/\/unitgames.com.ar\/pc-gamer\/wp-json\/wp\/v2\/product"}],"about":[{"href":"https:\/\/unitgames.com.ar\/pc-gamer\/wp-json\/wp\/v2\/types\/product"}],"version-history":[{"count":1,"href":"https:\/\/unitgames.com.ar\/pc-gamer\/wp-json\/wp\/v2\/product\/16969\/revisions"}],"predecessor-version":[{"id":21042,"href":"https:\/\/unitgames.com.ar\/pc-gamer\/wp-json\/wp\/v2\/product\/16969\/revisions\/21042"}],"wp:featuredmedia":[{"embeddable":true,"href":"https:\/\/unitgames.com.ar\/pc-gamer\/wp-json\/wp\/v2\/media\/10990"}],"wp:attachment":[{"href":"https:\/\/unitgames.com.ar\/pc-gamer\/wp-json\/wp\/v2\/media?parent=16969"}],"wp:term":[{"taxonomy":"product_brand","embeddable":true,"href":"https:\/\/unitgames.com.ar\/pc-gamer\/wp-json\/wp\/v2\/product_brand?post=16969"},{"taxonomy":"product_cat","embeddable":true,"href":"https:\/\/unitgames.com.ar\/pc-gamer\/wp-json\/wp\/v2\/product_cat?post=16969"},{"taxonomy":"product_tag","embeddable":true,"href":"https:\/\/unitgames.com.ar\/pc-gamer\/wp-json\/wp\/v2\/product_tag?post=16969"}],"curies":[{"name":"wp","href":"https:\/\/api.w.org\/{rel}","templated":true}]}}