{"id":17152,"date":"2025-09-09T17:56:20","date_gmt":"2025-09-09T20:56:20","guid":{"rendered":"https:\/\/unitgames.com.ar\/pc-gamer\/?post_type=product&#038;p=17152"},"modified":"2026-02-27T17:00:43","modified_gmt":"2026-02-27T20:00:43","slug":"monitor-msi-25-pro-mp251l-e2","status":"publish","type":"product","link":"https:\/\/unitgames.com.ar\/pc-gamer\/producto\/monitor-msi-25-pro-mp251l-e2\/","title":{"rendered":"Monitor MSI 25 PRO MP251L E2 120Hz"},"content":{"rendered":"<p data-start=\"149\" data-end=\"206\"><strong data-start=\"153\" data-end=\"206\">Monitor MSI PRO MP251L E2 (25&#8243; Full HD, 120 Hz)<\/strong><\/p>\n<p data-start=\"208\" data-end=\"343\">Un monitor profesional dise\u00f1ado para entornos de trabajo y estudio que combina rendimiento visual fluido, ergonom\u00eda, y estilos limpios.<\/p>\n<hr data-start=\"345\" data-end=\"348\" \/>\n<p data-start=\"350\" data-end=\"382\"><strong data-start=\"353\" data-end=\"382\">Especificaciones T\u00e9cnicas<\/strong><\/p>\n<p data-start=\"350\" data-end=\"382\">\n<ul data-start=\"384\" data-end=\"914\">\n<li data-start=\"384\" data-end=\"435\">\n<p data-start=\"386\" data-end=\"435\"><strong data-start=\"386\" data-end=\"398\">Pantalla<\/strong>: 24.5&#8243; IPS, Full HD (1920 \u00d7 1080)<\/p>\n<\/li>\n<li data-start=\"436\" data-end=\"475\">\n<p data-start=\"438\" data-end=\"475\"><strong data-start=\"438\" data-end=\"464\">Frecuencia de refresco<\/strong>: 120 Hz<\/p>\n<\/li>\n<li data-start=\"476\" data-end=\"530\">\n<p data-start=\"478\" data-end=\"530\"><strong data-start=\"478\" data-end=\"501\">Tiempo de respuesta<\/strong>: 1 ms (MPRT) \/ 4 ms (GtG)<\/p>\n<\/li>\n<li data-start=\"531\" data-end=\"556\">\n<p data-start=\"533\" data-end=\"556\"><strong data-start=\"533\" data-end=\"543\">Brillo<\/strong>: 250 nits<\/p>\n<\/li>\n<li data-start=\"557\" data-end=\"595\">\n<p data-start=\"559\" data-end=\"595\"><strong data-start=\"559\" data-end=\"572\">Contraste<\/strong>: 1500:1 (Smart DCR)<\/p>\n<\/li>\n<li data-start=\"596\" data-end=\"655\">\n<p data-start=\"598\" data-end=\"655\"><strong data-start=\"598\" data-end=\"619\">\u00c1ngulos de visi\u00f3n<\/strong>: 178\u00b0 horizontal \/ 178\u00b0 vertical<\/p>\n<\/li>\n<li data-start=\"656\" data-end=\"694\">\n<p data-start=\"658\" data-end=\"694\"><strong data-start=\"658\" data-end=\"680\">Cobertura de color<\/strong>: sRGB 99 %<\/p>\n<\/li>\n<li data-start=\"695\" data-end=\"754\">\n<p data-start=\"697\" data-end=\"754\"><strong data-start=\"697\" data-end=\"711\">Superficie<\/strong>: Tratamiento antirreflejos \/ Anti-glare<\/p>\n<\/li>\n<li data-start=\"755\" data-end=\"830\">\n<p data-start=\"757\" data-end=\"830\"><strong data-start=\"757\" data-end=\"778\">Coloraci\u00f3n y bits<\/strong>: 16.7 millones de colores, 8 bits (6 bits + FRC)<\/p>\n<\/li>\n<li data-start=\"831\" data-end=\"873\">\n<p data-start=\"833\" data-end=\"873\"><strong data-start=\"833\" data-end=\"848\">\u00c1rea activa<\/strong>: 543.744 \u00d7 302.616 mm<\/p>\n<\/li>\n<li data-start=\"874\" data-end=\"914\">\n<p data-start=\"876\" data-end=\"914\"><strong data-start=\"876\" data-end=\"891\">Pixel Pitch<\/strong>: 0.2832 \u00d7 0.2802 mm<\/p>\n<\/li>\n<\/ul>\n<p data-start=\"916\" data-end=\"934\"><strong data-start=\"916\" data-end=\"932\">Conectividad<\/strong><\/p>\n<ul data-start=\"935\" data-end=\"1014\">\n<li data-start=\"935\" data-end=\"974\">\n<p data-start=\"937\" data-end=\"974\">1 \u00d7 HDMI 1.4b (hasta FHD @ 120 Hz)<\/p>\n<\/li>\n<li data-start=\"975\" data-end=\"1014\">\n<p data-start=\"977\" data-end=\"1014\">1 \u00d7 D-Sub (VGA, hasta FHD @ 60 Hz)<\/p>\n<\/li>\n<\/ul>\n<p data-start=\"1016\" data-end=\"1035\"><strong data-start=\"1016\" data-end=\"1033\">Extras \u00fatiles<\/strong><\/p>\n<ul data-start=\"1036\" data-end=\"1241\">\n<li data-start=\"1036\" data-end=\"1069\">\n<p data-start=\"1038\" data-end=\"1069\">Compatible VESA 100 \u00d7 100 mm<\/p>\n<\/li>\n<li data-start=\"1070\" data-end=\"1112\">\n<p data-start=\"1072\" data-end=\"1112\">Kensington Lock para seguridad f\u00edsica<\/p>\n<\/li>\n<li data-start=\"1113\" data-end=\"1172\">\n<p data-start=\"1115\" data-end=\"1172\">Montaje con inclinaci\u00f3n ajustable de \u20135\u00b0 a +20\u00b0 (Tilt)<\/p>\n<\/li>\n<li data-start=\"1173\" data-end=\"1241\">\n<p data-start=\"1175\" data-end=\"1241\">Tecnolog\u00eda Adaptive-Sync para una experiencia visual m\u00e1s fluida<\/p>\n<\/li>\n<\/ul>\n<p data-start=\"1243\" data-end=\"1270\"><strong data-start=\"1243\" data-end=\"1268\">Dimensiones y energ\u00eda<\/strong><\/p>\n<ul data-start=\"1271\" data-end=\"1423\">\n<li data-start=\"1271\" data-end=\"1323\">\n<p data-start=\"1273\" data-end=\"1323\">Dimensiones (W \u00d7 D \u00d7 H): 557.2 \u00d7 192 \u00d7 413.9 mm<\/p>\n<\/li>\n<li data-start=\"1324\" data-end=\"1347\">\n<p data-start=\"1326\" data-end=\"1347\">Peso neto: 2.84 kg<\/p>\n<\/li>\n<li data-start=\"1348\" data-end=\"1423\">\n<p data-start=\"1350\" data-end=\"1423\">Alimentaci\u00f3n: Adaptador externo 12V 2.5 A, entrada 100\u2013240 V, 50\/60 Hz<\/p>\n<\/li>\n<\/ul>\n<p data-start=\"1425\" data-end=\"1458\"><strong data-start=\"1425\" data-end=\"1456\">Funcionalidades adicionales<\/strong><\/p>\n<ul data-start=\"1459\" data-end=\"1733\">\n<li data-start=\"1459\" data-end=\"1526\">\n<p data-start=\"1461\" data-end=\"1526\">Dise\u00f1o \u00abPerfectEdge\u00bb: bordes ultra delgados en cuatro costados<\/p>\n<\/li>\n<li data-start=\"1527\" data-end=\"1659\">\n<p data-start=\"1529\" data-end=\"1659\">Soluci\u00f3n <strong data-start=\"1538\" data-end=\"1550\">EyesErgo<\/strong>: incluye tecnolog\u00edas certificadas T\u00dcV (Less Blue Light, Anti-Flicker, Eye-Q Check) para protecci\u00f3n visual<\/p>\n<\/li>\n<li data-start=\"1660\" data-end=\"1733\">\n<p data-start=\"1662\" data-end=\"1733\">Incluye instancia de Adaptive-Sync para evitar cortes y ruido visual<\/p>\n<\/li>\n<\/ul>\n<hr data-start=\"1735\" data-end=\"1738\" \/>\n<p data-start=\"1740\" data-end=\"1772\"><strong data-start=\"1742\" data-end=\"1772\">Caracter\u00edsticas destacadas<\/strong><\/p>\n<p data-start=\"1740\" data-end=\"1772\">\n<ul data-start=\"1774\" data-end=\"2137\">\n<li data-start=\"1774\" data-end=\"1814\">\n<p data-start=\"1776\" data-end=\"1814\">Fluidez visual con <strong data-start=\"1795\" data-end=\"1812\">120 Hz y 1 ms<\/strong><\/p>\n<\/li>\n<li data-start=\"1815\" data-end=\"1903\">\n<p data-start=\"1817\" data-end=\"1903\">Calidad de imagen precisa en un panel <strong data-start=\"1855\" data-end=\"1870\">IPS Full HD<\/strong> con excelente \u00e1ngulo de visi\u00f3n<\/p>\n<\/li>\n<li data-start=\"1904\" data-end=\"1974\">\n<p data-start=\"1906\" data-end=\"1974\">Dise\u00f1o elegante y compacto con bordes ultra delgados (PerfectEdge)<\/p>\n<\/li>\n<li data-start=\"1975\" data-end=\"2053\">\n<p data-start=\"1977\" data-end=\"2053\">Protecci\u00f3n ocular avanzada ideal para largas sesiones de trabajo o estudio<\/p>\n<\/li>\n<li data-start=\"2054\" data-end=\"2137\">\n<p data-start=\"2056\" data-end=\"2137\">Facilita una instalaci\u00f3n limpia y estable con montaje VESA y bloqueo Kensington<\/p>\n<\/li>\n<\/ul>\n","protected":false},"excerpt":{"rendered":"<p>Monitor MSI PRO MP251L E2 (25&#8243; Full HD, 120 Hz) Un monitor profesional dise\u00f1ado para entornos de trabajo y estudio que combina rendimiento visual fluido, ergonom\u00eda, y estilos limpios. Especificaciones T\u00e9cnicas Pantalla: 24.5&#8243; IPS, Full HD (1920 \u00d7 1080) Frecuencia de refresco: 120 Hz Tiempo de respuesta: 1 ms (MPRT) \/ 4 ms (GtG) Brillo: 250 nits Contraste: 1500:1 (Smart DCR) \u00c1ngulos de visi\u00f3n: 178\u00b0 horizontal \/ 178\u00b0 vertical Cobertura de color: sRGB 99 % Superficie: Tratamiento antirreflejos \/ Anti-glare Coloraci\u00f3n y bits: 16.7 millones de colores, 8 bits (6 bits + FRC) \u00c1rea activa: 543.744 \u00d7 302.616 mm Pixel Pitch: 0.2832 \u00d7 0.2802 mm Conectividad 1 \u00d7 HDMI 1.4b (hasta FHD @ 120 Hz) 1 \u00d7 D-Sub (VGA, hasta FHD @ 60 Hz) Extras \u00fatiles Compatible VESA 100 \u00d7 100 mm Kensington Lock para seguridad f\u00edsica Montaje con inclinaci\u00f3n ajustable de \u20135\u00b0 a +20\u00b0 (Tilt) Tecnolog\u00eda Adaptive-Sync para una experiencia visual m\u00e1s fluida Dimensiones y energ\u00eda Dimensiones (W \u00d7 D \u00d7 H): 557.2 \u00d7 192 \u00d7 413.9 mm Peso neto: 2.84 kg Alimentaci\u00f3n: Adaptador externo 12V 2.5 A, entrada 100\u2013240 V, 50\/60 Hz Funcionalidades adicionales Dise\u00f1o \u00abPerfectEdge\u00bb: bordes ultra delgados en cuatro costados Soluci\u00f3n EyesErgo: incluye tecnolog\u00edas certificadas T\u00dcV (Less Blue Light, Anti-Flicker, Eye-Q Check) para protecci\u00f3n visual Incluye instancia de Adaptive-Sync para evitar cortes y ruido visual Caracter\u00edsticas destacadas Fluidez visual con 120 Hz y 1 ms Calidad de imagen precisa en un panel IPS Full HD con excelente \u00e1ngulo de visi\u00f3n Dise\u00f1o elegante y compacto con bordes ultra delgados (PerfectEdge) Protecci\u00f3n ocular avanzada ideal para largas sesiones de trabajo o estudio Facilita una instalaci\u00f3n limpia y estable con montaje VESA y bloqueo Kensington<\/p>\n","protected":false},"featured_media":15262,"template":"","meta":{"site-sidebar-layout":"default","site-content-layout":"","ast-site-content-layout":"default","site-content-style":"default","site-sidebar-style":"default","ast-global-header-display":"","ast-banner-title-visibility":"","ast-main-header-display":"","ast-hfb-above-header-display":"","ast-hfb-below-header-display":"","ast-hfb-mobile-header-display":"","site-post-title":"","ast-breadcrumbs-content":"","ast-featured-img":"","footer-sml-layout":"","theme-transparent-header-meta":"default","adv-header-id-meta":"","stick-header-meta":"","header-above-stick-meta":"","header-main-stick-meta":"","header-below-stick-meta":"","astra-migrate-meta-layouts":"set","ast-page-background-enabled":"default","ast-page-background-meta":{"desktop":{"background-color":"var(--ast-global-color-5)","background-image":"","background-repeat":"repeat","background-position":"center center","background-size":"auto","background-attachment":"scroll","background-type":"","background-media":"","overlay-type":"","overlay-color":"","overlay-opacity":"","overlay-gradient":""},"tablet":{"background-color":"","background-image":"","background-repeat":"repeat","background-position":"center center","background-size":"auto","background-attachment":"scroll","background-type":"","background-media":"","overlay-type":"","overlay-color":"","overlay-opacity":"","overlay-gradient":""},"mobile":{"background-color":"","background-image":"","background-repeat":"repeat","background-position":"center center","background-size":"auto","background-attachment":"scroll","background-type":"","background-media":"","overlay-type":"","overlay-color":"","overlay-opacity":"","overlay-gradient":""}},"ast-content-background-meta":{"desktop":{"background-color":"var(--ast-global-color-4)","background-image":"","background-repeat":"repeat","background-position":"center center","background-size":"auto","background-attachment":"scroll","background-type":"","background-media":"","overlay-type":"","overlay-color":"","overlay-opacity":"","overlay-gradient":""},"tablet":{"background-color":"var(--ast-global-color-4)","background-image":"","background-repeat":"repeat","background-position":"center center","background-size":"auto","background-attachment":"scroll","background-type":"","background-media":"","overlay-type":"","overlay-color":"","overlay-opacity":"","overlay-gradient":""},"mobile":{"background-color":"var(--ast-global-color-4)","background-image":"","background-repeat":"repeat","background-position":"center center","background-size":"auto","background-attachment":"scroll","background-type":"","background-media":"","overlay-type":"","overlay-color":"","overlay-opacity":"","overlay-gradient":""}},"_joinchat":[]},"product_brand":[],"product_cat":[70],"product_tag":[],"class_list":{"0":"post-17152","1":"product","2":"type-product","3":"status-publish","4":"has-post-thumbnail","6":"product_cat-monitores","7":"desktop-align-center","8":"tablet-align-left","9":"mobile-align-left","11":"first","12":"instock","13":"shipping-taxable","14":"purchasable","15":"product-type-simple"},"yoast_head":"<!-- This site is optimized with the Yoast SEO plugin v27.5 - https:\/\/yoast.com\/product\/yoast-seo-wordpress\/ -->\n<title>Monitor MSI 25 PRO MP251L E2 120Hz - UnitGames<\/title>\n<meta name=\"robots\" content=\"index, follow, max-snippet:-1, max-image-preview:large, max-video-preview:-1\" \/>\n<link rel=\"canonical\" href=\"https:\/\/unitgames.com.ar\/pc-gamer\/producto\/monitor-msi-25-pro-mp251l-e2\/\" \/>\n<meta property=\"og:locale\" content=\"es_ES\" \/>\n<meta property=\"og:type\" content=\"article\" \/>\n<meta property=\"og:title\" content=\"Monitor MSI 25 PRO MP251L E2 120Hz - UnitGames\" \/>\n<meta property=\"og:description\" content=\"Monitor MSI PRO MP251L E2 (25&#8243; Full HD, 120 Hz) Un monitor profesional dise\u00f1ado para entornos de trabajo y estudio que combina rendimiento visual fluido, ergonom\u00eda, y estilos limpios. Especificaciones T\u00e9cnicas Pantalla: 24.5&#8243; IPS, Full HD (1920 \u00d7 1080) Frecuencia de refresco: 120 Hz Tiempo de respuesta: 1 ms (MPRT) \/ 4 ms (GtG) Brillo: 250 nits Contraste: 1500:1 (Smart DCR) \u00c1ngulos de visi\u00f3n: 178\u00b0 horizontal \/ 178\u00b0 vertical Cobertura de color: sRGB 99 % Superficie: Tratamiento antirreflejos \/ Anti-glare Coloraci\u00f3n y bits: 16.7 millones de colores, 8 bits (6 bits + FRC) \u00c1rea activa: 543.744 \u00d7 302.616 mm Pixel Pitch: 0.2832 \u00d7 0.2802 mm Conectividad 1 \u00d7 HDMI 1.4b (hasta FHD @ 120 Hz) 1 \u00d7 D-Sub (VGA, hasta FHD @ 60 Hz) Extras \u00fatiles Compatible VESA 100 \u00d7 100 mm Kensington Lock para seguridad f\u00edsica Montaje con inclinaci\u00f3n ajustable de \u20135\u00b0 a +20\u00b0 (Tilt) Tecnolog\u00eda Adaptive-Sync para una experiencia visual m\u00e1s fluida Dimensiones y energ\u00eda Dimensiones (W \u00d7 D \u00d7 H): 557.2 \u00d7 192 \u00d7 413.9 mm Peso neto: 2.84 kg Alimentaci\u00f3n: Adaptador externo 12V 2.5 A, entrada 100\u2013240 V, 50\/60 Hz Funcionalidades adicionales Dise\u00f1o \u00abPerfectEdge\u00bb: bordes ultra delgados en cuatro costados Soluci\u00f3n EyesErgo: incluye tecnolog\u00edas certificadas T\u00dcV (Less Blue Light, Anti-Flicker, Eye-Q Check) para protecci\u00f3n visual Incluye instancia de Adaptive-Sync para evitar cortes y ruido visual Caracter\u00edsticas destacadas Fluidez visual con 120 Hz y 1 ms Calidad de imagen precisa en un panel IPS Full HD con excelente \u00e1ngulo de visi\u00f3n Dise\u00f1o elegante y compacto con bordes ultra delgados (PerfectEdge) Protecci\u00f3n ocular avanzada ideal para largas sesiones de trabajo o estudio Facilita una instalaci\u00f3n limpia y estable con montaje VESA y bloqueo Kensington\" \/>\n<meta property=\"og:url\" content=\"https:\/\/unitgames.com.ar\/pc-gamer\/producto\/monitor-msi-25-pro-mp251l-e2\/\" \/>\n<meta property=\"og:site_name\" content=\"UnitGames\" \/>\n<meta property=\"article:modified_time\" content=\"2026-02-27T20:00:43+00:00\" \/>\n<meta property=\"og:image\" content=\"https:\/\/unitgames.com.ar\/pc-gamer\/wp-content\/uploads\/2025\/05\/Monitor-MSI-25-PRO-MP252-E2-100hz.png\" \/>\n\t<meta property=\"og:image:width\" content=\"1263\" \/>\n\t<meta property=\"og:image:height\" content=\"1285\" \/>\n\t<meta property=\"og:image:type\" content=\"image\/png\" \/>\n<meta name=\"twitter:card\" content=\"summary_large_image\" \/>\n<meta name=\"twitter:label1\" content=\"Tiempo de lectura\" \/>\n\t<meta name=\"twitter:data1\" content=\"2 minutos\" \/>\n<script type=\"application\/ld+json\" class=\"yoast-schema-graph\">{\"@context\":\"https:\\\/\\\/schema.org\",\"@graph\":[{\"@type\":\"WebPage\",\"@id\":\"https:\\\/\\\/unitgames.com.ar\\\/pc-gamer\\\/producto\\\/monitor-msi-25-pro-mp251l-e2\\\/\",\"url\":\"https:\\\/\\\/unitgames.com.ar\\\/pc-gamer\\\/producto\\\/monitor-msi-25-pro-mp251l-e2\\\/\",\"name\":\"Monitor MSI 25 PRO MP251L E2 120Hz - UnitGames\",\"isPartOf\":{\"@id\":\"https:\\\/\\\/unitgames.com.ar\\\/pc-gamer\\\/#website\"},\"primaryImageOfPage\":{\"@id\":\"https:\\\/\\\/unitgames.com.ar\\\/pc-gamer\\\/producto\\\/monitor-msi-25-pro-mp251l-e2\\\/#primaryimage\"},\"image\":{\"@id\":\"https:\\\/\\\/unitgames.com.ar\\\/pc-gamer\\\/producto\\\/monitor-msi-25-pro-mp251l-e2\\\/#primaryimage\"},\"thumbnailUrl\":\"https:\\\/\\\/unitgames.com.ar\\\/pc-gamer\\\/wp-content\\\/uploads\\\/2025\\\/05\\\/Monitor-MSI-25-PRO-MP252-E2-100hz.png\",\"datePublished\":\"2025-09-09T20:56:20+00:00\",\"dateModified\":\"2026-02-27T20:00:43+00:00\",\"breadcrumb\":{\"@id\":\"https:\\\/\\\/unitgames.com.ar\\\/pc-gamer\\\/producto\\\/monitor-msi-25-pro-mp251l-e2\\\/#breadcrumb\"},\"inLanguage\":\"es\",\"potentialAction\":[{\"@type\":\"ReadAction\",\"target\":[\"https:\\\/\\\/unitgames.com.ar\\\/pc-gamer\\\/producto\\\/monitor-msi-25-pro-mp251l-e2\\\/\"]}]},{\"@type\":\"ImageObject\",\"inLanguage\":\"es\",\"@id\":\"https:\\\/\\\/unitgames.com.ar\\\/pc-gamer\\\/producto\\\/monitor-msi-25-pro-mp251l-e2\\\/#primaryimage\",\"url\":\"https:\\\/\\\/unitgames.com.ar\\\/pc-gamer\\\/wp-content\\\/uploads\\\/2025\\\/05\\\/Monitor-MSI-25-PRO-MP252-E2-100hz.png\",\"contentUrl\":\"https:\\\/\\\/unitgames.com.ar\\\/pc-gamer\\\/wp-content\\\/uploads\\\/2025\\\/05\\\/Monitor-MSI-25-PRO-MP252-E2-100hz.png\",\"width\":1263,\"height\":1285},{\"@type\":\"BreadcrumbList\",\"@id\":\"https:\\\/\\\/unitgames.com.ar\\\/pc-gamer\\\/producto\\\/monitor-msi-25-pro-mp251l-e2\\\/#breadcrumb\",\"itemListElement\":[{\"@type\":\"ListItem\",\"position\":1,\"name\":\"Tienda\",\"item\":\"https:\\\/\\\/unitgames.com.ar\\\/pc-gamer\\\/tienda\\\/\"},{\"@type\":\"ListItem\",\"position\":2,\"name\":\"Monitor MSI 25 PRO MP251L E2 120Hz\"}]},{\"@type\":\"WebSite\",\"@id\":\"https:\\\/\\\/unitgames.com.ar\\\/pc-gamer\\\/#website\",\"url\":\"https:\\\/\\\/unitgames.com.ar\\\/pc-gamer\\\/\",\"name\":\"UnitGames\",\"description\":\"Venta de PC Gamers, Consolas , Servicio Tecnico Especializado. Todos en Accesorios Informaticos y Gamers\",\"publisher\":{\"@id\":\"https:\\\/\\\/unitgames.com.ar\\\/pc-gamer\\\/#organization\"},\"potentialAction\":[{\"@type\":\"SearchAction\",\"target\":{\"@type\":\"EntryPoint\",\"urlTemplate\":\"https:\\\/\\\/unitgames.com.ar\\\/pc-gamer\\\/?s={search_term_string}\"},\"query-input\":{\"@type\":\"PropertyValueSpecification\",\"valueRequired\":true,\"valueName\":\"search_term_string\"}}],\"inLanguage\":\"es\"},{\"@type\":\"Organization\",\"@id\":\"https:\\\/\\\/unitgames.com.ar\\\/pc-gamer\\\/#organization\",\"name\":\"UnitGames\",\"url\":\"https:\\\/\\\/unitgames.com.ar\\\/pc-gamer\\\/\",\"logo\":{\"@type\":\"ImageObject\",\"inLanguage\":\"es\",\"@id\":\"https:\\\/\\\/unitgames.com.ar\\\/pc-gamer\\\/#\\\/schema\\\/logo\\\/image\\\/\",\"url\":\"https:\\\/\\\/unitgames.com.ar\\\/pc-gamer\\\/wp-content\\\/uploads\\\/2021\\\/01\\\/cropped-logoUnitGames2.png\",\"contentUrl\":\"https:\\\/\\\/unitgames.com.ar\\\/pc-gamer\\\/wp-content\\\/uploads\\\/2021\\\/01\\\/cropped-logoUnitGames2.png\",\"width\":152,\"height\":200,\"caption\":\"UnitGames\"},\"image\":{\"@id\":\"https:\\\/\\\/unitgames.com.ar\\\/pc-gamer\\\/#\\\/schema\\\/logo\\\/image\\\/\"}}]}<\/script>\n<!-- \/ Yoast SEO plugin. -->","yoast_head_json":{"title":"Monitor MSI 25 PRO MP251L E2 120Hz - UnitGames","robots":{"index":"index","follow":"follow","max-snippet":"max-snippet:-1","max-image-preview":"max-image-preview:large","max-video-preview":"max-video-preview:-1"},"canonical":"https:\/\/unitgames.com.ar\/pc-gamer\/producto\/monitor-msi-25-pro-mp251l-e2\/","og_locale":"es_ES","og_type":"article","og_title":"Monitor MSI 25 PRO MP251L E2 120Hz - UnitGames","og_description":"Monitor MSI PRO MP251L E2 (25&#8243; Full HD, 120 Hz) Un monitor profesional dise\u00f1ado para entornos de trabajo y estudio que combina rendimiento visual fluido, ergonom\u00eda, y estilos limpios. Especificaciones T\u00e9cnicas Pantalla: 24.5&#8243; IPS, Full HD (1920 \u00d7 1080) Frecuencia de refresco: 120 Hz Tiempo de respuesta: 1 ms (MPRT) \/ 4 ms (GtG) Brillo: 250 nits Contraste: 1500:1 (Smart DCR) \u00c1ngulos de visi\u00f3n: 178\u00b0 horizontal \/ 178\u00b0 vertical Cobertura de color: sRGB 99 % Superficie: Tratamiento antirreflejos \/ Anti-glare Coloraci\u00f3n y bits: 16.7 millones de colores, 8 bits (6 bits + FRC) \u00c1rea activa: 543.744 \u00d7 302.616 mm Pixel Pitch: 0.2832 \u00d7 0.2802 mm Conectividad 1 \u00d7 HDMI 1.4b (hasta FHD @ 120 Hz) 1 \u00d7 D-Sub (VGA, hasta FHD @ 60 Hz) Extras \u00fatiles Compatible VESA 100 \u00d7 100 mm Kensington Lock para seguridad f\u00edsica Montaje con inclinaci\u00f3n ajustable de \u20135\u00b0 a +20\u00b0 (Tilt) Tecnolog\u00eda Adaptive-Sync para una experiencia visual m\u00e1s fluida Dimensiones y energ\u00eda Dimensiones (W \u00d7 D \u00d7 H): 557.2 \u00d7 192 \u00d7 413.9 mm Peso neto: 2.84 kg Alimentaci\u00f3n: Adaptador externo 12V 2.5 A, entrada 100\u2013240 V, 50\/60 Hz Funcionalidades adicionales Dise\u00f1o \u00abPerfectEdge\u00bb: bordes ultra delgados en cuatro costados Soluci\u00f3n EyesErgo: incluye tecnolog\u00edas certificadas T\u00dcV (Less Blue Light, Anti-Flicker, Eye-Q Check) para protecci\u00f3n visual Incluye instancia de Adaptive-Sync para evitar cortes y ruido visual Caracter\u00edsticas destacadas Fluidez visual con 120 Hz y 1 ms Calidad de imagen precisa en un panel IPS Full HD con excelente \u00e1ngulo de visi\u00f3n Dise\u00f1o elegante y compacto con bordes ultra delgados (PerfectEdge) Protecci\u00f3n ocular avanzada ideal para largas sesiones de trabajo o estudio Facilita una instalaci\u00f3n limpia y estable con montaje VESA y bloqueo Kensington","og_url":"https:\/\/unitgames.com.ar\/pc-gamer\/producto\/monitor-msi-25-pro-mp251l-e2\/","og_site_name":"UnitGames","article_modified_time":"2026-02-27T20:00:43+00:00","og_image":[{"width":1263,"height":1285,"url":"https:\/\/unitgames.com.ar\/pc-gamer\/wp-content\/uploads\/2025\/05\/Monitor-MSI-25-PRO-MP252-E2-100hz.png","type":"image\/png"}],"twitter_card":"summary_large_image","twitter_misc":{"Tiempo de lectura":"2 minutos"},"schema":{"@context":"https:\/\/schema.org","@graph":[{"@type":"WebPage","@id":"https:\/\/unitgames.com.ar\/pc-gamer\/producto\/monitor-msi-25-pro-mp251l-e2\/","url":"https:\/\/unitgames.com.ar\/pc-gamer\/producto\/monitor-msi-25-pro-mp251l-e2\/","name":"Monitor MSI 25 PRO MP251L E2 120Hz - UnitGames","isPartOf":{"@id":"https:\/\/unitgames.com.ar\/pc-gamer\/#website"},"primaryImageOfPage":{"@id":"https:\/\/unitgames.com.ar\/pc-gamer\/producto\/monitor-msi-25-pro-mp251l-e2\/#primaryimage"},"image":{"@id":"https:\/\/unitgames.com.ar\/pc-gamer\/producto\/monitor-msi-25-pro-mp251l-e2\/#primaryimage"},"thumbnailUrl":"https:\/\/unitgames.com.ar\/pc-gamer\/wp-content\/uploads\/2025\/05\/Monitor-MSI-25-PRO-MP252-E2-100hz.png","datePublished":"2025-09-09T20:56:20+00:00","dateModified":"2026-02-27T20:00:43+00:00","breadcrumb":{"@id":"https:\/\/unitgames.com.ar\/pc-gamer\/producto\/monitor-msi-25-pro-mp251l-e2\/#breadcrumb"},"inLanguage":"es","potentialAction":[{"@type":"ReadAction","target":["https:\/\/unitgames.com.ar\/pc-gamer\/producto\/monitor-msi-25-pro-mp251l-e2\/"]}]},{"@type":"ImageObject","inLanguage":"es","@id":"https:\/\/unitgames.com.ar\/pc-gamer\/producto\/monitor-msi-25-pro-mp251l-e2\/#primaryimage","url":"https:\/\/unitgames.com.ar\/pc-gamer\/wp-content\/uploads\/2025\/05\/Monitor-MSI-25-PRO-MP252-E2-100hz.png","contentUrl":"https:\/\/unitgames.com.ar\/pc-gamer\/wp-content\/uploads\/2025\/05\/Monitor-MSI-25-PRO-MP252-E2-100hz.png","width":1263,"height":1285},{"@type":"BreadcrumbList","@id":"https:\/\/unitgames.com.ar\/pc-gamer\/producto\/monitor-msi-25-pro-mp251l-e2\/#breadcrumb","itemListElement":[{"@type":"ListItem","position":1,"name":"Tienda","item":"https:\/\/unitgames.com.ar\/pc-gamer\/tienda\/"},{"@type":"ListItem","position":2,"name":"Monitor MSI 25 PRO MP251L E2 120Hz"}]},{"@type":"WebSite","@id":"https:\/\/unitgames.com.ar\/pc-gamer\/#website","url":"https:\/\/unitgames.com.ar\/pc-gamer\/","name":"UnitGames","description":"Venta de PC Gamers, Consolas , Servicio Tecnico Especializado. Todos en Accesorios Informaticos y Gamers","publisher":{"@id":"https:\/\/unitgames.com.ar\/pc-gamer\/#organization"},"potentialAction":[{"@type":"SearchAction","target":{"@type":"EntryPoint","urlTemplate":"https:\/\/unitgames.com.ar\/pc-gamer\/?s={search_term_string}"},"query-input":{"@type":"PropertyValueSpecification","valueRequired":true,"valueName":"search_term_string"}}],"inLanguage":"es"},{"@type":"Organization","@id":"https:\/\/unitgames.com.ar\/pc-gamer\/#organization","name":"UnitGames","url":"https:\/\/unitgames.com.ar\/pc-gamer\/","logo":{"@type":"ImageObject","inLanguage":"es","@id":"https:\/\/unitgames.com.ar\/pc-gamer\/#\/schema\/logo\/image\/","url":"https:\/\/unitgames.com.ar\/pc-gamer\/wp-content\/uploads\/2021\/01\/cropped-logoUnitGames2.png","contentUrl":"https:\/\/unitgames.com.ar\/pc-gamer\/wp-content\/uploads\/2021\/01\/cropped-logoUnitGames2.png","width":152,"height":200,"caption":"UnitGames"},"image":{"@id":"https:\/\/unitgames.com.ar\/pc-gamer\/#\/schema\/logo\/image\/"}}]}},"_links":{"self":[{"href":"https:\/\/unitgames.com.ar\/pc-gamer\/wp-json\/wp\/v2\/product\/17152","targetHints":{"allow":["GET"]}}],"collection":[{"href":"https:\/\/unitgames.com.ar\/pc-gamer\/wp-json\/wp\/v2\/product"}],"about":[{"href":"https:\/\/unitgames.com.ar\/pc-gamer\/wp-json\/wp\/v2\/types\/product"}],"version-history":[{"count":0,"href":"https:\/\/unitgames.com.ar\/pc-gamer\/wp-json\/wp\/v2\/product\/17152\/revisions"}],"wp:featuredmedia":[{"embeddable":true,"href":"https:\/\/unitgames.com.ar\/pc-gamer\/wp-json\/wp\/v2\/media\/15262"}],"wp:attachment":[{"href":"https:\/\/unitgames.com.ar\/pc-gamer\/wp-json\/wp\/v2\/media?parent=17152"}],"wp:term":[{"taxonomy":"product_brand","embeddable":true,"href":"https:\/\/unitgames.com.ar\/pc-gamer\/wp-json\/wp\/v2\/product_brand?post=17152"},{"taxonomy":"product_cat","embeddable":true,"href":"https:\/\/unitgames.com.ar\/pc-gamer\/wp-json\/wp\/v2\/product_cat?post=17152"},{"taxonomy":"product_tag","embeddable":true,"href":"https:\/\/unitgames.com.ar\/pc-gamer\/wp-json\/wp\/v2\/product_tag?post=17152"}],"curies":[{"name":"wp","href":"https:\/\/api.w.org\/{rel}","templated":true}]}}