{"id":17191,"date":"2025-09-11T20:29:24","date_gmt":"2025-09-11T23:29:24","guid":{"rendered":"https:\/\/unitgames.com.ar\/pc-gamer\/?post_type=product&#038;p=17191"},"modified":"2026-01-09T07:13:39","modified_gmt":"2026-01-09T10:13:39","slug":"gabinete-gmx-170-fuente-500w-80-plus","status":"publish","type":"product","link":"https:\/\/unitgames.com.ar\/pc-gamer\/producto\/gabinete-gmx-170-fuente-500w-80-plus\/","title":{"rendered":"Gabinete GMX 170 + Fuente 500W 80 Plus"},"content":{"rendered":"<hr data-start=\"515\" data-end=\"518\" \/>\n<p data-start=\"520\" data-end=\"554\"><strong data-start=\"523\" data-end=\"552\">Especificaciones T\u00e9cnicas<\/strong><\/p>\n<ul data-start=\"556\" data-end=\"1100\">\n<li data-start=\"556\" data-end=\"596\">\n<p data-start=\"558\" data-end=\"596\">Modelo: GMX 170<\/p>\n<\/li>\n<li data-start=\"597\" data-end=\"616\">\n<p data-start=\"599\" data-end=\"616\">Tipo: Mid Tower<\/p>\n<\/li>\n<li data-start=\"617\" data-end=\"634\">\n<p data-start=\"619\" data-end=\"634\">Color: Negro<\/p>\n<\/li>\n<li data-start=\"635\" data-end=\"682\">\n<p data-start=\"637\" data-end=\"682\">Panel lateral: Vidrio templado transparente<\/p>\n<\/li>\n<li data-start=\"683\" data-end=\"731\">\n<p data-start=\"685\" data-end=\"731\">Material: Acero SPCC + ABS + Vidrio templado<\/p>\n<\/li>\n<li data-start=\"732\" data-end=\"799\">\n<p data-start=\"734\" data-end=\"761\">Bah\u00edas de almacenamiento:<\/p>\n<ul data-start=\"764\" data-end=\"799\">\n<li data-start=\"764\" data-end=\"780\">\n<p data-start=\"766\" data-end=\"780\">2 \u00d7 3.5&#8243; HDD<\/p>\n<\/li>\n<li data-start=\"783\" data-end=\"799\">\n<p data-start=\"785\" data-end=\"799\">2 \u00d7 2.5&#8243; SSD<\/p>\n<\/li>\n<\/ul>\n<\/li>\n<li data-start=\"800\" data-end=\"825\">\n<p data-start=\"802\" data-end=\"825\">Slots de expansi\u00f3n: 7<\/p>\n<\/li>\n<li data-start=\"826\" data-end=\"880\">\n<p data-start=\"828\" data-end=\"880\">Soporte de placas base: ATX \/ Micro-ATX \/ Mini-ITX<\/p>\n<\/li>\n<li data-start=\"881\" data-end=\"964\">\n<p data-start=\"883\" data-end=\"903\">Puertos frontales:<\/p>\n<ul data-start=\"906\" data-end=\"964\">\n<li data-start=\"906\" data-end=\"921\">\n<p data-start=\"908\" data-end=\"921\">1 \u00d7 USB 3.0<\/p>\n<\/li>\n<li data-start=\"924\" data-end=\"939\">\n<p data-start=\"926\" data-end=\"939\">2 \u00d7 USB 2.0<\/p>\n<\/li>\n<li data-start=\"942\" data-end=\"964\">\n<p data-start=\"944\" data-end=\"964\">1 \u00d7 HD Audio + Mic<\/p>\n<\/li>\n<\/ul>\n<\/li>\n<li data-start=\"965\" data-end=\"1011\">\n<p data-start=\"967\" data-end=\"1011\">Altura m\u00e1xima de cooler CPU: 160 mm aprox.<\/p>\n<\/li>\n<li data-start=\"1012\" data-end=\"1053\">\n<p data-start=\"1014\" data-end=\"1053\">Longitud m\u00e1xima de GPU: 320 mm aprox.<\/p>\n<\/li>\n<li data-start=\"1054\" data-end=\"1100\">\n<p data-start=\"1056\" data-end=\"1100\">Fuente de poder: 500W 80 Plus<\/p>\n<\/li>\n<\/ul>\n<p data-start=\"1102\" data-end=\"1130\"><strong data-start=\"1102\" data-end=\"1128\">Ventilaci\u00f3n (Coolers):<\/strong><\/p>\n<ul data-start=\"1131\" data-end=\"1339\">\n<li data-start=\"1131\" data-end=\"1182\">\n<p data-start=\"1133\" data-end=\"1182\">Incluye: 3 ventiladores RGB frontales de 120 mm y 1 RGB Trasero\u00a0 de 120 mm<\/p>\n<\/li>\n<li data-start=\"1183\" data-end=\"1339\">\n<p data-start=\"1185\" data-end=\"1201\">Soporta hasta:<\/p>\n<ul data-start=\"1204\" data-end=\"1339\">\n<li data-start=\"1204\" data-end=\"1240\">\n<p data-start=\"1206\" data-end=\"1240\">Frontal: 3 \u00d7 120 mm \/ 2 \u00d7 140 mm<\/p>\n<\/li>\n<li data-start=\"1243\" data-end=\"1267\">\n<p data-start=\"1245\" data-end=\"1267\">Superior: 2 \u00d7 120 mm<\/p>\n<\/li>\n<li data-start=\"1270\" data-end=\"1295\">\n<p data-start=\"1272\" data-end=\"1295\">Posterior: 1 \u00d7 120 mm<\/p>\n<\/li>\n<li data-start=\"1298\" data-end=\"1339\">\n<p data-start=\"1300\" data-end=\"1339\">Total soportado: Hasta 6 ventiladores<\/p>\n<\/li>\n<\/ul>\n<\/li>\n<\/ul>\n<hr data-start=\"1341\" data-end=\"1344\" \/>\n<p data-start=\"1742\" data-end=\"1785\">\n","protected":false},"excerpt":{"rendered":"<p>Especificaciones T\u00e9cnicas Modelo: GMX 170 Tipo: Mid Tower Color: Negro Panel lateral: Vidrio templado transparente Material: Acero SPCC + ABS + Vidrio templado Bah\u00edas de almacenamiento: 2 \u00d7 3.5&#8243; HDD 2 \u00d7 2.5&#8243; SSD Slots de expansi\u00f3n: 7 Soporte de placas base: ATX \/ Micro-ATX \/ Mini-ITX Puertos frontales: 1 \u00d7 USB 3.0 2 \u00d7 USB 2.0 1 \u00d7 HD Audio + Mic Altura m\u00e1xima de cooler CPU: 160 mm aprox. Longitud m\u00e1xima de GPU: 320 mm aprox. Fuente de poder: 500W 80 Plus Ventilaci\u00f3n (Coolers): Incluye: 3 ventiladores RGB frontales de 120 mm y 1 RGB Trasero\u00a0 de 120 mm Soporta hasta: Frontal: 3 \u00d7 120 mm \/ 2 \u00d7 140 mm Superior: 2 \u00d7 120 mm Posterior: 1 \u00d7 120 mm Total soportado: Hasta 6 ventiladores<\/p>\n","protected":false},"featured_media":17603,"template":"","meta":{"site-sidebar-layout":"default","site-content-layout":"","ast-site-content-layout":"default","site-content-style":"default","site-sidebar-style":"default","ast-global-header-display":"","ast-banner-title-visibility":"","ast-main-header-display":"","ast-hfb-above-header-display":"","ast-hfb-below-header-display":"","ast-hfb-mobile-header-display":"","site-post-title":"","ast-breadcrumbs-content":"","ast-featured-img":"","footer-sml-layout":"","theme-transparent-header-meta":"default","adv-header-id-meta":"","stick-header-meta":"","header-above-stick-meta":"","header-main-stick-meta":"","header-below-stick-meta":"","astra-migrate-meta-layouts":"set","ast-page-background-enabled":"default","ast-page-background-meta":{"desktop":{"background-color":"var(--ast-global-color-5)","background-image":"","background-repeat":"repeat","background-position":"center center","background-size":"auto","background-attachment":"scroll","background-type":"","background-media":"","overlay-type":"","overlay-color":"","overlay-opacity":"","overlay-gradient":""},"tablet":{"background-color":"","background-image":"","background-repeat":"repeat","background-position":"center center","background-size":"auto","background-attachment":"scroll","background-type":"","background-media":"","overlay-type":"","overlay-color":"","overlay-opacity":"","overlay-gradient":""},"mobile":{"background-color":"","background-image":"","background-repeat":"repeat","background-position":"center center","background-size":"auto","background-attachment":"scroll","background-type":"","background-media":"","overlay-type":"","overlay-color":"","overlay-opacity":"","overlay-gradient":""}},"ast-content-background-meta":{"desktop":{"background-color":"var(--ast-global-color-4)","background-image":"","background-repeat":"repeat","background-position":"center center","background-size":"auto","background-attachment":"scroll","background-type":"","background-media":"","overlay-type":"","overlay-color":"","overlay-opacity":"","overlay-gradient":""},"tablet":{"background-color":"var(--ast-global-color-4)","background-image":"","background-repeat":"repeat","background-position":"center center","background-size":"auto","background-attachment":"scroll","background-type":"","background-media":"","overlay-type":"","overlay-color":"","overlay-opacity":"","overlay-gradient":""},"mobile":{"background-color":"var(--ast-global-color-4)","background-image":"","background-repeat":"repeat","background-position":"center center","background-size":"auto","background-attachment":"scroll","background-type":"","background-media":"","overlay-type":"","overlay-color":"","overlay-opacity":"","overlay-gradient":""}},"_joinchat":[]},"product_brand":[],"product_cat":[66],"product_tag":[],"class_list":{"0":"post-17191","1":"product","2":"type-product","3":"status-publish","4":"has-post-thumbnail","6":"product_cat-gabinetes","7":"desktop-align-center","8":"tablet-align-left","9":"mobile-align-left","11":"first","12":"instock","13":"shipping-taxable","14":"purchasable","15":"product-type-simple"},"yoast_head":"<!-- This site is optimized with the Yoast SEO plugin v27.3 - https:\/\/yoast.com\/product\/yoast-seo-wordpress\/ -->\n<title>Gabinete GMX 170 + Fuente 500W 80 Plus - UnitGames<\/title>\n<meta name=\"robots\" content=\"index, follow, max-snippet:-1, max-image-preview:large, max-video-preview:-1\" \/>\n<link rel=\"canonical\" href=\"https:\/\/unitgames.com.ar\/pc-gamer\/producto\/gabinete-gmx-170-fuente-500w-80-plus\/\" \/>\n<meta property=\"og:locale\" content=\"es_ES\" \/>\n<meta property=\"og:type\" content=\"article\" \/>\n<meta property=\"og:title\" content=\"Gabinete GMX 170 + Fuente 500W 80 Plus - UnitGames\" \/>\n<meta property=\"og:description\" content=\"Especificaciones T\u00e9cnicas Modelo: GMX 170 Tipo: Mid Tower Color: Negro Panel lateral: Vidrio templado transparente Material: Acero SPCC + ABS + Vidrio templado Bah\u00edas de almacenamiento: 2 \u00d7 3.5&#8243; HDD 2 \u00d7 2.5&#8243; SSD Slots de expansi\u00f3n: 7 Soporte de placas base: ATX \/ Micro-ATX \/ Mini-ITX Puertos frontales: 1 \u00d7 USB 3.0 2 \u00d7 USB 2.0 1 \u00d7 HD Audio + Mic Altura m\u00e1xima de cooler CPU: 160 mm aprox. Longitud m\u00e1xima de GPU: 320 mm aprox. Fuente de poder: 500W 80 Plus Ventilaci\u00f3n (Coolers): Incluye: 3 ventiladores RGB frontales de 120 mm y 1 RGB Trasero\u00a0 de 120 mm Soporta hasta: Frontal: 3 \u00d7 120 mm \/ 2 \u00d7 140 mm Superior: 2 \u00d7 120 mm Posterior: 1 \u00d7 120 mm Total soportado: Hasta 6 ventiladores\" \/>\n<meta property=\"og:url\" content=\"https:\/\/unitgames.com.ar\/pc-gamer\/producto\/gabinete-gmx-170-fuente-500w-80-plus\/\" \/>\n<meta property=\"og:site_name\" content=\"UnitGames\" \/>\n<meta property=\"article:modified_time\" content=\"2026-01-09T10:13:39+00:00\" \/>\n<meta property=\"og:image\" content=\"https:\/\/unitgames.com.ar\/pc-gamer\/wp-content\/uploads\/2025\/09\/Gabinete-GMX-170-Fuente-500W-80-Plus.png\" \/>\n\t<meta property=\"og:image:width\" content=\"1283\" \/>\n\t<meta property=\"og:image:height\" content=\"1326\" \/>\n\t<meta property=\"og:image:type\" content=\"image\/png\" \/>\n<meta name=\"twitter:card\" content=\"summary_large_image\" \/>\n<meta name=\"twitter:label1\" content=\"Tiempo de lectura\" \/>\n\t<meta name=\"twitter:data1\" content=\"1 minuto\" \/>\n<script type=\"application\/ld+json\" class=\"yoast-schema-graph\">{\"@context\":\"https:\\\/\\\/schema.org\",\"@graph\":[{\"@type\":\"WebPage\",\"@id\":\"https:\\\/\\\/unitgames.com.ar\\\/pc-gamer\\\/producto\\\/gabinete-gmx-170-fuente-500w-80-plus\\\/\",\"url\":\"https:\\\/\\\/unitgames.com.ar\\\/pc-gamer\\\/producto\\\/gabinete-gmx-170-fuente-500w-80-plus\\\/\",\"name\":\"Gabinete GMX 170 + Fuente 500W 80 Plus - UnitGames\",\"isPartOf\":{\"@id\":\"https:\\\/\\\/unitgames.com.ar\\\/pc-gamer\\\/#website\"},\"primaryImageOfPage\":{\"@id\":\"https:\\\/\\\/unitgames.com.ar\\\/pc-gamer\\\/producto\\\/gabinete-gmx-170-fuente-500w-80-plus\\\/#primaryimage\"},\"image\":{\"@id\":\"https:\\\/\\\/unitgames.com.ar\\\/pc-gamer\\\/producto\\\/gabinete-gmx-170-fuente-500w-80-plus\\\/#primaryimage\"},\"thumbnailUrl\":\"https:\\\/\\\/unitgames.com.ar\\\/pc-gamer\\\/wp-content\\\/uploads\\\/2025\\\/09\\\/Gabinete-GMX-170-Fuente-500W-80-Plus.png\",\"datePublished\":\"2025-09-11T23:29:24+00:00\",\"dateModified\":\"2026-01-09T10:13:39+00:00\",\"breadcrumb\":{\"@id\":\"https:\\\/\\\/unitgames.com.ar\\\/pc-gamer\\\/producto\\\/gabinete-gmx-170-fuente-500w-80-plus\\\/#breadcrumb\"},\"inLanguage\":\"es\",\"potentialAction\":[{\"@type\":\"ReadAction\",\"target\":[\"https:\\\/\\\/unitgames.com.ar\\\/pc-gamer\\\/producto\\\/gabinete-gmx-170-fuente-500w-80-plus\\\/\"]}]},{\"@type\":\"ImageObject\",\"inLanguage\":\"es\",\"@id\":\"https:\\\/\\\/unitgames.com.ar\\\/pc-gamer\\\/producto\\\/gabinete-gmx-170-fuente-500w-80-plus\\\/#primaryimage\",\"url\":\"https:\\\/\\\/unitgames.com.ar\\\/pc-gamer\\\/wp-content\\\/uploads\\\/2025\\\/09\\\/Gabinete-GMX-170-Fuente-500W-80-Plus.png\",\"contentUrl\":\"https:\\\/\\\/unitgames.com.ar\\\/pc-gamer\\\/wp-content\\\/uploads\\\/2025\\\/09\\\/Gabinete-GMX-170-Fuente-500W-80-Plus.png\",\"width\":1283,\"height\":1326},{\"@type\":\"BreadcrumbList\",\"@id\":\"https:\\\/\\\/unitgames.com.ar\\\/pc-gamer\\\/producto\\\/gabinete-gmx-170-fuente-500w-80-plus\\\/#breadcrumb\",\"itemListElement\":[{\"@type\":\"ListItem\",\"position\":1,\"name\":\"Tienda\",\"item\":\"https:\\\/\\\/unitgames.com.ar\\\/pc-gamer\\\/tienda\\\/\"},{\"@type\":\"ListItem\",\"position\":2,\"name\":\"Gabinete GMX 170 + Fuente 500W 80 Plus\"}]},{\"@type\":\"WebSite\",\"@id\":\"https:\\\/\\\/unitgames.com.ar\\\/pc-gamer\\\/#website\",\"url\":\"https:\\\/\\\/unitgames.com.ar\\\/pc-gamer\\\/\",\"name\":\"UnitGames\",\"description\":\"Venta de PC Gamers, Consolas , Servicio Tecnico Especializado. Todos en Accesorios Informaticos y Gamers\",\"publisher\":{\"@id\":\"https:\\\/\\\/unitgames.com.ar\\\/pc-gamer\\\/#organization\"},\"potentialAction\":[{\"@type\":\"SearchAction\",\"target\":{\"@type\":\"EntryPoint\",\"urlTemplate\":\"https:\\\/\\\/unitgames.com.ar\\\/pc-gamer\\\/?s={search_term_string}\"},\"query-input\":{\"@type\":\"PropertyValueSpecification\",\"valueRequired\":true,\"valueName\":\"search_term_string\"}}],\"inLanguage\":\"es\"},{\"@type\":\"Organization\",\"@id\":\"https:\\\/\\\/unitgames.com.ar\\\/pc-gamer\\\/#organization\",\"name\":\"UnitGames\",\"url\":\"https:\\\/\\\/unitgames.com.ar\\\/pc-gamer\\\/\",\"logo\":{\"@type\":\"ImageObject\",\"inLanguage\":\"es\",\"@id\":\"https:\\\/\\\/unitgames.com.ar\\\/pc-gamer\\\/#\\\/schema\\\/logo\\\/image\\\/\",\"url\":\"https:\\\/\\\/unitgames.com.ar\\\/pc-gamer\\\/wp-content\\\/uploads\\\/2021\\\/01\\\/cropped-logoUnitGames2.png\",\"contentUrl\":\"https:\\\/\\\/unitgames.com.ar\\\/pc-gamer\\\/wp-content\\\/uploads\\\/2021\\\/01\\\/cropped-logoUnitGames2.png\",\"width\":152,\"height\":200,\"caption\":\"UnitGames\"},\"image\":{\"@id\":\"https:\\\/\\\/unitgames.com.ar\\\/pc-gamer\\\/#\\\/schema\\\/logo\\\/image\\\/\"}}]}<\/script>\n<!-- \/ Yoast SEO plugin. -->","yoast_head_json":{"title":"Gabinete GMX 170 + Fuente 500W 80 Plus - UnitGames","robots":{"index":"index","follow":"follow","max-snippet":"max-snippet:-1","max-image-preview":"max-image-preview:large","max-video-preview":"max-video-preview:-1"},"canonical":"https:\/\/unitgames.com.ar\/pc-gamer\/producto\/gabinete-gmx-170-fuente-500w-80-plus\/","og_locale":"es_ES","og_type":"article","og_title":"Gabinete GMX 170 + Fuente 500W 80 Plus - UnitGames","og_description":"Especificaciones T\u00e9cnicas Modelo: GMX 170 Tipo: Mid Tower Color: Negro Panel lateral: Vidrio templado transparente Material: Acero SPCC + ABS + Vidrio templado Bah\u00edas de almacenamiento: 2 \u00d7 3.5&#8243; HDD 2 \u00d7 2.5&#8243; SSD Slots de expansi\u00f3n: 7 Soporte de placas base: ATX \/ Micro-ATX \/ Mini-ITX Puertos frontales: 1 \u00d7 USB 3.0 2 \u00d7 USB 2.0 1 \u00d7 HD Audio + Mic Altura m\u00e1xima de cooler CPU: 160 mm aprox. Longitud m\u00e1xima de GPU: 320 mm aprox. Fuente de poder: 500W 80 Plus Ventilaci\u00f3n (Coolers): Incluye: 3 ventiladores RGB frontales de 120 mm y 1 RGB Trasero\u00a0 de 120 mm Soporta hasta: Frontal: 3 \u00d7 120 mm \/ 2 \u00d7 140 mm Superior: 2 \u00d7 120 mm Posterior: 1 \u00d7 120 mm Total soportado: Hasta 6 ventiladores","og_url":"https:\/\/unitgames.com.ar\/pc-gamer\/producto\/gabinete-gmx-170-fuente-500w-80-plus\/","og_site_name":"UnitGames","article_modified_time":"2026-01-09T10:13:39+00:00","og_image":[{"width":1283,"height":1326,"url":"https:\/\/unitgames.com.ar\/pc-gamer\/wp-content\/uploads\/2025\/09\/Gabinete-GMX-170-Fuente-500W-80-Plus.png","type":"image\/png"}],"twitter_card":"summary_large_image","twitter_misc":{"Tiempo de lectura":"1 minuto"},"schema":{"@context":"https:\/\/schema.org","@graph":[{"@type":"WebPage","@id":"https:\/\/unitgames.com.ar\/pc-gamer\/producto\/gabinete-gmx-170-fuente-500w-80-plus\/","url":"https:\/\/unitgames.com.ar\/pc-gamer\/producto\/gabinete-gmx-170-fuente-500w-80-plus\/","name":"Gabinete GMX 170 + Fuente 500W 80 Plus - UnitGames","isPartOf":{"@id":"https:\/\/unitgames.com.ar\/pc-gamer\/#website"},"primaryImageOfPage":{"@id":"https:\/\/unitgames.com.ar\/pc-gamer\/producto\/gabinete-gmx-170-fuente-500w-80-plus\/#primaryimage"},"image":{"@id":"https:\/\/unitgames.com.ar\/pc-gamer\/producto\/gabinete-gmx-170-fuente-500w-80-plus\/#primaryimage"},"thumbnailUrl":"https:\/\/unitgames.com.ar\/pc-gamer\/wp-content\/uploads\/2025\/09\/Gabinete-GMX-170-Fuente-500W-80-Plus.png","datePublished":"2025-09-11T23:29:24+00:00","dateModified":"2026-01-09T10:13:39+00:00","breadcrumb":{"@id":"https:\/\/unitgames.com.ar\/pc-gamer\/producto\/gabinete-gmx-170-fuente-500w-80-plus\/#breadcrumb"},"inLanguage":"es","potentialAction":[{"@type":"ReadAction","target":["https:\/\/unitgames.com.ar\/pc-gamer\/producto\/gabinete-gmx-170-fuente-500w-80-plus\/"]}]},{"@type":"ImageObject","inLanguage":"es","@id":"https:\/\/unitgames.com.ar\/pc-gamer\/producto\/gabinete-gmx-170-fuente-500w-80-plus\/#primaryimage","url":"https:\/\/unitgames.com.ar\/pc-gamer\/wp-content\/uploads\/2025\/09\/Gabinete-GMX-170-Fuente-500W-80-Plus.png","contentUrl":"https:\/\/unitgames.com.ar\/pc-gamer\/wp-content\/uploads\/2025\/09\/Gabinete-GMX-170-Fuente-500W-80-Plus.png","width":1283,"height":1326},{"@type":"BreadcrumbList","@id":"https:\/\/unitgames.com.ar\/pc-gamer\/producto\/gabinete-gmx-170-fuente-500w-80-plus\/#breadcrumb","itemListElement":[{"@type":"ListItem","position":1,"name":"Tienda","item":"https:\/\/unitgames.com.ar\/pc-gamer\/tienda\/"},{"@type":"ListItem","position":2,"name":"Gabinete GMX 170 + Fuente 500W 80 Plus"}]},{"@type":"WebSite","@id":"https:\/\/unitgames.com.ar\/pc-gamer\/#website","url":"https:\/\/unitgames.com.ar\/pc-gamer\/","name":"UnitGames","description":"Venta de PC Gamers, Consolas , Servicio Tecnico Especializado. Todos en Accesorios Informaticos y Gamers","publisher":{"@id":"https:\/\/unitgames.com.ar\/pc-gamer\/#organization"},"potentialAction":[{"@type":"SearchAction","target":{"@type":"EntryPoint","urlTemplate":"https:\/\/unitgames.com.ar\/pc-gamer\/?s={search_term_string}"},"query-input":{"@type":"PropertyValueSpecification","valueRequired":true,"valueName":"search_term_string"}}],"inLanguage":"es"},{"@type":"Organization","@id":"https:\/\/unitgames.com.ar\/pc-gamer\/#organization","name":"UnitGames","url":"https:\/\/unitgames.com.ar\/pc-gamer\/","logo":{"@type":"ImageObject","inLanguage":"es","@id":"https:\/\/unitgames.com.ar\/pc-gamer\/#\/schema\/logo\/image\/","url":"https:\/\/unitgames.com.ar\/pc-gamer\/wp-content\/uploads\/2021\/01\/cropped-logoUnitGames2.png","contentUrl":"https:\/\/unitgames.com.ar\/pc-gamer\/wp-content\/uploads\/2021\/01\/cropped-logoUnitGames2.png","width":152,"height":200,"caption":"UnitGames"},"image":{"@id":"https:\/\/unitgames.com.ar\/pc-gamer\/#\/schema\/logo\/image\/"}}]}},"_links":{"self":[{"href":"https:\/\/unitgames.com.ar\/pc-gamer\/wp-json\/wp\/v2\/product\/17191","targetHints":{"allow":["GET"]}}],"collection":[{"href":"https:\/\/unitgames.com.ar\/pc-gamer\/wp-json\/wp\/v2\/product"}],"about":[{"href":"https:\/\/unitgames.com.ar\/pc-gamer\/wp-json\/wp\/v2\/types\/product"}],"version-history":[{"count":0,"href":"https:\/\/unitgames.com.ar\/pc-gamer\/wp-json\/wp\/v2\/product\/17191\/revisions"}],"wp:featuredmedia":[{"embeddable":true,"href":"https:\/\/unitgames.com.ar\/pc-gamer\/wp-json\/wp\/v2\/media\/17603"}],"wp:attachment":[{"href":"https:\/\/unitgames.com.ar\/pc-gamer\/wp-json\/wp\/v2\/media?parent=17191"}],"wp:term":[{"taxonomy":"product_brand","embeddable":true,"href":"https:\/\/unitgames.com.ar\/pc-gamer\/wp-json\/wp\/v2\/product_brand?post=17191"},{"taxonomy":"product_cat","embeddable":true,"href":"https:\/\/unitgames.com.ar\/pc-gamer\/wp-json\/wp\/v2\/product_cat?post=17191"},{"taxonomy":"product_tag","embeddable":true,"href":"https:\/\/unitgames.com.ar\/pc-gamer\/wp-json\/wp\/v2\/product_tag?post=17191"}],"curies":[{"name":"wp","href":"https:\/\/api.w.org\/{rel}","templated":true}]}}