{"id":17236,"date":"2025-09-12T10:11:10","date_gmt":"2025-09-12T13:11:10","guid":{"rendered":"https:\/\/unitgames.com.ar\/pc-gamer\/?post_type=product&#038;p=17236"},"modified":"2026-01-09T07:13:33","modified_gmt":"2026-01-09T10:13:33","slug":"pendrive-sandisk-ultra-shift-64gb","status":"publish","type":"product","link":"https:\/\/unitgames.com.ar\/pc-gamer\/producto\/pendrive-sandisk-ultra-shift-64gb\/","title":{"rendered":"Pendrive SANDISK Ultra Shift 64GB"},"content":{"rendered":"<p><strong>Descripci\u00f3n<\/strong><\/p>\n<p>Ideal para compartir tus archivos<br \/>\nLa unidad USB Hiksemi cuenta con m\u00faltiples interfaces para que puedas transferir fotos, m\u00fasica y otros documentos entre computadoras, tel\u00e9fonos, tablets y dispositivos inteligentes.<\/p>\n<p>Capacidad adaptada a tus requerimientos<br \/>\nEste pendrive te permitir\u00e1 almacenar hasta 32 GB para que puedas guardar gran cantidad de informaci\u00f3n, im\u00e1genes u otros tipos de archivos.<\/p>\n<p>Conectividad USB innovadora<br \/>\nSu tecnolog\u00eda 3.0 brinda una velocidad de lectura mayor que las memorias tradicionales.<\/p>\n<p>M\u00e1s seguro y pr\u00e1ctico<br \/>\nCon este dispositivo podr\u00e1s mantener tus archivos siempre protegidos. Adem\u00e1s su uso es muy pr\u00e1ctico: solo debes conectarlo al aparato y arrastrar los archivos hasta la unidad.<\/p>\n<p>Llevalo siempre con vos<br \/>\nCuenta con un dise\u00f1o super compacto, delgado y resistente para que puedas llevarlo adonde vayas. \u00a1Podr\u00e1s usarlo y transportarlo con facilidad cuando te muevas de un lado al otro!<\/p>\n<p><strong>Especificaciones<\/strong><\/p>\n<p>Capacidad de almacenamiento de datos 32 GB<br \/>\nVersi\u00f3n del puerto USB 3.0<br \/>\nColor principal Gris<br \/>\naltura del paquete 10CM<br \/>\nancho del paquete 1CM<br \/>\nlongitud del paquete 10CM<br \/>\npeso del paquete 50CM<br \/>\nColor Gris<br \/>\nSistemas operativos compatibles Windows ANDROID<br \/>\nTipos de conectores USB Micro-A<br \/>\nEs gamer No<br \/>\nCondici\u00f3n del \u00edtem Nuevo<br \/>\nMaterial Metal<br \/>\nNombre del dise\u00f1o M200<br \/>\nFormato de venta Unidad<br \/>\nUnidades por pack 1<br \/>\nCon LED de actividad No<\/p>\n","protected":false},"excerpt":{"rendered":"<p>Descripci\u00f3n Ideal para compartir tus archivos La unidad USB Hiksemi cuenta con m\u00faltiples interfaces para que puedas transferir fotos, m\u00fasica y otros documentos entre computadoras, tel\u00e9fonos, tablets y dispositivos inteligentes. Capacidad adaptada a tus requerimientos Este pendrive te permitir\u00e1 almacenar hasta 32 GB para que puedas guardar gran cantidad de informaci\u00f3n, im\u00e1genes u otros tipos de archivos. Conectividad USB innovadora Su tecnolog\u00eda 3.0 brinda una velocidad de lectura mayor que las memorias tradicionales. M\u00e1s seguro y pr\u00e1ctico Con este dispositivo podr\u00e1s mantener tus archivos siempre protegidos. Adem\u00e1s su uso es muy pr\u00e1ctico: solo debes conectarlo al aparato y arrastrar los archivos hasta la unidad. Llevalo siempre con vos Cuenta con un dise\u00f1o super compacto, delgado y resistente para que puedas llevarlo adonde vayas. \u00a1Podr\u00e1s usarlo y transportarlo con facilidad cuando te muevas de un lado al otro! Especificaciones Capacidad de almacenamiento de datos 32 GB Versi\u00f3n del puerto USB 3.0 Color principal Gris altura del paquete 10CM ancho del paquete 1CM longitud del paquete 10CM peso del paquete 50CM Color Gris Sistemas operativos compatibles Windows ANDROID Tipos de conectores USB Micro-A Es gamer No Condici\u00f3n del \u00edtem Nuevo Material Metal Nombre del dise\u00f1o M200 Formato de venta Unidad Unidades por pack 1 Con LED de actividad No<\/p>\n","protected":false},"featured_media":5314,"template":"","meta":{"site-sidebar-layout":"default","site-content-layout":"","ast-site-content-layout":"default","site-content-style":"default","site-sidebar-style":"default","ast-global-header-display":"","ast-banner-title-visibility":"","ast-main-header-display":"","ast-hfb-above-header-display":"","ast-hfb-below-header-display":"","ast-hfb-mobile-header-display":"","site-post-title":"","ast-breadcrumbs-content":"","ast-featured-img":"","footer-sml-layout":"","theme-transparent-header-meta":"default","adv-header-id-meta":"","stick-header-meta":"","header-above-stick-meta":"","header-main-stick-meta":"","header-below-stick-meta":"","astra-migrate-meta-layouts":"set","ast-page-background-enabled":"default","ast-page-background-meta":{"desktop":{"background-color":"var(--ast-global-color-5)","background-image":"","background-repeat":"repeat","background-position":"center center","background-size":"auto","background-attachment":"scroll","background-type":"","background-media":"","overlay-type":"","overlay-color":"","overlay-opacity":"","overlay-gradient":""},"tablet":{"background-color":"","background-image":"","background-repeat":"repeat","background-position":"center center","background-size":"auto","background-attachment":"scroll","background-type":"","background-media":"","overlay-type":"","overlay-color":"","overlay-opacity":"","overlay-gradient":""},"mobile":{"background-color":"","background-image":"","background-repeat":"repeat","background-position":"center center","background-size":"auto","background-attachment":"scroll","background-type":"","background-media":"","overlay-type":"","overlay-color":"","overlay-opacity":"","overlay-gradient":""}},"ast-content-background-meta":{"desktop":{"background-color":"var(--ast-global-color-4)","background-image":"","background-repeat":"repeat","background-position":"center center","background-size":"auto","background-attachment":"scroll","background-type":"","background-media":"","overlay-type":"","overlay-color":"","overlay-opacity":"","overlay-gradient":""},"tablet":{"background-color":"var(--ast-global-color-4)","background-image":"","background-repeat":"repeat","background-position":"center center","background-size":"auto","background-attachment":"scroll","background-type":"","background-media":"","overlay-type":"","overlay-color":"","overlay-opacity":"","overlay-gradient":""},"mobile":{"background-color":"var(--ast-global-color-4)","background-image":"","background-repeat":"repeat","background-position":"center center","background-size":"auto","background-attachment":"scroll","background-type":"","background-media":"","overlay-type":"","overlay-color":"","overlay-opacity":"","overlay-gradient":""}},"_joinchat":[]},"product_brand":[],"product_cat":[86],"product_tag":[],"class_list":{"0":"post-17236","1":"product","2":"type-product","3":"status-publish","4":"has-post-thumbnail","6":"product_cat-pendrives-memorias-sd","7":"desktop-align-center","8":"tablet-align-left","9":"mobile-align-left","11":"first","12":"instock","13":"shipping-taxable","14":"purchasable","15":"product-type-simple"},"yoast_head":"<!-- This site is optimized with the Yoast SEO plugin v27.3 - https:\/\/yoast.com\/product\/yoast-seo-wordpress\/ -->\n<title>Pendrive SANDISK Ultra Shift 64GB - UnitGames<\/title>\n<meta name=\"robots\" content=\"index, follow, max-snippet:-1, max-image-preview:large, max-video-preview:-1\" \/>\n<link rel=\"canonical\" href=\"https:\/\/unitgames.com.ar\/pc-gamer\/producto\/pendrive-sandisk-ultra-shift-64gb\/\" \/>\n<meta property=\"og:locale\" content=\"es_ES\" \/>\n<meta property=\"og:type\" content=\"article\" \/>\n<meta property=\"og:title\" content=\"Pendrive SANDISK Ultra Shift 64GB - UnitGames\" \/>\n<meta property=\"og:description\" content=\"Descripci\u00f3n Ideal para compartir tus archivos La unidad USB Hiksemi cuenta con m\u00faltiples interfaces para que puedas transferir fotos, m\u00fasica y otros documentos entre computadoras, tel\u00e9fonos, tablets y dispositivos inteligentes. Capacidad adaptada a tus requerimientos Este pendrive te permitir\u00e1 almacenar hasta 32 GB para que puedas guardar gran cantidad de informaci\u00f3n, im\u00e1genes u otros tipos de archivos. Conectividad USB innovadora Su tecnolog\u00eda 3.0 brinda una velocidad de lectura mayor que las memorias tradicionales. M\u00e1s seguro y pr\u00e1ctico Con este dispositivo podr\u00e1s mantener tus archivos siempre protegidos. Adem\u00e1s su uso es muy pr\u00e1ctico: solo debes conectarlo al aparato y arrastrar los archivos hasta la unidad. Llevalo siempre con vos Cuenta con un dise\u00f1o super compacto, delgado y resistente para que puedas llevarlo adonde vayas. \u00a1Podr\u00e1s usarlo y transportarlo con facilidad cuando te muevas de un lado al otro! Especificaciones Capacidad de almacenamiento de datos 32 GB Versi\u00f3n del puerto USB 3.0 Color principal Gris altura del paquete 10CM ancho del paquete 1CM longitud del paquete 10CM peso del paquete 50CM Color Gris Sistemas operativos compatibles Windows ANDROID Tipos de conectores USB Micro-A Es gamer No Condici\u00f3n del \u00edtem Nuevo Material Metal Nombre del dise\u00f1o M200 Formato de venta Unidad Unidades por pack 1 Con LED de actividad No\" \/>\n<meta property=\"og:url\" content=\"https:\/\/unitgames.com.ar\/pc-gamer\/producto\/pendrive-sandisk-ultra-shift-64gb\/\" \/>\n<meta property=\"og:site_name\" content=\"UnitGames\" \/>\n<meta property=\"article:modified_time\" content=\"2026-01-09T10:13:33+00:00\" \/>\n<meta property=\"og:image\" content=\"https:\/\/unitgames.com.ar\/pc-gamer\/wp-content\/uploads\/2021\/07\/Pendrive-Sandisk-64GB-3.0-Ultra-Shift-CZ410.jpg\" \/>\n\t<meta property=\"og:image:width\" content=\"1000\" \/>\n\t<meta property=\"og:image:height\" content=\"1000\" \/>\n\t<meta property=\"og:image:type\" content=\"image\/jpeg\" \/>\n<meta name=\"twitter:card\" content=\"summary_large_image\" \/>\n<meta name=\"twitter:label1\" content=\"Tiempo de lectura\" \/>\n\t<meta name=\"twitter:data1\" content=\"2 minutos\" \/>\n<script type=\"application\/ld+json\" class=\"yoast-schema-graph\">{\"@context\":\"https:\\\/\\\/schema.org\",\"@graph\":[{\"@type\":\"WebPage\",\"@id\":\"https:\\\/\\\/unitgames.com.ar\\\/pc-gamer\\\/producto\\\/pendrive-sandisk-ultra-shift-64gb\\\/\",\"url\":\"https:\\\/\\\/unitgames.com.ar\\\/pc-gamer\\\/producto\\\/pendrive-sandisk-ultra-shift-64gb\\\/\",\"name\":\"Pendrive SANDISK Ultra Shift 64GB - UnitGames\",\"isPartOf\":{\"@id\":\"https:\\\/\\\/unitgames.com.ar\\\/pc-gamer\\\/#website\"},\"primaryImageOfPage\":{\"@id\":\"https:\\\/\\\/unitgames.com.ar\\\/pc-gamer\\\/producto\\\/pendrive-sandisk-ultra-shift-64gb\\\/#primaryimage\"},\"image\":{\"@id\":\"https:\\\/\\\/unitgames.com.ar\\\/pc-gamer\\\/producto\\\/pendrive-sandisk-ultra-shift-64gb\\\/#primaryimage\"},\"thumbnailUrl\":\"https:\\\/\\\/unitgames.com.ar\\\/pc-gamer\\\/wp-content\\\/uploads\\\/2021\\\/07\\\/Pendrive-Sandisk-64GB-3.0-Ultra-Shift-CZ410.jpg\",\"datePublished\":\"2025-09-12T13:11:10+00:00\",\"dateModified\":\"2026-01-09T10:13:33+00:00\",\"breadcrumb\":{\"@id\":\"https:\\\/\\\/unitgames.com.ar\\\/pc-gamer\\\/producto\\\/pendrive-sandisk-ultra-shift-64gb\\\/#breadcrumb\"},\"inLanguage\":\"es\",\"potentialAction\":[{\"@type\":\"ReadAction\",\"target\":[\"https:\\\/\\\/unitgames.com.ar\\\/pc-gamer\\\/producto\\\/pendrive-sandisk-ultra-shift-64gb\\\/\"]}]},{\"@type\":\"ImageObject\",\"inLanguage\":\"es\",\"@id\":\"https:\\\/\\\/unitgames.com.ar\\\/pc-gamer\\\/producto\\\/pendrive-sandisk-ultra-shift-64gb\\\/#primaryimage\",\"url\":\"https:\\\/\\\/unitgames.com.ar\\\/pc-gamer\\\/wp-content\\\/uploads\\\/2021\\\/07\\\/Pendrive-Sandisk-64GB-3.0-Ultra-Shift-CZ410.jpg\",\"contentUrl\":\"https:\\\/\\\/unitgames.com.ar\\\/pc-gamer\\\/wp-content\\\/uploads\\\/2021\\\/07\\\/Pendrive-Sandisk-64GB-3.0-Ultra-Shift-CZ410.jpg\",\"width\":1000,\"height\":1000},{\"@type\":\"BreadcrumbList\",\"@id\":\"https:\\\/\\\/unitgames.com.ar\\\/pc-gamer\\\/producto\\\/pendrive-sandisk-ultra-shift-64gb\\\/#breadcrumb\",\"itemListElement\":[{\"@type\":\"ListItem\",\"position\":1,\"name\":\"Tienda\",\"item\":\"https:\\\/\\\/unitgames.com.ar\\\/pc-gamer\\\/tienda\\\/\"},{\"@type\":\"ListItem\",\"position\":2,\"name\":\"Pendrive SANDISK Ultra Shift 64GB\"}]},{\"@type\":\"WebSite\",\"@id\":\"https:\\\/\\\/unitgames.com.ar\\\/pc-gamer\\\/#website\",\"url\":\"https:\\\/\\\/unitgames.com.ar\\\/pc-gamer\\\/\",\"name\":\"UnitGames\",\"description\":\"Venta de PC Gamers, Consolas , Servicio Tecnico Especializado. Todos en Accesorios Informaticos y Gamers\",\"publisher\":{\"@id\":\"https:\\\/\\\/unitgames.com.ar\\\/pc-gamer\\\/#organization\"},\"potentialAction\":[{\"@type\":\"SearchAction\",\"target\":{\"@type\":\"EntryPoint\",\"urlTemplate\":\"https:\\\/\\\/unitgames.com.ar\\\/pc-gamer\\\/?s={search_term_string}\"},\"query-input\":{\"@type\":\"PropertyValueSpecification\",\"valueRequired\":true,\"valueName\":\"search_term_string\"}}],\"inLanguage\":\"es\"},{\"@type\":\"Organization\",\"@id\":\"https:\\\/\\\/unitgames.com.ar\\\/pc-gamer\\\/#organization\",\"name\":\"UnitGames\",\"url\":\"https:\\\/\\\/unitgames.com.ar\\\/pc-gamer\\\/\",\"logo\":{\"@type\":\"ImageObject\",\"inLanguage\":\"es\",\"@id\":\"https:\\\/\\\/unitgames.com.ar\\\/pc-gamer\\\/#\\\/schema\\\/logo\\\/image\\\/\",\"url\":\"https:\\\/\\\/unitgames.com.ar\\\/pc-gamer\\\/wp-content\\\/uploads\\\/2021\\\/01\\\/cropped-logoUnitGames2.png\",\"contentUrl\":\"https:\\\/\\\/unitgames.com.ar\\\/pc-gamer\\\/wp-content\\\/uploads\\\/2021\\\/01\\\/cropped-logoUnitGames2.png\",\"width\":152,\"height\":200,\"caption\":\"UnitGames\"},\"image\":{\"@id\":\"https:\\\/\\\/unitgames.com.ar\\\/pc-gamer\\\/#\\\/schema\\\/logo\\\/image\\\/\"}}]}<\/script>\n<!-- \/ Yoast SEO plugin. -->","yoast_head_json":{"title":"Pendrive SANDISK Ultra Shift 64GB - UnitGames","robots":{"index":"index","follow":"follow","max-snippet":"max-snippet:-1","max-image-preview":"max-image-preview:large","max-video-preview":"max-video-preview:-1"},"canonical":"https:\/\/unitgames.com.ar\/pc-gamer\/producto\/pendrive-sandisk-ultra-shift-64gb\/","og_locale":"es_ES","og_type":"article","og_title":"Pendrive SANDISK Ultra Shift 64GB - UnitGames","og_description":"Descripci\u00f3n Ideal para compartir tus archivos La unidad USB Hiksemi cuenta con m\u00faltiples interfaces para que puedas transferir fotos, m\u00fasica y otros documentos entre computadoras, tel\u00e9fonos, tablets y dispositivos inteligentes. Capacidad adaptada a tus requerimientos Este pendrive te permitir\u00e1 almacenar hasta 32 GB para que puedas guardar gran cantidad de informaci\u00f3n, im\u00e1genes u otros tipos de archivos. Conectividad USB innovadora Su tecnolog\u00eda 3.0 brinda una velocidad de lectura mayor que las memorias tradicionales. M\u00e1s seguro y pr\u00e1ctico Con este dispositivo podr\u00e1s mantener tus archivos siempre protegidos. Adem\u00e1s su uso es muy pr\u00e1ctico: solo debes conectarlo al aparato y arrastrar los archivos hasta la unidad. Llevalo siempre con vos Cuenta con un dise\u00f1o super compacto, delgado y resistente para que puedas llevarlo adonde vayas. \u00a1Podr\u00e1s usarlo y transportarlo con facilidad cuando te muevas de un lado al otro! Especificaciones Capacidad de almacenamiento de datos 32 GB Versi\u00f3n del puerto USB 3.0 Color principal Gris altura del paquete 10CM ancho del paquete 1CM longitud del paquete 10CM peso del paquete 50CM Color Gris Sistemas operativos compatibles Windows ANDROID Tipos de conectores USB Micro-A Es gamer No Condici\u00f3n del \u00edtem Nuevo Material Metal Nombre del dise\u00f1o M200 Formato de venta Unidad Unidades por pack 1 Con LED de actividad No","og_url":"https:\/\/unitgames.com.ar\/pc-gamer\/producto\/pendrive-sandisk-ultra-shift-64gb\/","og_site_name":"UnitGames","article_modified_time":"2026-01-09T10:13:33+00:00","og_image":[{"width":1000,"height":1000,"url":"https:\/\/unitgames.com.ar\/pc-gamer\/wp-content\/uploads\/2021\/07\/Pendrive-Sandisk-64GB-3.0-Ultra-Shift-CZ410.jpg","type":"image\/jpeg"}],"twitter_card":"summary_large_image","twitter_misc":{"Tiempo de lectura":"2 minutos"},"schema":{"@context":"https:\/\/schema.org","@graph":[{"@type":"WebPage","@id":"https:\/\/unitgames.com.ar\/pc-gamer\/producto\/pendrive-sandisk-ultra-shift-64gb\/","url":"https:\/\/unitgames.com.ar\/pc-gamer\/producto\/pendrive-sandisk-ultra-shift-64gb\/","name":"Pendrive SANDISK Ultra Shift 64GB - UnitGames","isPartOf":{"@id":"https:\/\/unitgames.com.ar\/pc-gamer\/#website"},"primaryImageOfPage":{"@id":"https:\/\/unitgames.com.ar\/pc-gamer\/producto\/pendrive-sandisk-ultra-shift-64gb\/#primaryimage"},"image":{"@id":"https:\/\/unitgames.com.ar\/pc-gamer\/producto\/pendrive-sandisk-ultra-shift-64gb\/#primaryimage"},"thumbnailUrl":"https:\/\/unitgames.com.ar\/pc-gamer\/wp-content\/uploads\/2021\/07\/Pendrive-Sandisk-64GB-3.0-Ultra-Shift-CZ410.jpg","datePublished":"2025-09-12T13:11:10+00:00","dateModified":"2026-01-09T10:13:33+00:00","breadcrumb":{"@id":"https:\/\/unitgames.com.ar\/pc-gamer\/producto\/pendrive-sandisk-ultra-shift-64gb\/#breadcrumb"},"inLanguage":"es","potentialAction":[{"@type":"ReadAction","target":["https:\/\/unitgames.com.ar\/pc-gamer\/producto\/pendrive-sandisk-ultra-shift-64gb\/"]}]},{"@type":"ImageObject","inLanguage":"es","@id":"https:\/\/unitgames.com.ar\/pc-gamer\/producto\/pendrive-sandisk-ultra-shift-64gb\/#primaryimage","url":"https:\/\/unitgames.com.ar\/pc-gamer\/wp-content\/uploads\/2021\/07\/Pendrive-Sandisk-64GB-3.0-Ultra-Shift-CZ410.jpg","contentUrl":"https:\/\/unitgames.com.ar\/pc-gamer\/wp-content\/uploads\/2021\/07\/Pendrive-Sandisk-64GB-3.0-Ultra-Shift-CZ410.jpg","width":1000,"height":1000},{"@type":"BreadcrumbList","@id":"https:\/\/unitgames.com.ar\/pc-gamer\/producto\/pendrive-sandisk-ultra-shift-64gb\/#breadcrumb","itemListElement":[{"@type":"ListItem","position":1,"name":"Tienda","item":"https:\/\/unitgames.com.ar\/pc-gamer\/tienda\/"},{"@type":"ListItem","position":2,"name":"Pendrive SANDISK Ultra Shift 64GB"}]},{"@type":"WebSite","@id":"https:\/\/unitgames.com.ar\/pc-gamer\/#website","url":"https:\/\/unitgames.com.ar\/pc-gamer\/","name":"UnitGames","description":"Venta de PC Gamers, Consolas , Servicio Tecnico Especializado. Todos en Accesorios Informaticos y Gamers","publisher":{"@id":"https:\/\/unitgames.com.ar\/pc-gamer\/#organization"},"potentialAction":[{"@type":"SearchAction","target":{"@type":"EntryPoint","urlTemplate":"https:\/\/unitgames.com.ar\/pc-gamer\/?s={search_term_string}"},"query-input":{"@type":"PropertyValueSpecification","valueRequired":true,"valueName":"search_term_string"}}],"inLanguage":"es"},{"@type":"Organization","@id":"https:\/\/unitgames.com.ar\/pc-gamer\/#organization","name":"UnitGames","url":"https:\/\/unitgames.com.ar\/pc-gamer\/","logo":{"@type":"ImageObject","inLanguage":"es","@id":"https:\/\/unitgames.com.ar\/pc-gamer\/#\/schema\/logo\/image\/","url":"https:\/\/unitgames.com.ar\/pc-gamer\/wp-content\/uploads\/2021\/01\/cropped-logoUnitGames2.png","contentUrl":"https:\/\/unitgames.com.ar\/pc-gamer\/wp-content\/uploads\/2021\/01\/cropped-logoUnitGames2.png","width":152,"height":200,"caption":"UnitGames"},"image":{"@id":"https:\/\/unitgames.com.ar\/pc-gamer\/#\/schema\/logo\/image\/"}}]}},"_links":{"self":[{"href":"https:\/\/unitgames.com.ar\/pc-gamer\/wp-json\/wp\/v2\/product\/17236","targetHints":{"allow":["GET"]}}],"collection":[{"href":"https:\/\/unitgames.com.ar\/pc-gamer\/wp-json\/wp\/v2\/product"}],"about":[{"href":"https:\/\/unitgames.com.ar\/pc-gamer\/wp-json\/wp\/v2\/types\/product"}],"version-history":[{"count":0,"href":"https:\/\/unitgames.com.ar\/pc-gamer\/wp-json\/wp\/v2\/product\/17236\/revisions"}],"wp:featuredmedia":[{"embeddable":true,"href":"https:\/\/unitgames.com.ar\/pc-gamer\/wp-json\/wp\/v2\/media\/5314"}],"wp:attachment":[{"href":"https:\/\/unitgames.com.ar\/pc-gamer\/wp-json\/wp\/v2\/media?parent=17236"}],"wp:term":[{"taxonomy":"product_brand","embeddable":true,"href":"https:\/\/unitgames.com.ar\/pc-gamer\/wp-json\/wp\/v2\/product_brand?post=17236"},{"taxonomy":"product_cat","embeddable":true,"href":"https:\/\/unitgames.com.ar\/pc-gamer\/wp-json\/wp\/v2\/product_cat?post=17236"},{"taxonomy":"product_tag","embeddable":true,"href":"https:\/\/unitgames.com.ar\/pc-gamer\/wp-json\/wp\/v2\/product_tag?post=17236"}],"curies":[{"name":"wp","href":"https:\/\/api.w.org\/{rel}","templated":true}]}}