{"id":17243,"date":"2025-09-12T10:22:46","date_gmt":"2025-09-12T13:22:46","guid":{"rendered":"https:\/\/unitgames.com.ar\/pc-gamer\/?post_type=product&#038;p=17243"},"modified":"2026-01-09T07:13:33","modified_gmt":"2026-01-09T10:13:33","slug":"gabinete-formula-v-line-crystal-z1-black","status":"publish","type":"product","link":"https:\/\/unitgames.com.ar\/pc-gamer\/producto\/gabinete-formula-v-line-crystal-z1-black\/","title":{"rendered":"Gabinete FORMULA V Line Crystal  Z1+ Black"},"content":{"rendered":"<p data-start=\"113\" data-end=\"164\"><strong data-start=\"117\" data-end=\"162\">Gabinete FORMULA V Line Crystal Z1+ Black<\/strong><\/p>\n<p data-start=\"166\" data-end=\"399\">El <strong data-start=\"169\" data-end=\"205\">FORMULA V Line Crystal Z1+ Black<\/strong> combina un dise\u00f1o elegante con paneles de vidrio templado y un excelente flujo de aire. Est\u00e1 pensado para gamers que buscan estilo, espacio y compatibilidad con hardware de \u00faltima generaci\u00f3n.<\/p>\n<hr data-start=\"401\" data-end=\"404\" \/>\n<p data-start=\"406\" data-end=\"440\"><strong data-start=\"409\" data-end=\"438\">Especificaciones T\u00e9cnicas<\/strong><\/p>\n<ul data-start=\"441\" data-end=\"1051\">\n<li data-start=\"441\" data-end=\"467\">\n<p data-start=\"443\" data-end=\"467\">Formato: Mid Tower ATX<\/p>\n<\/li>\n<li data-start=\"468\" data-end=\"514\">\n<p data-start=\"470\" data-end=\"514\">Compatibilidad: ATX \/ Micro-ATX \/ Mini-ITX<\/p>\n<\/li>\n<li data-start=\"515\" data-end=\"562\">\n<p data-start=\"517\" data-end=\"562\">Panel lateral: Vidrio templado transparente<\/p>\n<\/li>\n<li data-start=\"563\" data-end=\"616\">\n<p data-start=\"565\" data-end=\"616\">Panel frontal: Vidrio templado con dise\u00f1o Crystal<\/p>\n<\/li>\n<li data-start=\"617\" data-end=\"643\">\n<p data-start=\"619\" data-end=\"643\">Expansi\u00f3n: 7 slots PCI<\/p>\n<\/li>\n<li data-start=\"644\" data-end=\"693\">\n<p data-start=\"646\" data-end=\"655\">Bah\u00edas:<\/p>\n<ul data-start=\"658\" data-end=\"693\">\n<li data-start=\"658\" data-end=\"674\">\n<p data-start=\"660\" data-end=\"674\">2 \u00d7 3.5&#8243; HDD<\/p>\n<\/li>\n<li data-start=\"677\" data-end=\"693\">\n<p data-start=\"679\" data-end=\"693\">2 \u00d7 2.5&#8243; SSD<\/p>\n<\/li>\n<\/ul>\n<\/li>\n<li data-start=\"694\" data-end=\"877\">\n<p data-start=\"696\" data-end=\"723\">Sistema de refrigeraci\u00f3n:<\/p>\n<ul data-start=\"726\" data-end=\"877\">\n<li data-start=\"726\" data-end=\"780\">\n<p data-start=\"728\" data-end=\"780\">Incluye: 3 coolers frontales ARGB + 1 trasero ARGB<\/p>\n<\/li>\n<li data-start=\"783\" data-end=\"877\">\n<p data-start=\"785\" data-end=\"877\">Soporta: hasta 6 coolers de 120 mm o radiadores l\u00edquidos (240 mm frontal \/ 120 mm trasero)<\/p>\n<\/li>\n<\/ul>\n<\/li>\n<li data-start=\"878\" data-end=\"987\">\n<p data-start=\"880\" data-end=\"903\">Conectividad frontal:<\/p>\n<ul data-start=\"906\" data-end=\"987\">\n<li data-start=\"906\" data-end=\"921\">\n<p data-start=\"908\" data-end=\"921\">1 \u00d7 USB 3.0<\/p>\n<\/li>\n<li data-start=\"924\" data-end=\"939\">\n<p data-start=\"926\" data-end=\"939\">2 \u00d7 USB 2.0<\/p>\n<\/li>\n<li data-start=\"942\" data-end=\"960\">\n<p data-start=\"944\" data-end=\"960\">HD Audio + Mic<\/p>\n<\/li>\n<li data-start=\"963\" data-end=\"987\">\n<p data-start=\"965\" data-end=\"987\">Bot\u00f3n de control LED<\/p>\n<\/li>\n<\/ul>\n<\/li>\n<li data-start=\"988\" data-end=\"1051\">\n<p data-start=\"990\" data-end=\"1051\">Dimensiones: Mid Tower est\u00e1ndar (aprox. 420 \u00d7 210 \u00d7 460 mm)<\/p>\n<\/li>\n<\/ul>\n<hr data-start=\"1053\" data-end=\"1056\" \/>\n<p data-start=\"1058\" data-end=\"1092\"><strong data-start=\"1060\" data-end=\"1090\">Caracter\u00edsticas destacadas<\/strong><\/p>\n<ul data-start=\"1093\" data-end=\"1382\">\n<li data-start=\"1093\" data-end=\"1160\">\n<p data-start=\"1095\" data-end=\"1160\">Paneles de vidrio templado para m\u00e1xima visibilidad del hardware<\/p>\n<\/li>\n<li data-start=\"1161\" data-end=\"1221\">\n<p data-start=\"1163\" data-end=\"1221\">4 ventiladores ARGB incluidos con control de iluminaci\u00f3n<\/p>\n<\/li>\n<li data-start=\"1222\" data-end=\"1287\">\n<p data-start=\"1224\" data-end=\"1287\">Amplio espacio interno para tarjetas gr\u00e1ficas de hasta 330 mm<\/p>\n<\/li>\n<li data-start=\"1288\" data-end=\"1338\">\n<p data-start=\"1290\" data-end=\"1338\">Soporte para sistemas de refrigeraci\u00f3n l\u00edquida<\/p>\n<\/li>\n<li data-start=\"1339\" data-end=\"1382\">\n<p data-start=\"1341\" data-end=\"1382\">Dise\u00f1o moderno y robusto en color negro<\/p>\n<\/li>\n<\/ul>\n","protected":false},"excerpt":{"rendered":"<p>Gabinete FORMULA V Line Crystal Z1+ Black El FORMULA V Line Crystal Z1+ Black combina un dise\u00f1o elegante con paneles de vidrio templado y un excelente flujo de aire. Est\u00e1 pensado para gamers que buscan estilo, espacio y compatibilidad con hardware de \u00faltima generaci\u00f3n. Especificaciones T\u00e9cnicas Formato: Mid Tower ATX Compatibilidad: ATX \/ Micro-ATX \/ Mini-ITX Panel lateral: Vidrio templado transparente Panel frontal: Vidrio templado con dise\u00f1o Crystal Expansi\u00f3n: 7 slots PCI Bah\u00edas: 2 \u00d7 3.5&#8243; HDD 2 \u00d7 2.5&#8243; SSD Sistema de refrigeraci\u00f3n: Incluye: 3 coolers frontales ARGB + 1 trasero ARGB Soporta: hasta 6 coolers de 120 mm o radiadores l\u00edquidos (240 mm frontal \/ 120 mm trasero) Conectividad frontal: 1 \u00d7 USB 3.0 2 \u00d7 USB 2.0 HD Audio + Mic Bot\u00f3n de control LED Dimensiones: Mid Tower est\u00e1ndar (aprox. 420 \u00d7 210 \u00d7 460 mm) Caracter\u00edsticas destacadas Paneles de vidrio templado para m\u00e1xima visibilidad del hardware 4 ventiladores ARGB incluidos con control de iluminaci\u00f3n Amplio espacio interno para tarjetas gr\u00e1ficas de hasta 330 mm Soporte para sistemas de refrigeraci\u00f3n l\u00edquida Dise\u00f1o moderno y robusto en color negro<\/p>\n","protected":false},"featured_media":17608,"template":"","meta":{"site-sidebar-layout":"default","site-content-layout":"","ast-site-content-layout":"default","site-content-style":"default","site-sidebar-style":"default","ast-global-header-display":"","ast-banner-title-visibility":"","ast-main-header-display":"","ast-hfb-above-header-display":"","ast-hfb-below-header-display":"","ast-hfb-mobile-header-display":"","site-post-title":"","ast-breadcrumbs-content":"","ast-featured-img":"","footer-sml-layout":"","theme-transparent-header-meta":"default","adv-header-id-meta":"","stick-header-meta":"","header-above-stick-meta":"","header-main-stick-meta":"","header-below-stick-meta":"","astra-migrate-meta-layouts":"set","ast-page-background-enabled":"default","ast-page-background-meta":{"desktop":{"background-color":"var(--ast-global-color-5)","background-image":"","background-repeat":"repeat","background-position":"center center","background-size":"auto","background-attachment":"scroll","background-type":"","background-media":"","overlay-type":"","overlay-color":"","overlay-opacity":"","overlay-gradient":""},"tablet":{"background-color":"","background-image":"","background-repeat":"repeat","background-position":"center center","background-size":"auto","background-attachment":"scroll","background-type":"","background-media":"","overlay-type":"","overlay-color":"","overlay-opacity":"","overlay-gradient":""},"mobile":{"background-color":"","background-image":"","background-repeat":"repeat","background-position":"center center","background-size":"auto","background-attachment":"scroll","background-type":"","background-media":"","overlay-type":"","overlay-color":"","overlay-opacity":"","overlay-gradient":""}},"ast-content-background-meta":{"desktop":{"background-color":"var(--ast-global-color-4)","background-image":"","background-repeat":"repeat","background-position":"center center","background-size":"auto","background-attachment":"scroll","background-type":"","background-media":"","overlay-type":"","overlay-color":"","overlay-opacity":"","overlay-gradient":""},"tablet":{"background-color":"var(--ast-global-color-4)","background-image":"","background-repeat":"repeat","background-position":"center center","background-size":"auto","background-attachment":"scroll","background-type":"","background-media":"","overlay-type":"","overlay-color":"","overlay-opacity":"","overlay-gradient":""},"mobile":{"background-color":"var(--ast-global-color-4)","background-image":"","background-repeat":"repeat","background-position":"center center","background-size":"auto","background-attachment":"scroll","background-type":"","background-media":"","overlay-type":"","overlay-color":"","overlay-opacity":"","overlay-gradient":""}},"_joinchat":[]},"product_brand":[],"product_cat":[66],"product_tag":[],"class_list":{"0":"post-17243","1":"product","2":"type-product","3":"status-publish","4":"has-post-thumbnail","6":"product_cat-gabinetes-pc","7":"desktop-align-center","8":"tablet-align-left","9":"mobile-align-left","11":"first","12":"instock","13":"shipping-taxable","14":"purchasable","15":"product-type-simple"},"yoast_head":"<!-- This site is optimized with the Yoast SEO plugin v27.5 - https:\/\/yoast.com\/product\/yoast-seo-wordpress\/ -->\n<title>Gabinete FORMULA V Line Crystal Z1+ Black - UnitGames<\/title>\n<meta name=\"robots\" content=\"index, follow, max-snippet:-1, max-image-preview:large, max-video-preview:-1\" \/>\n<link rel=\"canonical\" href=\"https:\/\/unitgames.com.ar\/pc-gamer\/producto\/gabinete-formula-v-line-crystal-z1-black\/\" \/>\n<meta property=\"og:locale\" content=\"es_ES\" \/>\n<meta property=\"og:type\" content=\"article\" \/>\n<meta property=\"og:title\" content=\"Gabinete FORMULA V Line Crystal Z1+ Black - UnitGames\" \/>\n<meta property=\"og:description\" content=\"Gabinete FORMULA V Line Crystal Z1+ Black El FORMULA V Line Crystal Z1+ Black combina un dise\u00f1o elegante con paneles de vidrio templado y un excelente flujo de aire. Est\u00e1 pensado para gamers que buscan estilo, espacio y compatibilidad con hardware de \u00faltima generaci\u00f3n. Especificaciones T\u00e9cnicas Formato: Mid Tower ATX Compatibilidad: ATX \/ Micro-ATX \/ Mini-ITX Panel lateral: Vidrio templado transparente Panel frontal: Vidrio templado con dise\u00f1o Crystal Expansi\u00f3n: 7 slots PCI Bah\u00edas: 2 \u00d7 3.5&#8243; HDD 2 \u00d7 2.5&#8243; SSD Sistema de refrigeraci\u00f3n: Incluye: 3 coolers frontales ARGB + 1 trasero ARGB Soporta: hasta 6 coolers de 120 mm o radiadores l\u00edquidos (240 mm frontal \/ 120 mm trasero) Conectividad frontal: 1 \u00d7 USB 3.0 2 \u00d7 USB 2.0 HD Audio + Mic Bot\u00f3n de control LED Dimensiones: Mid Tower est\u00e1ndar (aprox. 420 \u00d7 210 \u00d7 460 mm) Caracter\u00edsticas destacadas Paneles de vidrio templado para m\u00e1xima visibilidad del hardware 4 ventiladores ARGB incluidos con control de iluminaci\u00f3n Amplio espacio interno para tarjetas gr\u00e1ficas de hasta 330 mm Soporte para sistemas de refrigeraci\u00f3n l\u00edquida Dise\u00f1o moderno y robusto en color negro\" \/>\n<meta property=\"og:url\" content=\"https:\/\/unitgames.com.ar\/pc-gamer\/producto\/gabinete-formula-v-line-crystal-z1-black\/\" \/>\n<meta property=\"og:site_name\" content=\"UnitGames\" \/>\n<meta property=\"article:modified_time\" content=\"2026-01-09T10:13:33+00:00\" \/>\n<meta property=\"og:image\" content=\"https:\/\/unitgames.com.ar\/pc-gamer\/wp-content\/uploads\/2025\/09\/163334-1200-auto.webp\" \/>\n\t<meta property=\"og:image:width\" content=\"610\" \/>\n\t<meta property=\"og:image:height\" content=\"610\" \/>\n\t<meta property=\"og:image:type\" content=\"image\/webp\" \/>\n<meta name=\"twitter:card\" content=\"summary_large_image\" \/>\n<meta name=\"twitter:label1\" content=\"Tiempo de lectura\" \/>\n\t<meta name=\"twitter:data1\" content=\"1 minuto\" \/>\n<script type=\"application\/ld+json\" class=\"yoast-schema-graph\">{\"@context\":\"https:\\\/\\\/schema.org\",\"@graph\":[{\"@type\":\"WebPage\",\"@id\":\"https:\\\/\\\/unitgames.com.ar\\\/pc-gamer\\\/producto\\\/gabinete-formula-v-line-crystal-z1-black\\\/\",\"url\":\"https:\\\/\\\/unitgames.com.ar\\\/pc-gamer\\\/producto\\\/gabinete-formula-v-line-crystal-z1-black\\\/\",\"name\":\"Gabinete FORMULA V Line Crystal Z1+ Black - UnitGames\",\"isPartOf\":{\"@id\":\"https:\\\/\\\/unitgames.com.ar\\\/pc-gamer\\\/#website\"},\"primaryImageOfPage\":{\"@id\":\"https:\\\/\\\/unitgames.com.ar\\\/pc-gamer\\\/producto\\\/gabinete-formula-v-line-crystal-z1-black\\\/#primaryimage\"},\"image\":{\"@id\":\"https:\\\/\\\/unitgames.com.ar\\\/pc-gamer\\\/producto\\\/gabinete-formula-v-line-crystal-z1-black\\\/#primaryimage\"},\"thumbnailUrl\":\"https:\\\/\\\/unitgames.com.ar\\\/pc-gamer\\\/wp-content\\\/uploads\\\/2025\\\/09\\\/163334-1200-auto.webp\",\"datePublished\":\"2025-09-12T13:22:46+00:00\",\"dateModified\":\"2026-01-09T10:13:33+00:00\",\"breadcrumb\":{\"@id\":\"https:\\\/\\\/unitgames.com.ar\\\/pc-gamer\\\/producto\\\/gabinete-formula-v-line-crystal-z1-black\\\/#breadcrumb\"},\"inLanguage\":\"es\",\"potentialAction\":[{\"@type\":\"ReadAction\",\"target\":[\"https:\\\/\\\/unitgames.com.ar\\\/pc-gamer\\\/producto\\\/gabinete-formula-v-line-crystal-z1-black\\\/\"]}]},{\"@type\":\"ImageObject\",\"inLanguage\":\"es\",\"@id\":\"https:\\\/\\\/unitgames.com.ar\\\/pc-gamer\\\/producto\\\/gabinete-formula-v-line-crystal-z1-black\\\/#primaryimage\",\"url\":\"https:\\\/\\\/unitgames.com.ar\\\/pc-gamer\\\/wp-content\\\/uploads\\\/2025\\\/09\\\/163334-1200-auto.webp\",\"contentUrl\":\"https:\\\/\\\/unitgames.com.ar\\\/pc-gamer\\\/wp-content\\\/uploads\\\/2025\\\/09\\\/163334-1200-auto.webp\",\"width\":610,\"height\":610},{\"@type\":\"BreadcrumbList\",\"@id\":\"https:\\\/\\\/unitgames.com.ar\\\/pc-gamer\\\/producto\\\/gabinete-formula-v-line-crystal-z1-black\\\/#breadcrumb\",\"itemListElement\":[{\"@type\":\"ListItem\",\"position\":1,\"name\":\"Tienda\",\"item\":\"https:\\\/\\\/unitgames.com.ar\\\/pc-gamer\\\/tienda\\\/\"},{\"@type\":\"ListItem\",\"position\":2,\"name\":\"Gabinete FORMULA V Line Crystal Z1+ Black\"}]},{\"@type\":\"WebSite\",\"@id\":\"https:\\\/\\\/unitgames.com.ar\\\/pc-gamer\\\/#website\",\"url\":\"https:\\\/\\\/unitgames.com.ar\\\/pc-gamer\\\/\",\"name\":\"UnitGames\",\"description\":\"Venta de PC Gamers, Consolas , Servicio Tecnico Especializado. Todos en Accesorios Informaticos y Gamers\",\"publisher\":{\"@id\":\"https:\\\/\\\/unitgames.com.ar\\\/pc-gamer\\\/#organization\"},\"potentialAction\":[{\"@type\":\"SearchAction\",\"target\":{\"@type\":\"EntryPoint\",\"urlTemplate\":\"https:\\\/\\\/unitgames.com.ar\\\/pc-gamer\\\/?s={search_term_string}\"},\"query-input\":{\"@type\":\"PropertyValueSpecification\",\"valueRequired\":true,\"valueName\":\"search_term_string\"}}],\"inLanguage\":\"es\"},{\"@type\":\"Organization\",\"@id\":\"https:\\\/\\\/unitgames.com.ar\\\/pc-gamer\\\/#organization\",\"name\":\"UnitGames\",\"url\":\"https:\\\/\\\/unitgames.com.ar\\\/pc-gamer\\\/\",\"logo\":{\"@type\":\"ImageObject\",\"inLanguage\":\"es\",\"@id\":\"https:\\\/\\\/unitgames.com.ar\\\/pc-gamer\\\/#\\\/schema\\\/logo\\\/image\\\/\",\"url\":\"https:\\\/\\\/unitgames.com.ar\\\/pc-gamer\\\/wp-content\\\/uploads\\\/2021\\\/01\\\/cropped-logoUnitGames2.png\",\"contentUrl\":\"https:\\\/\\\/unitgames.com.ar\\\/pc-gamer\\\/wp-content\\\/uploads\\\/2021\\\/01\\\/cropped-logoUnitGames2.png\",\"width\":152,\"height\":200,\"caption\":\"UnitGames\"},\"image\":{\"@id\":\"https:\\\/\\\/unitgames.com.ar\\\/pc-gamer\\\/#\\\/schema\\\/logo\\\/image\\\/\"}}]}<\/script>\n<!-- \/ Yoast SEO plugin. -->","yoast_head_json":{"title":"Gabinete FORMULA V Line Crystal Z1+ Black - UnitGames","robots":{"index":"index","follow":"follow","max-snippet":"max-snippet:-1","max-image-preview":"max-image-preview:large","max-video-preview":"max-video-preview:-1"},"canonical":"https:\/\/unitgames.com.ar\/pc-gamer\/producto\/gabinete-formula-v-line-crystal-z1-black\/","og_locale":"es_ES","og_type":"article","og_title":"Gabinete FORMULA V Line Crystal Z1+ Black - UnitGames","og_description":"Gabinete FORMULA V Line Crystal Z1+ Black El FORMULA V Line Crystal Z1+ Black combina un dise\u00f1o elegante con paneles de vidrio templado y un excelente flujo de aire. Est\u00e1 pensado para gamers que buscan estilo, espacio y compatibilidad con hardware de \u00faltima generaci\u00f3n. Especificaciones T\u00e9cnicas Formato: Mid Tower ATX Compatibilidad: ATX \/ Micro-ATX \/ Mini-ITX Panel lateral: Vidrio templado transparente Panel frontal: Vidrio templado con dise\u00f1o Crystal Expansi\u00f3n: 7 slots PCI Bah\u00edas: 2 \u00d7 3.5&#8243; HDD 2 \u00d7 2.5&#8243; SSD Sistema de refrigeraci\u00f3n: Incluye: 3 coolers frontales ARGB + 1 trasero ARGB Soporta: hasta 6 coolers de 120 mm o radiadores l\u00edquidos (240 mm frontal \/ 120 mm trasero) Conectividad frontal: 1 \u00d7 USB 3.0 2 \u00d7 USB 2.0 HD Audio + Mic Bot\u00f3n de control LED Dimensiones: Mid Tower est\u00e1ndar (aprox. 420 \u00d7 210 \u00d7 460 mm) Caracter\u00edsticas destacadas Paneles de vidrio templado para m\u00e1xima visibilidad del hardware 4 ventiladores ARGB incluidos con control de iluminaci\u00f3n Amplio espacio interno para tarjetas gr\u00e1ficas de hasta 330 mm Soporte para sistemas de refrigeraci\u00f3n l\u00edquida Dise\u00f1o moderno y robusto en color negro","og_url":"https:\/\/unitgames.com.ar\/pc-gamer\/producto\/gabinete-formula-v-line-crystal-z1-black\/","og_site_name":"UnitGames","article_modified_time":"2026-01-09T10:13:33+00:00","og_image":[{"width":610,"height":610,"url":"https:\/\/unitgames.com.ar\/pc-gamer\/wp-content\/uploads\/2025\/09\/163334-1200-auto.webp","type":"image\/webp"}],"twitter_card":"summary_large_image","twitter_misc":{"Tiempo de lectura":"1 minuto"},"schema":{"@context":"https:\/\/schema.org","@graph":[{"@type":"WebPage","@id":"https:\/\/unitgames.com.ar\/pc-gamer\/producto\/gabinete-formula-v-line-crystal-z1-black\/","url":"https:\/\/unitgames.com.ar\/pc-gamer\/producto\/gabinete-formula-v-line-crystal-z1-black\/","name":"Gabinete FORMULA V Line Crystal Z1+ Black - UnitGames","isPartOf":{"@id":"https:\/\/unitgames.com.ar\/pc-gamer\/#website"},"primaryImageOfPage":{"@id":"https:\/\/unitgames.com.ar\/pc-gamer\/producto\/gabinete-formula-v-line-crystal-z1-black\/#primaryimage"},"image":{"@id":"https:\/\/unitgames.com.ar\/pc-gamer\/producto\/gabinete-formula-v-line-crystal-z1-black\/#primaryimage"},"thumbnailUrl":"https:\/\/unitgames.com.ar\/pc-gamer\/wp-content\/uploads\/2025\/09\/163334-1200-auto.webp","datePublished":"2025-09-12T13:22:46+00:00","dateModified":"2026-01-09T10:13:33+00:00","breadcrumb":{"@id":"https:\/\/unitgames.com.ar\/pc-gamer\/producto\/gabinete-formula-v-line-crystal-z1-black\/#breadcrumb"},"inLanguage":"es","potentialAction":[{"@type":"ReadAction","target":["https:\/\/unitgames.com.ar\/pc-gamer\/producto\/gabinete-formula-v-line-crystal-z1-black\/"]}]},{"@type":"ImageObject","inLanguage":"es","@id":"https:\/\/unitgames.com.ar\/pc-gamer\/producto\/gabinete-formula-v-line-crystal-z1-black\/#primaryimage","url":"https:\/\/unitgames.com.ar\/pc-gamer\/wp-content\/uploads\/2025\/09\/163334-1200-auto.webp","contentUrl":"https:\/\/unitgames.com.ar\/pc-gamer\/wp-content\/uploads\/2025\/09\/163334-1200-auto.webp","width":610,"height":610},{"@type":"BreadcrumbList","@id":"https:\/\/unitgames.com.ar\/pc-gamer\/producto\/gabinete-formula-v-line-crystal-z1-black\/#breadcrumb","itemListElement":[{"@type":"ListItem","position":1,"name":"Tienda","item":"https:\/\/unitgames.com.ar\/pc-gamer\/tienda\/"},{"@type":"ListItem","position":2,"name":"Gabinete FORMULA V Line Crystal Z1+ Black"}]},{"@type":"WebSite","@id":"https:\/\/unitgames.com.ar\/pc-gamer\/#website","url":"https:\/\/unitgames.com.ar\/pc-gamer\/","name":"UnitGames","description":"Venta de PC Gamers, Consolas , Servicio Tecnico Especializado. Todos en Accesorios Informaticos y Gamers","publisher":{"@id":"https:\/\/unitgames.com.ar\/pc-gamer\/#organization"},"potentialAction":[{"@type":"SearchAction","target":{"@type":"EntryPoint","urlTemplate":"https:\/\/unitgames.com.ar\/pc-gamer\/?s={search_term_string}"},"query-input":{"@type":"PropertyValueSpecification","valueRequired":true,"valueName":"search_term_string"}}],"inLanguage":"es"},{"@type":"Organization","@id":"https:\/\/unitgames.com.ar\/pc-gamer\/#organization","name":"UnitGames","url":"https:\/\/unitgames.com.ar\/pc-gamer\/","logo":{"@type":"ImageObject","inLanguage":"es","@id":"https:\/\/unitgames.com.ar\/pc-gamer\/#\/schema\/logo\/image\/","url":"https:\/\/unitgames.com.ar\/pc-gamer\/wp-content\/uploads\/2021\/01\/cropped-logoUnitGames2.png","contentUrl":"https:\/\/unitgames.com.ar\/pc-gamer\/wp-content\/uploads\/2021\/01\/cropped-logoUnitGames2.png","width":152,"height":200,"caption":"UnitGames"},"image":{"@id":"https:\/\/unitgames.com.ar\/pc-gamer\/#\/schema\/logo\/image\/"}}]}},"_links":{"self":[{"href":"https:\/\/unitgames.com.ar\/pc-gamer\/wp-json\/wp\/v2\/product\/17243","targetHints":{"allow":["GET"]}}],"collection":[{"href":"https:\/\/unitgames.com.ar\/pc-gamer\/wp-json\/wp\/v2\/product"}],"about":[{"href":"https:\/\/unitgames.com.ar\/pc-gamer\/wp-json\/wp\/v2\/types\/product"}],"version-history":[{"count":0,"href":"https:\/\/unitgames.com.ar\/pc-gamer\/wp-json\/wp\/v2\/product\/17243\/revisions"}],"wp:featuredmedia":[{"embeddable":true,"href":"https:\/\/unitgames.com.ar\/pc-gamer\/wp-json\/wp\/v2\/media\/17608"}],"wp:attachment":[{"href":"https:\/\/unitgames.com.ar\/pc-gamer\/wp-json\/wp\/v2\/media?parent=17243"}],"wp:term":[{"taxonomy":"product_brand","embeddable":true,"href":"https:\/\/unitgames.com.ar\/pc-gamer\/wp-json\/wp\/v2\/product_brand?post=17243"},{"taxonomy":"product_cat","embeddable":true,"href":"https:\/\/unitgames.com.ar\/pc-gamer\/wp-json\/wp\/v2\/product_cat?post=17243"},{"taxonomy":"product_tag","embeddable":true,"href":"https:\/\/unitgames.com.ar\/pc-gamer\/wp-json\/wp\/v2\/product_tag?post=17243"}],"curies":[{"name":"wp","href":"https:\/\/api.w.org\/{rel}","templated":true}]}}