{"id":17258,"date":"2025-09-13T10:52:53","date_gmt":"2025-09-13T13:52:53","guid":{"rendered":"https:\/\/unitgames.com.ar\/pc-gamer\/?post_type=product&#038;p=17258"},"modified":"2026-04-28T08:25:03","modified_gmt":"2026-04-28T11:25:03","slug":"monitor-asus-24-tuf-gaming-vg249ql3a-180hz","status":"publish","type":"product","link":"https:\/\/unitgames.com.ar\/pc-gamer\/producto\/monitor-asus-24-tuf-gaming-vg249ql3a-180hz\/","title":{"rendered":"Monitor ASUS 24 TUF Gaming VG249QL3A 180hz"},"content":{"rendered":"<p data-start=\"179\" data-end=\"482\">El <strong data-start=\"182\" data-end=\"204\">ASUS TUF VG249QL3A<\/strong> es un monitor gaming de 23,8\u2033 dise\u00f1ado para ofrecer la m\u00e1xima fluidez y precisi\u00f3n en juegos competitivos. Su panel Fast IPS Full HD, combinado con 180 Hz y 1 ms de respuesta, brinda una experiencia inmersiva con colores vibrantes y funciones exclusivas para gamers exigentes.<\/p>\n<hr data-start=\"484\" data-end=\"487\" \/>\n<p data-start=\"489\" data-end=\"523\"><strong data-start=\"492\" data-end=\"521\">Especificaciones T\u00e9cnicas<\/strong><\/p>\n<ul data-start=\"525\" data-end=\"906\">\n<li data-start=\"525\" data-end=\"580\">\n<p data-start=\"527\" data-end=\"580\"><strong data-start=\"527\" data-end=\"540\">Pantalla:<\/strong> 23,8\u2033 Fast IPS, Full HD (1920 \u00d7 1080)<\/p>\n<\/li>\n<li data-start=\"581\" data-end=\"619\">\n<p data-start=\"583\" data-end=\"619\"><strong data-start=\"583\" data-end=\"610\">Frecuencia de refresco:<\/strong> 180 Hz<\/p>\n<\/li>\n<li data-start=\"620\" data-end=\"659\">\n<p data-start=\"622\" data-end=\"659\"><strong data-start=\"622\" data-end=\"646\">Tiempo de respuesta:<\/strong> 1 ms (GTG)<\/p>\n<\/li>\n<li data-start=\"660\" data-end=\"684\">\n<p data-start=\"662\" data-end=\"684\"><strong data-start=\"662\" data-end=\"673\">Brillo:<\/strong> 350 nits<\/p>\n<\/li>\n<li data-start=\"685\" data-end=\"710\">\n<p data-start=\"687\" data-end=\"710\"><strong data-start=\"687\" data-end=\"701\">Contraste:<\/strong> 1000:1<\/p>\n<\/li>\n<li data-start=\"711\" data-end=\"749\">\n<p data-start=\"713\" data-end=\"749\"><strong data-start=\"713\" data-end=\"735\">\u00c1ngulos de visi\u00f3n:<\/strong> 178\u00b0 \/ 178\u00b0<\/p>\n<\/li>\n<li data-start=\"750\" data-end=\"801\">\n<p data-start=\"752\" data-end=\"801\"><strong data-start=\"752\" data-end=\"775\">Cobertura de color:<\/strong> 99 % sRGB \/ 95 % DCI-P3<\/p>\n<\/li>\n<li data-start=\"802\" data-end=\"906\">\n<p data-start=\"804\" data-end=\"906\"><strong data-start=\"804\" data-end=\"829\">Tecnolog\u00edas visuales:<\/strong> Extreme Low Motion Blur (ELMB), Shadow Boost, Low Blue Light, Flicker-Free<\/p>\n<\/li>\n<\/ul>\n<hr data-start=\"908\" data-end=\"911\" \/>\n<p data-start=\"913\" data-end=\"934\"><strong data-start=\"916\" data-end=\"932\">Conectividad<\/strong><\/p>\n<ul data-start=\"936\" data-end=\"1072\">\n<li data-start=\"936\" data-end=\"967\">\n<p data-start=\"938\" data-end=\"967\">2 \u00d7 HDMI 2.0 (FHD @ 180 Hz)<\/p>\n<\/li>\n<li data-start=\"968\" data-end=\"1006\">\n<p data-start=\"970\" data-end=\"1006\">1 \u00d7 DisplayPort 1.2 (FHD @ 180 Hz)<\/p>\n<\/li>\n<li data-start=\"1007\" data-end=\"1035\">\n<p data-start=\"1009\" data-end=\"1035\">1 \u00d7 Jack de audio 3.5 mm<\/p>\n<\/li>\n<li data-start=\"1036\" data-end=\"1072\">\n<p data-start=\"1038\" data-end=\"1072\"><strong data-start=\"1038\" data-end=\"1063\">Altavoces integrados:<\/strong> 2 \u00d7 2W<\/p>\n<\/li>\n<\/ul>\n<hr data-start=\"1074\" data-end=\"1077\" \/>\n<p data-start=\"1079\" data-end=\"1104\"><strong data-start=\"1082\" data-end=\"1102\">Dise\u00f1o y montaje<\/strong><\/p>\n<ul data-start=\"1106\" data-end=\"1297\">\n<li data-start=\"1106\" data-end=\"1142\">\n<p data-start=\"1108\" data-end=\"1142\">Dise\u00f1o gamer con bordes delgados<\/p>\n<\/li>\n<li data-start=\"1143\" data-end=\"1214\">\n<p data-start=\"1145\" data-end=\"1214\">Soporte ergon\u00f3mico con ajuste de altura, giro, inclinaci\u00f3n y pivote<\/p>\n<\/li>\n<li data-start=\"1215\" data-end=\"1244\">\n<p data-start=\"1217\" data-end=\"1244\">Montaje VESA 100 \u00d7 100 mm<\/p>\n<\/li>\n<li data-start=\"1245\" data-end=\"1280\">\n<p data-start=\"1247\" data-end=\"1280\">Dimensiones: 540 \u00d7 490 \u00d7 211 mm<\/p>\n<\/li>\n<li data-start=\"1281\" data-end=\"1297\">\n<p data-start=\"1283\" data-end=\"1297\">Peso: 5,1 kg<\/p>\n<\/li>\n<\/ul>\n<hr data-start=\"1299\" data-end=\"1302\" \/>\n<p data-start=\"1304\" data-end=\"1338\"><strong data-start=\"1306\" data-end=\"1336\">Caracter\u00edsticas destacadas<\/strong><\/p>\n<ul data-start=\"1340\" data-end=\"1676\">\n<li data-start=\"1340\" data-end=\"1408\">\n<p data-start=\"1342\" data-end=\"1408\">Ultra fluido con <strong data-start=\"1359\" data-end=\"1369\">180 Hz<\/strong> y <strong data-start=\"1372\" data-end=\"1380\">1 ms<\/strong> de respuesta para eSports<\/p>\n<\/li>\n<li data-start=\"1409\" data-end=\"1461\">\n<p data-start=\"1411\" data-end=\"1461\">Colores vivos y realistas con <strong data-start=\"1441\" data-end=\"1459\">panel Fast IPS<\/strong><\/p>\n<\/li>\n<li data-start=\"1462\" data-end=\"1525\">\n<p data-start=\"1464\" data-end=\"1525\">Compatible con <strong data-start=\"1479\" data-end=\"1496\">Adaptive-Sync<\/strong>, FreeSync Premium y G-Sync<\/p>\n<\/li>\n<li data-start=\"1526\" data-end=\"1606\">\n<p data-start=\"1528\" data-end=\"1606\">Herramientas exclusivas ASUS: <strong data-start=\"1558\" data-end=\"1604\">GamePlus, GameVisual, Trace Free, QuickFit<\/strong><\/p>\n<\/li>\n<li data-start=\"1607\" data-end=\"1676\">\n<p data-start=\"1609\" data-end=\"1676\">Protecci\u00f3n ocular avanzada: <strong data-start=\"1637\" data-end=\"1655\">Low Blue Light<\/strong> y <strong data-start=\"1658\" data-end=\"1674\">Flicker-Free<\/strong><\/p>\n<\/li>\n<\/ul>\n","protected":false},"excerpt":{"rendered":"<p>El ASUS TUF VG249QL3A es un monitor gaming de 23,8\u2033 dise\u00f1ado para ofrecer la m\u00e1xima fluidez y precisi\u00f3n en juegos competitivos. Su panel Fast IPS Full HD, combinado con 180 Hz y 1 ms de respuesta, brinda una experiencia inmersiva con colores vibrantes y funciones exclusivas para gamers exigentes. Especificaciones T\u00e9cnicas Pantalla: 23,8\u2033 Fast IPS, Full HD (1920 \u00d7 1080) Frecuencia de refresco: 180 Hz Tiempo de respuesta: 1 ms (GTG) Brillo: 350 nits Contraste: 1000:1 \u00c1ngulos de visi\u00f3n: 178\u00b0 \/ 178\u00b0 Cobertura de color: 99 % sRGB \/ 95 % DCI-P3 Tecnolog\u00edas visuales: Extreme Low Motion Blur (ELMB), Shadow Boost, Low Blue Light, Flicker-Free Conectividad 2 \u00d7 HDMI 2.0 (FHD @ 180 Hz) 1 \u00d7 DisplayPort 1.2 (FHD @ 180 Hz) 1 \u00d7 Jack de audio 3.5 mm Altavoces integrados: 2 \u00d7 2W Dise\u00f1o y montaje Dise\u00f1o gamer con bordes delgados Soporte ergon\u00f3mico con ajuste de altura, giro, inclinaci\u00f3n y pivote Montaje VESA 100 \u00d7 100 mm Dimensiones: 540 \u00d7 490 \u00d7 211 mm Peso: 5,1 kg Caracter\u00edsticas destacadas Ultra fluido con 180 Hz y 1 ms de respuesta para eSports Colores vivos y realistas con panel Fast IPS Compatible con Adaptive-Sync, FreeSync Premium y G-Sync Herramientas exclusivas ASUS: GamePlus, GameVisual, Trace Free, QuickFit Protecci\u00f3n ocular avanzada: Low Blue Light y Flicker-Free<\/p>\n","protected":false},"featured_media":17328,"template":"","meta":{"site-sidebar-layout":"default","site-content-layout":"","ast-site-content-layout":"default","site-content-style":"default","site-sidebar-style":"default","ast-global-header-display":"","ast-banner-title-visibility":"","ast-main-header-display":"","ast-hfb-above-header-display":"","ast-hfb-below-header-display":"","ast-hfb-mobile-header-display":"","site-post-title":"","ast-breadcrumbs-content":"","ast-featured-img":"","footer-sml-layout":"","theme-transparent-header-meta":"default","adv-header-id-meta":"","stick-header-meta":"","header-above-stick-meta":"","header-main-stick-meta":"","header-below-stick-meta":"","astra-migrate-meta-layouts":"set","ast-page-background-enabled":"default","ast-page-background-meta":{"desktop":{"background-color":"var(--ast-global-color-5)","background-image":"","background-repeat":"repeat","background-position":"center center","background-size":"auto","background-attachment":"scroll","background-type":"","background-media":"","overlay-type":"","overlay-color":"","overlay-opacity":"","overlay-gradient":""},"tablet":{"background-color":"","background-image":"","background-repeat":"repeat","background-position":"center center","background-size":"auto","background-attachment":"scroll","background-type":"","background-media":"","overlay-type":"","overlay-color":"","overlay-opacity":"","overlay-gradient":""},"mobile":{"background-color":"","background-image":"","background-repeat":"repeat","background-position":"center center","background-size":"auto","background-attachment":"scroll","background-type":"","background-media":"","overlay-type":"","overlay-color":"","overlay-opacity":"","overlay-gradient":""}},"ast-content-background-meta":{"desktop":{"background-color":"var(--ast-global-color-4)","background-image":"","background-repeat":"repeat","background-position":"center center","background-size":"auto","background-attachment":"scroll","background-type":"","background-media":"","overlay-type":"","overlay-color":"","overlay-opacity":"","overlay-gradient":""},"tablet":{"background-color":"var(--ast-global-color-4)","background-image":"","background-repeat":"repeat","background-position":"center center","background-size":"auto","background-attachment":"scroll","background-type":"","background-media":"","overlay-type":"","overlay-color":"","overlay-opacity":"","overlay-gradient":""},"mobile":{"background-color":"var(--ast-global-color-4)","background-image":"","background-repeat":"repeat","background-position":"center center","background-size":"auto","background-attachment":"scroll","background-type":"","background-media":"","overlay-type":"","overlay-color":"","overlay-opacity":"","overlay-gradient":""}},"_joinchat":[]},"product_brand":[],"product_cat":[70],"product_tag":[],"class_list":{"0":"post-17258","1":"product","2":"type-product","3":"status-publish","4":"has-post-thumbnail","6":"product_cat-monitores","7":"desktop-align-center","8":"tablet-align-left","9":"mobile-align-left","11":"first","12":"instock","13":"shipping-taxable","14":"purchasable","15":"product-type-simple"},"yoast_head":"<!-- This site is optimized with the Yoast SEO plugin v27.5 - https:\/\/yoast.com\/product\/yoast-seo-wordpress\/ -->\n<title>Monitor ASUS 24 TUF Gaming VG249QL3A 180hz - UnitGames<\/title>\n<meta name=\"robots\" content=\"index, follow, max-snippet:-1, max-image-preview:large, max-video-preview:-1\" \/>\n<link rel=\"canonical\" href=\"https:\/\/unitgames.com.ar\/pc-gamer\/producto\/monitor-asus-24-tuf-gaming-vg249ql3a-180hz\/\" \/>\n<meta property=\"og:locale\" content=\"es_ES\" \/>\n<meta property=\"og:type\" content=\"article\" \/>\n<meta property=\"og:title\" content=\"Monitor ASUS 24 TUF Gaming VG249QL3A 180hz - UnitGames\" \/>\n<meta property=\"og:description\" content=\"El ASUS TUF VG249QL3A es un monitor gaming de 23,8\u2033 dise\u00f1ado para ofrecer la m\u00e1xima fluidez y precisi\u00f3n en juegos competitivos. Su panel Fast IPS Full HD, combinado con 180 Hz y 1 ms de respuesta, brinda una experiencia inmersiva con colores vibrantes y funciones exclusivas para gamers exigentes. Especificaciones T\u00e9cnicas Pantalla: 23,8\u2033 Fast IPS, Full HD (1920 \u00d7 1080) Frecuencia de refresco: 180 Hz Tiempo de respuesta: 1 ms (GTG) Brillo: 350 nits Contraste: 1000:1 \u00c1ngulos de visi\u00f3n: 178\u00b0 \/ 178\u00b0 Cobertura de color: 99 % sRGB \/ 95 % DCI-P3 Tecnolog\u00edas visuales: Extreme Low Motion Blur (ELMB), Shadow Boost, Low Blue Light, Flicker-Free Conectividad 2 \u00d7 HDMI 2.0 (FHD @ 180 Hz) 1 \u00d7 DisplayPort 1.2 (FHD @ 180 Hz) 1 \u00d7 Jack de audio 3.5 mm Altavoces integrados: 2 \u00d7 2W Dise\u00f1o y montaje Dise\u00f1o gamer con bordes delgados Soporte ergon\u00f3mico con ajuste de altura, giro, inclinaci\u00f3n y pivote Montaje VESA 100 \u00d7 100 mm Dimensiones: 540 \u00d7 490 \u00d7 211 mm Peso: 5,1 kg Caracter\u00edsticas destacadas Ultra fluido con 180 Hz y 1 ms de respuesta para eSports Colores vivos y realistas con panel Fast IPS Compatible con Adaptive-Sync, FreeSync Premium y G-Sync Herramientas exclusivas ASUS: GamePlus, GameVisual, Trace Free, QuickFit Protecci\u00f3n ocular avanzada: Low Blue Light y Flicker-Free\" \/>\n<meta property=\"og:url\" content=\"https:\/\/unitgames.com.ar\/pc-gamer\/producto\/monitor-asus-24-tuf-gaming-vg249ql3a-180hz\/\" \/>\n<meta property=\"og:site_name\" content=\"UnitGames\" \/>\n<meta property=\"article:modified_time\" content=\"2026-04-28T11:25:03+00:00\" \/>\n<meta property=\"og:image\" content=\"https:\/\/unitgames.com.ar\/pc-gamer\/wp-content\/uploads\/2025\/09\/Monitor-ASUS-27-TUF-Gaming-VG279Q3A-180Hz.png\" \/>\n\t<meta property=\"og:image:width\" content=\"1263\" \/>\n\t<meta property=\"og:image:height\" content=\"1285\" \/>\n\t<meta property=\"og:image:type\" content=\"image\/png\" \/>\n<meta name=\"twitter:card\" content=\"summary_large_image\" \/>\n<meta name=\"twitter:label1\" content=\"Tiempo de lectura\" \/>\n\t<meta name=\"twitter:data1\" content=\"2 minutos\" \/>\n<script type=\"application\/ld+json\" class=\"yoast-schema-graph\">{\"@context\":\"https:\\\/\\\/schema.org\",\"@graph\":[{\"@type\":\"WebPage\",\"@id\":\"https:\\\/\\\/unitgames.com.ar\\\/pc-gamer\\\/producto\\\/monitor-asus-24-tuf-gaming-vg249ql3a-180hz\\\/\",\"url\":\"https:\\\/\\\/unitgames.com.ar\\\/pc-gamer\\\/producto\\\/monitor-asus-24-tuf-gaming-vg249ql3a-180hz\\\/\",\"name\":\"Monitor ASUS 24 TUF Gaming VG249QL3A 180hz - UnitGames\",\"isPartOf\":{\"@id\":\"https:\\\/\\\/unitgames.com.ar\\\/pc-gamer\\\/#website\"},\"primaryImageOfPage\":{\"@id\":\"https:\\\/\\\/unitgames.com.ar\\\/pc-gamer\\\/producto\\\/monitor-asus-24-tuf-gaming-vg249ql3a-180hz\\\/#primaryimage\"},\"image\":{\"@id\":\"https:\\\/\\\/unitgames.com.ar\\\/pc-gamer\\\/producto\\\/monitor-asus-24-tuf-gaming-vg249ql3a-180hz\\\/#primaryimage\"},\"thumbnailUrl\":\"https:\\\/\\\/unitgames.com.ar\\\/pc-gamer\\\/wp-content\\\/uploads\\\/2025\\\/09\\\/Monitor-ASUS-27-TUF-Gaming-VG279Q3A-180Hz.png\",\"datePublished\":\"2025-09-13T13:52:53+00:00\",\"dateModified\":\"2026-04-28T11:25:03+00:00\",\"breadcrumb\":{\"@id\":\"https:\\\/\\\/unitgames.com.ar\\\/pc-gamer\\\/producto\\\/monitor-asus-24-tuf-gaming-vg249ql3a-180hz\\\/#breadcrumb\"},\"inLanguage\":\"es\",\"potentialAction\":[{\"@type\":\"ReadAction\",\"target\":[\"https:\\\/\\\/unitgames.com.ar\\\/pc-gamer\\\/producto\\\/monitor-asus-24-tuf-gaming-vg249ql3a-180hz\\\/\"]}]},{\"@type\":\"ImageObject\",\"inLanguage\":\"es\",\"@id\":\"https:\\\/\\\/unitgames.com.ar\\\/pc-gamer\\\/producto\\\/monitor-asus-24-tuf-gaming-vg249ql3a-180hz\\\/#primaryimage\",\"url\":\"https:\\\/\\\/unitgames.com.ar\\\/pc-gamer\\\/wp-content\\\/uploads\\\/2025\\\/09\\\/Monitor-ASUS-27-TUF-Gaming-VG279Q3A-180Hz.png\",\"contentUrl\":\"https:\\\/\\\/unitgames.com.ar\\\/pc-gamer\\\/wp-content\\\/uploads\\\/2025\\\/09\\\/Monitor-ASUS-27-TUF-Gaming-VG279Q3A-180Hz.png\",\"width\":1263,\"height\":1285},{\"@type\":\"BreadcrumbList\",\"@id\":\"https:\\\/\\\/unitgames.com.ar\\\/pc-gamer\\\/producto\\\/monitor-asus-24-tuf-gaming-vg249ql3a-180hz\\\/#breadcrumb\",\"itemListElement\":[{\"@type\":\"ListItem\",\"position\":1,\"name\":\"Tienda\",\"item\":\"https:\\\/\\\/unitgames.com.ar\\\/pc-gamer\\\/tienda\\\/\"},{\"@type\":\"ListItem\",\"position\":2,\"name\":\"Monitor ASUS 24 TUF Gaming VG249QL3A 180hz\"}]},{\"@type\":\"WebSite\",\"@id\":\"https:\\\/\\\/unitgames.com.ar\\\/pc-gamer\\\/#website\",\"url\":\"https:\\\/\\\/unitgames.com.ar\\\/pc-gamer\\\/\",\"name\":\"UnitGames\",\"description\":\"Venta de PC Gamers, Consolas , Servicio Tecnico Especializado. Todos en Accesorios Informaticos y Gamers\",\"publisher\":{\"@id\":\"https:\\\/\\\/unitgames.com.ar\\\/pc-gamer\\\/#organization\"},\"potentialAction\":[{\"@type\":\"SearchAction\",\"target\":{\"@type\":\"EntryPoint\",\"urlTemplate\":\"https:\\\/\\\/unitgames.com.ar\\\/pc-gamer\\\/?s={search_term_string}\"},\"query-input\":{\"@type\":\"PropertyValueSpecification\",\"valueRequired\":true,\"valueName\":\"search_term_string\"}}],\"inLanguage\":\"es\"},{\"@type\":\"Organization\",\"@id\":\"https:\\\/\\\/unitgames.com.ar\\\/pc-gamer\\\/#organization\",\"name\":\"UnitGames\",\"url\":\"https:\\\/\\\/unitgames.com.ar\\\/pc-gamer\\\/\",\"logo\":{\"@type\":\"ImageObject\",\"inLanguage\":\"es\",\"@id\":\"https:\\\/\\\/unitgames.com.ar\\\/pc-gamer\\\/#\\\/schema\\\/logo\\\/image\\\/\",\"url\":\"https:\\\/\\\/unitgames.com.ar\\\/pc-gamer\\\/wp-content\\\/uploads\\\/2021\\\/01\\\/cropped-logoUnitGames2.png\",\"contentUrl\":\"https:\\\/\\\/unitgames.com.ar\\\/pc-gamer\\\/wp-content\\\/uploads\\\/2021\\\/01\\\/cropped-logoUnitGames2.png\",\"width\":152,\"height\":200,\"caption\":\"UnitGames\"},\"image\":{\"@id\":\"https:\\\/\\\/unitgames.com.ar\\\/pc-gamer\\\/#\\\/schema\\\/logo\\\/image\\\/\"}}]}<\/script>\n<!-- \/ Yoast SEO plugin. -->","yoast_head_json":{"title":"Monitor ASUS 24 TUF Gaming VG249QL3A 180hz - UnitGames","robots":{"index":"index","follow":"follow","max-snippet":"max-snippet:-1","max-image-preview":"max-image-preview:large","max-video-preview":"max-video-preview:-1"},"canonical":"https:\/\/unitgames.com.ar\/pc-gamer\/producto\/monitor-asus-24-tuf-gaming-vg249ql3a-180hz\/","og_locale":"es_ES","og_type":"article","og_title":"Monitor ASUS 24 TUF Gaming VG249QL3A 180hz - UnitGames","og_description":"El ASUS TUF VG249QL3A es un monitor gaming de 23,8\u2033 dise\u00f1ado para ofrecer la m\u00e1xima fluidez y precisi\u00f3n en juegos competitivos. Su panel Fast IPS Full HD, combinado con 180 Hz y 1 ms de respuesta, brinda una experiencia inmersiva con colores vibrantes y funciones exclusivas para gamers exigentes. Especificaciones T\u00e9cnicas Pantalla: 23,8\u2033 Fast IPS, Full HD (1920 \u00d7 1080) Frecuencia de refresco: 180 Hz Tiempo de respuesta: 1 ms (GTG) Brillo: 350 nits Contraste: 1000:1 \u00c1ngulos de visi\u00f3n: 178\u00b0 \/ 178\u00b0 Cobertura de color: 99 % sRGB \/ 95 % DCI-P3 Tecnolog\u00edas visuales: Extreme Low Motion Blur (ELMB), Shadow Boost, Low Blue Light, Flicker-Free Conectividad 2 \u00d7 HDMI 2.0 (FHD @ 180 Hz) 1 \u00d7 DisplayPort 1.2 (FHD @ 180 Hz) 1 \u00d7 Jack de audio 3.5 mm Altavoces integrados: 2 \u00d7 2W Dise\u00f1o y montaje Dise\u00f1o gamer con bordes delgados Soporte ergon\u00f3mico con ajuste de altura, giro, inclinaci\u00f3n y pivote Montaje VESA 100 \u00d7 100 mm Dimensiones: 540 \u00d7 490 \u00d7 211 mm Peso: 5,1 kg Caracter\u00edsticas destacadas Ultra fluido con 180 Hz y 1 ms de respuesta para eSports Colores vivos y realistas con panel Fast IPS Compatible con Adaptive-Sync, FreeSync Premium y G-Sync Herramientas exclusivas ASUS: GamePlus, GameVisual, Trace Free, QuickFit Protecci\u00f3n ocular avanzada: Low Blue Light y Flicker-Free","og_url":"https:\/\/unitgames.com.ar\/pc-gamer\/producto\/monitor-asus-24-tuf-gaming-vg249ql3a-180hz\/","og_site_name":"UnitGames","article_modified_time":"2026-04-28T11:25:03+00:00","og_image":[{"width":1263,"height":1285,"url":"https:\/\/unitgames.com.ar\/pc-gamer\/wp-content\/uploads\/2025\/09\/Monitor-ASUS-27-TUF-Gaming-VG279Q3A-180Hz.png","type":"image\/png"}],"twitter_card":"summary_large_image","twitter_misc":{"Tiempo de lectura":"2 minutos"},"schema":{"@context":"https:\/\/schema.org","@graph":[{"@type":"WebPage","@id":"https:\/\/unitgames.com.ar\/pc-gamer\/producto\/monitor-asus-24-tuf-gaming-vg249ql3a-180hz\/","url":"https:\/\/unitgames.com.ar\/pc-gamer\/producto\/monitor-asus-24-tuf-gaming-vg249ql3a-180hz\/","name":"Monitor ASUS 24 TUF Gaming VG249QL3A 180hz - UnitGames","isPartOf":{"@id":"https:\/\/unitgames.com.ar\/pc-gamer\/#website"},"primaryImageOfPage":{"@id":"https:\/\/unitgames.com.ar\/pc-gamer\/producto\/monitor-asus-24-tuf-gaming-vg249ql3a-180hz\/#primaryimage"},"image":{"@id":"https:\/\/unitgames.com.ar\/pc-gamer\/producto\/monitor-asus-24-tuf-gaming-vg249ql3a-180hz\/#primaryimage"},"thumbnailUrl":"https:\/\/unitgames.com.ar\/pc-gamer\/wp-content\/uploads\/2025\/09\/Monitor-ASUS-27-TUF-Gaming-VG279Q3A-180Hz.png","datePublished":"2025-09-13T13:52:53+00:00","dateModified":"2026-04-28T11:25:03+00:00","breadcrumb":{"@id":"https:\/\/unitgames.com.ar\/pc-gamer\/producto\/monitor-asus-24-tuf-gaming-vg249ql3a-180hz\/#breadcrumb"},"inLanguage":"es","potentialAction":[{"@type":"ReadAction","target":["https:\/\/unitgames.com.ar\/pc-gamer\/producto\/monitor-asus-24-tuf-gaming-vg249ql3a-180hz\/"]}]},{"@type":"ImageObject","inLanguage":"es","@id":"https:\/\/unitgames.com.ar\/pc-gamer\/producto\/monitor-asus-24-tuf-gaming-vg249ql3a-180hz\/#primaryimage","url":"https:\/\/unitgames.com.ar\/pc-gamer\/wp-content\/uploads\/2025\/09\/Monitor-ASUS-27-TUF-Gaming-VG279Q3A-180Hz.png","contentUrl":"https:\/\/unitgames.com.ar\/pc-gamer\/wp-content\/uploads\/2025\/09\/Monitor-ASUS-27-TUF-Gaming-VG279Q3A-180Hz.png","width":1263,"height":1285},{"@type":"BreadcrumbList","@id":"https:\/\/unitgames.com.ar\/pc-gamer\/producto\/monitor-asus-24-tuf-gaming-vg249ql3a-180hz\/#breadcrumb","itemListElement":[{"@type":"ListItem","position":1,"name":"Tienda","item":"https:\/\/unitgames.com.ar\/pc-gamer\/tienda\/"},{"@type":"ListItem","position":2,"name":"Monitor ASUS 24 TUF Gaming VG249QL3A 180hz"}]},{"@type":"WebSite","@id":"https:\/\/unitgames.com.ar\/pc-gamer\/#website","url":"https:\/\/unitgames.com.ar\/pc-gamer\/","name":"UnitGames","description":"Venta de PC Gamers, Consolas , Servicio Tecnico Especializado. Todos en Accesorios Informaticos y Gamers","publisher":{"@id":"https:\/\/unitgames.com.ar\/pc-gamer\/#organization"},"potentialAction":[{"@type":"SearchAction","target":{"@type":"EntryPoint","urlTemplate":"https:\/\/unitgames.com.ar\/pc-gamer\/?s={search_term_string}"},"query-input":{"@type":"PropertyValueSpecification","valueRequired":true,"valueName":"search_term_string"}}],"inLanguage":"es"},{"@type":"Organization","@id":"https:\/\/unitgames.com.ar\/pc-gamer\/#organization","name":"UnitGames","url":"https:\/\/unitgames.com.ar\/pc-gamer\/","logo":{"@type":"ImageObject","inLanguage":"es","@id":"https:\/\/unitgames.com.ar\/pc-gamer\/#\/schema\/logo\/image\/","url":"https:\/\/unitgames.com.ar\/pc-gamer\/wp-content\/uploads\/2021\/01\/cropped-logoUnitGames2.png","contentUrl":"https:\/\/unitgames.com.ar\/pc-gamer\/wp-content\/uploads\/2021\/01\/cropped-logoUnitGames2.png","width":152,"height":200,"caption":"UnitGames"},"image":{"@id":"https:\/\/unitgames.com.ar\/pc-gamer\/#\/schema\/logo\/image\/"}}]}},"_links":{"self":[{"href":"https:\/\/unitgames.com.ar\/pc-gamer\/wp-json\/wp\/v2\/product\/17258","targetHints":{"allow":["GET"]}}],"collection":[{"href":"https:\/\/unitgames.com.ar\/pc-gamer\/wp-json\/wp\/v2\/product"}],"about":[{"href":"https:\/\/unitgames.com.ar\/pc-gamer\/wp-json\/wp\/v2\/types\/product"}],"version-history":[{"count":0,"href":"https:\/\/unitgames.com.ar\/pc-gamer\/wp-json\/wp\/v2\/product\/17258\/revisions"}],"wp:featuredmedia":[{"embeddable":true,"href":"https:\/\/unitgames.com.ar\/pc-gamer\/wp-json\/wp\/v2\/media\/17328"}],"wp:attachment":[{"href":"https:\/\/unitgames.com.ar\/pc-gamer\/wp-json\/wp\/v2\/media?parent=17258"}],"wp:term":[{"taxonomy":"product_brand","embeddable":true,"href":"https:\/\/unitgames.com.ar\/pc-gamer\/wp-json\/wp\/v2\/product_brand?post=17258"},{"taxonomy":"product_cat","embeddable":true,"href":"https:\/\/unitgames.com.ar\/pc-gamer\/wp-json\/wp\/v2\/product_cat?post=17258"},{"taxonomy":"product_tag","embeddable":true,"href":"https:\/\/unitgames.com.ar\/pc-gamer\/wp-json\/wp\/v2\/product_tag?post=17258"}],"curies":[{"name":"wp","href":"https:\/\/api.w.org\/{rel}","templated":true}]}}