{"id":17263,"date":"2025-09-13T11:03:21","date_gmt":"2025-09-13T14:03:21","guid":{"rendered":"https:\/\/unitgames.com.ar\/pc-gamer\/?post_type=product&#038;p=17263"},"modified":"2026-03-12T12:14:47","modified_gmt":"2026-03-12T15:14:47","slug":"monitor-asus-27-tuf-gaming-vg279q3a-180hz","status":"publish","type":"product","link":"https:\/\/unitgames.com.ar\/pc-gamer\/producto\/monitor-asus-27-tuf-gaming-vg279q3a-180hz\/","title":{"rendered":"Monitor ASUS 27 TUF Gaming VG279Q3A 180Hz"},"content":{"rendered":"<p data-start=\"118\" data-end=\"170\">&#x1f5a5;&#xfe0f; <strong data-start=\"122\" data-end=\"168\">Monitor ASUS TUF Gaming VG279Q3A 27\u2033 180Hz<\/strong><\/p>\n<p data-start=\"172\" data-end=\"501\">El <strong data-start=\"175\" data-end=\"196\">ASUS TUF VG279Q3A<\/strong> es un monitor gaming de 27\u2033 que combina fluidez extrema con gran calidad visual. Su panel Fast IPS Full HD alcanza 180 Hz con 1 ms de respuesta, ideal para juegos competitivos. Adem\u00e1s, incorpora tecnolog\u00edas exclusivas de ASUS para mejorar la experiencia de juego y proteger la vista en largas sesiones.<\/p>\n<hr data-start=\"503\" data-end=\"506\" \/>\n<p data-start=\"508\" data-end=\"542\"><strong data-start=\"511\" data-end=\"540\">Especificaciones T\u00e9cnicas<\/strong><\/p>\n<ul data-start=\"544\" data-end=\"923\">\n<li data-start=\"544\" data-end=\"597\">\n<p data-start=\"546\" data-end=\"597\"><strong data-start=\"546\" data-end=\"559\">Pantalla:<\/strong> 27\u2033 Fast IPS, Full HD (1920 \u00d7 1080)<\/p>\n<\/li>\n<li data-start=\"598\" data-end=\"636\">\n<p data-start=\"600\" data-end=\"636\"><strong data-start=\"600\" data-end=\"627\">Frecuencia de refresco:<\/strong> 180 Hz<\/p>\n<\/li>\n<li data-start=\"637\" data-end=\"676\">\n<p data-start=\"639\" data-end=\"676\"><strong data-start=\"639\" data-end=\"663\">Tiempo de respuesta:<\/strong> 1 ms (GTG)<\/p>\n<\/li>\n<li data-start=\"677\" data-end=\"701\">\n<p data-start=\"679\" data-end=\"701\"><strong data-start=\"679\" data-end=\"690\">Brillo:<\/strong> 250 nits<\/p>\n<\/li>\n<li data-start=\"702\" data-end=\"727\">\n<p data-start=\"704\" data-end=\"727\"><strong data-start=\"704\" data-end=\"718\">Contraste:<\/strong> 1000:1<\/p>\n<\/li>\n<li data-start=\"728\" data-end=\"766\">\n<p data-start=\"730\" data-end=\"766\"><strong data-start=\"730\" data-end=\"752\">\u00c1ngulos de visi\u00f3n:<\/strong> 178\u00b0 \/ 178\u00b0<\/p>\n<\/li>\n<li data-start=\"767\" data-end=\"818\">\n<p data-start=\"769\" data-end=\"818\"><strong data-start=\"769\" data-end=\"792\">Cobertura de color:<\/strong> 99 % sRGB \/ 95 % DCI-P3<\/p>\n<\/li>\n<li data-start=\"819\" data-end=\"923\">\n<p data-start=\"821\" data-end=\"923\"><strong data-start=\"821\" data-end=\"846\">Tecnolog\u00edas visuales:<\/strong> Extreme Low Motion Blur (ELMB), Shadow Boost, Low Blue Light, Flicker-Free<\/p>\n<\/li>\n<\/ul>\n<hr data-start=\"925\" data-end=\"928\" \/>\n<p data-start=\"930\" data-end=\"951\"><strong data-start=\"933\" data-end=\"949\">Conectividad<\/strong><\/p>\n<ul data-start=\"953\" data-end=\"1089\">\n<li data-start=\"953\" data-end=\"984\">\n<p data-start=\"955\" data-end=\"984\">2 \u00d7 HDMI 2.0 (FHD @ 180 Hz)<\/p>\n<\/li>\n<li data-start=\"985\" data-end=\"1023\">\n<p data-start=\"987\" data-end=\"1023\">1 \u00d7 DisplayPort 1.2 (FHD @ 180 Hz)<\/p>\n<\/li>\n<li data-start=\"1024\" data-end=\"1052\">\n<p data-start=\"1026\" data-end=\"1052\">1 \u00d7 Jack de audio 3.5 mm<\/p>\n<\/li>\n<li data-start=\"1053\" data-end=\"1089\">\n<p data-start=\"1055\" data-end=\"1089\"><strong data-start=\"1055\" data-end=\"1080\">Altavoces integrados:<\/strong> 2 \u00d7 2W<\/p>\n<\/li>\n<\/ul>\n<hr data-start=\"1091\" data-end=\"1094\" \/>\n<p data-start=\"1096\" data-end=\"1121\"><strong data-start=\"1099\" data-end=\"1119\">Dise\u00f1o y montaje<\/strong><\/p>\n<ul data-start=\"1123\" data-end=\"1318\">\n<li data-start=\"1123\" data-end=\"1177\">\n<p data-start=\"1125\" data-end=\"1177\">Dise\u00f1o gamer con bordes finos y acabado negro mate<\/p>\n<\/li>\n<li data-start=\"1178\" data-end=\"1235\">\n<p data-start=\"1180\" data-end=\"1235\">Soporte ajustable: inclinaci\u00f3n, giro, pivote y altura<\/p>\n<\/li>\n<li data-start=\"1236\" data-end=\"1265\">\n<p data-start=\"1238\" data-end=\"1265\">Montaje VESA 100 \u00d7 100 mm<\/p>\n<\/li>\n<li data-start=\"1266\" data-end=\"1301\">\n<p data-start=\"1268\" data-end=\"1301\">Dimensiones: 615 \u00d7 456 \u00d7 214 mm<\/p>\n<\/li>\n<li data-start=\"1302\" data-end=\"1318\">\n<p data-start=\"1304\" data-end=\"1318\">Peso: 5,2 kg<\/p>\n<\/li>\n<\/ul>\n<hr data-start=\"1320\" data-end=\"1323\" \/>\n<p data-start=\"1325\" data-end=\"1359\"><strong data-start=\"1327\" data-end=\"1357\">Caracter\u00edsticas destacadas<\/strong><\/p>\n<ul data-start=\"1361\" data-end=\"1669\">\n<li data-start=\"1361\" data-end=\"1411\">\n<p data-start=\"1363\" data-end=\"1411\"><strong data-start=\"1363\" data-end=\"1380\">180 Hz + 1 ms<\/strong>: m\u00e1xima fluidez para eSports<\/p>\n<\/li>\n<li data-start=\"1412\" data-end=\"1463\">\n<p data-start=\"1414\" data-end=\"1463\">Colores vivos y precisos con panel <strong data-start=\"1449\" data-end=\"1461\">Fast IPS<\/strong><\/p>\n<\/li>\n<li data-start=\"1464\" data-end=\"1527\">\n<p data-start=\"1466\" data-end=\"1527\">Compatible con <strong data-start=\"1481\" data-end=\"1498\">Adaptive-Sync<\/strong>, FreeSync Premium y G-Sync<\/p>\n<\/li>\n<li data-start=\"1528\" data-end=\"1599\">\n<p data-start=\"1530\" data-end=\"1599\">Herramientas gaming: <strong data-start=\"1551\" data-end=\"1597\">GamePlus, GameVisual, Trace Free, QuickFit<\/strong><\/p>\n<\/li>\n<li data-start=\"1600\" data-end=\"1669\">\n<p data-start=\"1602\" data-end=\"1669\">Protecci\u00f3n ocular avanzada: <strong data-start=\"1630\" data-end=\"1648\">Low Blue Light<\/strong> y <strong data-start=\"1651\" data-end=\"1667\">Flicker-Free<\/strong><\/p>\n<\/li>\n<\/ul>\n","protected":false},"excerpt":{"rendered":"<p>&#x1f5a5;&#xfe0f; Monitor ASUS TUF Gaming VG279Q3A 27\u2033 180Hz El ASUS TUF VG279Q3A es un monitor gaming de 27\u2033 que combina fluidez extrema con gran calidad visual. Su panel Fast IPS Full HD alcanza 180 Hz con 1 ms de respuesta, ideal para juegos competitivos. Adem\u00e1s, incorpora tecnolog\u00edas exclusivas de ASUS para mejorar la experiencia de juego y proteger la vista en largas sesiones. Especificaciones T\u00e9cnicas Pantalla: 27\u2033 Fast IPS, Full HD (1920 \u00d7 1080) Frecuencia de refresco: 180 Hz Tiempo de respuesta: 1 ms (GTG) Brillo: 250 nits Contraste: 1000:1 \u00c1ngulos de visi\u00f3n: 178\u00b0 \/ 178\u00b0 Cobertura de color: 99 % sRGB \/ 95 % DCI-P3 Tecnolog\u00edas visuales: Extreme Low Motion Blur (ELMB), Shadow Boost, Low Blue Light, Flicker-Free Conectividad 2 \u00d7 HDMI 2.0 (FHD @ 180 Hz) 1 \u00d7 DisplayPort 1.2 (FHD @ 180 Hz) 1 \u00d7 Jack de audio 3.5 mm Altavoces integrados: 2 \u00d7 2W Dise\u00f1o y montaje Dise\u00f1o gamer con bordes finos y acabado negro mate Soporte ajustable: inclinaci\u00f3n, giro, pivote y altura Montaje VESA 100 \u00d7 100 mm Dimensiones: 615 \u00d7 456 \u00d7 214 mm Peso: 5,2 kg Caracter\u00edsticas destacadas 180 Hz + 1 ms: m\u00e1xima fluidez para eSports Colores vivos y precisos con panel Fast IPS Compatible con Adaptive-Sync, FreeSync Premium y G-Sync Herramientas gaming: GamePlus, GameVisual, Trace Free, QuickFit Protecci\u00f3n ocular avanzada: Low Blue Light y Flicker-Free<\/p>\n","protected":false},"featured_media":17328,"template":"","meta":{"site-sidebar-layout":"default","site-content-layout":"","ast-site-content-layout":"default","site-content-style":"default","site-sidebar-style":"default","ast-global-header-display":"","ast-banner-title-visibility":"","ast-main-header-display":"","ast-hfb-above-header-display":"","ast-hfb-below-header-display":"","ast-hfb-mobile-header-display":"","site-post-title":"","ast-breadcrumbs-content":"","ast-featured-img":"","footer-sml-layout":"","theme-transparent-header-meta":"default","adv-header-id-meta":"","stick-header-meta":"","header-above-stick-meta":"","header-main-stick-meta":"","header-below-stick-meta":"","astra-migrate-meta-layouts":"set","ast-page-background-enabled":"default","ast-page-background-meta":{"desktop":{"background-color":"var(--ast-global-color-5)","background-image":"","background-repeat":"repeat","background-position":"center center","background-size":"auto","background-attachment":"scroll","background-type":"","background-media":"","overlay-type":"","overlay-color":"","overlay-opacity":"","overlay-gradient":""},"tablet":{"background-color":"","background-image":"","background-repeat":"repeat","background-position":"center center","background-size":"auto","background-attachment":"scroll","background-type":"","background-media":"","overlay-type":"","overlay-color":"","overlay-opacity":"","overlay-gradient":""},"mobile":{"background-color":"","background-image":"","background-repeat":"repeat","background-position":"center center","background-size":"auto","background-attachment":"scroll","background-type":"","background-media":"","overlay-type":"","overlay-color":"","overlay-opacity":"","overlay-gradient":""}},"ast-content-background-meta":{"desktop":{"background-color":"var(--ast-global-color-4)","background-image":"","background-repeat":"repeat","background-position":"center center","background-size":"auto","background-attachment":"scroll","background-type":"","background-media":"","overlay-type":"","overlay-color":"","overlay-opacity":"","overlay-gradient":""},"tablet":{"background-color":"var(--ast-global-color-4)","background-image":"","background-repeat":"repeat","background-position":"center center","background-size":"auto","background-attachment":"scroll","background-type":"","background-media":"","overlay-type":"","overlay-color":"","overlay-opacity":"","overlay-gradient":""},"mobile":{"background-color":"var(--ast-global-color-4)","background-image":"","background-repeat":"repeat","background-position":"center center","background-size":"auto","background-attachment":"scroll","background-type":"","background-media":"","overlay-type":"","overlay-color":"","overlay-opacity":"","overlay-gradient":""}},"_joinchat":[]},"product_brand":[],"product_cat":[70],"product_tag":[],"class_list":{"0":"post-17263","1":"product","2":"type-product","3":"status-publish","4":"has-post-thumbnail","6":"product_cat-monitores","7":"desktop-align-center","8":"tablet-align-left","9":"mobile-align-left","11":"first","12":"instock","13":"shipping-taxable","14":"purchasable","15":"product-type-simple"},"yoast_head":"<!-- This site is optimized with the Yoast SEO plugin v27.5 - https:\/\/yoast.com\/product\/yoast-seo-wordpress\/ -->\n<title>Monitor ASUS 27 TUF Gaming VG279Q3A 180Hz - UnitGames<\/title>\n<meta name=\"robots\" content=\"index, follow, max-snippet:-1, max-image-preview:large, max-video-preview:-1\" \/>\n<link rel=\"canonical\" href=\"https:\/\/unitgames.com.ar\/pc-gamer\/producto\/monitor-asus-27-tuf-gaming-vg279q3a-180hz\/\" \/>\n<meta property=\"og:locale\" content=\"es_ES\" \/>\n<meta property=\"og:type\" content=\"article\" \/>\n<meta property=\"og:title\" content=\"Monitor ASUS 27 TUF Gaming VG279Q3A 180Hz - UnitGames\" \/>\n<meta property=\"og:description\" content=\"&#x1f5a5;&#xfe0f; Monitor ASUS TUF Gaming VG279Q3A 27\u2033 180Hz El ASUS TUF VG279Q3A es un monitor gaming de 27\u2033 que combina fluidez extrema con gran calidad visual. Su panel Fast IPS Full HD alcanza 180 Hz con 1 ms de respuesta, ideal para juegos competitivos. Adem\u00e1s, incorpora tecnolog\u00edas exclusivas de ASUS para mejorar la experiencia de juego y proteger la vista en largas sesiones. Especificaciones T\u00e9cnicas Pantalla: 27\u2033 Fast IPS, Full HD (1920 \u00d7 1080) Frecuencia de refresco: 180 Hz Tiempo de respuesta: 1 ms (GTG) Brillo: 250 nits Contraste: 1000:1 \u00c1ngulos de visi\u00f3n: 178\u00b0 \/ 178\u00b0 Cobertura de color: 99 % sRGB \/ 95 % DCI-P3 Tecnolog\u00edas visuales: Extreme Low Motion Blur (ELMB), Shadow Boost, Low Blue Light, Flicker-Free Conectividad 2 \u00d7 HDMI 2.0 (FHD @ 180 Hz) 1 \u00d7 DisplayPort 1.2 (FHD @ 180 Hz) 1 \u00d7 Jack de audio 3.5 mm Altavoces integrados: 2 \u00d7 2W Dise\u00f1o y montaje Dise\u00f1o gamer con bordes finos y acabado negro mate Soporte ajustable: inclinaci\u00f3n, giro, pivote y altura Montaje VESA 100 \u00d7 100 mm Dimensiones: 615 \u00d7 456 \u00d7 214 mm Peso: 5,2 kg Caracter\u00edsticas destacadas 180 Hz + 1 ms: m\u00e1xima fluidez para eSports Colores vivos y precisos con panel Fast IPS Compatible con Adaptive-Sync, FreeSync Premium y G-Sync Herramientas gaming: GamePlus, GameVisual, Trace Free, QuickFit Protecci\u00f3n ocular avanzada: Low Blue Light y Flicker-Free\" \/>\n<meta property=\"og:url\" content=\"https:\/\/unitgames.com.ar\/pc-gamer\/producto\/monitor-asus-27-tuf-gaming-vg279q3a-180hz\/\" \/>\n<meta property=\"og:site_name\" content=\"UnitGames\" \/>\n<meta property=\"article:modified_time\" content=\"2026-03-12T15:14:47+00:00\" \/>\n<meta property=\"og:image\" content=\"https:\/\/unitgames.com.ar\/pc-gamer\/wp-content\/uploads\/2025\/09\/Monitor-ASUS-27-TUF-Gaming-VG279Q3A-180Hz.png\" \/>\n\t<meta property=\"og:image:width\" content=\"1263\" \/>\n\t<meta property=\"og:image:height\" content=\"1285\" \/>\n\t<meta property=\"og:image:type\" content=\"image\/png\" \/>\n<meta name=\"twitter:card\" content=\"summary_large_image\" \/>\n<meta name=\"twitter:label1\" content=\"Tiempo de lectura\" \/>\n\t<meta name=\"twitter:data1\" content=\"2 minutos\" \/>\n<script type=\"application\/ld+json\" class=\"yoast-schema-graph\">{\"@context\":\"https:\\\/\\\/schema.org\",\"@graph\":[{\"@type\":\"WebPage\",\"@id\":\"https:\\\/\\\/unitgames.com.ar\\\/pc-gamer\\\/producto\\\/monitor-asus-27-tuf-gaming-vg279q3a-180hz\\\/\",\"url\":\"https:\\\/\\\/unitgames.com.ar\\\/pc-gamer\\\/producto\\\/monitor-asus-27-tuf-gaming-vg279q3a-180hz\\\/\",\"name\":\"Monitor ASUS 27 TUF Gaming VG279Q3A 180Hz - UnitGames\",\"isPartOf\":{\"@id\":\"https:\\\/\\\/unitgames.com.ar\\\/pc-gamer\\\/#website\"},\"primaryImageOfPage\":{\"@id\":\"https:\\\/\\\/unitgames.com.ar\\\/pc-gamer\\\/producto\\\/monitor-asus-27-tuf-gaming-vg279q3a-180hz\\\/#primaryimage\"},\"image\":{\"@id\":\"https:\\\/\\\/unitgames.com.ar\\\/pc-gamer\\\/producto\\\/monitor-asus-27-tuf-gaming-vg279q3a-180hz\\\/#primaryimage\"},\"thumbnailUrl\":\"https:\\\/\\\/unitgames.com.ar\\\/pc-gamer\\\/wp-content\\\/uploads\\\/2025\\\/09\\\/Monitor-ASUS-27-TUF-Gaming-VG279Q3A-180Hz.png\",\"datePublished\":\"2025-09-13T14:03:21+00:00\",\"dateModified\":\"2026-03-12T15:14:47+00:00\",\"breadcrumb\":{\"@id\":\"https:\\\/\\\/unitgames.com.ar\\\/pc-gamer\\\/producto\\\/monitor-asus-27-tuf-gaming-vg279q3a-180hz\\\/#breadcrumb\"},\"inLanguage\":\"es\",\"potentialAction\":[{\"@type\":\"ReadAction\",\"target\":[\"https:\\\/\\\/unitgames.com.ar\\\/pc-gamer\\\/producto\\\/monitor-asus-27-tuf-gaming-vg279q3a-180hz\\\/\"]}]},{\"@type\":\"ImageObject\",\"inLanguage\":\"es\",\"@id\":\"https:\\\/\\\/unitgames.com.ar\\\/pc-gamer\\\/producto\\\/monitor-asus-27-tuf-gaming-vg279q3a-180hz\\\/#primaryimage\",\"url\":\"https:\\\/\\\/unitgames.com.ar\\\/pc-gamer\\\/wp-content\\\/uploads\\\/2025\\\/09\\\/Monitor-ASUS-27-TUF-Gaming-VG279Q3A-180Hz.png\",\"contentUrl\":\"https:\\\/\\\/unitgames.com.ar\\\/pc-gamer\\\/wp-content\\\/uploads\\\/2025\\\/09\\\/Monitor-ASUS-27-TUF-Gaming-VG279Q3A-180Hz.png\",\"width\":1263,\"height\":1285},{\"@type\":\"BreadcrumbList\",\"@id\":\"https:\\\/\\\/unitgames.com.ar\\\/pc-gamer\\\/producto\\\/monitor-asus-27-tuf-gaming-vg279q3a-180hz\\\/#breadcrumb\",\"itemListElement\":[{\"@type\":\"ListItem\",\"position\":1,\"name\":\"Tienda\",\"item\":\"https:\\\/\\\/unitgames.com.ar\\\/pc-gamer\\\/tienda\\\/\"},{\"@type\":\"ListItem\",\"position\":2,\"name\":\"Monitor ASUS 27 TUF Gaming VG279Q3A 180Hz\"}]},{\"@type\":\"WebSite\",\"@id\":\"https:\\\/\\\/unitgames.com.ar\\\/pc-gamer\\\/#website\",\"url\":\"https:\\\/\\\/unitgames.com.ar\\\/pc-gamer\\\/\",\"name\":\"UnitGames\",\"description\":\"Venta de PC Gamers, Consolas , Servicio Tecnico Especializado. Todos en Accesorios Informaticos y Gamers\",\"publisher\":{\"@id\":\"https:\\\/\\\/unitgames.com.ar\\\/pc-gamer\\\/#organization\"},\"potentialAction\":[{\"@type\":\"SearchAction\",\"target\":{\"@type\":\"EntryPoint\",\"urlTemplate\":\"https:\\\/\\\/unitgames.com.ar\\\/pc-gamer\\\/?s={search_term_string}\"},\"query-input\":{\"@type\":\"PropertyValueSpecification\",\"valueRequired\":true,\"valueName\":\"search_term_string\"}}],\"inLanguage\":\"es\"},{\"@type\":\"Organization\",\"@id\":\"https:\\\/\\\/unitgames.com.ar\\\/pc-gamer\\\/#organization\",\"name\":\"UnitGames\",\"url\":\"https:\\\/\\\/unitgames.com.ar\\\/pc-gamer\\\/\",\"logo\":{\"@type\":\"ImageObject\",\"inLanguage\":\"es\",\"@id\":\"https:\\\/\\\/unitgames.com.ar\\\/pc-gamer\\\/#\\\/schema\\\/logo\\\/image\\\/\",\"url\":\"https:\\\/\\\/unitgames.com.ar\\\/pc-gamer\\\/wp-content\\\/uploads\\\/2021\\\/01\\\/cropped-logoUnitGames2.png\",\"contentUrl\":\"https:\\\/\\\/unitgames.com.ar\\\/pc-gamer\\\/wp-content\\\/uploads\\\/2021\\\/01\\\/cropped-logoUnitGames2.png\",\"width\":152,\"height\":200,\"caption\":\"UnitGames\"},\"image\":{\"@id\":\"https:\\\/\\\/unitgames.com.ar\\\/pc-gamer\\\/#\\\/schema\\\/logo\\\/image\\\/\"}}]}<\/script>\n<!-- \/ Yoast SEO plugin. -->","yoast_head_json":{"title":"Monitor ASUS 27 TUF Gaming VG279Q3A 180Hz - UnitGames","robots":{"index":"index","follow":"follow","max-snippet":"max-snippet:-1","max-image-preview":"max-image-preview:large","max-video-preview":"max-video-preview:-1"},"canonical":"https:\/\/unitgames.com.ar\/pc-gamer\/producto\/monitor-asus-27-tuf-gaming-vg279q3a-180hz\/","og_locale":"es_ES","og_type":"article","og_title":"Monitor ASUS 27 TUF Gaming VG279Q3A 180Hz - UnitGames","og_description":"&#x1f5a5;&#xfe0f; Monitor ASUS TUF Gaming VG279Q3A 27\u2033 180Hz El ASUS TUF VG279Q3A es un monitor gaming de 27\u2033 que combina fluidez extrema con gran calidad visual. Su panel Fast IPS Full HD alcanza 180 Hz con 1 ms de respuesta, ideal para juegos competitivos. Adem\u00e1s, incorpora tecnolog\u00edas exclusivas de ASUS para mejorar la experiencia de juego y proteger la vista en largas sesiones. Especificaciones T\u00e9cnicas Pantalla: 27\u2033 Fast IPS, Full HD (1920 \u00d7 1080) Frecuencia de refresco: 180 Hz Tiempo de respuesta: 1 ms (GTG) Brillo: 250 nits Contraste: 1000:1 \u00c1ngulos de visi\u00f3n: 178\u00b0 \/ 178\u00b0 Cobertura de color: 99 % sRGB \/ 95 % DCI-P3 Tecnolog\u00edas visuales: Extreme Low Motion Blur (ELMB), Shadow Boost, Low Blue Light, Flicker-Free Conectividad 2 \u00d7 HDMI 2.0 (FHD @ 180 Hz) 1 \u00d7 DisplayPort 1.2 (FHD @ 180 Hz) 1 \u00d7 Jack de audio 3.5 mm Altavoces integrados: 2 \u00d7 2W Dise\u00f1o y montaje Dise\u00f1o gamer con bordes finos y acabado negro mate Soporte ajustable: inclinaci\u00f3n, giro, pivote y altura Montaje VESA 100 \u00d7 100 mm Dimensiones: 615 \u00d7 456 \u00d7 214 mm Peso: 5,2 kg Caracter\u00edsticas destacadas 180 Hz + 1 ms: m\u00e1xima fluidez para eSports Colores vivos y precisos con panel Fast IPS Compatible con Adaptive-Sync, FreeSync Premium y G-Sync Herramientas gaming: GamePlus, GameVisual, Trace Free, QuickFit Protecci\u00f3n ocular avanzada: Low Blue Light y Flicker-Free","og_url":"https:\/\/unitgames.com.ar\/pc-gamer\/producto\/monitor-asus-27-tuf-gaming-vg279q3a-180hz\/","og_site_name":"UnitGames","article_modified_time":"2026-03-12T15:14:47+00:00","og_image":[{"width":1263,"height":1285,"url":"https:\/\/unitgames.com.ar\/pc-gamer\/wp-content\/uploads\/2025\/09\/Monitor-ASUS-27-TUF-Gaming-VG279Q3A-180Hz.png","type":"image\/png"}],"twitter_card":"summary_large_image","twitter_misc":{"Tiempo de lectura":"2 minutos"},"schema":{"@context":"https:\/\/schema.org","@graph":[{"@type":"WebPage","@id":"https:\/\/unitgames.com.ar\/pc-gamer\/producto\/monitor-asus-27-tuf-gaming-vg279q3a-180hz\/","url":"https:\/\/unitgames.com.ar\/pc-gamer\/producto\/monitor-asus-27-tuf-gaming-vg279q3a-180hz\/","name":"Monitor ASUS 27 TUF Gaming VG279Q3A 180Hz - UnitGames","isPartOf":{"@id":"https:\/\/unitgames.com.ar\/pc-gamer\/#website"},"primaryImageOfPage":{"@id":"https:\/\/unitgames.com.ar\/pc-gamer\/producto\/monitor-asus-27-tuf-gaming-vg279q3a-180hz\/#primaryimage"},"image":{"@id":"https:\/\/unitgames.com.ar\/pc-gamer\/producto\/monitor-asus-27-tuf-gaming-vg279q3a-180hz\/#primaryimage"},"thumbnailUrl":"https:\/\/unitgames.com.ar\/pc-gamer\/wp-content\/uploads\/2025\/09\/Monitor-ASUS-27-TUF-Gaming-VG279Q3A-180Hz.png","datePublished":"2025-09-13T14:03:21+00:00","dateModified":"2026-03-12T15:14:47+00:00","breadcrumb":{"@id":"https:\/\/unitgames.com.ar\/pc-gamer\/producto\/monitor-asus-27-tuf-gaming-vg279q3a-180hz\/#breadcrumb"},"inLanguage":"es","potentialAction":[{"@type":"ReadAction","target":["https:\/\/unitgames.com.ar\/pc-gamer\/producto\/monitor-asus-27-tuf-gaming-vg279q3a-180hz\/"]}]},{"@type":"ImageObject","inLanguage":"es","@id":"https:\/\/unitgames.com.ar\/pc-gamer\/producto\/monitor-asus-27-tuf-gaming-vg279q3a-180hz\/#primaryimage","url":"https:\/\/unitgames.com.ar\/pc-gamer\/wp-content\/uploads\/2025\/09\/Monitor-ASUS-27-TUF-Gaming-VG279Q3A-180Hz.png","contentUrl":"https:\/\/unitgames.com.ar\/pc-gamer\/wp-content\/uploads\/2025\/09\/Monitor-ASUS-27-TUF-Gaming-VG279Q3A-180Hz.png","width":1263,"height":1285},{"@type":"BreadcrumbList","@id":"https:\/\/unitgames.com.ar\/pc-gamer\/producto\/monitor-asus-27-tuf-gaming-vg279q3a-180hz\/#breadcrumb","itemListElement":[{"@type":"ListItem","position":1,"name":"Tienda","item":"https:\/\/unitgames.com.ar\/pc-gamer\/tienda\/"},{"@type":"ListItem","position":2,"name":"Monitor ASUS 27 TUF Gaming VG279Q3A 180Hz"}]},{"@type":"WebSite","@id":"https:\/\/unitgames.com.ar\/pc-gamer\/#website","url":"https:\/\/unitgames.com.ar\/pc-gamer\/","name":"UnitGames","description":"Venta de PC Gamers, Consolas , Servicio Tecnico Especializado. Todos en Accesorios Informaticos y Gamers","publisher":{"@id":"https:\/\/unitgames.com.ar\/pc-gamer\/#organization"},"potentialAction":[{"@type":"SearchAction","target":{"@type":"EntryPoint","urlTemplate":"https:\/\/unitgames.com.ar\/pc-gamer\/?s={search_term_string}"},"query-input":{"@type":"PropertyValueSpecification","valueRequired":true,"valueName":"search_term_string"}}],"inLanguage":"es"},{"@type":"Organization","@id":"https:\/\/unitgames.com.ar\/pc-gamer\/#organization","name":"UnitGames","url":"https:\/\/unitgames.com.ar\/pc-gamer\/","logo":{"@type":"ImageObject","inLanguage":"es","@id":"https:\/\/unitgames.com.ar\/pc-gamer\/#\/schema\/logo\/image\/","url":"https:\/\/unitgames.com.ar\/pc-gamer\/wp-content\/uploads\/2021\/01\/cropped-logoUnitGames2.png","contentUrl":"https:\/\/unitgames.com.ar\/pc-gamer\/wp-content\/uploads\/2021\/01\/cropped-logoUnitGames2.png","width":152,"height":200,"caption":"UnitGames"},"image":{"@id":"https:\/\/unitgames.com.ar\/pc-gamer\/#\/schema\/logo\/image\/"}}]}},"_links":{"self":[{"href":"https:\/\/unitgames.com.ar\/pc-gamer\/wp-json\/wp\/v2\/product\/17263","targetHints":{"allow":["GET"]}}],"collection":[{"href":"https:\/\/unitgames.com.ar\/pc-gamer\/wp-json\/wp\/v2\/product"}],"about":[{"href":"https:\/\/unitgames.com.ar\/pc-gamer\/wp-json\/wp\/v2\/types\/product"}],"version-history":[{"count":0,"href":"https:\/\/unitgames.com.ar\/pc-gamer\/wp-json\/wp\/v2\/product\/17263\/revisions"}],"wp:featuredmedia":[{"embeddable":true,"href":"https:\/\/unitgames.com.ar\/pc-gamer\/wp-json\/wp\/v2\/media\/17328"}],"wp:attachment":[{"href":"https:\/\/unitgames.com.ar\/pc-gamer\/wp-json\/wp\/v2\/media?parent=17263"}],"wp:term":[{"taxonomy":"product_brand","embeddable":true,"href":"https:\/\/unitgames.com.ar\/pc-gamer\/wp-json\/wp\/v2\/product_brand?post=17263"},{"taxonomy":"product_cat","embeddable":true,"href":"https:\/\/unitgames.com.ar\/pc-gamer\/wp-json\/wp\/v2\/product_cat?post=17263"},{"taxonomy":"product_tag","embeddable":true,"href":"https:\/\/unitgames.com.ar\/pc-gamer\/wp-json\/wp\/v2\/product_tag?post=17263"}],"curies":[{"name":"wp","href":"https:\/\/api.w.org\/{rel}","templated":true}]}}