{"id":17270,"date":"2025-09-13T11:25:16","date_gmt":"2025-09-13T14:25:16","guid":{"rendered":"https:\/\/unitgames.com.ar\/pc-gamer\/?post_type=product&#038;p=17270"},"modified":"2026-01-09T07:13:31","modified_gmt":"2026-01-09T10:13:31","slug":"gabinete-evolabs-duality","status":"publish","type":"product","link":"https:\/\/unitgames.com.ar\/pc-gamer\/producto\/gabinete-evolabs-duality\/","title":{"rendered":"Gabinete EVOLABS Duality"},"content":{"rendered":"<p data-start=\"149\" data-end=\"441\">El <strong data-start=\"152\" data-end=\"171\">EVOLABS Duality<\/strong> es un gabinete gamer de dise\u00f1o moderno con frente y lateral de vidrio templado, ideal para exhibir tu setup con estilo. Ofrece gran flujo de aire, espacio optimizado para hardware de alto rendimiento y soporte para refrigeraci\u00f3n l\u00edquida y m\u00faltiples ventiladores ARGB.<\/p>\n<hr data-start=\"443\" data-end=\"446\" \/>\n<p data-start=\"448\" data-end=\"482\"><strong data-start=\"451\" data-end=\"480\">Especificaciones T\u00e9cnicas<\/strong><\/p>\n<ul data-start=\"484\" data-end=\"771\">\n<li data-start=\"484\" data-end=\"510\">\n<p data-start=\"486\" data-end=\"510\"><strong data-start=\"486\" data-end=\"498\">Formato:<\/strong> Mid Tower<\/p>\n<\/li>\n<li data-start=\"511\" data-end=\"577\">\n<p data-start=\"513\" data-end=\"577\"><strong data-start=\"513\" data-end=\"548\">Compatibilidad de placas madre:<\/strong> ATX \/ Micro-ATX \/ Mini-ITX<\/p>\n<\/li>\n<li data-start=\"578\" data-end=\"663\">\n<p data-start=\"580\" data-end=\"663\"><strong data-start=\"580\" data-end=\"595\">Materiales:<\/strong> Chasis de acero SPCC \/ Panel frontal y lateral de vidrio templado<\/p>\n<\/li>\n<li data-start=\"664\" data-end=\"741\">\n<p data-start=\"666\" data-end=\"697\"><strong data-start=\"666\" data-end=\"695\">Bah\u00edas de almacenamiento:<\/strong><\/p>\n<ul data-start=\"700\" data-end=\"741\">\n<li data-start=\"700\" data-end=\"719\">\n<p data-start=\"702\" data-end=\"719\">2 \u00d7 SSD de 2.5\u2033<\/p>\n<\/li>\n<li data-start=\"722\" data-end=\"741\">\n<p data-start=\"724\" data-end=\"741\">2 \u00d7 HDD de 3.5\u2033<\/p>\n<\/li>\n<\/ul>\n<\/li>\n<li data-start=\"742\" data-end=\"771\">\n<p data-start=\"744\" data-end=\"771\"><strong data-start=\"744\" data-end=\"767\">Slots de expansi\u00f3n:<\/strong> 7<\/p>\n<\/li>\n<\/ul>\n<hr data-start=\"773\" data-end=\"776\" \/>\n<p data-start=\"778\" data-end=\"814\"><strong data-start=\"781\" data-end=\"812\">Refrigeraci\u00f3n y ventilaci\u00f3n<\/strong><\/p>\n<ul data-start=\"816\" data-end=\"1152\">\n<li data-start=\"816\" data-end=\"890\">\n<p data-start=\"818\" data-end=\"890\"><strong data-start=\"818\" data-end=\"843\">Incluye ventiladores:<\/strong> 4 \u00d7 ARGB de 120 mm (3 frontales + 1 trasero)<\/p>\n<\/li>\n<li data-start=\"891\" data-end=\"1034\">\n<p data-start=\"893\" data-end=\"932\"><strong data-start=\"893\" data-end=\"930\">Soporta ventiladores adicionales:<\/strong><\/p>\n<ul data-start=\"935\" data-end=\"1034\">\n<li data-start=\"935\" data-end=\"977\">\n<p data-start=\"937\" data-end=\"977\">Frontal: hasta 3 \u00d7 120 mm o 2 \u00d7 140 mm<\/p>\n<\/li>\n<li data-start=\"980\" data-end=\"1008\">\n<p data-start=\"982\" data-end=\"1008\">Superior: 2 \u00d7 120\/140 mm<\/p>\n<\/li>\n<li data-start=\"1011\" data-end=\"1034\">\n<p data-start=\"1013\" data-end=\"1034\">Trasero: 1 \u00d7 120 mm<\/p>\n<\/li>\n<\/ul>\n<\/li>\n<li data-start=\"1035\" data-end=\"1152\">\n<p data-start=\"1037\" data-end=\"1073\"><strong data-start=\"1037\" data-end=\"1071\">Compatibilidad con radiadores:<\/strong><\/p>\n<ul data-start=\"1076\" data-end=\"1152\">\n<li data-start=\"1076\" data-end=\"1101\">\n<p data-start=\"1078\" data-end=\"1101\">Frontal: hasta 360 mm<\/p>\n<\/li>\n<li data-start=\"1104\" data-end=\"1130\">\n<p data-start=\"1106\" data-end=\"1130\">Superior: hasta 240 mm<\/p>\n<\/li>\n<li data-start=\"1133\" data-end=\"1152\">\n<p data-start=\"1135\" data-end=\"1152\">Trasero: 120 mm<\/p>\n<\/li>\n<\/ul>\n<\/li>\n<\/ul>\n<hr data-start=\"1154\" data-end=\"1157\" \/>\n<p data-start=\"1159\" data-end=\"1196\"><strong data-start=\"1162\" data-end=\"1194\">Dimensiones y compatibilidad<\/strong><\/p>\n<ul data-start=\"1198\" data-end=\"1443\">\n<li data-start=\"1198\" data-end=\"1238\">\n<p data-start=\"1200\" data-end=\"1238\"><strong data-start=\"1200\" data-end=\"1229\">Altura m\u00e1xima CPU Cooler:<\/strong> 165 mm<\/p>\n<\/li>\n<li data-start=\"1239\" data-end=\"1274\">\n<p data-start=\"1241\" data-end=\"1274\"><strong data-start=\"1241\" data-end=\"1265\">Longitud m\u00e1xima GPU:<\/strong> 330 mm<\/p>\n<\/li>\n<li data-start=\"1275\" data-end=\"1342\">\n<p data-start=\"1277\" data-end=\"1342\"><strong data-start=\"1277\" data-end=\"1297\">Fuente de poder:<\/strong> ATX (ubicaci\u00f3n inferior, con cubierta PSU)<\/p>\n<\/li>\n<li data-start=\"1343\" data-end=\"1396\">\n<p data-start=\"1345\" data-end=\"1396\"><strong data-start=\"1345\" data-end=\"1365\">Montaje lateral:<\/strong> Vidrio templado transparente<\/p>\n<\/li>\n<li data-start=\"1397\" data-end=\"1443\">\n<p data-start=\"1399\" data-end=\"1443\"><strong data-start=\"1399\" data-end=\"1415\">Dimensiones:<\/strong> 420 \u00d7 210 \u00d7 460 mm aprox.<\/p>\n<\/li>\n<\/ul>\n<hr data-start=\"1445\" data-end=\"1448\" \/>\n<p data-start=\"1450\" data-end=\"1488\"><strong data-start=\"1453\" data-end=\"1486\">Conectividad en panel frontal<\/strong><\/p>\n<ul data-start=\"1490\" data-end=\"1575\">\n<li data-start=\"1490\" data-end=\"1505\">\n<p data-start=\"1492\" data-end=\"1505\">2 \u00d7 USB 2.0<\/p>\n<\/li>\n<li data-start=\"1506\" data-end=\"1521\">\n<p data-start=\"1508\" data-end=\"1521\">1 \u00d7 USB 3.0<\/p>\n<\/li>\n<li data-start=\"1522\" data-end=\"1549\">\n<p data-start=\"1524\" data-end=\"1549\">1 \u00d7 Jack HD Audio + Mic<\/p>\n<\/li>\n<li data-start=\"1550\" data-end=\"1575\">\n<p data-start=\"1552\" data-end=\"1575\">Bot\u00f3n de control ARGB<\/p>\n<\/li>\n<\/ul>\n<hr data-start=\"1577\" data-end=\"1580\" \/>\n<p data-start=\"1582\" data-end=\"1616\"><strong data-start=\"1584\" data-end=\"1614\">Caracter\u00edsticas destacadas<\/strong><\/p>\n<ul data-start=\"1618\" data-end=\"1899\">\n<li data-start=\"1618\" data-end=\"1680\">\n<p data-start=\"1620\" data-end=\"1680\">Dise\u00f1o con <strong data-start=\"1631\" data-end=\"1656\">doble vidrio templado<\/strong> para mostrar tu setup<\/p>\n<\/li>\n<li data-start=\"1681\" data-end=\"1730\">\n<p data-start=\"1683\" data-end=\"1730\">Incluye <strong data-start=\"1691\" data-end=\"1728\">4 ventiladores ARGB preinstalados<\/strong><\/p>\n<\/li>\n<li data-start=\"1731\" data-end=\"1785\">\n<p data-start=\"1733\" data-end=\"1785\">Soporte para <strong data-start=\"1746\" data-end=\"1783\">tarjetas gr\u00e1ficas de hasta 330 mm<\/strong><\/p>\n<\/li>\n<li data-start=\"1786\" data-end=\"1843\">\n<p data-start=\"1788\" data-end=\"1843\">Compatible con <strong data-start=\"1803\" data-end=\"1841\">refrigeraci\u00f3n l\u00edquida hasta 360 mm<\/strong><\/p>\n<\/li>\n<li data-start=\"1844\" data-end=\"1899\">\n<p data-start=\"1846\" data-end=\"1899\">Gesti\u00f3n de cables optimizada y cubierta para fuente<\/p>\n<\/li>\n<\/ul>\n","protected":false},"excerpt":{"rendered":"<p>El EVOLABS Duality es un gabinete gamer de dise\u00f1o moderno con frente y lateral de vidrio templado, ideal para exhibir tu setup con estilo. Ofrece gran flujo de aire, espacio optimizado para hardware de alto rendimiento y soporte para refrigeraci\u00f3n l\u00edquida y m\u00faltiples ventiladores ARGB. Especificaciones T\u00e9cnicas Formato: Mid Tower Compatibilidad de placas madre: ATX \/ Micro-ATX \/ Mini-ITX Materiales: Chasis de acero SPCC \/ Panel frontal y lateral de vidrio templado Bah\u00edas de almacenamiento: 2 \u00d7 SSD de 2.5\u2033 2 \u00d7 HDD de 3.5\u2033 Slots de expansi\u00f3n: 7 Refrigeraci\u00f3n y ventilaci\u00f3n Incluye ventiladores: 4 \u00d7 ARGB de 120 mm (3 frontales + 1 trasero) Soporta ventiladores adicionales: Frontal: hasta 3 \u00d7 120 mm o 2 \u00d7 140 mm Superior: 2 \u00d7 120\/140 mm Trasero: 1 \u00d7 120 mm Compatibilidad con radiadores: Frontal: hasta 360 mm Superior: hasta 240 mm Trasero: 120 mm Dimensiones y compatibilidad Altura m\u00e1xima CPU Cooler: 165 mm Longitud m\u00e1xima GPU: 330 mm Fuente de poder: ATX (ubicaci\u00f3n inferior, con cubierta PSU) Montaje lateral: Vidrio templado transparente Dimensiones: 420 \u00d7 210 \u00d7 460 mm aprox. Conectividad en panel frontal 2 \u00d7 USB 2.0 1 \u00d7 USB 3.0 1 \u00d7 Jack HD Audio + Mic Bot\u00f3n de control ARGB Caracter\u00edsticas destacadas Dise\u00f1o con doble vidrio templado para mostrar tu setup Incluye 4 ventiladores ARGB preinstalados Soporte para tarjetas gr\u00e1ficas de hasta 330 mm Compatible con refrigeraci\u00f3n l\u00edquida hasta 360 mm Gesti\u00f3n de cables optimizada y cubierta para fuente<\/p>\n","protected":false},"featured_media":17594,"template":"","meta":{"site-sidebar-layout":"default","site-content-layout":"","ast-site-content-layout":"default","site-content-style":"default","site-sidebar-style":"default","ast-global-header-display":"","ast-banner-title-visibility":"","ast-main-header-display":"","ast-hfb-above-header-display":"","ast-hfb-below-header-display":"","ast-hfb-mobile-header-display":"","site-post-title":"","ast-breadcrumbs-content":"","ast-featured-img":"","footer-sml-layout":"","theme-transparent-header-meta":"default","adv-header-id-meta":"","stick-header-meta":"","header-above-stick-meta":"","header-main-stick-meta":"","header-below-stick-meta":"","astra-migrate-meta-layouts":"set","ast-page-background-enabled":"default","ast-page-background-meta":{"desktop":{"background-color":"var(--ast-global-color-5)","background-image":"","background-repeat":"repeat","background-position":"center center","background-size":"auto","background-attachment":"scroll","background-type":"","background-media":"","overlay-type":"","overlay-color":"","overlay-opacity":"","overlay-gradient":""},"tablet":{"background-color":"","background-image":"","background-repeat":"repeat","background-position":"center center","background-size":"auto","background-attachment":"scroll","background-type":"","background-media":"","overlay-type":"","overlay-color":"","overlay-opacity":"","overlay-gradient":""},"mobile":{"background-color":"","background-image":"","background-repeat":"repeat","background-position":"center center","background-size":"auto","background-attachment":"scroll","background-type":"","background-media":"","overlay-type":"","overlay-color":"","overlay-opacity":"","overlay-gradient":""}},"ast-content-background-meta":{"desktop":{"background-color":"var(--ast-global-color-4)","background-image":"","background-repeat":"repeat","background-position":"center center","background-size":"auto","background-attachment":"scroll","background-type":"","background-media":"","overlay-type":"","overlay-color":"","overlay-opacity":"","overlay-gradient":""},"tablet":{"background-color":"var(--ast-global-color-4)","background-image":"","background-repeat":"repeat","background-position":"center center","background-size":"auto","background-attachment":"scroll","background-type":"","background-media":"","overlay-type":"","overlay-color":"","overlay-opacity":"","overlay-gradient":""},"mobile":{"background-color":"var(--ast-global-color-4)","background-image":"","background-repeat":"repeat","background-position":"center center","background-size":"auto","background-attachment":"scroll","background-type":"","background-media":"","overlay-type":"","overlay-color":"","overlay-opacity":"","overlay-gradient":""}},"_joinchat":[]},"product_brand":[],"product_cat":[66],"product_tag":[],"class_list":{"0":"post-17270","1":"product","2":"type-product","3":"status-publish","4":"has-post-thumbnail","6":"product_cat-gabinetes","7":"desktop-align-center","8":"tablet-align-left","9":"mobile-align-left","11":"first","12":"instock","13":"shipping-taxable","14":"purchasable","15":"product-type-simple"},"yoast_head":"<!-- This site is optimized with the Yoast SEO plugin v27.3 - https:\/\/yoast.com\/product\/yoast-seo-wordpress\/ -->\n<title>Gabinete EVOLABS Duality - UnitGames<\/title>\n<meta name=\"robots\" content=\"index, follow, max-snippet:-1, max-image-preview:large, max-video-preview:-1\" \/>\n<link rel=\"canonical\" href=\"https:\/\/unitgames.com.ar\/pc-gamer\/producto\/gabinete-evolabs-duality\/\" \/>\n<meta property=\"og:locale\" content=\"es_ES\" \/>\n<meta property=\"og:type\" content=\"article\" \/>\n<meta property=\"og:title\" content=\"Gabinete EVOLABS Duality - UnitGames\" \/>\n<meta property=\"og:description\" content=\"El EVOLABS Duality es un gabinete gamer de dise\u00f1o moderno con frente y lateral de vidrio templado, ideal para exhibir tu setup con estilo. Ofrece gran flujo de aire, espacio optimizado para hardware de alto rendimiento y soporte para refrigeraci\u00f3n l\u00edquida y m\u00faltiples ventiladores ARGB. Especificaciones T\u00e9cnicas Formato: Mid Tower Compatibilidad de placas madre: ATX \/ Micro-ATX \/ Mini-ITX Materiales: Chasis de acero SPCC \/ Panel frontal y lateral de vidrio templado Bah\u00edas de almacenamiento: 2 \u00d7 SSD de 2.5\u2033 2 \u00d7 HDD de 3.5\u2033 Slots de expansi\u00f3n: 7 Refrigeraci\u00f3n y ventilaci\u00f3n Incluye ventiladores: 4 \u00d7 ARGB de 120 mm (3 frontales + 1 trasero) Soporta ventiladores adicionales: Frontal: hasta 3 \u00d7 120 mm o 2 \u00d7 140 mm Superior: 2 \u00d7 120\/140 mm Trasero: 1 \u00d7 120 mm Compatibilidad con radiadores: Frontal: hasta 360 mm Superior: hasta 240 mm Trasero: 120 mm Dimensiones y compatibilidad Altura m\u00e1xima CPU Cooler: 165 mm Longitud m\u00e1xima GPU: 330 mm Fuente de poder: ATX (ubicaci\u00f3n inferior, con cubierta PSU) Montaje lateral: Vidrio templado transparente Dimensiones: 420 \u00d7 210 \u00d7 460 mm aprox. Conectividad en panel frontal 2 \u00d7 USB 2.0 1 \u00d7 USB 3.0 1 \u00d7 Jack HD Audio + Mic Bot\u00f3n de control ARGB Caracter\u00edsticas destacadas Dise\u00f1o con doble vidrio templado para mostrar tu setup Incluye 4 ventiladores ARGB preinstalados Soporte para tarjetas gr\u00e1ficas de hasta 330 mm Compatible con refrigeraci\u00f3n l\u00edquida hasta 360 mm Gesti\u00f3n de cables optimizada y cubierta para fuente\" \/>\n<meta property=\"og:url\" content=\"https:\/\/unitgames.com.ar\/pc-gamer\/producto\/gabinete-evolabs-duality\/\" \/>\n<meta property=\"og:site_name\" content=\"UnitGames\" \/>\n<meta property=\"article:modified_time\" content=\"2026-01-09T10:13:31+00:00\" \/>\n<meta property=\"og:image\" content=\"https:\/\/unitgames.com.ar\/pc-gamer\/wp-content\/uploads\/2025\/09\/Gabinete-EVOLABS-Duality.png\" \/>\n\t<meta property=\"og:image:width\" content=\"1283\" \/>\n\t<meta property=\"og:image:height\" content=\"1284\" \/>\n\t<meta property=\"og:image:type\" content=\"image\/png\" \/>\n<meta name=\"twitter:card\" content=\"summary_large_image\" \/>\n<meta name=\"twitter:label1\" content=\"Tiempo de lectura\" \/>\n\t<meta name=\"twitter:data1\" content=\"2 minutos\" \/>\n<script type=\"application\/ld+json\" class=\"yoast-schema-graph\">{\"@context\":\"https:\\\/\\\/schema.org\",\"@graph\":[{\"@type\":\"WebPage\",\"@id\":\"https:\\\/\\\/unitgames.com.ar\\\/pc-gamer\\\/producto\\\/gabinete-evolabs-duality\\\/\",\"url\":\"https:\\\/\\\/unitgames.com.ar\\\/pc-gamer\\\/producto\\\/gabinete-evolabs-duality\\\/\",\"name\":\"Gabinete EVOLABS Duality - UnitGames\",\"isPartOf\":{\"@id\":\"https:\\\/\\\/unitgames.com.ar\\\/pc-gamer\\\/#website\"},\"primaryImageOfPage\":{\"@id\":\"https:\\\/\\\/unitgames.com.ar\\\/pc-gamer\\\/producto\\\/gabinete-evolabs-duality\\\/#primaryimage\"},\"image\":{\"@id\":\"https:\\\/\\\/unitgames.com.ar\\\/pc-gamer\\\/producto\\\/gabinete-evolabs-duality\\\/#primaryimage\"},\"thumbnailUrl\":\"https:\\\/\\\/unitgames.com.ar\\\/pc-gamer\\\/wp-content\\\/uploads\\\/2025\\\/09\\\/Gabinete-EVOLABS-Duality.png\",\"datePublished\":\"2025-09-13T14:25:16+00:00\",\"dateModified\":\"2026-01-09T10:13:31+00:00\",\"breadcrumb\":{\"@id\":\"https:\\\/\\\/unitgames.com.ar\\\/pc-gamer\\\/producto\\\/gabinete-evolabs-duality\\\/#breadcrumb\"},\"inLanguage\":\"es\",\"potentialAction\":[{\"@type\":\"ReadAction\",\"target\":[\"https:\\\/\\\/unitgames.com.ar\\\/pc-gamer\\\/producto\\\/gabinete-evolabs-duality\\\/\"]}]},{\"@type\":\"ImageObject\",\"inLanguage\":\"es\",\"@id\":\"https:\\\/\\\/unitgames.com.ar\\\/pc-gamer\\\/producto\\\/gabinete-evolabs-duality\\\/#primaryimage\",\"url\":\"https:\\\/\\\/unitgames.com.ar\\\/pc-gamer\\\/wp-content\\\/uploads\\\/2025\\\/09\\\/Gabinete-EVOLABS-Duality.png\",\"contentUrl\":\"https:\\\/\\\/unitgames.com.ar\\\/pc-gamer\\\/wp-content\\\/uploads\\\/2025\\\/09\\\/Gabinete-EVOLABS-Duality.png\",\"width\":1283,\"height\":1284},{\"@type\":\"BreadcrumbList\",\"@id\":\"https:\\\/\\\/unitgames.com.ar\\\/pc-gamer\\\/producto\\\/gabinete-evolabs-duality\\\/#breadcrumb\",\"itemListElement\":[{\"@type\":\"ListItem\",\"position\":1,\"name\":\"Tienda\",\"item\":\"https:\\\/\\\/unitgames.com.ar\\\/pc-gamer\\\/tienda\\\/\"},{\"@type\":\"ListItem\",\"position\":2,\"name\":\"Gabinete EVOLABS Duality\"}]},{\"@type\":\"WebSite\",\"@id\":\"https:\\\/\\\/unitgames.com.ar\\\/pc-gamer\\\/#website\",\"url\":\"https:\\\/\\\/unitgames.com.ar\\\/pc-gamer\\\/\",\"name\":\"UnitGames\",\"description\":\"Venta de PC Gamers, Consolas , Servicio Tecnico Especializado. Todos en Accesorios Informaticos y Gamers\",\"publisher\":{\"@id\":\"https:\\\/\\\/unitgames.com.ar\\\/pc-gamer\\\/#organization\"},\"potentialAction\":[{\"@type\":\"SearchAction\",\"target\":{\"@type\":\"EntryPoint\",\"urlTemplate\":\"https:\\\/\\\/unitgames.com.ar\\\/pc-gamer\\\/?s={search_term_string}\"},\"query-input\":{\"@type\":\"PropertyValueSpecification\",\"valueRequired\":true,\"valueName\":\"search_term_string\"}}],\"inLanguage\":\"es\"},{\"@type\":\"Organization\",\"@id\":\"https:\\\/\\\/unitgames.com.ar\\\/pc-gamer\\\/#organization\",\"name\":\"UnitGames\",\"url\":\"https:\\\/\\\/unitgames.com.ar\\\/pc-gamer\\\/\",\"logo\":{\"@type\":\"ImageObject\",\"inLanguage\":\"es\",\"@id\":\"https:\\\/\\\/unitgames.com.ar\\\/pc-gamer\\\/#\\\/schema\\\/logo\\\/image\\\/\",\"url\":\"https:\\\/\\\/unitgames.com.ar\\\/pc-gamer\\\/wp-content\\\/uploads\\\/2021\\\/01\\\/cropped-logoUnitGames2.png\",\"contentUrl\":\"https:\\\/\\\/unitgames.com.ar\\\/pc-gamer\\\/wp-content\\\/uploads\\\/2021\\\/01\\\/cropped-logoUnitGames2.png\",\"width\":152,\"height\":200,\"caption\":\"UnitGames\"},\"image\":{\"@id\":\"https:\\\/\\\/unitgames.com.ar\\\/pc-gamer\\\/#\\\/schema\\\/logo\\\/image\\\/\"}}]}<\/script>\n<!-- \/ Yoast SEO plugin. -->","yoast_head_json":{"title":"Gabinete EVOLABS Duality - UnitGames","robots":{"index":"index","follow":"follow","max-snippet":"max-snippet:-1","max-image-preview":"max-image-preview:large","max-video-preview":"max-video-preview:-1"},"canonical":"https:\/\/unitgames.com.ar\/pc-gamer\/producto\/gabinete-evolabs-duality\/","og_locale":"es_ES","og_type":"article","og_title":"Gabinete EVOLABS Duality - UnitGames","og_description":"El EVOLABS Duality es un gabinete gamer de dise\u00f1o moderno con frente y lateral de vidrio templado, ideal para exhibir tu setup con estilo. Ofrece gran flujo de aire, espacio optimizado para hardware de alto rendimiento y soporte para refrigeraci\u00f3n l\u00edquida y m\u00faltiples ventiladores ARGB. Especificaciones T\u00e9cnicas Formato: Mid Tower Compatibilidad de placas madre: ATX \/ Micro-ATX \/ Mini-ITX Materiales: Chasis de acero SPCC \/ Panel frontal y lateral de vidrio templado Bah\u00edas de almacenamiento: 2 \u00d7 SSD de 2.5\u2033 2 \u00d7 HDD de 3.5\u2033 Slots de expansi\u00f3n: 7 Refrigeraci\u00f3n y ventilaci\u00f3n Incluye ventiladores: 4 \u00d7 ARGB de 120 mm (3 frontales + 1 trasero) Soporta ventiladores adicionales: Frontal: hasta 3 \u00d7 120 mm o 2 \u00d7 140 mm Superior: 2 \u00d7 120\/140 mm Trasero: 1 \u00d7 120 mm Compatibilidad con radiadores: Frontal: hasta 360 mm Superior: hasta 240 mm Trasero: 120 mm Dimensiones y compatibilidad Altura m\u00e1xima CPU Cooler: 165 mm Longitud m\u00e1xima GPU: 330 mm Fuente de poder: ATX (ubicaci\u00f3n inferior, con cubierta PSU) Montaje lateral: Vidrio templado transparente Dimensiones: 420 \u00d7 210 \u00d7 460 mm aprox. Conectividad en panel frontal 2 \u00d7 USB 2.0 1 \u00d7 USB 3.0 1 \u00d7 Jack HD Audio + Mic Bot\u00f3n de control ARGB Caracter\u00edsticas destacadas Dise\u00f1o con doble vidrio templado para mostrar tu setup Incluye 4 ventiladores ARGB preinstalados Soporte para tarjetas gr\u00e1ficas de hasta 330 mm Compatible con refrigeraci\u00f3n l\u00edquida hasta 360 mm Gesti\u00f3n de cables optimizada y cubierta para fuente","og_url":"https:\/\/unitgames.com.ar\/pc-gamer\/producto\/gabinete-evolabs-duality\/","og_site_name":"UnitGames","article_modified_time":"2026-01-09T10:13:31+00:00","og_image":[{"width":1283,"height":1284,"url":"https:\/\/unitgames.com.ar\/pc-gamer\/wp-content\/uploads\/2025\/09\/Gabinete-EVOLABS-Duality.png","type":"image\/png"}],"twitter_card":"summary_large_image","twitter_misc":{"Tiempo de lectura":"2 minutos"},"schema":{"@context":"https:\/\/schema.org","@graph":[{"@type":"WebPage","@id":"https:\/\/unitgames.com.ar\/pc-gamer\/producto\/gabinete-evolabs-duality\/","url":"https:\/\/unitgames.com.ar\/pc-gamer\/producto\/gabinete-evolabs-duality\/","name":"Gabinete EVOLABS Duality - UnitGames","isPartOf":{"@id":"https:\/\/unitgames.com.ar\/pc-gamer\/#website"},"primaryImageOfPage":{"@id":"https:\/\/unitgames.com.ar\/pc-gamer\/producto\/gabinete-evolabs-duality\/#primaryimage"},"image":{"@id":"https:\/\/unitgames.com.ar\/pc-gamer\/producto\/gabinete-evolabs-duality\/#primaryimage"},"thumbnailUrl":"https:\/\/unitgames.com.ar\/pc-gamer\/wp-content\/uploads\/2025\/09\/Gabinete-EVOLABS-Duality.png","datePublished":"2025-09-13T14:25:16+00:00","dateModified":"2026-01-09T10:13:31+00:00","breadcrumb":{"@id":"https:\/\/unitgames.com.ar\/pc-gamer\/producto\/gabinete-evolabs-duality\/#breadcrumb"},"inLanguage":"es","potentialAction":[{"@type":"ReadAction","target":["https:\/\/unitgames.com.ar\/pc-gamer\/producto\/gabinete-evolabs-duality\/"]}]},{"@type":"ImageObject","inLanguage":"es","@id":"https:\/\/unitgames.com.ar\/pc-gamer\/producto\/gabinete-evolabs-duality\/#primaryimage","url":"https:\/\/unitgames.com.ar\/pc-gamer\/wp-content\/uploads\/2025\/09\/Gabinete-EVOLABS-Duality.png","contentUrl":"https:\/\/unitgames.com.ar\/pc-gamer\/wp-content\/uploads\/2025\/09\/Gabinete-EVOLABS-Duality.png","width":1283,"height":1284},{"@type":"BreadcrumbList","@id":"https:\/\/unitgames.com.ar\/pc-gamer\/producto\/gabinete-evolabs-duality\/#breadcrumb","itemListElement":[{"@type":"ListItem","position":1,"name":"Tienda","item":"https:\/\/unitgames.com.ar\/pc-gamer\/tienda\/"},{"@type":"ListItem","position":2,"name":"Gabinete EVOLABS Duality"}]},{"@type":"WebSite","@id":"https:\/\/unitgames.com.ar\/pc-gamer\/#website","url":"https:\/\/unitgames.com.ar\/pc-gamer\/","name":"UnitGames","description":"Venta de PC Gamers, Consolas , Servicio Tecnico Especializado. Todos en Accesorios Informaticos y Gamers","publisher":{"@id":"https:\/\/unitgames.com.ar\/pc-gamer\/#organization"},"potentialAction":[{"@type":"SearchAction","target":{"@type":"EntryPoint","urlTemplate":"https:\/\/unitgames.com.ar\/pc-gamer\/?s={search_term_string}"},"query-input":{"@type":"PropertyValueSpecification","valueRequired":true,"valueName":"search_term_string"}}],"inLanguage":"es"},{"@type":"Organization","@id":"https:\/\/unitgames.com.ar\/pc-gamer\/#organization","name":"UnitGames","url":"https:\/\/unitgames.com.ar\/pc-gamer\/","logo":{"@type":"ImageObject","inLanguage":"es","@id":"https:\/\/unitgames.com.ar\/pc-gamer\/#\/schema\/logo\/image\/","url":"https:\/\/unitgames.com.ar\/pc-gamer\/wp-content\/uploads\/2021\/01\/cropped-logoUnitGames2.png","contentUrl":"https:\/\/unitgames.com.ar\/pc-gamer\/wp-content\/uploads\/2021\/01\/cropped-logoUnitGames2.png","width":152,"height":200,"caption":"UnitGames"},"image":{"@id":"https:\/\/unitgames.com.ar\/pc-gamer\/#\/schema\/logo\/image\/"}}]}},"_links":{"self":[{"href":"https:\/\/unitgames.com.ar\/pc-gamer\/wp-json\/wp\/v2\/product\/17270","targetHints":{"allow":["GET"]}}],"collection":[{"href":"https:\/\/unitgames.com.ar\/pc-gamer\/wp-json\/wp\/v2\/product"}],"about":[{"href":"https:\/\/unitgames.com.ar\/pc-gamer\/wp-json\/wp\/v2\/types\/product"}],"version-history":[{"count":0,"href":"https:\/\/unitgames.com.ar\/pc-gamer\/wp-json\/wp\/v2\/product\/17270\/revisions"}],"wp:featuredmedia":[{"embeddable":true,"href":"https:\/\/unitgames.com.ar\/pc-gamer\/wp-json\/wp\/v2\/media\/17594"}],"wp:attachment":[{"href":"https:\/\/unitgames.com.ar\/pc-gamer\/wp-json\/wp\/v2\/media?parent=17270"}],"wp:term":[{"taxonomy":"product_brand","embeddable":true,"href":"https:\/\/unitgames.com.ar\/pc-gamer\/wp-json\/wp\/v2\/product_brand?post=17270"},{"taxonomy":"product_cat","embeddable":true,"href":"https:\/\/unitgames.com.ar\/pc-gamer\/wp-json\/wp\/v2\/product_cat?post=17270"},{"taxonomy":"product_tag","embeddable":true,"href":"https:\/\/unitgames.com.ar\/pc-gamer\/wp-json\/wp\/v2\/product_tag?post=17270"}],"curies":[{"name":"wp","href":"https:\/\/api.w.org\/{rel}","templated":true}]}}