{"id":17294,"date":"2025-09-13T13:52:56","date_gmt":"2025-09-13T16:52:56","guid":{"rendered":"https:\/\/unitgames.com.ar\/pc-gamer\/?post_type=product&#038;p=17294"},"modified":"2026-01-09T07:13:29","modified_gmt":"2026-01-09T10:13:29","slug":"gabinete-formula-v-air-mesh-g3-white","status":"publish","type":"product","link":"https:\/\/unitgames.com.ar\/pc-gamer\/producto\/gabinete-formula-v-air-mesh-g3-white\/","title":{"rendered":"Gabinete FORMULA V Air Mesh G3 White"},"content":{"rendered":"<p data-start=\"185\" data-end=\"507\">El <strong data-start=\"188\" data-end=\"219\">FORMULA V Air Mesh G3 White<\/strong> es un gabinete <strong data-start=\"235\" data-end=\"252\">ATX Mid Tower<\/strong> dise\u00f1ado para ofrecer el mejor equilibrio entre <strong data-start=\"301\" data-end=\"338\">refrigeraci\u00f3n, espacio y est\u00e9tica<\/strong>. Su panel frontal <strong data-start=\"357\" data-end=\"365\">mesh<\/strong> asegura un flujo de aire \u00f3ptimo, mientras que sus paneles laterales de vidrio templado permiten lucir el hardware y la iluminaci\u00f3n interna.<\/p>\n<h3 data-start=\"509\" data-end=\"542\"><strong data-start=\"513\" data-end=\"540\">Beneficios principales:<\/strong><\/h3>\n<p>&nbsp;<\/p>\n<ul data-start=\"543\" data-end=\"1095\">\n<li data-start=\"543\" data-end=\"650\">\n<p data-start=\"545\" data-end=\"650\"><strong data-start=\"545\" data-end=\"572\">Flujo de aire superior:<\/strong> Panel frontal mallado con soporte para m\u00faltiples ventiladores y radiadores.<\/p>\n<\/li>\n<li data-start=\"651\" data-end=\"741\">\n<p data-start=\"653\" data-end=\"741\"><strong data-start=\"653\" data-end=\"672\">Dise\u00f1o premium:<\/strong> Estructura robusta en color blanco con lateral de vidrio templado.<\/p>\n<\/li>\n<li data-start=\"742\" data-end=\"819\">\n<p data-start=\"744\" data-end=\"819\"><strong data-start=\"744\" data-end=\"770\">Compatibilidad amplia:<\/strong> Soporta placas madre <strong data-start=\"792\" data-end=\"816\">ATX, Micro-ATX e ITX<\/strong>.<\/p>\n<\/li>\n<li data-start=\"820\" data-end=\"924\">\n<p data-start=\"822\" data-end=\"924\"><strong data-start=\"822\" data-end=\"849\">Refrigeraci\u00f3n avanzada:<\/strong> Espacio para <strong data-start=\"863\" data-end=\"887\">hasta 8 ventiladores<\/strong> y radiadores de <strong data-start=\"904\" data-end=\"921\">240\/280\/360mm<\/strong>.<\/p>\n<\/li>\n<li data-start=\"925\" data-end=\"999\">\n<p data-start=\"927\" data-end=\"999\"><strong data-start=\"927\" data-end=\"956\">Gesti\u00f3n de cables limpia:<\/strong> Espacio optimizado para cableado oculto.<\/p>\n<\/li>\n<li data-start=\"1000\" data-end=\"1095\">\n<p data-start=\"1002\" data-end=\"1095\"><strong data-start=\"1002\" data-end=\"1031\">Protecci\u00f3n y durabilidad:<\/strong> Filtros antipolvo removibles en frontal, superior e inferior.<\/p>\n<\/li>\n<\/ul>\n<h3 data-start=\"1097\" data-end=\"1132\"><\/h3>\n<h3 data-start=\"1097\" data-end=\"1132\"><strong data-start=\"1101\" data-end=\"1130\">Caracter\u00edsticas t\u00e9cnicas:<\/strong><\/h3>\n<p>&nbsp;<\/p>\n<ul data-start=\"1133\" data-end=\"1474\">\n<li data-start=\"1133\" data-end=\"1176\">\n<p data-start=\"1135\" data-end=\"1176\"><strong data-start=\"1135\" data-end=\"1146\">Modelo:<\/strong> FORMULA V Air Mesh G3 White<\/p>\n<\/li>\n<li data-start=\"1177\" data-end=\"1220\">\n<p data-start=\"1179\" data-end=\"1220\"><strong data-start=\"1179\" data-end=\"1188\">Tipo:<\/strong> Mid Tower \u2013 ATX \/ M-ATX \/ ITX<\/p>\n<\/li>\n<li data-start=\"1221\" data-end=\"1267\">\n<p data-start=\"1223\" data-end=\"1267\"><strong data-start=\"1223\" data-end=\"1236\">Material:<\/strong> Acero SPCC + Vidrio templado<\/p>\n<\/li>\n<li data-start=\"1268\" data-end=\"1331\">\n<p data-start=\"1270\" data-end=\"1331\"><strong data-start=\"1270\" data-end=\"1288\">Panel frontal:<\/strong> Mallado (Mesh) para m\u00e1ximo flujo de aire<\/p>\n<\/li>\n<li data-start=\"1332\" data-end=\"1370\">\n<p data-start=\"1334\" data-end=\"1370\"><strong data-start=\"1334\" data-end=\"1352\">Panel lateral:<\/strong> Vidrio templado<\/p>\n<\/li>\n<li data-start=\"1371\" data-end=\"1474\">\n<p data-start=\"1373\" data-end=\"1397\"><strong data-start=\"1373\" data-end=\"1395\">Puertos frontales:<\/strong><\/p>\n<ul data-start=\"1400\" data-end=\"1474\">\n<li data-start=\"1400\" data-end=\"1415\">\n<p data-start=\"1402\" data-end=\"1415\">1 x USB 3.0<\/p>\n<\/li>\n<li data-start=\"1418\" data-end=\"1433\">\n<p data-start=\"1420\" data-end=\"1433\">2 x USB 2.0<\/p>\n<\/li>\n<li data-start=\"1436\" data-end=\"1474\">\n<p data-start=\"1438\" data-end=\"1474\">HD Audio (micr\u00f3fono + auriculares)<\/p>\n<\/li>\n<\/ul>\n<\/li>\n<\/ul>\n<h3 data-start=\"1476\" data-end=\"1513\"><strong data-start=\"1480\" data-end=\"1511\">Compatibilidad de hardware:<\/strong><\/h3>\n<p>&nbsp;<\/p>\n<ul data-start=\"1514\" data-end=\"1712\">\n<li data-start=\"1514\" data-end=\"1550\">\n<p data-start=\"1516\" data-end=\"1550\"><strong data-start=\"1516\" data-end=\"1524\">GPU:<\/strong> Hasta 400mm de longitud<\/p>\n<\/li>\n<li data-start=\"1551\" data-end=\"1592\">\n<p data-start=\"1553\" data-end=\"1592\"><strong data-start=\"1553\" data-end=\"1568\">Cooler CPU:<\/strong> Hasta 165mm de altura<\/p>\n<\/li>\n<li data-start=\"1593\" data-end=\"1637\">\n<p data-start=\"1595\" data-end=\"1637\"><strong data-start=\"1595\" data-end=\"1606\">Fuente:<\/strong> ATX, c\u00e1mara inferior aislada<\/p>\n<\/li>\n<li data-start=\"1638\" data-end=\"1689\">\n<p data-start=\"1640\" data-end=\"1689\"><strong data-start=\"1640\" data-end=\"1659\">Almacenamiento:<\/strong> 2 x 3.5\u201d HDD + 2 x 2.5\u201d SSD<\/p>\n<\/li>\n<li data-start=\"1690\" data-end=\"1712\">\n<p data-start=\"1692\" data-end=\"1712\"><strong data-start=\"1692\" data-end=\"1708\">Ranuras PCI:<\/strong> 7<\/p>\n<\/li>\n<\/ul>\n<h3 data-start=\"1714\" data-end=\"1756\"><strong data-start=\"1718\" data-end=\"1754\">Compatibilidad de refrigeraci\u00f3n:<\/strong><\/h3>\n<ul data-start=\"1757\" data-end=\"2050\">\n<li data-start=\"1757\" data-end=\"1824\">\n<p data-start=\"1759\" data-end=\"1824\"><strong data-start=\"1759\" data-end=\"1771\">Frontal:<\/strong> 3 x 120mm o 2 x 140mm | Radiador 240 \/ 280 \/ 360mm<\/p>\n<\/li>\n<li data-start=\"1825\" data-end=\"1881\">\n<p data-start=\"1827\" data-end=\"1881\"><strong data-start=\"1827\" data-end=\"1840\">Superior:<\/strong> 2 x 120mm o 2 x 140mm | Radiador 240mm<\/p>\n<\/li>\n<li data-start=\"1882\" data-end=\"1925\">\n<p data-start=\"1884\" data-end=\"1925\"><strong data-start=\"1884\" data-end=\"1896\">Trasero:<\/strong> 1 x 120mm | Radiador 120mm<\/p>\n<\/li>\n<li data-start=\"1926\" data-end=\"1953\">\n<p data-start=\"1928\" data-end=\"1953\"><strong data-start=\"1928\" data-end=\"1941\">Inferior:<\/strong> 2 x 120mm<\/p>\n<\/li>\n<li data-start=\"1954\" data-end=\"2050\">\n<p data-start=\"1956\" data-end=\"2050\"><strong data-start=\"1956\" data-end=\"1983\">Ventiladores incluidos:<\/strong> Ventilador Trasero<\/p>\n<\/li>\n<\/ul>\n","protected":false},"excerpt":{"rendered":"<p>El FORMULA V Air Mesh G3 White es un gabinete ATX Mid Tower dise\u00f1ado para ofrecer el mejor equilibrio entre refrigeraci\u00f3n, espacio y est\u00e9tica. Su panel frontal mesh asegura un flujo de aire \u00f3ptimo, mientras que sus paneles laterales de vidrio templado permiten lucir el hardware y la iluminaci\u00f3n interna. Beneficios principales: &nbsp; Flujo de aire superior: Panel frontal mallado con soporte para m\u00faltiples ventiladores y radiadores. Dise\u00f1o premium: Estructura robusta en color blanco con lateral de vidrio templado. Compatibilidad amplia: Soporta placas madre ATX, Micro-ATX e ITX. Refrigeraci\u00f3n avanzada: Espacio para hasta 8 ventiladores y radiadores de 240\/280\/360mm. Gesti\u00f3n de cables limpia: Espacio optimizado para cableado oculto. Protecci\u00f3n y durabilidad: Filtros antipolvo removibles en frontal, superior e inferior. Caracter\u00edsticas t\u00e9cnicas: &nbsp; Modelo: FORMULA V Air Mesh G3 White Tipo: Mid Tower \u2013 ATX \/ M-ATX \/ ITX Material: Acero SPCC + Vidrio templado Panel frontal: Mallado (Mesh) para m\u00e1ximo flujo de aire Panel lateral: Vidrio templado Puertos frontales: 1 x USB 3.0 2 x USB 2.0 HD Audio (micr\u00f3fono + auriculares) Compatibilidad de hardware: &nbsp; GPU: Hasta 400mm de longitud Cooler CPU: Hasta 165mm de altura Fuente: ATX, c\u00e1mara inferior aislada Almacenamiento: 2 x 3.5\u201d HDD + 2 x 2.5\u201d SSD Ranuras PCI: 7 Compatibilidad de refrigeraci\u00f3n: Frontal: 3 x 120mm o 2 x 140mm | Radiador 240 \/ 280 \/ 360mm Superior: 2 x 120mm o 2 x 140mm | Radiador 240mm Trasero: 1 x 120mm | Radiador 120mm Inferior: 2 x 120mm Ventiladores incluidos: Ventilador Trasero<\/p>\n","protected":false},"featured_media":17615,"template":"","meta":{"site-sidebar-layout":"default","site-content-layout":"","ast-site-content-layout":"default","site-content-style":"default","site-sidebar-style":"default","ast-global-header-display":"","ast-banner-title-visibility":"","ast-main-header-display":"","ast-hfb-above-header-display":"","ast-hfb-below-header-display":"","ast-hfb-mobile-header-display":"","site-post-title":"","ast-breadcrumbs-content":"","ast-featured-img":"","footer-sml-layout":"","theme-transparent-header-meta":"default","adv-header-id-meta":"","stick-header-meta":"","header-above-stick-meta":"","header-main-stick-meta":"","header-below-stick-meta":"","astra-migrate-meta-layouts":"set","ast-page-background-enabled":"default","ast-page-background-meta":{"desktop":{"background-color":"var(--ast-global-color-5)","background-image":"","background-repeat":"repeat","background-position":"center center","background-size":"auto","background-attachment":"scroll","background-type":"","background-media":"","overlay-type":"","overlay-color":"","overlay-opacity":"","overlay-gradient":""},"tablet":{"background-color":"","background-image":"","background-repeat":"repeat","background-position":"center center","background-size":"auto","background-attachment":"scroll","background-type":"","background-media":"","overlay-type":"","overlay-color":"","overlay-opacity":"","overlay-gradient":""},"mobile":{"background-color":"","background-image":"","background-repeat":"repeat","background-position":"center center","background-size":"auto","background-attachment":"scroll","background-type":"","background-media":"","overlay-type":"","overlay-color":"","overlay-opacity":"","overlay-gradient":""}},"ast-content-background-meta":{"desktop":{"background-color":"var(--ast-global-color-4)","background-image":"","background-repeat":"repeat","background-position":"center center","background-size":"auto","background-attachment":"scroll","background-type":"","background-media":"","overlay-type":"","overlay-color":"","overlay-opacity":"","overlay-gradient":""},"tablet":{"background-color":"var(--ast-global-color-4)","background-image":"","background-repeat":"repeat","background-position":"center center","background-size":"auto","background-attachment":"scroll","background-type":"","background-media":"","overlay-type":"","overlay-color":"","overlay-opacity":"","overlay-gradient":""},"mobile":{"background-color":"var(--ast-global-color-4)","background-image":"","background-repeat":"repeat","background-position":"center center","background-size":"auto","background-attachment":"scroll","background-type":"","background-media":"","overlay-type":"","overlay-color":"","overlay-opacity":"","overlay-gradient":""}},"_joinchat":[]},"product_brand":[],"product_cat":[66],"product_tag":[],"class_list":{"0":"post-17294","1":"product","2":"type-product","3":"status-publish","4":"has-post-thumbnail","6":"product_cat-gabinetes","7":"desktop-align-center","8":"tablet-align-left","9":"mobile-align-left","11":"first","12":"instock","13":"shipping-taxable","14":"purchasable","15":"product-type-simple"},"yoast_head":"<!-- This site is optimized with the Yoast SEO plugin v27.3 - https:\/\/yoast.com\/product\/yoast-seo-wordpress\/ -->\n<title>Gabinete FORMULA V Air Mesh G3 White - UnitGames<\/title>\n<meta name=\"robots\" content=\"index, follow, max-snippet:-1, max-image-preview:large, max-video-preview:-1\" \/>\n<link rel=\"canonical\" href=\"https:\/\/unitgames.com.ar\/pc-gamer\/producto\/gabinete-formula-v-air-mesh-g3-white\/\" \/>\n<meta property=\"og:locale\" content=\"es_ES\" \/>\n<meta property=\"og:type\" content=\"article\" \/>\n<meta property=\"og:title\" content=\"Gabinete FORMULA V Air Mesh G3 White - UnitGames\" \/>\n<meta property=\"og:description\" content=\"El FORMULA V Air Mesh G3 White es un gabinete ATX Mid Tower dise\u00f1ado para ofrecer el mejor equilibrio entre refrigeraci\u00f3n, espacio y est\u00e9tica. Su panel frontal mesh asegura un flujo de aire \u00f3ptimo, mientras que sus paneles laterales de vidrio templado permiten lucir el hardware y la iluminaci\u00f3n interna. Beneficios principales: &nbsp; Flujo de aire superior: Panel frontal mallado con soporte para m\u00faltiples ventiladores y radiadores. Dise\u00f1o premium: Estructura robusta en color blanco con lateral de vidrio templado. Compatibilidad amplia: Soporta placas madre ATX, Micro-ATX e ITX. Refrigeraci\u00f3n avanzada: Espacio para hasta 8 ventiladores y radiadores de 240\/280\/360mm. Gesti\u00f3n de cables limpia: Espacio optimizado para cableado oculto. Protecci\u00f3n y durabilidad: Filtros antipolvo removibles en frontal, superior e inferior. Caracter\u00edsticas t\u00e9cnicas: &nbsp; Modelo: FORMULA V Air Mesh G3 White Tipo: Mid Tower \u2013 ATX \/ M-ATX \/ ITX Material: Acero SPCC + Vidrio templado Panel frontal: Mallado (Mesh) para m\u00e1ximo flujo de aire Panel lateral: Vidrio templado Puertos frontales: 1 x USB 3.0 2 x USB 2.0 HD Audio (micr\u00f3fono + auriculares) Compatibilidad de hardware: &nbsp; GPU: Hasta 400mm de longitud Cooler CPU: Hasta 165mm de altura Fuente: ATX, c\u00e1mara inferior aislada Almacenamiento: 2 x 3.5\u201d HDD + 2 x 2.5\u201d SSD Ranuras PCI: 7 Compatibilidad de refrigeraci\u00f3n: Frontal: 3 x 120mm o 2 x 140mm | Radiador 240 \/ 280 \/ 360mm Superior: 2 x 120mm o 2 x 140mm | Radiador 240mm Trasero: 1 x 120mm | Radiador 120mm Inferior: 2 x 120mm Ventiladores incluidos: Ventilador Trasero\" \/>\n<meta property=\"og:url\" content=\"https:\/\/unitgames.com.ar\/pc-gamer\/producto\/gabinete-formula-v-air-mesh-g3-white\/\" \/>\n<meta property=\"og:site_name\" content=\"UnitGames\" \/>\n<meta property=\"article:modified_time\" content=\"2026-01-09T10:13:29+00:00\" \/>\n<meta property=\"og:image\" content=\"https:\/\/unitgames.com.ar\/pc-gamer\/wp-content\/uploads\/2025\/09\/Gabinete-FORMULA-V-Air-Mesh-G3-White.png\" \/>\n\t<meta property=\"og:image:width\" content=\"1283\" \/>\n\t<meta property=\"og:image:height\" content=\"1326\" \/>\n\t<meta property=\"og:image:type\" content=\"image\/png\" \/>\n<meta name=\"twitter:card\" content=\"summary_large_image\" \/>\n<meta name=\"twitter:label1\" content=\"Tiempo de lectura\" \/>\n\t<meta name=\"twitter:data1\" content=\"2 minutos\" \/>\n<script type=\"application\/ld+json\" class=\"yoast-schema-graph\">{\"@context\":\"https:\\\/\\\/schema.org\",\"@graph\":[{\"@type\":\"WebPage\",\"@id\":\"https:\\\/\\\/unitgames.com.ar\\\/pc-gamer\\\/producto\\\/gabinete-formula-v-air-mesh-g3-white\\\/\",\"url\":\"https:\\\/\\\/unitgames.com.ar\\\/pc-gamer\\\/producto\\\/gabinete-formula-v-air-mesh-g3-white\\\/\",\"name\":\"Gabinete FORMULA V Air Mesh G3 White - UnitGames\",\"isPartOf\":{\"@id\":\"https:\\\/\\\/unitgames.com.ar\\\/pc-gamer\\\/#website\"},\"primaryImageOfPage\":{\"@id\":\"https:\\\/\\\/unitgames.com.ar\\\/pc-gamer\\\/producto\\\/gabinete-formula-v-air-mesh-g3-white\\\/#primaryimage\"},\"image\":{\"@id\":\"https:\\\/\\\/unitgames.com.ar\\\/pc-gamer\\\/producto\\\/gabinete-formula-v-air-mesh-g3-white\\\/#primaryimage\"},\"thumbnailUrl\":\"https:\\\/\\\/unitgames.com.ar\\\/pc-gamer\\\/wp-content\\\/uploads\\\/2025\\\/09\\\/Gabinete-FORMULA-V-Air-Mesh-G3-White.png\",\"datePublished\":\"2025-09-13T16:52:56+00:00\",\"dateModified\":\"2026-01-09T10:13:29+00:00\",\"breadcrumb\":{\"@id\":\"https:\\\/\\\/unitgames.com.ar\\\/pc-gamer\\\/producto\\\/gabinete-formula-v-air-mesh-g3-white\\\/#breadcrumb\"},\"inLanguage\":\"es\",\"potentialAction\":[{\"@type\":\"ReadAction\",\"target\":[\"https:\\\/\\\/unitgames.com.ar\\\/pc-gamer\\\/producto\\\/gabinete-formula-v-air-mesh-g3-white\\\/\"]}]},{\"@type\":\"ImageObject\",\"inLanguage\":\"es\",\"@id\":\"https:\\\/\\\/unitgames.com.ar\\\/pc-gamer\\\/producto\\\/gabinete-formula-v-air-mesh-g3-white\\\/#primaryimage\",\"url\":\"https:\\\/\\\/unitgames.com.ar\\\/pc-gamer\\\/wp-content\\\/uploads\\\/2025\\\/09\\\/Gabinete-FORMULA-V-Air-Mesh-G3-White.png\",\"contentUrl\":\"https:\\\/\\\/unitgames.com.ar\\\/pc-gamer\\\/wp-content\\\/uploads\\\/2025\\\/09\\\/Gabinete-FORMULA-V-Air-Mesh-G3-White.png\",\"width\":1283,\"height\":1326},{\"@type\":\"BreadcrumbList\",\"@id\":\"https:\\\/\\\/unitgames.com.ar\\\/pc-gamer\\\/producto\\\/gabinete-formula-v-air-mesh-g3-white\\\/#breadcrumb\",\"itemListElement\":[{\"@type\":\"ListItem\",\"position\":1,\"name\":\"Tienda\",\"item\":\"https:\\\/\\\/unitgames.com.ar\\\/pc-gamer\\\/tienda\\\/\"},{\"@type\":\"ListItem\",\"position\":2,\"name\":\"Gabinete FORMULA V Air Mesh G3 White\"}]},{\"@type\":\"WebSite\",\"@id\":\"https:\\\/\\\/unitgames.com.ar\\\/pc-gamer\\\/#website\",\"url\":\"https:\\\/\\\/unitgames.com.ar\\\/pc-gamer\\\/\",\"name\":\"UnitGames\",\"description\":\"Venta de PC Gamers, Consolas , Servicio Tecnico Especializado. Todos en Accesorios Informaticos y Gamers\",\"publisher\":{\"@id\":\"https:\\\/\\\/unitgames.com.ar\\\/pc-gamer\\\/#organization\"},\"potentialAction\":[{\"@type\":\"SearchAction\",\"target\":{\"@type\":\"EntryPoint\",\"urlTemplate\":\"https:\\\/\\\/unitgames.com.ar\\\/pc-gamer\\\/?s={search_term_string}\"},\"query-input\":{\"@type\":\"PropertyValueSpecification\",\"valueRequired\":true,\"valueName\":\"search_term_string\"}}],\"inLanguage\":\"es\"},{\"@type\":\"Organization\",\"@id\":\"https:\\\/\\\/unitgames.com.ar\\\/pc-gamer\\\/#organization\",\"name\":\"UnitGames\",\"url\":\"https:\\\/\\\/unitgames.com.ar\\\/pc-gamer\\\/\",\"logo\":{\"@type\":\"ImageObject\",\"inLanguage\":\"es\",\"@id\":\"https:\\\/\\\/unitgames.com.ar\\\/pc-gamer\\\/#\\\/schema\\\/logo\\\/image\\\/\",\"url\":\"https:\\\/\\\/unitgames.com.ar\\\/pc-gamer\\\/wp-content\\\/uploads\\\/2021\\\/01\\\/cropped-logoUnitGames2.png\",\"contentUrl\":\"https:\\\/\\\/unitgames.com.ar\\\/pc-gamer\\\/wp-content\\\/uploads\\\/2021\\\/01\\\/cropped-logoUnitGames2.png\",\"width\":152,\"height\":200,\"caption\":\"UnitGames\"},\"image\":{\"@id\":\"https:\\\/\\\/unitgames.com.ar\\\/pc-gamer\\\/#\\\/schema\\\/logo\\\/image\\\/\"}}]}<\/script>\n<!-- \/ Yoast SEO plugin. -->","yoast_head_json":{"title":"Gabinete FORMULA V Air Mesh G3 White - UnitGames","robots":{"index":"index","follow":"follow","max-snippet":"max-snippet:-1","max-image-preview":"max-image-preview:large","max-video-preview":"max-video-preview:-1"},"canonical":"https:\/\/unitgames.com.ar\/pc-gamer\/producto\/gabinete-formula-v-air-mesh-g3-white\/","og_locale":"es_ES","og_type":"article","og_title":"Gabinete FORMULA V Air Mesh G3 White - UnitGames","og_description":"El FORMULA V Air Mesh G3 White es un gabinete ATX Mid Tower dise\u00f1ado para ofrecer el mejor equilibrio entre refrigeraci\u00f3n, espacio y est\u00e9tica. Su panel frontal mesh asegura un flujo de aire \u00f3ptimo, mientras que sus paneles laterales de vidrio templado permiten lucir el hardware y la iluminaci\u00f3n interna. Beneficios principales: &nbsp; Flujo de aire superior: Panel frontal mallado con soporte para m\u00faltiples ventiladores y radiadores. Dise\u00f1o premium: Estructura robusta en color blanco con lateral de vidrio templado. Compatibilidad amplia: Soporta placas madre ATX, Micro-ATX e ITX. Refrigeraci\u00f3n avanzada: Espacio para hasta 8 ventiladores y radiadores de 240\/280\/360mm. Gesti\u00f3n de cables limpia: Espacio optimizado para cableado oculto. Protecci\u00f3n y durabilidad: Filtros antipolvo removibles en frontal, superior e inferior. Caracter\u00edsticas t\u00e9cnicas: &nbsp; Modelo: FORMULA V Air Mesh G3 White Tipo: Mid Tower \u2013 ATX \/ M-ATX \/ ITX Material: Acero SPCC + Vidrio templado Panel frontal: Mallado (Mesh) para m\u00e1ximo flujo de aire Panel lateral: Vidrio templado Puertos frontales: 1 x USB 3.0 2 x USB 2.0 HD Audio (micr\u00f3fono + auriculares) Compatibilidad de hardware: &nbsp; GPU: Hasta 400mm de longitud Cooler CPU: Hasta 165mm de altura Fuente: ATX, c\u00e1mara inferior aislada Almacenamiento: 2 x 3.5\u201d HDD + 2 x 2.5\u201d SSD Ranuras PCI: 7 Compatibilidad de refrigeraci\u00f3n: Frontal: 3 x 120mm o 2 x 140mm | Radiador 240 \/ 280 \/ 360mm Superior: 2 x 120mm o 2 x 140mm | Radiador 240mm Trasero: 1 x 120mm | Radiador 120mm Inferior: 2 x 120mm Ventiladores incluidos: Ventilador Trasero","og_url":"https:\/\/unitgames.com.ar\/pc-gamer\/producto\/gabinete-formula-v-air-mesh-g3-white\/","og_site_name":"UnitGames","article_modified_time":"2026-01-09T10:13:29+00:00","og_image":[{"width":1283,"height":1326,"url":"https:\/\/unitgames.com.ar\/pc-gamer\/wp-content\/uploads\/2025\/09\/Gabinete-FORMULA-V-Air-Mesh-G3-White.png","type":"image\/png"}],"twitter_card":"summary_large_image","twitter_misc":{"Tiempo de lectura":"2 minutos"},"schema":{"@context":"https:\/\/schema.org","@graph":[{"@type":"WebPage","@id":"https:\/\/unitgames.com.ar\/pc-gamer\/producto\/gabinete-formula-v-air-mesh-g3-white\/","url":"https:\/\/unitgames.com.ar\/pc-gamer\/producto\/gabinete-formula-v-air-mesh-g3-white\/","name":"Gabinete FORMULA V Air Mesh G3 White - UnitGames","isPartOf":{"@id":"https:\/\/unitgames.com.ar\/pc-gamer\/#website"},"primaryImageOfPage":{"@id":"https:\/\/unitgames.com.ar\/pc-gamer\/producto\/gabinete-formula-v-air-mesh-g3-white\/#primaryimage"},"image":{"@id":"https:\/\/unitgames.com.ar\/pc-gamer\/producto\/gabinete-formula-v-air-mesh-g3-white\/#primaryimage"},"thumbnailUrl":"https:\/\/unitgames.com.ar\/pc-gamer\/wp-content\/uploads\/2025\/09\/Gabinete-FORMULA-V-Air-Mesh-G3-White.png","datePublished":"2025-09-13T16:52:56+00:00","dateModified":"2026-01-09T10:13:29+00:00","breadcrumb":{"@id":"https:\/\/unitgames.com.ar\/pc-gamer\/producto\/gabinete-formula-v-air-mesh-g3-white\/#breadcrumb"},"inLanguage":"es","potentialAction":[{"@type":"ReadAction","target":["https:\/\/unitgames.com.ar\/pc-gamer\/producto\/gabinete-formula-v-air-mesh-g3-white\/"]}]},{"@type":"ImageObject","inLanguage":"es","@id":"https:\/\/unitgames.com.ar\/pc-gamer\/producto\/gabinete-formula-v-air-mesh-g3-white\/#primaryimage","url":"https:\/\/unitgames.com.ar\/pc-gamer\/wp-content\/uploads\/2025\/09\/Gabinete-FORMULA-V-Air-Mesh-G3-White.png","contentUrl":"https:\/\/unitgames.com.ar\/pc-gamer\/wp-content\/uploads\/2025\/09\/Gabinete-FORMULA-V-Air-Mesh-G3-White.png","width":1283,"height":1326},{"@type":"BreadcrumbList","@id":"https:\/\/unitgames.com.ar\/pc-gamer\/producto\/gabinete-formula-v-air-mesh-g3-white\/#breadcrumb","itemListElement":[{"@type":"ListItem","position":1,"name":"Tienda","item":"https:\/\/unitgames.com.ar\/pc-gamer\/tienda\/"},{"@type":"ListItem","position":2,"name":"Gabinete FORMULA V Air Mesh G3 White"}]},{"@type":"WebSite","@id":"https:\/\/unitgames.com.ar\/pc-gamer\/#website","url":"https:\/\/unitgames.com.ar\/pc-gamer\/","name":"UnitGames","description":"Venta de PC Gamers, Consolas , Servicio Tecnico Especializado. Todos en Accesorios Informaticos y Gamers","publisher":{"@id":"https:\/\/unitgames.com.ar\/pc-gamer\/#organization"},"potentialAction":[{"@type":"SearchAction","target":{"@type":"EntryPoint","urlTemplate":"https:\/\/unitgames.com.ar\/pc-gamer\/?s={search_term_string}"},"query-input":{"@type":"PropertyValueSpecification","valueRequired":true,"valueName":"search_term_string"}}],"inLanguage":"es"},{"@type":"Organization","@id":"https:\/\/unitgames.com.ar\/pc-gamer\/#organization","name":"UnitGames","url":"https:\/\/unitgames.com.ar\/pc-gamer\/","logo":{"@type":"ImageObject","inLanguage":"es","@id":"https:\/\/unitgames.com.ar\/pc-gamer\/#\/schema\/logo\/image\/","url":"https:\/\/unitgames.com.ar\/pc-gamer\/wp-content\/uploads\/2021\/01\/cropped-logoUnitGames2.png","contentUrl":"https:\/\/unitgames.com.ar\/pc-gamer\/wp-content\/uploads\/2021\/01\/cropped-logoUnitGames2.png","width":152,"height":200,"caption":"UnitGames"},"image":{"@id":"https:\/\/unitgames.com.ar\/pc-gamer\/#\/schema\/logo\/image\/"}}]}},"_links":{"self":[{"href":"https:\/\/unitgames.com.ar\/pc-gamer\/wp-json\/wp\/v2\/product\/17294","targetHints":{"allow":["GET"]}}],"collection":[{"href":"https:\/\/unitgames.com.ar\/pc-gamer\/wp-json\/wp\/v2\/product"}],"about":[{"href":"https:\/\/unitgames.com.ar\/pc-gamer\/wp-json\/wp\/v2\/types\/product"}],"version-history":[{"count":0,"href":"https:\/\/unitgames.com.ar\/pc-gamer\/wp-json\/wp\/v2\/product\/17294\/revisions"}],"wp:featuredmedia":[{"embeddable":true,"href":"https:\/\/unitgames.com.ar\/pc-gamer\/wp-json\/wp\/v2\/media\/17615"}],"wp:attachment":[{"href":"https:\/\/unitgames.com.ar\/pc-gamer\/wp-json\/wp\/v2\/media?parent=17294"}],"wp:term":[{"taxonomy":"product_brand","embeddable":true,"href":"https:\/\/unitgames.com.ar\/pc-gamer\/wp-json\/wp\/v2\/product_brand?post=17294"},{"taxonomy":"product_cat","embeddable":true,"href":"https:\/\/unitgames.com.ar\/pc-gamer\/wp-json\/wp\/v2\/product_cat?post=17294"},{"taxonomy":"product_tag","embeddable":true,"href":"https:\/\/unitgames.com.ar\/pc-gamer\/wp-json\/wp\/v2\/product_tag?post=17294"}],"curies":[{"name":"wp","href":"https:\/\/api.w.org\/{rel}","templated":true}]}}