{"id":17344,"date":"2025-09-17T17:14:09","date_gmt":"2025-09-17T20:14:09","guid":{"rendered":"https:\/\/unitgames.com.ar\/pc-gamer\/?post_type=product&#038;p=17344"},"modified":"2026-03-30T10:29:21","modified_gmt":"2026-03-30T13:29:21","slug":"usb-wireless-tp-link-archer-tx20uh-usb-ax1800-dual-band-x20uh","status":"publish","type":"product","link":"https:\/\/unitgames.com.ar\/pc-gamer\/producto\/usb-wireless-tp-link-archer-tx20uh-usb-ax1800-dual-band-x20uh\/","title":{"rendered":"USB Wireless TP-LINK Archer TX20UH USB AX1800 Dual Band X20UH"},"content":{"rendered":"<ul>\n<li>CAPTURADOR DE RED TP-LINK ARCHER TX20UH AX1800 USB DUAL BANDWi-Fi 6 LO ACTUALIZA TODO<br \/>\nLa \u00faltima tecnolog\u00eda Wifi hace que los molestos retrasos y las cargas interminables sean cosa del pasado. Equipe su PC con TX20U y disfrute del futuro con cargas de red m\u00e1s r\u00e1pidas y m\u00e1s conexiones.<\/p>\n<p>MAYOR COBERTURA Y ESTABILIDAD<br \/>\nLas antenas integradas de alto rendimiento se combinan con Beamforming para concentrar las se\u00f1ales WiFi hacia su enrutador para una mejor recepci\u00f3n y conexiones confiables desde lejos.<\/p>\n<p>MENOR LATENCIA, MAYOR EFICIENCIA Y MENOS CONGESTI\u00d3N<br \/>\nMU-MIMO<br \/>\nExperimente transmisiones, juegos y cargas impecables mientras su red procesa simult\u00e1neamente el ancho de banda para m\u00faltiples dispositivos.<\/p>\n<p>OFDMA<br \/>\nAl trabajar con un enrutador compatible, su PC recibe datos al mismo tiempo que otros dispositivos en la misma transmisi\u00f3n. Esto significa un retraso pr\u00e1cticamente nulo para v\u00eddeos y juegos.<\/p>\n<p>USB 3.0 PARA VELOCIDADES DE TRANSFERENCIA SUPERIORES<br \/>\nExperimente transferencias de datos incre\u00edblemente r\u00e1pidas de hasta 4,8 Gbps con USB 3.0, el \u00faltimo est\u00e1ndar de conectividad USB. USB 3.0 transfiere datos hasta 10 veces m\u00e1s r\u00e1pido que USB 2.0 y tambi\u00e9n es compatible con versiones anteriores de USB 2.0. Combinado con Wi-Fi 802.11ac, USB 3.0 hace que Archer TX20U sea ideal para transmisi\u00f3n en HD, juegos en l\u00ednea y descargas de archivos grandes.<\/p>\n<p>DISE\u00d1O DE CIENCIA FICCI\u00d3N, DETALLES EXQUISITOS<br \/>\nEl Archer TX20U presenta nuestra avanzada tecnolog\u00eda de moldeado para un acabado mate de primera calidad. El dise\u00f1o ergon\u00f3mico le permite llevarlo y usarlo f\u00e1cilmente en cualquier lugar. El dise\u00f1o futurista del orificio de refrigeraci\u00f3n le ofrece el mejor rendimiento.<\/p>\n<p>CONFIGURACI\u00d3N F\u00c1CIL<br \/>\nTX20U viene con su controlador precargado. Simplemente con\u00e9ctelo e inst\u00e1lelo.<\/p>\n<p>SEGURIDAD DE PR\u00d3XIMA GENERACI\u00d3N<br \/>\nEl cifrado WPA3 protege su PC de ataques de fuerza bruta y mantiene seguros sus datos personales.<\/li>\n<\/ul>\n","protected":false},"excerpt":{"rendered":"<p>CAPTURADOR DE RED TP-LINK ARCHER TX20UH AX1800 USB DUAL BANDWi-Fi 6 LO ACTUALIZA TODO La \u00faltima tecnolog\u00eda Wifi hace que los molestos retrasos y las cargas interminables sean cosa del pasado. Equipe su PC con TX20U y disfrute del futuro con cargas de red m\u00e1s r\u00e1pidas y m\u00e1s conexiones. MAYOR COBERTURA Y ESTABILIDAD Las antenas integradas de alto rendimiento se combinan con Beamforming para concentrar las se\u00f1ales WiFi hacia su enrutador para una mejor recepci\u00f3n y conexiones confiables desde lejos. MENOR LATENCIA, MAYOR EFICIENCIA Y MENOS CONGESTI\u00d3N MU-MIMO Experimente transmisiones, juegos y cargas impecables mientras su red procesa simult\u00e1neamente el ancho de banda para m\u00faltiples dispositivos. OFDMA Al trabajar con un enrutador compatible, su PC recibe datos al mismo tiempo que otros dispositivos en la misma transmisi\u00f3n. Esto significa un retraso pr\u00e1cticamente nulo para v\u00eddeos y juegos. USB 3.0 PARA VELOCIDADES DE TRANSFERENCIA SUPERIORES Experimente transferencias de datos incre\u00edblemente r\u00e1pidas de hasta 4,8 Gbps con USB 3.0, el \u00faltimo est\u00e1ndar de conectividad USB. USB 3.0 transfiere datos hasta 10 veces m\u00e1s r\u00e1pido que USB 2.0 y tambi\u00e9n es compatible con versiones anteriores de USB 2.0. Combinado con Wi-Fi 802.11ac, USB 3.0 hace que Archer TX20U sea ideal para transmisi\u00f3n en HD, juegos en l\u00ednea y descargas de archivos grandes. DISE\u00d1O DE CIENCIA FICCI\u00d3N, DETALLES EXQUISITOS El Archer TX20U presenta nuestra avanzada tecnolog\u00eda de moldeado para un acabado mate de primera calidad. El dise\u00f1o ergon\u00f3mico le permite llevarlo y usarlo f\u00e1cilmente en cualquier lugar. El dise\u00f1o futurista del orificio de refrigeraci\u00f3n le ofrece el mejor rendimiento. CONFIGURACI\u00d3N F\u00c1CIL TX20U viene con su controlador precargado. Simplemente con\u00e9ctelo e inst\u00e1lelo. SEGURIDAD DE PR\u00d3XIMA GENERACI\u00d3N El cifrado WPA3 protege su PC de ataques de fuerza bruta y mantiene seguros sus datos personales.<\/p>\n","protected":false},"featured_media":17346,"template":"","meta":{"site-sidebar-layout":"default","site-content-layout":"","ast-site-content-layout":"default","site-content-style":"default","site-sidebar-style":"default","ast-global-header-display":"","ast-banner-title-visibility":"","ast-main-header-display":"","ast-hfb-above-header-display":"","ast-hfb-below-header-display":"","ast-hfb-mobile-header-display":"","site-post-title":"","ast-breadcrumbs-content":"","ast-featured-img":"","footer-sml-layout":"","theme-transparent-header-meta":"default","adv-header-id-meta":"","stick-header-meta":"","header-above-stick-meta":"","header-main-stick-meta":"","header-below-stick-meta":"","astra-migrate-meta-layouts":"set","ast-page-background-enabled":"default","ast-page-background-meta":{"desktop":{"background-color":"var(--ast-global-color-5)","background-image":"","background-repeat":"repeat","background-position":"center center","background-size":"auto","background-attachment":"scroll","background-type":"","background-media":"","overlay-type":"","overlay-color":"","overlay-opacity":"","overlay-gradient":""},"tablet":{"background-color":"","background-image":"","background-repeat":"repeat","background-position":"center center","background-size":"auto","background-attachment":"scroll","background-type":"","background-media":"","overlay-type":"","overlay-color":"","overlay-opacity":"","overlay-gradient":""},"mobile":{"background-color":"","background-image":"","background-repeat":"repeat","background-position":"center center","background-size":"auto","background-attachment":"scroll","background-type":"","background-media":"","overlay-type":"","overlay-color":"","overlay-opacity":"","overlay-gradient":""}},"ast-content-background-meta":{"desktop":{"background-color":"var(--ast-global-color-4)","background-image":"","background-repeat":"repeat","background-position":"center center","background-size":"auto","background-attachment":"scroll","background-type":"","background-media":"","overlay-type":"","overlay-color":"","overlay-opacity":"","overlay-gradient":""},"tablet":{"background-color":"var(--ast-global-color-4)","background-image":"","background-repeat":"repeat","background-position":"center center","background-size":"auto","background-attachment":"scroll","background-type":"","background-media":"","overlay-type":"","overlay-color":"","overlay-opacity":"","overlay-gradient":""},"mobile":{"background-color":"var(--ast-global-color-4)","background-image":"","background-repeat":"repeat","background-position":"center center","background-size":"auto","background-attachment":"scroll","background-type":"","background-media":"","overlay-type":"","overlay-color":"","overlay-opacity":"","overlay-gradient":""}},"_joinchat":[]},"product_brand":[],"product_cat":[73,142],"product_tag":[],"class_list":{"0":"post-17344","1":"product","2":"type-product","3":"status-publish","4":"has-post-thumbnail","6":"product_cat-conectividad","7":"product_cat-placa-wifi-y-red","8":"desktop-align-center","9":"tablet-align-left","10":"mobile-align-left","12":"first","13":"instock","14":"shipping-taxable","15":"purchasable","16":"product-type-simple"},"yoast_head":"<!-- This site is optimized with the Yoast SEO plugin v27.3 - https:\/\/yoast.com\/product\/yoast-seo-wordpress\/ -->\n<title>USB Wireless TP-LINK Archer TX20UH USB AX1800 Dual Band X20UH - UnitGames<\/title>\n<meta name=\"robots\" content=\"index, follow, max-snippet:-1, max-image-preview:large, max-video-preview:-1\" \/>\n<link rel=\"canonical\" href=\"https:\/\/unitgames.com.ar\/pc-gamer\/producto\/usb-wireless-tp-link-archer-tx20uh-usb-ax1800-dual-band-x20uh\/\" \/>\n<meta property=\"og:locale\" content=\"es_ES\" \/>\n<meta property=\"og:type\" content=\"article\" \/>\n<meta property=\"og:title\" content=\"USB Wireless TP-LINK Archer TX20UH USB AX1800 Dual Band X20UH - UnitGames\" \/>\n<meta property=\"og:description\" content=\"CAPTURADOR DE RED TP-LINK ARCHER TX20UH AX1800 USB DUAL BANDWi-Fi 6 LO ACTUALIZA TODO La \u00faltima tecnolog\u00eda Wifi hace que los molestos retrasos y las cargas interminables sean cosa del pasado. Equipe su PC con TX20U y disfrute del futuro con cargas de red m\u00e1s r\u00e1pidas y m\u00e1s conexiones. MAYOR COBERTURA Y ESTABILIDAD Las antenas integradas de alto rendimiento se combinan con Beamforming para concentrar las se\u00f1ales WiFi hacia su enrutador para una mejor recepci\u00f3n y conexiones confiables desde lejos. MENOR LATENCIA, MAYOR EFICIENCIA Y MENOS CONGESTI\u00d3N MU-MIMO Experimente transmisiones, juegos y cargas impecables mientras su red procesa simult\u00e1neamente el ancho de banda para m\u00faltiples dispositivos. OFDMA Al trabajar con un enrutador compatible, su PC recibe datos al mismo tiempo que otros dispositivos en la misma transmisi\u00f3n. Esto significa un retraso pr\u00e1cticamente nulo para v\u00eddeos y juegos. USB 3.0 PARA VELOCIDADES DE TRANSFERENCIA SUPERIORES Experimente transferencias de datos incre\u00edblemente r\u00e1pidas de hasta 4,8 Gbps con USB 3.0, el \u00faltimo est\u00e1ndar de conectividad USB. USB 3.0 transfiere datos hasta 10 veces m\u00e1s r\u00e1pido que USB 2.0 y tambi\u00e9n es compatible con versiones anteriores de USB 2.0. Combinado con Wi-Fi 802.11ac, USB 3.0 hace que Archer TX20U sea ideal para transmisi\u00f3n en HD, juegos en l\u00ednea y descargas de archivos grandes. DISE\u00d1O DE CIENCIA FICCI\u00d3N, DETALLES EXQUISITOS El Archer TX20U presenta nuestra avanzada tecnolog\u00eda de moldeado para un acabado mate de primera calidad. El dise\u00f1o ergon\u00f3mico le permite llevarlo y usarlo f\u00e1cilmente en cualquier lugar. El dise\u00f1o futurista del orificio de refrigeraci\u00f3n le ofrece el mejor rendimiento. CONFIGURACI\u00d3N F\u00c1CIL TX20U viene con su controlador precargado. Simplemente con\u00e9ctelo e inst\u00e1lelo. SEGURIDAD DE PR\u00d3XIMA GENERACI\u00d3N El cifrado WPA3 protege su PC de ataques de fuerza bruta y mantiene seguros sus datos personales.\" \/>\n<meta property=\"og:url\" content=\"https:\/\/unitgames.com.ar\/pc-gamer\/producto\/usb-wireless-tp-link-archer-tx20uh-usb-ax1800-dual-band-x20uh\/\" \/>\n<meta property=\"og:site_name\" content=\"UnitGames\" \/>\n<meta property=\"article:modified_time\" content=\"2026-03-30T13:29:21+00:00\" \/>\n<meta property=\"og:image\" content=\"https:\/\/unitgames.com.ar\/pc-gamer\/wp-content\/uploads\/2025\/09\/USB-Wireless-TP-LINK-Archer-TX20UH-USB-AX1800-Dual-Band-X20UH.png\" \/>\n\t<meta property=\"og:image:width\" content=\"1263\" \/>\n\t<meta property=\"og:image:height\" content=\"1285\" \/>\n\t<meta property=\"og:image:type\" content=\"image\/png\" \/>\n<meta name=\"twitter:card\" content=\"summary_large_image\" \/>\n<meta name=\"twitter:label1\" content=\"Tiempo de lectura\" \/>\n\t<meta name=\"twitter:data1\" content=\"2 minutos\" \/>\n<script type=\"application\/ld+json\" class=\"yoast-schema-graph\">{\"@context\":\"https:\\\/\\\/schema.org\",\"@graph\":[{\"@type\":\"WebPage\",\"@id\":\"https:\\\/\\\/unitgames.com.ar\\\/pc-gamer\\\/producto\\\/usb-wireless-tp-link-archer-tx20uh-usb-ax1800-dual-band-x20uh\\\/\",\"url\":\"https:\\\/\\\/unitgames.com.ar\\\/pc-gamer\\\/producto\\\/usb-wireless-tp-link-archer-tx20uh-usb-ax1800-dual-band-x20uh\\\/\",\"name\":\"USB Wireless TP-LINK Archer TX20UH USB AX1800 Dual Band X20UH - UnitGames\",\"isPartOf\":{\"@id\":\"https:\\\/\\\/unitgames.com.ar\\\/pc-gamer\\\/#website\"},\"primaryImageOfPage\":{\"@id\":\"https:\\\/\\\/unitgames.com.ar\\\/pc-gamer\\\/producto\\\/usb-wireless-tp-link-archer-tx20uh-usb-ax1800-dual-band-x20uh\\\/#primaryimage\"},\"image\":{\"@id\":\"https:\\\/\\\/unitgames.com.ar\\\/pc-gamer\\\/producto\\\/usb-wireless-tp-link-archer-tx20uh-usb-ax1800-dual-band-x20uh\\\/#primaryimage\"},\"thumbnailUrl\":\"https:\\\/\\\/unitgames.com.ar\\\/pc-gamer\\\/wp-content\\\/uploads\\\/2025\\\/09\\\/USB-Wireless-TP-LINK-Archer-TX20UH-USB-AX1800-Dual-Band-X20UH.png\",\"datePublished\":\"2025-09-17T20:14:09+00:00\",\"dateModified\":\"2026-03-30T13:29:21+00:00\",\"breadcrumb\":{\"@id\":\"https:\\\/\\\/unitgames.com.ar\\\/pc-gamer\\\/producto\\\/usb-wireless-tp-link-archer-tx20uh-usb-ax1800-dual-band-x20uh\\\/#breadcrumb\"},\"inLanguage\":\"es\",\"potentialAction\":[{\"@type\":\"ReadAction\",\"target\":[\"https:\\\/\\\/unitgames.com.ar\\\/pc-gamer\\\/producto\\\/usb-wireless-tp-link-archer-tx20uh-usb-ax1800-dual-band-x20uh\\\/\"]}]},{\"@type\":\"ImageObject\",\"inLanguage\":\"es\",\"@id\":\"https:\\\/\\\/unitgames.com.ar\\\/pc-gamer\\\/producto\\\/usb-wireless-tp-link-archer-tx20uh-usb-ax1800-dual-band-x20uh\\\/#primaryimage\",\"url\":\"https:\\\/\\\/unitgames.com.ar\\\/pc-gamer\\\/wp-content\\\/uploads\\\/2025\\\/09\\\/USB-Wireless-TP-LINK-Archer-TX20UH-USB-AX1800-Dual-Band-X20UH.png\",\"contentUrl\":\"https:\\\/\\\/unitgames.com.ar\\\/pc-gamer\\\/wp-content\\\/uploads\\\/2025\\\/09\\\/USB-Wireless-TP-LINK-Archer-TX20UH-USB-AX1800-Dual-Band-X20UH.png\",\"width\":1263,\"height\":1285},{\"@type\":\"BreadcrumbList\",\"@id\":\"https:\\\/\\\/unitgames.com.ar\\\/pc-gamer\\\/producto\\\/usb-wireless-tp-link-archer-tx20uh-usb-ax1800-dual-band-x20uh\\\/#breadcrumb\",\"itemListElement\":[{\"@type\":\"ListItem\",\"position\":1,\"name\":\"Tienda\",\"item\":\"https:\\\/\\\/unitgames.com.ar\\\/pc-gamer\\\/tienda\\\/\"},{\"@type\":\"ListItem\",\"position\":2,\"name\":\"USB Wireless TP-LINK Archer TX20UH USB AX1800 Dual Band X20UH\"}]},{\"@type\":\"WebSite\",\"@id\":\"https:\\\/\\\/unitgames.com.ar\\\/pc-gamer\\\/#website\",\"url\":\"https:\\\/\\\/unitgames.com.ar\\\/pc-gamer\\\/\",\"name\":\"UnitGames\",\"description\":\"Venta de PC Gamers, Consolas , Servicio Tecnico Especializado. Todos en Accesorios Informaticos y Gamers\",\"publisher\":{\"@id\":\"https:\\\/\\\/unitgames.com.ar\\\/pc-gamer\\\/#organization\"},\"potentialAction\":[{\"@type\":\"SearchAction\",\"target\":{\"@type\":\"EntryPoint\",\"urlTemplate\":\"https:\\\/\\\/unitgames.com.ar\\\/pc-gamer\\\/?s={search_term_string}\"},\"query-input\":{\"@type\":\"PropertyValueSpecification\",\"valueRequired\":true,\"valueName\":\"search_term_string\"}}],\"inLanguage\":\"es\"},{\"@type\":\"Organization\",\"@id\":\"https:\\\/\\\/unitgames.com.ar\\\/pc-gamer\\\/#organization\",\"name\":\"UnitGames\",\"url\":\"https:\\\/\\\/unitgames.com.ar\\\/pc-gamer\\\/\",\"logo\":{\"@type\":\"ImageObject\",\"inLanguage\":\"es\",\"@id\":\"https:\\\/\\\/unitgames.com.ar\\\/pc-gamer\\\/#\\\/schema\\\/logo\\\/image\\\/\",\"url\":\"https:\\\/\\\/unitgames.com.ar\\\/pc-gamer\\\/wp-content\\\/uploads\\\/2021\\\/01\\\/cropped-logoUnitGames2.png\",\"contentUrl\":\"https:\\\/\\\/unitgames.com.ar\\\/pc-gamer\\\/wp-content\\\/uploads\\\/2021\\\/01\\\/cropped-logoUnitGames2.png\",\"width\":152,\"height\":200,\"caption\":\"UnitGames\"},\"image\":{\"@id\":\"https:\\\/\\\/unitgames.com.ar\\\/pc-gamer\\\/#\\\/schema\\\/logo\\\/image\\\/\"}}]}<\/script>\n<!-- \/ Yoast SEO plugin. -->","yoast_head_json":{"title":"USB Wireless TP-LINK Archer TX20UH USB AX1800 Dual Band X20UH - UnitGames","robots":{"index":"index","follow":"follow","max-snippet":"max-snippet:-1","max-image-preview":"max-image-preview:large","max-video-preview":"max-video-preview:-1"},"canonical":"https:\/\/unitgames.com.ar\/pc-gamer\/producto\/usb-wireless-tp-link-archer-tx20uh-usb-ax1800-dual-band-x20uh\/","og_locale":"es_ES","og_type":"article","og_title":"USB Wireless TP-LINK Archer TX20UH USB AX1800 Dual Band X20UH - UnitGames","og_description":"CAPTURADOR DE RED TP-LINK ARCHER TX20UH AX1800 USB DUAL BANDWi-Fi 6 LO ACTUALIZA TODO La \u00faltima tecnolog\u00eda Wifi hace que los molestos retrasos y las cargas interminables sean cosa del pasado. Equipe su PC con TX20U y disfrute del futuro con cargas de red m\u00e1s r\u00e1pidas y m\u00e1s conexiones. MAYOR COBERTURA Y ESTABILIDAD Las antenas integradas de alto rendimiento se combinan con Beamforming para concentrar las se\u00f1ales WiFi hacia su enrutador para una mejor recepci\u00f3n y conexiones confiables desde lejos. MENOR LATENCIA, MAYOR EFICIENCIA Y MENOS CONGESTI\u00d3N MU-MIMO Experimente transmisiones, juegos y cargas impecables mientras su red procesa simult\u00e1neamente el ancho de banda para m\u00faltiples dispositivos. OFDMA Al trabajar con un enrutador compatible, su PC recibe datos al mismo tiempo que otros dispositivos en la misma transmisi\u00f3n. Esto significa un retraso pr\u00e1cticamente nulo para v\u00eddeos y juegos. USB 3.0 PARA VELOCIDADES DE TRANSFERENCIA SUPERIORES Experimente transferencias de datos incre\u00edblemente r\u00e1pidas de hasta 4,8 Gbps con USB 3.0, el \u00faltimo est\u00e1ndar de conectividad USB. USB 3.0 transfiere datos hasta 10 veces m\u00e1s r\u00e1pido que USB 2.0 y tambi\u00e9n es compatible con versiones anteriores de USB 2.0. Combinado con Wi-Fi 802.11ac, USB 3.0 hace que Archer TX20U sea ideal para transmisi\u00f3n en HD, juegos en l\u00ednea y descargas de archivos grandes. DISE\u00d1O DE CIENCIA FICCI\u00d3N, DETALLES EXQUISITOS El Archer TX20U presenta nuestra avanzada tecnolog\u00eda de moldeado para un acabado mate de primera calidad. El dise\u00f1o ergon\u00f3mico le permite llevarlo y usarlo f\u00e1cilmente en cualquier lugar. El dise\u00f1o futurista del orificio de refrigeraci\u00f3n le ofrece el mejor rendimiento. CONFIGURACI\u00d3N F\u00c1CIL TX20U viene con su controlador precargado. Simplemente con\u00e9ctelo e inst\u00e1lelo. SEGURIDAD DE PR\u00d3XIMA GENERACI\u00d3N El cifrado WPA3 protege su PC de ataques de fuerza bruta y mantiene seguros sus datos personales.","og_url":"https:\/\/unitgames.com.ar\/pc-gamer\/producto\/usb-wireless-tp-link-archer-tx20uh-usb-ax1800-dual-band-x20uh\/","og_site_name":"UnitGames","article_modified_time":"2026-03-30T13:29:21+00:00","og_image":[{"width":1263,"height":1285,"url":"https:\/\/unitgames.com.ar\/pc-gamer\/wp-content\/uploads\/2025\/09\/USB-Wireless-TP-LINK-Archer-TX20UH-USB-AX1800-Dual-Band-X20UH.png","type":"image\/png"}],"twitter_card":"summary_large_image","twitter_misc":{"Tiempo de lectura":"2 minutos"},"schema":{"@context":"https:\/\/schema.org","@graph":[{"@type":"WebPage","@id":"https:\/\/unitgames.com.ar\/pc-gamer\/producto\/usb-wireless-tp-link-archer-tx20uh-usb-ax1800-dual-band-x20uh\/","url":"https:\/\/unitgames.com.ar\/pc-gamer\/producto\/usb-wireless-tp-link-archer-tx20uh-usb-ax1800-dual-band-x20uh\/","name":"USB Wireless TP-LINK Archer TX20UH USB AX1800 Dual Band X20UH - UnitGames","isPartOf":{"@id":"https:\/\/unitgames.com.ar\/pc-gamer\/#website"},"primaryImageOfPage":{"@id":"https:\/\/unitgames.com.ar\/pc-gamer\/producto\/usb-wireless-tp-link-archer-tx20uh-usb-ax1800-dual-band-x20uh\/#primaryimage"},"image":{"@id":"https:\/\/unitgames.com.ar\/pc-gamer\/producto\/usb-wireless-tp-link-archer-tx20uh-usb-ax1800-dual-band-x20uh\/#primaryimage"},"thumbnailUrl":"https:\/\/unitgames.com.ar\/pc-gamer\/wp-content\/uploads\/2025\/09\/USB-Wireless-TP-LINK-Archer-TX20UH-USB-AX1800-Dual-Band-X20UH.png","datePublished":"2025-09-17T20:14:09+00:00","dateModified":"2026-03-30T13:29:21+00:00","breadcrumb":{"@id":"https:\/\/unitgames.com.ar\/pc-gamer\/producto\/usb-wireless-tp-link-archer-tx20uh-usb-ax1800-dual-band-x20uh\/#breadcrumb"},"inLanguage":"es","potentialAction":[{"@type":"ReadAction","target":["https:\/\/unitgames.com.ar\/pc-gamer\/producto\/usb-wireless-tp-link-archer-tx20uh-usb-ax1800-dual-band-x20uh\/"]}]},{"@type":"ImageObject","inLanguage":"es","@id":"https:\/\/unitgames.com.ar\/pc-gamer\/producto\/usb-wireless-tp-link-archer-tx20uh-usb-ax1800-dual-band-x20uh\/#primaryimage","url":"https:\/\/unitgames.com.ar\/pc-gamer\/wp-content\/uploads\/2025\/09\/USB-Wireless-TP-LINK-Archer-TX20UH-USB-AX1800-Dual-Band-X20UH.png","contentUrl":"https:\/\/unitgames.com.ar\/pc-gamer\/wp-content\/uploads\/2025\/09\/USB-Wireless-TP-LINK-Archer-TX20UH-USB-AX1800-Dual-Band-X20UH.png","width":1263,"height":1285},{"@type":"BreadcrumbList","@id":"https:\/\/unitgames.com.ar\/pc-gamer\/producto\/usb-wireless-tp-link-archer-tx20uh-usb-ax1800-dual-band-x20uh\/#breadcrumb","itemListElement":[{"@type":"ListItem","position":1,"name":"Tienda","item":"https:\/\/unitgames.com.ar\/pc-gamer\/tienda\/"},{"@type":"ListItem","position":2,"name":"USB Wireless TP-LINK Archer TX20UH USB AX1800 Dual Band X20UH"}]},{"@type":"WebSite","@id":"https:\/\/unitgames.com.ar\/pc-gamer\/#website","url":"https:\/\/unitgames.com.ar\/pc-gamer\/","name":"UnitGames","description":"Venta de PC Gamers, Consolas , Servicio Tecnico Especializado. Todos en Accesorios Informaticos y Gamers","publisher":{"@id":"https:\/\/unitgames.com.ar\/pc-gamer\/#organization"},"potentialAction":[{"@type":"SearchAction","target":{"@type":"EntryPoint","urlTemplate":"https:\/\/unitgames.com.ar\/pc-gamer\/?s={search_term_string}"},"query-input":{"@type":"PropertyValueSpecification","valueRequired":true,"valueName":"search_term_string"}}],"inLanguage":"es"},{"@type":"Organization","@id":"https:\/\/unitgames.com.ar\/pc-gamer\/#organization","name":"UnitGames","url":"https:\/\/unitgames.com.ar\/pc-gamer\/","logo":{"@type":"ImageObject","inLanguage":"es","@id":"https:\/\/unitgames.com.ar\/pc-gamer\/#\/schema\/logo\/image\/","url":"https:\/\/unitgames.com.ar\/pc-gamer\/wp-content\/uploads\/2021\/01\/cropped-logoUnitGames2.png","contentUrl":"https:\/\/unitgames.com.ar\/pc-gamer\/wp-content\/uploads\/2021\/01\/cropped-logoUnitGames2.png","width":152,"height":200,"caption":"UnitGames"},"image":{"@id":"https:\/\/unitgames.com.ar\/pc-gamer\/#\/schema\/logo\/image\/"}}]}},"_links":{"self":[{"href":"https:\/\/unitgames.com.ar\/pc-gamer\/wp-json\/wp\/v2\/product\/17344","targetHints":{"allow":["GET"]}}],"collection":[{"href":"https:\/\/unitgames.com.ar\/pc-gamer\/wp-json\/wp\/v2\/product"}],"about":[{"href":"https:\/\/unitgames.com.ar\/pc-gamer\/wp-json\/wp\/v2\/types\/product"}],"version-history":[{"count":0,"href":"https:\/\/unitgames.com.ar\/pc-gamer\/wp-json\/wp\/v2\/product\/17344\/revisions"}],"wp:featuredmedia":[{"embeddable":true,"href":"https:\/\/unitgames.com.ar\/pc-gamer\/wp-json\/wp\/v2\/media\/17346"}],"wp:attachment":[{"href":"https:\/\/unitgames.com.ar\/pc-gamer\/wp-json\/wp\/v2\/media?parent=17344"}],"wp:term":[{"taxonomy":"product_brand","embeddable":true,"href":"https:\/\/unitgames.com.ar\/pc-gamer\/wp-json\/wp\/v2\/product_brand?post=17344"},{"taxonomy":"product_cat","embeddable":true,"href":"https:\/\/unitgames.com.ar\/pc-gamer\/wp-json\/wp\/v2\/product_cat?post=17344"},{"taxonomy":"product_tag","embeddable":true,"href":"https:\/\/unitgames.com.ar\/pc-gamer\/wp-json\/wp\/v2\/product_tag?post=17344"}],"curies":[{"name":"wp","href":"https:\/\/api.w.org\/{rel}","templated":true}]}}