{"id":17454,"date":"2025-09-23T07:57:46","date_gmt":"2025-09-23T10:57:46","guid":{"rendered":"https:\/\/unitgames.com.ar\/pc-gamer\/?post_type=product&#038;p=17454"},"modified":"2026-04-25T13:37:27","modified_gmt":"2026-04-25T16:37:27","slug":"motherboard-gigabyte-b550m-k","status":"publish","type":"product","link":"https:\/\/unitgames.com.ar\/pc-gamer\/producto\/motherboard-gigabyte-b550m-k\/","title":{"rendered":"Motherboard GIGABYTE B550M-K AM4"},"content":{"rendered":"<ul class=\"display-table\">\n<li class=\"display-table-row black\">\n<div class=\"display-table-cell item\">\n<div class=\"specText\">\n<p data-start=\"149\" data-end=\"411\">Una placa base en formato <strong data-start=\"175\" data-end=\"188\">Micro-ATX<\/strong> pensada para ofrecer buen rendimiento con CPUs AMD Ryzen (serie 3000, 4000G, 5000) combinando caracter\u00edsticas modernas como soporte PCIe 4.0, m\u00faltiples ranuras M.2, conectividad completa y buenas opciones de refrigeraci\u00f3n.<\/p>\n<hr data-start=\"413\" data-end=\"416\" \/>\n<p data-start=\"418\" data-end=\"450\"><strong data-start=\"421\" data-end=\"450\">Especificaciones T\u00e9cnicas<\/strong><\/p>\n<ul data-start=\"452\" data-end=\"529\">\n<li data-start=\"452\" data-end=\"467\">\n<p data-start=\"454\" data-end=\"467\">Socket: AM4<\/p>\n<\/li>\n<li data-start=\"468\" data-end=\"489\">\n<p data-start=\"470\" data-end=\"489\">Chipset: AMD B550<\/p>\n<\/li>\n<li data-start=\"490\" data-end=\"529\">\n<p data-start=\"492\" data-end=\"529\">Formato: Micro-ATX (24.4 \u00d7 24.4 cm)<\/p>\n<\/li>\n<\/ul>\n<p data-start=\"531\" data-end=\"542\"><strong data-start=\"531\" data-end=\"542\">Memoria<\/strong><\/p>\n<ul data-start=\"544\" data-end=\"733\">\n<li data-start=\"544\" data-end=\"567\">\n<p data-start=\"546\" data-end=\"567\">4 ranuras DIMM DDR4<\/p>\n<\/li>\n<li data-start=\"568\" data-end=\"615\">\n<p data-start=\"570\" data-end=\"615\">Capacidad m\u00e1xima: 128 GB (32 GB por m\u00f3dulo)<\/p>\n<\/li>\n<li data-start=\"616\" data-end=\"694\">\n<p data-start=\"618\" data-end=\"694\">Velocidades soportadas OC: hasta \u2248 4733 MHz (dependiendo del CPU y m\u00f3dulo)<\/p>\n<\/li>\n<li data-start=\"695\" data-end=\"733\">\n<p data-start=\"697\" data-end=\"733\">Soporta ECC (Unbuffered) y non-ECC<\/p>\n<\/li>\n<\/ul>\n<p data-start=\"735\" data-end=\"753\"><strong data-start=\"735\" data-end=\"753\">Almacenamiento<\/strong><\/p>\n<ul data-start=\"755\" data-end=\"867\">\n<li data-start=\"755\" data-end=\"835\">\n<p data-start=\"757\" data-end=\"835\">2 \u00d7 ranuras M.2 tipo 2280 (una con interfaz directa al CPU; otra al chipset)<\/p>\n<\/li>\n<li data-start=\"836\" data-end=\"867\">\n<p data-start=\"838\" data-end=\"867\">4 \u00d7 puertos SATA III 6 Gb\/s<\/p>\n<\/li>\n<\/ul>\n<p data-start=\"869\" data-end=\"892\"><strong data-start=\"869\" data-end=\"892\">Gr\u00e1ficos integrados<\/strong><\/p>\n<ul data-start=\"894\" data-end=\"1023\">\n<li data-start=\"894\" data-end=\"925\">\n<p data-start=\"896\" data-end=\"925\">Salidas: DisplayPort + HDMI<\/p>\n<\/li>\n<li data-start=\"926\" data-end=\"1023\">\n<p data-start=\"928\" data-end=\"1023\">Resoluci\u00f3n soportada: hasta 4K @ 60Hz o mayor en DisplayPort si el CPU lleva iGPU incorporado<\/p>\n<\/li>\n<\/ul>\n<p data-start=\"1025\" data-end=\"1038\"><strong data-start=\"1025\" data-end=\"1038\">Expansi\u00f3n<\/strong><\/p>\n<ul data-start=\"1040\" data-end=\"1095\">\n<li data-start=\"1040\" data-end=\"1075\">\n<p data-start=\"1042\" data-end=\"1075\">1 \u00d7 PCIe 4.0 x16 (slot gr\u00e1fico)<\/p>\n<\/li>\n<li data-start=\"1076\" data-end=\"1095\">\n<p data-start=\"1078\" data-end=\"1095\">1 \u00d7 PCIe 3.0 x1<\/p>\n<\/li>\n<\/ul>\n<p data-start=\"1097\" data-end=\"1112\"><strong data-start=\"1097\" data-end=\"1112\">Audio y LAN<\/strong><\/p>\n<ul data-start=\"1114\" data-end=\"1236\">\n<li data-start=\"1114\" data-end=\"1209\">\n<p data-start=\"1116\" data-end=\"1209\">Audio Premium con condensadores de alta calidad + protecci\u00f3n de ruido (\u201cAudio Noise Guard\u201d)<\/p>\n<\/li>\n<li data-start=\"1210\" data-end=\"1236\">\n<p data-start=\"1212\" data-end=\"1236\">LAN Realtek GbE 1 Gbps<\/p>\n<\/li>\n<\/ul>\n<p data-start=\"1238\" data-end=\"1278\"><strong data-start=\"1238\" data-end=\"1278\">Enfriamiento y conectividad auxiliar<\/strong><\/p>\n<ul data-start=\"1280\" data-end=\"1505\">\n<li data-start=\"1280\" data-end=\"1427\">\n<p data-start=\"1282\" data-end=\"1427\">Smart Fan 5: m\u00faltiples sensores de temperatura, pines hibridos para ventis, funci\u00f3n FAN STOP para que ventiladores se apaguen si no se necesita<\/p>\n<\/li>\n<li data-start=\"1428\" data-end=\"1505\">\n<p data-start=\"1430\" data-end=\"1505\">Varios headers de ventilador disponibles (CPU + al menos uno para chasis)<\/p>\n<\/li>\n<\/ul>\n<p data-start=\"1507\" data-end=\"1539\"><strong data-start=\"1507\" data-end=\"1539\">Conectores del panel trasero<\/strong><\/p>\n<ul data-start=\"1541\" data-end=\"1653\">\n<li data-start=\"1541\" data-end=\"1556\">\n<p data-start=\"1543\" data-end=\"1556\">DisplayPort<\/p>\n<\/li>\n<li data-start=\"1557\" data-end=\"1565\">\n<p data-start=\"1559\" data-end=\"1565\">HDMI<\/p>\n<\/li>\n<li data-start=\"1566\" data-end=\"1598\">\n<p data-start=\"1568\" data-end=\"1598\">Varios puertos USB 3.2 Gen 1<\/p>\n<\/li>\n<li data-start=\"1599\" data-end=\"1610\">\n<p data-start=\"1601\" data-end=\"1610\">USB 2.0<\/p>\n<\/li>\n<li data-start=\"1611\" data-end=\"1624\">\n<p data-start=\"1613\" data-end=\"1624\">RJ-45 LAN<\/p>\n<\/li>\n<li data-start=\"1625\" data-end=\"1653\">\n<p data-start=\"1627\" data-end=\"1653\">Salidas de audio 3-jacks<\/p>\n<\/li>\n<\/ul>\n<hr data-start=\"1655\" data-end=\"1658\" \/>\n<p data-start=\"1660\" data-end=\"1692\"><strong data-start=\"1662\" data-end=\"1692\">Caracter\u00edsticas destacadas<\/strong><\/p>\n<ul data-start=\"1694\" data-end=\"2153\">\n<li data-start=\"1694\" data-end=\"1806\">\n<p data-start=\"1696\" data-end=\"1806\">Excelente opci\u00f3n para quienes quieran armar una PC AMD con Ryzen moderno sin ir a placas excesivamente caras<\/p>\n<\/li>\n<li data-start=\"1807\" data-end=\"1896\">\n<p data-start=\"1809\" data-end=\"1896\">Compatible con CPUs Ryzen actuales (5000, 3000) y sus versiones con gr\u00e1fica integrada<\/p>\n<\/li>\n<li data-start=\"1897\" data-end=\"1998\">\n<p data-start=\"1899\" data-end=\"1998\">Buenas opciones de expansi\u00f3n: 2 M.2 NVMe, soporte para discos SATA, capacidad de RAM alta (128GB)<\/p>\n<\/li>\n<li data-start=\"1999\" data-end=\"2100\">\n<p data-start=\"2001\" data-end=\"2100\">Control de ventiladores y elementos t\u00e9rmicos bastante completo con Smart Fan 5 y funci\u00f3n FAN STOP<\/p>\n<\/li>\n<li data-start=\"2101\" data-end=\"2153\">\n<p data-start=\"2103\" data-end=\"2153\">Audio mejorado con dise\u00f1o de protecci\u00f3n de ruido<\/p>\n<\/li>\n<\/ul>\n<\/div>\n<\/div>\n<\/li>\n<\/ul>\n","protected":false},"excerpt":{"rendered":"<p>Una placa base en formato Micro-ATX pensada para ofrecer buen rendimiento con CPUs AMD Ryzen (serie 3000, 4000G, 5000) combinando caracter\u00edsticas modernas como soporte PCIe 4.0, m\u00faltiples ranuras M.2, conectividad completa y buenas opciones de refrigeraci\u00f3n. Especificaciones T\u00e9cnicas Socket: AM4 Chipset: AMD B550 Formato: Micro-ATX (24.4 \u00d7 24.4 cm) Memoria 4 ranuras DIMM DDR4 Capacidad m\u00e1xima: 128 GB (32 GB por m\u00f3dulo) Velocidades soportadas OC: hasta \u2248 4733 MHz (dependiendo del CPU y m\u00f3dulo) Soporta ECC (Unbuffered) y non-ECC Almacenamiento 2 \u00d7 ranuras M.2 tipo 2280 (una con interfaz directa al CPU; otra al chipset) 4 \u00d7 puertos SATA III 6 Gb\/s Gr\u00e1ficos integrados Salidas: DisplayPort + HDMI Resoluci\u00f3n soportada: hasta 4K @ 60Hz o mayor en DisplayPort si el CPU lleva iGPU incorporado Expansi\u00f3n 1 \u00d7 PCIe 4.0 x16 (slot gr\u00e1fico) 1 \u00d7 PCIe 3.0 x1 Audio y LAN Audio Premium con condensadores de alta calidad + protecci\u00f3n de ruido (\u201cAudio Noise Guard\u201d) LAN Realtek GbE 1 Gbps Enfriamiento y conectividad auxiliar Smart Fan 5: m\u00faltiples sensores de temperatura, pines hibridos para ventis, funci\u00f3n FAN STOP para que ventiladores se apaguen si no se necesita Varios headers de ventilador disponibles (CPU + al menos uno para chasis) Conectores del panel trasero DisplayPort HDMI Varios puertos USB 3.2 Gen 1 USB 2.0 RJ-45 LAN Salidas de audio 3-jacks Caracter\u00edsticas destacadas Excelente opci\u00f3n para quienes quieran armar una PC AMD con Ryzen moderno sin ir a placas excesivamente caras Compatible con CPUs Ryzen actuales (5000, 3000) y sus versiones con gr\u00e1fica integrada Buenas opciones de expansi\u00f3n: 2 M.2 NVMe, soporte para discos SATA, capacidad de RAM alta (128GB) Control de ventiladores y elementos t\u00e9rmicos bastante completo con Smart Fan 5 y funci\u00f3n FAN STOP Audio mejorado con dise\u00f1o de protecci\u00f3n de ruido<\/p>\n","protected":false},"featured_media":17818,"template":"","meta":{"site-sidebar-layout":"default","site-content-layout":"","ast-site-content-layout":"default","site-content-style":"default","site-sidebar-style":"default","ast-global-header-display":"","ast-banner-title-visibility":"","ast-main-header-display":"","ast-hfb-above-header-display":"","ast-hfb-below-header-display":"","ast-hfb-mobile-header-display":"","site-post-title":"","ast-breadcrumbs-content":"","ast-featured-img":"","footer-sml-layout":"","theme-transparent-header-meta":"default","adv-header-id-meta":"","stick-header-meta":"","header-above-stick-meta":"","header-main-stick-meta":"","header-below-stick-meta":"","astra-migrate-meta-layouts":"set","ast-page-background-enabled":"default","ast-page-background-meta":{"desktop":{"background-color":"var(--ast-global-color-5)","background-image":"","background-repeat":"repeat","background-position":"center center","background-size":"auto","background-attachment":"scroll","background-type":"","background-media":"","overlay-type":"","overlay-color":"","overlay-opacity":"","overlay-gradient":""},"tablet":{"background-color":"","background-image":"","background-repeat":"repeat","background-position":"center center","background-size":"auto","background-attachment":"scroll","background-type":"","background-media":"","overlay-type":"","overlay-color":"","overlay-opacity":"","overlay-gradient":""},"mobile":{"background-color":"","background-image":"","background-repeat":"repeat","background-position":"center center","background-size":"auto","background-attachment":"scroll","background-type":"","background-media":"","overlay-type":"","overlay-color":"","overlay-opacity":"","overlay-gradient":""}},"ast-content-background-meta":{"desktop":{"background-color":"var(--ast-global-color-4)","background-image":"","background-repeat":"repeat","background-position":"center center","background-size":"auto","background-attachment":"scroll","background-type":"","background-media":"","overlay-type":"","overlay-color":"","overlay-opacity":"","overlay-gradient":""},"tablet":{"background-color":"var(--ast-global-color-4)","background-image":"","background-repeat":"repeat","background-position":"center center","background-size":"auto","background-attachment":"scroll","background-type":"","background-media":"","overlay-type":"","overlay-color":"","overlay-opacity":"","overlay-gradient":""},"mobile":{"background-color":"var(--ast-global-color-4)","background-image":"","background-repeat":"repeat","background-position":"center center","background-size":"auto","background-attachment":"scroll","background-type":"","background-media":"","overlay-type":"","overlay-color":"","overlay-opacity":"","overlay-gradient":""}},"_joinchat":[]},"product_brand":[],"product_cat":[71],"product_tag":[],"class_list":{"0":"post-17454","1":"product","2":"type-product","3":"status-publish","4":"has-post-thumbnail","6":"product_cat-motherboard","7":"desktop-align-center","8":"tablet-align-left","9":"mobile-align-left","11":"first","12":"instock","13":"shipping-taxable","14":"purchasable","15":"product-type-simple"},"yoast_head":"<!-- This site is optimized with the Yoast SEO plugin v27.5 - https:\/\/yoast.com\/product\/yoast-seo-wordpress\/ -->\n<title>Motherboard GIGABYTE B550M-K AM4 - UnitGames<\/title>\n<meta name=\"robots\" content=\"index, follow, max-snippet:-1, max-image-preview:large, max-video-preview:-1\" \/>\n<link rel=\"canonical\" href=\"https:\/\/unitgames.com.ar\/pc-gamer\/producto\/motherboard-gigabyte-b550m-k\/\" \/>\n<meta property=\"og:locale\" content=\"es_ES\" \/>\n<meta property=\"og:type\" content=\"article\" \/>\n<meta property=\"og:title\" content=\"Motherboard GIGABYTE B550M-K AM4 - UnitGames\" \/>\n<meta property=\"og:description\" content=\"Una placa base en formato Micro-ATX pensada para ofrecer buen rendimiento con CPUs AMD Ryzen (serie 3000, 4000G, 5000) combinando caracter\u00edsticas modernas como soporte PCIe 4.0, m\u00faltiples ranuras M.2, conectividad completa y buenas opciones de refrigeraci\u00f3n. Especificaciones T\u00e9cnicas Socket: AM4 Chipset: AMD B550 Formato: Micro-ATX (24.4 \u00d7 24.4 cm) Memoria 4 ranuras DIMM DDR4 Capacidad m\u00e1xima: 128 GB (32 GB por m\u00f3dulo) Velocidades soportadas OC: hasta \u2248 4733 MHz (dependiendo del CPU y m\u00f3dulo) Soporta ECC (Unbuffered) y non-ECC Almacenamiento 2 \u00d7 ranuras M.2 tipo 2280 (una con interfaz directa al CPU; otra al chipset) 4 \u00d7 puertos SATA III 6 Gb\/s Gr\u00e1ficos integrados Salidas: DisplayPort + HDMI Resoluci\u00f3n soportada: hasta 4K @ 60Hz o mayor en DisplayPort si el CPU lleva iGPU incorporado Expansi\u00f3n 1 \u00d7 PCIe 4.0 x16 (slot gr\u00e1fico) 1 \u00d7 PCIe 3.0 x1 Audio y LAN Audio Premium con condensadores de alta calidad + protecci\u00f3n de ruido (\u201cAudio Noise Guard\u201d) LAN Realtek GbE 1 Gbps Enfriamiento y conectividad auxiliar Smart Fan 5: m\u00faltiples sensores de temperatura, pines hibridos para ventis, funci\u00f3n FAN STOP para que ventiladores se apaguen si no se necesita Varios headers de ventilador disponibles (CPU + al menos uno para chasis) Conectores del panel trasero DisplayPort HDMI Varios puertos USB 3.2 Gen 1 USB 2.0 RJ-45 LAN Salidas de audio 3-jacks Caracter\u00edsticas destacadas Excelente opci\u00f3n para quienes quieran armar una PC AMD con Ryzen moderno sin ir a placas excesivamente caras Compatible con CPUs Ryzen actuales (5000, 3000) y sus versiones con gr\u00e1fica integrada Buenas opciones de expansi\u00f3n: 2 M.2 NVMe, soporte para discos SATA, capacidad de RAM alta (128GB) Control de ventiladores y elementos t\u00e9rmicos bastante completo con Smart Fan 5 y funci\u00f3n FAN STOP Audio mejorado con dise\u00f1o de protecci\u00f3n de ruido\" \/>\n<meta property=\"og:url\" content=\"https:\/\/unitgames.com.ar\/pc-gamer\/producto\/motherboard-gigabyte-b550m-k\/\" \/>\n<meta property=\"og:site_name\" content=\"UnitGames\" \/>\n<meta property=\"article:modified_time\" content=\"2026-04-25T16:37:27+00:00\" \/>\n<meta property=\"og:image\" content=\"https:\/\/unitgames.com.ar\/pc-gamer\/wp-content\/uploads\/2025\/09\/Motherboard-GIGABYTE-B550M-K.png\" \/>\n\t<meta property=\"og:image:width\" content=\"1283\" \/>\n\t<meta property=\"og:image:height\" content=\"1283\" \/>\n\t<meta property=\"og:image:type\" content=\"image\/png\" \/>\n<meta name=\"twitter:card\" content=\"summary_large_image\" \/>\n<meta name=\"twitter:label1\" content=\"Tiempo de lectura\" \/>\n\t<meta name=\"twitter:data1\" content=\"2 minutos\" \/>\n<script type=\"application\/ld+json\" class=\"yoast-schema-graph\">{\"@context\":\"https:\\\/\\\/schema.org\",\"@graph\":[{\"@type\":\"WebPage\",\"@id\":\"https:\\\/\\\/unitgames.com.ar\\\/pc-gamer\\\/producto\\\/motherboard-gigabyte-b550m-k\\\/\",\"url\":\"https:\\\/\\\/unitgames.com.ar\\\/pc-gamer\\\/producto\\\/motherboard-gigabyte-b550m-k\\\/\",\"name\":\"Motherboard GIGABYTE B550M-K AM4 - UnitGames\",\"isPartOf\":{\"@id\":\"https:\\\/\\\/unitgames.com.ar\\\/pc-gamer\\\/#website\"},\"primaryImageOfPage\":{\"@id\":\"https:\\\/\\\/unitgames.com.ar\\\/pc-gamer\\\/producto\\\/motherboard-gigabyte-b550m-k\\\/#primaryimage\"},\"image\":{\"@id\":\"https:\\\/\\\/unitgames.com.ar\\\/pc-gamer\\\/producto\\\/motherboard-gigabyte-b550m-k\\\/#primaryimage\"},\"thumbnailUrl\":\"https:\\\/\\\/unitgames.com.ar\\\/pc-gamer\\\/wp-content\\\/uploads\\\/2025\\\/09\\\/Motherboard-GIGABYTE-B550M-K.png\",\"datePublished\":\"2025-09-23T10:57:46+00:00\",\"dateModified\":\"2026-04-25T16:37:27+00:00\",\"breadcrumb\":{\"@id\":\"https:\\\/\\\/unitgames.com.ar\\\/pc-gamer\\\/producto\\\/motherboard-gigabyte-b550m-k\\\/#breadcrumb\"},\"inLanguage\":\"es\",\"potentialAction\":[{\"@type\":\"ReadAction\",\"target\":[\"https:\\\/\\\/unitgames.com.ar\\\/pc-gamer\\\/producto\\\/motherboard-gigabyte-b550m-k\\\/\"]}]},{\"@type\":\"ImageObject\",\"inLanguage\":\"es\",\"@id\":\"https:\\\/\\\/unitgames.com.ar\\\/pc-gamer\\\/producto\\\/motherboard-gigabyte-b550m-k\\\/#primaryimage\",\"url\":\"https:\\\/\\\/unitgames.com.ar\\\/pc-gamer\\\/wp-content\\\/uploads\\\/2025\\\/09\\\/Motherboard-GIGABYTE-B550M-K.png\",\"contentUrl\":\"https:\\\/\\\/unitgames.com.ar\\\/pc-gamer\\\/wp-content\\\/uploads\\\/2025\\\/09\\\/Motherboard-GIGABYTE-B550M-K.png\",\"width\":1283,\"height\":1283},{\"@type\":\"BreadcrumbList\",\"@id\":\"https:\\\/\\\/unitgames.com.ar\\\/pc-gamer\\\/producto\\\/motherboard-gigabyte-b550m-k\\\/#breadcrumb\",\"itemListElement\":[{\"@type\":\"ListItem\",\"position\":1,\"name\":\"Tienda\",\"item\":\"https:\\\/\\\/unitgames.com.ar\\\/pc-gamer\\\/tienda\\\/\"},{\"@type\":\"ListItem\",\"position\":2,\"name\":\"Motherboard GIGABYTE B550M-K AM4\"}]},{\"@type\":\"WebSite\",\"@id\":\"https:\\\/\\\/unitgames.com.ar\\\/pc-gamer\\\/#website\",\"url\":\"https:\\\/\\\/unitgames.com.ar\\\/pc-gamer\\\/\",\"name\":\"UnitGames\",\"description\":\"Venta de PC Gamers, Consolas , Servicio Tecnico Especializado. Todos en Accesorios Informaticos y Gamers\",\"publisher\":{\"@id\":\"https:\\\/\\\/unitgames.com.ar\\\/pc-gamer\\\/#organization\"},\"potentialAction\":[{\"@type\":\"SearchAction\",\"target\":{\"@type\":\"EntryPoint\",\"urlTemplate\":\"https:\\\/\\\/unitgames.com.ar\\\/pc-gamer\\\/?s={search_term_string}\"},\"query-input\":{\"@type\":\"PropertyValueSpecification\",\"valueRequired\":true,\"valueName\":\"search_term_string\"}}],\"inLanguage\":\"es\"},{\"@type\":\"Organization\",\"@id\":\"https:\\\/\\\/unitgames.com.ar\\\/pc-gamer\\\/#organization\",\"name\":\"UnitGames\",\"url\":\"https:\\\/\\\/unitgames.com.ar\\\/pc-gamer\\\/\",\"logo\":{\"@type\":\"ImageObject\",\"inLanguage\":\"es\",\"@id\":\"https:\\\/\\\/unitgames.com.ar\\\/pc-gamer\\\/#\\\/schema\\\/logo\\\/image\\\/\",\"url\":\"https:\\\/\\\/unitgames.com.ar\\\/pc-gamer\\\/wp-content\\\/uploads\\\/2021\\\/01\\\/cropped-logoUnitGames2.png\",\"contentUrl\":\"https:\\\/\\\/unitgames.com.ar\\\/pc-gamer\\\/wp-content\\\/uploads\\\/2021\\\/01\\\/cropped-logoUnitGames2.png\",\"width\":152,\"height\":200,\"caption\":\"UnitGames\"},\"image\":{\"@id\":\"https:\\\/\\\/unitgames.com.ar\\\/pc-gamer\\\/#\\\/schema\\\/logo\\\/image\\\/\"}}]}<\/script>\n<!-- \/ Yoast SEO plugin. -->","yoast_head_json":{"title":"Motherboard GIGABYTE B550M-K AM4 - UnitGames","robots":{"index":"index","follow":"follow","max-snippet":"max-snippet:-1","max-image-preview":"max-image-preview:large","max-video-preview":"max-video-preview:-1"},"canonical":"https:\/\/unitgames.com.ar\/pc-gamer\/producto\/motherboard-gigabyte-b550m-k\/","og_locale":"es_ES","og_type":"article","og_title":"Motherboard GIGABYTE B550M-K AM4 - UnitGames","og_description":"Una placa base en formato Micro-ATX pensada para ofrecer buen rendimiento con CPUs AMD Ryzen (serie 3000, 4000G, 5000) combinando caracter\u00edsticas modernas como soporte PCIe 4.0, m\u00faltiples ranuras M.2, conectividad completa y buenas opciones de refrigeraci\u00f3n. Especificaciones T\u00e9cnicas Socket: AM4 Chipset: AMD B550 Formato: Micro-ATX (24.4 \u00d7 24.4 cm) Memoria 4 ranuras DIMM DDR4 Capacidad m\u00e1xima: 128 GB (32 GB por m\u00f3dulo) Velocidades soportadas OC: hasta \u2248 4733 MHz (dependiendo del CPU y m\u00f3dulo) Soporta ECC (Unbuffered) y non-ECC Almacenamiento 2 \u00d7 ranuras M.2 tipo 2280 (una con interfaz directa al CPU; otra al chipset) 4 \u00d7 puertos SATA III 6 Gb\/s Gr\u00e1ficos integrados Salidas: DisplayPort + HDMI Resoluci\u00f3n soportada: hasta 4K @ 60Hz o mayor en DisplayPort si el CPU lleva iGPU incorporado Expansi\u00f3n 1 \u00d7 PCIe 4.0 x16 (slot gr\u00e1fico) 1 \u00d7 PCIe 3.0 x1 Audio y LAN Audio Premium con condensadores de alta calidad + protecci\u00f3n de ruido (\u201cAudio Noise Guard\u201d) LAN Realtek GbE 1 Gbps Enfriamiento y conectividad auxiliar Smart Fan 5: m\u00faltiples sensores de temperatura, pines hibridos para ventis, funci\u00f3n FAN STOP para que ventiladores se apaguen si no se necesita Varios headers de ventilador disponibles (CPU + al menos uno para chasis) Conectores del panel trasero DisplayPort HDMI Varios puertos USB 3.2 Gen 1 USB 2.0 RJ-45 LAN Salidas de audio 3-jacks Caracter\u00edsticas destacadas Excelente opci\u00f3n para quienes quieran armar una PC AMD con Ryzen moderno sin ir a placas excesivamente caras Compatible con CPUs Ryzen actuales (5000, 3000) y sus versiones con gr\u00e1fica integrada Buenas opciones de expansi\u00f3n: 2 M.2 NVMe, soporte para discos SATA, capacidad de RAM alta (128GB) Control de ventiladores y elementos t\u00e9rmicos bastante completo con Smart Fan 5 y funci\u00f3n FAN STOP Audio mejorado con dise\u00f1o de protecci\u00f3n de ruido","og_url":"https:\/\/unitgames.com.ar\/pc-gamer\/producto\/motherboard-gigabyte-b550m-k\/","og_site_name":"UnitGames","article_modified_time":"2026-04-25T16:37:27+00:00","og_image":[{"width":1283,"height":1283,"url":"https:\/\/unitgames.com.ar\/pc-gamer\/wp-content\/uploads\/2025\/09\/Motherboard-GIGABYTE-B550M-K.png","type":"image\/png"}],"twitter_card":"summary_large_image","twitter_misc":{"Tiempo de lectura":"2 minutos"},"schema":{"@context":"https:\/\/schema.org","@graph":[{"@type":"WebPage","@id":"https:\/\/unitgames.com.ar\/pc-gamer\/producto\/motherboard-gigabyte-b550m-k\/","url":"https:\/\/unitgames.com.ar\/pc-gamer\/producto\/motherboard-gigabyte-b550m-k\/","name":"Motherboard GIGABYTE B550M-K AM4 - UnitGames","isPartOf":{"@id":"https:\/\/unitgames.com.ar\/pc-gamer\/#website"},"primaryImageOfPage":{"@id":"https:\/\/unitgames.com.ar\/pc-gamer\/producto\/motherboard-gigabyte-b550m-k\/#primaryimage"},"image":{"@id":"https:\/\/unitgames.com.ar\/pc-gamer\/producto\/motherboard-gigabyte-b550m-k\/#primaryimage"},"thumbnailUrl":"https:\/\/unitgames.com.ar\/pc-gamer\/wp-content\/uploads\/2025\/09\/Motherboard-GIGABYTE-B550M-K.png","datePublished":"2025-09-23T10:57:46+00:00","dateModified":"2026-04-25T16:37:27+00:00","breadcrumb":{"@id":"https:\/\/unitgames.com.ar\/pc-gamer\/producto\/motherboard-gigabyte-b550m-k\/#breadcrumb"},"inLanguage":"es","potentialAction":[{"@type":"ReadAction","target":["https:\/\/unitgames.com.ar\/pc-gamer\/producto\/motherboard-gigabyte-b550m-k\/"]}]},{"@type":"ImageObject","inLanguage":"es","@id":"https:\/\/unitgames.com.ar\/pc-gamer\/producto\/motherboard-gigabyte-b550m-k\/#primaryimage","url":"https:\/\/unitgames.com.ar\/pc-gamer\/wp-content\/uploads\/2025\/09\/Motherboard-GIGABYTE-B550M-K.png","contentUrl":"https:\/\/unitgames.com.ar\/pc-gamer\/wp-content\/uploads\/2025\/09\/Motherboard-GIGABYTE-B550M-K.png","width":1283,"height":1283},{"@type":"BreadcrumbList","@id":"https:\/\/unitgames.com.ar\/pc-gamer\/producto\/motherboard-gigabyte-b550m-k\/#breadcrumb","itemListElement":[{"@type":"ListItem","position":1,"name":"Tienda","item":"https:\/\/unitgames.com.ar\/pc-gamer\/tienda\/"},{"@type":"ListItem","position":2,"name":"Motherboard GIGABYTE B550M-K AM4"}]},{"@type":"WebSite","@id":"https:\/\/unitgames.com.ar\/pc-gamer\/#website","url":"https:\/\/unitgames.com.ar\/pc-gamer\/","name":"UnitGames","description":"Venta de PC Gamers, Consolas , Servicio Tecnico Especializado. Todos en Accesorios Informaticos y Gamers","publisher":{"@id":"https:\/\/unitgames.com.ar\/pc-gamer\/#organization"},"potentialAction":[{"@type":"SearchAction","target":{"@type":"EntryPoint","urlTemplate":"https:\/\/unitgames.com.ar\/pc-gamer\/?s={search_term_string}"},"query-input":{"@type":"PropertyValueSpecification","valueRequired":true,"valueName":"search_term_string"}}],"inLanguage":"es"},{"@type":"Organization","@id":"https:\/\/unitgames.com.ar\/pc-gamer\/#organization","name":"UnitGames","url":"https:\/\/unitgames.com.ar\/pc-gamer\/","logo":{"@type":"ImageObject","inLanguage":"es","@id":"https:\/\/unitgames.com.ar\/pc-gamer\/#\/schema\/logo\/image\/","url":"https:\/\/unitgames.com.ar\/pc-gamer\/wp-content\/uploads\/2021\/01\/cropped-logoUnitGames2.png","contentUrl":"https:\/\/unitgames.com.ar\/pc-gamer\/wp-content\/uploads\/2021\/01\/cropped-logoUnitGames2.png","width":152,"height":200,"caption":"UnitGames"},"image":{"@id":"https:\/\/unitgames.com.ar\/pc-gamer\/#\/schema\/logo\/image\/"}}]}},"_links":{"self":[{"href":"https:\/\/unitgames.com.ar\/pc-gamer\/wp-json\/wp\/v2\/product\/17454","targetHints":{"allow":["GET"]}}],"collection":[{"href":"https:\/\/unitgames.com.ar\/pc-gamer\/wp-json\/wp\/v2\/product"}],"about":[{"href":"https:\/\/unitgames.com.ar\/pc-gamer\/wp-json\/wp\/v2\/types\/product"}],"version-history":[{"count":0,"href":"https:\/\/unitgames.com.ar\/pc-gamer\/wp-json\/wp\/v2\/product\/17454\/revisions"}],"wp:featuredmedia":[{"embeddable":true,"href":"https:\/\/unitgames.com.ar\/pc-gamer\/wp-json\/wp\/v2\/media\/17818"}],"wp:attachment":[{"href":"https:\/\/unitgames.com.ar\/pc-gamer\/wp-json\/wp\/v2\/media?parent=17454"}],"wp:term":[{"taxonomy":"product_brand","embeddable":true,"href":"https:\/\/unitgames.com.ar\/pc-gamer\/wp-json\/wp\/v2\/product_brand?post=17454"},{"taxonomy":"product_cat","embeddable":true,"href":"https:\/\/unitgames.com.ar\/pc-gamer\/wp-json\/wp\/v2\/product_cat?post=17454"},{"taxonomy":"product_tag","embeddable":true,"href":"https:\/\/unitgames.com.ar\/pc-gamer\/wp-json\/wp\/v2\/product_tag?post=17454"}],"curies":[{"name":"wp","href":"https:\/\/api.w.org\/{rel}","templated":true}]}}