{"id":17500,"date":"2025-09-24T12:42:47","date_gmt":"2025-09-24T15:42:47","guid":{"rendered":"https:\/\/unitgames.com.ar\/pc-gamer\/?post_type=product&#038;p=17500"},"modified":"2026-01-09T07:13:11","modified_gmt":"2026-01-09T10:13:11","slug":"auriculares-bluetooth-qcy-crossky-c10","status":"publish","type":"product","link":"https:\/\/unitgames.com.ar\/pc-gamer\/producto\/auriculares-bluetooth-qcy-crossky-c10\/","title":{"rendered":"Auriculares Bluetooth QCY Crossky C10"},"content":{"rendered":"<p data-start=\"195\" data-end=\"401\">Unos auriculares tipo <em data-start=\"217\" data-end=\"227\">open-ear<\/em> (clip-on) que permiten escuchar tu m\u00fasica sin bloquear completamente el o\u00eddo, ideal para quienes necesitan estar alerta al entorno, con buena autonom\u00eda y funciones modernas.<\/p>\n<hr data-start=\"403\" data-end=\"406\" \/>\n<p data-start=\"408\" data-end=\"440\"><strong data-start=\"411\" data-end=\"440\">Especificaciones T\u00e9cnicas<\/strong><\/p>\n<ul data-start=\"442\" data-end=\"1144\">\n<li data-start=\"442\" data-end=\"501\">\n<p data-start=\"444\" data-end=\"501\">Tipo: Open-ear (clip-on) \/ True Wireless \/ inal\u00e1mbricos<\/p>\n<\/li>\n<li data-start=\"502\" data-end=\"533\">\n<p data-start=\"504\" data-end=\"533\">Conectividad: Bluetooth 5.4<\/p>\n<\/li>\n<li data-start=\"534\" data-end=\"565\">\n<p data-start=\"536\" data-end=\"565\">Drivers: din\u00e1micos (~17 mm)<\/p>\n<\/li>\n<li data-start=\"566\" data-end=\"590\">\n<p data-start=\"568\" data-end=\"590\">Impedancia: ~32 ohms<\/p>\n<\/li>\n<li data-start=\"591\" data-end=\"624\">\n<p data-start=\"593\" data-end=\"624\">Frecuencia: 20 Hz \u2013 20.000 Hz<\/p>\n<\/li>\n<li data-start=\"625\" data-end=\"650\">\n<p data-start=\"627\" data-end=\"650\">Sensibilidad: ~102 dB<\/p>\n<\/li>\n<li data-start=\"651\" data-end=\"746\">\n<p data-start=\"653\" data-end=\"746\">Micr\u00f3fono: incorporado en cada auricular \/ micr\u00f3fono con reducci\u00f3n de ruido ambiental (ENC)<\/p>\n<\/li>\n<li data-start=\"747\" data-end=\"860\">\n<p data-start=\"749\" data-end=\"860\">Autonom\u00eda:<br data-start=\"759\" data-end=\"762\" \/>\u2002 \u2022 Hasta ~5 horas en los auriculares por carga<br data-start=\"809\" data-end=\"812\" \/>\u2002 \u2022 Hasta ~30 horas usando el estuche de carga<\/p>\n<\/li>\n<li data-start=\"861\" data-end=\"887\">\n<p data-start=\"863\" data-end=\"887\">Puerto de carga: USB-C<\/p>\n<\/li>\n<li data-start=\"888\" data-end=\"928\">\n<p data-start=\"890\" data-end=\"928\">Alcance inal\u00e1mbrico: hasta 10 metros<\/p>\n<\/li>\n<li data-start=\"929\" data-end=\"989\">\n<p data-start=\"931\" data-end=\"989\">Resistencia al agua \/ sudor: IPX4 o IPX5 (seg\u00fan versi\u00f3n)<\/p>\n<\/li>\n<li data-start=\"990\" data-end=\"1044\">\n<p data-start=\"992\" data-end=\"1044\">Perfiles de Bluetooth soportados: A2DP, HFP, AVRCP<\/p>\n<\/li>\n<li data-start=\"1045\" data-end=\"1144\">\n<p data-start=\"1047\" data-end=\"1144\">Comandos t\u00e1ctiles \/ controles integrados para m\u00fasica, llamadas y activaci\u00f3n de asistente de voz<\/p>\n<\/li>\n<\/ul>\n<hr data-start=\"1146\" data-end=\"1149\" \/>\n<p data-start=\"1151\" data-end=\"1183\"><strong data-start=\"1153\" data-end=\"1183\">Caracter\u00edsticas destacadas<\/strong><\/p>\n<ul data-start=\"1185\" data-end=\"1572\">\n<li data-start=\"1185\" data-end=\"1278\">\n<p data-start=\"1187\" data-end=\"1278\">Dise\u00f1o abierto que no aislanta completamente los o\u00eddos, para mayor conciencia del entorno<\/p>\n<\/li>\n<li data-start=\"1279\" data-end=\"1340\">\n<p data-start=\"1281\" data-end=\"1340\">Buen balance de sonido para uso diario, m\u00fasica y llamadas<\/p>\n<\/li>\n<li data-start=\"1341\" data-end=\"1402\">\n<p data-start=\"1343\" data-end=\"1402\">Estuche de carga que extiende bastante la autonom\u00eda total<\/p>\n<\/li>\n<li data-start=\"1403\" data-end=\"1447\">\n<p data-start=\"1405\" data-end=\"1447\">Conectividad Bluetooth moderna y estable<\/p>\n<\/li>\n<li data-start=\"1448\" data-end=\"1486\">\n<p data-start=\"1450\" data-end=\"1486\">Controles t\u00e1ctiles f\u00e1ciles de usar<\/p>\n<\/li>\n<li data-start=\"1487\" data-end=\"1572\">\n<p data-start=\"1489\" data-end=\"1572\">Protecci\u00f3n contra salpicaduras, ideal para uso al aire libre o al hacer ejercicio<\/p>\n<\/li>\n<\/ul>\n","protected":false},"excerpt":{"rendered":"<p>Unos auriculares tipo open-ear (clip-on) que permiten escuchar tu m\u00fasica sin bloquear completamente el o\u00eddo, ideal para quienes necesitan estar alerta al entorno, con buena autonom\u00eda y funciones modernas. Especificaciones T\u00e9cnicas Tipo: Open-ear (clip-on) \/ True Wireless \/ inal\u00e1mbricos Conectividad: Bluetooth 5.4 Drivers: din\u00e1micos (~17 mm) Impedancia: ~32 ohms Frecuencia: 20 Hz \u2013 20.000 Hz Sensibilidad: ~102 dB Micr\u00f3fono: incorporado en cada auricular \/ micr\u00f3fono con reducci\u00f3n de ruido ambiental (ENC) Autonom\u00eda:\u2002 \u2022 Hasta ~5 horas en los auriculares por carga\u2002 \u2022 Hasta ~30 horas usando el estuche de carga Puerto de carga: USB-C Alcance inal\u00e1mbrico: hasta 10 metros Resistencia al agua \/ sudor: IPX4 o IPX5 (seg\u00fan versi\u00f3n) Perfiles de Bluetooth soportados: A2DP, HFP, AVRCP Comandos t\u00e1ctiles \/ controles integrados para m\u00fasica, llamadas y activaci\u00f3n de asistente de voz Caracter\u00edsticas destacadas Dise\u00f1o abierto que no aislanta completamente los o\u00eddos, para mayor conciencia del entorno Buen balance de sonido para uso diario, m\u00fasica y llamadas Estuche de carga que extiende bastante la autonom\u00eda total Conectividad Bluetooth moderna y estable Controles t\u00e1ctiles f\u00e1ciles de usar Protecci\u00f3n contra salpicaduras, ideal para uso al aire libre o al hacer ejercicio<\/p>\n","protected":false},"featured_media":17512,"template":"","meta":{"site-sidebar-layout":"default","site-content-layout":"","ast-site-content-layout":"default","site-content-style":"default","site-sidebar-style":"default","ast-global-header-display":"","ast-banner-title-visibility":"","ast-main-header-display":"","ast-hfb-above-header-display":"","ast-hfb-below-header-display":"","ast-hfb-mobile-header-display":"","site-post-title":"","ast-breadcrumbs-content":"","ast-featured-img":"","footer-sml-layout":"","theme-transparent-header-meta":"default","adv-header-id-meta":"","stick-header-meta":"","header-above-stick-meta":"","header-main-stick-meta":"","header-below-stick-meta":"","astra-migrate-meta-layouts":"set","ast-page-background-enabled":"default","ast-page-background-meta":{"desktop":{"background-color":"var(--ast-global-color-5)","background-image":"","background-repeat":"repeat","background-position":"center center","background-size":"auto","background-attachment":"scroll","background-type":"","background-media":"","overlay-type":"","overlay-color":"","overlay-opacity":"","overlay-gradient":""},"tablet":{"background-color":"","background-image":"","background-repeat":"repeat","background-position":"center center","background-size":"auto","background-attachment":"scroll","background-type":"","background-media":"","overlay-type":"","overlay-color":"","overlay-opacity":"","overlay-gradient":""},"mobile":{"background-color":"","background-image":"","background-repeat":"repeat","background-position":"center center","background-size":"auto","background-attachment":"scroll","background-type":"","background-media":"","overlay-type":"","overlay-color":"","overlay-opacity":"","overlay-gradient":""}},"ast-content-background-meta":{"desktop":{"background-color":"var(--ast-global-color-4)","background-image":"","background-repeat":"repeat","background-position":"center center","background-size":"auto","background-attachment":"scroll","background-type":"","background-media":"","overlay-type":"","overlay-color":"","overlay-opacity":"","overlay-gradient":""},"tablet":{"background-color":"var(--ast-global-color-4)","background-image":"","background-repeat":"repeat","background-position":"center center","background-size":"auto","background-attachment":"scroll","background-type":"","background-media":"","overlay-type":"","overlay-color":"","overlay-opacity":"","overlay-gradient":""},"mobile":{"background-color":"var(--ast-global-color-4)","background-image":"","background-repeat":"repeat","background-position":"center center","background-size":"auto","background-attachment":"scroll","background-type":"","background-media":"","overlay-type":"","overlay-color":"","overlay-opacity":"","overlay-gradient":""}},"_joinchat":[]},"product_brand":[],"product_cat":[60],"product_tag":[],"class_list":{"0":"post-17500","1":"product","2":"type-product","3":"status-publish","4":"has-post-thumbnail","6":"product_cat-auriculares-bluetooth","7":"desktop-align-center","8":"tablet-align-left","9":"mobile-align-left","11":"first","12":"instock","13":"shipping-taxable","14":"purchasable","15":"product-type-simple"},"yoast_head":"<!-- This site is optimized with the Yoast SEO plugin v27.3 - https:\/\/yoast.com\/product\/yoast-seo-wordpress\/ -->\n<title>Auriculares Bluetooth QCY Crossky C10 - UnitGames<\/title>\n<meta name=\"robots\" content=\"index, follow, max-snippet:-1, max-image-preview:large, max-video-preview:-1\" \/>\n<link rel=\"canonical\" href=\"https:\/\/unitgames.com.ar\/pc-gamer\/producto\/auriculares-bluetooth-qcy-crossky-c10\/\" \/>\n<meta property=\"og:locale\" content=\"es_ES\" \/>\n<meta property=\"og:type\" content=\"article\" \/>\n<meta property=\"og:title\" content=\"Auriculares Bluetooth QCY Crossky C10 - UnitGames\" \/>\n<meta property=\"og:description\" content=\"Unos auriculares tipo open-ear (clip-on) que permiten escuchar tu m\u00fasica sin bloquear completamente el o\u00eddo, ideal para quienes necesitan estar alerta al entorno, con buena autonom\u00eda y funciones modernas. Especificaciones T\u00e9cnicas Tipo: Open-ear (clip-on) \/ True Wireless \/ inal\u00e1mbricos Conectividad: Bluetooth 5.4 Drivers: din\u00e1micos (~17 mm) Impedancia: ~32 ohms Frecuencia: 20 Hz \u2013 20.000 Hz Sensibilidad: ~102 dB Micr\u00f3fono: incorporado en cada auricular \/ micr\u00f3fono con reducci\u00f3n de ruido ambiental (ENC) Autonom\u00eda:\u2002 \u2022 Hasta ~5 horas en los auriculares por carga\u2002 \u2022 Hasta ~30 horas usando el estuche de carga Puerto de carga: USB-C Alcance inal\u00e1mbrico: hasta 10 metros Resistencia al agua \/ sudor: IPX4 o IPX5 (seg\u00fan versi\u00f3n) Perfiles de Bluetooth soportados: A2DP, HFP, AVRCP Comandos t\u00e1ctiles \/ controles integrados para m\u00fasica, llamadas y activaci\u00f3n de asistente de voz Caracter\u00edsticas destacadas Dise\u00f1o abierto que no aislanta completamente los o\u00eddos, para mayor conciencia del entorno Buen balance de sonido para uso diario, m\u00fasica y llamadas Estuche de carga que extiende bastante la autonom\u00eda total Conectividad Bluetooth moderna y estable Controles t\u00e1ctiles f\u00e1ciles de usar Protecci\u00f3n contra salpicaduras, ideal para uso al aire libre o al hacer ejercicio\" \/>\n<meta property=\"og:url\" content=\"https:\/\/unitgames.com.ar\/pc-gamer\/producto\/auriculares-bluetooth-qcy-crossky-c10\/\" \/>\n<meta property=\"og:site_name\" content=\"UnitGames\" \/>\n<meta property=\"article:modified_time\" content=\"2026-01-09T10:13:11+00:00\" \/>\n<meta property=\"og:image\" content=\"https:\/\/unitgames.com.ar\/pc-gamer\/wp-content\/uploads\/2025\/09\/Auriculares-Bluetooth-QCY-Crossky-C10.png\" \/>\n\t<meta property=\"og:image:width\" content=\"1283\" \/>\n\t<meta property=\"og:image:height\" content=\"1283\" \/>\n\t<meta property=\"og:image:type\" content=\"image\/png\" \/>\n<meta name=\"twitter:card\" content=\"summary_large_image\" \/>\n<meta name=\"twitter:label1\" content=\"Tiempo de lectura\" \/>\n\t<meta name=\"twitter:data1\" content=\"2 minutos\" \/>\n<script type=\"application\/ld+json\" class=\"yoast-schema-graph\">{\"@context\":\"https:\\\/\\\/schema.org\",\"@graph\":[{\"@type\":\"WebPage\",\"@id\":\"https:\\\/\\\/unitgames.com.ar\\\/pc-gamer\\\/producto\\\/auriculares-bluetooth-qcy-crossky-c10\\\/\",\"url\":\"https:\\\/\\\/unitgames.com.ar\\\/pc-gamer\\\/producto\\\/auriculares-bluetooth-qcy-crossky-c10\\\/\",\"name\":\"Auriculares Bluetooth QCY Crossky C10 - UnitGames\",\"isPartOf\":{\"@id\":\"https:\\\/\\\/unitgames.com.ar\\\/pc-gamer\\\/#website\"},\"primaryImageOfPage\":{\"@id\":\"https:\\\/\\\/unitgames.com.ar\\\/pc-gamer\\\/producto\\\/auriculares-bluetooth-qcy-crossky-c10\\\/#primaryimage\"},\"image\":{\"@id\":\"https:\\\/\\\/unitgames.com.ar\\\/pc-gamer\\\/producto\\\/auriculares-bluetooth-qcy-crossky-c10\\\/#primaryimage\"},\"thumbnailUrl\":\"https:\\\/\\\/unitgames.com.ar\\\/pc-gamer\\\/wp-content\\\/uploads\\\/2025\\\/09\\\/Auriculares-Bluetooth-QCY-Crossky-C10.png\",\"datePublished\":\"2025-09-24T15:42:47+00:00\",\"dateModified\":\"2026-01-09T10:13:11+00:00\",\"breadcrumb\":{\"@id\":\"https:\\\/\\\/unitgames.com.ar\\\/pc-gamer\\\/producto\\\/auriculares-bluetooth-qcy-crossky-c10\\\/#breadcrumb\"},\"inLanguage\":\"es\",\"potentialAction\":[{\"@type\":\"ReadAction\",\"target\":[\"https:\\\/\\\/unitgames.com.ar\\\/pc-gamer\\\/producto\\\/auriculares-bluetooth-qcy-crossky-c10\\\/\"]}]},{\"@type\":\"ImageObject\",\"inLanguage\":\"es\",\"@id\":\"https:\\\/\\\/unitgames.com.ar\\\/pc-gamer\\\/producto\\\/auriculares-bluetooth-qcy-crossky-c10\\\/#primaryimage\",\"url\":\"https:\\\/\\\/unitgames.com.ar\\\/pc-gamer\\\/wp-content\\\/uploads\\\/2025\\\/09\\\/Auriculares-Bluetooth-QCY-Crossky-C10.png\",\"contentUrl\":\"https:\\\/\\\/unitgames.com.ar\\\/pc-gamer\\\/wp-content\\\/uploads\\\/2025\\\/09\\\/Auriculares-Bluetooth-QCY-Crossky-C10.png\",\"width\":1283,\"height\":1283},{\"@type\":\"BreadcrumbList\",\"@id\":\"https:\\\/\\\/unitgames.com.ar\\\/pc-gamer\\\/producto\\\/auriculares-bluetooth-qcy-crossky-c10\\\/#breadcrumb\",\"itemListElement\":[{\"@type\":\"ListItem\",\"position\":1,\"name\":\"Tienda\",\"item\":\"https:\\\/\\\/unitgames.com.ar\\\/pc-gamer\\\/tienda\\\/\"},{\"@type\":\"ListItem\",\"position\":2,\"name\":\"Auriculares Bluetooth QCY Crossky C10\"}]},{\"@type\":\"WebSite\",\"@id\":\"https:\\\/\\\/unitgames.com.ar\\\/pc-gamer\\\/#website\",\"url\":\"https:\\\/\\\/unitgames.com.ar\\\/pc-gamer\\\/\",\"name\":\"UnitGames\",\"description\":\"Venta de PC Gamers, Consolas , Servicio Tecnico Especializado. Todos en Accesorios Informaticos y Gamers\",\"publisher\":{\"@id\":\"https:\\\/\\\/unitgames.com.ar\\\/pc-gamer\\\/#organization\"},\"potentialAction\":[{\"@type\":\"SearchAction\",\"target\":{\"@type\":\"EntryPoint\",\"urlTemplate\":\"https:\\\/\\\/unitgames.com.ar\\\/pc-gamer\\\/?s={search_term_string}\"},\"query-input\":{\"@type\":\"PropertyValueSpecification\",\"valueRequired\":true,\"valueName\":\"search_term_string\"}}],\"inLanguage\":\"es\"},{\"@type\":\"Organization\",\"@id\":\"https:\\\/\\\/unitgames.com.ar\\\/pc-gamer\\\/#organization\",\"name\":\"UnitGames\",\"url\":\"https:\\\/\\\/unitgames.com.ar\\\/pc-gamer\\\/\",\"logo\":{\"@type\":\"ImageObject\",\"inLanguage\":\"es\",\"@id\":\"https:\\\/\\\/unitgames.com.ar\\\/pc-gamer\\\/#\\\/schema\\\/logo\\\/image\\\/\",\"url\":\"https:\\\/\\\/unitgames.com.ar\\\/pc-gamer\\\/wp-content\\\/uploads\\\/2021\\\/01\\\/cropped-logoUnitGames2.png\",\"contentUrl\":\"https:\\\/\\\/unitgames.com.ar\\\/pc-gamer\\\/wp-content\\\/uploads\\\/2021\\\/01\\\/cropped-logoUnitGames2.png\",\"width\":152,\"height\":200,\"caption\":\"UnitGames\"},\"image\":{\"@id\":\"https:\\\/\\\/unitgames.com.ar\\\/pc-gamer\\\/#\\\/schema\\\/logo\\\/image\\\/\"}}]}<\/script>\n<!-- \/ Yoast SEO plugin. -->","yoast_head_json":{"title":"Auriculares Bluetooth QCY Crossky C10 - UnitGames","robots":{"index":"index","follow":"follow","max-snippet":"max-snippet:-1","max-image-preview":"max-image-preview:large","max-video-preview":"max-video-preview:-1"},"canonical":"https:\/\/unitgames.com.ar\/pc-gamer\/producto\/auriculares-bluetooth-qcy-crossky-c10\/","og_locale":"es_ES","og_type":"article","og_title":"Auriculares Bluetooth QCY Crossky C10 - UnitGames","og_description":"Unos auriculares tipo open-ear (clip-on) que permiten escuchar tu m\u00fasica sin bloquear completamente el o\u00eddo, ideal para quienes necesitan estar alerta al entorno, con buena autonom\u00eda y funciones modernas. Especificaciones T\u00e9cnicas Tipo: Open-ear (clip-on) \/ True Wireless \/ inal\u00e1mbricos Conectividad: Bluetooth 5.4 Drivers: din\u00e1micos (~17 mm) Impedancia: ~32 ohms Frecuencia: 20 Hz \u2013 20.000 Hz Sensibilidad: ~102 dB Micr\u00f3fono: incorporado en cada auricular \/ micr\u00f3fono con reducci\u00f3n de ruido ambiental (ENC) Autonom\u00eda:\u2002 \u2022 Hasta ~5 horas en los auriculares por carga\u2002 \u2022 Hasta ~30 horas usando el estuche de carga Puerto de carga: USB-C Alcance inal\u00e1mbrico: hasta 10 metros Resistencia al agua \/ sudor: IPX4 o IPX5 (seg\u00fan versi\u00f3n) Perfiles de Bluetooth soportados: A2DP, HFP, AVRCP Comandos t\u00e1ctiles \/ controles integrados para m\u00fasica, llamadas y activaci\u00f3n de asistente de voz Caracter\u00edsticas destacadas Dise\u00f1o abierto que no aislanta completamente los o\u00eddos, para mayor conciencia del entorno Buen balance de sonido para uso diario, m\u00fasica y llamadas Estuche de carga que extiende bastante la autonom\u00eda total Conectividad Bluetooth moderna y estable Controles t\u00e1ctiles f\u00e1ciles de usar Protecci\u00f3n contra salpicaduras, ideal para uso al aire libre o al hacer ejercicio","og_url":"https:\/\/unitgames.com.ar\/pc-gamer\/producto\/auriculares-bluetooth-qcy-crossky-c10\/","og_site_name":"UnitGames","article_modified_time":"2026-01-09T10:13:11+00:00","og_image":[{"width":1283,"height":1283,"url":"https:\/\/unitgames.com.ar\/pc-gamer\/wp-content\/uploads\/2025\/09\/Auriculares-Bluetooth-QCY-Crossky-C10.png","type":"image\/png"}],"twitter_card":"summary_large_image","twitter_misc":{"Tiempo de lectura":"2 minutos"},"schema":{"@context":"https:\/\/schema.org","@graph":[{"@type":"WebPage","@id":"https:\/\/unitgames.com.ar\/pc-gamer\/producto\/auriculares-bluetooth-qcy-crossky-c10\/","url":"https:\/\/unitgames.com.ar\/pc-gamer\/producto\/auriculares-bluetooth-qcy-crossky-c10\/","name":"Auriculares Bluetooth QCY Crossky C10 - UnitGames","isPartOf":{"@id":"https:\/\/unitgames.com.ar\/pc-gamer\/#website"},"primaryImageOfPage":{"@id":"https:\/\/unitgames.com.ar\/pc-gamer\/producto\/auriculares-bluetooth-qcy-crossky-c10\/#primaryimage"},"image":{"@id":"https:\/\/unitgames.com.ar\/pc-gamer\/producto\/auriculares-bluetooth-qcy-crossky-c10\/#primaryimage"},"thumbnailUrl":"https:\/\/unitgames.com.ar\/pc-gamer\/wp-content\/uploads\/2025\/09\/Auriculares-Bluetooth-QCY-Crossky-C10.png","datePublished":"2025-09-24T15:42:47+00:00","dateModified":"2026-01-09T10:13:11+00:00","breadcrumb":{"@id":"https:\/\/unitgames.com.ar\/pc-gamer\/producto\/auriculares-bluetooth-qcy-crossky-c10\/#breadcrumb"},"inLanguage":"es","potentialAction":[{"@type":"ReadAction","target":["https:\/\/unitgames.com.ar\/pc-gamer\/producto\/auriculares-bluetooth-qcy-crossky-c10\/"]}]},{"@type":"ImageObject","inLanguage":"es","@id":"https:\/\/unitgames.com.ar\/pc-gamer\/producto\/auriculares-bluetooth-qcy-crossky-c10\/#primaryimage","url":"https:\/\/unitgames.com.ar\/pc-gamer\/wp-content\/uploads\/2025\/09\/Auriculares-Bluetooth-QCY-Crossky-C10.png","contentUrl":"https:\/\/unitgames.com.ar\/pc-gamer\/wp-content\/uploads\/2025\/09\/Auriculares-Bluetooth-QCY-Crossky-C10.png","width":1283,"height":1283},{"@type":"BreadcrumbList","@id":"https:\/\/unitgames.com.ar\/pc-gamer\/producto\/auriculares-bluetooth-qcy-crossky-c10\/#breadcrumb","itemListElement":[{"@type":"ListItem","position":1,"name":"Tienda","item":"https:\/\/unitgames.com.ar\/pc-gamer\/tienda\/"},{"@type":"ListItem","position":2,"name":"Auriculares Bluetooth QCY Crossky C10"}]},{"@type":"WebSite","@id":"https:\/\/unitgames.com.ar\/pc-gamer\/#website","url":"https:\/\/unitgames.com.ar\/pc-gamer\/","name":"UnitGames","description":"Venta de PC Gamers, Consolas , Servicio Tecnico Especializado. Todos en Accesorios Informaticos y Gamers","publisher":{"@id":"https:\/\/unitgames.com.ar\/pc-gamer\/#organization"},"potentialAction":[{"@type":"SearchAction","target":{"@type":"EntryPoint","urlTemplate":"https:\/\/unitgames.com.ar\/pc-gamer\/?s={search_term_string}"},"query-input":{"@type":"PropertyValueSpecification","valueRequired":true,"valueName":"search_term_string"}}],"inLanguage":"es"},{"@type":"Organization","@id":"https:\/\/unitgames.com.ar\/pc-gamer\/#organization","name":"UnitGames","url":"https:\/\/unitgames.com.ar\/pc-gamer\/","logo":{"@type":"ImageObject","inLanguage":"es","@id":"https:\/\/unitgames.com.ar\/pc-gamer\/#\/schema\/logo\/image\/","url":"https:\/\/unitgames.com.ar\/pc-gamer\/wp-content\/uploads\/2021\/01\/cropped-logoUnitGames2.png","contentUrl":"https:\/\/unitgames.com.ar\/pc-gamer\/wp-content\/uploads\/2021\/01\/cropped-logoUnitGames2.png","width":152,"height":200,"caption":"UnitGames"},"image":{"@id":"https:\/\/unitgames.com.ar\/pc-gamer\/#\/schema\/logo\/image\/"}}]}},"_links":{"self":[{"href":"https:\/\/unitgames.com.ar\/pc-gamer\/wp-json\/wp\/v2\/product\/17500","targetHints":{"allow":["GET"]}}],"collection":[{"href":"https:\/\/unitgames.com.ar\/pc-gamer\/wp-json\/wp\/v2\/product"}],"about":[{"href":"https:\/\/unitgames.com.ar\/pc-gamer\/wp-json\/wp\/v2\/types\/product"}],"version-history":[{"count":0,"href":"https:\/\/unitgames.com.ar\/pc-gamer\/wp-json\/wp\/v2\/product\/17500\/revisions"}],"wp:featuredmedia":[{"embeddable":true,"href":"https:\/\/unitgames.com.ar\/pc-gamer\/wp-json\/wp\/v2\/media\/17512"}],"wp:attachment":[{"href":"https:\/\/unitgames.com.ar\/pc-gamer\/wp-json\/wp\/v2\/media?parent=17500"}],"wp:term":[{"taxonomy":"product_brand","embeddable":true,"href":"https:\/\/unitgames.com.ar\/pc-gamer\/wp-json\/wp\/v2\/product_brand?post=17500"},{"taxonomy":"product_cat","embeddable":true,"href":"https:\/\/unitgames.com.ar\/pc-gamer\/wp-json\/wp\/v2\/product_cat?post=17500"},{"taxonomy":"product_tag","embeddable":true,"href":"https:\/\/unitgames.com.ar\/pc-gamer\/wp-json\/wp\/v2\/product_tag?post=17500"}],"curies":[{"name":"wp","href":"https:\/\/api.w.org\/{rel}","templated":true}]}}