{"id":17502,"date":"2025-09-24T12:45:19","date_gmt":"2025-09-24T15:45:19","guid":{"rendered":"https:\/\/unitgames.com.ar\/pc-gamer\/?post_type=product&#038;p=17502"},"modified":"2026-01-09T07:13:11","modified_gmt":"2026-01-09T10:13:11","slug":"auriculares-bluetooth-qcy-melobuds-n50","status":"publish","type":"product","link":"https:\/\/unitgames.com.ar\/pc-gamer\/producto\/auriculares-bluetooth-qcy-melobuds-n50\/","title":{"rendered":"Auriculares Bluetooth QCY MeloBuds N50"},"content":{"rendered":"<p data-start=\"137\" data-end=\"282\">Son earbuds inal\u00e1mbricos con cancelaci\u00f3n activa de ruido (ANC), conectividad moderna y funciones interesantes para m\u00fasica, llamadas y uso diario.<\/p>\n<hr data-start=\"284\" data-end=\"287\" \/>\n<p data-start=\"289\" data-end=\"321\"><strong data-start=\"292\" data-end=\"321\">Especificaciones T\u00e9cnicas<\/strong><\/p>\n<ul data-start=\"323\" data-end=\"1077\">\n<li data-start=\"323\" data-end=\"354\">\n<p data-start=\"325\" data-end=\"354\">Conectividad: Bluetooth 5.4<\/p>\n<\/li>\n<li data-start=\"355\" data-end=\"383\">\n<p data-start=\"357\" data-end=\"383\">Drivers: 12 mm din\u00e1micos<\/p>\n<\/li>\n<li data-start=\"384\" data-end=\"522\">\n<p data-start=\"386\" data-end=\"522\">Autonom\u00eda:<br data-start=\"396\" data-end=\"399\" \/>\u2003\u2022 Hasta 6 horas con ANC desactivado<br data-start=\"435\" data-end=\"438\" \/>\u2003\u2022 Hasta 4 horas con ANC activado<br data-start=\"471\" data-end=\"474\" \/>\u2003\u2022 Total combinado con estuche: hasta 28 horas<\/p>\n<\/li>\n<li data-start=\"523\" data-end=\"580\">\n<p data-start=\"525\" data-end=\"580\">Bater\u00eda:<br data-start=\"533\" data-end=\"536\" \/>\u2003\u2022 Estuche: 380 mAh<br data-start=\"555\" data-end=\"558\" \/>\u2003\u2022 Auricular: 35 mAh<\/p>\n<\/li>\n<li data-start=\"581\" data-end=\"632\">\n<p data-start=\"583\" data-end=\"632\">Cancelaci\u00f3n de ruido (ANC h\u00edbrido): hasta 45 dB<\/p>\n<\/li>\n<li data-start=\"633\" data-end=\"706\">\n<p data-start=\"635\" data-end=\"706\">Modo Transparencia (para escuchar el ambiente sin quitar los earbuds)<\/p>\n<\/li>\n<li data-start=\"707\" data-end=\"770\">\n<p data-start=\"709\" data-end=\"770\">Micr\u00f3fonos: 6 micr\u00f3fonos con cancelaci\u00f3n de ruido ambiental<\/p>\n<\/li>\n<li data-start=\"771\" data-end=\"824\">\n<p data-start=\"773\" data-end=\"824\">Latencia baja (modo especial para video \/ juegos)<\/p>\n<\/li>\n<li data-start=\"825\" data-end=\"882\">\n<p data-start=\"827\" data-end=\"882\">Resistencia al agua: IPX4 (resistente a salpicaduras)<\/p>\n<\/li>\n<li data-start=\"883\" data-end=\"923\">\n<p data-start=\"885\" data-end=\"923\">Emparejamiento m\u00faltiple (multipoint)<\/p>\n<\/li>\n<li data-start=\"924\" data-end=\"957\">\n<p data-start=\"926\" data-end=\"957\">Control t\u00e1ctil en los earbuds<\/p>\n<\/li>\n<li data-start=\"958\" data-end=\"984\">\n<p data-start=\"960\" data-end=\"984\">Puerto de carga: USB-C<\/p>\n<\/li>\n<li data-start=\"985\" data-end=\"1036\">\n<p data-start=\"987\" data-end=\"1036\">Perfiles Bluetooth soportados: HFP, A2DP, AVRCP<\/p>\n<\/li>\n<li data-start=\"1037\" data-end=\"1077\">\n<p data-start=\"1039\" data-end=\"1077\">Alcance inal\u00e1mbrico: hasta 10 metros<\/p>\n<\/li>\n<\/ul>\n<hr data-start=\"1079\" data-end=\"1082\" \/>\n<p data-start=\"1084\" data-end=\"1116\"><strong data-start=\"1086\" data-end=\"1116\">Caracter\u00edsticas destacadas<\/strong><\/p>\n<ul data-start=\"1118\" data-end=\"1457\">\n<li data-start=\"1118\" data-end=\"1191\">\n<p data-start=\"1120\" data-end=\"1191\">Cancelaci\u00f3n activa de ruido (ANC) h\u00edbrida que ajusta seg\u00fan el entorno<\/p>\n<\/li>\n<li data-start=\"1192\" data-end=\"1236\">\n<p data-start=\"1194\" data-end=\"1236\">Muy buena autonom\u00eda total con el estuche<\/p>\n<\/li>\n<li data-start=\"1237\" data-end=\"1288\">\n<p data-start=\"1239\" data-end=\"1288\">Modo Transparencia para estar alerta al entorno<\/p>\n<\/li>\n<li data-start=\"1289\" data-end=\"1367\">\n<p data-start=\"1291\" data-end=\"1367\">Conectividad moderna con Bluetooth 5.4 y emparejamiento doble (multipoint)<\/p>\n<\/li>\n<li data-start=\"1368\" data-end=\"1428\">\n<p data-start=\"1370\" data-end=\"1428\">Dise\u00f1o c\u00f3modo, ligero y resistente a salpicaduras (IPX4)<\/p>\n<\/li>\n<li data-start=\"1429\" data-end=\"1457\">\n<p data-start=\"1431\" data-end=\"1457\">Control t\u00e1ctil intuitivo<\/p>\n<\/li>\n<\/ul>\n","protected":false},"excerpt":{"rendered":"<p>Son earbuds inal\u00e1mbricos con cancelaci\u00f3n activa de ruido (ANC), conectividad moderna y funciones interesantes para m\u00fasica, llamadas y uso diario. Especificaciones T\u00e9cnicas Conectividad: Bluetooth 5.4 Drivers: 12 mm din\u00e1micos Autonom\u00eda:\u2003\u2022 Hasta 6 horas con ANC desactivado\u2003\u2022 Hasta 4 horas con ANC activado\u2003\u2022 Total combinado con estuche: hasta 28 horas Bater\u00eda:\u2003\u2022 Estuche: 380 mAh\u2003\u2022 Auricular: 35 mAh Cancelaci\u00f3n de ruido (ANC h\u00edbrido): hasta 45 dB Modo Transparencia (para escuchar el ambiente sin quitar los earbuds) Micr\u00f3fonos: 6 micr\u00f3fonos con cancelaci\u00f3n de ruido ambiental Latencia baja (modo especial para video \/ juegos) Resistencia al agua: IPX4 (resistente a salpicaduras) Emparejamiento m\u00faltiple (multipoint) Control t\u00e1ctil en los earbuds Puerto de carga: USB-C Perfiles Bluetooth soportados: HFP, A2DP, AVRCP Alcance inal\u00e1mbrico: hasta 10 metros Caracter\u00edsticas destacadas Cancelaci\u00f3n activa de ruido (ANC) h\u00edbrida que ajusta seg\u00fan el entorno Muy buena autonom\u00eda total con el estuche Modo Transparencia para estar alerta al entorno Conectividad moderna con Bluetooth 5.4 y emparejamiento doble (multipoint) Dise\u00f1o c\u00f3modo, ligero y resistente a salpicaduras (IPX4) Control t\u00e1ctil intuitivo<\/p>\n","protected":false},"featured_media":17506,"template":"","meta":{"site-sidebar-layout":"default","site-content-layout":"","ast-site-content-layout":"default","site-content-style":"default","site-sidebar-style":"default","ast-global-header-display":"","ast-banner-title-visibility":"","ast-main-header-display":"","ast-hfb-above-header-display":"","ast-hfb-below-header-display":"","ast-hfb-mobile-header-display":"","site-post-title":"","ast-breadcrumbs-content":"","ast-featured-img":"","footer-sml-layout":"","theme-transparent-header-meta":"default","adv-header-id-meta":"","stick-header-meta":"","header-above-stick-meta":"","header-main-stick-meta":"","header-below-stick-meta":"","astra-migrate-meta-layouts":"set","ast-page-background-enabled":"default","ast-page-background-meta":{"desktop":{"background-color":"var(--ast-global-color-5)","background-image":"","background-repeat":"repeat","background-position":"center center","background-size":"auto","background-attachment":"scroll","background-type":"","background-media":"","overlay-type":"","overlay-color":"","overlay-opacity":"","overlay-gradient":""},"tablet":{"background-color":"","background-image":"","background-repeat":"repeat","background-position":"center center","background-size":"auto","background-attachment":"scroll","background-type":"","background-media":"","overlay-type":"","overlay-color":"","overlay-opacity":"","overlay-gradient":""},"mobile":{"background-color":"","background-image":"","background-repeat":"repeat","background-position":"center center","background-size":"auto","background-attachment":"scroll","background-type":"","background-media":"","overlay-type":"","overlay-color":"","overlay-opacity":"","overlay-gradient":""}},"ast-content-background-meta":{"desktop":{"background-color":"var(--ast-global-color-4)","background-image":"","background-repeat":"repeat","background-position":"center center","background-size":"auto","background-attachment":"scroll","background-type":"","background-media":"","overlay-type":"","overlay-color":"","overlay-opacity":"","overlay-gradient":""},"tablet":{"background-color":"var(--ast-global-color-4)","background-image":"","background-repeat":"repeat","background-position":"center center","background-size":"auto","background-attachment":"scroll","background-type":"","background-media":"","overlay-type":"","overlay-color":"","overlay-opacity":"","overlay-gradient":""},"mobile":{"background-color":"var(--ast-global-color-4)","background-image":"","background-repeat":"repeat","background-position":"center center","background-size":"auto","background-attachment":"scroll","background-type":"","background-media":"","overlay-type":"","overlay-color":"","overlay-opacity":"","overlay-gradient":""}},"_joinchat":[]},"product_brand":[],"product_cat":[60],"product_tag":[],"class_list":{"0":"post-17502","1":"product","2":"type-product","3":"status-publish","4":"has-post-thumbnail","6":"product_cat-auriculares-bluetooth","7":"desktop-align-center","8":"tablet-align-left","9":"mobile-align-left","11":"first","12":"instock","13":"shipping-taxable","14":"purchasable","15":"product-type-simple"},"yoast_head":"<!-- This site is optimized with the Yoast SEO plugin v27.3 - https:\/\/yoast.com\/product\/yoast-seo-wordpress\/ -->\n<title>Auriculares Bluetooth QCY MeloBuds N50 - UnitGames<\/title>\n<meta name=\"robots\" content=\"index, follow, max-snippet:-1, max-image-preview:large, max-video-preview:-1\" \/>\n<link rel=\"canonical\" href=\"https:\/\/unitgames.com.ar\/pc-gamer\/producto\/auriculares-bluetooth-qcy-melobuds-n50\/\" \/>\n<meta property=\"og:locale\" content=\"es_ES\" \/>\n<meta property=\"og:type\" content=\"article\" \/>\n<meta property=\"og:title\" content=\"Auriculares Bluetooth QCY MeloBuds N50 - UnitGames\" \/>\n<meta property=\"og:description\" content=\"Son earbuds inal\u00e1mbricos con cancelaci\u00f3n activa de ruido (ANC), conectividad moderna y funciones interesantes para m\u00fasica, llamadas y uso diario. Especificaciones T\u00e9cnicas Conectividad: Bluetooth 5.4 Drivers: 12 mm din\u00e1micos Autonom\u00eda:\u2003\u2022 Hasta 6 horas con ANC desactivado\u2003\u2022 Hasta 4 horas con ANC activado\u2003\u2022 Total combinado con estuche: hasta 28 horas Bater\u00eda:\u2003\u2022 Estuche: 380 mAh\u2003\u2022 Auricular: 35 mAh Cancelaci\u00f3n de ruido (ANC h\u00edbrido): hasta 45 dB Modo Transparencia (para escuchar el ambiente sin quitar los earbuds) Micr\u00f3fonos: 6 micr\u00f3fonos con cancelaci\u00f3n de ruido ambiental Latencia baja (modo especial para video \/ juegos) Resistencia al agua: IPX4 (resistente a salpicaduras) Emparejamiento m\u00faltiple (multipoint) Control t\u00e1ctil en los earbuds Puerto de carga: USB-C Perfiles Bluetooth soportados: HFP, A2DP, AVRCP Alcance inal\u00e1mbrico: hasta 10 metros Caracter\u00edsticas destacadas Cancelaci\u00f3n activa de ruido (ANC) h\u00edbrida que ajusta seg\u00fan el entorno Muy buena autonom\u00eda total con el estuche Modo Transparencia para estar alerta al entorno Conectividad moderna con Bluetooth 5.4 y emparejamiento doble (multipoint) Dise\u00f1o c\u00f3modo, ligero y resistente a salpicaduras (IPX4) Control t\u00e1ctil intuitivo\" \/>\n<meta property=\"og:url\" content=\"https:\/\/unitgames.com.ar\/pc-gamer\/producto\/auriculares-bluetooth-qcy-melobuds-n50\/\" \/>\n<meta property=\"og:site_name\" content=\"UnitGames\" \/>\n<meta property=\"article:modified_time\" content=\"2026-01-09T10:13:11+00:00\" \/>\n<meta property=\"og:image\" content=\"https:\/\/unitgames.com.ar\/pc-gamer\/wp-content\/uploads\/2025\/09\/Auriculares-Bluetooth-QCY-MeloBuds-N50.png\" \/>\n\t<meta property=\"og:image:width\" content=\"1283\" \/>\n\t<meta property=\"og:image:height\" content=\"1284\" \/>\n\t<meta property=\"og:image:type\" content=\"image\/png\" \/>\n<meta name=\"twitter:card\" content=\"summary_large_image\" \/>\n<meta name=\"twitter:label1\" content=\"Tiempo de lectura\" \/>\n\t<meta name=\"twitter:data1\" content=\"1 minuto\" \/>\n<script type=\"application\/ld+json\" class=\"yoast-schema-graph\">{\"@context\":\"https:\\\/\\\/schema.org\",\"@graph\":[{\"@type\":\"WebPage\",\"@id\":\"https:\\\/\\\/unitgames.com.ar\\\/pc-gamer\\\/producto\\\/auriculares-bluetooth-qcy-melobuds-n50\\\/\",\"url\":\"https:\\\/\\\/unitgames.com.ar\\\/pc-gamer\\\/producto\\\/auriculares-bluetooth-qcy-melobuds-n50\\\/\",\"name\":\"Auriculares Bluetooth QCY MeloBuds N50 - UnitGames\",\"isPartOf\":{\"@id\":\"https:\\\/\\\/unitgames.com.ar\\\/pc-gamer\\\/#website\"},\"primaryImageOfPage\":{\"@id\":\"https:\\\/\\\/unitgames.com.ar\\\/pc-gamer\\\/producto\\\/auriculares-bluetooth-qcy-melobuds-n50\\\/#primaryimage\"},\"image\":{\"@id\":\"https:\\\/\\\/unitgames.com.ar\\\/pc-gamer\\\/producto\\\/auriculares-bluetooth-qcy-melobuds-n50\\\/#primaryimage\"},\"thumbnailUrl\":\"https:\\\/\\\/unitgames.com.ar\\\/pc-gamer\\\/wp-content\\\/uploads\\\/2025\\\/09\\\/Auriculares-Bluetooth-QCY-MeloBuds-N50.png\",\"datePublished\":\"2025-09-24T15:45:19+00:00\",\"dateModified\":\"2026-01-09T10:13:11+00:00\",\"breadcrumb\":{\"@id\":\"https:\\\/\\\/unitgames.com.ar\\\/pc-gamer\\\/producto\\\/auriculares-bluetooth-qcy-melobuds-n50\\\/#breadcrumb\"},\"inLanguage\":\"es\",\"potentialAction\":[{\"@type\":\"ReadAction\",\"target\":[\"https:\\\/\\\/unitgames.com.ar\\\/pc-gamer\\\/producto\\\/auriculares-bluetooth-qcy-melobuds-n50\\\/\"]}]},{\"@type\":\"ImageObject\",\"inLanguage\":\"es\",\"@id\":\"https:\\\/\\\/unitgames.com.ar\\\/pc-gamer\\\/producto\\\/auriculares-bluetooth-qcy-melobuds-n50\\\/#primaryimage\",\"url\":\"https:\\\/\\\/unitgames.com.ar\\\/pc-gamer\\\/wp-content\\\/uploads\\\/2025\\\/09\\\/Auriculares-Bluetooth-QCY-MeloBuds-N50.png\",\"contentUrl\":\"https:\\\/\\\/unitgames.com.ar\\\/pc-gamer\\\/wp-content\\\/uploads\\\/2025\\\/09\\\/Auriculares-Bluetooth-QCY-MeloBuds-N50.png\",\"width\":1283,\"height\":1284},{\"@type\":\"BreadcrumbList\",\"@id\":\"https:\\\/\\\/unitgames.com.ar\\\/pc-gamer\\\/producto\\\/auriculares-bluetooth-qcy-melobuds-n50\\\/#breadcrumb\",\"itemListElement\":[{\"@type\":\"ListItem\",\"position\":1,\"name\":\"Tienda\",\"item\":\"https:\\\/\\\/unitgames.com.ar\\\/pc-gamer\\\/tienda\\\/\"},{\"@type\":\"ListItem\",\"position\":2,\"name\":\"Auriculares Bluetooth QCY MeloBuds N50\"}]},{\"@type\":\"WebSite\",\"@id\":\"https:\\\/\\\/unitgames.com.ar\\\/pc-gamer\\\/#website\",\"url\":\"https:\\\/\\\/unitgames.com.ar\\\/pc-gamer\\\/\",\"name\":\"UnitGames\",\"description\":\"Venta de PC Gamers, Consolas , Servicio Tecnico Especializado. Todos en Accesorios Informaticos y Gamers\",\"publisher\":{\"@id\":\"https:\\\/\\\/unitgames.com.ar\\\/pc-gamer\\\/#organization\"},\"potentialAction\":[{\"@type\":\"SearchAction\",\"target\":{\"@type\":\"EntryPoint\",\"urlTemplate\":\"https:\\\/\\\/unitgames.com.ar\\\/pc-gamer\\\/?s={search_term_string}\"},\"query-input\":{\"@type\":\"PropertyValueSpecification\",\"valueRequired\":true,\"valueName\":\"search_term_string\"}}],\"inLanguage\":\"es\"},{\"@type\":\"Organization\",\"@id\":\"https:\\\/\\\/unitgames.com.ar\\\/pc-gamer\\\/#organization\",\"name\":\"UnitGames\",\"url\":\"https:\\\/\\\/unitgames.com.ar\\\/pc-gamer\\\/\",\"logo\":{\"@type\":\"ImageObject\",\"inLanguage\":\"es\",\"@id\":\"https:\\\/\\\/unitgames.com.ar\\\/pc-gamer\\\/#\\\/schema\\\/logo\\\/image\\\/\",\"url\":\"https:\\\/\\\/unitgames.com.ar\\\/pc-gamer\\\/wp-content\\\/uploads\\\/2021\\\/01\\\/cropped-logoUnitGames2.png\",\"contentUrl\":\"https:\\\/\\\/unitgames.com.ar\\\/pc-gamer\\\/wp-content\\\/uploads\\\/2021\\\/01\\\/cropped-logoUnitGames2.png\",\"width\":152,\"height\":200,\"caption\":\"UnitGames\"},\"image\":{\"@id\":\"https:\\\/\\\/unitgames.com.ar\\\/pc-gamer\\\/#\\\/schema\\\/logo\\\/image\\\/\"}}]}<\/script>\n<!-- \/ Yoast SEO plugin. -->","yoast_head_json":{"title":"Auriculares Bluetooth QCY MeloBuds N50 - UnitGames","robots":{"index":"index","follow":"follow","max-snippet":"max-snippet:-1","max-image-preview":"max-image-preview:large","max-video-preview":"max-video-preview:-1"},"canonical":"https:\/\/unitgames.com.ar\/pc-gamer\/producto\/auriculares-bluetooth-qcy-melobuds-n50\/","og_locale":"es_ES","og_type":"article","og_title":"Auriculares Bluetooth QCY MeloBuds N50 - UnitGames","og_description":"Son earbuds inal\u00e1mbricos con cancelaci\u00f3n activa de ruido (ANC), conectividad moderna y funciones interesantes para m\u00fasica, llamadas y uso diario. Especificaciones T\u00e9cnicas Conectividad: Bluetooth 5.4 Drivers: 12 mm din\u00e1micos Autonom\u00eda:\u2003\u2022 Hasta 6 horas con ANC desactivado\u2003\u2022 Hasta 4 horas con ANC activado\u2003\u2022 Total combinado con estuche: hasta 28 horas Bater\u00eda:\u2003\u2022 Estuche: 380 mAh\u2003\u2022 Auricular: 35 mAh Cancelaci\u00f3n de ruido (ANC h\u00edbrido): hasta 45 dB Modo Transparencia (para escuchar el ambiente sin quitar los earbuds) Micr\u00f3fonos: 6 micr\u00f3fonos con cancelaci\u00f3n de ruido ambiental Latencia baja (modo especial para video \/ juegos) Resistencia al agua: IPX4 (resistente a salpicaduras) Emparejamiento m\u00faltiple (multipoint) Control t\u00e1ctil en los earbuds Puerto de carga: USB-C Perfiles Bluetooth soportados: HFP, A2DP, AVRCP Alcance inal\u00e1mbrico: hasta 10 metros Caracter\u00edsticas destacadas Cancelaci\u00f3n activa de ruido (ANC) h\u00edbrida que ajusta seg\u00fan el entorno Muy buena autonom\u00eda total con el estuche Modo Transparencia para estar alerta al entorno Conectividad moderna con Bluetooth 5.4 y emparejamiento doble (multipoint) Dise\u00f1o c\u00f3modo, ligero y resistente a salpicaduras (IPX4) Control t\u00e1ctil intuitivo","og_url":"https:\/\/unitgames.com.ar\/pc-gamer\/producto\/auriculares-bluetooth-qcy-melobuds-n50\/","og_site_name":"UnitGames","article_modified_time":"2026-01-09T10:13:11+00:00","og_image":[{"width":1283,"height":1284,"url":"https:\/\/unitgames.com.ar\/pc-gamer\/wp-content\/uploads\/2025\/09\/Auriculares-Bluetooth-QCY-MeloBuds-N50.png","type":"image\/png"}],"twitter_card":"summary_large_image","twitter_misc":{"Tiempo de lectura":"1 minuto"},"schema":{"@context":"https:\/\/schema.org","@graph":[{"@type":"WebPage","@id":"https:\/\/unitgames.com.ar\/pc-gamer\/producto\/auriculares-bluetooth-qcy-melobuds-n50\/","url":"https:\/\/unitgames.com.ar\/pc-gamer\/producto\/auriculares-bluetooth-qcy-melobuds-n50\/","name":"Auriculares Bluetooth QCY MeloBuds N50 - UnitGames","isPartOf":{"@id":"https:\/\/unitgames.com.ar\/pc-gamer\/#website"},"primaryImageOfPage":{"@id":"https:\/\/unitgames.com.ar\/pc-gamer\/producto\/auriculares-bluetooth-qcy-melobuds-n50\/#primaryimage"},"image":{"@id":"https:\/\/unitgames.com.ar\/pc-gamer\/producto\/auriculares-bluetooth-qcy-melobuds-n50\/#primaryimage"},"thumbnailUrl":"https:\/\/unitgames.com.ar\/pc-gamer\/wp-content\/uploads\/2025\/09\/Auriculares-Bluetooth-QCY-MeloBuds-N50.png","datePublished":"2025-09-24T15:45:19+00:00","dateModified":"2026-01-09T10:13:11+00:00","breadcrumb":{"@id":"https:\/\/unitgames.com.ar\/pc-gamer\/producto\/auriculares-bluetooth-qcy-melobuds-n50\/#breadcrumb"},"inLanguage":"es","potentialAction":[{"@type":"ReadAction","target":["https:\/\/unitgames.com.ar\/pc-gamer\/producto\/auriculares-bluetooth-qcy-melobuds-n50\/"]}]},{"@type":"ImageObject","inLanguage":"es","@id":"https:\/\/unitgames.com.ar\/pc-gamer\/producto\/auriculares-bluetooth-qcy-melobuds-n50\/#primaryimage","url":"https:\/\/unitgames.com.ar\/pc-gamer\/wp-content\/uploads\/2025\/09\/Auriculares-Bluetooth-QCY-MeloBuds-N50.png","contentUrl":"https:\/\/unitgames.com.ar\/pc-gamer\/wp-content\/uploads\/2025\/09\/Auriculares-Bluetooth-QCY-MeloBuds-N50.png","width":1283,"height":1284},{"@type":"BreadcrumbList","@id":"https:\/\/unitgames.com.ar\/pc-gamer\/producto\/auriculares-bluetooth-qcy-melobuds-n50\/#breadcrumb","itemListElement":[{"@type":"ListItem","position":1,"name":"Tienda","item":"https:\/\/unitgames.com.ar\/pc-gamer\/tienda\/"},{"@type":"ListItem","position":2,"name":"Auriculares Bluetooth QCY MeloBuds N50"}]},{"@type":"WebSite","@id":"https:\/\/unitgames.com.ar\/pc-gamer\/#website","url":"https:\/\/unitgames.com.ar\/pc-gamer\/","name":"UnitGames","description":"Venta de PC Gamers, Consolas , Servicio Tecnico Especializado. Todos en Accesorios Informaticos y Gamers","publisher":{"@id":"https:\/\/unitgames.com.ar\/pc-gamer\/#organization"},"potentialAction":[{"@type":"SearchAction","target":{"@type":"EntryPoint","urlTemplate":"https:\/\/unitgames.com.ar\/pc-gamer\/?s={search_term_string}"},"query-input":{"@type":"PropertyValueSpecification","valueRequired":true,"valueName":"search_term_string"}}],"inLanguage":"es"},{"@type":"Organization","@id":"https:\/\/unitgames.com.ar\/pc-gamer\/#organization","name":"UnitGames","url":"https:\/\/unitgames.com.ar\/pc-gamer\/","logo":{"@type":"ImageObject","inLanguage":"es","@id":"https:\/\/unitgames.com.ar\/pc-gamer\/#\/schema\/logo\/image\/","url":"https:\/\/unitgames.com.ar\/pc-gamer\/wp-content\/uploads\/2021\/01\/cropped-logoUnitGames2.png","contentUrl":"https:\/\/unitgames.com.ar\/pc-gamer\/wp-content\/uploads\/2021\/01\/cropped-logoUnitGames2.png","width":152,"height":200,"caption":"UnitGames"},"image":{"@id":"https:\/\/unitgames.com.ar\/pc-gamer\/#\/schema\/logo\/image\/"}}]}},"_links":{"self":[{"href":"https:\/\/unitgames.com.ar\/pc-gamer\/wp-json\/wp\/v2\/product\/17502","targetHints":{"allow":["GET"]}}],"collection":[{"href":"https:\/\/unitgames.com.ar\/pc-gamer\/wp-json\/wp\/v2\/product"}],"about":[{"href":"https:\/\/unitgames.com.ar\/pc-gamer\/wp-json\/wp\/v2\/types\/product"}],"version-history":[{"count":0,"href":"https:\/\/unitgames.com.ar\/pc-gamer\/wp-json\/wp\/v2\/product\/17502\/revisions"}],"wp:featuredmedia":[{"embeddable":true,"href":"https:\/\/unitgames.com.ar\/pc-gamer\/wp-json\/wp\/v2\/media\/17506"}],"wp:attachment":[{"href":"https:\/\/unitgames.com.ar\/pc-gamer\/wp-json\/wp\/v2\/media?parent=17502"}],"wp:term":[{"taxonomy":"product_brand","embeddable":true,"href":"https:\/\/unitgames.com.ar\/pc-gamer\/wp-json\/wp\/v2\/product_brand?post=17502"},{"taxonomy":"product_cat","embeddable":true,"href":"https:\/\/unitgames.com.ar\/pc-gamer\/wp-json\/wp\/v2\/product_cat?post=17502"},{"taxonomy":"product_tag","embeddable":true,"href":"https:\/\/unitgames.com.ar\/pc-gamer\/wp-json\/wp\/v2\/product_tag?post=17502"}],"curies":[{"name":"wp","href":"https:\/\/api.w.org\/{rel}","templated":true}]}}