{"id":17761,"date":"2025-10-18T11:55:51","date_gmt":"2025-10-18T14:55:51","guid":{"rendered":"https:\/\/unitgames.com.ar\/pc-gamer\/?post_type=product&#038;p=17761"},"modified":"2026-02-09T19:06:17","modified_gmt":"2026-02-09T22:06:17","slug":"volante-palanca-pxn-v9-gen2","status":"publish","type":"product","link":"https:\/\/unitgames.com.ar\/pc-gamer\/producto\/volante-palanca-pxn-v9-gen2\/","title":{"rendered":"Volante + Palanca PXN V9 GEN2"},"content":{"rendered":"<p data-start=\"228\" data-end=\"497\">El PXN V9 Gen2 es un set de simulaci\u00f3n de conducci\u00f3n completo que incluye volante, pedales y palanca de cambios. Dise\u00f1ado para ofrecer una experiencia inmersiva y realista, brinda compatibilidad multiplataforma y un control preciso para todo tipo de juegos de carreras.<\/p>\n<h3 data-start=\"499\" data-end=\"526\">Beneficios principales:<\/h3>\n<p>&nbsp;<\/p>\n<ul data-start=\"527\" data-end=\"1067\">\n<li data-start=\"527\" data-end=\"620\">\n<p data-start=\"529\" data-end=\"620\">Rotaci\u00f3n ajustable (270\u00b0\/900\u00b0) para adaptarse a estilos arcade o simulaci\u00f3n m\u00e1s profunda.<\/p>\n<\/li>\n<li data-start=\"621\" data-end=\"706\">\n<p data-start=\"623\" data-end=\"706\">Set completo: incluye volante, pedales anal\u00f3gicos y palanca de cambios H-pattern.<\/p>\n<\/li>\n<li data-start=\"707\" data-end=\"800\">\n<p data-start=\"709\" data-end=\"800\">Compatibilidad amplia: funciona con PC, PS4, Xbox One, Xbox Series X|S y Nintendo Switch.<\/p>\n<\/li>\n<li data-start=\"801\" data-end=\"902\">\n<p data-start=\"803\" data-end=\"902\">Sistema de fijaci\u00f3n estable: base con ventosas y abrazaderas para mayor seguridad durante el uso.<\/p>\n<\/li>\n<li data-start=\"903\" data-end=\"1002\">\n<p data-start=\"905\" data-end=\"1002\">Dise\u00f1o ergon\u00f3mico: materiales concebidos para sesiones largas de juego con comodidad y control.<\/p>\n<\/li>\n<li data-start=\"1003\" data-end=\"1067\">\n<p data-start=\"1005\" data-end=\"1067\">Conexi\u00f3n sencilla: instalaci\u00f3n plug &amp; play mediante cable USB.<\/p>\n<\/li>\n<\/ul>\n<h3 data-start=\"1069\" data-end=\"1098\">Caracter\u00edsticas t\u00e9cnicas:<\/h3>\n<p>&nbsp;<\/p>\n<ul data-start=\"1099\" data-end=\"1418\">\n<li data-start=\"1099\" data-end=\"1122\">\n<p data-start=\"1101\" data-end=\"1122\">Modelo: PXN V9 Gen2<\/p>\n<\/li>\n<li data-start=\"1123\" data-end=\"1176\">\n<p data-start=\"1125\" data-end=\"1176\">Tipo: Volante de simulaci\u00f3n con pedales y palanca<\/p>\n<\/li>\n<li data-start=\"1177\" data-end=\"1212\">\n<p data-start=\"1179\" data-end=\"1212\">Rotaci\u00f3n: Ajustable 270\u00b0 \/ 900\u00b0<\/p>\n<\/li>\n<li data-start=\"1213\" data-end=\"1243\">\n<p data-start=\"1215\" data-end=\"1243\">Conectividad: USB cableado<\/p>\n<\/li>\n<li data-start=\"1244\" data-end=\"1325\">\n<p data-start=\"1246\" data-end=\"1325\">Compatibilidad: PC \/ PS4 \/ PS3 \/ Xbox One \/ Xbox Series X|S \/ Nintendo Switch<\/p>\n<\/li>\n<li data-start=\"1326\" data-end=\"1342\">\n<p data-start=\"1328\" data-end=\"1342\">Color: Negro<\/p>\n<\/li>\n<li data-start=\"1343\" data-end=\"1418\">\n<p data-start=\"1345\" data-end=\"1418\">Material: Pl\u00e1stico ABS de alta resistencia con detalles en acabado mate<\/p>\n<\/li>\n<\/ul>\n<h3 data-start=\"1420\" data-end=\"1443\">Dimensiones y peso:<\/h3>\n<p>&nbsp;<\/p>\n<ul data-start=\"1444\" data-end=\"1526\">\n<li data-start=\"1444\" data-end=\"1472\">\n<p data-start=\"1446\" data-end=\"1472\">Peso aproximado: 3,28 kg<\/p>\n<\/li>\n<li data-start=\"1473\" data-end=\"1526\">\n<p data-start=\"1475\" data-end=\"1526\">Tama\u00f1o aproximado del volante: 280 \u00d7 340 \u00d7 285 mm<\/p>\n<\/li>\n<\/ul>\n","protected":false},"excerpt":{"rendered":"<p>El PXN V9 Gen2 es un set de simulaci\u00f3n de conducci\u00f3n completo que incluye volante, pedales y palanca de cambios. Dise\u00f1ado para ofrecer una experiencia inmersiva y realista, brinda compatibilidad multiplataforma y un control preciso para todo tipo de juegos de carreras. Beneficios principales: &nbsp; Rotaci\u00f3n ajustable (270\u00b0\/900\u00b0) para adaptarse a estilos arcade o simulaci\u00f3n m\u00e1s profunda. Set completo: incluye volante, pedales anal\u00f3gicos y palanca de cambios H-pattern. Compatibilidad amplia: funciona con PC, PS4, Xbox One, Xbox Series X|S y Nintendo Switch. Sistema de fijaci\u00f3n estable: base con ventosas y abrazaderas para mayor seguridad durante el uso. Dise\u00f1o ergon\u00f3mico: materiales concebidos para sesiones largas de juego con comodidad y control. Conexi\u00f3n sencilla: instalaci\u00f3n plug &amp; play mediante cable USB. Caracter\u00edsticas t\u00e9cnicas: &nbsp; Modelo: PXN V9 Gen2 Tipo: Volante de simulaci\u00f3n con pedales y palanca Rotaci\u00f3n: Ajustable 270\u00b0 \/ 900\u00b0 Conectividad: USB cableado Compatibilidad: PC \/ PS4 \/ PS3 \/ Xbox One \/ Xbox Series X|S \/ Nintendo Switch Color: Negro Material: Pl\u00e1stico ABS de alta resistencia con detalles en acabado mate Dimensiones y peso: &nbsp; Peso aproximado: 3,28 kg Tama\u00f1o aproximado del volante: 280 \u00d7 340 \u00d7 285 mm<\/p>\n","protected":false},"featured_media":17775,"template":"","meta":{"site-sidebar-layout":"default","site-content-layout":"","ast-site-content-layout":"default","site-content-style":"default","site-sidebar-style":"default","ast-global-header-display":"","ast-banner-title-visibility":"","ast-main-header-display":"","ast-hfb-above-header-display":"","ast-hfb-below-header-display":"","ast-hfb-mobile-header-display":"","site-post-title":"","ast-breadcrumbs-content":"","ast-featured-img":"","footer-sml-layout":"","theme-transparent-header-meta":"default","adv-header-id-meta":"","stick-header-meta":"","header-above-stick-meta":"","header-main-stick-meta":"","header-below-stick-meta":"","astra-migrate-meta-layouts":"set","ast-page-background-enabled":"default","ast-page-background-meta":{"desktop":{"background-color":"var(--ast-global-color-5)","background-image":"","background-repeat":"repeat","background-position":"center center","background-size":"auto","background-attachment":"scroll","background-type":"","background-media":"","overlay-type":"","overlay-color":"","overlay-opacity":"","overlay-gradient":""},"tablet":{"background-color":"","background-image":"","background-repeat":"repeat","background-position":"center center","background-size":"auto","background-attachment":"scroll","background-type":"","background-media":"","overlay-type":"","overlay-color":"","overlay-opacity":"","overlay-gradient":""},"mobile":{"background-color":"","background-image":"","background-repeat":"repeat","background-position":"center center","background-size":"auto","background-attachment":"scroll","background-type":"","background-media":"","overlay-type":"","overlay-color":"","overlay-opacity":"","overlay-gradient":""}},"ast-content-background-meta":{"desktop":{"background-color":"var(--ast-global-color-4)","background-image":"","background-repeat":"repeat","background-position":"center center","background-size":"auto","background-attachment":"scroll","background-type":"","background-media":"","overlay-type":"","overlay-color":"","overlay-opacity":"","overlay-gradient":""},"tablet":{"background-color":"var(--ast-global-color-4)","background-image":"","background-repeat":"repeat","background-position":"center center","background-size":"auto","background-attachment":"scroll","background-type":"","background-media":"","overlay-type":"","overlay-color":"","overlay-opacity":"","overlay-gradient":""},"mobile":{"background-color":"var(--ast-global-color-4)","background-image":"","background-repeat":"repeat","background-position":"center center","background-size":"auto","background-attachment":"scroll","background-type":"","background-media":"","overlay-type":"","overlay-color":"","overlay-opacity":"","overlay-gradient":""}},"_joinchat":[]},"product_brand":[],"product_cat":[127],"product_tag":[],"class_list":{"0":"post-17761","1":"product","2":"type-product","3":"status-publish","4":"has-post-thumbnail","6":"product_cat-volantes","7":"desktop-align-center","8":"tablet-align-left","9":"mobile-align-left","11":"first","12":"outofstock","13":"shipping-taxable","14":"purchasable","15":"product-type-simple"},"yoast_head":"<!-- This site is optimized with the Yoast SEO plugin v27.3 - https:\/\/yoast.com\/product\/yoast-seo-wordpress\/ -->\n<title>Volante + Palanca PXN V9 GEN2 - UnitGames<\/title>\n<meta name=\"robots\" content=\"index, follow, max-snippet:-1, max-image-preview:large, max-video-preview:-1\" \/>\n<link rel=\"canonical\" href=\"https:\/\/unitgames.com.ar\/pc-gamer\/producto\/volante-palanca-pxn-v9-gen2\/\" \/>\n<meta property=\"og:locale\" content=\"es_ES\" \/>\n<meta property=\"og:type\" content=\"article\" \/>\n<meta property=\"og:title\" content=\"Volante + Palanca PXN V9 GEN2 - UnitGames\" \/>\n<meta property=\"og:description\" content=\"El PXN V9 Gen2 es un set de simulaci\u00f3n de conducci\u00f3n completo que incluye volante, pedales y palanca de cambios. Dise\u00f1ado para ofrecer una experiencia inmersiva y realista, brinda compatibilidad multiplataforma y un control preciso para todo tipo de juegos de carreras. Beneficios principales: &nbsp; Rotaci\u00f3n ajustable (270\u00b0\/900\u00b0) para adaptarse a estilos arcade o simulaci\u00f3n m\u00e1s profunda. Set completo: incluye volante, pedales anal\u00f3gicos y palanca de cambios H-pattern. Compatibilidad amplia: funciona con PC, PS4, Xbox One, Xbox Series X|S y Nintendo Switch. Sistema de fijaci\u00f3n estable: base con ventosas y abrazaderas para mayor seguridad durante el uso. Dise\u00f1o ergon\u00f3mico: materiales concebidos para sesiones largas de juego con comodidad y control. Conexi\u00f3n sencilla: instalaci\u00f3n plug &amp; play mediante cable USB. Caracter\u00edsticas t\u00e9cnicas: &nbsp; Modelo: PXN V9 Gen2 Tipo: Volante de simulaci\u00f3n con pedales y palanca Rotaci\u00f3n: Ajustable 270\u00b0 \/ 900\u00b0 Conectividad: USB cableado Compatibilidad: PC \/ PS4 \/ PS3 \/ Xbox One \/ Xbox Series X|S \/ Nintendo Switch Color: Negro Material: Pl\u00e1stico ABS de alta resistencia con detalles en acabado mate Dimensiones y peso: &nbsp; Peso aproximado: 3,28 kg Tama\u00f1o aproximado del volante: 280 \u00d7 340 \u00d7 285 mm\" \/>\n<meta property=\"og:url\" content=\"https:\/\/unitgames.com.ar\/pc-gamer\/producto\/volante-palanca-pxn-v9-gen2\/\" \/>\n<meta property=\"og:site_name\" content=\"UnitGames\" \/>\n<meta property=\"article:modified_time\" content=\"2026-02-09T22:06:17+00:00\" \/>\n<meta property=\"og:image\" content=\"https:\/\/unitgames.com.ar\/pc-gamer\/wp-content\/uploads\/2025\/10\/Volante-Palanca-PXN-V9-GEN2.png\" \/>\n\t<meta property=\"og:image:width\" content=\"1283\" \/>\n\t<meta property=\"og:image:height\" content=\"1283\" \/>\n\t<meta property=\"og:image:type\" content=\"image\/png\" \/>\n<meta name=\"twitter:card\" content=\"summary_large_image\" \/>\n<meta name=\"twitter:label1\" content=\"Tiempo de lectura\" \/>\n\t<meta name=\"twitter:data1\" content=\"2 minutos\" \/>\n<script type=\"application\/ld+json\" class=\"yoast-schema-graph\">{\"@context\":\"https:\\\/\\\/schema.org\",\"@graph\":[{\"@type\":\"WebPage\",\"@id\":\"https:\\\/\\\/unitgames.com.ar\\\/pc-gamer\\\/producto\\\/volante-palanca-pxn-v9-gen2\\\/\",\"url\":\"https:\\\/\\\/unitgames.com.ar\\\/pc-gamer\\\/producto\\\/volante-palanca-pxn-v9-gen2\\\/\",\"name\":\"Volante + Palanca PXN V9 GEN2 - UnitGames\",\"isPartOf\":{\"@id\":\"https:\\\/\\\/unitgames.com.ar\\\/pc-gamer\\\/#website\"},\"primaryImageOfPage\":{\"@id\":\"https:\\\/\\\/unitgames.com.ar\\\/pc-gamer\\\/producto\\\/volante-palanca-pxn-v9-gen2\\\/#primaryimage\"},\"image\":{\"@id\":\"https:\\\/\\\/unitgames.com.ar\\\/pc-gamer\\\/producto\\\/volante-palanca-pxn-v9-gen2\\\/#primaryimage\"},\"thumbnailUrl\":\"https:\\\/\\\/unitgames.com.ar\\\/pc-gamer\\\/wp-content\\\/uploads\\\/2025\\\/10\\\/Volante-Palanca-PXN-V9-GEN2.png\",\"datePublished\":\"2025-10-18T14:55:51+00:00\",\"dateModified\":\"2026-02-09T22:06:17+00:00\",\"breadcrumb\":{\"@id\":\"https:\\\/\\\/unitgames.com.ar\\\/pc-gamer\\\/producto\\\/volante-palanca-pxn-v9-gen2\\\/#breadcrumb\"},\"inLanguage\":\"es\",\"potentialAction\":[{\"@type\":\"ReadAction\",\"target\":[\"https:\\\/\\\/unitgames.com.ar\\\/pc-gamer\\\/producto\\\/volante-palanca-pxn-v9-gen2\\\/\"]}]},{\"@type\":\"ImageObject\",\"inLanguage\":\"es\",\"@id\":\"https:\\\/\\\/unitgames.com.ar\\\/pc-gamer\\\/producto\\\/volante-palanca-pxn-v9-gen2\\\/#primaryimage\",\"url\":\"https:\\\/\\\/unitgames.com.ar\\\/pc-gamer\\\/wp-content\\\/uploads\\\/2025\\\/10\\\/Volante-Palanca-PXN-V9-GEN2.png\",\"contentUrl\":\"https:\\\/\\\/unitgames.com.ar\\\/pc-gamer\\\/wp-content\\\/uploads\\\/2025\\\/10\\\/Volante-Palanca-PXN-V9-GEN2.png\",\"width\":1283,\"height\":1283},{\"@type\":\"BreadcrumbList\",\"@id\":\"https:\\\/\\\/unitgames.com.ar\\\/pc-gamer\\\/producto\\\/volante-palanca-pxn-v9-gen2\\\/#breadcrumb\",\"itemListElement\":[{\"@type\":\"ListItem\",\"position\":1,\"name\":\"Tienda\",\"item\":\"https:\\\/\\\/unitgames.com.ar\\\/pc-gamer\\\/tienda\\\/\"},{\"@type\":\"ListItem\",\"position\":2,\"name\":\"Volante + Palanca PXN V9 GEN2\"}]},{\"@type\":\"WebSite\",\"@id\":\"https:\\\/\\\/unitgames.com.ar\\\/pc-gamer\\\/#website\",\"url\":\"https:\\\/\\\/unitgames.com.ar\\\/pc-gamer\\\/\",\"name\":\"UnitGames\",\"description\":\"Venta de PC Gamers, Consolas , Servicio Tecnico Especializado. Todos en Accesorios Informaticos y Gamers\",\"publisher\":{\"@id\":\"https:\\\/\\\/unitgames.com.ar\\\/pc-gamer\\\/#organization\"},\"potentialAction\":[{\"@type\":\"SearchAction\",\"target\":{\"@type\":\"EntryPoint\",\"urlTemplate\":\"https:\\\/\\\/unitgames.com.ar\\\/pc-gamer\\\/?s={search_term_string}\"},\"query-input\":{\"@type\":\"PropertyValueSpecification\",\"valueRequired\":true,\"valueName\":\"search_term_string\"}}],\"inLanguage\":\"es\"},{\"@type\":\"Organization\",\"@id\":\"https:\\\/\\\/unitgames.com.ar\\\/pc-gamer\\\/#organization\",\"name\":\"UnitGames\",\"url\":\"https:\\\/\\\/unitgames.com.ar\\\/pc-gamer\\\/\",\"logo\":{\"@type\":\"ImageObject\",\"inLanguage\":\"es\",\"@id\":\"https:\\\/\\\/unitgames.com.ar\\\/pc-gamer\\\/#\\\/schema\\\/logo\\\/image\\\/\",\"url\":\"https:\\\/\\\/unitgames.com.ar\\\/pc-gamer\\\/wp-content\\\/uploads\\\/2021\\\/01\\\/cropped-logoUnitGames2.png\",\"contentUrl\":\"https:\\\/\\\/unitgames.com.ar\\\/pc-gamer\\\/wp-content\\\/uploads\\\/2021\\\/01\\\/cropped-logoUnitGames2.png\",\"width\":152,\"height\":200,\"caption\":\"UnitGames\"},\"image\":{\"@id\":\"https:\\\/\\\/unitgames.com.ar\\\/pc-gamer\\\/#\\\/schema\\\/logo\\\/image\\\/\"}}]}<\/script>\n<!-- \/ Yoast SEO plugin. -->","yoast_head_json":{"title":"Volante + Palanca PXN V9 GEN2 - UnitGames","robots":{"index":"index","follow":"follow","max-snippet":"max-snippet:-1","max-image-preview":"max-image-preview:large","max-video-preview":"max-video-preview:-1"},"canonical":"https:\/\/unitgames.com.ar\/pc-gamer\/producto\/volante-palanca-pxn-v9-gen2\/","og_locale":"es_ES","og_type":"article","og_title":"Volante + Palanca PXN V9 GEN2 - UnitGames","og_description":"El PXN V9 Gen2 es un set de simulaci\u00f3n de conducci\u00f3n completo que incluye volante, pedales y palanca de cambios. Dise\u00f1ado para ofrecer una experiencia inmersiva y realista, brinda compatibilidad multiplataforma y un control preciso para todo tipo de juegos de carreras. Beneficios principales: &nbsp; Rotaci\u00f3n ajustable (270\u00b0\/900\u00b0) para adaptarse a estilos arcade o simulaci\u00f3n m\u00e1s profunda. Set completo: incluye volante, pedales anal\u00f3gicos y palanca de cambios H-pattern. Compatibilidad amplia: funciona con PC, PS4, Xbox One, Xbox Series X|S y Nintendo Switch. Sistema de fijaci\u00f3n estable: base con ventosas y abrazaderas para mayor seguridad durante el uso. Dise\u00f1o ergon\u00f3mico: materiales concebidos para sesiones largas de juego con comodidad y control. Conexi\u00f3n sencilla: instalaci\u00f3n plug &amp; play mediante cable USB. Caracter\u00edsticas t\u00e9cnicas: &nbsp; Modelo: PXN V9 Gen2 Tipo: Volante de simulaci\u00f3n con pedales y palanca Rotaci\u00f3n: Ajustable 270\u00b0 \/ 900\u00b0 Conectividad: USB cableado Compatibilidad: PC \/ PS4 \/ PS3 \/ Xbox One \/ Xbox Series X|S \/ Nintendo Switch Color: Negro Material: Pl\u00e1stico ABS de alta resistencia con detalles en acabado mate Dimensiones y peso: &nbsp; Peso aproximado: 3,28 kg Tama\u00f1o aproximado del volante: 280 \u00d7 340 \u00d7 285 mm","og_url":"https:\/\/unitgames.com.ar\/pc-gamer\/producto\/volante-palanca-pxn-v9-gen2\/","og_site_name":"UnitGames","article_modified_time":"2026-02-09T22:06:17+00:00","og_image":[{"width":1283,"height":1283,"url":"https:\/\/unitgames.com.ar\/pc-gamer\/wp-content\/uploads\/2025\/10\/Volante-Palanca-PXN-V9-GEN2.png","type":"image\/png"}],"twitter_card":"summary_large_image","twitter_misc":{"Tiempo de lectura":"2 minutos"},"schema":{"@context":"https:\/\/schema.org","@graph":[{"@type":"WebPage","@id":"https:\/\/unitgames.com.ar\/pc-gamer\/producto\/volante-palanca-pxn-v9-gen2\/","url":"https:\/\/unitgames.com.ar\/pc-gamer\/producto\/volante-palanca-pxn-v9-gen2\/","name":"Volante + Palanca PXN V9 GEN2 - UnitGames","isPartOf":{"@id":"https:\/\/unitgames.com.ar\/pc-gamer\/#website"},"primaryImageOfPage":{"@id":"https:\/\/unitgames.com.ar\/pc-gamer\/producto\/volante-palanca-pxn-v9-gen2\/#primaryimage"},"image":{"@id":"https:\/\/unitgames.com.ar\/pc-gamer\/producto\/volante-palanca-pxn-v9-gen2\/#primaryimage"},"thumbnailUrl":"https:\/\/unitgames.com.ar\/pc-gamer\/wp-content\/uploads\/2025\/10\/Volante-Palanca-PXN-V9-GEN2.png","datePublished":"2025-10-18T14:55:51+00:00","dateModified":"2026-02-09T22:06:17+00:00","breadcrumb":{"@id":"https:\/\/unitgames.com.ar\/pc-gamer\/producto\/volante-palanca-pxn-v9-gen2\/#breadcrumb"},"inLanguage":"es","potentialAction":[{"@type":"ReadAction","target":["https:\/\/unitgames.com.ar\/pc-gamer\/producto\/volante-palanca-pxn-v9-gen2\/"]}]},{"@type":"ImageObject","inLanguage":"es","@id":"https:\/\/unitgames.com.ar\/pc-gamer\/producto\/volante-palanca-pxn-v9-gen2\/#primaryimage","url":"https:\/\/unitgames.com.ar\/pc-gamer\/wp-content\/uploads\/2025\/10\/Volante-Palanca-PXN-V9-GEN2.png","contentUrl":"https:\/\/unitgames.com.ar\/pc-gamer\/wp-content\/uploads\/2025\/10\/Volante-Palanca-PXN-V9-GEN2.png","width":1283,"height":1283},{"@type":"BreadcrumbList","@id":"https:\/\/unitgames.com.ar\/pc-gamer\/producto\/volante-palanca-pxn-v9-gen2\/#breadcrumb","itemListElement":[{"@type":"ListItem","position":1,"name":"Tienda","item":"https:\/\/unitgames.com.ar\/pc-gamer\/tienda\/"},{"@type":"ListItem","position":2,"name":"Volante + Palanca PXN V9 GEN2"}]},{"@type":"WebSite","@id":"https:\/\/unitgames.com.ar\/pc-gamer\/#website","url":"https:\/\/unitgames.com.ar\/pc-gamer\/","name":"UnitGames","description":"Venta de PC Gamers, Consolas , Servicio Tecnico Especializado. Todos en Accesorios Informaticos y Gamers","publisher":{"@id":"https:\/\/unitgames.com.ar\/pc-gamer\/#organization"},"potentialAction":[{"@type":"SearchAction","target":{"@type":"EntryPoint","urlTemplate":"https:\/\/unitgames.com.ar\/pc-gamer\/?s={search_term_string}"},"query-input":{"@type":"PropertyValueSpecification","valueRequired":true,"valueName":"search_term_string"}}],"inLanguage":"es"},{"@type":"Organization","@id":"https:\/\/unitgames.com.ar\/pc-gamer\/#organization","name":"UnitGames","url":"https:\/\/unitgames.com.ar\/pc-gamer\/","logo":{"@type":"ImageObject","inLanguage":"es","@id":"https:\/\/unitgames.com.ar\/pc-gamer\/#\/schema\/logo\/image\/","url":"https:\/\/unitgames.com.ar\/pc-gamer\/wp-content\/uploads\/2021\/01\/cropped-logoUnitGames2.png","contentUrl":"https:\/\/unitgames.com.ar\/pc-gamer\/wp-content\/uploads\/2021\/01\/cropped-logoUnitGames2.png","width":152,"height":200,"caption":"UnitGames"},"image":{"@id":"https:\/\/unitgames.com.ar\/pc-gamer\/#\/schema\/logo\/image\/"}}]}},"_links":{"self":[{"href":"https:\/\/unitgames.com.ar\/pc-gamer\/wp-json\/wp\/v2\/product\/17761","targetHints":{"allow":["GET"]}}],"collection":[{"href":"https:\/\/unitgames.com.ar\/pc-gamer\/wp-json\/wp\/v2\/product"}],"about":[{"href":"https:\/\/unitgames.com.ar\/pc-gamer\/wp-json\/wp\/v2\/types\/product"}],"version-history":[{"count":0,"href":"https:\/\/unitgames.com.ar\/pc-gamer\/wp-json\/wp\/v2\/product\/17761\/revisions"}],"wp:featuredmedia":[{"embeddable":true,"href":"https:\/\/unitgames.com.ar\/pc-gamer\/wp-json\/wp\/v2\/media\/17775"}],"wp:attachment":[{"href":"https:\/\/unitgames.com.ar\/pc-gamer\/wp-json\/wp\/v2\/media?parent=17761"}],"wp:term":[{"taxonomy":"product_brand","embeddable":true,"href":"https:\/\/unitgames.com.ar\/pc-gamer\/wp-json\/wp\/v2\/product_brand?post=17761"},{"taxonomy":"product_cat","embeddable":true,"href":"https:\/\/unitgames.com.ar\/pc-gamer\/wp-json\/wp\/v2\/product_cat?post=17761"},{"taxonomy":"product_tag","embeddable":true,"href":"https:\/\/unitgames.com.ar\/pc-gamer\/wp-json\/wp\/v2\/product_tag?post=17761"}],"curies":[{"name":"wp","href":"https:\/\/api.w.org\/{rel}","templated":true}]}}