{"id":18011,"date":"2025-10-25T11:06:09","date_gmt":"2025-10-25T14:06:09","guid":{"rendered":"https:\/\/unitgames.com.ar\/pc-gamer\/?post_type=product&#038;p=18011"},"modified":"2026-03-11T19:31:28","modified_gmt":"2026-03-11T22:31:28","slug":"volante-pedalera-logitech-g923","status":"publish","type":"product","link":"https:\/\/unitgames.com.ar\/pc-gamer\/producto\/volante-pedalera-logitech-g923\/","title":{"rendered":"Volante + Pedalera LOGITECH G923 XBOX y PC"},"content":{"rendered":"<article class=\"text-token-text-primary w-full focus:outline-none [--shadow-height:45px] has-data-writing-block:pointer-events-none has-data-writing-block:-mt-(--shadow-height) has-data-writing-block:pt-(--shadow-height) [&amp;:has([data-writing-block])&gt;*]:pointer-events-auto scroll-mt-[calc(var(--header-height)+min(200px,max(70px,20svh)))]\" dir=\"auto\" tabindex=\"-1\" data-turn-id=\"request-68a68ad6-03cc-8327-8ba9-6cfb66ec1c4d-4\" data-testid=\"conversation-turn-216\" data-scroll-anchor=\"false\" data-turn=\"assistant\">\n<div class=\"text-base my-auto mx-auto [--thread-content-margin:--spacing(4)] thread-sm:[--thread-content-margin:--spacing(6)] thread-lg:[--thread-content-margin:--spacing(16)] px-(--thread-content-margin)\">\n<div class=\"[--thread-content-max-width:40rem] thread-lg:[--thread-content-max-width:48rem] mx-auto max-w-(--thread-content-max-width) flex-1 group\/turn-messages focus-visible:outline-hidden relative flex w-full min-w-0 flex-col agent-turn\" tabindex=\"-1\">\n<div class=\"flex max-w-full flex-col grow\">\n<div class=\"min-h-8 text-message relative flex w-full flex-col items-end gap-2 text-start break-words whitespace-normal [.text-message+&amp;]:mt-1\" dir=\"auto\" data-message-author-role=\"assistant\" data-message-id=\"6d996d30-009e-4000-9045-cdcf1ba13ac1\" data-message-model-slug=\"gpt-5\">\n<div class=\"flex w-full flex-col gap-1 empty:hidden first:pt-[1px]\">\n<div class=\"markdown prose dark:prose-invert w-full break-words light markdown-new-styling\">\n<p data-start=\"42\" data-end=\"365\">El Logitech G923 es un kit de volante de carreras con pedales incluidos, dise\u00f1ado para ofrecer una experiencia de conducci\u00f3n realista y envolvente. Su tecnolog\u00eda de retroalimentaci\u00f3n avanzada reproduce con precisi\u00f3n la sensaci\u00f3n del motor y la superficie del camino, ideal para los amantes de la simulaci\u00f3n automovil\u00edstica.<\/p>\n<hr data-start=\"367\" data-end=\"370\" \/>\n<p data-start=\"372\" data-end=\"406\"><strong data-start=\"375\" data-end=\"404\">Especificaciones T\u00e9cnicas<\/strong><\/p>\n<ul data-start=\"407\" data-end=\"824\">\n<li data-start=\"407\" data-end=\"459\">\n<p data-start=\"409\" data-end=\"459\">Rotaci\u00f3n del volante: 900\u00b0 (2.5 giros completos)<\/p>\n<\/li>\n<li data-start=\"460\" data-end=\"527\">\n<p data-start=\"462\" data-end=\"527\">Tecnolog\u00eda TrueForce para respuesta de fuerza de alta fidelidad<\/p>\n<\/li>\n<li data-start=\"528\" data-end=\"579\">\n<p data-start=\"530\" data-end=\"579\">Pedales incluidos: acelerador, freno y embrague<\/p>\n<\/li>\n<li data-start=\"580\" data-end=\"654\">\n<p data-start=\"582\" data-end=\"654\">Materiales premium: aro de cuero cosido, paletas de cambio de aluminio<\/p>\n<\/li>\n<li data-start=\"655\" data-end=\"707\">\n<p data-start=\"657\" data-end=\"707\">Compatibilidad: PC, PlayStation 4, PlayStation 5<\/p>\n<\/li>\n<li data-start=\"708\" data-end=\"725\">\n<p data-start=\"710\" data-end=\"725\">Conexi\u00f3n: USB<\/p>\n<\/li>\n<li data-start=\"726\" data-end=\"776\">\n<p data-start=\"728\" data-end=\"776\">Base met\u00e1lica reforzada para mayor estabilidad<\/p>\n<\/li>\n<li data-start=\"777\" data-end=\"824\">\n<p data-start=\"779\" data-end=\"824\">Dimensiones aproximadas: 260 \u00d7 278 \u00d7 260 mm<\/p>\n<\/li>\n<\/ul>\n<hr data-start=\"826\" data-end=\"829\" \/>\n<p data-start=\"831\" data-end=\"865\"><strong data-start=\"833\" data-end=\"863\">Caracter\u00edsticas destacadas<\/strong><\/p>\n<ul data-start=\"866\" data-end=\"1209\" data-is-last-node=\"\" data-is-only-node=\"\">\n<li data-start=\"866\" data-end=\"945\">\n<p data-start=\"868\" data-end=\"945\">Force feedback realista con vibraciones detalladas del motor y del terreno.<\/p>\n<\/li>\n<li data-start=\"946\" data-end=\"1022\">\n<p data-start=\"948\" data-end=\"1022\">Pedal de freno progresivo con resistencia ajustada para mayor precisi\u00f3n.<\/p>\n<\/li>\n<li data-start=\"1023\" data-end=\"1091\">\n<p data-start=\"1025\" data-end=\"1091\">Dise\u00f1o ergon\u00f3mico y duradero, pensado para sesiones prolongadas.<\/p>\n<\/li>\n<li data-start=\"1092\" data-end=\"1151\">\n<p data-start=\"1094\" data-end=\"1151\">Compatible con los principales simuladores de carreras.<\/p>\n<\/li>\n<li data-start=\"1152\" data-end=\"1209\" data-is-last-node=\"\">\n<p data-start=\"1154\" data-end=\"1209\" data-is-last-node=\"\">Ideal para simulaci\u00f3n profesional o gaming competitivo.<\/p>\n<\/li>\n<\/ul>\n<\/div>\n<\/div>\n<\/div>\n<\/div>\n<\/div>\n<\/div>\n<\/article>\n","protected":false},"excerpt":{"rendered":"<p>El Logitech G923 es un kit de volante de carreras con pedales incluidos, dise\u00f1ado para ofrecer una experiencia de conducci\u00f3n realista y envolvente. Su tecnolog\u00eda de retroalimentaci\u00f3n avanzada reproduce con precisi\u00f3n la sensaci\u00f3n del motor y la superficie del camino, ideal para los amantes de la simulaci\u00f3n automovil\u00edstica. Especificaciones T\u00e9cnicas Rotaci\u00f3n del volante: 900\u00b0 (2.5 giros completos) Tecnolog\u00eda TrueForce para respuesta de fuerza de alta fidelidad Pedales incluidos: acelerador, freno y embrague Materiales premium: aro de cuero cosido, paletas de cambio de aluminio Compatibilidad: PC, PlayStation 4, PlayStation 5 Conexi\u00f3n: USB Base met\u00e1lica reforzada para mayor estabilidad Dimensiones aproximadas: 260 \u00d7 278 \u00d7 260 mm Caracter\u00edsticas destacadas Force feedback realista con vibraciones detalladas del motor y del terreno. Pedal de freno progresivo con resistencia ajustada para mayor precisi\u00f3n. Dise\u00f1o ergon\u00f3mico y duradero, pensado para sesiones prolongadas. Compatible con los principales simuladores de carreras. Ideal para simulaci\u00f3n profesional o gaming competitivo.<\/p>\n","protected":false},"featured_media":18013,"template":"","meta":{"site-sidebar-layout":"default","site-content-layout":"","ast-site-content-layout":"default","site-content-style":"default","site-sidebar-style":"default","ast-global-header-display":"","ast-banner-title-visibility":"","ast-main-header-display":"","ast-hfb-above-header-display":"","ast-hfb-below-header-display":"","ast-hfb-mobile-header-display":"","site-post-title":"","ast-breadcrumbs-content":"","ast-featured-img":"","footer-sml-layout":"","theme-transparent-header-meta":"default","adv-header-id-meta":"","stick-header-meta":"","header-above-stick-meta":"","header-main-stick-meta":"","header-below-stick-meta":"","astra-migrate-meta-layouts":"set","ast-page-background-enabled":"default","ast-page-background-meta":{"desktop":{"background-color":"var(--ast-global-color-5)","background-image":"","background-repeat":"repeat","background-position":"center center","background-size":"auto","background-attachment":"scroll","background-type":"","background-media":"","overlay-type":"","overlay-color":"","overlay-opacity":"","overlay-gradient":""},"tablet":{"background-color":"","background-image":"","background-repeat":"repeat","background-position":"center center","background-size":"auto","background-attachment":"scroll","background-type":"","background-media":"","overlay-type":"","overlay-color":"","overlay-opacity":"","overlay-gradient":""},"mobile":{"background-color":"","background-image":"","background-repeat":"repeat","background-position":"center center","background-size":"auto","background-attachment":"scroll","background-type":"","background-media":"","overlay-type":"","overlay-color":"","overlay-opacity":"","overlay-gradient":""}},"ast-content-background-meta":{"desktop":{"background-color":"var(--ast-global-color-4)","background-image":"","background-repeat":"repeat","background-position":"center center","background-size":"auto","background-attachment":"scroll","background-type":"","background-media":"","overlay-type":"","overlay-color":"","overlay-opacity":"","overlay-gradient":""},"tablet":{"background-color":"var(--ast-global-color-4)","background-image":"","background-repeat":"repeat","background-position":"center center","background-size":"auto","background-attachment":"scroll","background-type":"","background-media":"","overlay-type":"","overlay-color":"","overlay-opacity":"","overlay-gradient":""},"mobile":{"background-color":"var(--ast-global-color-4)","background-image":"","background-repeat":"repeat","background-position":"center center","background-size":"auto","background-attachment":"scroll","background-type":"","background-media":"","overlay-type":"","overlay-color":"","overlay-opacity":"","overlay-gradient":""}},"_joinchat":[]},"product_brand":[],"product_cat":[127],"product_tag":[],"class_list":{"0":"post-18011","1":"product","2":"type-product","3":"status-publish","4":"has-post-thumbnail","6":"product_cat-volantes","7":"desktop-align-center","8":"tablet-align-left","9":"mobile-align-left","11":"first","12":"outofstock","13":"shipping-taxable","14":"purchasable","15":"product-type-simple"},"yoast_head":"<!-- This site is optimized with the Yoast SEO plugin v27.3 - https:\/\/yoast.com\/product\/yoast-seo-wordpress\/ -->\n<title>Volante + Pedalera LOGITECH G923 XBOX y PC - UnitGames<\/title>\n<meta name=\"robots\" content=\"index, follow, max-snippet:-1, max-image-preview:large, max-video-preview:-1\" \/>\n<link rel=\"canonical\" href=\"https:\/\/unitgames.com.ar\/pc-gamer\/producto\/volante-pedalera-logitech-g923\/\" \/>\n<meta property=\"og:locale\" content=\"es_ES\" \/>\n<meta property=\"og:type\" content=\"article\" \/>\n<meta property=\"og:title\" content=\"Volante + Pedalera LOGITECH G923 XBOX y PC - UnitGames\" \/>\n<meta property=\"og:description\" content=\"El Logitech G923 es un kit de volante de carreras con pedales incluidos, dise\u00f1ado para ofrecer una experiencia de conducci\u00f3n realista y envolvente. Su tecnolog\u00eda de retroalimentaci\u00f3n avanzada reproduce con precisi\u00f3n la sensaci\u00f3n del motor y la superficie del camino, ideal para los amantes de la simulaci\u00f3n automovil\u00edstica. Especificaciones T\u00e9cnicas Rotaci\u00f3n del volante: 900\u00b0 (2.5 giros completos) Tecnolog\u00eda TrueForce para respuesta de fuerza de alta fidelidad Pedales incluidos: acelerador, freno y embrague Materiales premium: aro de cuero cosido, paletas de cambio de aluminio Compatibilidad: PC, PlayStation 4, PlayStation 5 Conexi\u00f3n: USB Base met\u00e1lica reforzada para mayor estabilidad Dimensiones aproximadas: 260 \u00d7 278 \u00d7 260 mm Caracter\u00edsticas destacadas Force feedback realista con vibraciones detalladas del motor y del terreno. Pedal de freno progresivo con resistencia ajustada para mayor precisi\u00f3n. Dise\u00f1o ergon\u00f3mico y duradero, pensado para sesiones prolongadas. Compatible con los principales simuladores de carreras. Ideal para simulaci\u00f3n profesional o gaming competitivo.\" \/>\n<meta property=\"og:url\" content=\"https:\/\/unitgames.com.ar\/pc-gamer\/producto\/volante-pedalera-logitech-g923\/\" \/>\n<meta property=\"og:site_name\" content=\"UnitGames\" \/>\n<meta property=\"article:modified_time\" content=\"2026-03-11T22:31:28+00:00\" \/>\n<meta property=\"og:image\" content=\"https:\/\/unitgames.com.ar\/pc-gamer\/wp-content\/uploads\/2025\/10\/Volante-Pedalera-LOGITECH-G923.png\" \/>\n\t<meta property=\"og:image:width\" content=\"1285\" \/>\n\t<meta property=\"og:image:height\" content=\"1284\" \/>\n\t<meta property=\"og:image:type\" content=\"image\/png\" \/>\n<meta name=\"twitter:card\" content=\"summary_large_image\" \/>\n<meta name=\"twitter:label1\" content=\"Tiempo de lectura\" \/>\n\t<meta name=\"twitter:data1\" content=\"1 minuto\" \/>\n<script type=\"application\/ld+json\" class=\"yoast-schema-graph\">{\"@context\":\"https:\\\/\\\/schema.org\",\"@graph\":[{\"@type\":\"WebPage\",\"@id\":\"https:\\\/\\\/unitgames.com.ar\\\/pc-gamer\\\/producto\\\/volante-pedalera-logitech-g923\\\/\",\"url\":\"https:\\\/\\\/unitgames.com.ar\\\/pc-gamer\\\/producto\\\/volante-pedalera-logitech-g923\\\/\",\"name\":\"Volante + Pedalera LOGITECH G923 XBOX y PC - UnitGames\",\"isPartOf\":{\"@id\":\"https:\\\/\\\/unitgames.com.ar\\\/pc-gamer\\\/#website\"},\"primaryImageOfPage\":{\"@id\":\"https:\\\/\\\/unitgames.com.ar\\\/pc-gamer\\\/producto\\\/volante-pedalera-logitech-g923\\\/#primaryimage\"},\"image\":{\"@id\":\"https:\\\/\\\/unitgames.com.ar\\\/pc-gamer\\\/producto\\\/volante-pedalera-logitech-g923\\\/#primaryimage\"},\"thumbnailUrl\":\"https:\\\/\\\/unitgames.com.ar\\\/pc-gamer\\\/wp-content\\\/uploads\\\/2025\\\/10\\\/Volante-Pedalera-LOGITECH-G923.png\",\"datePublished\":\"2025-10-25T14:06:09+00:00\",\"dateModified\":\"2026-03-11T22:31:28+00:00\",\"breadcrumb\":{\"@id\":\"https:\\\/\\\/unitgames.com.ar\\\/pc-gamer\\\/producto\\\/volante-pedalera-logitech-g923\\\/#breadcrumb\"},\"inLanguage\":\"es\",\"potentialAction\":[{\"@type\":\"ReadAction\",\"target\":[\"https:\\\/\\\/unitgames.com.ar\\\/pc-gamer\\\/producto\\\/volante-pedalera-logitech-g923\\\/\"]}]},{\"@type\":\"ImageObject\",\"inLanguage\":\"es\",\"@id\":\"https:\\\/\\\/unitgames.com.ar\\\/pc-gamer\\\/producto\\\/volante-pedalera-logitech-g923\\\/#primaryimage\",\"url\":\"https:\\\/\\\/unitgames.com.ar\\\/pc-gamer\\\/wp-content\\\/uploads\\\/2025\\\/10\\\/Volante-Pedalera-LOGITECH-G923.png\",\"contentUrl\":\"https:\\\/\\\/unitgames.com.ar\\\/pc-gamer\\\/wp-content\\\/uploads\\\/2025\\\/10\\\/Volante-Pedalera-LOGITECH-G923.png\",\"width\":1285,\"height\":1284},{\"@type\":\"BreadcrumbList\",\"@id\":\"https:\\\/\\\/unitgames.com.ar\\\/pc-gamer\\\/producto\\\/volante-pedalera-logitech-g923\\\/#breadcrumb\",\"itemListElement\":[{\"@type\":\"ListItem\",\"position\":1,\"name\":\"Tienda\",\"item\":\"https:\\\/\\\/unitgames.com.ar\\\/pc-gamer\\\/tienda\\\/\"},{\"@type\":\"ListItem\",\"position\":2,\"name\":\"Volante + Pedalera LOGITECH G923 XBOX y PC\"}]},{\"@type\":\"WebSite\",\"@id\":\"https:\\\/\\\/unitgames.com.ar\\\/pc-gamer\\\/#website\",\"url\":\"https:\\\/\\\/unitgames.com.ar\\\/pc-gamer\\\/\",\"name\":\"UnitGames\",\"description\":\"Venta de PC Gamers, Consolas , Servicio Tecnico Especializado. Todos en Accesorios Informaticos y Gamers\",\"publisher\":{\"@id\":\"https:\\\/\\\/unitgames.com.ar\\\/pc-gamer\\\/#organization\"},\"potentialAction\":[{\"@type\":\"SearchAction\",\"target\":{\"@type\":\"EntryPoint\",\"urlTemplate\":\"https:\\\/\\\/unitgames.com.ar\\\/pc-gamer\\\/?s={search_term_string}\"},\"query-input\":{\"@type\":\"PropertyValueSpecification\",\"valueRequired\":true,\"valueName\":\"search_term_string\"}}],\"inLanguage\":\"es\"},{\"@type\":\"Organization\",\"@id\":\"https:\\\/\\\/unitgames.com.ar\\\/pc-gamer\\\/#organization\",\"name\":\"UnitGames\",\"url\":\"https:\\\/\\\/unitgames.com.ar\\\/pc-gamer\\\/\",\"logo\":{\"@type\":\"ImageObject\",\"inLanguage\":\"es\",\"@id\":\"https:\\\/\\\/unitgames.com.ar\\\/pc-gamer\\\/#\\\/schema\\\/logo\\\/image\\\/\",\"url\":\"https:\\\/\\\/unitgames.com.ar\\\/pc-gamer\\\/wp-content\\\/uploads\\\/2021\\\/01\\\/cropped-logoUnitGames2.png\",\"contentUrl\":\"https:\\\/\\\/unitgames.com.ar\\\/pc-gamer\\\/wp-content\\\/uploads\\\/2021\\\/01\\\/cropped-logoUnitGames2.png\",\"width\":152,\"height\":200,\"caption\":\"UnitGames\"},\"image\":{\"@id\":\"https:\\\/\\\/unitgames.com.ar\\\/pc-gamer\\\/#\\\/schema\\\/logo\\\/image\\\/\"}}]}<\/script>\n<!-- \/ Yoast SEO plugin. -->","yoast_head_json":{"title":"Volante + Pedalera LOGITECH G923 XBOX y PC - UnitGames","robots":{"index":"index","follow":"follow","max-snippet":"max-snippet:-1","max-image-preview":"max-image-preview:large","max-video-preview":"max-video-preview:-1"},"canonical":"https:\/\/unitgames.com.ar\/pc-gamer\/producto\/volante-pedalera-logitech-g923\/","og_locale":"es_ES","og_type":"article","og_title":"Volante + Pedalera LOGITECH G923 XBOX y PC - UnitGames","og_description":"El Logitech G923 es un kit de volante de carreras con pedales incluidos, dise\u00f1ado para ofrecer una experiencia de conducci\u00f3n realista y envolvente. Su tecnolog\u00eda de retroalimentaci\u00f3n avanzada reproduce con precisi\u00f3n la sensaci\u00f3n del motor y la superficie del camino, ideal para los amantes de la simulaci\u00f3n automovil\u00edstica. Especificaciones T\u00e9cnicas Rotaci\u00f3n del volante: 900\u00b0 (2.5 giros completos) Tecnolog\u00eda TrueForce para respuesta de fuerza de alta fidelidad Pedales incluidos: acelerador, freno y embrague Materiales premium: aro de cuero cosido, paletas de cambio de aluminio Compatibilidad: PC, PlayStation 4, PlayStation 5 Conexi\u00f3n: USB Base met\u00e1lica reforzada para mayor estabilidad Dimensiones aproximadas: 260 \u00d7 278 \u00d7 260 mm Caracter\u00edsticas destacadas Force feedback realista con vibraciones detalladas del motor y del terreno. Pedal de freno progresivo con resistencia ajustada para mayor precisi\u00f3n. Dise\u00f1o ergon\u00f3mico y duradero, pensado para sesiones prolongadas. Compatible con los principales simuladores de carreras. Ideal para simulaci\u00f3n profesional o gaming competitivo.","og_url":"https:\/\/unitgames.com.ar\/pc-gamer\/producto\/volante-pedalera-logitech-g923\/","og_site_name":"UnitGames","article_modified_time":"2026-03-11T22:31:28+00:00","og_image":[{"width":1285,"height":1284,"url":"https:\/\/unitgames.com.ar\/pc-gamer\/wp-content\/uploads\/2025\/10\/Volante-Pedalera-LOGITECH-G923.png","type":"image\/png"}],"twitter_card":"summary_large_image","twitter_misc":{"Tiempo de lectura":"1 minuto"},"schema":{"@context":"https:\/\/schema.org","@graph":[{"@type":"WebPage","@id":"https:\/\/unitgames.com.ar\/pc-gamer\/producto\/volante-pedalera-logitech-g923\/","url":"https:\/\/unitgames.com.ar\/pc-gamer\/producto\/volante-pedalera-logitech-g923\/","name":"Volante + Pedalera LOGITECH G923 XBOX y PC - UnitGames","isPartOf":{"@id":"https:\/\/unitgames.com.ar\/pc-gamer\/#website"},"primaryImageOfPage":{"@id":"https:\/\/unitgames.com.ar\/pc-gamer\/producto\/volante-pedalera-logitech-g923\/#primaryimage"},"image":{"@id":"https:\/\/unitgames.com.ar\/pc-gamer\/producto\/volante-pedalera-logitech-g923\/#primaryimage"},"thumbnailUrl":"https:\/\/unitgames.com.ar\/pc-gamer\/wp-content\/uploads\/2025\/10\/Volante-Pedalera-LOGITECH-G923.png","datePublished":"2025-10-25T14:06:09+00:00","dateModified":"2026-03-11T22:31:28+00:00","breadcrumb":{"@id":"https:\/\/unitgames.com.ar\/pc-gamer\/producto\/volante-pedalera-logitech-g923\/#breadcrumb"},"inLanguage":"es","potentialAction":[{"@type":"ReadAction","target":["https:\/\/unitgames.com.ar\/pc-gamer\/producto\/volante-pedalera-logitech-g923\/"]}]},{"@type":"ImageObject","inLanguage":"es","@id":"https:\/\/unitgames.com.ar\/pc-gamer\/producto\/volante-pedalera-logitech-g923\/#primaryimage","url":"https:\/\/unitgames.com.ar\/pc-gamer\/wp-content\/uploads\/2025\/10\/Volante-Pedalera-LOGITECH-G923.png","contentUrl":"https:\/\/unitgames.com.ar\/pc-gamer\/wp-content\/uploads\/2025\/10\/Volante-Pedalera-LOGITECH-G923.png","width":1285,"height":1284},{"@type":"BreadcrumbList","@id":"https:\/\/unitgames.com.ar\/pc-gamer\/producto\/volante-pedalera-logitech-g923\/#breadcrumb","itemListElement":[{"@type":"ListItem","position":1,"name":"Tienda","item":"https:\/\/unitgames.com.ar\/pc-gamer\/tienda\/"},{"@type":"ListItem","position":2,"name":"Volante + Pedalera LOGITECH G923 XBOX y PC"}]},{"@type":"WebSite","@id":"https:\/\/unitgames.com.ar\/pc-gamer\/#website","url":"https:\/\/unitgames.com.ar\/pc-gamer\/","name":"UnitGames","description":"Venta de PC Gamers, Consolas , Servicio Tecnico Especializado. Todos en Accesorios Informaticos y Gamers","publisher":{"@id":"https:\/\/unitgames.com.ar\/pc-gamer\/#organization"},"potentialAction":[{"@type":"SearchAction","target":{"@type":"EntryPoint","urlTemplate":"https:\/\/unitgames.com.ar\/pc-gamer\/?s={search_term_string}"},"query-input":{"@type":"PropertyValueSpecification","valueRequired":true,"valueName":"search_term_string"}}],"inLanguage":"es"},{"@type":"Organization","@id":"https:\/\/unitgames.com.ar\/pc-gamer\/#organization","name":"UnitGames","url":"https:\/\/unitgames.com.ar\/pc-gamer\/","logo":{"@type":"ImageObject","inLanguage":"es","@id":"https:\/\/unitgames.com.ar\/pc-gamer\/#\/schema\/logo\/image\/","url":"https:\/\/unitgames.com.ar\/pc-gamer\/wp-content\/uploads\/2021\/01\/cropped-logoUnitGames2.png","contentUrl":"https:\/\/unitgames.com.ar\/pc-gamer\/wp-content\/uploads\/2021\/01\/cropped-logoUnitGames2.png","width":152,"height":200,"caption":"UnitGames"},"image":{"@id":"https:\/\/unitgames.com.ar\/pc-gamer\/#\/schema\/logo\/image\/"}}]}},"_links":{"self":[{"href":"https:\/\/unitgames.com.ar\/pc-gamer\/wp-json\/wp\/v2\/product\/18011","targetHints":{"allow":["GET"]}}],"collection":[{"href":"https:\/\/unitgames.com.ar\/pc-gamer\/wp-json\/wp\/v2\/product"}],"about":[{"href":"https:\/\/unitgames.com.ar\/pc-gamer\/wp-json\/wp\/v2\/types\/product"}],"version-history":[{"count":0,"href":"https:\/\/unitgames.com.ar\/pc-gamer\/wp-json\/wp\/v2\/product\/18011\/revisions"}],"wp:featuredmedia":[{"embeddable":true,"href":"https:\/\/unitgames.com.ar\/pc-gamer\/wp-json\/wp\/v2\/media\/18013"}],"wp:attachment":[{"href":"https:\/\/unitgames.com.ar\/pc-gamer\/wp-json\/wp\/v2\/media?parent=18011"}],"wp:term":[{"taxonomy":"product_brand","embeddable":true,"href":"https:\/\/unitgames.com.ar\/pc-gamer\/wp-json\/wp\/v2\/product_brand?post=18011"},{"taxonomy":"product_cat","embeddable":true,"href":"https:\/\/unitgames.com.ar\/pc-gamer\/wp-json\/wp\/v2\/product_cat?post=18011"},{"taxonomy":"product_tag","embeddable":true,"href":"https:\/\/unitgames.com.ar\/pc-gamer\/wp-json\/wp\/v2\/product_tag?post=18011"}],"curies":[{"name":"wp","href":"https:\/\/api.w.org\/{rel}","templated":true}]}}