{"id":18021,"date":"2025-10-25T12:50:06","date_gmt":"2025-10-25T15:50:06","guid":{"rendered":"https:\/\/unitgames.com.ar\/pc-gamer\/?post_type=product&#038;p=18021"},"modified":"2026-04-13T12:26:29","modified_gmt":"2026-04-13T15:26:29","slug":"volante-pedalera-logitech-g29","status":"publish","type":"product","link":"https:\/\/unitgames.com.ar\/pc-gamer\/producto\/volante-pedalera-logitech-g29\/","title":{"rendered":"Volante + Pedalera LOGITECH G29 PC y PS4 \/ PS5"},"content":{"rendered":"<article class=\"text-token-text-primary w-full focus:outline-none [--shadow-height:45px] has-data-writing-block:pointer-events-none has-data-writing-block:-mt-(--shadow-height) has-data-writing-block:pt-(--shadow-height) [&amp;:has([data-writing-block])&gt;*]:pointer-events-auto scroll-mt-[calc(var(--header-height)+min(200px,max(70px,20svh)))]\" dir=\"auto\" tabindex=\"-1\" data-turn-id=\"request-68a68ad6-03cc-8327-8ba9-6cfb66ec1c4d-4\" data-testid=\"conversation-turn-216\" data-scroll-anchor=\"false\" data-turn=\"assistant\">\n<div class=\"text-base my-auto mx-auto [--thread-content-margin:--spacing(4)] thread-sm:[--thread-content-margin:--spacing(6)] thread-lg:[--thread-content-margin:--spacing(16)] px-(--thread-content-margin)\">\n<div class=\"[--thread-content-max-width:40rem] thread-lg:[--thread-content-max-width:48rem] mx-auto max-w-(--thread-content-max-width) flex-1 group\/turn-messages focus-visible:outline-hidden relative flex w-full min-w-0 flex-col agent-turn\" tabindex=\"-1\">\n<div class=\"flex max-w-full flex-col grow\">\n<div class=\"min-h-8 text-message relative flex w-full flex-col items-end gap-2 text-start break-words whitespace-normal [.text-message+&amp;]:mt-1\" dir=\"auto\" data-message-author-role=\"assistant\" data-message-id=\"6d996d30-009e-4000-9045-cdcf1ba13ac1\" data-message-model-slug=\"gpt-5\">\n<div class=\"flex w-full flex-col gap-1 empty:hidden first:pt-[1px]\">\n<div class=\"markdown prose dark:prose-invert w-full break-words light markdown-new-styling\">\n<p data-start=\"48\" data-end=\"422\">El Logitech G29 es un volante con pedalera dise\u00f1ado para ofrecer una experiencia de conducci\u00f3n inmersiva tanto en PC como en consolas PlayStation. Gracias a su sistema de retroalimentaci\u00f3n de fuerza dual-motor, \u00e1ngulo de rotaci\u00f3n de hasta 900\u00b0 y pedalera de tres piezas (acelerador, freno y embrague), este kit es ideal para simuladores de carrera y setups gaming avanzados.<\/p>\n<p data-start=\"424\" data-end=\"458\">\n<p data-start=\"424\" data-end=\"458\"><strong data-start=\"427\" data-end=\"456\">Especificaciones T\u00e9cnicas<\/strong><\/p>\n<ul data-start=\"459\" data-end=\"1071\">\n<li data-start=\"459\" data-end=\"497\">\n<p data-start=\"461\" data-end=\"497\">Compatibilidad: PS5, PS4, PS3 y PC<\/p>\n<\/li>\n<li data-start=\"498\" data-end=\"570\">\n<p data-start=\"500\" data-end=\"570\">Rueda: 10.24\u2033 (~260 mm) de di\u00e1metro, cubierta en cuero cosido a mano<\/p>\n<\/li>\n<li data-start=\"571\" data-end=\"605\">\n<p data-start=\"573\" data-end=\"605\">\u00c1ngulo de rotaci\u00f3n: Hasta 900\u00b0<\/p>\n<\/li>\n<li data-start=\"606\" data-end=\"662\">\n<p data-start=\"608\" data-end=\"662\">Retroalimentaci\u00f3n de fuerza: Dual-motor helical gear<\/p>\n<\/li>\n<li data-start=\"663\" data-end=\"724\">\n<p data-start=\"665\" data-end=\"724\">Pedalera: 3 piezas (acelerador, freno sensible, embrague)<\/p>\n<\/li>\n<li data-start=\"725\" data-end=\"796\">\n<p data-start=\"727\" data-end=\"796\">Conectividad: USB con alimentaci\u00f3n externa para la rueda y pedalera<\/p>\n<\/li>\n<li data-start=\"797\" data-end=\"844\">\n<p data-start=\"799\" data-end=\"844\">Dimensiones de la rueda: 270 \u00d7 260 \u00d7 278 mm<\/p>\n<\/li>\n<li data-start=\"845\" data-end=\"878\">\n<p data-start=\"847\" data-end=\"878\">Peso: 2.25 kg aproximadamente<\/p>\n<\/li>\n<li data-start=\"879\" data-end=\"931\">\n<p data-start=\"881\" data-end=\"931\">Dimensiones de la pedalera: 167 \u00d7 428.5 \u00d7 311 mm<\/p>\n<\/li>\n<li data-start=\"932\" data-end=\"964\">\n<p data-start=\"934\" data-end=\"964\">Peso de la pedalera: ~3.1 kg<\/p>\n<\/li>\n<li data-start=\"965\" data-end=\"1071\">\n<p data-start=\"967\" data-end=\"1071\">Materiales: Estructura de aluminio anodizado, paletas de cambio de acero inoxidable, base antideslizante<\/p>\n<\/li>\n<\/ul>\n<p data-start=\"1073\" data-end=\"1107\">\n<p data-start=\"1073\" data-end=\"1107\"><strong data-start=\"1075\" data-end=\"1105\">Caracter\u00edsticas destacadas<\/strong><\/p>\n<ul data-start=\"1108\" data-end=\"1473\">\n<li data-start=\"1108\" data-end=\"1181\">\n<p data-start=\"1110\" data-end=\"1181\">Sensaci\u00f3n realista de conducci\u00f3n gracias al force feedback dual-motor<\/p>\n<\/li>\n<li data-start=\"1182\" data-end=\"1252\">\n<p data-start=\"1184\" data-end=\"1252\">Rueda dise\u00f1ada con cuero cosido que mejora el agarre y durabilidad<\/p>\n<\/li>\n<li data-start=\"1253\" data-end=\"1326\">\n<p data-start=\"1255\" data-end=\"1326\">Pedalera de tres piezas que incluye embrague para simulaci\u00f3n completa<\/p>\n<\/li>\n<li data-start=\"1327\" data-end=\"1377\">\n<p data-start=\"1329\" data-end=\"1377\">Compatibilidad amplia con PS5\/PS4 y Windows PC<\/p>\n<\/li>\n<li data-start=\"1378\" data-end=\"1473\">\n<p data-start=\"1380\" data-end=\"1473\">Botones y selectores integrados en la rueda para control completo sin cambiar de perif\u00e9rico<\/p>\n<\/li>\n<\/ul>\n<\/div>\n<\/div>\n<\/div>\n<\/div>\n<\/div>\n<\/div>\n<\/article>\n","protected":false},"excerpt":{"rendered":"<p>El Logitech G29 es un volante con pedalera dise\u00f1ado para ofrecer una experiencia de conducci\u00f3n inmersiva tanto en PC como en consolas PlayStation. Gracias a su sistema de retroalimentaci\u00f3n de fuerza dual-motor, \u00e1ngulo de rotaci\u00f3n de hasta 900\u00b0 y pedalera de tres piezas (acelerador, freno y embrague), este kit es ideal para simuladores de carrera y setups gaming avanzados. Especificaciones T\u00e9cnicas Compatibilidad: PS5, PS4, PS3 y PC Rueda: 10.24\u2033 (~260 mm) de di\u00e1metro, cubierta en cuero cosido a mano \u00c1ngulo de rotaci\u00f3n: Hasta 900\u00b0 Retroalimentaci\u00f3n de fuerza: Dual-motor helical gear Pedalera: 3 piezas (acelerador, freno sensible, embrague) Conectividad: USB con alimentaci\u00f3n externa para la rueda y pedalera Dimensiones de la rueda: 270 \u00d7 260 \u00d7 278 mm Peso: 2.25 kg aproximadamente Dimensiones de la pedalera: 167 \u00d7 428.5 \u00d7 311 mm Peso de la pedalera: ~3.1 kg Materiales: Estructura de aluminio anodizado, paletas de cambio de acero inoxidable, base antideslizante Caracter\u00edsticas destacadas Sensaci\u00f3n realista de conducci\u00f3n gracias al force feedback dual-motor Rueda dise\u00f1ada con cuero cosido que mejora el agarre y durabilidad Pedalera de tres piezas que incluye embrague para simulaci\u00f3n completa Compatibilidad amplia con PS5\/PS4 y Windows PC Botones y selectores integrados en la rueda para control completo sin cambiar de perif\u00e9rico<\/p>\n","protected":false},"featured_media":18023,"template":"","meta":{"site-sidebar-layout":"default","site-content-layout":"","ast-site-content-layout":"default","site-content-style":"default","site-sidebar-style":"default","ast-global-header-display":"","ast-banner-title-visibility":"","ast-main-header-display":"","ast-hfb-above-header-display":"","ast-hfb-below-header-display":"","ast-hfb-mobile-header-display":"","site-post-title":"","ast-breadcrumbs-content":"","ast-featured-img":"","footer-sml-layout":"","theme-transparent-header-meta":"default","adv-header-id-meta":"","stick-header-meta":"","header-above-stick-meta":"","header-main-stick-meta":"","header-below-stick-meta":"","astra-migrate-meta-layouts":"set","ast-page-background-enabled":"default","ast-page-background-meta":{"desktop":{"background-color":"var(--ast-global-color-5)","background-image":"","background-repeat":"repeat","background-position":"center center","background-size":"auto","background-attachment":"scroll","background-type":"","background-media":"","overlay-type":"","overlay-color":"","overlay-opacity":"","overlay-gradient":""},"tablet":{"background-color":"","background-image":"","background-repeat":"repeat","background-position":"center center","background-size":"auto","background-attachment":"scroll","background-type":"","background-media":"","overlay-type":"","overlay-color":"","overlay-opacity":"","overlay-gradient":""},"mobile":{"background-color":"","background-image":"","background-repeat":"repeat","background-position":"center center","background-size":"auto","background-attachment":"scroll","background-type":"","background-media":"","overlay-type":"","overlay-color":"","overlay-opacity":"","overlay-gradient":""}},"ast-content-background-meta":{"desktop":{"background-color":"var(--ast-global-color-4)","background-image":"","background-repeat":"repeat","background-position":"center center","background-size":"auto","background-attachment":"scroll","background-type":"","background-media":"","overlay-type":"","overlay-color":"","overlay-opacity":"","overlay-gradient":""},"tablet":{"background-color":"var(--ast-global-color-4)","background-image":"","background-repeat":"repeat","background-position":"center center","background-size":"auto","background-attachment":"scroll","background-type":"","background-media":"","overlay-type":"","overlay-color":"","overlay-opacity":"","overlay-gradient":""},"mobile":{"background-color":"var(--ast-global-color-4)","background-image":"","background-repeat":"repeat","background-position":"center center","background-size":"auto","background-attachment":"scroll","background-type":"","background-media":"","overlay-type":"","overlay-color":"","overlay-opacity":"","overlay-gradient":""}},"_joinchat":[]},"product_brand":[],"product_cat":[127],"product_tag":[],"class_list":{"0":"post-18021","1":"product","2":"type-product","3":"status-publish","4":"has-post-thumbnail","6":"product_cat-volantes","7":"desktop-align-center","8":"tablet-align-left","9":"mobile-align-left","11":"first","12":"instock","13":"shipping-taxable","14":"purchasable","15":"product-type-simple"},"yoast_head":"<!-- This site is optimized with the Yoast SEO plugin v27.3 - https:\/\/yoast.com\/product\/yoast-seo-wordpress\/ -->\n<title>Volante + Pedalera LOGITECH G29 PC y PS4 \/ PS5 - UnitGames<\/title>\n<meta name=\"robots\" content=\"index, follow, max-snippet:-1, max-image-preview:large, max-video-preview:-1\" \/>\n<link rel=\"canonical\" href=\"https:\/\/unitgames.com.ar\/pc-gamer\/producto\/volante-pedalera-logitech-g29\/\" \/>\n<meta property=\"og:locale\" content=\"es_ES\" \/>\n<meta property=\"og:type\" content=\"article\" \/>\n<meta property=\"og:title\" content=\"Volante + Pedalera LOGITECH G29 PC y PS4 \/ PS5 - UnitGames\" \/>\n<meta property=\"og:description\" content=\"El Logitech G29 es un volante con pedalera dise\u00f1ado para ofrecer una experiencia de conducci\u00f3n inmersiva tanto en PC como en consolas PlayStation. Gracias a su sistema de retroalimentaci\u00f3n de fuerza dual-motor, \u00e1ngulo de rotaci\u00f3n de hasta 900\u00b0 y pedalera de tres piezas (acelerador, freno y embrague), este kit es ideal para simuladores de carrera y setups gaming avanzados. Especificaciones T\u00e9cnicas Compatibilidad: PS5, PS4, PS3 y PC Rueda: 10.24\u2033 (~260 mm) de di\u00e1metro, cubierta en cuero cosido a mano \u00c1ngulo de rotaci\u00f3n: Hasta 900\u00b0 Retroalimentaci\u00f3n de fuerza: Dual-motor helical gear Pedalera: 3 piezas (acelerador, freno sensible, embrague) Conectividad: USB con alimentaci\u00f3n externa para la rueda y pedalera Dimensiones de la rueda: 270 \u00d7 260 \u00d7 278 mm Peso: 2.25 kg aproximadamente Dimensiones de la pedalera: 167 \u00d7 428.5 \u00d7 311 mm Peso de la pedalera: ~3.1 kg Materiales: Estructura de aluminio anodizado, paletas de cambio de acero inoxidable, base antideslizante Caracter\u00edsticas destacadas Sensaci\u00f3n realista de conducci\u00f3n gracias al force feedback dual-motor Rueda dise\u00f1ada con cuero cosido que mejora el agarre y durabilidad Pedalera de tres piezas que incluye embrague para simulaci\u00f3n completa Compatibilidad amplia con PS5\/PS4 y Windows PC Botones y selectores integrados en la rueda para control completo sin cambiar de perif\u00e9rico\" \/>\n<meta property=\"og:url\" content=\"https:\/\/unitgames.com.ar\/pc-gamer\/producto\/volante-pedalera-logitech-g29\/\" \/>\n<meta property=\"og:site_name\" content=\"UnitGames\" \/>\n<meta property=\"article:modified_time\" content=\"2026-04-13T15:26:29+00:00\" \/>\n<meta property=\"og:image\" content=\"https:\/\/unitgames.com.ar\/pc-gamer\/wp-content\/uploads\/2025\/10\/Volante-Pedalera-LOGITECH-G29.png\" \/>\n\t<meta property=\"og:image:width\" content=\"1283\" \/>\n\t<meta property=\"og:image:height\" content=\"1283\" \/>\n\t<meta property=\"og:image:type\" content=\"image\/png\" \/>\n<meta name=\"twitter:card\" content=\"summary_large_image\" \/>\n<meta name=\"twitter:label1\" content=\"Tiempo de lectura\" \/>\n\t<meta name=\"twitter:data1\" content=\"2 minutos\" \/>\n<script type=\"application\/ld+json\" class=\"yoast-schema-graph\">{\"@context\":\"https:\\\/\\\/schema.org\",\"@graph\":[{\"@type\":\"WebPage\",\"@id\":\"https:\\\/\\\/unitgames.com.ar\\\/pc-gamer\\\/producto\\\/volante-pedalera-logitech-g29\\\/\",\"url\":\"https:\\\/\\\/unitgames.com.ar\\\/pc-gamer\\\/producto\\\/volante-pedalera-logitech-g29\\\/\",\"name\":\"Volante + Pedalera LOGITECH G29 PC y PS4 \\\/ PS5 - UnitGames\",\"isPartOf\":{\"@id\":\"https:\\\/\\\/unitgames.com.ar\\\/pc-gamer\\\/#website\"},\"primaryImageOfPage\":{\"@id\":\"https:\\\/\\\/unitgames.com.ar\\\/pc-gamer\\\/producto\\\/volante-pedalera-logitech-g29\\\/#primaryimage\"},\"image\":{\"@id\":\"https:\\\/\\\/unitgames.com.ar\\\/pc-gamer\\\/producto\\\/volante-pedalera-logitech-g29\\\/#primaryimage\"},\"thumbnailUrl\":\"https:\\\/\\\/unitgames.com.ar\\\/pc-gamer\\\/wp-content\\\/uploads\\\/2025\\\/10\\\/Volante-Pedalera-LOGITECH-G29.png\",\"datePublished\":\"2025-10-25T15:50:06+00:00\",\"dateModified\":\"2026-04-13T15:26:29+00:00\",\"breadcrumb\":{\"@id\":\"https:\\\/\\\/unitgames.com.ar\\\/pc-gamer\\\/producto\\\/volante-pedalera-logitech-g29\\\/#breadcrumb\"},\"inLanguage\":\"es\",\"potentialAction\":[{\"@type\":\"ReadAction\",\"target\":[\"https:\\\/\\\/unitgames.com.ar\\\/pc-gamer\\\/producto\\\/volante-pedalera-logitech-g29\\\/\"]}]},{\"@type\":\"ImageObject\",\"inLanguage\":\"es\",\"@id\":\"https:\\\/\\\/unitgames.com.ar\\\/pc-gamer\\\/producto\\\/volante-pedalera-logitech-g29\\\/#primaryimage\",\"url\":\"https:\\\/\\\/unitgames.com.ar\\\/pc-gamer\\\/wp-content\\\/uploads\\\/2025\\\/10\\\/Volante-Pedalera-LOGITECH-G29.png\",\"contentUrl\":\"https:\\\/\\\/unitgames.com.ar\\\/pc-gamer\\\/wp-content\\\/uploads\\\/2025\\\/10\\\/Volante-Pedalera-LOGITECH-G29.png\",\"width\":1283,\"height\":1283},{\"@type\":\"BreadcrumbList\",\"@id\":\"https:\\\/\\\/unitgames.com.ar\\\/pc-gamer\\\/producto\\\/volante-pedalera-logitech-g29\\\/#breadcrumb\",\"itemListElement\":[{\"@type\":\"ListItem\",\"position\":1,\"name\":\"Tienda\",\"item\":\"https:\\\/\\\/unitgames.com.ar\\\/pc-gamer\\\/tienda\\\/\"},{\"@type\":\"ListItem\",\"position\":2,\"name\":\"Volante + Pedalera LOGITECH G29 PC y PS4 \\\/ PS5\"}]},{\"@type\":\"WebSite\",\"@id\":\"https:\\\/\\\/unitgames.com.ar\\\/pc-gamer\\\/#website\",\"url\":\"https:\\\/\\\/unitgames.com.ar\\\/pc-gamer\\\/\",\"name\":\"UnitGames\",\"description\":\"Venta de PC Gamers, Consolas , Servicio Tecnico Especializado. Todos en Accesorios Informaticos y Gamers\",\"publisher\":{\"@id\":\"https:\\\/\\\/unitgames.com.ar\\\/pc-gamer\\\/#organization\"},\"potentialAction\":[{\"@type\":\"SearchAction\",\"target\":{\"@type\":\"EntryPoint\",\"urlTemplate\":\"https:\\\/\\\/unitgames.com.ar\\\/pc-gamer\\\/?s={search_term_string}\"},\"query-input\":{\"@type\":\"PropertyValueSpecification\",\"valueRequired\":true,\"valueName\":\"search_term_string\"}}],\"inLanguage\":\"es\"},{\"@type\":\"Organization\",\"@id\":\"https:\\\/\\\/unitgames.com.ar\\\/pc-gamer\\\/#organization\",\"name\":\"UnitGames\",\"url\":\"https:\\\/\\\/unitgames.com.ar\\\/pc-gamer\\\/\",\"logo\":{\"@type\":\"ImageObject\",\"inLanguage\":\"es\",\"@id\":\"https:\\\/\\\/unitgames.com.ar\\\/pc-gamer\\\/#\\\/schema\\\/logo\\\/image\\\/\",\"url\":\"https:\\\/\\\/unitgames.com.ar\\\/pc-gamer\\\/wp-content\\\/uploads\\\/2021\\\/01\\\/cropped-logoUnitGames2.png\",\"contentUrl\":\"https:\\\/\\\/unitgames.com.ar\\\/pc-gamer\\\/wp-content\\\/uploads\\\/2021\\\/01\\\/cropped-logoUnitGames2.png\",\"width\":152,\"height\":200,\"caption\":\"UnitGames\"},\"image\":{\"@id\":\"https:\\\/\\\/unitgames.com.ar\\\/pc-gamer\\\/#\\\/schema\\\/logo\\\/image\\\/\"}}]}<\/script>\n<!-- \/ Yoast SEO plugin. -->","yoast_head_json":{"title":"Volante + Pedalera LOGITECH G29 PC y PS4 \/ PS5 - UnitGames","robots":{"index":"index","follow":"follow","max-snippet":"max-snippet:-1","max-image-preview":"max-image-preview:large","max-video-preview":"max-video-preview:-1"},"canonical":"https:\/\/unitgames.com.ar\/pc-gamer\/producto\/volante-pedalera-logitech-g29\/","og_locale":"es_ES","og_type":"article","og_title":"Volante + Pedalera LOGITECH G29 PC y PS4 \/ PS5 - UnitGames","og_description":"El Logitech G29 es un volante con pedalera dise\u00f1ado para ofrecer una experiencia de conducci\u00f3n inmersiva tanto en PC como en consolas PlayStation. Gracias a su sistema de retroalimentaci\u00f3n de fuerza dual-motor, \u00e1ngulo de rotaci\u00f3n de hasta 900\u00b0 y pedalera de tres piezas (acelerador, freno y embrague), este kit es ideal para simuladores de carrera y setups gaming avanzados. Especificaciones T\u00e9cnicas Compatibilidad: PS5, PS4, PS3 y PC Rueda: 10.24\u2033 (~260 mm) de di\u00e1metro, cubierta en cuero cosido a mano \u00c1ngulo de rotaci\u00f3n: Hasta 900\u00b0 Retroalimentaci\u00f3n de fuerza: Dual-motor helical gear Pedalera: 3 piezas (acelerador, freno sensible, embrague) Conectividad: USB con alimentaci\u00f3n externa para la rueda y pedalera Dimensiones de la rueda: 270 \u00d7 260 \u00d7 278 mm Peso: 2.25 kg aproximadamente Dimensiones de la pedalera: 167 \u00d7 428.5 \u00d7 311 mm Peso de la pedalera: ~3.1 kg Materiales: Estructura de aluminio anodizado, paletas de cambio de acero inoxidable, base antideslizante Caracter\u00edsticas destacadas Sensaci\u00f3n realista de conducci\u00f3n gracias al force feedback dual-motor Rueda dise\u00f1ada con cuero cosido que mejora el agarre y durabilidad Pedalera de tres piezas que incluye embrague para simulaci\u00f3n completa Compatibilidad amplia con PS5\/PS4 y Windows PC Botones y selectores integrados en la rueda para control completo sin cambiar de perif\u00e9rico","og_url":"https:\/\/unitgames.com.ar\/pc-gamer\/producto\/volante-pedalera-logitech-g29\/","og_site_name":"UnitGames","article_modified_time":"2026-04-13T15:26:29+00:00","og_image":[{"width":1283,"height":1283,"url":"https:\/\/unitgames.com.ar\/pc-gamer\/wp-content\/uploads\/2025\/10\/Volante-Pedalera-LOGITECH-G29.png","type":"image\/png"}],"twitter_card":"summary_large_image","twitter_misc":{"Tiempo de lectura":"2 minutos"},"schema":{"@context":"https:\/\/schema.org","@graph":[{"@type":"WebPage","@id":"https:\/\/unitgames.com.ar\/pc-gamer\/producto\/volante-pedalera-logitech-g29\/","url":"https:\/\/unitgames.com.ar\/pc-gamer\/producto\/volante-pedalera-logitech-g29\/","name":"Volante + Pedalera LOGITECH G29 PC y PS4 \/ PS5 - UnitGames","isPartOf":{"@id":"https:\/\/unitgames.com.ar\/pc-gamer\/#website"},"primaryImageOfPage":{"@id":"https:\/\/unitgames.com.ar\/pc-gamer\/producto\/volante-pedalera-logitech-g29\/#primaryimage"},"image":{"@id":"https:\/\/unitgames.com.ar\/pc-gamer\/producto\/volante-pedalera-logitech-g29\/#primaryimage"},"thumbnailUrl":"https:\/\/unitgames.com.ar\/pc-gamer\/wp-content\/uploads\/2025\/10\/Volante-Pedalera-LOGITECH-G29.png","datePublished":"2025-10-25T15:50:06+00:00","dateModified":"2026-04-13T15:26:29+00:00","breadcrumb":{"@id":"https:\/\/unitgames.com.ar\/pc-gamer\/producto\/volante-pedalera-logitech-g29\/#breadcrumb"},"inLanguage":"es","potentialAction":[{"@type":"ReadAction","target":["https:\/\/unitgames.com.ar\/pc-gamer\/producto\/volante-pedalera-logitech-g29\/"]}]},{"@type":"ImageObject","inLanguage":"es","@id":"https:\/\/unitgames.com.ar\/pc-gamer\/producto\/volante-pedalera-logitech-g29\/#primaryimage","url":"https:\/\/unitgames.com.ar\/pc-gamer\/wp-content\/uploads\/2025\/10\/Volante-Pedalera-LOGITECH-G29.png","contentUrl":"https:\/\/unitgames.com.ar\/pc-gamer\/wp-content\/uploads\/2025\/10\/Volante-Pedalera-LOGITECH-G29.png","width":1283,"height":1283},{"@type":"BreadcrumbList","@id":"https:\/\/unitgames.com.ar\/pc-gamer\/producto\/volante-pedalera-logitech-g29\/#breadcrumb","itemListElement":[{"@type":"ListItem","position":1,"name":"Tienda","item":"https:\/\/unitgames.com.ar\/pc-gamer\/tienda\/"},{"@type":"ListItem","position":2,"name":"Volante + Pedalera LOGITECH G29 PC y PS4 \/ PS5"}]},{"@type":"WebSite","@id":"https:\/\/unitgames.com.ar\/pc-gamer\/#website","url":"https:\/\/unitgames.com.ar\/pc-gamer\/","name":"UnitGames","description":"Venta de PC Gamers, Consolas , Servicio Tecnico Especializado. Todos en Accesorios Informaticos y Gamers","publisher":{"@id":"https:\/\/unitgames.com.ar\/pc-gamer\/#organization"},"potentialAction":[{"@type":"SearchAction","target":{"@type":"EntryPoint","urlTemplate":"https:\/\/unitgames.com.ar\/pc-gamer\/?s={search_term_string}"},"query-input":{"@type":"PropertyValueSpecification","valueRequired":true,"valueName":"search_term_string"}}],"inLanguage":"es"},{"@type":"Organization","@id":"https:\/\/unitgames.com.ar\/pc-gamer\/#organization","name":"UnitGames","url":"https:\/\/unitgames.com.ar\/pc-gamer\/","logo":{"@type":"ImageObject","inLanguage":"es","@id":"https:\/\/unitgames.com.ar\/pc-gamer\/#\/schema\/logo\/image\/","url":"https:\/\/unitgames.com.ar\/pc-gamer\/wp-content\/uploads\/2021\/01\/cropped-logoUnitGames2.png","contentUrl":"https:\/\/unitgames.com.ar\/pc-gamer\/wp-content\/uploads\/2021\/01\/cropped-logoUnitGames2.png","width":152,"height":200,"caption":"UnitGames"},"image":{"@id":"https:\/\/unitgames.com.ar\/pc-gamer\/#\/schema\/logo\/image\/"}}]}},"_links":{"self":[{"href":"https:\/\/unitgames.com.ar\/pc-gamer\/wp-json\/wp\/v2\/product\/18021","targetHints":{"allow":["GET"]}}],"collection":[{"href":"https:\/\/unitgames.com.ar\/pc-gamer\/wp-json\/wp\/v2\/product"}],"about":[{"href":"https:\/\/unitgames.com.ar\/pc-gamer\/wp-json\/wp\/v2\/types\/product"}],"version-history":[{"count":1,"href":"https:\/\/unitgames.com.ar\/pc-gamer\/wp-json\/wp\/v2\/product\/18021\/revisions"}],"predecessor-version":[{"id":20876,"href":"https:\/\/unitgames.com.ar\/pc-gamer\/wp-json\/wp\/v2\/product\/18021\/revisions\/20876"}],"wp:featuredmedia":[{"embeddable":true,"href":"https:\/\/unitgames.com.ar\/pc-gamer\/wp-json\/wp\/v2\/media\/18023"}],"wp:attachment":[{"href":"https:\/\/unitgames.com.ar\/pc-gamer\/wp-json\/wp\/v2\/media?parent=18021"}],"wp:term":[{"taxonomy":"product_brand","embeddable":true,"href":"https:\/\/unitgames.com.ar\/pc-gamer\/wp-json\/wp\/v2\/product_brand?post=18021"},{"taxonomy":"product_cat","embeddable":true,"href":"https:\/\/unitgames.com.ar\/pc-gamer\/wp-json\/wp\/v2\/product_cat?post=18021"},{"taxonomy":"product_tag","embeddable":true,"href":"https:\/\/unitgames.com.ar\/pc-gamer\/wp-json\/wp\/v2\/product_tag?post=18021"}],"curies":[{"name":"wp","href":"https:\/\/api.w.org\/{rel}","templated":true}]}}