{"id":18095,"date":"2025-11-06T17:39:45","date_gmt":"2025-11-06T20:39:45","guid":{"rendered":"https:\/\/unitgames.com.ar\/pc-gamer\/?post_type=product&#038;p=18095"},"modified":"2026-01-09T07:12:48","modified_gmt":"2026-01-09T10:12:48","slug":"teclado-mecanico-aureox-endurance","status":"publish","type":"product","link":"https:\/\/unitgames.com.ar\/pc-gamer\/producto\/teclado-mecanico-aureox-endurance\/","title":{"rendered":"Teclado Mecanico AUREOX Endurance"},"content":{"rendered":"<p data-start=\"52\" data-end=\"329\">El AUREOX Endurance es un teclado mec\u00e1nico dise\u00f1ado para gamers que buscan durabilidad, rendimiento y una est\u00e9tica RGB moderna. Con interruptores mec\u00e1nicos, anti-ghosting y construcci\u00f3n met\u00e1lica, es ideal tanto para sesiones de juego intensas como para usos de productividad.<\/p>\n<p data-start=\"331\" data-end=\"365\"><strong data-start=\"334\" data-end=\"363\">Especificaciones T\u00e9cnicas<\/strong><\/p>\n<ul data-start=\"366\" data-end=\"908\">\n<li data-start=\"366\" data-end=\"383\">\n<p data-start=\"368\" data-end=\"383\">Marca: AUREOX<\/p>\n<\/li>\n<li data-start=\"384\" data-end=\"411\">\n<p data-start=\"386\" data-end=\"411\">Modelo: Endurance GK200<\/p>\n<\/li>\n<li data-start=\"412\" data-end=\"430\">\n<p data-start=\"414\" data-end=\"430\">Tipo: Mec\u00e1nico<\/p>\n<\/li>\n<li data-start=\"431\" data-end=\"494\">\n<p data-start=\"433\" data-end=\"494\">Switches: Mec\u00e1nicos tipo Outemu Blue (click t\u00e1ctil audible)<\/p>\n<\/li>\n<li data-start=\"495\" data-end=\"538\">\n<p data-start=\"497\" data-end=\"538\">Iluminaci\u00f3n: RGB con efecto respiraci\u00f3n<\/p>\n<\/li>\n<li data-start=\"539\" data-end=\"585\">\n<p data-start=\"541\" data-end=\"585\">Anti-ghosting: hasta 19 teclas simult\u00e1neas<\/p>\n<\/li>\n<li data-start=\"586\" data-end=\"639\">\n<p data-start=\"588\" data-end=\"639\">Funci\u00f3n de tecla Windows desactivable para gaming<\/p>\n<\/li>\n<li data-start=\"640\" data-end=\"675\">\n<p data-start=\"642\" data-end=\"675\">Teclas multimedia dedicadas: 11<\/p>\n<\/li>\n<li data-start=\"676\" data-end=\"709\">\n<p data-start=\"678\" data-end=\"709\">Layout: Espa\u00f1ol Latinoam\u00e9rica<\/p>\n<\/li>\n<li data-start=\"710\" data-end=\"736\">\n<p data-start=\"712\" data-end=\"736\">Conexi\u00f3n: USB cableado<\/p>\n<\/li>\n<li data-start=\"737\" data-end=\"784\">\n<p data-start=\"739\" data-end=\"784\">Material de cubierta: Metal de alta calidad<\/p>\n<\/li>\n<li data-start=\"785\" data-end=\"823\">\n<p data-start=\"787\" data-end=\"823\">Teclas con frente grabado en l\u00e1ser<\/p>\n<\/li>\n<li data-start=\"824\" data-end=\"866\">\n<p data-start=\"826\" data-end=\"866\">Distribuci\u00f3n: 475 mm de ancho (aprox.)<\/p>\n<\/li>\n<li data-start=\"867\" data-end=\"908\">\n<p data-start=\"869\" data-end=\"908\">Accessorios: Pies de apoyo rebatibles<\/p>\n<\/li>\n<\/ul>\n<p data-start=\"910\" data-end=\"944\"><strong data-start=\"912\" data-end=\"942\">Caracter\u00edsticas destacadas<\/strong><\/p>\n<ul data-start=\"945\" data-end=\"1317\">\n<li data-start=\"945\" data-end=\"1014\">\n<p data-start=\"947\" data-end=\"1014\">Construcci\u00f3n robusta con cubierta de metal que aporta estabilidad<\/p>\n<\/li>\n<li data-start=\"1015\" data-end=\"1089\">\n<p data-start=\"1017\" data-end=\"1089\">Switches mec\u00e1nicos blue que brindan respuesta r\u00e1pida y feedback t\u00e1ctil<\/p>\n<\/li>\n<li data-start=\"1090\" data-end=\"1157\">\n<p data-start=\"1092\" data-end=\"1157\">Iluminaci\u00f3n RGB personalizable que mejora la est\u00e9tica del setup<\/p>\n<\/li>\n<li data-start=\"1158\" data-end=\"1235\">\n<p data-start=\"1160\" data-end=\"1235\">Anti-ghosting de 19 teclas para juego competitivo sin fallos de pulsaci\u00f3n<\/p>\n<\/li>\n<li data-start=\"1236\" data-end=\"1317\">\n<p data-start=\"1238\" data-end=\"1317\">11 teclas multimedia dedicadas para control r\u00e1pido de audio, v\u00eddeo e internet<\/p>\n<\/li>\n<\/ul>\n","protected":false},"excerpt":{"rendered":"<p>El AUREOX Endurance es un teclado mec\u00e1nico dise\u00f1ado para gamers que buscan durabilidad, rendimiento y una est\u00e9tica RGB moderna. Con interruptores mec\u00e1nicos, anti-ghosting y construcci\u00f3n met\u00e1lica, es ideal tanto para sesiones de juego intensas como para usos de productividad. Especificaciones T\u00e9cnicas Marca: AUREOX Modelo: Endurance GK200 Tipo: Mec\u00e1nico Switches: Mec\u00e1nicos tipo Outemu Blue (click t\u00e1ctil audible) Iluminaci\u00f3n: RGB con efecto respiraci\u00f3n Anti-ghosting: hasta 19 teclas simult\u00e1neas Funci\u00f3n de tecla Windows desactivable para gaming Teclas multimedia dedicadas: 11 Layout: Espa\u00f1ol Latinoam\u00e9rica Conexi\u00f3n: USB cableado Material de cubierta: Metal de alta calidad Teclas con frente grabado en l\u00e1ser Distribuci\u00f3n: 475 mm de ancho (aprox.) Accessorios: Pies de apoyo rebatibles Caracter\u00edsticas destacadas Construcci\u00f3n robusta con cubierta de metal que aporta estabilidad Switches mec\u00e1nicos blue que brindan respuesta r\u00e1pida y feedback t\u00e1ctil Iluminaci\u00f3n RGB personalizable que mejora la est\u00e9tica del setup Anti-ghosting de 19 teclas para juego competitivo sin fallos de pulsaci\u00f3n 11 teclas multimedia dedicadas para control r\u00e1pido de audio, v\u00eddeo e internet<\/p>\n","protected":false},"featured_media":18098,"template":"","meta":{"site-sidebar-layout":"default","site-content-layout":"","ast-site-content-layout":"default","site-content-style":"default","site-sidebar-style":"default","ast-global-header-display":"","ast-banner-title-visibility":"","ast-main-header-display":"","ast-hfb-above-header-display":"","ast-hfb-below-header-display":"","ast-hfb-mobile-header-display":"","site-post-title":"","ast-breadcrumbs-content":"","ast-featured-img":"","footer-sml-layout":"","theme-transparent-header-meta":"default","adv-header-id-meta":"","stick-header-meta":"","header-above-stick-meta":"","header-main-stick-meta":"","header-below-stick-meta":"","astra-migrate-meta-layouts":"set","ast-page-background-enabled":"default","ast-page-background-meta":{"desktop":{"background-color":"var(--ast-global-color-5)","background-image":"","background-repeat":"repeat","background-position":"center center","background-size":"auto","background-attachment":"scroll","background-type":"","background-media":"","overlay-type":"","overlay-color":"","overlay-opacity":"","overlay-gradient":""},"tablet":{"background-color":"","background-image":"","background-repeat":"repeat","background-position":"center center","background-size":"auto","background-attachment":"scroll","background-type":"","background-media":"","overlay-type":"","overlay-color":"","overlay-opacity":"","overlay-gradient":""},"mobile":{"background-color":"","background-image":"","background-repeat":"repeat","background-position":"center center","background-size":"auto","background-attachment":"scroll","background-type":"","background-media":"","overlay-type":"","overlay-color":"","overlay-opacity":"","overlay-gradient":""}},"ast-content-background-meta":{"desktop":{"background-color":"var(--ast-global-color-4)","background-image":"","background-repeat":"repeat","background-position":"center center","background-size":"auto","background-attachment":"scroll","background-type":"","background-media":"","overlay-type":"","overlay-color":"","overlay-opacity":"","overlay-gradient":""},"tablet":{"background-color":"var(--ast-global-color-4)","background-image":"","background-repeat":"repeat","background-position":"center center","background-size":"auto","background-attachment":"scroll","background-type":"","background-media":"","overlay-type":"","overlay-color":"","overlay-opacity":"","overlay-gradient":""},"mobile":{"background-color":"var(--ast-global-color-4)","background-image":"","background-repeat":"repeat","background-position":"center center","background-size":"auto","background-attachment":"scroll","background-type":"","background-media":"","overlay-type":"","overlay-color":"","overlay-opacity":"","overlay-gradient":""}},"_joinchat":[]},"product_brand":[],"product_cat":[93],"product_tag":[],"class_list":{"0":"post-18095","1":"product","2":"type-product","3":"status-publish","4":"has-post-thumbnail","6":"product_cat-teclados-membrana","7":"desktop-align-center","8":"tablet-align-left","9":"mobile-align-left","11":"first","12":"instock","13":"shipping-taxable","14":"purchasable","15":"product-type-simple"},"yoast_head":"<!-- This site is optimized with the Yoast SEO plugin v27.5 - https:\/\/yoast.com\/product\/yoast-seo-wordpress\/ -->\n<title>Teclado Mecanico AUREOX Endurance - UnitGames<\/title>\n<meta name=\"robots\" content=\"index, follow, max-snippet:-1, max-image-preview:large, max-video-preview:-1\" \/>\n<link rel=\"canonical\" href=\"https:\/\/unitgames.com.ar\/pc-gamer\/producto\/teclado-mecanico-aureox-endurance\/\" \/>\n<meta property=\"og:locale\" content=\"es_ES\" \/>\n<meta property=\"og:type\" content=\"article\" \/>\n<meta property=\"og:title\" content=\"Teclado Mecanico AUREOX Endurance - UnitGames\" \/>\n<meta property=\"og:description\" content=\"El AUREOX Endurance es un teclado mec\u00e1nico dise\u00f1ado para gamers que buscan durabilidad, rendimiento y una est\u00e9tica RGB moderna. Con interruptores mec\u00e1nicos, anti-ghosting y construcci\u00f3n met\u00e1lica, es ideal tanto para sesiones de juego intensas como para usos de productividad. Especificaciones T\u00e9cnicas Marca: AUREOX Modelo: Endurance GK200 Tipo: Mec\u00e1nico Switches: Mec\u00e1nicos tipo Outemu Blue (click t\u00e1ctil audible) Iluminaci\u00f3n: RGB con efecto respiraci\u00f3n Anti-ghosting: hasta 19 teclas simult\u00e1neas Funci\u00f3n de tecla Windows desactivable para gaming Teclas multimedia dedicadas: 11 Layout: Espa\u00f1ol Latinoam\u00e9rica Conexi\u00f3n: USB cableado Material de cubierta: Metal de alta calidad Teclas con frente grabado en l\u00e1ser Distribuci\u00f3n: 475 mm de ancho (aprox.) Accessorios: Pies de apoyo rebatibles Caracter\u00edsticas destacadas Construcci\u00f3n robusta con cubierta de metal que aporta estabilidad Switches mec\u00e1nicos blue que brindan respuesta r\u00e1pida y feedback t\u00e1ctil Iluminaci\u00f3n RGB personalizable que mejora la est\u00e9tica del setup Anti-ghosting de 19 teclas para juego competitivo sin fallos de pulsaci\u00f3n 11 teclas multimedia dedicadas para control r\u00e1pido de audio, v\u00eddeo e internet\" \/>\n<meta property=\"og:url\" content=\"https:\/\/unitgames.com.ar\/pc-gamer\/producto\/teclado-mecanico-aureox-endurance\/\" \/>\n<meta property=\"og:site_name\" content=\"UnitGames\" \/>\n<meta property=\"article:modified_time\" content=\"2026-01-09T10:12:48+00:00\" \/>\n<meta property=\"og:image\" content=\"https:\/\/unitgames.com.ar\/pc-gamer\/wp-content\/uploads\/2025\/11\/Teclado-Mecanico-AUREOX-Endurance.png\" \/>\n\t<meta property=\"og:image:width\" content=\"1283\" \/>\n\t<meta property=\"og:image:height\" content=\"1284\" \/>\n\t<meta property=\"og:image:type\" content=\"image\/png\" \/>\n<meta name=\"twitter:card\" content=\"summary_large_image\" \/>\n<meta name=\"twitter:label1\" content=\"Tiempo de lectura\" \/>\n\t<meta name=\"twitter:data1\" content=\"1 minuto\" \/>\n<script type=\"application\/ld+json\" class=\"yoast-schema-graph\">{\"@context\":\"https:\\\/\\\/schema.org\",\"@graph\":[{\"@type\":\"WebPage\",\"@id\":\"https:\\\/\\\/unitgames.com.ar\\\/pc-gamer\\\/producto\\\/teclado-mecanico-aureox-endurance\\\/\",\"url\":\"https:\\\/\\\/unitgames.com.ar\\\/pc-gamer\\\/producto\\\/teclado-mecanico-aureox-endurance\\\/\",\"name\":\"Teclado Mecanico AUREOX Endurance - UnitGames\",\"isPartOf\":{\"@id\":\"https:\\\/\\\/unitgames.com.ar\\\/pc-gamer\\\/#website\"},\"primaryImageOfPage\":{\"@id\":\"https:\\\/\\\/unitgames.com.ar\\\/pc-gamer\\\/producto\\\/teclado-mecanico-aureox-endurance\\\/#primaryimage\"},\"image\":{\"@id\":\"https:\\\/\\\/unitgames.com.ar\\\/pc-gamer\\\/producto\\\/teclado-mecanico-aureox-endurance\\\/#primaryimage\"},\"thumbnailUrl\":\"https:\\\/\\\/unitgames.com.ar\\\/pc-gamer\\\/wp-content\\\/uploads\\\/2025\\\/11\\\/Teclado-Mecanico-AUREOX-Endurance.png\",\"datePublished\":\"2025-11-06T20:39:45+00:00\",\"dateModified\":\"2026-01-09T10:12:48+00:00\",\"breadcrumb\":{\"@id\":\"https:\\\/\\\/unitgames.com.ar\\\/pc-gamer\\\/producto\\\/teclado-mecanico-aureox-endurance\\\/#breadcrumb\"},\"inLanguage\":\"es\",\"potentialAction\":[{\"@type\":\"ReadAction\",\"target\":[\"https:\\\/\\\/unitgames.com.ar\\\/pc-gamer\\\/producto\\\/teclado-mecanico-aureox-endurance\\\/\"]}]},{\"@type\":\"ImageObject\",\"inLanguage\":\"es\",\"@id\":\"https:\\\/\\\/unitgames.com.ar\\\/pc-gamer\\\/producto\\\/teclado-mecanico-aureox-endurance\\\/#primaryimage\",\"url\":\"https:\\\/\\\/unitgames.com.ar\\\/pc-gamer\\\/wp-content\\\/uploads\\\/2025\\\/11\\\/Teclado-Mecanico-AUREOX-Endurance.png\",\"contentUrl\":\"https:\\\/\\\/unitgames.com.ar\\\/pc-gamer\\\/wp-content\\\/uploads\\\/2025\\\/11\\\/Teclado-Mecanico-AUREOX-Endurance.png\",\"width\":1283,\"height\":1284},{\"@type\":\"BreadcrumbList\",\"@id\":\"https:\\\/\\\/unitgames.com.ar\\\/pc-gamer\\\/producto\\\/teclado-mecanico-aureox-endurance\\\/#breadcrumb\",\"itemListElement\":[{\"@type\":\"ListItem\",\"position\":1,\"name\":\"Tienda\",\"item\":\"https:\\\/\\\/unitgames.com.ar\\\/pc-gamer\\\/tienda\\\/\"},{\"@type\":\"ListItem\",\"position\":2,\"name\":\"Teclado Mecanico AUREOX Endurance\"}]},{\"@type\":\"WebSite\",\"@id\":\"https:\\\/\\\/unitgames.com.ar\\\/pc-gamer\\\/#website\",\"url\":\"https:\\\/\\\/unitgames.com.ar\\\/pc-gamer\\\/\",\"name\":\"UnitGames\",\"description\":\"Venta de PC Gamers, Consolas , Servicio Tecnico Especializado. Todos en Accesorios Informaticos y Gamers\",\"publisher\":{\"@id\":\"https:\\\/\\\/unitgames.com.ar\\\/pc-gamer\\\/#organization\"},\"potentialAction\":[{\"@type\":\"SearchAction\",\"target\":{\"@type\":\"EntryPoint\",\"urlTemplate\":\"https:\\\/\\\/unitgames.com.ar\\\/pc-gamer\\\/?s={search_term_string}\"},\"query-input\":{\"@type\":\"PropertyValueSpecification\",\"valueRequired\":true,\"valueName\":\"search_term_string\"}}],\"inLanguage\":\"es\"},{\"@type\":\"Organization\",\"@id\":\"https:\\\/\\\/unitgames.com.ar\\\/pc-gamer\\\/#organization\",\"name\":\"UnitGames\",\"url\":\"https:\\\/\\\/unitgames.com.ar\\\/pc-gamer\\\/\",\"logo\":{\"@type\":\"ImageObject\",\"inLanguage\":\"es\",\"@id\":\"https:\\\/\\\/unitgames.com.ar\\\/pc-gamer\\\/#\\\/schema\\\/logo\\\/image\\\/\",\"url\":\"https:\\\/\\\/unitgames.com.ar\\\/pc-gamer\\\/wp-content\\\/uploads\\\/2021\\\/01\\\/cropped-logoUnitGames2.png\",\"contentUrl\":\"https:\\\/\\\/unitgames.com.ar\\\/pc-gamer\\\/wp-content\\\/uploads\\\/2021\\\/01\\\/cropped-logoUnitGames2.png\",\"width\":152,\"height\":200,\"caption\":\"UnitGames\"},\"image\":{\"@id\":\"https:\\\/\\\/unitgames.com.ar\\\/pc-gamer\\\/#\\\/schema\\\/logo\\\/image\\\/\"}}]}<\/script>\n<!-- \/ Yoast SEO plugin. -->","yoast_head_json":{"title":"Teclado Mecanico AUREOX Endurance - UnitGames","robots":{"index":"index","follow":"follow","max-snippet":"max-snippet:-1","max-image-preview":"max-image-preview:large","max-video-preview":"max-video-preview:-1"},"canonical":"https:\/\/unitgames.com.ar\/pc-gamer\/producto\/teclado-mecanico-aureox-endurance\/","og_locale":"es_ES","og_type":"article","og_title":"Teclado Mecanico AUREOX Endurance - UnitGames","og_description":"El AUREOX Endurance es un teclado mec\u00e1nico dise\u00f1ado para gamers que buscan durabilidad, rendimiento y una est\u00e9tica RGB moderna. Con interruptores mec\u00e1nicos, anti-ghosting y construcci\u00f3n met\u00e1lica, es ideal tanto para sesiones de juego intensas como para usos de productividad. Especificaciones T\u00e9cnicas Marca: AUREOX Modelo: Endurance GK200 Tipo: Mec\u00e1nico Switches: Mec\u00e1nicos tipo Outemu Blue (click t\u00e1ctil audible) Iluminaci\u00f3n: RGB con efecto respiraci\u00f3n Anti-ghosting: hasta 19 teclas simult\u00e1neas Funci\u00f3n de tecla Windows desactivable para gaming Teclas multimedia dedicadas: 11 Layout: Espa\u00f1ol Latinoam\u00e9rica Conexi\u00f3n: USB cableado Material de cubierta: Metal de alta calidad Teclas con frente grabado en l\u00e1ser Distribuci\u00f3n: 475 mm de ancho (aprox.) Accessorios: Pies de apoyo rebatibles Caracter\u00edsticas destacadas Construcci\u00f3n robusta con cubierta de metal que aporta estabilidad Switches mec\u00e1nicos blue que brindan respuesta r\u00e1pida y feedback t\u00e1ctil Iluminaci\u00f3n RGB personalizable que mejora la est\u00e9tica del setup Anti-ghosting de 19 teclas para juego competitivo sin fallos de pulsaci\u00f3n 11 teclas multimedia dedicadas para control r\u00e1pido de audio, v\u00eddeo e internet","og_url":"https:\/\/unitgames.com.ar\/pc-gamer\/producto\/teclado-mecanico-aureox-endurance\/","og_site_name":"UnitGames","article_modified_time":"2026-01-09T10:12:48+00:00","og_image":[{"width":1283,"height":1284,"url":"https:\/\/unitgames.com.ar\/pc-gamer\/wp-content\/uploads\/2025\/11\/Teclado-Mecanico-AUREOX-Endurance.png","type":"image\/png"}],"twitter_card":"summary_large_image","twitter_misc":{"Tiempo de lectura":"1 minuto"},"schema":{"@context":"https:\/\/schema.org","@graph":[{"@type":"WebPage","@id":"https:\/\/unitgames.com.ar\/pc-gamer\/producto\/teclado-mecanico-aureox-endurance\/","url":"https:\/\/unitgames.com.ar\/pc-gamer\/producto\/teclado-mecanico-aureox-endurance\/","name":"Teclado Mecanico AUREOX Endurance - UnitGames","isPartOf":{"@id":"https:\/\/unitgames.com.ar\/pc-gamer\/#website"},"primaryImageOfPage":{"@id":"https:\/\/unitgames.com.ar\/pc-gamer\/producto\/teclado-mecanico-aureox-endurance\/#primaryimage"},"image":{"@id":"https:\/\/unitgames.com.ar\/pc-gamer\/producto\/teclado-mecanico-aureox-endurance\/#primaryimage"},"thumbnailUrl":"https:\/\/unitgames.com.ar\/pc-gamer\/wp-content\/uploads\/2025\/11\/Teclado-Mecanico-AUREOX-Endurance.png","datePublished":"2025-11-06T20:39:45+00:00","dateModified":"2026-01-09T10:12:48+00:00","breadcrumb":{"@id":"https:\/\/unitgames.com.ar\/pc-gamer\/producto\/teclado-mecanico-aureox-endurance\/#breadcrumb"},"inLanguage":"es","potentialAction":[{"@type":"ReadAction","target":["https:\/\/unitgames.com.ar\/pc-gamer\/producto\/teclado-mecanico-aureox-endurance\/"]}]},{"@type":"ImageObject","inLanguage":"es","@id":"https:\/\/unitgames.com.ar\/pc-gamer\/producto\/teclado-mecanico-aureox-endurance\/#primaryimage","url":"https:\/\/unitgames.com.ar\/pc-gamer\/wp-content\/uploads\/2025\/11\/Teclado-Mecanico-AUREOX-Endurance.png","contentUrl":"https:\/\/unitgames.com.ar\/pc-gamer\/wp-content\/uploads\/2025\/11\/Teclado-Mecanico-AUREOX-Endurance.png","width":1283,"height":1284},{"@type":"BreadcrumbList","@id":"https:\/\/unitgames.com.ar\/pc-gamer\/producto\/teclado-mecanico-aureox-endurance\/#breadcrumb","itemListElement":[{"@type":"ListItem","position":1,"name":"Tienda","item":"https:\/\/unitgames.com.ar\/pc-gamer\/tienda\/"},{"@type":"ListItem","position":2,"name":"Teclado Mecanico AUREOX Endurance"}]},{"@type":"WebSite","@id":"https:\/\/unitgames.com.ar\/pc-gamer\/#website","url":"https:\/\/unitgames.com.ar\/pc-gamer\/","name":"UnitGames","description":"Venta de PC Gamers, Consolas , Servicio Tecnico Especializado. Todos en Accesorios Informaticos y Gamers","publisher":{"@id":"https:\/\/unitgames.com.ar\/pc-gamer\/#organization"},"potentialAction":[{"@type":"SearchAction","target":{"@type":"EntryPoint","urlTemplate":"https:\/\/unitgames.com.ar\/pc-gamer\/?s={search_term_string}"},"query-input":{"@type":"PropertyValueSpecification","valueRequired":true,"valueName":"search_term_string"}}],"inLanguage":"es"},{"@type":"Organization","@id":"https:\/\/unitgames.com.ar\/pc-gamer\/#organization","name":"UnitGames","url":"https:\/\/unitgames.com.ar\/pc-gamer\/","logo":{"@type":"ImageObject","inLanguage":"es","@id":"https:\/\/unitgames.com.ar\/pc-gamer\/#\/schema\/logo\/image\/","url":"https:\/\/unitgames.com.ar\/pc-gamer\/wp-content\/uploads\/2021\/01\/cropped-logoUnitGames2.png","contentUrl":"https:\/\/unitgames.com.ar\/pc-gamer\/wp-content\/uploads\/2021\/01\/cropped-logoUnitGames2.png","width":152,"height":200,"caption":"UnitGames"},"image":{"@id":"https:\/\/unitgames.com.ar\/pc-gamer\/#\/schema\/logo\/image\/"}}]}},"_links":{"self":[{"href":"https:\/\/unitgames.com.ar\/pc-gamer\/wp-json\/wp\/v2\/product\/18095","targetHints":{"allow":["GET"]}}],"collection":[{"href":"https:\/\/unitgames.com.ar\/pc-gamer\/wp-json\/wp\/v2\/product"}],"about":[{"href":"https:\/\/unitgames.com.ar\/pc-gamer\/wp-json\/wp\/v2\/types\/product"}],"version-history":[{"count":0,"href":"https:\/\/unitgames.com.ar\/pc-gamer\/wp-json\/wp\/v2\/product\/18095\/revisions"}],"wp:featuredmedia":[{"embeddable":true,"href":"https:\/\/unitgames.com.ar\/pc-gamer\/wp-json\/wp\/v2\/media\/18098"}],"wp:attachment":[{"href":"https:\/\/unitgames.com.ar\/pc-gamer\/wp-json\/wp\/v2\/media?parent=18095"}],"wp:term":[{"taxonomy":"product_brand","embeddable":true,"href":"https:\/\/unitgames.com.ar\/pc-gamer\/wp-json\/wp\/v2\/product_brand?post=18095"},{"taxonomy":"product_cat","embeddable":true,"href":"https:\/\/unitgames.com.ar\/pc-gamer\/wp-json\/wp\/v2\/product_cat?post=18095"},{"taxonomy":"product_tag","embeddable":true,"href":"https:\/\/unitgames.com.ar\/pc-gamer\/wp-json\/wp\/v2\/product_tag?post=18095"}],"curies":[{"name":"wp","href":"https:\/\/api.w.org\/{rel}","templated":true}]}}