{"id":18122,"date":"2025-11-11T16:41:19","date_gmt":"2025-11-11T19:41:19","guid":{"rendered":"https:\/\/unitgames.com.ar\/pc-gamer\/?post_type=product&#038;p=18122"},"modified":"2026-01-09T07:12:47","modified_gmt":"2026-01-09T10:12:47","slug":"gabinete-merx-wf-100-wolf-rgb","status":"publish","type":"product","link":"https:\/\/unitgames.com.ar\/pc-gamer\/producto\/gabinete-merx-wf-100-wolf-rgb\/","title":{"rendered":"Gabinete MERX WF-100 Wolf RGB"},"content":{"rendered":"<ul>\n<li>\n<p data-start=\"255\" data-end=\"591\">El <strong data-start=\"258\" data-end=\"282\">MERX WF-100 Wolf RGB<\/strong> combina un dise\u00f1o elegante con vidrio templado y una estructura robusta de acero. Su panel frontal de vidrio permite lucir los ventiladores RGB preinstalados, que obtienen aire mediante aberturas laterales ocultas. Ideal para configuraciones gamer con estilo, sin sacrificar ventilaci\u00f3n ni espacio interno.<\/p>\n<hr data-start=\"593\" data-end=\"596\" \/>\n<h3 data-start=\"598\" data-end=\"631\"><strong data-start=\"602\" data-end=\"631\">Especificaciones T\u00e9cnicas<\/strong><\/h3>\n<p data-start=\"633\" data-end=\"741\"><strong data-start=\"633\" data-end=\"648\">Materiales:<\/strong><br data-start=\"648\" data-end=\"651\" \/>Chasis de acero con pl\u00e1stico ABS cepillado y panel lateral izquierdo de vidrio templado.<\/p>\n<p data-start=\"743\" data-end=\"849\"><strong data-start=\"743\" data-end=\"761\">Panel frontal:<\/strong><br data-start=\"761\" data-end=\"764\" \/>Vidrio templado con <strong data-start=\"784\" data-end=\"814\">entradas de aire laterales<\/strong> para los ventiladores frontales.<\/p>\n<p data-start=\"851\" data-end=\"896\"><strong data-start=\"851\" data-end=\"876\">Soporta motherboards:<\/strong><br data-start=\"876\" data-end=\"879\" \/>ATX y Micro ATX<\/p>\n<p data-start=\"898\" data-end=\"929\"><strong data-start=\"898\" data-end=\"923\">Puertos de expansi\u00f3n:<\/strong><br data-start=\"923\" data-end=\"926\" \/>7<\/p>\n<p data-start=\"931\" data-end=\"1001\"><strong data-start=\"931\" data-end=\"942\">Bah\u00edas:<\/strong><br data-start=\"942\" data-end=\"945\" \/>2 unidades de disco duro de 3,5\u2033 + 2 unidades SSD 2,5\u2033<\/p>\n<p data-start=\"1003\" data-end=\"1101\"><strong data-start=\"1003\" data-end=\"1026\">Puerto I\/O Frontal:<\/strong><br data-start=\"1026\" data-end=\"1029\" \/>USB 3.0\u00d71, USB 2.0\u00d72, Audio + Mic, Bot\u00f3n Power, Bot\u00f3n Reset, Bot\u00f3n RGB<\/p>\n<p data-start=\"1103\" data-end=\"1339\"><strong data-start=\"1103\" data-end=\"1135\">Ventilaci\u00f3n y refrigeraci\u00f3n:<\/strong><br data-start=\"1135\" data-end=\"1138\" \/>Cantidad m\u00e1xima de coolers: 5 ( 2 superiores incluidos y\u00a0 2 inferiores incluidos, uno posterior)<br data-start=\"1240\" data-end=\"1243\" \/>Controladora ARGB: S\u00ed (con control mediante bot\u00f3n RGB frontal)<br data-start=\"1305\" data-end=\"1308\" \/>Soporte para Watercooling: S\u00ed<\/p>\n<p data-start=\"1341\" data-end=\"1436\"><strong data-start=\"1341\" data-end=\"1372\">Compatibilidad de hardware:<\/strong><br data-start=\"1372\" data-end=\"1375\" \/>Altura m\u00e1xima CPU Cooler: 155 mm<br data-start=\"1407\" data-end=\"1410\" \/>Largo m\u00e1ximo GPU: 307 mm<\/p>\n<p data-start=\"1438\" data-end=\"1635\"><strong data-start=\"1438\" data-end=\"1462\">Dise\u00f1o y estructura:<\/strong><br data-start=\"1462\" data-end=\"1465\" \/>Panel frontal de vidrio templado con laterales ventilados<br data-start=\"1522\" data-end=\"1525\" \/>Panel lateral de vidrio templado transparente<br data-start=\"1570\" data-end=\"1573\" \/>Panel superior con filtro magn\u00e9tico antipolvo<br data-start=\"1618\" data-end=\"1621\" \/>Color: Negro<\/p>\n<p data-start=\"1637\" data-end=\"1724\"><strong data-start=\"1637\" data-end=\"1660\">Dimensiones y peso:<\/strong><br data-start=\"1660\" data-end=\"1663\" \/>46 cm (Alto) \u00d7 21 cm (Ancho) \u00d7 37 cm (Largo)<br data-start=\"1707\" data-end=\"1710\" \/>Peso: 4.5 kg<\/p>\n<\/li>\n<\/ul>\n","protected":false},"excerpt":{"rendered":"<p>El MERX WF-100 Wolf RGB combina un dise\u00f1o elegante con vidrio templado y una estructura robusta de acero. Su panel frontal de vidrio permite lucir los ventiladores RGB preinstalados, que obtienen aire mediante aberturas laterales ocultas. Ideal para configuraciones gamer con estilo, sin sacrificar ventilaci\u00f3n ni espacio interno. Especificaciones T\u00e9cnicas Materiales:Chasis de acero con pl\u00e1stico ABS cepillado y panel lateral izquierdo de vidrio templado. Panel frontal:Vidrio templado con entradas de aire laterales para los ventiladores frontales. Soporta motherboards:ATX y Micro ATX Puertos de expansi\u00f3n:7 Bah\u00edas:2 unidades de disco duro de 3,5\u2033 + 2 unidades SSD 2,5\u2033 Puerto I\/O Frontal:USB 3.0\u00d71, USB 2.0\u00d72, Audio + Mic, Bot\u00f3n Power, Bot\u00f3n Reset, Bot\u00f3n RGB Ventilaci\u00f3n y refrigeraci\u00f3n:Cantidad m\u00e1xima de coolers: 5 ( 2 superiores incluidos y\u00a0 2 inferiores incluidos, uno posterior)Controladora ARGB: S\u00ed (con control mediante bot\u00f3n RGB frontal)Soporte para Watercooling: S\u00ed Compatibilidad de hardware:Altura m\u00e1xima CPU Cooler: 155 mmLargo m\u00e1ximo GPU: 307 mm Dise\u00f1o y estructura:Panel frontal de vidrio templado con laterales ventiladosPanel lateral de vidrio templado transparentePanel superior con filtro magn\u00e9tico antipolvoColor: Negro Dimensiones y peso:46 cm (Alto) \u00d7 21 cm (Ancho) \u00d7 37 cm (Largo)Peso: 4.5 kg<\/p>\n","protected":false},"featured_media":18124,"template":"","meta":{"site-sidebar-layout":"default","site-content-layout":"","ast-site-content-layout":"default","site-content-style":"default","site-sidebar-style":"default","ast-global-header-display":"","ast-banner-title-visibility":"","ast-main-header-display":"","ast-hfb-above-header-display":"","ast-hfb-below-header-display":"","ast-hfb-mobile-header-display":"","site-post-title":"","ast-breadcrumbs-content":"","ast-featured-img":"","footer-sml-layout":"","theme-transparent-header-meta":"default","adv-header-id-meta":"","stick-header-meta":"","header-above-stick-meta":"","header-main-stick-meta":"","header-below-stick-meta":"","astra-migrate-meta-layouts":"set","ast-page-background-enabled":"default","ast-page-background-meta":{"desktop":{"background-color":"var(--ast-global-color-5)","background-image":"","background-repeat":"repeat","background-position":"center center","background-size":"auto","background-attachment":"scroll","background-type":"","background-media":"","overlay-type":"","overlay-color":"","overlay-opacity":"","overlay-gradient":""},"tablet":{"background-color":"","background-image":"","background-repeat":"repeat","background-position":"center center","background-size":"auto","background-attachment":"scroll","background-type":"","background-media":"","overlay-type":"","overlay-color":"","overlay-opacity":"","overlay-gradient":""},"mobile":{"background-color":"","background-image":"","background-repeat":"repeat","background-position":"center center","background-size":"auto","background-attachment":"scroll","background-type":"","background-media":"","overlay-type":"","overlay-color":"","overlay-opacity":"","overlay-gradient":""}},"ast-content-background-meta":{"desktop":{"background-color":"var(--ast-global-color-4)","background-image":"","background-repeat":"repeat","background-position":"center center","background-size":"auto","background-attachment":"scroll","background-type":"","background-media":"","overlay-type":"","overlay-color":"","overlay-opacity":"","overlay-gradient":""},"tablet":{"background-color":"var(--ast-global-color-4)","background-image":"","background-repeat":"repeat","background-position":"center center","background-size":"auto","background-attachment":"scroll","background-type":"","background-media":"","overlay-type":"","overlay-color":"","overlay-opacity":"","overlay-gradient":""},"mobile":{"background-color":"var(--ast-global-color-4)","background-image":"","background-repeat":"repeat","background-position":"center center","background-size":"auto","background-attachment":"scroll","background-type":"","background-media":"","overlay-type":"","overlay-color":"","overlay-opacity":"","overlay-gradient":""}},"_joinchat":[]},"product_brand":[],"product_cat":[66],"product_tag":[],"class_list":{"0":"post-18122","1":"product","2":"type-product","3":"status-publish","4":"has-post-thumbnail","6":"product_cat-gabinetes-pc","7":"desktop-align-center","8":"tablet-align-left","9":"mobile-align-left","11":"first","12":"instock","13":"shipping-taxable","14":"purchasable","15":"product-type-simple"},"yoast_head":"<!-- This site is optimized with the Yoast SEO plugin v27.5 - https:\/\/yoast.com\/product\/yoast-seo-wordpress\/ -->\n<title>Gabinete MERX WF-100 Wolf RGB - UnitGames<\/title>\n<meta name=\"robots\" content=\"index, follow, max-snippet:-1, max-image-preview:large, max-video-preview:-1\" \/>\n<link rel=\"canonical\" href=\"https:\/\/unitgames.com.ar\/pc-gamer\/producto\/gabinete-merx-wf-100-wolf-rgb\/\" \/>\n<meta property=\"og:locale\" content=\"es_ES\" \/>\n<meta property=\"og:type\" content=\"article\" \/>\n<meta property=\"og:title\" content=\"Gabinete MERX WF-100 Wolf RGB - UnitGames\" \/>\n<meta property=\"og:description\" content=\"El MERX WF-100 Wolf RGB combina un dise\u00f1o elegante con vidrio templado y una estructura robusta de acero. Su panel frontal de vidrio permite lucir los ventiladores RGB preinstalados, que obtienen aire mediante aberturas laterales ocultas. Ideal para configuraciones gamer con estilo, sin sacrificar ventilaci\u00f3n ni espacio interno. Especificaciones T\u00e9cnicas Materiales:Chasis de acero con pl\u00e1stico ABS cepillado y panel lateral izquierdo de vidrio templado. Panel frontal:Vidrio templado con entradas de aire laterales para los ventiladores frontales. Soporta motherboards:ATX y Micro ATX Puertos de expansi\u00f3n:7 Bah\u00edas:2 unidades de disco duro de 3,5\u2033 + 2 unidades SSD 2,5\u2033 Puerto I\/O Frontal:USB 3.0\u00d71, USB 2.0\u00d72, Audio + Mic, Bot\u00f3n Power, Bot\u00f3n Reset, Bot\u00f3n RGB Ventilaci\u00f3n y refrigeraci\u00f3n:Cantidad m\u00e1xima de coolers: 5 ( 2 superiores incluidos y\u00a0 2 inferiores incluidos, uno posterior)Controladora ARGB: S\u00ed (con control mediante bot\u00f3n RGB frontal)Soporte para Watercooling: S\u00ed Compatibilidad de hardware:Altura m\u00e1xima CPU Cooler: 155 mmLargo m\u00e1ximo GPU: 307 mm Dise\u00f1o y estructura:Panel frontal de vidrio templado con laterales ventiladosPanel lateral de vidrio templado transparentePanel superior con filtro magn\u00e9tico antipolvoColor: Negro Dimensiones y peso:46 cm (Alto) \u00d7 21 cm (Ancho) \u00d7 37 cm (Largo)Peso: 4.5 kg\" \/>\n<meta property=\"og:url\" content=\"https:\/\/unitgames.com.ar\/pc-gamer\/producto\/gabinete-merx-wf-100-wolf-rgb\/\" \/>\n<meta property=\"og:site_name\" content=\"UnitGames\" \/>\n<meta property=\"article:modified_time\" content=\"2026-01-09T10:12:47+00:00\" \/>\n<meta property=\"og:image\" content=\"https:\/\/unitgames.com.ar\/pc-gamer\/wp-content\/uploads\/2025\/08\/PC-Ryzen-5600x-con-RX-7600.png\" \/>\n\t<meta property=\"og:image:width\" content=\"1223\" \/>\n\t<meta property=\"og:image:height\" content=\"1237\" \/>\n\t<meta property=\"og:image:type\" content=\"image\/png\" \/>\n<meta name=\"twitter:card\" content=\"summary_large_image\" \/>\n<meta name=\"twitter:label1\" content=\"Tiempo de lectura\" \/>\n\t<meta name=\"twitter:data1\" content=\"2 minutos\" \/>\n<script type=\"application\/ld+json\" class=\"yoast-schema-graph\">{\"@context\":\"https:\\\/\\\/schema.org\",\"@graph\":[{\"@type\":\"WebPage\",\"@id\":\"https:\\\/\\\/unitgames.com.ar\\\/pc-gamer\\\/producto\\\/gabinete-merx-wf-100-wolf-rgb\\\/\",\"url\":\"https:\\\/\\\/unitgames.com.ar\\\/pc-gamer\\\/producto\\\/gabinete-merx-wf-100-wolf-rgb\\\/\",\"name\":\"Gabinete MERX WF-100 Wolf RGB - UnitGames\",\"isPartOf\":{\"@id\":\"https:\\\/\\\/unitgames.com.ar\\\/pc-gamer\\\/#website\"},\"primaryImageOfPage\":{\"@id\":\"https:\\\/\\\/unitgames.com.ar\\\/pc-gamer\\\/producto\\\/gabinete-merx-wf-100-wolf-rgb\\\/#primaryimage\"},\"image\":{\"@id\":\"https:\\\/\\\/unitgames.com.ar\\\/pc-gamer\\\/producto\\\/gabinete-merx-wf-100-wolf-rgb\\\/#primaryimage\"},\"thumbnailUrl\":\"https:\\\/\\\/unitgames.com.ar\\\/pc-gamer\\\/wp-content\\\/uploads\\\/2025\\\/08\\\/PC-Ryzen-5600x-con-RX-7600.png\",\"datePublished\":\"2025-11-11T19:41:19+00:00\",\"dateModified\":\"2026-01-09T10:12:47+00:00\",\"breadcrumb\":{\"@id\":\"https:\\\/\\\/unitgames.com.ar\\\/pc-gamer\\\/producto\\\/gabinete-merx-wf-100-wolf-rgb\\\/#breadcrumb\"},\"inLanguage\":\"es\",\"potentialAction\":[{\"@type\":\"ReadAction\",\"target\":[\"https:\\\/\\\/unitgames.com.ar\\\/pc-gamer\\\/producto\\\/gabinete-merx-wf-100-wolf-rgb\\\/\"]}]},{\"@type\":\"ImageObject\",\"inLanguage\":\"es\",\"@id\":\"https:\\\/\\\/unitgames.com.ar\\\/pc-gamer\\\/producto\\\/gabinete-merx-wf-100-wolf-rgb\\\/#primaryimage\",\"url\":\"https:\\\/\\\/unitgames.com.ar\\\/pc-gamer\\\/wp-content\\\/uploads\\\/2025\\\/08\\\/PC-Ryzen-5600x-con-RX-7600.png\",\"contentUrl\":\"https:\\\/\\\/unitgames.com.ar\\\/pc-gamer\\\/wp-content\\\/uploads\\\/2025\\\/08\\\/PC-Ryzen-5600x-con-RX-7600.png\",\"width\":1223,\"height\":1237},{\"@type\":\"BreadcrumbList\",\"@id\":\"https:\\\/\\\/unitgames.com.ar\\\/pc-gamer\\\/producto\\\/gabinete-merx-wf-100-wolf-rgb\\\/#breadcrumb\",\"itemListElement\":[{\"@type\":\"ListItem\",\"position\":1,\"name\":\"Tienda\",\"item\":\"https:\\\/\\\/unitgames.com.ar\\\/pc-gamer\\\/tienda\\\/\"},{\"@type\":\"ListItem\",\"position\":2,\"name\":\"Gabinete MERX WF-100 Wolf RGB\"}]},{\"@type\":\"WebSite\",\"@id\":\"https:\\\/\\\/unitgames.com.ar\\\/pc-gamer\\\/#website\",\"url\":\"https:\\\/\\\/unitgames.com.ar\\\/pc-gamer\\\/\",\"name\":\"UnitGames\",\"description\":\"Venta de PC Gamers, Consolas , Servicio Tecnico Especializado. Todos en Accesorios Informaticos y Gamers\",\"publisher\":{\"@id\":\"https:\\\/\\\/unitgames.com.ar\\\/pc-gamer\\\/#organization\"},\"potentialAction\":[{\"@type\":\"SearchAction\",\"target\":{\"@type\":\"EntryPoint\",\"urlTemplate\":\"https:\\\/\\\/unitgames.com.ar\\\/pc-gamer\\\/?s={search_term_string}\"},\"query-input\":{\"@type\":\"PropertyValueSpecification\",\"valueRequired\":true,\"valueName\":\"search_term_string\"}}],\"inLanguage\":\"es\"},{\"@type\":\"Organization\",\"@id\":\"https:\\\/\\\/unitgames.com.ar\\\/pc-gamer\\\/#organization\",\"name\":\"UnitGames\",\"url\":\"https:\\\/\\\/unitgames.com.ar\\\/pc-gamer\\\/\",\"logo\":{\"@type\":\"ImageObject\",\"inLanguage\":\"es\",\"@id\":\"https:\\\/\\\/unitgames.com.ar\\\/pc-gamer\\\/#\\\/schema\\\/logo\\\/image\\\/\",\"url\":\"https:\\\/\\\/unitgames.com.ar\\\/pc-gamer\\\/wp-content\\\/uploads\\\/2021\\\/01\\\/cropped-logoUnitGames2.png\",\"contentUrl\":\"https:\\\/\\\/unitgames.com.ar\\\/pc-gamer\\\/wp-content\\\/uploads\\\/2021\\\/01\\\/cropped-logoUnitGames2.png\",\"width\":152,\"height\":200,\"caption\":\"UnitGames\"},\"image\":{\"@id\":\"https:\\\/\\\/unitgames.com.ar\\\/pc-gamer\\\/#\\\/schema\\\/logo\\\/image\\\/\"}}]}<\/script>\n<!-- \/ Yoast SEO plugin. -->","yoast_head_json":{"title":"Gabinete MERX WF-100 Wolf RGB - UnitGames","robots":{"index":"index","follow":"follow","max-snippet":"max-snippet:-1","max-image-preview":"max-image-preview:large","max-video-preview":"max-video-preview:-1"},"canonical":"https:\/\/unitgames.com.ar\/pc-gamer\/producto\/gabinete-merx-wf-100-wolf-rgb\/","og_locale":"es_ES","og_type":"article","og_title":"Gabinete MERX WF-100 Wolf RGB - UnitGames","og_description":"El MERX WF-100 Wolf RGB combina un dise\u00f1o elegante con vidrio templado y una estructura robusta de acero. Su panel frontal de vidrio permite lucir los ventiladores RGB preinstalados, que obtienen aire mediante aberturas laterales ocultas. Ideal para configuraciones gamer con estilo, sin sacrificar ventilaci\u00f3n ni espacio interno. Especificaciones T\u00e9cnicas Materiales:Chasis de acero con pl\u00e1stico ABS cepillado y panel lateral izquierdo de vidrio templado. Panel frontal:Vidrio templado con entradas de aire laterales para los ventiladores frontales. Soporta motherboards:ATX y Micro ATX Puertos de expansi\u00f3n:7 Bah\u00edas:2 unidades de disco duro de 3,5\u2033 + 2 unidades SSD 2,5\u2033 Puerto I\/O Frontal:USB 3.0\u00d71, USB 2.0\u00d72, Audio + Mic, Bot\u00f3n Power, Bot\u00f3n Reset, Bot\u00f3n RGB Ventilaci\u00f3n y refrigeraci\u00f3n:Cantidad m\u00e1xima de coolers: 5 ( 2 superiores incluidos y\u00a0 2 inferiores incluidos, uno posterior)Controladora ARGB: S\u00ed (con control mediante bot\u00f3n RGB frontal)Soporte para Watercooling: S\u00ed Compatibilidad de hardware:Altura m\u00e1xima CPU Cooler: 155 mmLargo m\u00e1ximo GPU: 307 mm Dise\u00f1o y estructura:Panel frontal de vidrio templado con laterales ventiladosPanel lateral de vidrio templado transparentePanel superior con filtro magn\u00e9tico antipolvoColor: Negro Dimensiones y peso:46 cm (Alto) \u00d7 21 cm (Ancho) \u00d7 37 cm (Largo)Peso: 4.5 kg","og_url":"https:\/\/unitgames.com.ar\/pc-gamer\/producto\/gabinete-merx-wf-100-wolf-rgb\/","og_site_name":"UnitGames","article_modified_time":"2026-01-09T10:12:47+00:00","og_image":[{"width":1223,"height":1237,"url":"https:\/\/unitgames.com.ar\/pc-gamer\/wp-content\/uploads\/2025\/08\/PC-Ryzen-5600x-con-RX-7600.png","type":"image\/png"}],"twitter_card":"summary_large_image","twitter_misc":{"Tiempo de lectura":"2 minutos"},"schema":{"@context":"https:\/\/schema.org","@graph":[{"@type":"WebPage","@id":"https:\/\/unitgames.com.ar\/pc-gamer\/producto\/gabinete-merx-wf-100-wolf-rgb\/","url":"https:\/\/unitgames.com.ar\/pc-gamer\/producto\/gabinete-merx-wf-100-wolf-rgb\/","name":"Gabinete MERX WF-100 Wolf RGB - UnitGames","isPartOf":{"@id":"https:\/\/unitgames.com.ar\/pc-gamer\/#website"},"primaryImageOfPage":{"@id":"https:\/\/unitgames.com.ar\/pc-gamer\/producto\/gabinete-merx-wf-100-wolf-rgb\/#primaryimage"},"image":{"@id":"https:\/\/unitgames.com.ar\/pc-gamer\/producto\/gabinete-merx-wf-100-wolf-rgb\/#primaryimage"},"thumbnailUrl":"https:\/\/unitgames.com.ar\/pc-gamer\/wp-content\/uploads\/2025\/08\/PC-Ryzen-5600x-con-RX-7600.png","datePublished":"2025-11-11T19:41:19+00:00","dateModified":"2026-01-09T10:12:47+00:00","breadcrumb":{"@id":"https:\/\/unitgames.com.ar\/pc-gamer\/producto\/gabinete-merx-wf-100-wolf-rgb\/#breadcrumb"},"inLanguage":"es","potentialAction":[{"@type":"ReadAction","target":["https:\/\/unitgames.com.ar\/pc-gamer\/producto\/gabinete-merx-wf-100-wolf-rgb\/"]}]},{"@type":"ImageObject","inLanguage":"es","@id":"https:\/\/unitgames.com.ar\/pc-gamer\/producto\/gabinete-merx-wf-100-wolf-rgb\/#primaryimage","url":"https:\/\/unitgames.com.ar\/pc-gamer\/wp-content\/uploads\/2025\/08\/PC-Ryzen-5600x-con-RX-7600.png","contentUrl":"https:\/\/unitgames.com.ar\/pc-gamer\/wp-content\/uploads\/2025\/08\/PC-Ryzen-5600x-con-RX-7600.png","width":1223,"height":1237},{"@type":"BreadcrumbList","@id":"https:\/\/unitgames.com.ar\/pc-gamer\/producto\/gabinete-merx-wf-100-wolf-rgb\/#breadcrumb","itemListElement":[{"@type":"ListItem","position":1,"name":"Tienda","item":"https:\/\/unitgames.com.ar\/pc-gamer\/tienda\/"},{"@type":"ListItem","position":2,"name":"Gabinete MERX WF-100 Wolf RGB"}]},{"@type":"WebSite","@id":"https:\/\/unitgames.com.ar\/pc-gamer\/#website","url":"https:\/\/unitgames.com.ar\/pc-gamer\/","name":"UnitGames","description":"Venta de PC Gamers, Consolas , Servicio Tecnico Especializado. Todos en Accesorios Informaticos y Gamers","publisher":{"@id":"https:\/\/unitgames.com.ar\/pc-gamer\/#organization"},"potentialAction":[{"@type":"SearchAction","target":{"@type":"EntryPoint","urlTemplate":"https:\/\/unitgames.com.ar\/pc-gamer\/?s={search_term_string}"},"query-input":{"@type":"PropertyValueSpecification","valueRequired":true,"valueName":"search_term_string"}}],"inLanguage":"es"},{"@type":"Organization","@id":"https:\/\/unitgames.com.ar\/pc-gamer\/#organization","name":"UnitGames","url":"https:\/\/unitgames.com.ar\/pc-gamer\/","logo":{"@type":"ImageObject","inLanguage":"es","@id":"https:\/\/unitgames.com.ar\/pc-gamer\/#\/schema\/logo\/image\/","url":"https:\/\/unitgames.com.ar\/pc-gamer\/wp-content\/uploads\/2021\/01\/cropped-logoUnitGames2.png","contentUrl":"https:\/\/unitgames.com.ar\/pc-gamer\/wp-content\/uploads\/2021\/01\/cropped-logoUnitGames2.png","width":152,"height":200,"caption":"UnitGames"},"image":{"@id":"https:\/\/unitgames.com.ar\/pc-gamer\/#\/schema\/logo\/image\/"}}]}},"_links":{"self":[{"href":"https:\/\/unitgames.com.ar\/pc-gamer\/wp-json\/wp\/v2\/product\/18122","targetHints":{"allow":["GET"]}}],"collection":[{"href":"https:\/\/unitgames.com.ar\/pc-gamer\/wp-json\/wp\/v2\/product"}],"about":[{"href":"https:\/\/unitgames.com.ar\/pc-gamer\/wp-json\/wp\/v2\/types\/product"}],"version-history":[{"count":0,"href":"https:\/\/unitgames.com.ar\/pc-gamer\/wp-json\/wp\/v2\/product\/18122\/revisions"}],"wp:featuredmedia":[{"embeddable":true,"href":"https:\/\/unitgames.com.ar\/pc-gamer\/wp-json\/wp\/v2\/media\/18124"}],"wp:attachment":[{"href":"https:\/\/unitgames.com.ar\/pc-gamer\/wp-json\/wp\/v2\/media?parent=18122"}],"wp:term":[{"taxonomy":"product_brand","embeddable":true,"href":"https:\/\/unitgames.com.ar\/pc-gamer\/wp-json\/wp\/v2\/product_brand?post=18122"},{"taxonomy":"product_cat","embeddable":true,"href":"https:\/\/unitgames.com.ar\/pc-gamer\/wp-json\/wp\/v2\/product_cat?post=18122"},{"taxonomy":"product_tag","embeddable":true,"href":"https:\/\/unitgames.com.ar\/pc-gamer\/wp-json\/wp\/v2\/product_tag?post=18122"}],"curies":[{"name":"wp","href":"https:\/\/api.w.org\/{rel}","templated":true}]}}