{"id":18133,"date":"2025-11-12T19:21:45","date_gmt":"2025-11-12T22:21:45","guid":{"rendered":"https:\/\/unitgames.com.ar\/pc-gamer\/?post_type=product&#038;p=18133"},"modified":"2026-02-21T11:00:52","modified_gmt":"2026-02-21T14:00:52","slug":"auriculares-in-ear-kz-krila-con-tunning-switch-hi-fi","status":"publish","type":"product","link":"https:\/\/unitgames.com.ar\/pc-gamer\/producto\/auriculares-in-ear-kz-krila-con-tunning-switch-hi-fi\/","title":{"rendered":"Auriculares In Ear KZ Krila con Tunning Switch HI-FI con Microfono"},"content":{"rendered":"<p>Auriculares In Ear KZ ZST Black: Sonido Superior y Confort Total<\/p>\n<p>Imagina sumergirte en un sonido de alta fidelidad, donde cada nota, cada ritmo, cada detalle de la m\u00fasica te envuelva por completo. Con los auriculares KZ ZST Black experimentas precisamente eso: una experiencia auditiva inigualable, gracias a sus drive<\/p>\n<div class=\"WaaZC\">\n<div class=\"RJPOee EIJn2\">\n<div class=\"rPeykc pyPiTc\" data-hveid=\"CAIQAQ\" data-ved=\"2ahUKEwjZz4WEicuNAxU5HLkGHbO_J3sQo_EKegQIAhAB\"><span data-huuid=\"14861529146852421112\">Caracter\u00edsticas principales:<\/span><\/div>\n<\/div>\n<\/div>\n<div class=\"WaaZC\">\n<div class=\"RJPOee EIJn2\">\n<ul data-hveid=\"CCYQAQ\" data-ved=\"2ahUKEwjZz4WEicuNAxU5HLkGHbO_J3sQm_YKegQIJhAB\">\n<li><span data-huuid=\"14861529146852420043\"><strong>Dise\u00f1o:<\/strong>\u00a0<\/span><span data-huuid=\"14861529146852421052\">Auriculares intraurales (in-ear) con dise\u00f1o ergon\u00f3mico para mayor comodidad.<span class=\"pjBG2e\" data-cid=\"4ef00f35-c7ac-450d-aa39-5687aa28be02\"><span class=\"UV3uM\">\u00a0<\/span><\/span><\/span>\n<div class=\"NPrrbc\" data-cid=\"4ef00f35-c7ac-450d-aa39-5687aa28be02\" data-uuids=\"14861529146852420043,14861529146852421052\">\n<div class=\"BMebGe btku5b fCrZyc LwdV0e FR7ZSc OJeuxf\" tabindex=\"0\" role=\"button\" aria-label=\"Ver v\u00ednculos relacionados\" data-hveid=\"CBcQAQ\" data-ved=\"2ahUKEwjZz4WEicuNAxU5HLkGHbO_J3sQ3fYKegQIFxAB\">\n<div class=\"niO4u\">\n<div class=\"kHtcsd\"><\/div>\n<\/div>\n<\/div>\n<\/div>\n<\/li>\n<li><span data-huuid=\"14861529146852418974\"><strong>Sonido:<\/strong>\u00a0<\/span><span data-huuid=\"14861529146852419983\">Driver dual (1 din\u00e1mico + 1 de armadura equilibrada) para una reproducci\u00f3n de sonido detallada y equilibrada.<span class=\"pjBG2e\" data-cid=\"c5c4e7cb-b776-4e55-9782-d27aa784df08\"><span class=\"UV3uM\">\u00a0<\/span><\/span><\/span>\n<div class=\"NPrrbc\" data-cid=\"c5c4e7cb-b776-4e55-9782-d27aa784df08\" data-uuids=\"14861529146852418974,14861529146852419983\">\n<div class=\"BMebGe btku5b fCrZyc LwdV0e FR7ZSc OJeuxf\" tabindex=\"0\" role=\"button\" aria-label=\"Ver v\u00ednculos relacionados\" data-hveid=\"CBkQAQ\" data-ved=\"2ahUKEwjZz4WEicuNAxU5HLkGHbO_J3sQ3fYKegQIGRAB\">\n<div class=\"niO4u\">\n<div class=\"kHtcsd\"><\/div>\n<\/div>\n<\/div>\n<\/div>\n<\/li>\n<li><span data-huuid=\"14861529146852417905\"><strong>Micr\u00f3fono:<\/strong>\u00a0<\/span><span data-huuid=\"14861529146852418914\">Micr\u00f3fono integrado en el cable para llamadas manos libres.<span class=\"pjBG2e\" data-cid=\"bcba1f40-1631-4247-91ff-b67cbe754881\"><span class=\"UV3uM\">\u00a0<\/span><\/span><\/span>\n<div class=\"NPrrbc\" data-cid=\"bcba1f40-1631-4247-91ff-b67cbe754881\" data-uuids=\"14861529146852417905,14861529146852418914\">\n<div class=\"BMebGe btku5b fCrZyc LwdV0e FR7ZSc OJeuxf\" tabindex=\"0\" role=\"button\" aria-label=\"Ver v\u00ednculos relacionados\" data-hveid=\"CBUQAQ\" data-ved=\"2ahUKEwjZz4WEicuNAxU5HLkGHbO_J3sQ3fYKegQIFRAB\">\n<div class=\"niO4u\">\n<div class=\"kHtcsd\"><\/div>\n<\/div>\n<\/div>\n<\/div>\n<\/li>\n<li><span data-huuid=\"14861529146852420932\"><strong>Cable:<\/strong>\u00a0<\/span><span data-huuid=\"14861529146852417845\">Cable desmontable de alta calidad con conector ba\u00f1ado en oro.<span class=\"pjBG2e\" data-cid=\"d4eeff83-6727-4598-a1a7-bbf0e3d983f5\"><span class=\"UV3uM\">\u00a0<\/span><\/span><\/span>\n<div class=\"NPrrbc\" data-cid=\"d4eeff83-6727-4598-a1a7-bbf0e3d983f5\" data-uuids=\"14861529146852420932,14861529146852417845\">\n<div class=\"BMebGe btku5b fCrZyc LwdV0e FR7ZSc OJeuxf\" tabindex=\"0\" role=\"button\" aria-label=\"Ver v\u00ednculos relacionados\" data-hveid=\"CBgQAQ\" data-ved=\"2ahUKEwjZz4WEicuNAxU5HLkGHbO_J3sQ3fYKegQIGBAB\">\n<div class=\"niO4u\">\n<div class=\"kHtcsd\"><\/div>\n<\/div>\n<\/div>\n<\/div>\n<\/li>\n<li><span data-huuid=\"14861529146852419863\"><strong>Compatibilidad:<\/strong>\u00a0<\/span><span data-huuid=\"14861529146852420872\">Compatibles con la mayor\u00eda de los dispositivos m\u00f3viles y reproductores de m\u00fasica.<span class=\"pjBG2e\" data-cid=\"f657df95-9046-4f05-ba1a-29cf96a8bdf6\"><span class=\"UV3uM\">\u00a0<\/span><\/span><\/span>\n<div class=\"NPrrbc\" data-cid=\"f657df95-9046-4f05-ba1a-29cf96a8bdf6\" data-uuids=\"14861529146852419863,14861529146852420872\">\n<div class=\"BMebGe btku5b fCrZyc LwdV0e FR7ZSc OJeuxf\" tabindex=\"0\" role=\"button\" aria-label=\"Ver v\u00ednculos relacionados\" data-hveid=\"CB8QAQ\" data-ved=\"2ahUKEwjZz4WEicuNAxU5HLkGHbO_J3sQ3fYKegQIHxAB\">\n<div class=\"niO4u\">\n<div class=\"kHtcsd\"><\/div>\n<\/div>\n<\/div>\n<\/div>\n<\/li>\n<li><span data-huuid=\"14861529146852418794\"><strong>Aislamiento de ruido:<\/strong>\u00a0<\/span><span data-huuid=\"14861529146852419803\">Aislamiento de ruido pasivo para una mejor experiencia auditiva.<span class=\"pjBG2e\" data-cid=\"c3581965-4464-4f16-b04a-d81c03406999\"><span class=\"UV3uM\">\u00a0<\/span><\/span><\/span><\/li>\n<\/ul>\n<\/div>\n<\/div>\n<p>&nbsp;<\/p>\n<p>&nbsp;<\/p>\n","protected":false},"excerpt":{"rendered":"<p>Auriculares In Ear KZ ZST Black: Sonido Superior y Confort Total Imagina sumergirte en un sonido de alta fidelidad, donde cada nota, cada ritmo, cada detalle de la m\u00fasica te envuelva por completo. Con los auriculares KZ ZST Black experimentas precisamente eso: una experiencia auditiva inigualable, gracias a sus drive Caracter\u00edsticas principales: Dise\u00f1o:\u00a0Auriculares intraurales (in-ear) con dise\u00f1o ergon\u00f3mico para mayor comodidad.\u00a0 Sonido:\u00a0Driver dual (1 din\u00e1mico + 1 de armadura equilibrada) para una reproducci\u00f3n de sonido detallada y equilibrada.\u00a0 Micr\u00f3fono:\u00a0Micr\u00f3fono integrado en el cable para llamadas manos libres.\u00a0 Cable:\u00a0Cable desmontable de alta calidad con conector ba\u00f1ado en oro.\u00a0 Compatibilidad:\u00a0Compatibles con la mayor\u00eda de los dispositivos m\u00f3viles y reproductores de m\u00fasica.\u00a0 Aislamiento de ruido:\u00a0Aislamiento de ruido pasivo para una mejor experiencia auditiva.\u00a0 &nbsp; &nbsp;<\/p>\n","protected":false},"featured_media":18141,"template":"","meta":{"site-sidebar-layout":"default","site-content-layout":"","ast-site-content-layout":"default","site-content-style":"default","site-sidebar-style":"default","ast-global-header-display":"","ast-banner-title-visibility":"","ast-main-header-display":"","ast-hfb-above-header-display":"","ast-hfb-below-header-display":"","ast-hfb-mobile-header-display":"","site-post-title":"","ast-breadcrumbs-content":"","ast-featured-img":"","footer-sml-layout":"","theme-transparent-header-meta":"default","adv-header-id-meta":"","stick-header-meta":"","header-above-stick-meta":"","header-main-stick-meta":"","header-below-stick-meta":"","astra-migrate-meta-layouts":"set","ast-page-background-enabled":"default","ast-page-background-meta":{"desktop":{"background-color":"var(--ast-global-color-5)","background-image":"","background-repeat":"repeat","background-position":"center center","background-size":"auto","background-attachment":"scroll","background-type":"","background-media":"","overlay-type":"","overlay-color":"","overlay-opacity":"","overlay-gradient":""},"tablet":{"background-color":"","background-image":"","background-repeat":"repeat","background-position":"center center","background-size":"auto","background-attachment":"scroll","background-type":"","background-media":"","overlay-type":"","overlay-color":"","overlay-opacity":"","overlay-gradient":""},"mobile":{"background-color":"","background-image":"","background-repeat":"repeat","background-position":"center center","background-size":"auto","background-attachment":"scroll","background-type":"","background-media":"","overlay-type":"","overlay-color":"","overlay-opacity":"","overlay-gradient":""}},"ast-content-background-meta":{"desktop":{"background-color":"var(--ast-global-color-4)","background-image":"","background-repeat":"repeat","background-position":"center center","background-size":"auto","background-attachment":"scroll","background-type":"","background-media":"","overlay-type":"","overlay-color":"","overlay-opacity":"","overlay-gradient":""},"tablet":{"background-color":"var(--ast-global-color-4)","background-image":"","background-repeat":"repeat","background-position":"center center","background-size":"auto","background-attachment":"scroll","background-type":"","background-media":"","overlay-type":"","overlay-color":"","overlay-opacity":"","overlay-gradient":""},"mobile":{"background-color":"var(--ast-global-color-4)","background-image":"","background-repeat":"repeat","background-position":"center center","background-size":"auto","background-attachment":"scroll","background-type":"","background-media":"","overlay-type":"","overlay-color":"","overlay-opacity":"","overlay-gradient":""}},"_joinchat":[]},"product_brand":[],"product_cat":[81,61],"product_tag":[],"class_list":{"0":"post-18133","1":"product","2":"type-product","3":"status-publish","4":"has-post-thumbnail","6":"product_cat-auriculares-pc-play-y-xbox","7":"product_cat-auriculares-con-cable","8":"desktop-align-center","9":"tablet-align-left","10":"mobile-align-left","12":"first","13":"instock","14":"shipping-taxable","15":"purchasable","16":"product-type-simple"},"yoast_head":"<!-- This site is optimized with the Yoast SEO plugin v27.3 - https:\/\/yoast.com\/product\/yoast-seo-wordpress\/ -->\n<title>Auriculares In Ear KZ Krila con Tunning Switch HI-FI con Microfono - UnitGames<\/title>\n<meta name=\"robots\" content=\"index, follow, max-snippet:-1, max-image-preview:large, max-video-preview:-1\" \/>\n<link rel=\"canonical\" href=\"https:\/\/unitgames.com.ar\/pc-gamer\/producto\/auriculares-in-ear-kz-krila-con-tunning-switch-hi-fi\/\" \/>\n<meta property=\"og:locale\" content=\"es_ES\" \/>\n<meta property=\"og:type\" content=\"article\" \/>\n<meta property=\"og:title\" content=\"Auriculares In Ear KZ Krila con Tunning Switch HI-FI con Microfono - UnitGames\" \/>\n<meta property=\"og:description\" content=\"Auriculares In Ear KZ ZST Black: Sonido Superior y Confort Total Imagina sumergirte en un sonido de alta fidelidad, donde cada nota, cada ritmo, cada detalle de la m\u00fasica te envuelva por completo. Con los auriculares KZ ZST Black experimentas precisamente eso: una experiencia auditiva inigualable, gracias a sus drive Caracter\u00edsticas principales: Dise\u00f1o:\u00a0Auriculares intraurales (in-ear) con dise\u00f1o ergon\u00f3mico para mayor comodidad.\u00a0 Sonido:\u00a0Driver dual (1 din\u00e1mico + 1 de armadura equilibrada) para una reproducci\u00f3n de sonido detallada y equilibrada.\u00a0 Micr\u00f3fono:\u00a0Micr\u00f3fono integrado en el cable para llamadas manos libres.\u00a0 Cable:\u00a0Cable desmontable de alta calidad con conector ba\u00f1ado en oro.\u00a0 Compatibilidad:\u00a0Compatibles con la mayor\u00eda de los dispositivos m\u00f3viles y reproductores de m\u00fasica.\u00a0 Aislamiento de ruido:\u00a0Aislamiento de ruido pasivo para una mejor experiencia auditiva.\u00a0 &nbsp; &nbsp;\" \/>\n<meta property=\"og:url\" content=\"https:\/\/unitgames.com.ar\/pc-gamer\/producto\/auriculares-in-ear-kz-krila-con-tunning-switch-hi-fi\/\" \/>\n<meta property=\"og:site_name\" content=\"UnitGames\" \/>\n<meta property=\"article:modified_time\" content=\"2026-02-21T14:00:52+00:00\" \/>\n<meta property=\"og:image\" content=\"https:\/\/unitgames.com.ar\/pc-gamer\/wp-content\/uploads\/2025\/11\/Auriculares-In-Ear-KZ-Krila-con-Tunning-Switch-HI-FI.png\" \/>\n\t<meta property=\"og:image:width\" content=\"1283\" \/>\n\t<meta property=\"og:image:height\" content=\"1283\" \/>\n\t<meta property=\"og:image:type\" content=\"image\/png\" \/>\n<meta name=\"twitter:card\" content=\"summary_large_image\" \/>\n<meta name=\"twitter:label1\" content=\"Tiempo de lectura\" \/>\n\t<meta name=\"twitter:data1\" content=\"1 minuto\" \/>\n<script type=\"application\/ld+json\" class=\"yoast-schema-graph\">{\"@context\":\"https:\\\/\\\/schema.org\",\"@graph\":[{\"@type\":\"WebPage\",\"@id\":\"https:\\\/\\\/unitgames.com.ar\\\/pc-gamer\\\/producto\\\/auriculares-in-ear-kz-krila-con-tunning-switch-hi-fi\\\/\",\"url\":\"https:\\\/\\\/unitgames.com.ar\\\/pc-gamer\\\/producto\\\/auriculares-in-ear-kz-krila-con-tunning-switch-hi-fi\\\/\",\"name\":\"Auriculares In Ear KZ Krila con Tunning Switch HI-FI con Microfono - UnitGames\",\"isPartOf\":{\"@id\":\"https:\\\/\\\/unitgames.com.ar\\\/pc-gamer\\\/#website\"},\"primaryImageOfPage\":{\"@id\":\"https:\\\/\\\/unitgames.com.ar\\\/pc-gamer\\\/producto\\\/auriculares-in-ear-kz-krila-con-tunning-switch-hi-fi\\\/#primaryimage\"},\"image\":{\"@id\":\"https:\\\/\\\/unitgames.com.ar\\\/pc-gamer\\\/producto\\\/auriculares-in-ear-kz-krila-con-tunning-switch-hi-fi\\\/#primaryimage\"},\"thumbnailUrl\":\"https:\\\/\\\/unitgames.com.ar\\\/pc-gamer\\\/wp-content\\\/uploads\\\/2025\\\/11\\\/Auriculares-In-Ear-KZ-Krila-con-Tunning-Switch-HI-FI.png\",\"datePublished\":\"2025-11-12T22:21:45+00:00\",\"dateModified\":\"2026-02-21T14:00:52+00:00\",\"breadcrumb\":{\"@id\":\"https:\\\/\\\/unitgames.com.ar\\\/pc-gamer\\\/producto\\\/auriculares-in-ear-kz-krila-con-tunning-switch-hi-fi\\\/#breadcrumb\"},\"inLanguage\":\"es\",\"potentialAction\":[{\"@type\":\"ReadAction\",\"target\":[\"https:\\\/\\\/unitgames.com.ar\\\/pc-gamer\\\/producto\\\/auriculares-in-ear-kz-krila-con-tunning-switch-hi-fi\\\/\"]}]},{\"@type\":\"ImageObject\",\"inLanguage\":\"es\",\"@id\":\"https:\\\/\\\/unitgames.com.ar\\\/pc-gamer\\\/producto\\\/auriculares-in-ear-kz-krila-con-tunning-switch-hi-fi\\\/#primaryimage\",\"url\":\"https:\\\/\\\/unitgames.com.ar\\\/pc-gamer\\\/wp-content\\\/uploads\\\/2025\\\/11\\\/Auriculares-In-Ear-KZ-Krila-con-Tunning-Switch-HI-FI.png\",\"contentUrl\":\"https:\\\/\\\/unitgames.com.ar\\\/pc-gamer\\\/wp-content\\\/uploads\\\/2025\\\/11\\\/Auriculares-In-Ear-KZ-Krila-con-Tunning-Switch-HI-FI.png\",\"width\":1283,\"height\":1283},{\"@type\":\"BreadcrumbList\",\"@id\":\"https:\\\/\\\/unitgames.com.ar\\\/pc-gamer\\\/producto\\\/auriculares-in-ear-kz-krila-con-tunning-switch-hi-fi\\\/#breadcrumb\",\"itemListElement\":[{\"@type\":\"ListItem\",\"position\":1,\"name\":\"Tienda\",\"item\":\"https:\\\/\\\/unitgames.com.ar\\\/pc-gamer\\\/tienda\\\/\"},{\"@type\":\"ListItem\",\"position\":2,\"name\":\"Auriculares In Ear KZ Krila con Tunning Switch HI-FI con Microfono\"}]},{\"@type\":\"WebSite\",\"@id\":\"https:\\\/\\\/unitgames.com.ar\\\/pc-gamer\\\/#website\",\"url\":\"https:\\\/\\\/unitgames.com.ar\\\/pc-gamer\\\/\",\"name\":\"UnitGames\",\"description\":\"Venta de PC Gamers, Consolas , Servicio Tecnico Especializado. Todos en Accesorios Informaticos y Gamers\",\"publisher\":{\"@id\":\"https:\\\/\\\/unitgames.com.ar\\\/pc-gamer\\\/#organization\"},\"potentialAction\":[{\"@type\":\"SearchAction\",\"target\":{\"@type\":\"EntryPoint\",\"urlTemplate\":\"https:\\\/\\\/unitgames.com.ar\\\/pc-gamer\\\/?s={search_term_string}\"},\"query-input\":{\"@type\":\"PropertyValueSpecification\",\"valueRequired\":true,\"valueName\":\"search_term_string\"}}],\"inLanguage\":\"es\"},{\"@type\":\"Organization\",\"@id\":\"https:\\\/\\\/unitgames.com.ar\\\/pc-gamer\\\/#organization\",\"name\":\"UnitGames\",\"url\":\"https:\\\/\\\/unitgames.com.ar\\\/pc-gamer\\\/\",\"logo\":{\"@type\":\"ImageObject\",\"inLanguage\":\"es\",\"@id\":\"https:\\\/\\\/unitgames.com.ar\\\/pc-gamer\\\/#\\\/schema\\\/logo\\\/image\\\/\",\"url\":\"https:\\\/\\\/unitgames.com.ar\\\/pc-gamer\\\/wp-content\\\/uploads\\\/2021\\\/01\\\/cropped-logoUnitGames2.png\",\"contentUrl\":\"https:\\\/\\\/unitgames.com.ar\\\/pc-gamer\\\/wp-content\\\/uploads\\\/2021\\\/01\\\/cropped-logoUnitGames2.png\",\"width\":152,\"height\":200,\"caption\":\"UnitGames\"},\"image\":{\"@id\":\"https:\\\/\\\/unitgames.com.ar\\\/pc-gamer\\\/#\\\/schema\\\/logo\\\/image\\\/\"}}]}<\/script>\n<!-- \/ Yoast SEO plugin. -->","yoast_head_json":{"title":"Auriculares In Ear KZ Krila con Tunning Switch HI-FI con Microfono - UnitGames","robots":{"index":"index","follow":"follow","max-snippet":"max-snippet:-1","max-image-preview":"max-image-preview:large","max-video-preview":"max-video-preview:-1"},"canonical":"https:\/\/unitgames.com.ar\/pc-gamer\/producto\/auriculares-in-ear-kz-krila-con-tunning-switch-hi-fi\/","og_locale":"es_ES","og_type":"article","og_title":"Auriculares In Ear KZ Krila con Tunning Switch HI-FI con Microfono - UnitGames","og_description":"Auriculares In Ear KZ ZST Black: Sonido Superior y Confort Total Imagina sumergirte en un sonido de alta fidelidad, donde cada nota, cada ritmo, cada detalle de la m\u00fasica te envuelva por completo. Con los auriculares KZ ZST Black experimentas precisamente eso: una experiencia auditiva inigualable, gracias a sus drive Caracter\u00edsticas principales: Dise\u00f1o:\u00a0Auriculares intraurales (in-ear) con dise\u00f1o ergon\u00f3mico para mayor comodidad.\u00a0 Sonido:\u00a0Driver dual (1 din\u00e1mico + 1 de armadura equilibrada) para una reproducci\u00f3n de sonido detallada y equilibrada.\u00a0 Micr\u00f3fono:\u00a0Micr\u00f3fono integrado en el cable para llamadas manos libres.\u00a0 Cable:\u00a0Cable desmontable de alta calidad con conector ba\u00f1ado en oro.\u00a0 Compatibilidad:\u00a0Compatibles con la mayor\u00eda de los dispositivos m\u00f3viles y reproductores de m\u00fasica.\u00a0 Aislamiento de ruido:\u00a0Aislamiento de ruido pasivo para una mejor experiencia auditiva.\u00a0 &nbsp; &nbsp;","og_url":"https:\/\/unitgames.com.ar\/pc-gamer\/producto\/auriculares-in-ear-kz-krila-con-tunning-switch-hi-fi\/","og_site_name":"UnitGames","article_modified_time":"2026-02-21T14:00:52+00:00","og_image":[{"width":1283,"height":1283,"url":"https:\/\/unitgames.com.ar\/pc-gamer\/wp-content\/uploads\/2025\/11\/Auriculares-In-Ear-KZ-Krila-con-Tunning-Switch-HI-FI.png","type":"image\/png"}],"twitter_card":"summary_large_image","twitter_misc":{"Tiempo de lectura":"1 minuto"},"schema":{"@context":"https:\/\/schema.org","@graph":[{"@type":"WebPage","@id":"https:\/\/unitgames.com.ar\/pc-gamer\/producto\/auriculares-in-ear-kz-krila-con-tunning-switch-hi-fi\/","url":"https:\/\/unitgames.com.ar\/pc-gamer\/producto\/auriculares-in-ear-kz-krila-con-tunning-switch-hi-fi\/","name":"Auriculares In Ear KZ Krila con Tunning Switch HI-FI con Microfono - UnitGames","isPartOf":{"@id":"https:\/\/unitgames.com.ar\/pc-gamer\/#website"},"primaryImageOfPage":{"@id":"https:\/\/unitgames.com.ar\/pc-gamer\/producto\/auriculares-in-ear-kz-krila-con-tunning-switch-hi-fi\/#primaryimage"},"image":{"@id":"https:\/\/unitgames.com.ar\/pc-gamer\/producto\/auriculares-in-ear-kz-krila-con-tunning-switch-hi-fi\/#primaryimage"},"thumbnailUrl":"https:\/\/unitgames.com.ar\/pc-gamer\/wp-content\/uploads\/2025\/11\/Auriculares-In-Ear-KZ-Krila-con-Tunning-Switch-HI-FI.png","datePublished":"2025-11-12T22:21:45+00:00","dateModified":"2026-02-21T14:00:52+00:00","breadcrumb":{"@id":"https:\/\/unitgames.com.ar\/pc-gamer\/producto\/auriculares-in-ear-kz-krila-con-tunning-switch-hi-fi\/#breadcrumb"},"inLanguage":"es","potentialAction":[{"@type":"ReadAction","target":["https:\/\/unitgames.com.ar\/pc-gamer\/producto\/auriculares-in-ear-kz-krila-con-tunning-switch-hi-fi\/"]}]},{"@type":"ImageObject","inLanguage":"es","@id":"https:\/\/unitgames.com.ar\/pc-gamer\/producto\/auriculares-in-ear-kz-krila-con-tunning-switch-hi-fi\/#primaryimage","url":"https:\/\/unitgames.com.ar\/pc-gamer\/wp-content\/uploads\/2025\/11\/Auriculares-In-Ear-KZ-Krila-con-Tunning-Switch-HI-FI.png","contentUrl":"https:\/\/unitgames.com.ar\/pc-gamer\/wp-content\/uploads\/2025\/11\/Auriculares-In-Ear-KZ-Krila-con-Tunning-Switch-HI-FI.png","width":1283,"height":1283},{"@type":"BreadcrumbList","@id":"https:\/\/unitgames.com.ar\/pc-gamer\/producto\/auriculares-in-ear-kz-krila-con-tunning-switch-hi-fi\/#breadcrumb","itemListElement":[{"@type":"ListItem","position":1,"name":"Tienda","item":"https:\/\/unitgames.com.ar\/pc-gamer\/tienda\/"},{"@type":"ListItem","position":2,"name":"Auriculares In Ear KZ Krila con Tunning Switch HI-FI con Microfono"}]},{"@type":"WebSite","@id":"https:\/\/unitgames.com.ar\/pc-gamer\/#website","url":"https:\/\/unitgames.com.ar\/pc-gamer\/","name":"UnitGames","description":"Venta de PC Gamers, Consolas , Servicio Tecnico Especializado. Todos en Accesorios Informaticos y Gamers","publisher":{"@id":"https:\/\/unitgames.com.ar\/pc-gamer\/#organization"},"potentialAction":[{"@type":"SearchAction","target":{"@type":"EntryPoint","urlTemplate":"https:\/\/unitgames.com.ar\/pc-gamer\/?s={search_term_string}"},"query-input":{"@type":"PropertyValueSpecification","valueRequired":true,"valueName":"search_term_string"}}],"inLanguage":"es"},{"@type":"Organization","@id":"https:\/\/unitgames.com.ar\/pc-gamer\/#organization","name":"UnitGames","url":"https:\/\/unitgames.com.ar\/pc-gamer\/","logo":{"@type":"ImageObject","inLanguage":"es","@id":"https:\/\/unitgames.com.ar\/pc-gamer\/#\/schema\/logo\/image\/","url":"https:\/\/unitgames.com.ar\/pc-gamer\/wp-content\/uploads\/2021\/01\/cropped-logoUnitGames2.png","contentUrl":"https:\/\/unitgames.com.ar\/pc-gamer\/wp-content\/uploads\/2021\/01\/cropped-logoUnitGames2.png","width":152,"height":200,"caption":"UnitGames"},"image":{"@id":"https:\/\/unitgames.com.ar\/pc-gamer\/#\/schema\/logo\/image\/"}}]}},"_links":{"self":[{"href":"https:\/\/unitgames.com.ar\/pc-gamer\/wp-json\/wp\/v2\/product\/18133","targetHints":{"allow":["GET"]}}],"collection":[{"href":"https:\/\/unitgames.com.ar\/pc-gamer\/wp-json\/wp\/v2\/product"}],"about":[{"href":"https:\/\/unitgames.com.ar\/pc-gamer\/wp-json\/wp\/v2\/types\/product"}],"version-history":[{"count":0,"href":"https:\/\/unitgames.com.ar\/pc-gamer\/wp-json\/wp\/v2\/product\/18133\/revisions"}],"wp:featuredmedia":[{"embeddable":true,"href":"https:\/\/unitgames.com.ar\/pc-gamer\/wp-json\/wp\/v2\/media\/18141"}],"wp:attachment":[{"href":"https:\/\/unitgames.com.ar\/pc-gamer\/wp-json\/wp\/v2\/media?parent=18133"}],"wp:term":[{"taxonomy":"product_brand","embeddable":true,"href":"https:\/\/unitgames.com.ar\/pc-gamer\/wp-json\/wp\/v2\/product_brand?post=18133"},{"taxonomy":"product_cat","embeddable":true,"href":"https:\/\/unitgames.com.ar\/pc-gamer\/wp-json\/wp\/v2\/product_cat?post=18133"},{"taxonomy":"product_tag","embeddable":true,"href":"https:\/\/unitgames.com.ar\/pc-gamer\/wp-json\/wp\/v2\/product_tag?post=18133"}],"curies":[{"name":"wp","href":"https:\/\/api.w.org\/{rel}","templated":true}]}}