{"id":18451,"date":"2025-12-03T19:35:37","date_gmt":"2025-12-03T22:35:37","guid":{"rendered":"https:\/\/unitgames.com.ar\/pc-gamer\/?post_type=product&#038;p=18451"},"modified":"2026-05-06T18:00:28","modified_gmt":"2026-05-06T21:00:28","slug":"fuente-raptor-volt-650w-80-bronze","status":"publish","type":"product","link":"https:\/\/unitgames.com.ar\/pc-gamer\/producto\/fuente-raptor-volt-650w-80-bronze\/","title":{"rendered":"Fuente RAPTOR Volt 650W 80+ Bronze"},"content":{"rendered":"<p data-start=\"229\" data-end=\"467\">El RAPTOR Volt 650W 80+ Bronze es una fuente ATX dise\u00f1ada para brindar potencia estable, eficiencia energ\u00e9tica y compatibilidad con sistemas de gama media a media-alta. Ideal para gaming, edici\u00f3n, y PCs con un solo GPU de gama media-alta.<\/p>\n<hr data-start=\"469\" data-end=\"472\" \/>\n<h2 data-start=\"474\" data-end=\"506\"><strong data-start=\"477\" data-end=\"506\">Especificaciones T\u00e9cnicas<\/strong><\/h2>\n<p>&nbsp;<\/p>\n<ul data-start=\"508\" data-end=\"1167\">\n<li data-start=\"508\" data-end=\"539\">\n<p data-start=\"510\" data-end=\"539\"><strong data-start=\"510\" data-end=\"531\">Potencia nominal:<\/strong> 650 W<\/p>\n<\/li>\n<li data-start=\"540\" data-end=\"587\">\n<p data-start=\"542\" data-end=\"587\"><strong data-start=\"542\" data-end=\"574\">Certificaci\u00f3n de eficiencia:<\/strong> 80+ Bronze<\/p>\n<\/li>\n<li data-start=\"588\" data-end=\"632\">\n<p data-start=\"590\" data-end=\"632\"><strong data-start=\"590\" data-end=\"608\">Entrada de CA:<\/strong> 100 V\u2013240 V, 50\u201360 Hz<\/p>\n<\/li>\n<li data-start=\"633\" data-end=\"698\">\n<p data-start=\"635\" data-end=\"698\"><strong data-start=\"635\" data-end=\"656\">Salida principal:<\/strong> +12 V (corriente m\u00e1xima en +12 V: 52 A)<\/p>\n<\/li>\n<li data-start=\"699\" data-end=\"743\">\n<p data-start=\"701\" data-end=\"743\"><strong data-start=\"701\" data-end=\"728\">Potencia pico admitida:<\/strong> hasta ~634 W<\/p>\n<\/li>\n<li data-start=\"744\" data-end=\"848\">\n<p data-start=\"746\" data-end=\"848\"><strong data-start=\"746\" data-end=\"761\">Conectores:<\/strong> 24-pin ATX (20+4), 8-pin CPU (4+4), 2\u00d7 PCI-E (6+2), 6\u00d7 SATA, 3\u00d7 Molex \/ perif\u00e9ricos.<\/p>\n<\/li>\n<li data-start=\"849\" data-end=\"932\">\n<p data-start=\"851\" data-end=\"932\"><strong data-start=\"851\" data-end=\"869\">Refrigeraci\u00f3n:<\/strong> ventilador interno de 120 mm (aire, fan-less no \u2014 ventilado)<\/p>\n<\/li>\n<li data-start=\"933\" data-end=\"970\">\n<p data-start=\"935\" data-end=\"970\"><strong data-start=\"935\" data-end=\"955\">Factor de forma:<\/strong> ATX est\u00e1ndar<\/p>\n<\/li>\n<li data-start=\"971\" data-end=\"1101\">\n<p data-start=\"973\" data-end=\"1101\"><strong data-start=\"973\" data-end=\"1000\">Protecciones incluidas:<\/strong> OVP (sobrevoltaje), UVP (subvoltaje), OCP (sobrecorriente), SCP (corto circuito), OPP (sobrecarga)<\/p>\n<\/li>\n<li data-start=\"1102\" data-end=\"1167\">\n<p data-start=\"1104\" data-end=\"1167\"><strong data-start=\"1104\" data-end=\"1123\">Compatibilidad:<\/strong> PCs de escritorio est\u00e1ndar, gabinetes ATX<\/p>\n<\/li>\n<\/ul>\n<hr data-start=\"1169\" data-end=\"1172\" \/>\n<h2 data-start=\"1174\" data-end=\"1207\"><strong data-start=\"1177\" data-end=\"1207\">Caracter\u00edsticas destacadas<\/strong><\/h2>\n<p>&nbsp;<\/p>\n<ul data-start=\"1209\" data-end=\"1808\">\n<li data-start=\"1209\" data-end=\"1280\">\n<p data-start=\"1211\" data-end=\"1280\">Potencia suficiente para sistemas con CPU y GPU de gama media-alta.<\/p>\n<\/li>\n<li data-start=\"1281\" data-end=\"1391\">\n<p data-start=\"1283\" data-end=\"1391\">Certificaci\u00f3n 80+ Bronze \u2192 eficiencia energ\u00e9tica adecuada, menor calor disipado y menor consumo en reposo.<\/p>\n<\/li>\n<li data-start=\"1392\" data-end=\"1516\">\n<p data-start=\"1394\" data-end=\"1516\">Distribuci\u00f3n de conectores amplia, compatible con motherboards modernas, GPU PCI-E, m\u00faltiples discos SATA y perif\u00e9ricos.<\/p>\n<\/li>\n<li data-start=\"1517\" data-end=\"1624\">\n<p data-start=\"1519\" data-end=\"1624\">Ventilaci\u00f3n activa mediante ventilador de 120 mm, ideal para mantener temperaturas estables bajo carga.<\/p>\n<\/li>\n<li data-start=\"1625\" data-end=\"1700\">\n<p data-start=\"1627\" data-end=\"1700\">Formato ATX convencional, f\u00e1cil instalaci\u00f3n en la mayor\u00eda de gabinetes.<\/p>\n<\/li>\n<li data-start=\"1701\" data-end=\"1808\">\n<p data-start=\"1703\" data-end=\"1808\">Buen equilibrio entre precio, potencia y eficiencia: confiable para sistemas de gaming o uso intensivo.<\/p>\n<\/li>\n<\/ul>\n","protected":false},"excerpt":{"rendered":"<p>El RAPTOR Volt 650W 80+ Bronze es una fuente ATX dise\u00f1ada para brindar potencia estable, eficiencia energ\u00e9tica y compatibilidad con sistemas de gama media a media-alta. Ideal para gaming, edici\u00f3n, y PCs con un solo GPU de gama media-alta. Especificaciones T\u00e9cnicas &nbsp; Potencia nominal: 650 W Certificaci\u00f3n de eficiencia: 80+ Bronze Entrada de CA: 100 V\u2013240 V, 50\u201360 Hz Salida principal: +12 V (corriente m\u00e1xima en +12 V: 52 A) Potencia pico admitida: hasta ~634 W Conectores: 24-pin ATX (20+4), 8-pin CPU (4+4), 2\u00d7 PCI-E (6+2), 6\u00d7 SATA, 3\u00d7 Molex \/ perif\u00e9ricos. Refrigeraci\u00f3n: ventilador interno de 120 mm (aire, fan-less no \u2014 ventilado) Factor de forma: ATX est\u00e1ndar Protecciones incluidas: OVP (sobrevoltaje), UVP (subvoltaje), OCP (sobrecorriente), SCP (corto circuito), OPP (sobrecarga) Compatibilidad: PCs de escritorio est\u00e1ndar, gabinetes ATX Caracter\u00edsticas destacadas &nbsp; Potencia suficiente para sistemas con CPU y GPU de gama media-alta. Certificaci\u00f3n 80+ Bronze \u2192 eficiencia energ\u00e9tica adecuada, menor calor disipado y menor consumo en reposo. Distribuci\u00f3n de conectores amplia, compatible con motherboards modernas, GPU PCI-E, m\u00faltiples discos SATA y perif\u00e9ricos. Ventilaci\u00f3n activa mediante ventilador de 120 mm, ideal para mantener temperaturas estables bajo carga. Formato ATX convencional, f\u00e1cil instalaci\u00f3n en la mayor\u00eda de gabinetes. Buen equilibrio entre precio, potencia y eficiencia: confiable para sistemas de gaming o uso intensivo.<\/p>\n","protected":false},"featured_media":18453,"template":"","meta":{"site-sidebar-layout":"default","site-content-layout":"","ast-site-content-layout":"default","site-content-style":"default","site-sidebar-style":"default","ast-global-header-display":"","ast-banner-title-visibility":"","ast-main-header-display":"","ast-hfb-above-header-display":"","ast-hfb-below-header-display":"","ast-hfb-mobile-header-display":"","site-post-title":"","ast-breadcrumbs-content":"","ast-featured-img":"","footer-sml-layout":"","theme-transparent-header-meta":"default","adv-header-id-meta":"","stick-header-meta":"","header-above-stick-meta":"","header-main-stick-meta":"","header-below-stick-meta":"","astra-migrate-meta-layouts":"set","ast-page-background-enabled":"default","ast-page-background-meta":{"desktop":{"background-color":"var(--ast-global-color-5)","background-image":"","background-repeat":"repeat","background-position":"center center","background-size":"auto","background-attachment":"scroll","background-type":"","background-media":"","overlay-type":"","overlay-color":"","overlay-opacity":"","overlay-gradient":""},"tablet":{"background-color":"","background-image":"","background-repeat":"repeat","background-position":"center center","background-size":"auto","background-attachment":"scroll","background-type":"","background-media":"","overlay-type":"","overlay-color":"","overlay-opacity":"","overlay-gradient":""},"mobile":{"background-color":"","background-image":"","background-repeat":"repeat","background-position":"center center","background-size":"auto","background-attachment":"scroll","background-type":"","background-media":"","overlay-type":"","overlay-color":"","overlay-opacity":"","overlay-gradient":""}},"ast-content-background-meta":{"desktop":{"background-color":"var(--ast-global-color-4)","background-image":"","background-repeat":"repeat","background-position":"center center","background-size":"auto","background-attachment":"scroll","background-type":"","background-media":"","overlay-type":"","overlay-color":"","overlay-opacity":"","overlay-gradient":""},"tablet":{"background-color":"var(--ast-global-color-4)","background-image":"","background-repeat":"repeat","background-position":"center center","background-size":"auto","background-attachment":"scroll","background-type":"","background-media":"","overlay-type":"","overlay-color":"","overlay-opacity":"","overlay-gradient":""},"mobile":{"background-color":"var(--ast-global-color-4)","background-image":"","background-repeat":"repeat","background-position":"center center","background-size":"auto","background-attachment":"scroll","background-type":"","background-media":"","overlay-type":"","overlay-color":"","overlay-opacity":"","overlay-gradient":""}},"_joinchat":[]},"product_brand":[],"product_cat":[65],"product_tag":[],"class_list":{"0":"post-18451","1":"product","2":"type-product","3":"status-publish","4":"has-post-thumbnail","6":"product_cat-fuentes","7":"desktop-align-center","8":"tablet-align-left","9":"mobile-align-left","11":"first","12":"instock","13":"shipping-taxable","14":"purchasable","15":"product-type-simple"},"yoast_head":"<!-- This site is optimized with the Yoast SEO plugin v27.5 - https:\/\/yoast.com\/product\/yoast-seo-wordpress\/ -->\n<title>Fuente RAPTOR Volt 650W 80+ Bronze - UnitGames<\/title>\n<meta name=\"robots\" content=\"index, follow, max-snippet:-1, max-image-preview:large, max-video-preview:-1\" \/>\n<link rel=\"canonical\" href=\"https:\/\/unitgames.com.ar\/pc-gamer\/producto\/fuente-raptor-volt-650w-80-bronze\/\" \/>\n<meta property=\"og:locale\" content=\"es_ES\" \/>\n<meta property=\"og:type\" content=\"article\" \/>\n<meta property=\"og:title\" content=\"Fuente RAPTOR Volt 650W 80+ Bronze - UnitGames\" \/>\n<meta property=\"og:description\" content=\"El RAPTOR Volt 650W 80+ Bronze es una fuente ATX dise\u00f1ada para brindar potencia estable, eficiencia energ\u00e9tica y compatibilidad con sistemas de gama media a media-alta. Ideal para gaming, edici\u00f3n, y PCs con un solo GPU de gama media-alta. Especificaciones T\u00e9cnicas &nbsp; Potencia nominal: 650 W Certificaci\u00f3n de eficiencia: 80+ Bronze Entrada de CA: 100 V\u2013240 V, 50\u201360 Hz Salida principal: +12 V (corriente m\u00e1xima en +12 V: 52 A) Potencia pico admitida: hasta ~634 W Conectores: 24-pin ATX (20+4), 8-pin CPU (4+4), 2\u00d7 PCI-E (6+2), 6\u00d7 SATA, 3\u00d7 Molex \/ perif\u00e9ricos. Refrigeraci\u00f3n: ventilador interno de 120 mm (aire, fan-less no \u2014 ventilado) Factor de forma: ATX est\u00e1ndar Protecciones incluidas: OVP (sobrevoltaje), UVP (subvoltaje), OCP (sobrecorriente), SCP (corto circuito), OPP (sobrecarga) Compatibilidad: PCs de escritorio est\u00e1ndar, gabinetes ATX Caracter\u00edsticas destacadas &nbsp; Potencia suficiente para sistemas con CPU y GPU de gama media-alta. Certificaci\u00f3n 80+ Bronze \u2192 eficiencia energ\u00e9tica adecuada, menor calor disipado y menor consumo en reposo. Distribuci\u00f3n de conectores amplia, compatible con motherboards modernas, GPU PCI-E, m\u00faltiples discos SATA y perif\u00e9ricos. Ventilaci\u00f3n activa mediante ventilador de 120 mm, ideal para mantener temperaturas estables bajo carga. Formato ATX convencional, f\u00e1cil instalaci\u00f3n en la mayor\u00eda de gabinetes. Buen equilibrio entre precio, potencia y eficiencia: confiable para sistemas de gaming o uso intensivo.\" \/>\n<meta property=\"og:url\" content=\"https:\/\/unitgames.com.ar\/pc-gamer\/producto\/fuente-raptor-volt-650w-80-bronze\/\" \/>\n<meta property=\"og:site_name\" content=\"UnitGames\" \/>\n<meta property=\"article:modified_time\" content=\"2026-05-06T21:00:28+00:00\" \/>\n<meta property=\"og:image\" content=\"https:\/\/unitgames.com.ar\/pc-gamer\/wp-content\/uploads\/2025\/12\/Fuente-RAPTOR-Volt-650W-80-Bronze.png\" \/>\n\t<meta property=\"og:image:width\" content=\"1281\" \/>\n\t<meta property=\"og:image:height\" content=\"1281\" \/>\n\t<meta property=\"og:image:type\" content=\"image\/png\" \/>\n<meta name=\"twitter:card\" content=\"summary_large_image\" \/>\n<meta name=\"twitter:label1\" content=\"Tiempo de lectura\" \/>\n\t<meta name=\"twitter:data1\" content=\"2 minutos\" \/>\n<script type=\"application\/ld+json\" class=\"yoast-schema-graph\">{\"@context\":\"https:\\\/\\\/schema.org\",\"@graph\":[{\"@type\":\"WebPage\",\"@id\":\"https:\\\/\\\/unitgames.com.ar\\\/pc-gamer\\\/producto\\\/fuente-raptor-volt-650w-80-bronze\\\/\",\"url\":\"https:\\\/\\\/unitgames.com.ar\\\/pc-gamer\\\/producto\\\/fuente-raptor-volt-650w-80-bronze\\\/\",\"name\":\"Fuente RAPTOR Volt 650W 80+ Bronze - UnitGames\",\"isPartOf\":{\"@id\":\"https:\\\/\\\/unitgames.com.ar\\\/pc-gamer\\\/#website\"},\"primaryImageOfPage\":{\"@id\":\"https:\\\/\\\/unitgames.com.ar\\\/pc-gamer\\\/producto\\\/fuente-raptor-volt-650w-80-bronze\\\/#primaryimage\"},\"image\":{\"@id\":\"https:\\\/\\\/unitgames.com.ar\\\/pc-gamer\\\/producto\\\/fuente-raptor-volt-650w-80-bronze\\\/#primaryimage\"},\"thumbnailUrl\":\"https:\\\/\\\/unitgames.com.ar\\\/pc-gamer\\\/wp-content\\\/uploads\\\/2025\\\/12\\\/Fuente-RAPTOR-Volt-650W-80-Bronze.png\",\"datePublished\":\"2025-12-03T22:35:37+00:00\",\"dateModified\":\"2026-05-06T21:00:28+00:00\",\"breadcrumb\":{\"@id\":\"https:\\\/\\\/unitgames.com.ar\\\/pc-gamer\\\/producto\\\/fuente-raptor-volt-650w-80-bronze\\\/#breadcrumb\"},\"inLanguage\":\"es\",\"potentialAction\":[{\"@type\":\"ReadAction\",\"target\":[\"https:\\\/\\\/unitgames.com.ar\\\/pc-gamer\\\/producto\\\/fuente-raptor-volt-650w-80-bronze\\\/\"]}]},{\"@type\":\"ImageObject\",\"inLanguage\":\"es\",\"@id\":\"https:\\\/\\\/unitgames.com.ar\\\/pc-gamer\\\/producto\\\/fuente-raptor-volt-650w-80-bronze\\\/#primaryimage\",\"url\":\"https:\\\/\\\/unitgames.com.ar\\\/pc-gamer\\\/wp-content\\\/uploads\\\/2025\\\/12\\\/Fuente-RAPTOR-Volt-650W-80-Bronze.png\",\"contentUrl\":\"https:\\\/\\\/unitgames.com.ar\\\/pc-gamer\\\/wp-content\\\/uploads\\\/2025\\\/12\\\/Fuente-RAPTOR-Volt-650W-80-Bronze.png\",\"width\":1281,\"height\":1281},{\"@type\":\"BreadcrumbList\",\"@id\":\"https:\\\/\\\/unitgames.com.ar\\\/pc-gamer\\\/producto\\\/fuente-raptor-volt-650w-80-bronze\\\/#breadcrumb\",\"itemListElement\":[{\"@type\":\"ListItem\",\"position\":1,\"name\":\"Tienda\",\"item\":\"https:\\\/\\\/unitgames.com.ar\\\/pc-gamer\\\/tienda\\\/\"},{\"@type\":\"ListItem\",\"position\":2,\"name\":\"Fuente RAPTOR Volt 650W 80+ Bronze\"}]},{\"@type\":\"WebSite\",\"@id\":\"https:\\\/\\\/unitgames.com.ar\\\/pc-gamer\\\/#website\",\"url\":\"https:\\\/\\\/unitgames.com.ar\\\/pc-gamer\\\/\",\"name\":\"UnitGames\",\"description\":\"Venta de PC Gamers, Consolas , Servicio Tecnico Especializado. Todos en Accesorios Informaticos y Gamers\",\"publisher\":{\"@id\":\"https:\\\/\\\/unitgames.com.ar\\\/pc-gamer\\\/#organization\"},\"potentialAction\":[{\"@type\":\"SearchAction\",\"target\":{\"@type\":\"EntryPoint\",\"urlTemplate\":\"https:\\\/\\\/unitgames.com.ar\\\/pc-gamer\\\/?s={search_term_string}\"},\"query-input\":{\"@type\":\"PropertyValueSpecification\",\"valueRequired\":true,\"valueName\":\"search_term_string\"}}],\"inLanguage\":\"es\"},{\"@type\":\"Organization\",\"@id\":\"https:\\\/\\\/unitgames.com.ar\\\/pc-gamer\\\/#organization\",\"name\":\"UnitGames\",\"url\":\"https:\\\/\\\/unitgames.com.ar\\\/pc-gamer\\\/\",\"logo\":{\"@type\":\"ImageObject\",\"inLanguage\":\"es\",\"@id\":\"https:\\\/\\\/unitgames.com.ar\\\/pc-gamer\\\/#\\\/schema\\\/logo\\\/image\\\/\",\"url\":\"https:\\\/\\\/unitgames.com.ar\\\/pc-gamer\\\/wp-content\\\/uploads\\\/2021\\\/01\\\/cropped-logoUnitGames2.png\",\"contentUrl\":\"https:\\\/\\\/unitgames.com.ar\\\/pc-gamer\\\/wp-content\\\/uploads\\\/2021\\\/01\\\/cropped-logoUnitGames2.png\",\"width\":152,\"height\":200,\"caption\":\"UnitGames\"},\"image\":{\"@id\":\"https:\\\/\\\/unitgames.com.ar\\\/pc-gamer\\\/#\\\/schema\\\/logo\\\/image\\\/\"}}]}<\/script>\n<!-- \/ Yoast SEO plugin. -->","yoast_head_json":{"title":"Fuente RAPTOR Volt 650W 80+ Bronze - UnitGames","robots":{"index":"index","follow":"follow","max-snippet":"max-snippet:-1","max-image-preview":"max-image-preview:large","max-video-preview":"max-video-preview:-1"},"canonical":"https:\/\/unitgames.com.ar\/pc-gamer\/producto\/fuente-raptor-volt-650w-80-bronze\/","og_locale":"es_ES","og_type":"article","og_title":"Fuente RAPTOR Volt 650W 80+ Bronze - UnitGames","og_description":"El RAPTOR Volt 650W 80+ Bronze es una fuente ATX dise\u00f1ada para brindar potencia estable, eficiencia energ\u00e9tica y compatibilidad con sistemas de gama media a media-alta. Ideal para gaming, edici\u00f3n, y PCs con un solo GPU de gama media-alta. Especificaciones T\u00e9cnicas &nbsp; Potencia nominal: 650 W Certificaci\u00f3n de eficiencia: 80+ Bronze Entrada de CA: 100 V\u2013240 V, 50\u201360 Hz Salida principal: +12 V (corriente m\u00e1xima en +12 V: 52 A) Potencia pico admitida: hasta ~634 W Conectores: 24-pin ATX (20+4), 8-pin CPU (4+4), 2\u00d7 PCI-E (6+2), 6\u00d7 SATA, 3\u00d7 Molex \/ perif\u00e9ricos. Refrigeraci\u00f3n: ventilador interno de 120 mm (aire, fan-less no \u2014 ventilado) Factor de forma: ATX est\u00e1ndar Protecciones incluidas: OVP (sobrevoltaje), UVP (subvoltaje), OCP (sobrecorriente), SCP (corto circuito), OPP (sobrecarga) Compatibilidad: PCs de escritorio est\u00e1ndar, gabinetes ATX Caracter\u00edsticas destacadas &nbsp; Potencia suficiente para sistemas con CPU y GPU de gama media-alta. Certificaci\u00f3n 80+ Bronze \u2192 eficiencia energ\u00e9tica adecuada, menor calor disipado y menor consumo en reposo. Distribuci\u00f3n de conectores amplia, compatible con motherboards modernas, GPU PCI-E, m\u00faltiples discos SATA y perif\u00e9ricos. Ventilaci\u00f3n activa mediante ventilador de 120 mm, ideal para mantener temperaturas estables bajo carga. Formato ATX convencional, f\u00e1cil instalaci\u00f3n en la mayor\u00eda de gabinetes. Buen equilibrio entre precio, potencia y eficiencia: confiable para sistemas de gaming o uso intensivo.","og_url":"https:\/\/unitgames.com.ar\/pc-gamer\/producto\/fuente-raptor-volt-650w-80-bronze\/","og_site_name":"UnitGames","article_modified_time":"2026-05-06T21:00:28+00:00","og_image":[{"width":1281,"height":1281,"url":"https:\/\/unitgames.com.ar\/pc-gamer\/wp-content\/uploads\/2025\/12\/Fuente-RAPTOR-Volt-650W-80-Bronze.png","type":"image\/png"}],"twitter_card":"summary_large_image","twitter_misc":{"Tiempo de lectura":"2 minutos"},"schema":{"@context":"https:\/\/schema.org","@graph":[{"@type":"WebPage","@id":"https:\/\/unitgames.com.ar\/pc-gamer\/producto\/fuente-raptor-volt-650w-80-bronze\/","url":"https:\/\/unitgames.com.ar\/pc-gamer\/producto\/fuente-raptor-volt-650w-80-bronze\/","name":"Fuente RAPTOR Volt 650W 80+ Bronze - UnitGames","isPartOf":{"@id":"https:\/\/unitgames.com.ar\/pc-gamer\/#website"},"primaryImageOfPage":{"@id":"https:\/\/unitgames.com.ar\/pc-gamer\/producto\/fuente-raptor-volt-650w-80-bronze\/#primaryimage"},"image":{"@id":"https:\/\/unitgames.com.ar\/pc-gamer\/producto\/fuente-raptor-volt-650w-80-bronze\/#primaryimage"},"thumbnailUrl":"https:\/\/unitgames.com.ar\/pc-gamer\/wp-content\/uploads\/2025\/12\/Fuente-RAPTOR-Volt-650W-80-Bronze.png","datePublished":"2025-12-03T22:35:37+00:00","dateModified":"2026-05-06T21:00:28+00:00","breadcrumb":{"@id":"https:\/\/unitgames.com.ar\/pc-gamer\/producto\/fuente-raptor-volt-650w-80-bronze\/#breadcrumb"},"inLanguage":"es","potentialAction":[{"@type":"ReadAction","target":["https:\/\/unitgames.com.ar\/pc-gamer\/producto\/fuente-raptor-volt-650w-80-bronze\/"]}]},{"@type":"ImageObject","inLanguage":"es","@id":"https:\/\/unitgames.com.ar\/pc-gamer\/producto\/fuente-raptor-volt-650w-80-bronze\/#primaryimage","url":"https:\/\/unitgames.com.ar\/pc-gamer\/wp-content\/uploads\/2025\/12\/Fuente-RAPTOR-Volt-650W-80-Bronze.png","contentUrl":"https:\/\/unitgames.com.ar\/pc-gamer\/wp-content\/uploads\/2025\/12\/Fuente-RAPTOR-Volt-650W-80-Bronze.png","width":1281,"height":1281},{"@type":"BreadcrumbList","@id":"https:\/\/unitgames.com.ar\/pc-gamer\/producto\/fuente-raptor-volt-650w-80-bronze\/#breadcrumb","itemListElement":[{"@type":"ListItem","position":1,"name":"Tienda","item":"https:\/\/unitgames.com.ar\/pc-gamer\/tienda\/"},{"@type":"ListItem","position":2,"name":"Fuente RAPTOR Volt 650W 80+ Bronze"}]},{"@type":"WebSite","@id":"https:\/\/unitgames.com.ar\/pc-gamer\/#website","url":"https:\/\/unitgames.com.ar\/pc-gamer\/","name":"UnitGames","description":"Venta de PC Gamers, Consolas , Servicio Tecnico Especializado. Todos en Accesorios Informaticos y Gamers","publisher":{"@id":"https:\/\/unitgames.com.ar\/pc-gamer\/#organization"},"potentialAction":[{"@type":"SearchAction","target":{"@type":"EntryPoint","urlTemplate":"https:\/\/unitgames.com.ar\/pc-gamer\/?s={search_term_string}"},"query-input":{"@type":"PropertyValueSpecification","valueRequired":true,"valueName":"search_term_string"}}],"inLanguage":"es"},{"@type":"Organization","@id":"https:\/\/unitgames.com.ar\/pc-gamer\/#organization","name":"UnitGames","url":"https:\/\/unitgames.com.ar\/pc-gamer\/","logo":{"@type":"ImageObject","inLanguage":"es","@id":"https:\/\/unitgames.com.ar\/pc-gamer\/#\/schema\/logo\/image\/","url":"https:\/\/unitgames.com.ar\/pc-gamer\/wp-content\/uploads\/2021\/01\/cropped-logoUnitGames2.png","contentUrl":"https:\/\/unitgames.com.ar\/pc-gamer\/wp-content\/uploads\/2021\/01\/cropped-logoUnitGames2.png","width":152,"height":200,"caption":"UnitGames"},"image":{"@id":"https:\/\/unitgames.com.ar\/pc-gamer\/#\/schema\/logo\/image\/"}}]}},"_links":{"self":[{"href":"https:\/\/unitgames.com.ar\/pc-gamer\/wp-json\/wp\/v2\/product\/18451","targetHints":{"allow":["GET"]}}],"collection":[{"href":"https:\/\/unitgames.com.ar\/pc-gamer\/wp-json\/wp\/v2\/product"}],"about":[{"href":"https:\/\/unitgames.com.ar\/pc-gamer\/wp-json\/wp\/v2\/types\/product"}],"version-history":[{"count":0,"href":"https:\/\/unitgames.com.ar\/pc-gamer\/wp-json\/wp\/v2\/product\/18451\/revisions"}],"wp:featuredmedia":[{"embeddable":true,"href":"https:\/\/unitgames.com.ar\/pc-gamer\/wp-json\/wp\/v2\/media\/18453"}],"wp:attachment":[{"href":"https:\/\/unitgames.com.ar\/pc-gamer\/wp-json\/wp\/v2\/media?parent=18451"}],"wp:term":[{"taxonomy":"product_brand","embeddable":true,"href":"https:\/\/unitgames.com.ar\/pc-gamer\/wp-json\/wp\/v2\/product_brand?post=18451"},{"taxonomy":"product_cat","embeddable":true,"href":"https:\/\/unitgames.com.ar\/pc-gamer\/wp-json\/wp\/v2\/product_cat?post=18451"},{"taxonomy":"product_tag","embeddable":true,"href":"https:\/\/unitgames.com.ar\/pc-gamer\/wp-json\/wp\/v2\/product_tag?post=18451"}],"curies":[{"name":"wp","href":"https:\/\/api.w.org\/{rel}","templated":true}]}}