{"id":18681,"date":"2025-12-12T20:59:46","date_gmt":"2025-12-12T23:59:46","guid":{"rendered":"https:\/\/unitgames.com.ar\/pc-gamer\/?post_type=product&#038;p=18681"},"modified":"2026-01-17T11:08:14","modified_gmt":"2026-01-17T14:08:14","slug":"auricular-inalambrico-noga-st-3880","status":"publish","type":"product","link":"https:\/\/unitgames.com.ar\/pc-gamer\/producto\/auricular-inalambrico-noga-st-3880\/","title":{"rendered":"Auriculares Inalambrico NOGA ST-3880"},"content":{"rendered":"<p data-start=\"351\" data-end=\"631\">Los <strong data-start=\"355\" data-end=\"396\">Auriculares Inal\u00e1mbricos NOGA ST\u20113880<\/strong> son vers\u00e1tiles y completos, pensados para ofrecer conectividad triple (Bluetooth, 2.4\u202fGHz y cable Plug 3.5\u202fmm) en un solo dispositivo. Perfectos para gaming en consolas, PC y para escuchar m\u00fasica o hacer llamadas en m\u00f3viles y tablets.<\/p>\n<hr data-start=\"633\" data-end=\"636\" \/>\n<h3 data-start=\"638\" data-end=\"670\">\u00a0Especificaciones T\u00e9cnicas<\/h3>\n<p>&nbsp;<\/p>\n<p data-start=\"672\" data-end=\"778\"><strong data-start=\"672\" data-end=\"682\">Marca:<\/strong> NOGA<br data-start=\"687\" data-end=\"690\" \/><strong data-start=\"690\" data-end=\"701\">Modelo:<\/strong> ST\u20113880<br data-start=\"709\" data-end=\"712\" \/><strong data-start=\"712\" data-end=\"721\">Tipo:<\/strong> Auriculares inal\u00e1mbricos con m\u00faltiples modos de conexi\u00f3n<\/p>\n<p data-start=\"780\" data-end=\"799\"><strong data-start=\"780\" data-end=\"797\">Conectividad:<\/strong><\/p>\n<ul data-start=\"800\" data-end=\"998\">\n<li data-start=\"800\" data-end=\"866\">\n<p data-start=\"802\" data-end=\"866\"><strong data-start=\"802\" data-end=\"815\">Bluetooth<\/strong> para conexi\u00f3n r\u00e1pida con celulares, tablets y PC<\/p>\n<\/li>\n<li data-start=\"867\" data-end=\"922\">\n<p data-start=\"869\" data-end=\"922\"><strong data-start=\"869\" data-end=\"889\">Wireless 2.4\u202fGHz<\/strong> mediante receptor USB incluido<\/p>\n<\/li>\n<li data-start=\"923\" data-end=\"998\">\n<p data-start=\"925\" data-end=\"998\"><strong data-start=\"925\" data-end=\"946\">Cable Plug 3.5\u202fmm<\/strong> para conexi\u00f3n directa al joystick o salida de audio<\/p>\n<\/li>\n<\/ul>\n<p data-start=\"1000\" data-end=\"1115\"><strong data-start=\"1000\" data-end=\"1012\">Drivers:<\/strong> parlantes din\u00e1micos de calidad<br data-start=\"1043\" data-end=\"1046\" \/><strong data-start=\"1046\" data-end=\"1060\">Micr\u00f3fono:<\/strong> integrado para chat y llamadas<br data-start=\"1091\" data-end=\"1094\" \/><strong data-start=\"1094\" data-end=\"1113\">Compatibilidad:<\/strong><\/p>\n<ul data-start=\"1116\" data-end=\"1442\">\n<li data-start=\"1116\" data-end=\"1169\">\n<p data-start=\"1118\" data-end=\"1169\"><strong data-start=\"1118\" data-end=\"1137\">PS4, PS5 y Xbox<\/strong> (conector 3.5\u202fmm en joystick)<\/p>\n<\/li>\n<li data-start=\"1170\" data-end=\"1187\">\n<p data-start=\"1172\" data-end=\"1187\">PC \/ Notebook<\/p>\n<\/li>\n<li data-start=\"1188\" data-end=\"1442\">\n<p data-start=\"1190\" data-end=\"1442\">Celulares y tablets<br data-start=\"1209\" data-end=\"1212\" \/><strong data-start=\"1212\" data-end=\"1237\">Controles integrados:<\/strong> control de volumen y reproducci\u00f3n en el auricular<br data-start=\"1287\" data-end=\"1290\" \/><strong data-start=\"1290\" data-end=\"1310\">Bater\u00eda interna:<\/strong> recargable para uso prolongado<br data-start=\"1341\" data-end=\"1344\" \/><strong data-start=\"1344\" data-end=\"1368\">Alcance inal\u00e1mbrico:<\/strong> hasta ~10\u202fm<br data-start=\"1380\" data-end=\"1383\" \/><strong data-start=\"1383\" data-end=\"1394\">Dise\u00f1o:<\/strong> ergon\u00f3mico y confortable para sesiones largas<\/p>\n<\/li>\n<\/ul>\n<hr data-start=\"1444\" data-end=\"1447\" \/>\n<h3 data-start=\"1449\" data-end=\"1481\">\u00a0Caracter\u00edsticas destacadas<\/h3>\n<p>&nbsp;<\/p>\n<ul data-start=\"1483\" data-end=\"1820\">\n<li data-start=\"1483\" data-end=\"1564\">\n<p data-start=\"1485\" data-end=\"1564\"><strong data-start=\"1485\" data-end=\"1513\">Triple modo de conexi\u00f3n:<\/strong> Bluetooth + Wireless 2.4\u202fGHz + Cable Plug 3.5\u202fmm<\/p>\n<\/li>\n<li data-start=\"1565\" data-end=\"1640\">\n<p data-start=\"1567\" data-end=\"1640\">Compatibles con consolas (<strong data-start=\"1593\" data-end=\"1611\">PS4, PS5, Xbox<\/strong>) mediante conexi\u00f3n directa<\/p>\n<\/li>\n<li data-start=\"1641\" data-end=\"1695\">\n<p data-start=\"1643\" data-end=\"1695\">Micr\u00f3fono integrado para chat en juegos y llamadas<\/p>\n<\/li>\n<li data-start=\"1696\" data-end=\"1750\">\n<p data-start=\"1698\" data-end=\"1750\">Dise\u00f1o c\u00f3modo y ligero, ideal para largas sesiones<\/p>\n<\/li>\n<li data-start=\"1751\" data-end=\"1820\">\n<p data-start=\"1753\" data-end=\"1820\">F\u00e1cil emparejamiento Bluetooth o uso Plug &amp; Play con receptor USB<\/p>\n<\/li>\n<\/ul>\n","protected":false},"excerpt":{"rendered":"<p>Los Auriculares Inal\u00e1mbricos NOGA ST\u20113880 son vers\u00e1tiles y completos, pensados para ofrecer conectividad triple (Bluetooth, 2.4\u202fGHz y cable Plug 3.5\u202fmm) en un solo dispositivo. Perfectos para gaming en consolas, PC y para escuchar m\u00fasica o hacer llamadas en m\u00f3viles y tablets. \u00a0Especificaciones T\u00e9cnicas &nbsp; Marca: NOGAModelo: ST\u20113880Tipo: Auriculares inal\u00e1mbricos con m\u00faltiples modos de conexi\u00f3n Conectividad: Bluetooth para conexi\u00f3n r\u00e1pida con celulares, tablets y PC Wireless 2.4\u202fGHz mediante receptor USB incluido Cable Plug 3.5\u202fmm para conexi\u00f3n directa al joystick o salida de audio Drivers: parlantes din\u00e1micos de calidadMicr\u00f3fono: integrado para chat y llamadasCompatibilidad: PS4, PS5 y Xbox (conector 3.5\u202fmm en joystick) PC \/ Notebook Celulares y tabletsControles integrados: control de volumen y reproducci\u00f3n en el auricularBater\u00eda interna: recargable para uso prolongadoAlcance inal\u00e1mbrico: hasta ~10\u202fmDise\u00f1o: ergon\u00f3mico y confortable para sesiones largas \u00a0Caracter\u00edsticas destacadas &nbsp; Triple modo de conexi\u00f3n: Bluetooth + Wireless 2.4\u202fGHz + Cable Plug 3.5\u202fmm Compatibles con consolas (PS4, PS5, Xbox) mediante conexi\u00f3n directa Micr\u00f3fono integrado para chat en juegos y llamadas Dise\u00f1o c\u00f3modo y ligero, ideal para largas sesiones F\u00e1cil emparejamiento Bluetooth o uso Plug &amp; Play con receptor USB<\/p>\n","protected":false},"featured_media":18683,"template":"","meta":{"site-sidebar-layout":"default","site-content-layout":"","ast-site-content-layout":"default","site-content-style":"default","site-sidebar-style":"default","ast-global-header-display":"","ast-banner-title-visibility":"","ast-main-header-display":"","ast-hfb-above-header-display":"","ast-hfb-below-header-display":"","ast-hfb-mobile-header-display":"","site-post-title":"","ast-breadcrumbs-content":"","ast-featured-img":"","footer-sml-layout":"","theme-transparent-header-meta":"default","adv-header-id-meta":"","stick-header-meta":"","header-above-stick-meta":"","header-main-stick-meta":"","header-below-stick-meta":"","astra-migrate-meta-layouts":"set","ast-page-background-enabled":"default","ast-page-background-meta":{"desktop":{"background-color":"var(--ast-global-color-5)","background-image":"","background-repeat":"repeat","background-position":"center center","background-size":"auto","background-attachment":"scroll","background-type":"","background-media":"","overlay-type":"","overlay-color":"","overlay-opacity":"","overlay-gradient":""},"tablet":{"background-color":"","background-image":"","background-repeat":"repeat","background-position":"center center","background-size":"auto","background-attachment":"scroll","background-type":"","background-media":"","overlay-type":"","overlay-color":"","overlay-opacity":"","overlay-gradient":""},"mobile":{"background-color":"","background-image":"","background-repeat":"repeat","background-position":"center center","background-size":"auto","background-attachment":"scroll","background-type":"","background-media":"","overlay-type":"","overlay-color":"","overlay-opacity":"","overlay-gradient":""}},"ast-content-background-meta":{"desktop":{"background-color":"var(--ast-global-color-4)","background-image":"","background-repeat":"repeat","background-position":"center center","background-size":"auto","background-attachment":"scroll","background-type":"","background-media":"","overlay-type":"","overlay-color":"","overlay-opacity":"","overlay-gradient":""},"tablet":{"background-color":"var(--ast-global-color-4)","background-image":"","background-repeat":"repeat","background-position":"center center","background-size":"auto","background-attachment":"scroll","background-type":"","background-media":"","overlay-type":"","overlay-color":"","overlay-opacity":"","overlay-gradient":""},"mobile":{"background-color":"var(--ast-global-color-4)","background-image":"","background-repeat":"repeat","background-position":"center center","background-size":"auto","background-attachment":"scroll","background-type":"","background-media":"","overlay-type":"","overlay-color":"","overlay-opacity":"","overlay-gradient":""}},"_joinchat":[]},"product_brand":[],"product_cat":[81],"product_tag":[],"class_list":{"0":"post-18681","1":"product","2":"type-product","3":"status-publish","4":"has-post-thumbnail","6":"product_cat-auriculares-pc-play-y-xbox","7":"desktop-align-center","8":"tablet-align-left","9":"mobile-align-left","11":"first","12":"instock","13":"shipping-taxable","14":"purchasable","15":"product-type-simple"},"yoast_head":"<!-- This site is optimized with the Yoast SEO plugin v27.3 - https:\/\/yoast.com\/product\/yoast-seo-wordpress\/ -->\n<title>Auriculares Inalambrico NOGA ST-3880 - UnitGames<\/title>\n<meta name=\"robots\" content=\"index, follow, max-snippet:-1, max-image-preview:large, max-video-preview:-1\" \/>\n<link rel=\"canonical\" href=\"https:\/\/unitgames.com.ar\/pc-gamer\/producto\/auricular-inalambrico-noga-st-3880\/\" \/>\n<meta property=\"og:locale\" content=\"es_ES\" \/>\n<meta property=\"og:type\" content=\"article\" \/>\n<meta property=\"og:title\" content=\"Auriculares Inalambrico NOGA ST-3880 - UnitGames\" \/>\n<meta property=\"og:description\" content=\"Los Auriculares Inal\u00e1mbricos NOGA ST\u20113880 son vers\u00e1tiles y completos, pensados para ofrecer conectividad triple (Bluetooth, 2.4\u202fGHz y cable Plug 3.5\u202fmm) en un solo dispositivo. Perfectos para gaming en consolas, PC y para escuchar m\u00fasica o hacer llamadas en m\u00f3viles y tablets. \u00a0Especificaciones T\u00e9cnicas &nbsp; Marca: NOGAModelo: ST\u20113880Tipo: Auriculares inal\u00e1mbricos con m\u00faltiples modos de conexi\u00f3n Conectividad: Bluetooth para conexi\u00f3n r\u00e1pida con celulares, tablets y PC Wireless 2.4\u202fGHz mediante receptor USB incluido Cable Plug 3.5\u202fmm para conexi\u00f3n directa al joystick o salida de audio Drivers: parlantes din\u00e1micos de calidadMicr\u00f3fono: integrado para chat y llamadasCompatibilidad: PS4, PS5 y Xbox (conector 3.5\u202fmm en joystick) PC \/ Notebook Celulares y tabletsControles integrados: control de volumen y reproducci\u00f3n en el auricularBater\u00eda interna: recargable para uso prolongadoAlcance inal\u00e1mbrico: hasta ~10\u202fmDise\u00f1o: ergon\u00f3mico y confortable para sesiones largas \u00a0Caracter\u00edsticas destacadas &nbsp; Triple modo de conexi\u00f3n: Bluetooth + Wireless 2.4\u202fGHz + Cable Plug 3.5\u202fmm Compatibles con consolas (PS4, PS5, Xbox) mediante conexi\u00f3n directa Micr\u00f3fono integrado para chat en juegos y llamadas Dise\u00f1o c\u00f3modo y ligero, ideal para largas sesiones F\u00e1cil emparejamiento Bluetooth o uso Plug &amp; Play con receptor USB\" \/>\n<meta property=\"og:url\" content=\"https:\/\/unitgames.com.ar\/pc-gamer\/producto\/auricular-inalambrico-noga-st-3880\/\" \/>\n<meta property=\"og:site_name\" content=\"UnitGames\" \/>\n<meta property=\"article:modified_time\" content=\"2026-01-17T14:08:14+00:00\" \/>\n<meta property=\"og:image\" content=\"https:\/\/unitgames.com.ar\/pc-gamer\/wp-content\/uploads\/2025\/12\/Auricular-Inalambrico-NOGA-ST-3880.png\" \/>\n\t<meta property=\"og:image:width\" content=\"1283\" \/>\n\t<meta property=\"og:image:height\" content=\"1284\" \/>\n\t<meta property=\"og:image:type\" content=\"image\/png\" \/>\n<meta name=\"twitter:card\" content=\"summary_large_image\" \/>\n<meta name=\"twitter:label1\" content=\"Tiempo de lectura\" \/>\n\t<meta name=\"twitter:data1\" content=\"2 minutos\" \/>\n<script type=\"application\/ld+json\" class=\"yoast-schema-graph\">{\"@context\":\"https:\\\/\\\/schema.org\",\"@graph\":[{\"@type\":\"WebPage\",\"@id\":\"https:\\\/\\\/unitgames.com.ar\\\/pc-gamer\\\/producto\\\/auricular-inalambrico-noga-st-3880\\\/\",\"url\":\"https:\\\/\\\/unitgames.com.ar\\\/pc-gamer\\\/producto\\\/auricular-inalambrico-noga-st-3880\\\/\",\"name\":\"Auriculares Inalambrico NOGA ST-3880 - UnitGames\",\"isPartOf\":{\"@id\":\"https:\\\/\\\/unitgames.com.ar\\\/pc-gamer\\\/#website\"},\"primaryImageOfPage\":{\"@id\":\"https:\\\/\\\/unitgames.com.ar\\\/pc-gamer\\\/producto\\\/auricular-inalambrico-noga-st-3880\\\/#primaryimage\"},\"image\":{\"@id\":\"https:\\\/\\\/unitgames.com.ar\\\/pc-gamer\\\/producto\\\/auricular-inalambrico-noga-st-3880\\\/#primaryimage\"},\"thumbnailUrl\":\"https:\\\/\\\/unitgames.com.ar\\\/pc-gamer\\\/wp-content\\\/uploads\\\/2025\\\/12\\\/Auricular-Inalambrico-NOGA-ST-3880.png\",\"datePublished\":\"2025-12-12T23:59:46+00:00\",\"dateModified\":\"2026-01-17T14:08:14+00:00\",\"breadcrumb\":{\"@id\":\"https:\\\/\\\/unitgames.com.ar\\\/pc-gamer\\\/producto\\\/auricular-inalambrico-noga-st-3880\\\/#breadcrumb\"},\"inLanguage\":\"es\",\"potentialAction\":[{\"@type\":\"ReadAction\",\"target\":[\"https:\\\/\\\/unitgames.com.ar\\\/pc-gamer\\\/producto\\\/auricular-inalambrico-noga-st-3880\\\/\"]}]},{\"@type\":\"ImageObject\",\"inLanguage\":\"es\",\"@id\":\"https:\\\/\\\/unitgames.com.ar\\\/pc-gamer\\\/producto\\\/auricular-inalambrico-noga-st-3880\\\/#primaryimage\",\"url\":\"https:\\\/\\\/unitgames.com.ar\\\/pc-gamer\\\/wp-content\\\/uploads\\\/2025\\\/12\\\/Auricular-Inalambrico-NOGA-ST-3880.png\",\"contentUrl\":\"https:\\\/\\\/unitgames.com.ar\\\/pc-gamer\\\/wp-content\\\/uploads\\\/2025\\\/12\\\/Auricular-Inalambrico-NOGA-ST-3880.png\",\"width\":1283,\"height\":1284},{\"@type\":\"BreadcrumbList\",\"@id\":\"https:\\\/\\\/unitgames.com.ar\\\/pc-gamer\\\/producto\\\/auricular-inalambrico-noga-st-3880\\\/#breadcrumb\",\"itemListElement\":[{\"@type\":\"ListItem\",\"position\":1,\"name\":\"Tienda\",\"item\":\"https:\\\/\\\/unitgames.com.ar\\\/pc-gamer\\\/tienda\\\/\"},{\"@type\":\"ListItem\",\"position\":2,\"name\":\"Auriculares Inalambrico NOGA ST-3880\"}]},{\"@type\":\"WebSite\",\"@id\":\"https:\\\/\\\/unitgames.com.ar\\\/pc-gamer\\\/#website\",\"url\":\"https:\\\/\\\/unitgames.com.ar\\\/pc-gamer\\\/\",\"name\":\"UnitGames\",\"description\":\"Venta de PC Gamers, Consolas , Servicio Tecnico Especializado. Todos en Accesorios Informaticos y Gamers\",\"publisher\":{\"@id\":\"https:\\\/\\\/unitgames.com.ar\\\/pc-gamer\\\/#organization\"},\"potentialAction\":[{\"@type\":\"SearchAction\",\"target\":{\"@type\":\"EntryPoint\",\"urlTemplate\":\"https:\\\/\\\/unitgames.com.ar\\\/pc-gamer\\\/?s={search_term_string}\"},\"query-input\":{\"@type\":\"PropertyValueSpecification\",\"valueRequired\":true,\"valueName\":\"search_term_string\"}}],\"inLanguage\":\"es\"},{\"@type\":\"Organization\",\"@id\":\"https:\\\/\\\/unitgames.com.ar\\\/pc-gamer\\\/#organization\",\"name\":\"UnitGames\",\"url\":\"https:\\\/\\\/unitgames.com.ar\\\/pc-gamer\\\/\",\"logo\":{\"@type\":\"ImageObject\",\"inLanguage\":\"es\",\"@id\":\"https:\\\/\\\/unitgames.com.ar\\\/pc-gamer\\\/#\\\/schema\\\/logo\\\/image\\\/\",\"url\":\"https:\\\/\\\/unitgames.com.ar\\\/pc-gamer\\\/wp-content\\\/uploads\\\/2021\\\/01\\\/cropped-logoUnitGames2.png\",\"contentUrl\":\"https:\\\/\\\/unitgames.com.ar\\\/pc-gamer\\\/wp-content\\\/uploads\\\/2021\\\/01\\\/cropped-logoUnitGames2.png\",\"width\":152,\"height\":200,\"caption\":\"UnitGames\"},\"image\":{\"@id\":\"https:\\\/\\\/unitgames.com.ar\\\/pc-gamer\\\/#\\\/schema\\\/logo\\\/image\\\/\"}}]}<\/script>\n<!-- \/ Yoast SEO plugin. -->","yoast_head_json":{"title":"Auriculares Inalambrico NOGA ST-3880 - UnitGames","robots":{"index":"index","follow":"follow","max-snippet":"max-snippet:-1","max-image-preview":"max-image-preview:large","max-video-preview":"max-video-preview:-1"},"canonical":"https:\/\/unitgames.com.ar\/pc-gamer\/producto\/auricular-inalambrico-noga-st-3880\/","og_locale":"es_ES","og_type":"article","og_title":"Auriculares Inalambrico NOGA ST-3880 - UnitGames","og_description":"Los Auriculares Inal\u00e1mbricos NOGA ST\u20113880 son vers\u00e1tiles y completos, pensados para ofrecer conectividad triple (Bluetooth, 2.4\u202fGHz y cable Plug 3.5\u202fmm) en un solo dispositivo. Perfectos para gaming en consolas, PC y para escuchar m\u00fasica o hacer llamadas en m\u00f3viles y tablets. \u00a0Especificaciones T\u00e9cnicas &nbsp; Marca: NOGAModelo: ST\u20113880Tipo: Auriculares inal\u00e1mbricos con m\u00faltiples modos de conexi\u00f3n Conectividad: Bluetooth para conexi\u00f3n r\u00e1pida con celulares, tablets y PC Wireless 2.4\u202fGHz mediante receptor USB incluido Cable Plug 3.5\u202fmm para conexi\u00f3n directa al joystick o salida de audio Drivers: parlantes din\u00e1micos de calidadMicr\u00f3fono: integrado para chat y llamadasCompatibilidad: PS4, PS5 y Xbox (conector 3.5\u202fmm en joystick) PC \/ Notebook Celulares y tabletsControles integrados: control de volumen y reproducci\u00f3n en el auricularBater\u00eda interna: recargable para uso prolongadoAlcance inal\u00e1mbrico: hasta ~10\u202fmDise\u00f1o: ergon\u00f3mico y confortable para sesiones largas \u00a0Caracter\u00edsticas destacadas &nbsp; Triple modo de conexi\u00f3n: Bluetooth + Wireless 2.4\u202fGHz + Cable Plug 3.5\u202fmm Compatibles con consolas (PS4, PS5, Xbox) mediante conexi\u00f3n directa Micr\u00f3fono integrado para chat en juegos y llamadas Dise\u00f1o c\u00f3modo y ligero, ideal para largas sesiones F\u00e1cil emparejamiento Bluetooth o uso Plug &amp; Play con receptor USB","og_url":"https:\/\/unitgames.com.ar\/pc-gamer\/producto\/auricular-inalambrico-noga-st-3880\/","og_site_name":"UnitGames","article_modified_time":"2026-01-17T14:08:14+00:00","og_image":[{"width":1283,"height":1284,"url":"https:\/\/unitgames.com.ar\/pc-gamer\/wp-content\/uploads\/2025\/12\/Auricular-Inalambrico-NOGA-ST-3880.png","type":"image\/png"}],"twitter_card":"summary_large_image","twitter_misc":{"Tiempo de lectura":"2 minutos"},"schema":{"@context":"https:\/\/schema.org","@graph":[{"@type":"WebPage","@id":"https:\/\/unitgames.com.ar\/pc-gamer\/producto\/auricular-inalambrico-noga-st-3880\/","url":"https:\/\/unitgames.com.ar\/pc-gamer\/producto\/auricular-inalambrico-noga-st-3880\/","name":"Auriculares Inalambrico NOGA ST-3880 - UnitGames","isPartOf":{"@id":"https:\/\/unitgames.com.ar\/pc-gamer\/#website"},"primaryImageOfPage":{"@id":"https:\/\/unitgames.com.ar\/pc-gamer\/producto\/auricular-inalambrico-noga-st-3880\/#primaryimage"},"image":{"@id":"https:\/\/unitgames.com.ar\/pc-gamer\/producto\/auricular-inalambrico-noga-st-3880\/#primaryimage"},"thumbnailUrl":"https:\/\/unitgames.com.ar\/pc-gamer\/wp-content\/uploads\/2025\/12\/Auricular-Inalambrico-NOGA-ST-3880.png","datePublished":"2025-12-12T23:59:46+00:00","dateModified":"2026-01-17T14:08:14+00:00","breadcrumb":{"@id":"https:\/\/unitgames.com.ar\/pc-gamer\/producto\/auricular-inalambrico-noga-st-3880\/#breadcrumb"},"inLanguage":"es","potentialAction":[{"@type":"ReadAction","target":["https:\/\/unitgames.com.ar\/pc-gamer\/producto\/auricular-inalambrico-noga-st-3880\/"]}]},{"@type":"ImageObject","inLanguage":"es","@id":"https:\/\/unitgames.com.ar\/pc-gamer\/producto\/auricular-inalambrico-noga-st-3880\/#primaryimage","url":"https:\/\/unitgames.com.ar\/pc-gamer\/wp-content\/uploads\/2025\/12\/Auricular-Inalambrico-NOGA-ST-3880.png","contentUrl":"https:\/\/unitgames.com.ar\/pc-gamer\/wp-content\/uploads\/2025\/12\/Auricular-Inalambrico-NOGA-ST-3880.png","width":1283,"height":1284},{"@type":"BreadcrumbList","@id":"https:\/\/unitgames.com.ar\/pc-gamer\/producto\/auricular-inalambrico-noga-st-3880\/#breadcrumb","itemListElement":[{"@type":"ListItem","position":1,"name":"Tienda","item":"https:\/\/unitgames.com.ar\/pc-gamer\/tienda\/"},{"@type":"ListItem","position":2,"name":"Auriculares Inalambrico NOGA ST-3880"}]},{"@type":"WebSite","@id":"https:\/\/unitgames.com.ar\/pc-gamer\/#website","url":"https:\/\/unitgames.com.ar\/pc-gamer\/","name":"UnitGames","description":"Venta de PC Gamers, Consolas , Servicio Tecnico Especializado. Todos en Accesorios Informaticos y Gamers","publisher":{"@id":"https:\/\/unitgames.com.ar\/pc-gamer\/#organization"},"potentialAction":[{"@type":"SearchAction","target":{"@type":"EntryPoint","urlTemplate":"https:\/\/unitgames.com.ar\/pc-gamer\/?s={search_term_string}"},"query-input":{"@type":"PropertyValueSpecification","valueRequired":true,"valueName":"search_term_string"}}],"inLanguage":"es"},{"@type":"Organization","@id":"https:\/\/unitgames.com.ar\/pc-gamer\/#organization","name":"UnitGames","url":"https:\/\/unitgames.com.ar\/pc-gamer\/","logo":{"@type":"ImageObject","inLanguage":"es","@id":"https:\/\/unitgames.com.ar\/pc-gamer\/#\/schema\/logo\/image\/","url":"https:\/\/unitgames.com.ar\/pc-gamer\/wp-content\/uploads\/2021\/01\/cropped-logoUnitGames2.png","contentUrl":"https:\/\/unitgames.com.ar\/pc-gamer\/wp-content\/uploads\/2021\/01\/cropped-logoUnitGames2.png","width":152,"height":200,"caption":"UnitGames"},"image":{"@id":"https:\/\/unitgames.com.ar\/pc-gamer\/#\/schema\/logo\/image\/"}}]}},"_links":{"self":[{"href":"https:\/\/unitgames.com.ar\/pc-gamer\/wp-json\/wp\/v2\/product\/18681","targetHints":{"allow":["GET"]}}],"collection":[{"href":"https:\/\/unitgames.com.ar\/pc-gamer\/wp-json\/wp\/v2\/product"}],"about":[{"href":"https:\/\/unitgames.com.ar\/pc-gamer\/wp-json\/wp\/v2\/types\/product"}],"version-history":[{"count":0,"href":"https:\/\/unitgames.com.ar\/pc-gamer\/wp-json\/wp\/v2\/product\/18681\/revisions"}],"wp:featuredmedia":[{"embeddable":true,"href":"https:\/\/unitgames.com.ar\/pc-gamer\/wp-json\/wp\/v2\/media\/18683"}],"wp:attachment":[{"href":"https:\/\/unitgames.com.ar\/pc-gamer\/wp-json\/wp\/v2\/media?parent=18681"}],"wp:term":[{"taxonomy":"product_brand","embeddable":true,"href":"https:\/\/unitgames.com.ar\/pc-gamer\/wp-json\/wp\/v2\/product_brand?post=18681"},{"taxonomy":"product_cat","embeddable":true,"href":"https:\/\/unitgames.com.ar\/pc-gamer\/wp-json\/wp\/v2\/product_cat?post=18681"},{"taxonomy":"product_tag","embeddable":true,"href":"https:\/\/unitgames.com.ar\/pc-gamer\/wp-json\/wp\/v2\/product_tag?post=18681"}],"curies":[{"name":"wp","href":"https:\/\/api.w.org\/{rel}","templated":true}]}}